{"id":2263,"date":"2020-11-08T15:04:14","date_gmt":"2020-11-08T13:04:14","guid":{"rendered":"https:\/\/edublog.educastur.es\/corredoria3\/?page_id=2263"},"modified":"2021-11-03T12:23:44","modified_gmt":"2021-11-03T10:23:44","slug":"sesion-05b","status":"publish","type":"page","link":"https:\/\/edublog.educastur.es\/corredoria3\/5o-pri\/cultura-asturiana\/primer-trimestre\/sesion-05b\/","title":{"rendered":"Sesi\u00f3n 05b"},"content":{"rendered":"<p><span style=\"font-size: 24pt;color: #008080\"><strong><em>Oficio: Madre\u00f1eru<\/em><\/strong><\/span><\/p>\n<ul>\n<li><a href=\"https:\/\/educastur-my.sharepoint.com\/:b:\/g\/personal\/isabellh_educastur_org\/EcUDakZxuG5FtDRtWxknxkoBbebewtFuJ4s9wIdb7N8czg?e=C6Vi0h\"><em><span style=\"font-size: 14pt\"><strong>Actividad de aula<\/strong>_castellano<\/span><\/em><\/a><\/li>\n<li><a href=\"https:\/\/educastur-my.sharepoint.com\/:b:\/g\/personal\/isabellh_educastur_org\/EdLO04S0KyBPkSJnJ50NiYEBsXSBAtPOav-gp-BNK4PbSw?e=RHP6dx\"><em><span style=\"font-size: 14pt\"><strong>Activid\u00e1 d&#8217;aula<\/strong>_asturiano<\/span><\/em><\/a><\/li>\n<\/ul>\n<hr \/>\n<p style=\"text-align: center\">\n<!-- iframe plugin v.6.0 wordpress.org\/plugins\/iframe\/ -->\n<iframe loading=\"lazy\" src=\"https:\/\/drive.google.com\/file\/d\/1jJg5T0i06d5NrHadnP7xLkf3TdTo406-\/preview\" width=\"640\" height=\"860\" allow=\"autoplay\" 0=\"\/iframe\" scrolling=\"yes\" class=\"iframe-class\" frameborder=\"0\"><\/iframe>\n<\/p>\n<p>&nbsp;<\/p>\n<p><a href=\"https:\/\/s3.productosdeasturias.com\/819-large_default\/madrena-nino.jpg\"><img loading=\"lazy\" decoding=\"async\" class=\"alignnone \" src=\"https:\/\/s3.productosdeasturias.com\/819-large_default\/madrena-nino.jpg\" width=\"279\" height=\"279\" \/><\/a> \u00a0 \/\u00a0\u00a0 \u00a0 <a href=\"https:\/\/cloud10.todocoleccion.online\/antiguedades\/tc\/2017\/01\/22\/19\/73573947.jpg\"><img loading=\"lazy\" decoding=\"async\" class=\"alignnone \" src=\"https:\/\/cloud10.todocoleccion.online\/antiguedades\/tc\/2017\/01\/22\/19\/73573947.jpg\" width=\"492\" height=\"277\" \/><\/a> \u00a0\u00a0 \/<\/p>\n<p>Zapatillas para usar con madre\u00f1as&#8230;<br \/>\n<a href=\"https:\/\/www.artesaniaasturiana.com\/udecontrol_datos\/objetos\/3797.jpg\"><img loading=\"lazy\" decoding=\"async\" class=\"alignnone \" src=\"https:\/\/www.artesaniaasturiana.com\/udecontrol_datos\/objetos\/3797.jpg\" width=\"276\" height=\"276\" \/><\/a> \u00a0\u00a0 \/\u00a0\u00a0 <a href=\"https:\/\/upload.wikimedia.org\/wikipedia\/commons\/9\/9c\/Albarcas_con_escarpines.jpg\"><img loading=\"lazy\" decoding=\"async\" class=\"alignnone \" src=\"https:\/\/upload.wikimedia.org\/wikipedia\/commons\/9\/9c\/Albarcas_con_escarpines.jpg\" width=\"393\" height=\"283\" \/>con escarpines<\/a><\/p>\n<p>&nbsp;<\/p>\n<p><a href=\"https:\/\/1.bp.blogspot.com\/_hksw1LapDgU\/SVzPy1Jz7kI\/AAAAAAAADeY\/OEfNL23nmBM\/s400\/madre%C3%B1es1.jpg\"><img loading=\"lazy\" decoding=\"async\" class=\"alignnone \" src=\"https:\/\/1.bp.blogspot.com\/_hksw1LapDgU\/SVzPy1Jz7kI\/AAAAAAAADeY\/OEfNL23nmBM\/s400\/madre%C3%B1es1.jpg\" width=\"270\" height=\"231\" \/><\/a>\u00a0\/\u00a0 <a href=\"https:\/\/encrypted-tbn0.gstatic.com\/images?q=tbn%3AANd9GcTsdibbc-K2zXivdQmojpr0D0P60edImfPcPA&amp;usqp=CAU\"><img loading=\"lazy\" decoding=\"async\" class=\"alignnone \" src=\"https:\/\/encrypted-tbn0.gstatic.com\/images?q=tbn%3AANd9GcTsdibbc-K2zXivdQmojpr0D0P60edImfPcPA&amp;usqp=CAU\" width=\"300\" height=\"138\" \/><\/a><\/p>\n<p>Otros dise\u00f1os m\u00e1s modernos&#8230;<\/p>\n<p><a href=\"https:\/\/i.pinimg.com\/originals\/51\/55\/70\/515570da0b98394449021734f63780a6.jpg\"><img loading=\"lazy\" decoding=\"async\" class=\"alignnone \" src=\"https:\/\/i.pinimg.com\/originals\/51\/55\/70\/515570da0b98394449021734f63780a6.jpg\" width=\"274\" height=\"219\" \/><\/a> \u00a0 \/\u00a0\u00a0 <a href=\"https:\/\/www.lne.es\/aviles\/2014\/05\/25\/disenador-avilesino-realiza-cartel-ascension-20028697.html\"><img loading=\"lazy\" decoding=\"async\" class=\"alignnone \" src=\"https:\/\/estaticos-cdn.prensaiberica.es\/clip\/5655d96d-5ef4-4653-880a-c486cc94c7bc_16-9-aspect-ratio_default_0.jpg\" width=\"313\" height=\"176\" \/><\/a>\u00a0\u00a0 \/<\/p>\n<p style=\"text-align: center\"><em><span style=\"font-size: 14pt\">Madre\u00f1as en diferentes fases de fabricaci\u00f3n<\/span><\/em><\/p>\n<p><a href=\"https:\/\/www.opodo.co.uk\/blog\/wp-content\/uploads\/sites\/12\/2013\/08\/klompen-learningtour.jpg\"><img loading=\"lazy\" decoding=\"async\" class=\"alignnone\" src=\"https:\/\/www.opodo.co.uk\/blog\/wp-content\/uploads\/sites\/12\/2013\/08\/klompen-learningtour.jpg\" alt=\"\" width=\"275\" height=\"183\" \/><\/a> \/<a href=\"https:\/\/upload.wikimedia.org\/wikipedia\/commons\/4\/4e\/Madre%C3%B1as%2C_en_diferentes_fases_de_fabricaci%C3%B3n%2C_Museo_Etnogr%C3%A1fico_del_Oriente_de_Asturias.jpg\"><img loading=\"lazy\" decoding=\"async\" class=\"alignnone\" src=\"https:\/\/upload.wikimedia.org\/wikipedia\/commons\/4\/4e\/Madre%C3%B1as%2C_en_diferentes_fases_de_fabricaci%C3%B3n%2C_Museo_Etnogr%C3%A1fico_del_Oriente_de_Asturias.jpg\" alt=\"\" width=\"275\" height=\"183\" \/><\/a><\/p>\n<p><em><strong>TIPOS DE MADERA PARA HACER MADRE\u00d1AS: Las maderas m\u00e1s empleadas eran las de abedul (bidul), haya (faya), aliso (umeru), nogal (nozal) y casta\u00f1o (casta\u00f1al).<\/strong><\/em><\/p>\n<ul>\n<li><a href=\"https:\/\/www.rtve.es\/alacarta\/videos\/espana-directo\/madrenas-calzado-tradicional-asturias\/5412312\/\"><em><span style=\"font-size: 18pt\">Video Espa\u00f1a Directo: <strong>Madre\u00f1as, el calzado tradicional de Asturias<\/strong><\/span><\/em><\/a><\/li>\n<\/ul>\n<p style=\"text-align: center\">\n<!-- iframe plugin v.6.0 wordpress.org\/plugins\/iframe\/ -->\n<iframe loading=\"lazy\" src=\"https:\/\/secure-embed.rtve.es\/drmn\/embed\/video\/5412312\" 0=\"\/iframe\" width=\"100%\" height=\"500\" scrolling=\"yes\" class=\"iframe-class\" frameborder=\"0\"><\/iframe>\n<\/p>\n<p style=\"text-align: center\"><em><span style=\"font-size: 14pt;color: #008080\"><strong><span style=\"color: #ff0000\">\u00a0Falta escanear e incluir aqui unas im\u00e1genes de un libro que est\u00e1 en clase:<\/span><br \/>\n<\/strong><\/span><\/em><\/p>\n<p>&nbsp;<\/p>\n<p><a href=\"https:\/\/www.artesaniaasturiana.com\/udecontrol_datos\/FileManager\/1388517002.jpg\"><img loading=\"lazy\" decoding=\"async\" class=\"alignnone \" src=\"https:\/\/www.artesaniaasturiana.com\/udecontrol_datos\/FileManager\/1388517002.jpg\" width=\"729\" height=\"243\" \/><\/a><\/p>\n<p><a href=\"https:\/\/www.artesaniaasturiana.com\/udecontrol_datos\/FileManager\/1388455570.jpg\"><img loading=\"lazy\" decoding=\"async\" class=\"alignnone size-full\" src=\"https:\/\/www.artesaniaasturiana.com\/udecontrol_datos\/FileManager\/1388455570.jpg\" width=\"600\" height=\"200\" \/><\/a><\/p>\n<p><a href=\"https:\/\/guias-viajar.com\/wp-content\/uploads\/2011\/09\/fotos-asturias-valle-nalon-taller-madre%C3%B1as-pendones-001.jpg\"><img loading=\"lazy\" decoding=\"async\" class=\"alignnone size-full\" src=\"https:\/\/guias-viajar.com\/wp-content\/uploads\/2011\/09\/fotos-asturias-valle-nalon-taller-madre%C3%B1as-pendones-001.jpg\" width=\"900\" height=\"668\" \/><\/a><\/p>\n<p><a href=\"https:\/\/pbs.twimg.com\/media\/EgujALZXsAA9FHY.jpg\"><img loading=\"lazy\" decoding=\"async\" class=\"alignnone \" src=\"https:\/\/pbs.twimg.com\/media\/EgujALZXsAA9FHY.jpg\" width=\"898\" height=\"599\" \/><\/a><\/p>\n<ul>\n<li><a href=\"https:\/\/www.elcomercio.es\/oviedo\/ultimas-madrenas-oviedo-20180219112714-nt.html\"><em>Art\u00edculo: <strong>\u00abLas \u00faltimas madre\u00f1as de Oviedo\u00bb<\/strong><\/em><\/a><\/li>\n<\/ul>\n<p><a href=\"https:\/\/static3.elcomercio.es\/www\/multimedia\/201802\/19\/media\/cortadas\/madrenas-oviedo-ktWB-U501009596173I0B-624x385@El%20Comercio.jpg\"><img loading=\"lazy\" decoding=\"async\" class=\"alignnone size-full\" src=\"https:\/\/static3.elcomercio.es\/www\/multimedia\/201802\/19\/media\/cortadas\/madrenas-oviedo-ktWB-U501009596173I0B-624x385@El%20Comercio.jpg\" width=\"624\" height=\"385\" \/><\/a><\/p>\n<p><span style=\"font-size: 14pt\"><em>Los tiempos han cambiado desde los a\u00f1os 60 y 70 en Oviedo cuando lleg\u00f3 a haber m\u00e1s de seis artesanos en la ciudad: \u00abSe vende, hay demanda, depende mucho del invierno\u00bb. Cuenta de \u00e9ste, que el mal tiempo ayuda a sacar el producto adelante.<span style=\"color: #008080\"><strong> \u00abLa gente que tiene huerta y vacas, que va a ir al campo, va en madre\u00f1as porque es el calzado para estar c\u00f3modo trabajando y llegar a casa en zapatillas. Si vas con botas no es lo mismo, te las tienes que quitar\u00bb,<\/strong><\/span> explica de los usos tradicionales que hasta ahora perviven. <\/em><em>O sobreviven. Sobre las repisas del taller descansan las herramientas de pulir y tallar. \u00abYa no hay ferreros. Antes en cada pueblo hab\u00eda un madre\u00f1ero, un ferrero, un cestero. Ahora para que te hagan una herramienta tienes que dar con un ferrero, que los hay, y quiera hacer lo que necesitas\u00bb, a\u00f1ade.<\/em><\/span><\/p>\n<p style=\"text-align: left\"><span style=\"font-size: 14pt\"><em>Por eso, <strong>la producci\u00f3n, desde hace a\u00f1os, cuando se trasladaron hasta el taller actual en avenida de Las Segadas, viene de afuera<\/strong>. De una f\u00e1brica donde la madera se talla con molde de metal.<span style=\"color: #008080\"><strong> \u00abAqu\u00ed las terminamos, las pulimos, pintamos y barnizamos, pero no podemos hacer todo el proceso de manera artesanal\u00bb<\/strong><\/span>, explica el madre\u00f1ero. \u00abPrimero, porque la producci\u00f3n se resentir\u00eda y segundo porque el precio se disparar\u00eda\u00bb, a\u00f1ade. Aun con todo, \u00abhay que retocarles la boca porque una madre\u00f1a que est\u00e9 bien hecha se nota en el pie, tiene que ser c\u00f3moda porque es un calzado para trabajar\u00bb. <\/em><\/span><em><span style=\"font-size: 14pt\">Todos los jueves acercan el producto al Font\u00e1n y los domingos al mercado de Mieres. Tambi\u00e9n se acercan a los mercados de ganado importantes donde saben que una buena madre\u00f1a se aprecia. <\/span><a href=\"https:\/\/www.rtpa.es\/noticias-sociedad:El-Fontan-de-Oviedo-se-queda-sin-madre%C3%83%C2%B1eros-al-morir-el-ultimo-artesano-que-acudia-a-vender-cada-jueves_111575274852.html\"><span style=\"font-size: 14pt\"><strong>Fidel muri\u00f3 en diciembre 2019.<\/strong><\/span><\/a> <\/em><\/p>\n<p><a href=\"https:\/\/www.rtpa.es\/fotos\/\/19\/12\/20191202090822_20191202madrenero.jpg\"><img loading=\"lazy\" decoding=\"async\" class=\"alignnone size-full\" src=\"https:\/\/www.rtpa.es\/fotos\/\/19\/12\/20191202090822_20191202madrenero.jpg\" width=\"853\" height=\"480\" \/><\/a><\/p>\n","protected":false},"excerpt":{"rendered":"<p>Oficio: Madre\u00f1eru Actividad de aula_castellano Activid\u00e1 d&#8217;aula_asturiano &nbsp; \u00a0 \/\u00a0\u00a0 \u00a0 \u00a0\u00a0 \/ Zapatillas para usar con madre\u00f1as&#8230; \u00a0\u00a0 \/\u00a0\u00a0 con escarpines &nbsp; \u00a0\/\u00a0 Otros dise\u00f1os m\u00e1s modernos&#8230; \u00a0 \/\u00a0\u00a0 \u00a0\u00a0 \/ Madre\u00f1as en diferentes fases de fabricaci\u00f3n \/ TIPOS DE MADERA PARA HACER MADRE\u00d1AS: Las maderas m\u00e1s empleadas eran las de abedul (bidul), haya [&hellip;]<\/p>\n","protected":false},"author":117,"featured_media":0,"parent":1437,"menu_order":0,"comment_status":"closed","ping_status":"closed","template":"","meta":{"footnotes":""},"class_list":["post-2263","page","type-page","status-publish","hentry","post-preview"],"_links":{"self":[{"href":"https:\/\/edublog.educastur.es\/corredoria3\/wp-json\/wp\/v2\/pages\/2263","targetHints":{"allow":["GET"]}}],"collection":[{"href":"https:\/\/edublog.educastur.es\/corredoria3\/wp-json\/wp\/v2\/pages"}],"about":[{"href":"https:\/\/edublog.educastur.es\/corredoria3\/wp-json\/wp\/v2\/types\/page"}],"author":[{"embeddable":true,"href":"https:\/\/edublog.educastur.es\/corredoria3\/wp-json\/wp\/v2\/users\/117"}],"replies":[{"embeddable":true,"href":"https:\/\/edublog.educastur.es\/corredoria3\/wp-json\/wp\/v2\/comments?post=2263"}],"version-history":[{"count":20,"href":"https:\/\/edublog.educastur.es\/corredoria3\/wp-json\/wp\/v2\/pages\/2263\/revisions"}],"predecessor-version":[{"id":5058,"href":"https:\/\/edublog.educastur.es\/corredoria3\/wp-json\/wp\/v2\/pages\/2263\/revisions\/5058"}],"up":[{"embeddable":true,"href":"https:\/\/edublog.educastur.es\/corredoria3\/wp-json\/wp\/v2\/pages\/1437"}],"wp:attachment":[{"href":"https:\/\/edublog.educastur.es\/corredoria3\/wp-json\/wp\/v2\/media?parent=2263"}],"curies":[{"name":"wp","href":"https:\/\/api.w.org\/{rel}","templated":true}]}}