{"id":2501,"date":"2020-12-27T18:10:36","date_gmt":"2020-12-27T16:10:36","guid":{"rendered":"https:\/\/edublog.educastur.es\/corredoria3\/?page_id=2501"},"modified":"2021-02-15T18:19:05","modified_gmt":"2021-02-15T16:19:05","slug":"sesion-04","status":"publish","type":"page","link":"https:\/\/edublog.educastur.es\/corredoria3\/4o-pri\/cultura-asturiana\/segundo-trimestre\/sesion-04\/","title":{"rendered":"Sesi\u00f3n 04"},"content":{"rendered":"<p style=\"text-align: center\"><span style=\"color: #008080;font-size: 24pt\"><strong><em>Asturias y sus concejos<\/em><\/strong><\/span><\/p>\n<ul>\n<li><a href=\"https:\/\/educastur-my.sharepoint.com\/:b:\/g\/personal\/isabellh_educastur_org\/Ec6XqoeNb0NIlha-qU14oTgBMp-gSeOck5Y5UN7Mw8TR1g?e=sSSp0U\"><em><span style=\"font-size: 14pt\">Actividad en castell\u00e1n<\/span><\/em><\/a><\/li>\n<li><a href=\"https:\/\/educastur-my.sharepoint.com\/:b:\/g\/personal\/isabellh_educastur_org\/Eak6LqQ3ORFBuJ6rEMJBEg8Bkkww2lt5TskFzZ5Jj9Xmog?e=OaGB9Y\"><em><span style=\"font-size: 14pt\">Activid\u00e1 n\u00b4asturianu<\/span><\/em><\/a><\/li>\n<\/ul>\n<hr \/>\n<p style=\"text-align: center\"><a href=\"http:\/\/3.bp.blogspot.com\/-mI9JcmiCZfY\/Vi_BFqBWJEI\/AAAAAAAAOvc\/0C1KKtj0sZg\/s1600\/concejos-asturianos.jpg\"><img loading=\"lazy\" decoding=\"async\" class=\"alignnone\" src=\"http:\/\/3.bp.blogspot.com\/-mI9JcmiCZfY\/Vi_BFqBWJEI\/AAAAAAAAOvc\/0C1KKtj0sZg\/s1600\/concejos-asturianos.jpg\" alt=\"\" width=\"1600\" height=\"744\" \/><\/a><\/p>\n<p style=\"text-align: center\"><a href=\"http:\/\/www.actiweb.es\/jenaroarturosuarezprendes\/imagen60.jpg?1408281113\"><img loading=\"lazy\" decoding=\"async\" class=\"alignnone\" src=\"http:\/\/www.actiweb.es\/jenaroarturosuarezprendes\/imagen60.jpg?1408281113\" alt=\"\" width=\"1200\" height=\"486\" \/><\/a><\/p>\n<ul>\n<li><a href=\"http:\/\/www.actiweb.es\/jenaroarturosuarezprendes\/concejosdeasturias.html\">WEB DE CONCEJOS<\/a><\/li>\n<\/ul>\n<p><a href=\"https:\/\/upload.wikimedia.org\/wikipedia\/commons\/thumb\/8\/86\/Mapa_comarcal_d%27Ast%C3%BAries.svg\/1920px-Mapa_comarcal_d%27Ast%C3%BAries.svg.png\"><img loading=\"lazy\" decoding=\"async\" class=\"alignnone\" src=\"https:\/\/upload.wikimedia.org\/wikipedia\/commons\/thumb\/8\/86\/Mapa_comarcal_d%27Ast%C3%BAries.svg\/1920px-Mapa_comarcal_d%27Ast%C3%BAries.svg.png\" alt=\"\" width=\"1920\" height=\"769\" \/><\/a><\/p>\n<p><span style=\"color: #008080;font-size: 18pt\"><strong>CIUDADES, PUEBLOS Y ALDEAS<\/strong><\/span><\/p>\n<p><span style=\"font-size: 14pt\">En los concejos podemos encontrar tres tipos de localidades.<\/span><\/p>\n<ul>\n<li><span style=\"font-size: 14pt\">Las <strong>ciudades:<\/strong> son n\u00facleos de poblaci\u00f3n grandes, con muchos habitantes y servicios (centros comerciales, museos, teatros, hospitales, universidades\u2026)<\/span><\/li>\n<li><span style=\"font-size: 14pt\">Las <strong>aldeas:<\/strong> son localidades peque\u00f1as, de menos de 1000 habitantes y normalmente rurales.<\/span><\/li>\n<li><span style=\"font-size: 14pt\">Los <strong>pueblos:<\/strong> son localidades intermedias, m\u00e1s grandes que las aldeas y m\u00e1s peque\u00f1as que las ciudades. Sus vecinos viven del campo, la artesan\u00eda, peque\u00f1as industrias\u2026<\/span><\/li>\n<\/ul>\n<hr \/>\n<p style=\"text-align: center\">\u00a0 <a href=\"https:\/\/www.cambioeurodolar.com\/wp-content\/uploads\/2013\/08\/Asturias.jpg\"><img loading=\"lazy\" decoding=\"async\" class=\"alignnone\" src=\"https:\/\/www.cambioeurodolar.com\/wp-content\/uploads\/2013\/08\/Asturias.jpg\" alt=\"\" width=\"356\" height=\"186\" \/><\/a><\/p>\n<ol>\n<li><span style=\"color: #008080;font-size: 14pt\"><strong>CIUDADES DE ASTURIAS:<\/strong><\/span><\/li>\n<\/ol>\n<p>En Asturias hay tres ciudades. Oviedo, Gij\u00f3n y Avil\u00e9s.<\/p>\n<p style=\"text-align: center\"><a href=\"https:\/\/apartamentosargame.com\/wp-content\/uploads\/2018\/04\/oviedo.jpg\"><img loading=\"lazy\" decoding=\"async\" class=\"alignnone\" src=\"https:\/\/apartamentosargame.com\/wp-content\/uploads\/2018\/04\/oviedo.jpg\" alt=\"\" width=\"1500\" height=\"996\" \/><\/a><\/p>\n<p><strong>Oviedo <\/strong>es la capital del Principado de Asturias. Es una ciudad muy antigua con importantes monumentos como la<a href=\"https:\/\/catedraldeoviedo.com\/\"><strong> Catedral de San Salvador<\/strong><\/a>, <a href=\"https:\/\/www.turismoasturias.es\/descubre\/cultura\/prerromanico\/santa-maria-del-naranco\"><strong>Santa Mar\u00eda del Naranco<\/strong><\/a> o <a href=\"https:\/\/www.turismoasturias.es\/descubre\/cultura\/prerromanico\/iglesia-de-san-miguel-de-lillo\"><strong>San Miguel de Lillo<\/strong><\/a>. Es una ciudad con mucho movimiento cultural y en ella se entregan los Premios Princesa de Asturias y est\u00e1 el principal campus universitario.<\/p>\n<p><a href=\"https:\/\/www.youtube.com\/watch?v=cZ-EeLioqm4\">\u201cOviedo, la ciudad despierta\u201d &#8211; YouTube<\/a><\/p>\n<p style=\"text-align: center\">\n<!-- iframe plugin v.6.0 wordpress.org\/plugins\/iframe\/ -->\n<iframe loading=\"lazy\" width=\"647\" height=\"364\" src=\"https:\/\/www.youtube.com\/embed\/cZ-EeLioqm4\" scrolling=\"yes\" class=\"iframe-class\" frameborder=\"0\"><\/iframe>\n<\/p>\n<ul>\n<li><a href=\"https:\/\/www.oviedo.es\/\"><strong><em>AYTO. DE OVIEDO<\/em><\/strong><\/a><\/li>\n<li><img loading=\"lazy\" decoding=\"async\" class=\"alignnone \" src=\"https:\/\/www.oviedo.es\/image\/layout_set_logo?img_id=180508&amp;t=1612175367421\" width=\"220\" height=\"46\" \/><\/li>\n<\/ul>\n<p style=\"text-align: center\"><a href=\"https:\/\/www.centroniemeyer.es\/wp-content\/uploads\/2020\/05\/Credit-Turismo-de-Asturias-3-1024x427.jpg\"><img loading=\"lazy\" decoding=\"async\" class=\"alignnone\" src=\"https:\/\/www.centroniemeyer.es\/wp-content\/uploads\/2020\/05\/Credit-Turismo-de-Asturias-3-1024x427.jpg\" alt=\"\" width=\"1024\" height=\"427\" \/><\/a><\/p>\n<p><strong>Avil\u00e9s <\/strong>es una ciudad costera, industrial y comercial. Est\u00e1 situada en la r\u00eda de Avil\u00e9s. Tiene un casco antiguo muy bien conservado y posee una zona moderna interesante en la que destaca el <a href=\"https:\/\/www.centroniemeyer.es\/\"><strong>Centro Cultural Internacional Niemeyer.<\/strong><\/a><\/p>\n<p><a href=\"https:\/\/www.youtube.com\/watch?v=BZ-SYMedCmc\">Qu\u00e9 ver en Avil\u00e9s (Asturias) en 1 d\u00edas | Fun Travel Ven &#8211; YouTube<\/a><\/p>\n<p style=\"text-align: center\">\n<!-- iframe plugin v.6.0 wordpress.org\/plugins\/iframe\/ -->\n<iframe loading=\"lazy\" width=\"647\" height=\"364\" src=\"https:\/\/www.youtube.com\/embed\/BZ-SYMedCmc\" scrolling=\"yes\" class=\"iframe-class\" frameborder=\"0\"><\/iframe>\n<\/p>\n<ul>\n<li><a href=\"http:\/\/aviles.es\/\"><em><strong>AYTO DE AVIL\u00c9S<\/strong><\/em><\/a><\/li>\n<li><img loading=\"lazy\" decoding=\"async\" class=\"alignnone size-full\" src=\"http:\/\/aviles.es\/image\/layout_set_logo?img_id=19627&amp;t=1609765212502\" width=\"230\" height=\"94\" \/><\/li>\n<\/ul>\n<p style=\"text-align: center\"><a href=\"https:\/\/i.pinimg.com\/originals\/cf\/e8\/f3\/cfe8f3de9b9c6ade15e9a2d37f82173a.jpg\"><img loading=\"lazy\" decoding=\"async\" class=\"alignnone\" src=\"https:\/\/i.pinimg.com\/originals\/cf\/e8\/f3\/cfe8f3de9b9c6ade15e9a2d37f82173a.jpg\" alt=\"\" width=\"582\" height=\"593\" \/><\/a><\/p>\n<p><strong>Gij\u00f3n<\/strong> es una ciudad costera con mucha actividad portuaria tanto portuaria pesquera como industrial. Tiene adem\u00e1s una <a href=\"https:\/\/www.turismoasturias.es\/descubre\/costa\/playas\/playa-de-san-lorenzo\"><strong>playa urbana llamada San Lorenzo<\/strong><\/a> y muchos espacios verdes, como el <a href=\"https:\/\/www.turismoasturias.es\/descubre\/cultura\/museos-y-espacios-culturales\/otros-espacios\/jardin-botanico-atlantico\"><strong>Jard\u00edn Bot\u00e1nico Atl\u00e1ntico<\/strong><\/a>.<a href=\"https:\/\/www.gijon.es\/es\/directorio\/jardin-botanico-atlantico-de-gijon\"><strong>WEB<\/strong><\/a><\/p>\n<p>El <a href=\"http:\/\/www.laboralciudaddelacultura.com\/\"><strong>Centro Cultural Laboral Ciudad de la Cultura<\/strong><\/a> alberga instituciones de arte, m\u00fasica y estudios superiores.<\/p>\n<p style=\"text-align: center\"><a href=\"https:\/\/cadenaser.com\/ser\/imagenes\/2020\/02\/11\/ser_gijon\/1581441250_622708_1581441481_miniatura_normal.jpg\"><img loading=\"lazy\" decoding=\"async\" class=\"alignnone\" src=\"https:\/\/cadenaser.com\/ser\/imagenes\/2020\/02\/11\/ser_gijon\/1581441250_622708_1581441481_miniatura_normal.jpg\" alt=\"\" width=\"1080\" height=\"607\" \/><\/a><\/p>\n<p><a href=\"https:\/\/www.youtube.com\/watch?v=BRglcg1XrF8\">Que\u0301 ver en Gijo\u0301n ?? | 10 Lugares imprescindibles &#8211; YouTube<\/a><\/p>\n<p style=\"text-align: center\">\n<!-- iframe plugin v.6.0 wordpress.org\/plugins\/iframe\/ -->\n<iframe loading=\"lazy\" width=\"647\" height=\"364\" src=\"https:\/\/www.youtube.com\/embed\/BRglcg1XrF8\" scrolling=\"yes\" class=\"iframe-class\" frameborder=\"0\"><\/iframe>\n<\/p>\n<p>&nbsp;<\/p>\n<ul>\n<li><a href=\"https:\/\/www.gijon.es\/es\"><em><strong>AYTO. DE GIJ\u00d3N<\/strong><\/em><\/a><\/li>\n<li><img loading=\"lazy\" decoding=\"async\" class=\"alignnone \" src=\"https:\/\/www.gijon.es\/assets\/images\/ribbon.png\" width=\"140\" height=\"82\" \/><\/li>\n<\/ul>\n<hr \/>\n<ol start=\"2\">\n<li><span style=\"font-size: 14pt;color: #008080\"><strong>PUEBLOS DE ASTURIAS:<\/strong><\/span><\/li>\n<\/ol>\n<p><strong>En Asturias hay pueblos muy bonitos tanto en la costa como en el interior como en la monta\u00f1a.<\/strong><\/p>\n<p>Algunos de ellos son muy visitados ,como por ejemplo.<\/p>\n<p style=\"text-align: center\"><a href=\"https:\/\/www.ayto-cnarcea.es\/image\/journal\/article?img_id=1571058&amp;t=1405318556977\"><img loading=\"lazy\" decoding=\"async\" class=\"alignnone\" src=\"https:\/\/www.ayto-cnarcea.es\/image\/journal\/article?img_id=1571058&amp;t=1405318556977\" alt=\"\" width=\"1440\" height=\"539\" \/><\/a><\/p>\n<ul>\n<li><strong>Cangas del Narcea<\/strong>, por sus monumentos, sus bosques y la famosa fiesta de la Descarga del Carmen. <a href=\"https:\/\/www.ayto-cnarcea.es\/\"><em>AYUNTAMIENTO<\/em><\/a> (<a href=\"https:\/\/www.youtube.com\/watch?v=Vjr1h6Mafvo\">LA DESCARGA DE CANGAS DEL NARCEA 2019 &#8211; YouTube<\/a>)<\/li>\n<\/ul>\n<p style=\"text-align: center\">\n<!-- iframe plugin v.6.0 wordpress.org\/plugins\/iframe\/ -->\n<iframe loading=\"lazy\" width=\"647\" height=\"364\" src=\"https:\/\/www.youtube.com\/embed\/Vjr1h6Mafvo\" scrolling=\"yes\" class=\"iframe-class\" frameborder=\"0\"><\/iframe>\n<\/p>\n<p style=\"text-align: center\"><img loading=\"lazy\" decoding=\"async\" class=\"alignnone size-full\" src=\"https:\/\/okdiario.com\/img\/2018\/01\/19\/cangas-onis-06.jpg\" width=\"1200\" height=\"675\" \/><\/p>\n<ul>\n<li><a href=\"https:\/\/www.cangasdeonis.es\/\"><strong>Cangas de On\u00eds<\/strong><\/a>, con su famoso puente romano.<\/li>\n<li>Ribadesella, Villaviciosa y Llanes, famosos por sus playas.<\/li>\n<li>Luarca, Cudillero y Tapia, con unos puertos muy bonitos.<\/li>\n<li><a href=\"https:\/\/edublog.educastur.es\/corredoria3\/6o-pri\/cultura-asturiana\/segundo-trimestre\/sesion-03\/\">ver SESI\u00d3N VILLAS 6\u00ba<\/a><\/li>\n<li><a href=\"https:\/\/edublog.educastur.es\/corredoria3\/6o-pri\/cultura-asturiana\/1otrimestre\/sesion-02\/\">ver SESI\u00d3N OVIEDO, GIJON, AVIL\u00c9S 6\u00ba<\/a><\/li>\n<\/ul>\n<hr \/>\n<ol start=\"3\">\n<li><span style=\"font-size: 14pt;color: #008080\"><strong>ALDEAS DE ASTURIAS<\/strong><\/span><\/li>\n<\/ol>\n<p><strong>En Asturias tambi\u00e9n tenemos localidades peque\u00f1as muy visitadas.<\/strong> En la monta\u00f1a occidental destacan por su artesan\u00eda <a href=\"https:\/\/www.turismoasturias.es\/blog\/-\/blogs\/las-10-mejores-cosas-que-ver-y-hacer-en-los-oscos\">Los Oscos<\/a> o <a href=\"https:\/\/www.taramundi.es\/\">Taramundi<\/a>.<\/p>\n<p>En la monta\u00f1a oriental hay lugares muy conocidos como<a href=\"https:\/\/www.turismoasturias.es\/documents\/11022\/2777008\/home.jpg\"> Covadonga<\/a>, por su santuario y<a href=\"https:\/\/upload.wikimedia.org\/wikipedia\/commons\/4\/4f\/Covadonga_-_Lago_Enol_10.jpg\"> sus lagos<\/a>, <a href=\"https:\/\/tierrasinlimites.com\/wp-content\/uploads\/naranjo-50.jpg\">Bulnes<\/a>, por sus cumbres o <a href=\"https:\/\/queverenasturias.es\/visitar\/espinareu-espinaredo\/\">Espinar\u00e9u<\/a>, por sus h\u00f3rreos, paneras y caballos asturcones.<\/p>\n<p style=\"text-align: center\"><a href=\"https:\/\/www.hayquever.com\/documentos\/fichas\/fotos\/1944.jpg\"><img loading=\"lazy\" decoding=\"async\" class=\"alignnone\" src=\"https:\/\/www.hayquever.com\/documentos\/fichas\/fotos\/1944.jpg\" alt=\"\" width=\"1008\" height=\"567\" \/><\/a><\/p>\n<p><span style=\"font-size: 14pt;color: #008080\"><strong>\u00bfSAB\u00cdAS QUE\u2026?<\/strong><\/span><\/p>\n<p>Los primeros pobladores de Asturias viv\u00edan en la zona costera porque en el interior hac\u00eda mucho fr\u00edo. Eran grupos poco numerosos de cazadores, pescadores y recolectores, y se refugiaban en cuevas. En ellas realizaban pinturas de animales, seres humanos, s\u00edmbolos\u2026 Este arte se conoce como arte rupestre.<\/p>\n<p style=\"text-align: center\"><a href=\"http:\/\/www.centrotitobustillo.com\/uploads\/fotos\/PRINCIPAL.jpg\"><img loading=\"lazy\" decoding=\"async\" class=\"alignnone\" src=\"http:\/\/www.centrotitobustillo.com\/uploads\/fotos\/PRINCIPAL.jpg\" alt=\"\" width=\"717\" height=\"368\" \/><\/a><\/p>\n<p>En la <a href=\"https:\/\/www.youtube.com\/watch?v=OzAYc6FVPk8&amp;feature=youtu.be\"><strong>cueva de Tito Bustillo<\/strong><\/a>, en Ribadesella, se encuentran unas pinturas consideradas Patrimonio de la Humanidad. <a href=\"http:\/\/www.centrotitobustillo.com\/\">WEB<\/a><\/p>\n<p style=\"text-align: center\">\n<!-- iframe plugin v.6.0 wordpress.org\/plugins\/iframe\/ -->\n<iframe loading=\"lazy\" width=\"647\" height=\"364\" src=\"https:\/\/www.youtube.com\/embed\/OzAYc6FVPk8\" scrolling=\"yes\" class=\"iframe-class\" frameborder=\"0\"><\/iframe>\n<\/p>\n","protected":false},"excerpt":{"rendered":"<p>Asturias y sus concejos Actividad en castell\u00e1n Activid\u00e1 n\u00b4asturianu WEB DE CONCEJOS CIUDADES, PUEBLOS Y ALDEAS En los concejos podemos encontrar tres tipos de localidades. Las ciudades: son n\u00facleos de poblaci\u00f3n grandes, con muchos habitantes y servicios (centros comerciales, museos, teatros, hospitales, universidades\u2026) Las aldeas: son localidades peque\u00f1as, de menos de 1000 habitantes y normalmente [&hellip;]<\/p>\n","protected":false},"author":117,"featured_media":0,"parent":2493,"menu_order":0,"comment_status":"closed","ping_status":"closed","template":"","meta":{"footnotes":""},"class_list":["post-2501","page","type-page","status-publish","hentry","post-preview"],"_links":{"self":[{"href":"https:\/\/edublog.educastur.es\/corredoria3\/wp-json\/wp\/v2\/pages\/2501","targetHints":{"allow":["GET"]}}],"collection":[{"href":"https:\/\/edublog.educastur.es\/corredoria3\/wp-json\/wp\/v2\/pages"}],"about":[{"href":"https:\/\/edublog.educastur.es\/corredoria3\/wp-json\/wp\/v2\/types\/page"}],"author":[{"embeddable":true,"href":"https:\/\/edublog.educastur.es\/corredoria3\/wp-json\/wp\/v2\/users\/117"}],"replies":[{"embeddable":true,"href":"https:\/\/edublog.educastur.es\/corredoria3\/wp-json\/wp\/v2\/comments?post=2501"}],"version-history":[{"count":9,"href":"https:\/\/edublog.educastur.es\/corredoria3\/wp-json\/wp\/v2\/pages\/2501\/revisions"}],"predecessor-version":[{"id":3077,"href":"https:\/\/edublog.educastur.es\/corredoria3\/wp-json\/wp\/v2\/pages\/2501\/revisions\/3077"}],"up":[{"embeddable":true,"href":"https:\/\/edublog.educastur.es\/corredoria3\/wp-json\/wp\/v2\/pages\/2493"}],"wp:attachment":[{"href":"https:\/\/edublog.educastur.es\/corredoria3\/wp-json\/wp\/v2\/media?parent=2501"}],"curies":[{"name":"wp","href":"https:\/\/api.w.org\/{rel}","templated":true}]}}