{"id":2505,"date":"2020-12-27T18:11:27","date_gmt":"2020-12-27T16:11:27","guid":{"rendered":"https:\/\/edublog.educastur.es\/corredoria3\/?page_id=2505"},"modified":"2021-03-02T02:13:34","modified_gmt":"2021-03-02T00:13:34","slug":"sesion-06","status":"publish","type":"page","link":"https:\/\/edublog.educastur.es\/corredoria3\/4o-pri\/cultura-asturiana\/segundo-trimestre\/sesion-06\/","title":{"rendered":"Sesi\u00f3n 06"},"content":{"rendered":"<p>&nbsp;<\/p>\n<p style=\"text-align: center\"><span style=\"font-size: 24pt;color: #008080\"><strong><em>Asturias: Valles y R\u00edos\/ r\u00edas<\/em><\/strong><\/span><\/p>\n<ul>\n<li><a href=\"https:\/\/educastur-my.sharepoint.com\/:b:\/g\/personal\/isabellh_educastur_org\/EfZrK-J9CilPhKBFLbXDgY8BP1veOOpggavP_Jp7Vbw6cA?e=BY4Cjl\"><em><span style=\"font-size: 18pt\">Actividad en castellano<\/span><\/em><\/a><\/li>\n<li><a href=\"https:\/\/educastur-my.sharepoint.com\/:b:\/g\/personal\/isabellh_educastur_org\/EZsuaLZzF4hNrTT7UgplRqgBsYDjeFpEya03euicYMTKFA?e=zwDTEo\"><em><span style=\"font-size: 18pt\">Activid\u00e1 n\u00b4asturianu<\/span><\/em><\/a><\/li>\n<li><span style=\"font-size: 14pt;color: #333333\"><a style=\"color: #333333\" href=\"https:\/\/edublog.educastur.es\/corredoria3\/3o-pri\/cultura-asturiana\/primer-trimestre\/sesion-03\/\">Anexo: <strong><em>Costa asturiana 3\u00ba<\/em><\/strong><\/a><\/span><\/li>\n<li><a href=\"https:\/\/edublog.educastur.es\/corredoria3\/2o-pri\/cultura-asturiana\/segundo-trimestre\/sesion-7\/\"><span style=\"font-size: 14pt;color: #333333\">Anexo: <strong><em>costa asturiana 2\u00ba<\/em><\/strong><\/span><\/a><\/li>\n<\/ul>\n<hr \/>\n<p style=\"text-align: center\"><a href=\"https:\/\/malditomargarito.webcindario.com\/02_geografia\/rios\/media\/mapa_rios_01.JPG\"><img loading=\"lazy\" decoding=\"async\" class=\"alignnone\" src=\"https:\/\/malditomargarito.webcindario.com\/02_geografia\/rios\/media\/mapa_rios_01.JPG\" alt=\"\" width=\"1426\" height=\"521\" \/><\/a><\/p>\n<ul>\n<li style=\"text-align: left\"><a href=\"https:\/\/mapasinteractivos.didactalia.net\/comunidad\/mapasflashinteractivos\/recurso\/rios-del-principado-de-asturias\/174d00a2-65da-47da-abe9-f635da4a15d0\"><em><span style=\"font-size: 18pt\">Juego sobre los <strong>R\u00edos asturianos<\/strong><\/span><\/em><\/a><\/li>\n<\/ul>\n<p style=\"text-align: center\"><a href=\"https:\/\/files.liveworksheets.com\/def_files\/2020\/5\/14\/5141214280000336079\/5141214280000336079002.jpg\"><img loading=\"lazy\" decoding=\"async\" class=\"alignnone\" src=\"https:\/\/files.liveworksheets.com\/def_files\/2020\/5\/14\/5141214280000336079\/5141214280000336079002.jpg\" alt=\"\" width=\"779\" height=\"551\" \/><\/a><\/p>\n<hr \/>\n<p><a href=\"https:\/\/www.bedri.es\/Asturias\/Medio_natural\/Cuencas_hidrograficas\/Mapas_Cuencas\/Cuencas_hidrograficas_001.jpg\"><img loading=\"lazy\" decoding=\"async\" class=\"alignnone\" src=\"https:\/\/www.bedri.es\/Asturias\/Medio_natural\/Cuencas_hidrograficas\/Mapas_Cuencas\/Cuencas_hidrograficas_001.jpg\" alt=\"\" width=\"1115\" height=\"624\" \/><\/a><\/p>\n<p style=\"text-align: center\"><a href=\"https:\/\/i.pinimg.com\/originals\/be\/d8\/f4\/bed8f432add890a0942d201693de0f23.jpg\"><img loading=\"lazy\" decoding=\"async\" class=\"alignnone\" src=\"https:\/\/i.pinimg.com\/originals\/be\/d8\/f4\/bed8f432add890a0942d201693de0f23.jpg\" alt=\"\" width=\"638\" height=\"479\" \/><\/a><\/p>\n<hr \/>\n<p style=\"text-align: center\"><strong><em><span style=\"font-size: 24pt\">R\u00edas de Asturias<\/span><\/em><\/strong><\/p>\n<p><em><span style=\"font-size: 14pt\">LAS R\u00cdAS DE ASTURIAS Una r\u00edaes la entrada que forma el mar hacia el interior de la tierra en la desembocadura de algunos r\u00edos. <\/span><\/em><\/p>\n<p><img loading=\"lazy\" decoding=\"async\" class=\"aligncenter\" src=\"http:\/\/rianavia.com\/wp-content\/uploads\/2016\/05\/logo.jpg\" width=\"239\" height=\"131\" \/> \/<\/p>\n<p><span style=\"font-size: 18pt\"><em><strong>V<span style=\"font-size: 14pt\">ER\u00a0 ENLACES<\/span><\/strong><span style=\"font-size: 14pt\"> Las siete principales r\u00edas asturianas son las de:\u00a0 <strong><a href=\"https:\/\/es.wikipedia.org\/wiki\/R%C3%ADa_de_Ribadeo\">Ribadeo<\/a> <\/strong>(creando el l\u00edmite de Galicia y Asturias),<a href=\"https:\/\/rianavia.com\/es\/\"><strong>Navia<\/strong><\/a>, <a href=\"https:\/\/es.wikipedia.org\/wiki\/San_Esteban_de_Pravia\"><strong>San Esteban de Pravia<\/strong><\/a>, <a href=\"https:\/\/es.wikipedia.org\/wiki\/R%C3%ADa_de_Avil%C3%A9s\"><strong>Avil\u00e9s<\/strong><\/a>, <a href=\"https:\/\/es.wikipedia.org\/wiki\/R%C3%ADa_de_Villaviciosa\"><strong>Villaviciosa<\/strong><\/a>, <a href=\"https:\/\/guias.masmar.net\/index.php\/Derroteros\/Asturias\/Costa-de-Ribadesella-y-R%C3%ADa\"><strong>Ribadesella<\/strong> <\/a>y<a href=\"https:\/\/es.wikipedia.org\/wiki\/R%C3%ADa_de_Tina_Mayor\"><strong> Tinamayor<\/strong><\/a> (en el l\u00edmite de Asturias con Cantabria). <\/span><\/em><span style=\"font-size: 14pt\"><em>Se\u00f1alarlas en el mapa que se les da a los alumnos fotocopiado\u2026<\/em><\/span><\/span><\/p>\n<hr \/>\n<p><a href=\"https:\/\/www.mapade.org\/wp-content\/uploads\/mapa-geografico-de-asturias.jpg\"><img loading=\"lazy\" decoding=\"async\" class=\"alignnone \" src=\"https:\/\/www.mapade.org\/wp-content\/uploads\/mapa-geografico-de-asturias.jpg\" width=\"1435\" height=\"678\" \/><\/a><\/p>\n<p><strong><em>De izda a dcha = Veiga (Puerto de Vega)\u00a0 \/ Lluarca\u00a0 (Luarca) \/ Cuideiru (Cudillero) \/ Ribeseya (Ribadesella) y Llanes<\/em><\/strong><\/p>\n<p style=\"text-align: center\"><em><span style=\"font-size: 14pt\">La <span style=\"font-size: 18pt;color: #008080\"><strong>r\u00eda de Avil\u00e9s<\/strong> <\/span>es muy importante porque en ella se encuentra el puerto de Avil\u00e9s,<br \/>\nque es el segundo puerto de mercanc\u00edas m\u00e1s importante de Asturias<br \/>\ny el primero en cuanto a ventas de pescado.<\/span><\/em><\/p>\n<p style=\"text-align: center\"><img loading=\"lazy\" decoding=\"async\" class=\"alignnone\" src=\"https:\/\/static3.elcomercio.es\/www\/multimedia\/202005\/03\/media\/cortadas\/1050974-377%20puerto%20aviles%2029-03-2019-U90699355460IU--984x655@El%20Comercio-ElComercio.jpg\" alt=\"\" width=\"984\" height=\"655\" \/><\/p>\n<p style=\"text-align: center\"><a href=\"https:\/\/www.iagua.es\/sites\/default\/files\/styles\/thumbnail-1180x647\/public\/ria-aviles.jpg?itok=fha1H51I\"><img loading=\"lazy\" decoding=\"async\" class=\"alignnone\" src=\"https:\/\/www.iagua.es\/sites\/default\/files\/styles\/thumbnail-1180x647\/public\/ria-aviles.jpg?itok=fha1H51I\" alt=\"\" width=\"1180\" height=\"647\" \/><\/a><\/p>\n<p style=\"text-align: center\"><span style=\"font-size: 18pt;color: #008080\"><strong><em>R\u00eda de Ribadeo<\/em><\/strong><\/span><\/p>\n<p style=\"text-align: center\"><a href=\"https:\/\/cflvdg.avoz.es\/default\/2020\/06\/27\/00121593285301996993603\/Foto\/J22Y4282.jpg\"><img loading=\"lazy\" decoding=\"async\" class=\"alignnone\" src=\"https:\/\/cflvdg.avoz.es\/default\/2020\/06\/27\/00121593285301996993603\/Foto\/J22Y4282.jpg\" alt=\"\" width=\"1278\" height=\"720\" \/><\/a><\/p>\n<p style=\"text-align: center\"><span style=\"font-size: 18pt;color: #008080\"><strong><em>R\u00eda de Navia:<\/em><\/strong><a href=\"https:\/\/rianavia.com\/es\/\"><em> web<\/em><\/a><\/span><\/p>\n<p style=\"text-align: center\"><a href=\"https:\/\/triatletasenred.sport.es\/wp-content\/uploads\/image1.jpg\"><img loading=\"lazy\" decoding=\"async\" class=\"alignnone\" src=\"https:\/\/triatletasenred.sport.es\/wp-content\/uploads\/image1.jpg\" alt=\"\" width=\"728\" height=\"406\" \/><\/a><\/p>\n<p style=\"text-align: center\"><a href=\"https:\/\/upload.wikimedia.org\/wikipedia\/commons\/6\/6a\/PA120196_vista_a%C3%A9rea_de_la_desembocadura_de_la_ria_de_Navia.jpg\"><img loading=\"lazy\" decoding=\"async\" class=\"alignnone\" src=\"https:\/\/upload.wikimedia.org\/wikipedia\/commons\/6\/6a\/PA120196_vista_a%C3%A9rea_de_la_desembocadura_de_la_ria_de_Navia.jpg\" alt=\"\" width=\"538\" height=\"717\" \/><\/a><\/p>\n<p style=\"text-align: center\"><a href=\"https:\/\/www.jacoboparages.com\/wp-content\/uploads\/2018\/08\/F4EDC908-8D1E-4F12-A6DF-D3BF99688B66-1030x687.jpeg\"><img loading=\"lazy\" decoding=\"async\" class=\"alignnone\" src=\"https:\/\/www.jacoboparages.com\/wp-content\/uploads\/2018\/08\/F4EDC908-8D1E-4F12-A6DF-D3BF99688B66-1030x687.jpeg\" alt=\"\" width=\"1030\" height=\"687\" \/><\/a><\/p>\n<p style=\"text-align: center\"><span style=\"font-size: 18pt;color: #008080\"><strong><em>R\u00eda de San Esteban de Pravia<\/em><\/strong><\/span><\/p>\n<p style=\"text-align: center\"><a href=\"https:\/\/guias.masmar.net\/var\/masmar\/storage\/images\/media\/images\/entrada2\/431483-1-esl-ES\/entrada2.jpg\"><img loading=\"lazy\" decoding=\"async\" class=\"alignnone\" src=\"https:\/\/guias.masmar.net\/var\/masmar\/storage\/images\/media\/images\/entrada2\/431483-1-esl-ES\/entrada2.jpg\" alt=\"\" width=\"675\" height=\"513\" \/><\/a><\/p>\n<p style=\"text-align: center\"><a href=\"https:\/\/nauticosanesteban.com\/up\/articulos\/img\/i6c6k5792xx4i4md4x9xcf305_01.jpg\"><img loading=\"lazy\" decoding=\"async\" class=\"alignnone\" src=\"https:\/\/nauticosanesteban.com\/up\/articulos\/img\/i6c6k5792xx4i4md4x9xcf305_01.jpg\" alt=\"\" width=\"800\" height=\"473\" \/><\/a><\/p>\n<p style=\"text-align: center\"><span style=\"font-size: 18pt;color: #008080\"><strong><em>R\u00eda de Villaviciosa<\/em><\/strong><\/span><\/p>\n<p style=\"text-align: center\"><a href=\"https:\/\/www.lacomarcadelasidra.com\/wp-content\/uploads\/2016\/11\/CENTRO-INTERPRETACION-RIA-DE-VILLAVICIOSA-ASTURIAS-11.jpg\"><img loading=\"lazy\" decoding=\"async\" class=\"alignnone\" src=\"https:\/\/www.lacomarcadelasidra.com\/wp-content\/uploads\/2016\/11\/CENTRO-INTERPRETACION-RIA-DE-VILLAVICIOSA-ASTURIAS-11.jpg\" alt=\"\" width=\"1024\" height=\"667\" \/><\/a><\/p>\n<p style=\"text-align: center\"><a href=\"https:\/\/www.lacomarcadelasidra.com\/wp-content\/uploads\/2016\/12\/RIA-DE-VILLAVICIOSA-ASTURIAS.jpg\"><img loading=\"lazy\" decoding=\"async\" class=\"alignnone\" src=\"https:\/\/www.lacomarcadelasidra.com\/wp-content\/uploads\/2016\/12\/RIA-DE-VILLAVICIOSA-ASTURIAS.jpg\" alt=\"\" width=\"1024\" height=\"667\" \/><\/a><\/p>\n<p style=\"text-align: center\"><span style=\"font-size: 18pt;color: #008080\"><strong><em>R\u00eda de Ribadesella<\/em><\/strong><\/span><\/p>\n<p style=\"text-align: center\"><a href=\"http:\/\/guias.masmar.net\/var\/masmar\/storage\/images\/media\/images\/78-2\/663490-1-esl-ES\/78-2.jpg\"><img loading=\"lazy\" decoding=\"async\" class=\"alignnone\" src=\"http:\/\/guias.masmar.net\/var\/masmar\/storage\/images\/media\/images\/78-2\/663490-1-esl-ES\/78-2.jpg\" alt=\"\" width=\"680\" height=\"364\" \/><\/a><\/p>\n<p style=\"text-align: center\"><a href=\"https:\/\/scontent.fmad7-1.fna.fbcdn.net\/v\/t1.0-9\/155827556_445314536918826_3964040432505726356_n.jpg?_nc_cat=108&amp;ccb=3&amp;_nc_sid=8bfeb9&amp;_nc_ohc=NuiXewT5N1YAX8Uggic&amp;_nc_ht=scontent.fmad7-1.fna&amp;oh=65f523389926a417a12ab7aa282bc17b&amp;oe=6061773F\"><img loading=\"lazy\" decoding=\"async\" class=\"alignnone\" src=\"https:\/\/scontent.fmad7-1.fna.fbcdn.net\/v\/t1.0-9\/155827556_445314536918826_3964040432505726356_n.jpg?_nc_cat=108&amp;ccb=3&amp;_nc_sid=8bfeb9&amp;_nc_ohc=NuiXewT5N1YAX8Uggic&amp;_nc_ht=scontent.fmad7-1.fna&amp;oh=65f523389926a417a12ab7aa282bc17b&amp;oe=6061773F\" alt=\"\" width=\"406\" height=\"585\" \/><\/a><\/p>\n<p style=\"text-align: center\"><a href=\"https:\/\/elviajerofeliz.com\/wp-content\/uploads\/2019\/10\/Qu%C3%A9-ver-en-Ribadesella-10-Lugares-Imprescindibles-min.jpg\"><img loading=\"lazy\" decoding=\"async\" class=\"alignnone\" src=\"https:\/\/elviajerofeliz.com\/wp-content\/uploads\/2019\/10\/Qu%C3%A9-ver-en-Ribadesella-10-Lugares-Imprescindibles-min.jpg\" alt=\"\" width=\"1800\" height=\"1075\" \/><\/a><\/p>\n<p style=\"text-align: center\"><a href=\"https:\/\/www.ayto-ribadesella.es\/image\/journal\/article?img_id=4909915&amp;t=1574679994203\"><img loading=\"lazy\" decoding=\"async\" class=\"alignnone\" src=\"https:\/\/www.ayto-ribadesella.es\/image\/journal\/article?img_id=4909915&amp;t=1574679994203\" alt=\"\" width=\"1440\" height=\"539\" \/><\/a><\/p>\n<p style=\"text-align: center\"><a href=\"https:\/\/www.hola.com\/imagenes\/viajes\/20201110178926\/ribadesella-pueblos-con-encanto-asturias\/0-887-460\/ribadesella-asturias-pueblos-t.jpg?filter=w600&amp;filter=ds75\"><img loading=\"lazy\" decoding=\"async\" class=\"alignnone\" src=\"https:\/\/www.hola.com\/imagenes\/viajes\/20201110178926\/ribadesella-pueblos-con-encanto-asturias\/0-887-460\/ribadesella-asturias-pueblos-t.jpg?filter=w600&amp;filter=ds75\" alt=\"\" width=\"615\" height=\"369\" \/><\/a><\/p>\n<p style=\"text-align: center\"><span style=\"font-size: 18pt;color: #008080\"><strong><em>R\u00eda de Tinamayor<\/em><\/strong><\/span><\/p>\n<p style=\"text-align: center\"><a href=\"https:\/\/www.cantabriatotal.com\/oigh3fuiwrtd7862u_uploads\/photo_2400_Ria-de-Tina-Mayor.-adios-Cantabria-por-Levante.-Hola-Asturias-por-poniente.jpg\"><img loading=\"lazy\" decoding=\"async\" class=\"alignnone\" src=\"https:\/\/www.cantabriatotal.com\/oigh3fuiwrtd7862u_uploads\/photo_2400_Ria-de-Tina-Mayor.-adios-Cantabria-por-Levante.-Hola-Asturias-por-poniente.jpg\" alt=\"\" width=\"800\" height=\"627\" \/><\/a><\/p>\n<p style=\"text-align: center\"><a href=\"https:\/\/upload.wikimedia.org\/wikipedia\/commons\/2\/24\/9.R%C3%ADa_Tina_Mayor-Cantabria.jpg\"><img loading=\"lazy\" decoding=\"async\" class=\"alignnone\" src=\"https:\/\/upload.wikimedia.org\/wikipedia\/commons\/2\/24\/9.R%C3%ADa_Tina_Mayor-Cantabria.jpg\" alt=\"\" width=\"3915\" height=\"2204\" \/><\/a><\/p>\n<p style=\"text-align: center\"><img loading=\"lazy\" decoding=\"async\" class=\"alignnone size-full\" src=\"http:\/\/www.masmar.net\/var\/masmar\/storage\/images\/media\/images\/com_tinao-1\/630381-1-esl-ES\/com_tinao-1.jpg\" width=\"685\" height=\"253\" \/><\/p>\n<p><em><strong><a href=\"https:\/\/es.wikipedia.org\/wiki\/R%C3%ADa_de_Ribadeo\">Ribadeo<\/a> <\/strong>(creando el l\u00edmite de Galicia y Asturias),<a href=\"https:\/\/rianavia.com\/es\/\"><strong>Navia<\/strong><\/a>, <a href=\"https:\/\/es.wikipedia.org\/wiki\/San_Esteban_de_Pravia\"><strong>San Esteban de Pravia<\/strong><\/a>, <a href=\"https:\/\/es.wikipedia.org\/wiki\/R%C3%ADa_de_Avil%C3%A9s\"><strong>Avil\u00e9s<\/strong><\/a>, <a href=\"https:\/\/es.wikipedia.org\/wiki\/R%C3%ADa_de_Villaviciosa\"><strong>Villaviciosa<\/strong><\/a>, <a href=\"https:\/\/guias.masmar.net\/index.php\/Derroteros\/Asturias\/Costa-de-Ribadesella-y-R%C3%ADa\"><strong>Ribadesella<\/strong> <\/a>y<a href=\"https:\/\/es.wikipedia.org\/wiki\/R%C3%ADa_de_Tina_Mayor\"><strong> Tinamayor<\/strong><\/a> (en el l\u00edmite de Asturias con Cantabria). <\/em><em>Se\u00f1alarlas en el mapa que se les da a los alumnos fotocopiado\u2026<\/em><\/p>\n","protected":false},"excerpt":{"rendered":"<p>&nbsp; Asturias: Valles y R\u00edos\/ r\u00edas Actividad en castellano Activid\u00e1 n\u00b4asturianu Anexo: Costa asturiana 3\u00ba Anexo: costa asturiana 2\u00ba Juego sobre los R\u00edos asturianos R\u00edas de Asturias LAS R\u00cdAS DE ASTURIAS Una r\u00edaes la entrada que forma el mar hacia el interior de la tierra en la desembocadura de algunos r\u00edos. \/ VER\u00a0 ENLACES Las [&hellip;]<\/p>\n","protected":false},"author":117,"featured_media":0,"parent":2493,"menu_order":0,"comment_status":"closed","ping_status":"closed","template":"","meta":{"footnotes":""},"class_list":["post-2505","page","type-page","status-publish","hentry","post-preview"],"_links":{"self":[{"href":"https:\/\/edublog.educastur.es\/corredoria3\/wp-json\/wp\/v2\/pages\/2505","targetHints":{"allow":["GET"]}}],"collection":[{"href":"https:\/\/edublog.educastur.es\/corredoria3\/wp-json\/wp\/v2\/pages"}],"about":[{"href":"https:\/\/edublog.educastur.es\/corredoria3\/wp-json\/wp\/v2\/types\/page"}],"author":[{"embeddable":true,"href":"https:\/\/edublog.educastur.es\/corredoria3\/wp-json\/wp\/v2\/users\/117"}],"replies":[{"embeddable":true,"href":"https:\/\/edublog.educastur.es\/corredoria3\/wp-json\/wp\/v2\/comments?post=2505"}],"version-history":[{"count":3,"href":"https:\/\/edublog.educastur.es\/corredoria3\/wp-json\/wp\/v2\/pages\/2505\/revisions"}],"predecessor-version":[{"id":3528,"href":"https:\/\/edublog.educastur.es\/corredoria3\/wp-json\/wp\/v2\/pages\/2505\/revisions\/3528"}],"up":[{"embeddable":true,"href":"https:\/\/edublog.educastur.es\/corredoria3\/wp-json\/wp\/v2\/pages\/2493"}],"wp:attachment":[{"href":"https:\/\/edublog.educastur.es\/corredoria3\/wp-json\/wp\/v2\/media?parent=2505"}],"curies":[{"name":"wp","href":"https:\/\/api.w.org\/{rel}","templated":true}]}}