{"id":2527,"date":"2020-12-27T18:28:57","date_gmt":"2020-12-27T16:28:57","guid":{"rendered":"https:\/\/edublog.educastur.es\/corredoria3\/?page_id=2527"},"modified":"2021-09-12T17:09:14","modified_gmt":"2021-09-12T15:09:14","slug":"segundo-trimestre","status":"publish","type":"page","link":"https:\/\/edublog.educastur.es\/corredoria3\/5o-pri\/cultura-asturiana\/segundo-trimestre\/","title":{"rendered":"SEGUNDO TRIMESTRE"},"content":{"rendered":"<p><img loading=\"lazy\" decoding=\"async\" class=\"aligncenter\" src=\"https:\/\/edublog.educastur.es\/corredoria3\/files\/2020\/08\/24_quinto-300x246.png\" width=\"148\" height=\"121\" \/><\/p>\n<p style=\"text-align: center\"><em><span style=\"font-size: 18pt\"><strong>\u00a0<\/strong><\/span><\/em><\/p>\n<hr \/>\n<ul>\n<li class=\"page_item page-item-2527 page_item_has_children\"><span style=\"font-size: 14pt\"><a href=\"https:\/\/edublog.educastur.es\/corredoria3\/5o-pri\/cultura-asturiana\/segundo-trimestre\/\"><strong><span style=\"font-size: 18pt\">SEGUNDO TRIMESTRE<\/span><\/strong><\/a><\/span>\n<ul class=\"children\">\n<li class=\"page_item page-item-2763\"><span style=\"font-size: 18pt\"><em><a href=\"https:\/\/edublog.educastur.es\/corredoria3\/5o-pri\/cultura-asturiana\/segundo-trimestre\/sesion-01\/\">Sesi\u00f3n 01: <strong>Mazcar\u00e1es d\u00b4Iviernu y Aguilandos<\/strong><\/a><\/em><\/span><\/li>\n<li class=\"page_item page-item-2765\"><span style=\"font-size: 18pt\"><em><a href=\"https:\/\/edublog.educastur.es\/corredoria3\/5o-pri\/cultura-asturiana\/segundo-trimestre\/sesion-02\/\">Sesi\u00f3n 02: La poblaci\u00f3n de Asturias<\/a><\/em><\/span><\/li>\n<li><span style=\"font-size: 14pt\"><strong><em><a href=\"https:\/\/edublog.educastur.es\/corredoria3\/6o-pri\/cultura-asturiana\/segundo-trimestre\/sesion-02\/\"><span style=\"font-size: 18pt\">Sesi\u00f3n 02: Toponimia: Concejos, Pueblos, zonas econ\u00f3micas<\/span><\/a><\/em><\/strong> <\/span><\/li>\n<li><span style=\"font-size: 18pt\"><em><a href=\"https:\/\/edublog.educastur.es\/corredoria3\/5o-pri\/cultura-asturiana\/segundo-trimestre\/sesion-03\/\">Sesi\u00f3n 03: Emigraci\u00f3n, Centros Asturianos, Indianos&#8230;<\/a><\/em><\/span><\/li>\n<li><span style=\"font-size: 18pt\"><em><a href=\"https:\/\/edublog.educastur.es\/corredoria3\/5o-pri\/cultura-asturiana\/segundo-trimestre\/sesion-04\/\">Sesi\u00f3n 04<\/a><a href=\"https:\/\/edublog.educastur.es\/corredoria3\/5o-pri\/cultura-asturiana\/segundo-trimestre\/sesion-04\/\">: <strong>Antroxu n\u00b4Asturies: Frixuelos y Descenso fluvial de Galiana<\/strong> (Avil\u00e9s)<\/a><\/em><\/span><\/li>\n<li><a href=\"https:\/\/edublog.educastur.es\/corredoria3\/5o-pri\/cultura-asturiana\/segundo-trimestre\/sesion-05\"><span style=\"font-size: 18pt\"><em>Sesi\u00f3n 05: Arte prehist\u00f3rico: Museo Prehistoria, Cueva Tito Bustillo<\/em><\/span><\/a><\/li>\n<li><a href=\"https:\/\/edublog.educastur.es\/corredoria3\/5o-pri\/cultura-asturiana\/segundo-trimestre\/sesion-05a\/\"><em><span style=\"font-size: 18pt\">Sesi\u00f3n 05a: <strong>Cueva del Sidr\u00f3n \/ y neardentales<\/strong><\/span><\/em><\/a><\/li>\n<li><a href=\"https:\/\/edublog.educastur.es\/corredoria3\/5o-pri\/cultura-asturiana\/segundo-trimestre\/sesion-05b-2\"><span style=\"color: #008080\"><em><span style=\"font-size: 18pt\">Sesi\u00f3n 05b: <strong>Castros \/ llegada de los romanos&#8230;<\/strong><\/span><\/em><\/span><\/a><\/li>\n<li><a href=\"https:\/\/edublog.educastur.es\/corredoria3\/5o-pri\/cultura-asturiana\/segundo-trimestre\/sesion-05c\/\"><span style=\"color: #008080\"><em><span style=\"font-size: 18pt\">Sesi\u00f3n 05c: <strong>Cultura castre\u00f1a, Castros de Asturias<\/strong><\/span><\/em><\/span><\/a><\/li>\n<li class=\"page_item page-item-2773\"><a href=\"https:\/\/edublog.educastur.es\/corredoria3\/5o-pri\/cultura-asturiana\/segundo-trimestre\/sesion-06\"><span style=\"font-size: 18pt\"><em>Sesi\u00f3n 06: Pueblos prerromanos, romanizaci\u00f3n y su herencia<\/em><\/span><\/a><\/li>\n<li class=\"page_item page-item-2775\"><span style=\"font-size: 18pt\"><em><a href=\"https:\/\/edublog.educastur.es\/corredoria3\/5o-pri\/cultura-asturiana\/segundo-trimestre\/sesion-07\/\">Sesi\u00f3n 07: La CAZA en Asturias: animales monta\u00f1a,<br \/>\nanimales salvajes, jornadas gastron\u00f3micas<\/a><\/em><\/span><\/li>\n<li class=\"page_item page-item-2777\"><a href=\"https:\/\/edublog.educastur.es\/corredoria3\/5o-pri\/cultura-asturiana\/segundo-trimestre\/sesion-08\/\"><span style=\"font-size: 18pt\"><em>Sesi\u00f3n 08: Arte en Asturias; renacentista, barroco, neocl\u00e1sico, medieval <\/em><\/span><\/a><\/li>\n<li class=\"page_item page-item-2779\"><span style=\"font-size: 18pt\"><em><a href=\"https:\/\/edublog.educastur.es\/corredoria3\/5o-pri\/cultura-asturiana\/segundo-trimestre\/sesion-09\/\">Sesi\u00f3n 09: <\/a><a href=\"https:\/\/edublog.educastur.es\/corredoria3\/5o-pri\/cultura-asturiana\/segundo-trimestre\/sesion-11\/\">Xosefa de Xovellanos (Biograf\u00eda)<\/a><\/em><\/span><\/li>\n<li class=\"page_item page-item-2783\"><a href=\"https:\/\/edublog.educastur.es\/corredoria3\/6o-pri\/cultura-asturiana\/segundo-trimestre\/sesion-10\"><em><span style=\"font-size: 18pt\">Sesi\u00f3n 10: <strong>D\u00eda Mundial de la poes\u00eda<\/strong> (21 de marzu)<\/span><\/em><\/a><\/li>\n<\/ul>\n<\/li>\n<\/ul>\n","protected":false},"excerpt":{"rendered":"<p>\u00a0 SEGUNDO TRIMESTRE Sesi\u00f3n 01: Mazcar\u00e1es d\u00b4Iviernu y Aguilandos Sesi\u00f3n 02: La poblaci\u00f3n de Asturias Sesi\u00f3n 02: Toponimia: Concejos, Pueblos, zonas econ\u00f3micas Sesi\u00f3n 03: Emigraci\u00f3n, Centros Asturianos, Indianos&#8230; Sesi\u00f3n 04: Antroxu n\u00b4Asturies: Frixuelos y Descenso fluvial de Galiana (Avil\u00e9s) Sesi\u00f3n 05: Arte prehist\u00f3rico: Museo Prehistoria, Cueva Tito Bustillo Sesi\u00f3n 05a: Cueva del Sidr\u00f3n \/ y [&hellip;]<\/p>\n","protected":false},"author":117,"featured_media":0,"parent":1056,"menu_order":0,"comment_status":"closed","ping_status":"closed","template":"","meta":{"footnotes":""},"class_list":["post-2527","page","type-page","status-publish","hentry","post-preview"],"_links":{"self":[{"href":"https:\/\/edublog.educastur.es\/corredoria3\/wp-json\/wp\/v2\/pages\/2527","targetHints":{"allow":["GET"]}}],"collection":[{"href":"https:\/\/edublog.educastur.es\/corredoria3\/wp-json\/wp\/v2\/pages"}],"about":[{"href":"https:\/\/edublog.educastur.es\/corredoria3\/wp-json\/wp\/v2\/types\/page"}],"author":[{"embeddable":true,"href":"https:\/\/edublog.educastur.es\/corredoria3\/wp-json\/wp\/v2\/users\/117"}],"replies":[{"embeddable":true,"href":"https:\/\/edublog.educastur.es\/corredoria3\/wp-json\/wp\/v2\/comments?post=2527"}],"version-history":[{"count":22,"href":"https:\/\/edublog.educastur.es\/corredoria3\/wp-json\/wp\/v2\/pages\/2527\/revisions"}],"predecessor-version":[{"id":4773,"href":"https:\/\/edublog.educastur.es\/corredoria3\/wp-json\/wp\/v2\/pages\/2527\/revisions\/4773"}],"up":[{"embeddable":true,"href":"https:\/\/edublog.educastur.es\/corredoria3\/wp-json\/wp\/v2\/pages\/1056"}],"wp:attachment":[{"href":"https:\/\/edublog.educastur.es\/corredoria3\/wp-json\/wp\/v2\/media?parent=2527"}],"curies":[{"name":"wp","href":"https:\/\/api.w.org\/{rel}","templated":true}]}}