{"id":2675,"date":"2021-01-16T20:20:33","date_gmt":"2021-01-16T18:20:33","guid":{"rendered":"https:\/\/edublog.educastur.es\/corredoria3\/?page_id=2675"},"modified":"2021-09-12T17:38:23","modified_gmt":"2021-09-12T15:38:23","slug":"sesion-02","status":"publish","type":"page","link":"https:\/\/edublog.educastur.es\/corredoria3\/6o-pri\/cultura-asturiana\/segundo-trimestre\/sesion-02\/","title":{"rendered":"Sesi\u00f3n 02"},"content":{"rendered":"<p style=\"text-align: center\"><span style=\"text-decoration: underline\"><span style=\"color: #008080;font-size: 24pt;text-decoration: underline\"><em><strong>La poblaci\u00f3n de Asturias<\/strong><\/em><\/span><\/span><\/p>\n<ul>\n<li><span style=\"font-size: 18pt\"><a href=\"https:\/\/educastur-my.sharepoint.com\/:b:\/g\/personal\/isabellh_educastur_org\/EfaI8Tstq2RItS4NJzImpmMBEd3_4HdVinW7m6eIgWGQ_Q?e=URUAcg\"><span style=\"color: #800080\"><strong><em>Actividad en castellano<\/em><\/strong><\/span><\/a><\/span><\/li>\n<li><a href=\"https:\/\/educastur-my.sharepoint.com\/:b:\/g\/personal\/isabellh_educastur_org\/EfteSBB2pr9ImYa2o8tLbuwBUf7ke-RmjsmFJEYwfUUYcA?e=jSLcbo\"><span style=\"color: #800080\"><strong><em><span style=\"font-size: 18pt\"><span style=\"font-size: 24pt\"><span style=\"font-size: 18pt\">Activid\u00e1\u00a0 n\u00b4asturianu<\/span><\/span><\/span><\/em><\/strong><\/span><\/a><\/li>\n<\/ul>\n<p style=\"text-align: center\"><img loading=\"lazy\" decoding=\"async\" class=\"alignnone size-full\" src=\"https:\/\/static.elcomercio.es\/www\/multimedia\/202003\/27\/media\/colonias-asturianos.jpg\" width=\"709\" height=\"969\" \/><\/p>\n<ul>\n<li><span style=\"font-size: 18pt\"><a href=\"https:\/\/es.wikipedia.org\/wiki\/Asturias\"><em><strong>Asturias<\/strong>: <span style=\"font-size: 14pt\">ver final p\u00e1gina<\/span> <strong>mapa densidad poblaci\u00f3n y habitantes &#8230;<\/strong><\/em><\/a><\/span><\/li>\n<li><a href=\"https:\/\/www.idepa.es\/conocimiento\/asturias-en-cifras\/demografia\"><em><strong>IDEPA: Evoluci\u00f3n de la poblaci\u00f3n<\/strong><\/em><\/a><\/li>\n<\/ul>\n<p>&nbsp;<\/p>\n<ul>\n<li><span style=\"font-size: 18pt\"><a href=\"https:\/\/upload.wikimedia.org\/wikipedia\/commons\/b\/ba\/Asturias_Poblacion-2018.png\"><em>MAPA Poblaci\u00f3n por Municipios 2018<\/em><\/a><\/span><\/li>\n<li><span style=\"font-size: 18pt\"><a href=\"https:\/\/upload.wikimedia.org\/wikipedia\/commons\/2\/24\/Asturias_Densidad-2018.png\"><em>MAPA Densidad Poblaci\u00f3n 2018<\/em><\/a><\/span><\/li>\n<li><span style=\"font-size: 18pt\"><a href=\"https:\/\/upload.wikimedia.org\/wikipedia\/commons\/1\/1a\/Asturias_Crecimiento-98-08.png\"><em>MAPA Crecimiento Poblaci\u00f3n 1998-2008<\/em><\/a><\/span><\/li>\n<li><a href=\"https:\/\/upload.wikimedia.org\/wikipedia\/commons\/9\/94\/Asturias_Crecimiento-08-18.png\"><em><span style=\"font-size: 14pt\"><span style=\"font-size: 18pt\">MAPA Crecimiento Poblaci\u00f3n 2008-2018<\/span><\/span><\/em><\/a><\/li>\n<\/ul>\n<p><a href=\"https:\/\/upload.wikimedia.org\/wikipedia\/commons\/b\/ba\/Asturias_Poblacion-2018.png\"><img loading=\"lazy\" decoding=\"async\" class=\"aligncenter\" src=\"https:\/\/upload.wikimedia.org\/wikipedia\/commons\/b\/ba\/Asturias_Poblacion-2018.png\" alt=\"\" width=\"747\" height=\"373\" \/><\/a><\/p>\n<p><a href=\"https:\/\/upload.wikimedia.org\/wikipedia\/commons\/2\/24\/Asturias_Densidad-2018.png\"><img loading=\"lazy\" decoding=\"async\" class=\"aligncenter\" src=\"https:\/\/upload.wikimedia.org\/wikipedia\/commons\/2\/24\/Asturias_Densidad-2018.png\" alt=\"\" width=\"766\" height=\"382\" \/><\/a><\/p>\n<p><a href=\"https:\/\/upload.wikimedia.org\/wikipedia\/commons\/1\/1a\/Asturias_Crecimiento-98-08.png\"><img loading=\"lazy\" decoding=\"async\" class=\"aligncenter\" src=\"https:\/\/upload.wikimedia.org\/wikipedia\/commons\/1\/1a\/Asturias_Crecimiento-98-08.png\" alt=\"\" width=\"798\" height=\"398\" \/><\/a><\/p>\n<p style=\"text-align: center\"><img loading=\"lazy\" decoding=\"async\" class=\"alignnone size-full\" src=\"https:\/\/static.elcomercio.es\/multimedia\/201604\/13\/media\/Mapa%20poblacion_xoptimizadax.jpg\" width=\"900\" height=\"731\" \/><\/p>\n<p style=\"text-align: center\"><img loading=\"lazy\" decoding=\"async\" class=\"alignnone size-full\" src=\"http:\/\/www.observatoriodelterritorio.es\/wp-content\/uploads\/2018\/02\/mapaPoblacionAsturias-1024x559.jpg\" width=\"1024\" height=\"559\" \/><\/p>\n<p>El mapa ha sido elaborado a partir de la relaci\u00f3n existente entre la <em><strong>poblaci\u00f3n de m\u00e1s de 64 a\u00f1os y la de menos de 15<\/strong><\/em>, y muestra el claro contraste existente entre los concejos centrales y los perif\u00e9ricos. <em><strong>Tan s\u00f3lo 9 de las 857 parroquias tienen una proporci\u00f3n de personas mayores igual o inferior a la de los j\u00f3venes<\/strong><\/em>, se trata de parroquias del \u00e1rea central que en su mayor\u00eda se localizan en la periferia urbana, lugares en los que se ha producido un crecimiento urbano reciente. Se trata de las parroquias de Santa Eulalia de Morc\u00edn, Viella, Barros, Pruvia, Naranco, Veri\u00f1a, Los Campos, La Llera y Santa Marina.<\/p>\n<p>Fuente: <a href=\"http:\/\/www.observatoriodelterritorio.es\/nuevo-mapa-sobre-el-envejecimiento-de-la-poblacion-en-asturias\/\">Observatorio del territorio<\/a><\/p>\n<hr \/>\n<p>Destacan por su elevada tasa de envejecimiento las parroquias de Caso, Ponga, Pe\u00f1amelleras, Somiedo, Quir\u00f3s y Lena as\u00ed como las parroquias cercanas a la Sierra del Sueve y los valles interiores del Occidente. 51 parroquias no tienen a ning\u00fan menor de 15 a\u00f1os, la mayor\u00eda de ellas en el suroccidente.<\/p>\n<p><span style=\"font-size: 14pt\"><em>Asturias cuenta con 1 028 244 habitantes (<a class=\"mw-redirect\" title=\"INE Espa\u00f1a\" href=\"https:\/\/es.wikipedia.org\/wiki\/INE_Espa%C3%B1a\">INE<\/a> 2018),<br \/>\nlo que representa un <strong>2,20\u00a0% del total nacional.<\/strong> <\/em><\/span><\/p>\n<p><span style=\"font-size: 14pt\"><em>Su densidad de poblaci\u00f3n, de <strong>96,97 habitantes por km\u00b2.<\/strong><\/em><\/span><\/p>\n<p><span style=\"font-size: 14pt\"><em><strong>La poblaci\u00f3n se caracteriza por poseer la m\u00e1s alta tasa de mortalidad de Espa\u00f1a (12 por mil) y la m\u00e1s baja tasa de natalidad (6 por mil)<\/strong>, por lo que desde 1987 la poblaci\u00f3n est\u00e1 disminuyendo, dado que la natalidad solo representa el 42\u00a0% de la tasa de mantenimiento de la poblaci\u00f3n, aunque<strong> las ciudades grandes mantienen su poblaci\u00f3n, frente a las cuencas mineras y las \u00e1reas rurales del interior que se despueblan m\u00e1s r\u00e1pidamente.<\/strong><\/em><\/span><\/p>\n<p><span style=\"font-size: 14pt\"><em><strong>El porcentaje de <a title=\"Inmigraci\u00f3n en Espa\u00f1a\" href=\"https:\/\/es.wikipedia.org\/wiki\/Inmigraci%C3%B3n_en_Espa%C3%B1a\">extranjeros<\/a> es del 3,65\u00a0%<\/strong> (<a class=\"mw-redirect\" title=\"INE Espa\u00f1a\" href=\"https:\/\/es.wikipedia.org\/wiki\/INE_Espa%C3%B1a\">INE<\/a> 2017), tres veces menos que la media nacional y solo por delante de <a title=\"Galicia\" href=\"https:\/\/es.wikipedia.org\/wiki\/Galicia\">Galicia<\/a> y <a title=\"Extremadura\" href=\"https:\/\/es.wikipedia.org\/wiki\/Extremadura\">Extremadura<\/a>. Los principales colectivos extranjeros son el <a title=\"Rumania\" href=\"https:\/\/es.wikipedia.org\/wiki\/Rumania\">rumano<\/a> (21,94\u00a0% del total de extranjeros), el <a title=\"Marruecos\" href=\"https:\/\/es.wikipedia.org\/wiki\/Marruecos\">marroqu\u00ed<\/a> (7,1\u00a0%), el <a title=\"Brasil\" href=\"https:\/\/es.wikipedia.org\/wiki\/Brasil\">brasile\u00f1o<\/a> (5,57\u00a0%) y el <a title=\"Portugal\" href=\"https:\/\/es.wikipedia.org\/wiki\/Portugal\">portugu\u00e9s<\/a> (4,93\u00a0%).<\/em><\/span><\/p>\n<ul>\n<li><a href=\"https:\/\/es.wikipedia.org\/wiki\/Oviedo\"><span style=\"color: #008080\"><strong><em><span style=\"font-size: 14pt\">Wiki Oviedo\/Uvi\u00e9u (marzo 2019): 219.000 habitantes<\/span><\/em><\/strong><\/span><\/a><\/li>\n<li><em><span style=\"font-size: 14pt\"><a href=\"https:\/\/es.wikipedia.org\/wiki\/Oviedo\">VER gr\u00e1fico final p\u00e1gina: <strong>EVOLUCION DEMOGR\u00c1FICA<\/strong><\/a><\/span><\/em><\/li>\n<li><strong><em>A\u00f1o 2020: 219.910 habitantes \/ 1180,29 hab.\/km\u00b2<\/em><\/strong><\/li>\n<\/ul>\n<p><img loading=\"lazy\" decoding=\"async\" class=\"size-full aligncenter\" src=\"https:\/\/upload.wikimedia.org\/wikipedia\/es\/timeline\/0d68f0b9fd11763a12b78cb88a981b1d.png\" width=\"700\" height=\"300\" \/><\/p>\n<p style=\"text-align: center\"><strong><em>Oviedo<\/em><\/strong><\/p>\n<p style=\"text-align: center\"><img loading=\"lazy\" decoding=\"async\" class=\"alignnone size-full\" src=\"https:\/\/upload.wikimedia.org\/wikipedia\/es\/timeline\/c657f4af7de853f0e82c54c1078b6b6f.png\" width=\"685\" height=\"300\" \/><\/p>\n<p style=\"text-align: center\"><strong><em>Gij\u00f3n<\/em><\/strong><\/p>\n<p style=\"text-align: center\"><img loading=\"lazy\" decoding=\"async\" class=\"alignnone size-full\" src=\"https:\/\/upload.wikimedia.org\/wikipedia\/es\/timeline\/816e2a9d6e905e83a6270050844cec50.png\" width=\"648\" height=\"300\" \/><\/p>\n<p style=\"text-align: center\"><strong><em>Avil\u00e9s<\/em><\/strong><\/p>\n<ul>\n<li><em><span style=\"font-size: 18pt\"><a href=\"https:\/\/educastur-my.sharepoint.com\/:b:\/g\/personal\/isabellh_educastur_org\/EXUPNzMlZlBGt8rmCnJmwlkBLkimG1XiFB4YSzzBGtpO5A?e=1IehGc\">La toponimia da nombre a la naturaleza<\/a> <\/span><\/em><\/li>\n<li><a href=\"https:\/\/edublog.educastur.es\/ixuxullingua\/asturies\/conceyos\/toponimia\/\"><strong><span style=\"font-size: 18pt\"><em>Accesu a TOPONIMIA<\/em><\/span><\/strong><\/a><\/li>\n<li><strong><a href=\"https:\/\/edublog.educastur.es\/ixuxullingua\/asturies\/conceyos\/\"><span style=\"font-size: 18pt\"><em>CONCEYOS\u00a0 D\u00b4ASTURIES<\/em> <\/span><\/a><\/strong><\/li>\n<\/ul>\n<hr \/>\n<ul>\n<li><a href=\"http:\/\/llinguanelaula.blogspot.com\/2015\/06\/de-los-conceyos-les-parroquies-asturies.html\"><span style=\"font-size: 18pt\"><em><strong>De los conceyos a les parroquies<\/strong><\/em> (Llingua nel Aula)<\/span><\/a><\/li>\n<\/ul>\n<p><a href=\"https:\/\/upload.wikimedia.org\/wikipedia\/commons\/thumb\/7\/72\/Mapa_de_les_Parroquies_d%27Asturies.png\/1280px-Mapa_de_les_Parroquies_d%27Asturies.png\"><img loading=\"lazy\" decoding=\"async\" class=\"aligncenter\" src=\"https:\/\/upload.wikimedia.org\/wikipedia\/commons\/thumb\/7\/72\/Mapa_de_les_Parroquies_d%27Asturies.png\/1280px-Mapa_de_les_Parroquies_d%27Asturies.png\" alt=\"\" width=\"388\" height=\"245\" \/><\/a><\/p>\n<div class=\"post\">\n<div class=\"entry-container\">\n<div class=\"entry-content\">\n<h1 class=\"stposttitle\" style=\"text-align: center\">De los Conceyos a les parroquies: Asturies y les sos cabeceres<\/h1>\n<div><\/div>\n<div class=\"separator\"><\/div>\n<div>\n<div class=\"separator\"><a href=\"http:\/\/2.bp.blogspot.com\/-yavYCXa6J8g\/VYAXmL9MCcI\/AAAAAAAAHEM\/J-KwR8R2Sho\/s1600\/mapa%2Basturies.PNG\"><img decoding=\"async\" title=\"mapa%2Basturies\" src=\"http:\/\/2.bp.blogspot.com\/-yavYCXa6J8g\/VYAXmL9MCcI\/AAAAAAAAHEM\/J-KwR8R2Sho\/s1600\/mapa%2Basturies.PNG\" alt=\"mapa%2Basturies\" border=\"0\" \/><\/a><\/div>\n<p><span style=\"font-size: 14pt\">Vamos a ves si somo quien a dir completando esti mapa pa deprender l<i>os conceyos d&#8217;Asturies y les sos cabeceres. \u00a0<\/i>Son una pila d&#8217;ellos&#8230;\u00bfen cu\u00e1ntos tuvisti?.<\/span><\/p>\n<p><span style=\"font-size: 14pt\">Asturies llinda pol norte col Mar Cant\u00e1bricu, pal sur con Castiella y Lle\u00f3n, pal Este con Cantabria y pal oeste con Lugo, Galicia<\/span><\/p>\n<p><span style=\"font-size: 14pt\">Agora vamos ver la diferencia ente les parroquies y los conceyos:<\/span><\/p>\n<\/div>\n<div>\n<ul>\n<li><span style=\"font-size: 14pt\"><b>Conceyu municipal:<\/b>\u00a0mu\u00e9rganu que de cutio, xuntu al alcalde, comp\u00f3n una municipalid\u00e1 o ayuntamientu.<\/span><\/li>\n<\/ul>\n<table class=\"tr-caption-container\" cellspacing=\"0\" cellpadding=\"0\" align=\"center\">\n<tbody>\n<tr>\n<td><a href=\"http:\/\/2.bp.blogspot.com\/-yavYCXa6J8g\/VYAXmL9MCcI\/AAAAAAAAHEQ\/wP-zflJEnAg\/s1600\/mapa%2Basturies.PNG\"><img loading=\"lazy\" decoding=\"async\" class=\"\" title=\"mapa%2Basturies\" src=\"http:\/\/2.bp.blogspot.com\/-yavYCXa6J8g\/VYAXmL9MCcI\/AAAAAAAAHEQ\/wP-zflJEnAg\/s320\/mapa%2Basturies.PNG\" alt=\"mapa%2Basturies\" width=\"468\" height=\"259\" border=\"0\" \/><\/a><\/td>\n<\/tr>\n<tr>\n<td class=\"tr-caption\">Mapa d&#8217;Asturies colos Conceyos<\/td>\n<\/tr>\n<\/tbody>\n<\/table>\n<ul>\n<li><b>La Parroquia<\/b> tami\u00e9n llamada <i>collaci\u00f3n<\/i> ye n&#8217;Asturies la divisi\u00f3n alministrativa tradicional inmediatamente inferior al conceyu.<\/li>\n<\/ul>\n<p style=\"text-align: center\"><a href=\"https:\/\/upload.wikimedia.org\/wikipedia\/commons\/thumb\/7\/72\/Mapa_de_les_Parroquies_d%27Asturies.png\/1280px-Mapa_de_les_Parroquies_d%27Asturies.png\"><img loading=\"lazy\" decoding=\"async\" class=\"aligncenter\" src=\"https:\/\/upload.wikimedia.org\/wikipedia\/commons\/thumb\/7\/72\/Mapa_de_les_Parroquies_d%27Asturies.png\/1280px-Mapa_de_les_Parroquies_d%27Asturies.png\" alt=\"\" width=\"1280\" height=\"810\" \/><\/a><\/p>\n<div class=\"separator\"><a href=\"https:\/\/ast.wikipedia.org\/wiki\/Parroquia#\/media\/File:Parroquies_d%27Asturies.png\" target=\"_blank\" rel=\"noopener\"><img loading=\"lazy\" decoding=\"async\" class=\"aligncenter\" title=\"asturies%2Bparroquial%2BIII-ini%2Bcopia_e8a1bd\" src=\"http:\/\/2.bp.blogspot.com\/-A9YC9BHnglc\/VYA58LnOH8I\/AAAAAAAAHEw\/kl7ElGybV38\/s320\/asturies%2Bparroquial%2BIII-ini%2Bcopia_e8a1bd.jpg\" alt=\"asturies%2Bparroquial%2BIII-ini%2Bcopia_e8a1bd\" width=\"476\" height=\"336\" border=\"0\" \/><\/a><\/div>\n<div><\/div>\n<div><strong>DE SIGU\u00cdO VAMOS VER LOS CONCEYOS D&#8217;ASTURIES Y LES SOS CABECERES:<\/strong><\/div>\n<\/div>\n<div>\n<div class=\"separator\"><a href=\"http:\/\/2.bp.blogspot.com\/-ZwcngaUZsHA\/VX7GpioUb5I\/AAAAAAAAHDE\/Chwsm3yfmWY\/s1600\/mapa%2Basturies%2Bfala.png\"><img decoding=\"async\" title=\"mapa%2Basturies%2Bfala\" src=\"http:\/\/2.bp.blogspot.com\/-ZwcngaUZsHA\/VX7GpioUb5I\/AAAAAAAAHDE\/Chwsm3yfmWY\/s1600\/mapa%2Basturies%2Bfala.png\" alt=\"mapa%2Basturies%2Bfala\" border=\"0\" \/><\/a><\/div>\n<p><span style=\"font-size: 18pt\"><u><b>FASTERA EO-NAVIEGA <\/b>(Entrambasauguas)<\/u><\/span><\/p>\n<div><span style=\"font-size: 18pt\"><b>1. Santiso d&#8217;Abres.<\/b>(O Chao)<\/span><\/div>\n<div><span style=\"font-size: 18pt\"><b>2. A Veiga <\/b>(A Veiga)<\/span><\/div>\n<div><span style=\"font-size: 18pt\"><b>3. Taramundi <\/b>(Taramundi)<\/span><\/div>\n<div><span style=\"font-size: 18pt\"><b>4. Vilanova d&#8217;Ozcos<\/b> (Vilanova)<\/span><\/div>\n<div><span style=\"font-size: 18pt\"><b>5. Samart\u00edn d&#8217;Ozcos <\/b>(Samart\u00edn)<\/span><\/div>\n<div><span style=\"font-size: 18pt\"><b>6. Santalla d&#8217;Ozcos<\/b> (Santalla)<\/span><\/div>\n<div><span style=\"font-size: 18pt\"><b>7. Grandas de Salime <\/b>(Grandas)<\/span><\/div>\n<div><span style=\"font-size: 18pt\"><b>8. Pez\u00f3s<\/b> (Pez\u00f3s)<\/span><\/div>\n<div><span style=\"font-size: 18pt\"><b>9. Eilao<\/b> (Eilao)<\/span><\/div>\n<div><span style=\"font-size: 18pt\"><b>10. Castropol<\/b> (Castropol)<\/span><\/div>\n<div><span style=\"font-size: 18pt\"><b>11. Tapia<\/b> (Tapia)<\/span><\/div>\n<div><span style=\"font-size: 18pt\"><b>12. El Franco<\/b> (El Franco)<\/span><\/div>\n<div><span style=\"font-size: 18pt\"><b>13. Bual <\/b>(Bual)<\/span><\/div>\n<div><span style=\"font-size: 18pt\"><b>14. Cua\u00f1a<\/b> (Cua\u00f1a)<\/span><\/div>\n<div><span style=\"font-size: 18pt\"><b>15. Navia<\/b> (Navia)<\/span><\/div>\n<div><span style=\"font-size: 18pt\"><b>16. Villay\u00f3n <\/b>(Villay\u00f3n)<\/span><\/div>\n<div><span style=\"font-size: 18pt\"><b>17. Allande <\/b>(La Puela)<\/span><\/div>\n<div><span style=\"font-size: 18pt\"><b>18. Ibias <\/b>(Santantol\u00edn)<\/span><\/div>\n<div class=\"separator\"><a href=\"http:\/\/4.bp.blogspot.com\/-3jAOUHVpV28\/VYAIhZp3oEI\/AAAAAAAAHDk\/6C0IhDbGv54\/s1600\/fala%2Boocidental.png\"><img decoding=\"async\" title=\"fala%2Boocidental\" src=\"http:\/\/4.bp.blogspot.com\/-3jAOUHVpV28\/VYAIhZp3oEI\/AAAAAAAAHDk\/6C0IhDbGv54\/s1600\/fala%2Boocidental.png\" alt=\"fala%2Boocidental\" border=\"0\" \/><\/a><\/div>\n<div><\/div>\n<div><span style=\"font-size: 18pt\"><b><u>OCCIDENTE D&#8217;ASTURIES<\/u><\/b><\/span><\/div>\n<div><span style=\"font-size: 18pt\"><b>19. Dega\u00f1a<\/b> (Dega\u00f1a)<\/span><\/div>\n<div><span style=\"font-size: 18pt\"><b>20. Cangas del Narcea<\/b> (Cangas)<\/span><\/div>\n<div><span style=\"font-size: 18pt\"><b>21. Tin\u00e9u<\/b> (Tin\u00e9u)<\/span><\/div>\n<div><span style=\"font-size: 18pt\"><b>22. Vald\u00e9s<\/b> (\u00a0\u1e36\u1e37uarca)<\/span><\/div>\n<div><span style=\"font-size: 18pt\"><b>23. Cuideiru<\/b> (Cuideiru)<\/span><\/div>\n<div><span style=\"font-size: 18pt\"><b>24. Salas <\/b>(Salas)<\/span><\/div>\n<div><span style=\"font-size: 18pt\"><b>25. Miranda<\/b> (Balmonte)<\/span><\/div>\n<div><span style=\"font-size: 18pt\"><b>26. Somiedu<\/b> (La Pola)<\/span><\/div>\n<div><span style=\"font-size: 18pt\"><b>27. Teberga <\/b>(La Plaza)<\/span><\/div>\n<div><span style=\"font-size: 18pt\"><b>28. Tameza <\/b>(Villabre)<\/span><\/div>\n<div><span style=\"font-size: 18pt\"><b>29. Grau <\/b>(Grau)<\/span><\/div>\n<div><span style=\"font-size: 18pt\"><b>30.\u00a0<\/b><b>Candamu\u00a0<\/b>(Grullos)<\/span><\/div>\n<div><span style=\"font-size: 18pt\"><b>31. Pravia <\/b>(Pravia)<\/span><\/div>\n<\/div>\n<div>\n<div><span style=\"font-size: 18pt\"><b>32. Muros <\/b>(Muros)<\/span><\/div>\n<\/div>\n<div>\n<div><span style=\"font-size: 18pt\"><b>33. Sotu&#8217;l Barcu <\/b>(Sotu&#8217;l barcu)<\/span><\/div>\n<\/div>\n<div>\n<div><span style=\"font-size: 18pt\"><b>34. Castrill\u00f3n <\/b>(Piedras Blancas)<\/span><\/div>\n<\/div>\n<div>\n<div><span style=\"font-size: 18pt\"><b>35. Illas <\/b>(Caizuela)<\/span><\/div>\n<\/div>\n<div>\n<div><span style=\"font-size: 18pt\"><b>36. Les Regueres <\/b>(Santuyanu)<\/span><\/div>\n<\/div>\n<div>\n<div><span style=\"font-size: 18pt\"><b>37. Santu Adrianu <\/b>(Villanueva)<\/span><\/div>\n<\/div>\n<div>\n<div><span style=\"font-size: 18pt\"><b>38. Proaza <\/b>(Proaza)<\/span><\/div>\n<\/div>\n<div>\n<div><span style=\"font-size: 18pt\"><b>39. Quir\u00f3s<\/b> (B\u00e1rzana)<\/span><\/div>\n<\/div>\n<div>\n<div class=\"separator\"><a href=\"http:\/\/4.bp.blogspot.com\/-dEfilfZ1vVQ\/VYALjrJ5MlI\/AAAAAAAAHDw\/TQpUX5Dkt44\/s1600\/centru.png\"><img decoding=\"async\" title=\"centru\" src=\"http:\/\/4.bp.blogspot.com\/-dEfilfZ1vVQ\/VYALjrJ5MlI\/AAAAAAAAHDw\/TQpUX5Dkt44\/s1600\/centru.png\" alt=\"centru\" border=\"0\" \/><\/a><\/div>\n<p><span style=\"font-size: 18pt\"><b><u>CENTRU\u00a0 D&#8217;ASTURIES<\/u><\/b><\/span><\/p>\n<div><span style=\"font-size: 18pt\"><b>40.\u00a0<\/b>\u00a0<b>\u1e36\u1e37<\/b><b>ena\u00a0<\/b>(La Pola)<\/span><\/div>\n<div><span style=\"font-size: 18pt\"><b>41. Ayer <\/b>(Cabanaquinta)<\/span><\/div>\n<div><span style=\"font-size: 18pt\"><b>42. Mieres <\/b>(Mieres)<\/span><\/div>\n<div><span style=\"font-size: 18pt\"><b>43. Riosa <\/b>(La Vega)<\/span><\/div>\n<div><span style=\"font-size: 18pt\"><b>44. Morc\u00edn <\/b>(Santolaya)<\/span><\/div>\n<div><span style=\"font-size: 18pt\"><b>45. La Ribera <\/b>(Soto Ribera)<\/span><\/div>\n<div><span style=\"font-size: 18pt\"><b>46. UVI\u00c9U<\/b> (Uvi\u00e9u)<\/span><\/div>\n<div><span style=\"font-size: 18pt\"><b>47. Llanera <\/b>(Posada)<\/span><\/div>\n<div><span style=\"font-size: 18pt\"><b>48. Corvera<\/b> (Nubleo)<\/span><\/div>\n<div><span style=\"font-size: 18pt\"><b>49. Avil\u00e9s <\/b>(Avil\u00e9s)<\/span><\/div>\n<div><span style=\"font-size: 18pt\"><b>50. Goz\u00f3n<\/b> (Lluanco)<\/span><\/div>\n<div><span style=\"font-size: 18pt\"><b>51. Carre\u00f1o<\/b> (Cand\u00e1s)<\/span><\/div>\n<div><span style=\"font-size: 18pt\"><b>52. Xix\u00f3n<\/b> (Xix\u00f3n)<\/span><\/div>\n<div><span style=\"font-size: 18pt\"><b>53. Nore\u00f1a<\/b> (Nore\u00f1a)<\/span><\/div>\n<div><span style=\"font-size: 18pt\"><b>54. Siero<\/b> (La Pola)<\/span><\/div>\n<div><span style=\"font-size: 18pt\"><b>55. Bimenes <\/b>(Martinporra)<\/span><\/div>\n<div><span style=\"font-size: 18pt\"><b>56. Llangr\u00e9u <\/b>(Sama)<\/span><\/div>\n<div><span style=\"font-size: 18pt\"><b>57. Samart\u00edn del Rei Aurelio <\/b>(Sotrondio)<\/span><\/div>\n<div><span style=\"font-size: 18pt\"><b>58. Llaviana<\/b> (La Pola)<\/span><\/div>\n<div><span style=\"font-size: 18pt\"><b>59. Sobrescobiu<\/b> (Rusecu)<\/span><\/div>\n<div><span style=\"font-size: 18pt\"><b>60. Casu <\/b>(El Campu)<\/span><\/div>\n<div><span style=\"font-size: 18pt\"><b>61. Ponga<\/b> (San Xuan)<\/span><\/div>\n<div><span style=\"font-size: 18pt\"><b>62. Pilo\u00f1a<\/b> (L&#8217;Infiestu)<\/span><\/div>\n<div><span style=\"font-size: 18pt\"><b>63. Nava<\/b> (Nava)<\/span><\/div>\n<div><span style=\"font-size: 18pt\"><b>64. Cabranes <\/b>(Santolaya)<\/span><\/div>\n<div><span style=\"font-size: 18pt\"><b>65. Sariegu <\/b>(Vega)<\/span><\/div>\n<div><span style=\"font-size: 18pt\"><b>66. Villaviciosa <\/b>(Villaviciosa)<\/span><\/div>\n<div><span style=\"font-size: 18pt\"><b>67. Colunga <\/b>(Colunga)<\/span><\/div>\n<div><span style=\"font-size: 18pt\"><b>68. Caravia <\/b>(Prau)<\/span><\/div>\n<div class=\"separator\"><span style=\"font-size: 18pt\"><a href=\"http:\/\/4.bp.blogspot.com\/-OqaVgTUv5SI\/VYAO6hBembI\/AAAAAAAAHD8\/BO3p-li9Q4g\/s1600\/oriente.png\"><img decoding=\"async\" title=\"oriente\" src=\"http:\/\/4.bp.blogspot.com\/-OqaVgTUv5SI\/VYAO6hBembI\/AAAAAAAAHD8\/BO3p-li9Q4g\/s1600\/oriente.png\" alt=\"oriente\" border=\"0\" \/><\/a><\/span><\/div>\n<p><span style=\"font-size: 18pt\"><b><u>L&#8217;ORIENTE\u00a0 D&#8217;ASTURIES<\/u><\/b><\/span><\/p>\n<div><span style=\"font-size: 18pt\"><b>69. Ribeseya<\/b>\u00a0(Ribeseya)<\/span><\/div>\n<div><span style=\"font-size: 18pt\"><b>70. Parres <\/b>(Les Arriondes)<\/span><\/div>\n<div><span style=\"font-size: 18pt\"><b>71. Amieva<\/b> (Sames)<\/span><\/div>\n<div><span style=\"font-size: 18pt\"><b>72. Cangues d&#8217;On\u00eds<\/b> (Cangues)<\/span><\/div>\n<div><span style=\"font-size: 18pt\"><b>73. On\u00eds <\/b>(Benia)<\/span><\/div>\n<div><span style=\"font-size: 18pt\"><b>74. Llanes<\/b> (Llanes)<\/span><\/div>\n<div><span style=\"font-size: 18pt\"><b>75. Cabrales <\/b>(Carre\u00f1a)<\/span><\/div>\n<div><span style=\"font-size: 18pt\"><b>76. Pe\u00f1amellera Alta <\/b>(Alles)<\/span><\/div>\n<div><span style=\"font-size: 18pt\"><b>77. Pe\u00f1amellera Baxa <\/b>(Panes)<\/span><\/div>\n<div><span style=\"font-size: 18pt\"><b>78. Ribadeva <\/b>(Colombres)<\/span><\/div>\n<p><b><br \/>\n<\/b> <b>La xera:<\/b><br \/>\nVamos ver si somos quienes a dir faciendo nesti mapa dixital tolos conceyos asturianos:<\/p>\n<div class=\"separator\"><a href=\"http:\/\/mapasinteractivos.didactalia.net\/comunidad\/mapasflashinteractivos\/recurso\/conceyos-dasturies-puzzle\/48797f1d-864f-4493-89a5-9be11f45b112\" target=\"_blank\" rel=\"noopener\"><img loading=\"lazy\" decoding=\"async\" class=\"\" title=\"Copia_de_d7d3f72e-d4c5-ccbe-446a-2dbd79768c79_phixr\" src=\"http:\/\/3.bp.blogspot.com\/-2Cq9RYt9X80\/VYAYySnuyPI\/AAAAAAAAHEY\/DrEM66ePtNs\/s400\/Copia_de_d7d3f72e-d4c5-ccbe-446a-2dbd79768c79_phixr.JPG\" alt=\"Copia_de_d7d3f72e-d4c5-ccbe-446a-2dbd79768c79_phixr\" width=\"586\" height=\"406\" border=\"0\" \/><\/a><\/div>\n<p><b><br \/>\n<\/b> Y agora vamos a xugar al xuegu de los conceyos d&#8217;<a href=\"http:\/\/asturies.com\/\">Asturies.com<\/a>. A ver cuantes cabeceres reucerdes&#8230;<br \/>\n<b><br \/>\n<\/b><\/p>\n<div class=\"separator\"><a href=\"http:\/\/www.asturies.com\/xuegumapa\/index.html\" target=\"_blank\" rel=\"noopener\"><img loading=\"lazy\" decoding=\"async\" class=\"alignnone\" title=\"map2sombreadosa\" src=\"http:\/\/4.bp.blogspot.com\/-_gifjPJ58NE\/VYAZP7iqucI\/AAAAAAAAHEg\/iBia7QbklqI\/s400\/map2sombreadosa.jpg\" alt=\"map2sombreadosa\" width=\"581\" height=\"257\" border=\"0\" \/><\/a><\/div>\n<p style=\"text-align: center\">\n<\/div>\n<\/div>\n<\/div>\n<\/div>\n<p>&nbsp;<\/p>\n","protected":false},"excerpt":{"rendered":"<p>La poblaci\u00f3n de Asturias Actividad en castellano Activid\u00e1\u00a0 n\u00b4asturianu Asturias: ver final p\u00e1gina mapa densidad poblaci\u00f3n y habitantes &#8230; IDEPA: Evoluci\u00f3n de la poblaci\u00f3n &nbsp; MAPA Poblaci\u00f3n por Municipios 2018 MAPA Densidad Poblaci\u00f3n 2018 MAPA Crecimiento Poblaci\u00f3n 1998-2008 MAPA Crecimiento Poblaci\u00f3n 2008-2018 El mapa ha sido elaborado a partir de la relaci\u00f3n existente entre la [&hellip;]<\/p>\n","protected":false},"author":117,"featured_media":0,"parent":2525,"menu_order":0,"comment_status":"closed","ping_status":"closed","template":"","meta":{"footnotes":""},"class_list":["post-2675","page","type-page","status-publish","hentry","post-preview"],"_links":{"self":[{"href":"https:\/\/edublog.educastur.es\/corredoria3\/wp-json\/wp\/v2\/pages\/2675","targetHints":{"allow":["GET"]}}],"collection":[{"href":"https:\/\/edublog.educastur.es\/corredoria3\/wp-json\/wp\/v2\/pages"}],"about":[{"href":"https:\/\/edublog.educastur.es\/corredoria3\/wp-json\/wp\/v2\/types\/page"}],"author":[{"embeddable":true,"href":"https:\/\/edublog.educastur.es\/corredoria3\/wp-json\/wp\/v2\/users\/117"}],"replies":[{"embeddable":true,"href":"https:\/\/edublog.educastur.es\/corredoria3\/wp-json\/wp\/v2\/comments?post=2675"}],"version-history":[{"count":29,"href":"https:\/\/edublog.educastur.es\/corredoria3\/wp-json\/wp\/v2\/pages\/2675\/revisions"}],"predecessor-version":[{"id":4787,"href":"https:\/\/edublog.educastur.es\/corredoria3\/wp-json\/wp\/v2\/pages\/2675\/revisions\/4787"}],"up":[{"embeddable":true,"href":"https:\/\/edublog.educastur.es\/corredoria3\/wp-json\/wp\/v2\/pages\/2525"}],"wp:attachment":[{"href":"https:\/\/edublog.educastur.es\/corredoria3\/wp-json\/wp\/v2\/media?parent=2675"}],"curies":[{"name":"wp","href":"https:\/\/api.w.org\/{rel}","templated":true}]}}