{"id":2679,"date":"2021-01-16T20:21:08","date_gmt":"2021-01-16T18:21:08","guid":{"rendered":"https:\/\/edublog.educastur.es\/corredoria3\/?page_id=2679"},"modified":"2021-02-25T21:03:18","modified_gmt":"2021-02-25T19:03:18","slug":"sesion-04","status":"publish","type":"page","link":"https:\/\/edublog.educastur.es\/corredoria3\/6o-pri\/cultura-asturiana\/segundo-trimestre\/sesion-04\/","title":{"rendered":"Sesi\u00f3n 04"},"content":{"rendered":"<p style=\"text-align: center\"><a href=\"https:\/\/edublog.educastur.es\/corredoria3\/6o-pri\/cultura-asturiana\/segundo-trimestre\/sesion-04\/\"><strong><em><span style=\"font-size: 18pt\">H\u00aa Edad Contempor\u00e1nea: Econom\u00eda&#8230;<\/span><\/em><\/strong><\/a><\/p>\n<p><img loading=\"lazy\" decoding=\"async\" class=\"aligncenter wp-image-3101 size-thumbnail\" src=\"http:\/\/edublog.educastur.es\/corredoria3\/files\/2021\/02\/eco-300x259.jpg\" alt=\"\" width=\"300\" height=\"259\" srcset=\"https:\/\/edublog.educastur.es\/corredoria3\/files\/2021\/02\/eco-300x259.jpg 300w, https:\/\/edublog.educastur.es\/corredoria3\/files\/2021\/02\/eco-600x518.jpg 600w, https:\/\/edublog.educastur.es\/corredoria3\/files\/2021\/02\/eco-1024x885.jpg 1024w, https:\/\/edublog.educastur.es\/corredoria3\/files\/2021\/02\/eco-768x663.jpg 768w, https:\/\/edublog.educastur.es\/corredoria3\/files\/2021\/02\/eco-676x584.jpg 676w, https:\/\/edublog.educastur.es\/corredoria3\/files\/2021\/02\/eco.jpg 1483w\" sizes=\"auto, (max-width: 300px) 100vw, 300px\" \/><\/p>\n<ul>\n<li><a href=\"https:\/\/educastur-my.sharepoint.com\/:b:\/g\/personal\/isabellh_educastur_org\/Ea86iKeRH1ZMgxZiwVtHLIgBTXax8IqEnM5wPS5pHLVopw?e=VmVBn8\"><strong><em><span style=\"font-size: 14pt\">Actividad en castellano<\/span><\/em><\/strong><\/a><\/li>\n<li><a href=\"https:\/\/educastur-my.sharepoint.com\/:b:\/g\/personal\/isabellh_educastur_org\/Ee05nN2HTnhGq3YGdurWp3MBP08Tz-9063ox0omdcd0VTQ?e=LiKn7Y\"><strong><em><span style=\"font-size: 14pt\">Activida n\u00b4asturianu<\/span><\/em><\/strong><\/a><\/li>\n<\/ul>\n<hr \/>\n<ul>\n<li><span style=\"font-size: 14pt\"><strong><a href=\"https:\/\/datosmacro.expansion.com\/ccaa\/asturias\">ALGUNOS DATOS MACRO SOBRE ECONOM\u00cdA<\/a><\/strong><\/span><\/li>\n<li><strong>Asturias<\/strong> con una superficie de 10.604 Km<sup>2<\/sup>, es una comunidad aut\u00f3noma de tama\u00f1o mediano.<\/li>\n<li>Tiene una <a title=\"poblaci\u00f3n de Asturias\" href=\"https:\/\/datosmacro.expansion.com\/demografia\/poblacion\/espana-comunidades-autonomas\/asturias\">poblaci\u00f3n<\/a> de 1.018.899 habitantes, es decir es la 14\u00ba Comunidad de Espa\u00f1a en cuanto a poblaci\u00f3n se refiere. Su densidad de poblacion, de 96 habitantes por Km<sup>2<\/sup>, es similar a la <a href=\"https:\/\/datosmacro.expansion.com\/paises\/espana\">densidad de poblaci\u00f3n de Espa\u00f1a<\/a>&#8230;<\/li>\n<li>Su <a title=\"PIB de Asturias\" href=\"https:\/\/datosmacro.expansion.com\/pib\/espana-comunidades-autonomas\/asturias\">PIB<\/a> es de 23.765M.\u20ac euros, lo que la sit\u00faa como la 13\u00aa <a href=\"https:\/\/datosmacro.expansion.com\/paises\/espana\">econom\u00eda de Espa\u00f1a<\/a> por volumen de PIB. En cuanto al PIB per c\u00e1pita, que es un buen \u00edndicador de la calidad de vida, en Asturias en 2019, fue de <strong>23.299\u20ac euros,<\/strong> frente a los 26.430\u20ac euros de PIB per c\u00e1pita en Espa\u00f1a.<\/li>\n<li><\/li>\n<li><span class=\"ILfuVd\" style=\"color: #0000ff\"><span class=\"hgKElc\"><strong>POBLACI\u00d3N ACTIVA (la que trabaja estando en edad de trabajar, es la suma de poblaci\u00f3n OCUPADA + DESEMPLEADA)<\/strong> <\/span><\/span><\/li>\n<li><span class=\"ILfuVd\"><span class=\"hgKElc\"><span style=\"color: #0000ff\">La poblaci\u00f3n activa es la que en el periodo de referencia est\u00e1 ocupada (trabaja) o est\u00e1 disponible para trabajar y quiere hacerlo (poblaci\u00f3n desempleada).<\/span> <\/span><\/span><\/li>\n<li><span class=\"ILfuVd\"><span class=\"hgKElc\">En el cuarto trimestre del a\u00f1o <b>2020<\/b>, <b>Asturias<\/b> contaba con una <b>poblaci\u00f3n activa<\/b> de 444,8 mil personas, de las cuales 384,7 mil estaban ocupadas<\/span><\/span><\/li>\n<li><span class=\"ILfuVd\"><span class=\"hgKElc\">Desempleo: una <strong>tasa de paro del 13,50%<\/strong>, 3 puntos inferior a la media de Espa\u00f1a que ascendi\u00f3 al 16,13%.<br \/>\n<\/span><\/span><\/li>\n<\/ul>\n<p><span style=\"color: #333399\">El <span style=\"text-decoration: underline\"><strong>PIB (<\/strong><\/span><i><span style=\"text-decoration: underline\"><strong>producto interior bruto)<\/strong><\/span> es el<\/i> conjunto de los bienes y servicios producidos en un pa\u00eds durante un espacio de tiempo, generalmente un a\u00f1o. Es un indicador representativo que <strong>ayuda a medir el <span style=\"text-decoration: underline\">crecimiento o decrecimiento<\/span> de la producci\u00f3n de bienes y servicios<\/strong> de las empresas de una zona. Se usa para medir el rendimiento global de una econom\u00eda.<\/span><\/p>\n<ul>\n<li>\n<h2><span id=\"Datos_econ\u00f3micos_a\u00f1o_2020\" class=\"mw-headline\"><span style=\"font-size: 18pt;color: #333399\">Datos econ\u00f3micos a\u00f1o 2020 en Asturias<\/span><br \/>\n<\/span><\/h2>\n<\/li>\n<\/ul>\n<pre><span style=\"color: #333399\">      * Sector servicios: 56.387 (82,5%)\r\n      * Sector construcci\u00f3n: 8.463 (12,4%)\r\n      * Sector industria: 3.518 (5,1%)<\/span><\/pre>\n<p style=\"text-align: center\"><a href=\"https:\/\/caleyandoporvaldes.files.wordpress.com\/2019\/05\/pib-per-capita.jpg?w=640\"><img loading=\"lazy\" decoding=\"async\" class=\"aligncenter\" src=\"https:\/\/caleyandoporvaldes.files.wordpress.com\/2019\/05\/pib-per-capita.jpg?w=640\" alt=\"\" width=\"386\" height=\"462\" \/><\/a><\/p>\n<hr \/>\n<p style=\"text-align: center\"><span style=\"font-size: 24pt\"><strong><span style=\"color: #008080\"><em>Sectores Econ\u00f3micos en Asturias<\/em><\/span><\/strong><\/span><\/p>\n<p>\u00a0 <a href=\"https:\/\/imgbox.es\/images\/2021\/02\/02\/Ast_sectoresf2881a5c17bdccb4.jpg\"><img loading=\"lazy\" decoding=\"async\" class=\"alignnone\" src=\"https:\/\/imgbox.es\/images\/2021\/02\/02\/Ast_sectoresf2881a5c17bdccb4.jpg\" alt=\"\" width=\"455\" height=\"281\" \/><\/a>\u00a0 \/ <a href=\"https:\/\/imgbox.es\/images\/2021\/02\/02\/ast_sectores58207eaab037dfbf.jpg\"><img loading=\"lazy\" decoding=\"async\" class=\"alignnone\" src=\"https:\/\/imgbox.es\/images\/2021\/02\/02\/ast_sectores58207eaab037dfbf.jpg\" alt=\"\" width=\"427\" height=\"346\" \/><\/a>\/<\/p>\n<p>&nbsp;<\/p>\n<blockquote>\n<ul>\n<li><span style=\"color: #800080;font-size: 18pt\"><span style=\"font-size: 14pt\"><em>OJO! Corregir datos de la hoja alumnado:<\/em> <\/span><br \/>\n<strong>Primario 6% + Secundario 30 % + Terciario 65 %<\/strong><\/span><\/li>\n<\/ul>\n<\/blockquote>\n<ul>\n<li><span style=\"color: #008080;font-size: 14pt\"><strong><em>PRIMARIO:<\/em><\/strong><em><strong> 6%<\/strong> destaca la <strong>agricultura<\/strong>, dedicada al ma\u00edz, la patata, la manzana (sidra). Los pastos tambi\u00e9n han propiciado una <strong>ganader\u00eda<\/strong> muy importante. Destacan tambi\u00e9n las ligadas a la extracci\u00f3n de recursos naturales como la <strong>pesca, la explotaci\u00f3n forestal<\/strong> y la <strong>miner\u00eda <\/strong>(sector en retroceso, muy importante en la antig\u00fcedad). <\/em><\/span><span style=\"font-size: 14pt\"><em>El sector primario viene determinado en gran parte por las condiciones monta\u00f1osas y clim\u00e1ticas de la comunidad.<\/em><\/span><span style=\"color: #008080;font-size: 14pt\"><em><br \/>\n<\/em><\/span><\/li>\n<li>L<span style=\"font-size: 14pt\">a<strong> ganader\u00eda<\/strong> representa un % muy alto de la <strong>producci\u00f3n, sobre todo la leche de vaca. <\/strong><a href=\"https:\/\/edublog.educastur.es\/corredoria3\/3o-pri\/cultura-asturiana\/segundo-trimestre\/sesion-02\/la-ternera-asturiana\/\"><em>VER MARCAS<\/em><\/a><strong><br \/>\n<\/strong><\/span><\/li>\n<li><em><span style=\"font-size: 14pt\"><strong>Los niveles de productividad son bajos<\/strong> debido a:<br \/>\n(a) reducido tama\u00f1o de las explotaciones,<br \/>\n(b) uso de parcelas peque\u00f1as,<br \/>\n(c) envejecimiento de la poblaci\u00f3n que trabaja en el sector.<\/span><\/em><\/li>\n<li><span style=\"color: #008080;font-size: 14pt\"><strong><em>SECUNDARIO: 30 % <\/em><\/strong><em>sobresale por la <strong>fabricaci\u00f3n de metal<\/strong> y de<strong> barcos<\/strong>, por la <strong>elaboraci\u00f3n de alimentos<\/strong> y <strong>productos qu\u00edmicos<\/strong>.<br \/>\nTambi\u00e9n incluye la miner\u00eda ???, producci\u00f3n de energ\u00eda y la construcci\u00f3n.<br \/>\nIndustria agroalimentaria (gran crecimiento) = productos hort\u00edcolas, l\u00e1cteos y c\u00e1rnicos.<br \/>\n<\/em><\/span><span style=\"font-size: 14pt\"><em>Industria que transforma los recursos naturales en productos manufacturados.<br \/>\nEmplea en Asturias casi al 30% de la poblaci\u00f3n activa.<br \/>\n<\/em><\/span><\/li>\n<li><span style=\"font-size: 14pt\"><span style=\"color: #008080\"><strong><em>TERCIARIO \/ SERVICIOS: 65 % <\/em><\/strong><\/span><em><span style=\"color: #008080\">con alta especializaci\u00f3n en el<strong> turismo<\/strong>, <\/span>se ha desarrollado gracias a los monumentos hist\u00f3ricos y sus paisajes naturales. <span style=\"color: #008080\"><br \/>\n<\/span> <\/em><\/span><\/li>\n<\/ul>\n<p><img loading=\"lazy\" decoding=\"async\" class=\"size-full aligncenter\" src=\"https:\/\/imgbox.es\/images\/2021\/02\/02\/Ast_sectoresf2881a5c17bdccb4.jpg\" width=\"502\" height=\"310\" \/><\/p>\n<hr \/>\n<p><a href=\"http:\/\/4.bp.blogspot.com\/-JVZLNqeSnv0\/U6pfTZBZmiI\/AAAAAAAAAIA\/-gtvPTPmVGg\/s1600\/DF.jpg\"><img loading=\"lazy\" decoding=\"async\" class=\"aligncenter\" src=\"http:\/\/4.bp.blogspot.com\/-JVZLNqeSnv0\/U6pfTZBZmiI\/AAAAAAAAAIA\/-gtvPTPmVGg\/s1600\/DF.jpg\" alt=\"\" width=\"944\" height=\"574\" \/><\/a><\/p>\n<ul>\n<li><em><strong><span style=\"color: #0000ff\">ACTIVIDADES ECON\u00d3MICAS: <\/span><\/strong><span style=\"color: #0000ff\">conjunto de acciones que realiza el hombre <\/span><strong><span style=\"color: #0000ff\">para satisfacer sus necesidades (<a href=\"https:\/\/conamorpublicidad.files.wordpress.com\/2011\/05\/1-2-jerarquia-de-las-necesidades-segun-maslow.jpg\"><span style=\"color: #008080\">Pir\u00e1mide Maslow<\/span><\/a>), mediante la producci\u00f3n, el intercambio y el consumo.<\/span><\/strong><\/em><\/li>\n<li><em><span style=\"color: #0000ff\"><strong>1\u00ba \/ PRIMARIO:<\/strong> <\/span><strong>Agricultura \/ Ganader\u00eda \/ Pesca \/ Caza \/ Miner\u00eda<\/strong><\/em><\/li>\n<li><em><span style=\"color: #0000ff\"><strong>2\u00ba \/ SECUNDARIO<\/strong><\/span>: <strong>Industria \/ Construcci\u00f3n. <\/strong>A<span class=\"ILfuVd\"><span class=\"hgKElc\">ctividades econ\u00f3micas cuya finalidad\u00a0 es producir bienes y transformarlos en productos elaborados.<br \/>\n<\/span><\/span><\/em><em><strong><br \/>\n<\/strong><\/em><\/li>\n<li><em><span style=\"color: #0000ff\"><strong>3\u00ba \/ TERCIARIO<\/strong>:\u00a0<\/span> <strong>Comercio \/ Servicios<\/strong> (Sociales, personales, culturales, transportes, financieros, adminisrativos, turismo y ocio, informaci\u00f3n y comunicaci\u00f3n). <span class=\"ILfuVd\"><span class=\"hgKElc\">Es decir, aquellas actividades econ\u00f3micas, cuya finalidad no es producir bienes ni transformarlos, sino <strong>distribuir bienes y prestar servicios.<\/strong><\/span><\/span><br \/>\n<\/em><\/li>\n<\/ul>\n<hr \/>\n<p style=\"text-align: center\"><span style=\"font-size: 18pt;color: #008080\"><em><strong>Sectores Econ\u00f3micos Espa\u00f1a<\/strong><\/em><\/span><\/p>\n<p style=\"text-align: center\"><a href=\"http:\/\/content.vicensvivesdigital.com\/images\/img_212166.jpg\"><img loading=\"lazy\" decoding=\"async\" class=\"aligncenter\" src=\"http:\/\/content.vicensvivesdigital.com\/images\/img_212166.jpg\" alt=\"\" width=\"801\" height=\"700\" \/><\/a><\/p>\n<ul>\n<li><span style=\"color: #0000ff\"><strong><em>Uno de cada diez euros de la riqueza del Principado lo genera el sector agroalimentario.<\/em><\/strong><\/span><\/li>\n<li>La actividad agroalimentaria lograr\u00eda alcanzar ya a la tur\u00edstica como uno de los grandes motores de la actividad econ\u00f3mica de Asturias.<\/li>\n<li><span style=\"color: #0000ff\">El sector agroalimentario asturiano se asienta sobre<strong> cinco pilares fundamentales: el l\u00e1cteo, el c\u00e1rnico, hortofruticultura, conservas y sidra.<\/strong><\/span><\/li>\n<\/ul>\n<p style=\"text-align: center\"><a href=\"https:\/\/imgbox.es\/images\/2021\/02\/02\/Ast_Primariob50a1a8335b9ba58.jpg\"><img loading=\"lazy\" decoding=\"async\" class=\"aligncenter\" src=\"https:\/\/imgbox.es\/images\/2021\/02\/02\/Ast_Primariob50a1a8335b9ba58.jpg\" alt=\"\" width=\"1161\" height=\"776\" \/><\/a><\/p>\n<p style=\"text-align: center\"><a href=\"https:\/\/imgbox.es\/images\/2021\/02\/02\/Ast_primario_1a013c02a97ec0ebf.jpg\"><img loading=\"lazy\" decoding=\"async\" class=\"aligncenter\" src=\"https:\/\/imgbox.es\/images\/2021\/02\/02\/Ast_primario_1a013c02a97ec0ebf.jpg\" alt=\"\" width=\"1125\" height=\"635\" \/><\/a><\/p>\n<p>&nbsp;<\/p>\n<p style=\"text-align: center\"><a href=\"https:\/\/imgbox.es\/images\/2021\/02\/02\/Ast_Secundario501315bd4095f2d9.jpg\"><img loading=\"lazy\" decoding=\"async\" class=\"alignnone\" src=\"https:\/\/imgbox.es\/images\/2021\/02\/02\/Ast_Secundario501315bd4095f2d9.jpg\" alt=\"\" width=\"1145\" height=\"744\" \/><\/a><\/p>\n<ul>\n<li><span class=\"ILfuVd\" style=\"font-size: 14pt\"><span class=\"hgKElc\">La <strong>Uni\u00f3n Europea<\/strong> es una de las regiones m\u00e1s industrializadas del mundo, sobre todo Alemania, noroeste de Francia, sur de Gran Breta\u00f1a, norte de Italia.<\/span><\/span><\/li>\n<li><span style=\"font-size: 14pt;color: #008080\">Espa\u00f1a es uno de los pa\u00edses m\u00e1s industrializados del mundo, existiendo diversos espacios:<\/span><br \/>\n<span style=\"font-size: 14pt;color: #008080\"><strong>(A) INDUSTRIAS TRADICIONALES: siderurgia, confecci\u00f3n, calzado y mueble.<\/strong><\/span><br \/>\n<span style=\"font-size: 14pt;color: #008080\">Utilizan gran cantidad de recursos naturales y mano de obra poco cualificada.<\/span><br \/>\n<span style=\"font-size: 14pt;color: #008080\"><strong>(B) INDUSTRIA DE ALTA TECNOLOG\u00cdA: farmac\u00e9utica, inform\u00e1tica y electr\u00f3nica.<\/strong><\/span><br \/>\n<span style=\"font-size: 14pt;color: #008080\">Est\u00e1n dominadas por empresas multinacionales. Su mano de obra es muy cualificada.<\/span><\/li>\n<\/ul>\n<p><a href=\"https:\/\/imgbox.es\/images\/2021\/02\/02\/WhatsApp-Image-2021-02-02-at-22.11.50eb0c8669931c3907.jpg\"><img loading=\"lazy\" decoding=\"async\" class=\"aligncenter\" src=\"https:\/\/imgbox.es\/images\/2021\/02\/02\/WhatsApp-Image-2021-02-02-at-22.11.50eb0c8669931c3907.jpg\" alt=\"\" width=\"1599\" height=\"1294\" \/><\/a><\/p>\n<p style=\"text-align: center\"><a href=\"http:\/\/content.vicensvivesdigital.com\/images\/img_212192.jpg\"><img loading=\"lazy\" decoding=\"async\" class=\"alignnone\" src=\"http:\/\/content.vicensvivesdigital.com\/images\/img_212192.jpg\" alt=\"\" width=\"810\" height=\"700\" \/><\/a><\/p>\n<p>&nbsp;<\/p>\n<p><span style=\"font-size: 18pt;color: #008080\"><strong><em>Sector Terciario en Espa\u00f1a<\/em> <\/strong><\/span><\/p>\n<p style=\"text-align: center\"><a href=\"https:\/\/cursa.ihmc.us\/rid=1P1K6G8ZP-ZLSLP-27X4\/13.3%20-EL%20SECTOR%20TERCIARIO%20EN%20ESPA%C3%91A.cmap?rid=1P1K6G8ZP-ZLSLP-27X4&amp;partName=htmljpeg\"><img loading=\"lazy\" decoding=\"async\" class=\"aligncenter\" src=\"https:\/\/cursa.ihmc.us\/rid=1P1K6G8ZP-ZLSLP-27X4\/13.3%20-EL%20SECTOR%20TERCIARIO%20EN%20ESPA%C3%91A.cmap?rid=1P1K6G8ZP-ZLSLP-27X4&amp;partName=htmljpeg\" alt=\"\" width=\"1076\" height=\"565\" \/><\/a><\/p>\n<p style=\"text-align: center\"><a href=\"https:\/\/paisajesyterritoriosgeo2.files.wordpress.com\/2010\/12\/poblacionservicios1.gif\"><img loading=\"lazy\" decoding=\"async\" class=\"alignleft\" src=\"https:\/\/paisajesyterritoriosgeo2.files.wordpress.com\/2010\/12\/poblacionservicios1.gif\" alt=\"\" width=\"352\" height=\"385\" \/><\/a>\/ <a href=\"https:\/\/i.pinimg.com\/originals\/bf\/b2\/93\/bfb29388275b8122dbf368601c5a639c.png\"><img loading=\"lazy\" decoding=\"async\" class=\"alignnone\" src=\"https:\/\/i.pinimg.com\/originals\/bf\/b2\/93\/bfb29388275b8122dbf368601c5a639c.png\" alt=\"\" width=\"464\" height=\"389\" \/><\/a><\/p>\n<hr \/>\n<p style=\"text-align: center\"><img loading=\"lazy\" decoding=\"async\" class=\"aligncenter\" src=\"https:\/\/www.icontainers.com\/resources\/img\/blog\/original\/principales-exportaciones-importaciones-espa%c3%b1a.png\" width=\"470\" height=\"235\" \/><\/p>\n<div class=\"blog-open-content\">\n<p><span style=\"font-size: 14pt;color: #008080\">Los grandes socios comerciales de <a style=\"color: #008080\" href=\"https:\/\/www.icontainers.com\/es\/transporte-maritimo\/espana\/\">Espa\u00f1a<\/a> en Europa son <strong><a style=\"color: #008080\" href=\"https:\/\/www.icontainers.com\/es\/2019\/03\/12\/que-exporta-alemania\/\">Alemania<\/a>, Francia e Italia<\/strong>, adem\u00e1s de <a style=\"color: #008080\" href=\"https:\/\/www.icontainers.com\/es\/2018\/03\/13\/que-importa-estados-unidos\/\">Estados Unidos<\/a> al otro lado del charco. <strong>Francia es la mayor beneficiaria de las exportaciones espa\u00f1olas ya que recibe el 15,3% del total de las mismas<\/strong>. De hecho, <\/span><strong><span style=\"font-size: 14pt;color: #008080\">Espa\u00f1a se sit\u00faa en el n\u00famero 16 en el ranking mundial de econom\u00edas exportadoras. <\/span><br \/>\n<\/strong><\/p>\n<h2 id=\"importaciones\" style=\"text-align: center\"><span style=\"color: #800080\">Importaciones (COMPRAMOS):<\/span><\/h2>\n<ul>\n<li id=\"petr\u00f3leo-crudo\"><span style=\"font-size: 14pt\"><strong><span style=\"color: #800080\">Petr\u00f3leo crudo: <\/span><\/strong>Dentro de Europa, Espa\u00f1a es la sexta mayor consumidora de energ\u00eda, pero no cuenta con producci\u00f3n dom\u00e9stica de gas natural ni combustible l\u00edquido. Importamos petr\u00f3leo de Nigeria, M\u00e9xico, Rusia, Irak y Arabia Saud\u00ed. El pa\u00eds requiere un <a href=\"https:\/\/www.eia.gov\/international\/analysis\/country\/ESP\" target=\"_blank\" rel=\"noopener\">46% de combustible l\u00edquido<\/a> para su consumo de energ\u00eda. .<\/span><\/li>\n<li id=\"acero\"><span style=\"font-size: 14pt\"><span style=\"color: #800080\"><strong>Acero:<\/strong><\/span> <strong>Espa\u00f1a es el 14\u00ba mayor importador de acero del mundo<\/strong>. Varias industrias en Espa\u00f1a requieren del acero, como la automovil\u00edstica o la de fabricaci\u00f3n de armas. Espa\u00f1a compra acero desde hace siglos, cuando se convirti\u00f3 en un fuerte proveedor de armas para varios ej\u00e9rcitos.<\/span><\/li>\n<li id=\"vestimenta-y-textiles\"><span style=\"font-size: 14pt\"><span style=\"color: #800080\"><strong>Vestimenta y textiles: <\/strong><\/span>Los pa\u00edses desde los que importa Espa\u00f1a sus textiles son <strong>China, Marruecos, Portugal, Bangladesh y Turqu\u00eda<\/strong>. Espa\u00f1a es el sexto mayor importador de textiles del mundo. Los dise\u00f1adores buscan diversificaci\u00f3n en sus tejidos a medida que crece su industria. Esto lleva a buscar m\u00e1s tejidos que satisfagan la demanda, sobre todo si se trata de un tejido cotizado.<\/span><\/li>\n<\/ul>\n<h2 id=\"exportaciones\" style=\"text-align: center\"><span style=\"color: #800080\">Exportaciones (VENDEMOS):<\/span><\/h2>\n<ul>\n<li id=\"piezas-y-accesorios-automovil\u00edsticos\"><span style=\"font-size: 14pt\"><span style=\"color: #800080\"><strong>Piezas y accesorios automovil\u00edsticos:<\/strong><\/span> Los coches representan una gran parte de las exportaciones espa\u00f1olas. <strong>Las exportaciones de coches del pa\u00eds han hecho de \u00e9l el octavo mayor productor automovil\u00edstico del mundo<\/strong>. De hecho, solo Alemania le supera.Espa\u00f1a fabrica varios modelos de coche: Nissan, SEAT, Ford, Renault, Volkswagen, Opel, Mercedes-Benz, PSA y Peugeout-Citroen. Todos e stos coches son confeccionados en diferentes ciudades espa\u00f1olas como Barcelona, Vigo, Figueruelas y Martorell. Nueve de cada diez coches manufacturados en territorio espa\u00f1ol se exportan a m\u00e1s de 130 pa\u00edses. Sus piezas y accesorios automovil\u00edsticos son los sextos m\u00e1s usados del mundo. De hecho, <strong>la <a href=\"https:\/\/www.investinspain.org\/invest\/wcm\/idc\/groups\/public\/documents\/documento\/mde0\/mjyw\/~edisp\/doc2014260495.pdf\" target=\"_blank\" rel=\"noopener\">industria automovil\u00edstica<\/a> en Espa\u00f1a representa el 10% del PIB del pa\u00eds<\/strong>.<\/span><\/li>\n<li id=\"petr\u00f3leo-refinado\"><span style=\"font-size: 14pt\"><strong><span style=\"color: #800080\">Petr\u00f3leo refinado:<\/span><\/strong> Espa\u00f1a importa petr\u00f3leo crudo y desde sus refiner\u00edas elabora petr\u00f3leo refinado que luego se exporta. Algunos de los productos incluyen productos de petr\u00f3leo refinado como <span style=\"color: #800080\">fueloil, gasoil, lubricantes, keroseno y asfalto<\/span>, entre otros.<\/span><\/li>\n<li id=\"f\u00e1rmacos\"><span style=\"font-size: 14pt\"><span style=\"color: #800080\"><strong>F\u00e1rmacos:<\/strong> <\/span>Espa\u00f1a es conocida por sus f\u00e1rmacos y medicamentos. <strong>Las grandes empresas farmac\u00e9uticas del pa\u00eds siempre han sido de las mayores exportadoras desde Espa\u00f1a.<\/strong> Una empresa como GSK cuenta con un 3,8% de la cuota de mercado de la industria farmac\u00e9utica. Cinfa, Bayer, Johnson and Johnson y Sanofi-Aventis son tambi\u00e9n otros de los grandes jugadores del mercado en Espa\u00f1a.<\/span><\/li>\n<li id=\"aceite-de-oliva\"><span style=\"font-size: 14pt\"><strong><span style=\"color: #800080\">Aceite de oliva:<\/span> <\/strong>es una de las grandes fuentes de ingresos en cuanto a exportaciones ya que se trata de la principal exportaci\u00f3n agricultora. <strong>La demanda de aceite de oliva espa\u00f1ol sigue siendo significativa. <\/strong>Espa\u00f1a es l\u00edder en exportaci\u00f3n de aceite de oliva a nivel mundial y la mayor parte de su producci\u00f3n se realiza en Andaluc\u00eda. Hay m\u00e1s de 500 empresas en la regi\u00f3n que exportan aceite de oliva y representan la mitad del total del terreno dedicado a su producci\u00f3n en la Uni\u00f3n Europea. Aunque Marruecos y T\u00fanez son grandes competidores en la producci\u00f3n de aceite de oliva, Espa\u00f1a se mantiene a la cabeza.<\/span><\/li>\n<\/ul>\n<p style=\"text-align: center\"><span style=\"font-size: 14pt\">\u00a0<strong>Espa\u00f1a sigue siendo una de las mayores econom\u00edas de Europa<\/strong><\/span><\/p>\n<\/div>\n","protected":false},"excerpt":{"rendered":"<p>H\u00aa Edad Contempor\u00e1nea: Econom\u00eda&#8230; Actividad en castellano Activida n\u00b4asturianu ALGUNOS DATOS MACRO SOBRE ECONOM\u00cdA Asturias con una superficie de 10.604 Km2, es una comunidad aut\u00f3noma de tama\u00f1o mediano. Tiene una poblaci\u00f3n de 1.018.899 habitantes, es decir es la 14\u00ba Comunidad de Espa\u00f1a en cuanto a poblaci\u00f3n se refiere. Su densidad de poblacion, de 96 habitantes [&hellip;]<\/p>\n","protected":false},"author":117,"featured_media":0,"parent":2525,"menu_order":0,"comment_status":"closed","ping_status":"closed","template":"","meta":{"footnotes":""},"class_list":["post-2679","page","type-page","status-publish","hentry","post-preview"],"_links":{"self":[{"href":"https:\/\/edublog.educastur.es\/corredoria3\/wp-json\/wp\/v2\/pages\/2679","targetHints":{"allow":["GET"]}}],"collection":[{"href":"https:\/\/edublog.educastur.es\/corredoria3\/wp-json\/wp\/v2\/pages"}],"about":[{"href":"https:\/\/edublog.educastur.es\/corredoria3\/wp-json\/wp\/v2\/types\/page"}],"author":[{"embeddable":true,"href":"https:\/\/edublog.educastur.es\/corredoria3\/wp-json\/wp\/v2\/users\/117"}],"replies":[{"embeddable":true,"href":"https:\/\/edublog.educastur.es\/corredoria3\/wp-json\/wp\/v2\/comments?post=2679"}],"version-history":[{"count":45,"href":"https:\/\/edublog.educastur.es\/corredoria3\/wp-json\/wp\/v2\/pages\/2679\/revisions"}],"predecessor-version":[{"id":3105,"href":"https:\/\/edublog.educastur.es\/corredoria3\/wp-json\/wp\/v2\/pages\/2679\/revisions\/3105"}],"up":[{"embeddable":true,"href":"https:\/\/edublog.educastur.es\/corredoria3\/wp-json\/wp\/v2\/pages\/2525"}],"wp:attachment":[{"href":"https:\/\/edublog.educastur.es\/corredoria3\/wp-json\/wp\/v2\/media?parent=2679"}],"curies":[{"name":"wp","href":"https:\/\/api.w.org\/{rel}","templated":true}]}}