{"id":2681,"date":"2021-01-16T20:21:22","date_gmt":"2021-01-16T18:21:22","guid":{"rendered":"https:\/\/edublog.educastur.es\/corredoria3\/?page_id=2681"},"modified":"2021-01-20T17:51:10","modified_gmt":"2021-01-20T15:51:10","slug":"sesion-05","status":"publish","type":"page","link":"https:\/\/edublog.educastur.es\/corredoria3\/6o-pri\/cultura-asturiana\/segundo-trimestre\/sesion-05\/","title":{"rendered":"Sesi\u00f3n 05"},"content":{"rendered":"<p style=\"text-align: center\"><span style=\"color: #008080\"><strong><em><span style=\"font-size: 18pt\">H\u00aa Edad Contempor\u00e1nea: Pol\u00edtica y sociedad, Emigraci\u00f3n<\/span><\/em><\/strong><\/span><\/p>\n","protected":false},"excerpt":{"rendered":"<p>H\u00aa Edad Contempor\u00e1nea: Pol\u00edtica y sociedad, Emigraci\u00f3n<\/p>\n","protected":false},"author":117,"featured_media":0,"parent":2525,"menu_order":0,"comment_status":"closed","ping_status":"closed","template":"","meta":{"footnotes":""},"class_list":["post-2681","page","type-page","status-publish","hentry","post-preview"],"_links":{"self":[{"href":"https:\/\/edublog.educastur.es\/corredoria3\/wp-json\/wp\/v2\/pages\/2681","targetHints":{"allow":["GET"]}}],"collection":[{"href":"https:\/\/edublog.educastur.es\/corredoria3\/wp-json\/wp\/v2\/pages"}],"about":[{"href":"https:\/\/edublog.educastur.es\/corredoria3\/wp-json\/wp\/v2\/types\/page"}],"author":[{"embeddable":true,"href":"https:\/\/edublog.educastur.es\/corredoria3\/wp-json\/wp\/v2\/users\/117"}],"replies":[{"embeddable":true,"href":"https:\/\/edublog.educastur.es\/corredoria3\/wp-json\/wp\/v2\/comments?post=2681"}],"version-history":[{"count":3,"href":"https:\/\/edublog.educastur.es\/corredoria3\/wp-json\/wp\/v2\/pages\/2681\/revisions"}],"predecessor-version":[{"id":2802,"href":"https:\/\/edublog.educastur.es\/corredoria3\/wp-json\/wp\/v2\/pages\/2681\/revisions\/2802"}],"up":[{"embeddable":true,"href":"https:\/\/edublog.educastur.es\/corredoria3\/wp-json\/wp\/v2\/pages\/2525"}],"wp:attachment":[{"href":"https:\/\/edublog.educastur.es\/corredoria3\/wp-json\/wp\/v2\/media?parent=2681"}],"curies":[{"name":"wp","href":"https:\/\/api.w.org\/{rel}","templated":true}]}}