{"id":2827,"date":"2021-01-23T13:43:06","date_gmt":"2021-01-23T11:43:06","guid":{"rendered":"https:\/\/edublog.educastur.es\/corredoria3\/?page_id=2827"},"modified":"2021-02-20T10:51:03","modified_gmt":"2021-02-20T08:51:03","slug":"sesion-03","status":"publish","type":"page","link":"https:\/\/edublog.educastur.es\/corredoria3\/3o-pri\/cultura-asturiana\/segundo-trimestre\/sesion-03\/","title":{"rendered":"Sesi\u00f3n 03"},"content":{"rendered":"<p style=\"text-align: center\"><span style=\"color: #008080;font-size: 18pt\"><em><span style=\"font-size: 14pt\"><strong>BOVINO<\/strong> (vaca)\u00a0 \/ <\/span><strong>OVINO<\/strong> (oveja) <span style=\"font-size: 14pt\">\/ <strong>CAPRINO<\/strong> (cabra) <strong>EQUINO<\/strong> (caballo)<\/span><\/em><\/span><\/p>\n<hr \/>\n<p><a href=\"https:\/\/imgbox.es\/images\/2021\/01\/23\/logo_xalda8f1bebd4f24c4d98.png\"><img loading=\"lazy\" decoding=\"async\" class=\"alignleft\" src=\"https:\/\/imgbox.es\/images\/2021\/01\/23\/logo_xalda8f1bebd4f24c4d98.png\" alt=\"\" width=\"240\" height=\"216\" \/>\u00a0<\/a><span style=\"font-size: 18pt\"><span style=\"font-size: 14pt\">Web:<\/span><a href=\"http:\/\/www.xalda.com\"><strong><em> http:\/\/www.xalda.com<\/em><\/strong><\/a><br \/>\n<span style=\"font-size: 14pt\">Web<\/span> <a href=\"http:\/\/www.xalda.com\/ast\/\"><span style=\"color: #008080\"><em>n\u00b4asturianu<\/em><\/span><\/a><br \/>\n<\/span><\/p>\n<p>* <a href=\"http:\/\/www.xalda.com\/ast\/\"><span style=\"font-size: 18pt\"><em><span style=\"color: #008080\"><strong>ACOXA:<\/strong> Asociaci\u00f3n de Criadores de Oveja Xalda<\/span><\/em><\/span><\/a><\/p>\n<ul>\n<li><a href=\"https:\/\/educastur-my.sharepoint.com\/:b:\/g\/personal\/isabellh_educastur_org\/EQHiJXIyvbZMss4wbczjjgAB_IN7OtfbkcfPMzYwvKFmaA?e=uNZ6CD\"><span style=\"font-size: 18pt;color: #008080\"><em>Actividad en castellano<\/em><\/span><\/a><\/li>\n<li><a href=\"https:\/\/educastur-my.sharepoint.com\/:b:\/g\/personal\/isabellh_educastur_org\/EZ31zhrP82JOnquwDaAKxgQBpMhte4VJDeGxRnb9PpvKJQ?e=mm00rf\"><span style=\"font-size: 18pt;color: #008080\"><em>Activid\u00e1 n\u00b4asturianu<\/em><\/span><\/a><\/li>\n<li><span style=\"font-size: 14pt\"><span style=\"color: #800080\"><strong><em><a style=\"color: #800080\" href=\"https:\/\/gemasanchezfotografia.com\/la-oveja-xalda-una-oveja-muy-asturiana\">Fotos: Gema S\u00e1nchez<\/a><\/em><\/strong><\/span><em><a href=\"https:\/\/gemasanchezfotografia.com\/la-oveja-xalda-una-oveja-muy-asturiana\"> (amiga Isa)\u00a0<\/a><\/em><strong><em><a href=\"https:\/\/gemasanchezfotografia.com\/la-oveja-xalda-una-oveja-muy-asturiana\"><span style=\"color: #800080\"> VER GALER\u00cdA<\/span><\/a><\/em><\/strong><\/span><\/li>\n<\/ul>\n<p style=\"text-align: center\"><img loading=\"lazy\" decoding=\"async\" class=\"alignnone size-full\" src=\"https:\/\/gemasanchezfotografia.com\/wp-content\/uploads\/2019\/02\/Macho-oveja-Xalda.jpg\" width=\"800\" height=\"533\" \/><\/p>\n<hr \/>\n<p><img loading=\"lazy\" decoding=\"async\" class=\"alignnone size-full\" src=\"https:\/\/imgbox.es\/images\/2021\/01\/23\/oveja-negra58102303a2efd391.jpg\" width=\"1500\" height=\"1000\" \/><\/p>\n<p>\/\u00a0\u00a0\u00a0 <a href=\"https:\/\/imgbox.es\/images\/2021\/01\/23\/xalda-negra169e77a8f95ad3932.jpg\"><img loading=\"lazy\" decoding=\"async\" class=\"alignnone\" src=\"https:\/\/imgbox.es\/images\/2021\/01\/23\/xalda-negra169e77a8f95ad3932.jpg\" alt=\"\" width=\"632\" height=\"475\" \/><\/a> \u00a0 <img loading=\"lazy\" decoding=\"async\" class=\"alignnone \" src=\"https:\/\/imgbox.es\/images\/2021\/01\/23\/ovejaaf13b499cab98840.jpg\" width=\"648\" height=\"486\" \/><br \/>\n<a href=\"https:\/\/imgbox.es\/images\/2021\/01\/23\/cuernos-ovejae07368c20251a8fb.jpg\"><img loading=\"lazy\" decoding=\"async\" class=\"alignnone\" src=\"https:\/\/imgbox.es\/images\/2021\/01\/23\/cuernos-ovejae07368c20251a8fb.jpg\" alt=\"\" width=\"1334\" height=\"750\" \/><\/a>\u00a0 <a href=\"https:\/\/imgbox.es\/images\/2021\/01\/23\/oveya-xalda-blanca5f534064a6f0fc6a.jpg\"><img loading=\"lazy\" decoding=\"async\" class=\"alignnone\" src=\"https:\/\/imgbox.es\/images\/2021\/01\/23\/oveya-xalda-blanca5f534064a6f0fc6a.jpg\" alt=\"\" width=\"632\" height=\"473\" \/><\/a> \u00a0 <a href=\"https:\/\/imgbox.es\/images\/2021\/01\/23\/cordero31feebac9a5760bc.jpg\"><img loading=\"lazy\" decoding=\"async\" class=\"alignnone\" src=\"https:\/\/imgbox.es\/images\/2021\/01\/23\/cordero31feebac9a5760bc.jpg\" alt=\"\" width=\"653\" height=\"435\" \/><\/a><\/p>\n<p><a href=\"https:\/\/imgbox.es\/images\/2021\/01\/23\/galeria_1908ac3628c0266f17.jpg\"><img loading=\"lazy\" decoding=\"async\" class=\"alignnone\" src=\"https:\/\/imgbox.es\/images\/2021\/01\/23\/galeria_1908ac3628c0266f17.jpg\" alt=\"\" width=\"647\" height=\"495\" \/><\/a><\/p>\n<p><span style=\"font-size: 14pt\"><em><strong><span style=\"color: #008080\">Semeyes de Xos\u00e9 Amb\u00e1s y Luisma Murias<\/span><br \/>\n<\/strong><\/em><\/span><\/p>\n<p><em><span style=\"font-size: 14pt\">Los corderos, las ovejas y los carneros pertenecen a la categor\u00eda de ganado denominada ganado ovino, que como no pod\u00eda ser de otra manera viene del lat\u00edn <strong>\u201covis\u201d, que significa oveja<\/strong>, pero adem\u00e1s <strong>son rumiantes, es decir, vuelven a masticar el alimento despu\u00e9s de haberlo tragado y depositado en el est\u00f3mago.<\/strong><\/span><\/em><\/p>\n<ol>\n<li><em><span style=\"font-size: 14pt\">Los rumiantes tambi\u00e9n reciben el nombre de <strong>poligastros<\/strong> = \u201cPoli\u201d significa muchos y \u201cgastro\u201d est\u00f3mago, es decir: <strong>Animal que tienen muchos est\u00f3magos<\/strong>. Lo cierto es que no son muchos, es uno s\u00f3lo dividido en 4 partes bien diferenciadas. Y tiene una capacidad aproximada de 11 litros.<\/span><\/em><\/li>\n<li><em><span style=\"font-size: 14pt\">Como sabemos, <strong>los corderos y ovejas se alimentan b\u00e1sicamente de pasto y cereales.<\/strong> Este tipo de comida es sumamente fibrosa de tal manera que los rumiantes han evolucionado en un sistema digestivos que le permite fermentar su dieta y volver a masticarla para similar mejor los nutrientes. <strong>Un\u00a0proceso digestivo que puede durar d\u00edas<\/strong>\u00a0lo que supone una virtud a\u00f1adida a la cr\u00eda de cordero.<\/span><\/em><\/li>\n<li><em><span style=\"font-size: 14pt\">Este largo tiempo de digesti\u00f3n, unido al pastoreo constante y al movimiento de los reba\u00f1os por los campos, ayuda a que semillas procedentes de distintos lugares puedan germinar y crecer en nuevos parajes, favoreciendo la biodiversidad.<\/span><\/em><\/li>\n<li><em><span style=\"font-size: 14pt\"><strong>Podemos saber la edad de un cordero o una oveja por sus dientes<\/strong>: Los corderos tambi\u00e9n tienen<strong> dientes de \u201cleche\u201d<\/strong> (hasta el a\u00f1o) que son sustituidos por los permanentes. La cuesti\u00f3n es que los estos dientes no se cambian de golpe, sino que lo hacen a medida que el cordero madura.<br \/>\n<\/span><\/em><\/li>\n<li><em><span style=\"font-size: 14pt\">Los corderos comienzan a <strong>alimentarse de la vegetaci\u00f3n dentro de las dos semanas despu\u00e9s del nacimiento,<\/strong> y son destetados despu\u00e9s de tres a cinco meses, generalmente en octubre.<\/span><\/em><\/li>\n<li><em><span style=\"font-size: 14pt\"><strong>Sus pezu\u00f1as crecen constantemente.<\/strong> Son como nuestras u\u00f1as y aunque las suelen desgastar al caminar, a veces crecen tanto que hay que cortarlas.<\/span><\/em><\/li>\n<li><em><span style=\"font-size: 14pt\">Los ojos de las ovejas tambi\u00e9n son sumamente curiosos, <strong>sus\u00a0pupilas son rectangulares.<\/strong> S\u00ed, como lo lees.<\/span><\/em><\/li>\n<li><em><span style=\"font-size: 14pt\"><strong>En cuanto la gestaci\u00f3n de un cordero es de\u00a0150 d\u00edas.<\/strong> M\u00e1s sobre el nacimiento de los corderos en este art\u00edculo, <a href=\"http:\/\/www.canalcordero.com\/nacimiento-corderos\/\" target=\"_blank\" rel=\"noopener\">El nacimiento de los corderos, \u00bfc\u00f3mo ayuda el pastor?<\/a><\/span><\/em><\/li>\n<\/ol>\n<p style=\"text-align: center\"><em><span style=\"font-size: 14pt\"><strong>Curiosidades sobre c\u00f3mo viven<\/strong><\/span><\/em><\/p>\n<ol>\n<li value=\"8\"><em><span style=\"font-size: 14pt\">Una vez que el cordero ha nacido, es extremadamente vulnerable y para \u00e9l. Si su madre<strong> no pudiera amamantarlo, habr\u00e1 que buscarle urgentemente una nodriza.<\/strong> Su supervivencia depende de ello. Mientras los corderos <strong>se alimentan s\u00f3lo de la leche de sus madres reciben el nombre de lechal<\/strong>, despu\u00e9s pasan a comer piensos naturales y m\u00e1s adelante ya salen a pastar por los campos.<\/span><\/em><\/li>\n<li value=\"9\"><em><span style=\"font-size: 14pt\"><strong>Adem\u00e1s de esta dieta las ovejas necesitan sal (<\/strong>les aporta sus minerales),<strong> para no deshidratarse, para favorecer la digesti\u00f3n y adem\u00e1s conseguir una correcta asimilaci\u00f3n de nutrientes.<\/strong> El problema es que no ingieren la cantidad necesaria de minerales para su crecimiento, desarrollo y reproducci\u00f3n s\u00f3lo con su dieta. Por esta raz\u00f3n los pastores proporcionan a las ovejas bloques de sal que ellas lamen tranquilamente.<\/span><\/em><\/li>\n<li value=\"10\"><em><span style=\"font-size: 14pt\"><strong>Las ovejas viven en reba\u00f1o<\/strong>, Los cient\u00edficos han demostrado que <strong>viven en reba\u00f1os para asegurar su <a href=\"http:\/\/www.bbc.com\/mundo\/noticias\/2012\/07\/120724_ovejas_egoistas_am.shtml\" target=\"_blank\" rel=\"noopener\">supervivencia individual<\/a>.<\/strong> Las oveja tienen pocos recursos de defensa f\u00edsicos contra los depredadores, por eso viven en reba\u00f1os. Cuando les amenaza un peligro corren a refugiarse en el centro del grupo, as\u00ed minimizar las posibilidades de ser devoradas por un depredador. Pero adem\u00e1s lo m\u00e1s curioso es que este patr\u00f3n de movimiento, hacia el centro, es continuo y puede ser reproducido por modelos matem\u00e1ticos.<\/span><\/em><\/li>\n<li value=\"10\"><span style=\"font-size: 14pt\"><em><strong>Los reba\u00f1os est\u00e1n separados por g\u00e9nero.<\/strong> Las hembras viven en reba\u00f1os de vivero, con cinco a 100 miembros, que incluyen hembras adultas y corderos de ambos sexos.\u00a0Las manadas de solteros de un solo sexo suelen contener de 5 a 50 carneros a la vez.<\/em><\/span><\/li>\n<li value=\"10\">\n<div class=\"su-note\">\n<div class=\"su-note-inner su-clearfix\"><span style=\"font-size: 14pt\"><strong>La tasa de mortalidad de corderos es bastante alta.<\/strong> En promedio, del 5 al 30% de los corderos no llegan a la edad adulta. <\/span><\/div>\n<div class=\"su-note-inner su-clearfix\"><span style=\"font-size: 14pt\">Los carneros generalmente no se aparean hasta que tienen alrededor de 7 a\u00f1os.<strong> Pueden vivir de 10 a 19 a\u00f1os en la naturaleza.<\/strong><\/span><\/div>\n<\/div>\n<\/li>\n<\/ol>\n<p style=\"text-align: center\"><a href=\"http:\/\/tumamifero.com\/wp-content\/uploads\/2018\/04\/CARNERO-31.jpg\"><img loading=\"lazy\" decoding=\"async\" class=\"aligncenter\" src=\"http:\/\/tumamifero.com\/wp-content\/uploads\/2018\/04\/CARNERO-31.jpg\" alt=\"\" width=\"347\" height=\"260\" \/><\/a><\/p>\n<ul>\n<li><span style=\"font-size: 14pt\"><a href=\"https:\/\/definicion.de\/carnero\/\"><strong>CARNEROS: ejemplar macho<\/strong> de la especie <strong>Ovis orientalis aries<\/strong>, cuyas hembras se conocen como <strong>ovejas<\/strong>.<\/a><\/span><br \/>\n<span style=\"font-size: 14pt\"><span style=\"font-size: 14pt\"><em>El carnero, que se caracteriza por tener el <a href=\"https:\/\/definicion.de\/cuerpo\"><strong>cuerpo<\/strong><\/a> cubierto de <strong>lana<\/strong>,<br \/>\nmide unos ochenta cent\u00edmetros hasta la cruz y presenta <strong>cuernos<\/strong>.<\/em><\/span><\/span>Por lo general el carnero es un macho que se utiliza para la reproducci\u00f3n y al cual, por lo tanto, no se lo somete a la castraci\u00f3n. Antes de cumplir dos a\u00f1os, a los machos de esta especie se los denomina <strong>borregos<\/strong>. Si al <a href=\"https:\/\/definicion.de\/animal\"><strong>animal<\/strong><\/a> se lo castra, se lo pasa a conocer como <strong>cap\u00f3n<\/strong>.<span style=\"font-size: 14pt\"><a href=\"http:\/\/tumamifero.com\/c-ganado\/carnero\/\"><strong>+ info CARNERO<\/strong><\/a><\/span><\/li>\n<li><em><span style=\"font-size: 14pt;color: #008080\">Para no confundirse con las cabras de monta\u00f1a,<br \/>\nlos carneros se pueden identificar por sus <strong>cuernos largos y curvados<\/strong>,<br \/>\npelaje largo y pezu\u00f1as partidas.\u00a0Estos animales pertenecen a los <strong>bovinos<\/strong><br \/>\ny\u00a0 est\u00e1n relacionadas con ant\u00edlopes, bisontes, b\u00fafalos, ganado y cabras.<\/span><\/em><\/li>\n<li><em><span style=\"font-size: 14pt\"><strong>Los carneros pesan entre 119-127 kg;<br \/>\nlas hembras aproximadamente 53-91 kg.<\/strong><br \/>\nT\u00edpicamente miden 160-180 cm de la cabeza a la cola,<br \/>\nmientras que las ovejas son de aproximadamente 150 cm.<br \/>\n<strong>Tienen cr\u00e1neos de doble capa apuntalados<\/strong><br \/>\n<strong> con puntales de hueso para la protecci\u00f3n de la batalla.<\/strong><\/span><\/em><em><span style=\"font-size: 14pt\">Tambi\u00e9n tienen un tend\u00f3n masivo y ancho que une el cr\u00e1neo<br \/>\ny la columna vertebral para ayudar a la cabeza a <strong>pivotar y retroceder ante los golpes<\/strong>.<br \/>\n<strong>Los cuernos pueden llegar a pesar hasta 14 kg<\/strong>,<br \/>\nque es el peso de todos los huesos en el cuerpo de un carnero.<br \/>\n<strong>Los cuernos de una hembra son mucho m\u00e1s peque\u00f1os y solo ligeramente curvados.<\/strong><\/span><\/em><em><span style=\"font-size: 14pt\">Los cuernos de un carnero pueden decir mucho sobre \u00e9l,<br \/>\ncomo su edad, su salud y su historia de lucha.<\/span><\/em><em><span style=\"font-size: 14pt\"><strong>Su pelaje<\/strong> es liso y est\u00e1 compuesto por una capa externa de pelos<br \/>\nde protecci\u00f3n quebradizos y una capa interna de vell\u00f3n gris, corto y rizado.<br \/>\nEl abrigo de verano es un marr\u00f3n rico y brillante, pero se vuelve<br \/>\nbastante descolorido a finales del invierno. (Ver art\u00edculo: <a href=\"http:\/\/tumamifero.com\/c-carnivoros\/hienas\/\">Hienas<\/a>)<\/span><\/em><\/li>\n<\/ul>\n<hr \/>\n<p><a href=\"https:\/\/imgbox.es\/images\/2021\/01\/23\/queso-oveja6879f11531e65b21.png\"><img loading=\"lazy\" decoding=\"async\" class=\"alignnone\" src=\"https:\/\/imgbox.es\/images\/2021\/01\/23\/queso-oveja6879f11531e65b21.png\" alt=\"\" width=\"167\" height=\"167\" \/><\/a> \u00a0\u00a0 \/ <a href=\"https:\/\/imgbox.es\/images\/2021\/01\/23\/lana8dc6269762853cfd.jpg\"><img loading=\"lazy\" decoding=\"async\" class=\"alignnone\" src=\"https:\/\/imgbox.es\/images\/2021\/01\/23\/lana8dc6269762853cfd.jpg\" alt=\"\" width=\"254\" height=\"139\" \/><\/a><\/p>\n<p style=\"text-align: center\">\n<!-- iframe plugin v.6.0 wordpress.org\/plugins\/iframe\/ -->\n<iframe loading=\"lazy\" src=\"\/\/www.slideshare.net\/slideshow\/embed_code\/key\/sS0jXULa0O3KtL\" width=\"595\" height=\"485\" frameborder=\"0\" marginwidth=\"0\" marginheight=\"0\" scrolling=\"no\" style=\"border:1px solid #CCC; border-width:1px; margin-bottom:5px; max-width: 100%;\" 0=\"allowfullscreen\" 1=\"\/iframe\" class=\"iframe-class\"><\/iframe>\n<\/p>\n<ul>\n<li><a href=\"https:\/\/educastur-my.sharepoint.com\/:f:\/g\/personal\/isabellh_educastur_org\/EuENe9ZH4ldCucgjogqMOUkBZqfRYQbA4lX0uFH6Pc-1bw?e=3uP6Zo\"><strong><em>Ver tres im\u00e1genes de art\u00edculos hechos con LANA<\/em><\/strong><\/a><\/li>\n<\/ul>\n<p><img loading=\"lazy\" decoding=\"async\" class=\"alignleft\" src=\"https:\/\/s1.productosdeasturias.com\/473-large_default\/queso-oveja-la-collada.jpg\" width=\"142\" height=\"142\" \/><\/p>\n<ul>\n<li>Producto: <a href=\"http:\/\/PAGINA WEB: http:\/\/www.xalda.com https:\/\/www.productosdeasturias.com\/es\/quesos-de-oveja-y-mezcla\/queso-oveja-la-collada zona oriente asturiana V\u00cdDEOS MUY INTERESANTES: https:\/\/www.youtube.com\/watch?v=bkNEFzDRW7A https:\/\/www.youtube.com\/watch?v=bkNEFzDRW7A&amp;list=PLBkJo9j-IYYHCk7jVU1nuMMf7PiTB7St3 https:\/\/www.youtube.com\/watch?v=obf0u1XB2bc https:\/\/www.youtube.com\/watch?v=OopOSq2U2s0\"><strong><em>Queso de Oveja (zona oriental Asturias)<\/em><\/strong><\/a><\/li>\n<li><a href=\"https:\/\/www.productosdeasturias.com\/es\/quesos-de-oveja-y-mezcla\"><strong><em>Queso Oveja y mezcla<\/em><\/strong><\/a><\/li>\n<li><a href=\"https:\/\/www.productosdeasturias.com\/es\/quesos\"><strong><em>Quesos<\/em><\/strong><\/a><\/li>\n<\/ul>\n<p>&nbsp;<\/p>\n<p>&nbsp;<\/p>\n<ul>\n<li>\n<h3 class=\"title style-scope ytd-video-primary-info-renderer\"><a href=\"https:\/\/www.youtube.com\/watch?v=obf0u1XB2bc\"><span style=\"font-size: 14pt\">Oveja xalda, El campo y la mar<\/span><\/a><\/h3>\n<\/li>\n<\/ul>\n<p style=\"text-align: center\">\n<!-- iframe plugin v.6.0 wordpress.org\/plugins\/iframe\/ -->\n<iframe loading=\"lazy\" width=\"647\" height=\"364\" src=\"https:\/\/www.youtube.com\/embed\/obf0u1XB2bc\" scrolling=\"yes\" class=\"iframe-class\" frameborder=\"0\"><\/iframe>\n<\/p>\n<ul>\n<li>\n<h3 class=\"title style-scope ytd-video-primary-info-renderer\"><a href=\"https:\/\/www.youtube.com\/watch?v=OopOSq2U2s0\"><span style=\"font-size: 14pt\">Ovino de raza Xalda<\/span><\/a><\/h3>\n<\/li>\n<\/ul>\n<p style=\"text-align: center\">\n<!-- iframe plugin v.6.0 wordpress.org\/plugins\/iframe\/ -->\n<iframe loading=\"lazy\" width=\"647\" height=\"364\" src=\"https:\/\/www.youtube.com\/embed\/OopOSq2U2s0\" scrolling=\"yes\" class=\"iframe-class\" frameborder=\"0\"><\/iframe>\n<\/p>\n<p><strong>V\u00cdDEOS INTERESANTES:<\/strong><\/p>\n<ul>\n<li><a href=\"https:\/\/www.youtube.com\/watch?v=bkNEFzDRW7A\"><strong><em>Ganader\u00eda Ecol\u00f3gica: Oveya Xalda<\/em><\/strong><\/a><\/li>\n<\/ul>\n<p style=\"text-align: center\">\n<!-- iframe plugin v.6.0 wordpress.org\/plugins\/iframe\/ -->\n<iframe loading=\"lazy\" width=\"647\" height=\"364\" src=\"https:\/\/www.youtube.com\/embed\/bkNEFzDRW7A\" scrolling=\"yes\" class=\"iframe-class\" frameborder=\"0\"><\/iframe>\n<\/p>\n<p><span class=\"style-scope yt-formatted-string\" dir=\"auto\">Ana Amelia y Segundo es una empresa familiar para la <\/span><a class=\"yt-simple-endpoint style-scope yt-formatted-string\" href=\"https:\/\/www.youtube.com\/hashtag\/producci%C3%B3necol%C3%B3gica\">#Producci\u00f3nEcol\u00f3gica<\/a><span class=\"style-scope yt-formatted-string\" dir=\"auto\"> de carne de ovino en r\u00e9gimen extensivo. Trabajan con la <\/span><a class=\"yt-simple-endpoint style-scope yt-formatted-string\" href=\"https:\/\/www.youtube.com\/hashtag\/oveyaxalda\">#OveyaXalda<\/a><span class=\"style-scope yt-formatted-string\" dir=\"auto\">, una raza aut\u00f3ctona en <\/span><a class=\"yt-simple-endpoint style-scope yt-formatted-string\" href=\"https:\/\/www.youtube.com\/hashtag\/peligrodeextinci%C3%B3n\">#PeligroDeExtinci\u00f3n<\/a><span class=\"style-scope yt-formatted-string\" dir=\"auto\">.<\/span><\/p>\n<hr \/>\n<p>ANEXO:<\/p>\n<p><span style=\"font-size: 14pt\"><em>El<strong> Carnero<\/strong>, un mam\u00edfero que es confundido con las cabras, pero que son completamente diferentes. <strong>Los carneros son borregos u ovejas machos. <\/strong><\/em><\/span><span style=\"font-size: 14pt\"><em>El <strong>carnero<\/strong> tiene muy buena vista, lo que le permite juzgar las distancias con precisi\u00f3n al saltar. <\/em><\/span><span style=\"font-size: 14pt\"><em>Los carneros luchan para decidir qui\u00e9n ser\u00e1 el <strong>macho dominante<\/strong> en su grupo.\u00a0 Durante la pelea, los machos se enfrentar\u00e1n, se levantar\u00e1n sobre sus patas traseras y chocar\u00e1n con sus enormes cuernos.\u00a0A veces cargan a 64 km\/h. Finalmente, uno de los carneros termina cediendo y el ganador es el nuevo l\u00edder. Este proceso puede tomar horas.<\/em> <\/span><\/p>\n<p>&nbsp;<\/p>\n<ul>\n<li class=\"title style-scope ytd-video-primary-info-renderer\"><a href=\"https:\/\/www.youtube.com\/watch?v=QJVqRzDd_xA\">La BATALLA \u00c9PICA por la HEMBRA en las Monta\u00f1as Rocosas | National Geographic en Espa\u00f1ol<\/a><\/li>\n<\/ul>\n<p style=\"text-align: center\">\n<!-- iframe plugin v.6.0 wordpress.org\/plugins\/iframe\/ -->\n<iframe loading=\"lazy\" width=\"647\" height=\"364\" src=\"https:\/\/www.youtube.com\/embed\/QJVqRzDd_xA\" scrolling=\"yes\" class=\"iframe-class\" frameborder=\"0\"><\/iframe>\n<\/p>\n<p>Cada seis meses se lleva a cabo el apareamiento de animales ovino, el macho dominante defendiendo su poder sobre las hembras sostiene grandes combates con los j\u00f3venes retadores.<\/p>\n<ul>\n<li><a href=\"https:\/\/www.youtube.com\/watch?v=vHc1B01DN1M\">Carneros peleando<\/a><\/li>\n<\/ul>\n<p style=\"text-align: center\">\n<!-- iframe plugin v.6.0 wordpress.org\/plugins\/iframe\/ -->\n<iframe loading=\"lazy\" width=\"647\" height=\"364\" src=\"https:\/\/www.youtube.com\/embed\/vHc1B01DN1M\" scrolling=\"yes\" class=\"iframe-class\" frameborder=\"0\"><\/iframe>\n<\/p>\n<hr \/>\n<p style=\"text-align: center\"><span style=\"font-size: 14pt\"><span style=\"font-size: 18pt\"><em><span style=\"color: #800080\">La <\/span><\/em><a href=\"https:\/\/www.google.com\/search?source=univ&amp;tbm=isch&amp;q=oveja+Cochddu+(negra+galesa)&amp;client=firefox-b-d&amp;sa=X&amp;ved=2ahUKEwiQlcncz7LuAhVHA2MBHQpOCNgQjJkEegQIBBAB&amp;biw=1536&amp;bih=694\"><strong><span style=\"color: #800080\">xalda<\/span><\/strong><\/a><a href=\"https:\/\/www.google.com\/search?source=univ&amp;tbm=isch&amp;q=oveja+Cochddu+(negra+galesa)&amp;client=firefox-b-d&amp;sa=X&amp;ved=2ahUKEwiQlcncz7LuAhVHA2MBHQpOCNgQjJkEegQIBBAB&amp;biw=1536&amp;bih=694\"><em><span style=\"color: #800080\"> (<\/span><\/em><strong><span style=\"color: #800080\">IM\u00c1GENES<\/span><\/strong><\/a><em><span style=\"color: #800080\">), como hemos podido ver,<br \/>\nes una oveja de origen celta<br \/>\nlo mismo que la <strong>Ouessant<\/strong> de la Breta\u00f1a,<br \/>\nla <strong>Cochddu<\/strong> (negra galesa) del Pa\u00eds de Gales,<br \/>\nla <strong>Morite<\/strong> (oveja de los paramos) de las Islas Shetland en Escocia,<br \/>\nla <strong>Skudde<\/strong>, la <strong>Weibe Geh\u00f6rnte Heidschnucke<\/strong><br \/>\ny la <strong>Moorschnucke<\/strong> de Alemania. <\/span><\/em><\/span><br \/>\n<span style=\"font-size: 18pt\"><a href=\"https:\/\/www.celtica.es\/la-oveya-xalda-una-especie-reconocida-entre-el-tronco-de-las-ovejas-celtas\/?cli_action=1611424325.053\"><strong><span style=\"color: #800080\">ARTICULO<\/span><\/strong><\/a><\/span><em><span style=\"color: #800080\"><br \/>\n<\/span><\/em><\/span><\/p>\n<p><img loading=\"lazy\" decoding=\"async\" class=\"wp-image-516 size-full lazyautosizes lazyloaded\" src=\"https:\/\/www.celtica.es\/wp-content\/uploads\/2019\/06\/ouessant.jpg.webp\" alt=\"\" width=\"960\" height=\"637\" data-src=\"https:\/\/www.celtica.es\/wp-content\/uploads\/2019\/06\/ouessant.jpg.webp\" data-srcset=\"https:\/\/www.celtica.es\/wp-content\/uploads\/2019\/06\/ouessant.jpg.webp 960w, https:\/\/www.celtica.es\/wp-content\/uploads\/2019\/06\/ouessant-300x199.jpg.webp 300w, https:\/\/www.celtica.es\/wp-content\/uploads\/2019\/06\/ouessant-768x510.jpg.webp 768w\" data-sizes=\"auto\" data-src-webp=\"https:\/\/www.celtica.es\/wp-content\/uploads\/2019\/06\/ouessant.jpg.webp\" data-srcset-webp=\"https:\/\/www.celtica.es\/wp-content\/uploads\/2019\/06\/ouessant.jpg.webp 960w, https:\/\/www.celtica.es\/wp-content\/uploads\/2019\/06\/ouessant-300x199.jpg.webp 300w, https:\/\/www.celtica.es\/wp-content\/uploads\/2019\/06\/ouessant-768x510.jpg.webp 768w\" \/>OUESSANT<\/p>\n<p>&nbsp;<\/p>\n<p style=\"text-align: center\">\n<!-- iframe plugin v.6.0 wordpress.org\/plugins\/iframe\/ -->\n<iframe loading=\"lazy\" src=\"https:\/\/www.facebook.com\/plugins\/video.php?height=476&#038;href=https%3A%2F%2Fwww.facebook.com%2Fgamai1974%2Fvideos%2F730332654510437%2F&#038;show_text=true&#038;width=476\" width=\"476\" height=\"591\" 0=\"\/iframe\" scrolling=\"yes\" class=\"iframe-class\" frameborder=\"0\"><\/iframe>\n<\/p>\n<hr \/>\n","protected":false},"excerpt":{"rendered":"<p>BOVINO (vaca)\u00a0 \/ OVINO (oveja) \/ CAPRINO (cabra) EQUINO (caballo) \u00a0Web: http:\/\/www.xalda.com Web n\u00b4asturianu * ACOXA: Asociaci\u00f3n de Criadores de Oveja Xalda Actividad en castellano Activid\u00e1 n\u00b4asturianu Fotos: Gema S\u00e1nchez (amiga Isa)\u00a0 VER GALER\u00cdA \/\u00a0\u00a0\u00a0 \u00a0 \u00a0 \u00a0 Semeyes de Xos\u00e9 Amb\u00e1s y Luisma Murias Los corderos, las ovejas y los carneros pertenecen a la [&hellip;]<\/p>\n","protected":false},"author":117,"featured_media":0,"parent":2521,"menu_order":0,"comment_status":"closed","ping_status":"closed","template":"","meta":{"footnotes":""},"class_list":["post-2827","page","type-page","status-publish","hentry","post-preview"],"_links":{"self":[{"href":"https:\/\/edublog.educastur.es\/corredoria3\/wp-json\/wp\/v2\/pages\/2827","targetHints":{"allow":["GET"]}}],"collection":[{"href":"https:\/\/edublog.educastur.es\/corredoria3\/wp-json\/wp\/v2\/pages"}],"about":[{"href":"https:\/\/edublog.educastur.es\/corredoria3\/wp-json\/wp\/v2\/types\/page"}],"author":[{"embeddable":true,"href":"https:\/\/edublog.educastur.es\/corredoria3\/wp-json\/wp\/v2\/users\/117"}],"replies":[{"embeddable":true,"href":"https:\/\/edublog.educastur.es\/corredoria3\/wp-json\/wp\/v2\/comments?post=2827"}],"version-history":[{"count":37,"href":"https:\/\/edublog.educastur.es\/corredoria3\/wp-json\/wp\/v2\/pages\/2827\/revisions"}],"predecessor-version":[{"id":3064,"href":"https:\/\/edublog.educastur.es\/corredoria3\/wp-json\/wp\/v2\/pages\/2827\/revisions\/3064"}],"up":[{"embeddable":true,"href":"https:\/\/edublog.educastur.es\/corredoria3\/wp-json\/wp\/v2\/pages\/2521"}],"wp:attachment":[{"href":"https:\/\/edublog.educastur.es\/corredoria3\/wp-json\/wp\/v2\/media?parent=2827"}],"curies":[{"name":"wp","href":"https:\/\/api.w.org\/{rel}","templated":true}]}}