{"id":285,"date":"2020-08-20T09:28:18","date_gmt":"2020-08-20T08:28:18","guid":{"rendered":"https:\/\/edublog.educastur.es\/corredoria3\/?page_id=285"},"modified":"2020-08-20T09:28:18","modified_gmt":"2020-08-20T08:28:18","slug":"fotografiar-tareas","status":"publish","type":"page","link":"https:\/\/edublog.educastur.es\/corredoria3\/informatica\/fotografiar-tareas\/","title":{"rendered":"Fotografiar tareas"},"content":{"rendered":"<blockquote><p><span style=\"color: #008080\"><em><span style=\"font-size: 14pt\"><strong>Antes de nada es importante buscar una mesa o lugar bien iluminado (sin sombras),<\/strong><\/span><\/em><\/span><br \/>\n<span style=\"color: #008080\"><em><span style=\"font-size: 14pt\"><strong>por ejemplo cerca de una ventana.<\/strong><\/span><\/em><\/span><\/p><\/blockquote>\n<p><a href=\"https:\/\/imgbox.es\/images\/2020\/04\/20\/SEMEYA_FOTO477792aeedcdb975.png\"><img loading=\"lazy\" decoding=\"async\" class=\"alignnone \" src=\"https:\/\/imgbox.es\/images\/2020\/04\/20\/SEMEYA_FOTO477792aeedcdb975.png\" width=\"573\" height=\"716\" \/><\/a><\/p>\n<p><span style=\"color: #008080\"><em><span style=\"font-size: 14pt\"><strong>Una vez fotograf\u00edada la tarea, COMPARTIRLA a trav\u00e9s de correo electr\u00f3nico<\/strong><\/span><\/em><\/span><\/p>\n","protected":false},"excerpt":{"rendered":"<p>Antes de nada es importante buscar una mesa o lugar bien iluminado (sin sombras), por ejemplo cerca de una ventana. Una vez fotograf\u00edada la tarea, COMPARTIRLA a trav\u00e9s de correo electr\u00f3nico<\/p>\n","protected":false},"author":117,"featured_media":0,"parent":67,"menu_order":0,"comment_status":"closed","ping_status":"closed","template":"","meta":{"footnotes":""},"class_list":["post-285","page","type-page","status-publish","hentry","post-preview"],"_links":{"self":[{"href":"https:\/\/edublog.educastur.es\/corredoria3\/wp-json\/wp\/v2\/pages\/285","targetHints":{"allow":["GET"]}}],"collection":[{"href":"https:\/\/edublog.educastur.es\/corredoria3\/wp-json\/wp\/v2\/pages"}],"about":[{"href":"https:\/\/edublog.educastur.es\/corredoria3\/wp-json\/wp\/v2\/types\/page"}],"author":[{"embeddable":true,"href":"https:\/\/edublog.educastur.es\/corredoria3\/wp-json\/wp\/v2\/users\/117"}],"replies":[{"embeddable":true,"href":"https:\/\/edublog.educastur.es\/corredoria3\/wp-json\/wp\/v2\/comments?post=285"}],"version-history":[{"count":1,"href":"https:\/\/edublog.educastur.es\/corredoria3\/wp-json\/wp\/v2\/pages\/285\/revisions"}],"predecessor-version":[{"id":286,"href":"https:\/\/edublog.educastur.es\/corredoria3\/wp-json\/wp\/v2\/pages\/285\/revisions\/286"}],"up":[{"embeddable":true,"href":"https:\/\/edublog.educastur.es\/corredoria3\/wp-json\/wp\/v2\/pages\/67"}],"wp:attachment":[{"href":"https:\/\/edublog.educastur.es\/corredoria3\/wp-json\/wp\/v2\/media?parent=285"}],"curies":[{"name":"wp","href":"https:\/\/api.w.org\/{rel}","templated":true}]}}