{"id":291,"date":"2020-08-20T09:40:47","date_gmt":"2020-08-20T08:40:47","guid":{"rendered":"https:\/\/edublog.educastur.es\/corredoria3\/?page_id=291"},"modified":"2020-08-20T09:40:47","modified_gmt":"2020-08-20T08:40:47","slug":"teams","status":"publish","type":"page","link":"https:\/\/edublog.educastur.es\/corredoria3\/informatica\/teams\/","title":{"rendered":"Teams"},"content":{"rendered":"<div class=\"articulo-block-title\">\n<h2><a href=\"https:\/\/www.educastur.es\/image\/journal\/article?img_id=7434779&amp;t=1596721031934\"><img loading=\"lazy\" decoding=\"async\" class=\"alignnone \" src=\"https:\/\/www.educastur.es\/image\/journal\/article?img_id=7434779&amp;t=1596721031934\" width=\"347\" height=\"104\" \/> \u00a0<\/a><a href=\"https:\/\/alojaweb.educastur.es\/web\/abierto24x7\/servicios\" target=\"_blank\" rel=\"noopener noreferrer\"><img loading=\"lazy\" decoding=\"async\" class=\"\" title=\"Recursos formativos Consejer\u00eda de Educaci\u00f3n-Microsof\" src=\"https:\/\/www.educastur.es\/documents\/10531\/6374405\/TEAMS-caratula.png\/572db3b0-452e-4665-9aaf-93e4cab7bbe5?t=1585738755535\" alt=\"Recursos formativos Consejer\u00eda de Educaci\u00f3n-Microsoft\" width=\"235\" height=\"134\" \/><\/a><\/h2>\n<h2 class=\"page-title\"><span style=\"color: #008080\"><strong>Servicios 365. <\/strong>Videotutoriales TEAMS para ESTUDIANTES<\/span><\/h2>\n<\/div>\n<div class=\"articulo-block-content\">\n<p><span style=\"font-size: 14pt\"><em>La Consejer\u00eda de Educaci\u00f3n y Microsoft Espa\u00f1a han acordado colaborar para poner a disposici\u00f3n de la comunidad educativa del Principado de Asturias recursos\u00a0para potenciar el uso de la plataforma Office 365 y el entorno colaborativo de Teams para la formaci\u00f3n a distancia.<\/p>\n<p><\/em><\/span><span style=\"font-size: 14pt\"><strong>TEAMS. Videotutoriales para estudiantes<\/strong><\/span><\/p>\n<p><span style=\"font-size: 14pt\">Tres videotutoriales e los que se muestra el uso de TEAMS para los estudiantes:<\/span><\/p>\n<ul>\n<li><span style=\"font-size: 14pt\"><a href=\"https:\/\/alojaweb.educastur.es\/web\/abierto24x7\/servicios\/365\/-\/asset_publisher\/NQ57jLKhdyLJ\/content\/servicios-365-videotutoriales-uso-de-teams-para-perfil-estudiante?redirect=https%3A%2F%2Falojaweb.educastur.es%2Fweb%2Fabierto24x7%2Fservicios%2F365%3Fp_p_id%3D101_INSTANCE_NQ57jLKhdyLJ%26p_p_lifecycle%3D0%26p_p_state%3Dnormal%26p_p_mode%3Dview%26p_p_col_id%3Dcolumn-2%26p_p_col_count%3D1%26_101_INSTANCE_NQ57jLKhdyLJ_currentURL%3D%252Fweb%252Fabierto24x7%252Fservicios%252F365%253Fp_p_id%253D56_INSTANCE_ABpFDHfK7fVk%2526p_p_lifecycle%253D0%2526p_p_state%253Dnormal%2526p_p_mode%253Dview%2526p_p_col_id%253Dcolumn-1%2526p_p_col_pos%253D3%2526p_p_col_count%253D4%26_101_INSTANCE_NQ57jLKhdyLJ_portletAjaxable%3D1\" target=\"_blank\" rel=\"noopener noreferrer\">V\u00eddeo 1. TEAMS. Primeros pasos<\/a><\/span><\/li>\n<li><span style=\"font-size: 14pt\"><a href=\"https:\/\/alojaweb.educastur.es\/web\/abierto24x7\/servicios\/365\/-\/asset_publisher\/NQ57jLKhdyLJ\/content\/servicios-365-teams-videotutoriales-para-perfil-estudiante-2-equipos-y-canales?redirect=https%3A%2F%2Falojaweb.educastur.es%2Fweb%2Fabierto24x7%2Fservicios%2F365%3Fp_p_id%3D101_INSTANCE_NQ57jLKhdyLJ%26p_p_lifecycle%3D0%26p_p_state%3Dnormal%26p_p_mode%3Dview%26p_p_col_id%3Dcolumn-2%26p_p_col_count%3D1%26_101_INSTANCE_NQ57jLKhdyLJ_currentURL%3D%252Fweb%252Fabierto24x7%252Fservicios%252F365%26_101_INSTANCE_NQ57jLKhdyLJ_portletAjaxable%3D1\" target=\"_blank\" rel=\"noopener noreferrer\">V\u00eddeo 2. TEAMS. Equipos y canales<\/a><\/span><\/li>\n<li><span style=\"font-size: 14pt\"><a href=\"https:\/\/alojaweb.educastur.es\/web\/abierto24x7\/servicios\/365\/-\/asset_publisher\/NQ57jLKhdyLJ\/content\/servicios-365-teams-videotutoriales-para-perfil-estudiante-3-tareas?redirect=https%3A%2F%2Falojaweb.educastur.es%2Fweb%2Fabierto24x7%2Fservicios%2F365%3Fp_p_id%3D101_INSTANCE_NQ57jLKhdyLJ%26p_p_lifecycle%3D0%26p_p_state%3Dnormal%26p_p_mode%3Dview%26p_p_col_id%3Dcolumn-2%26p_p_col_count%3D1%26_101_INSTANCE_NQ57jLKhdyLJ_currentURL%3D%252Fweb%252Fabierto24x7%252Fservicios%252F365%26_101_INSTANCE_NQ57jLKhdyLJ_portletAjaxable%3D1\" target=\"_blank\" rel=\"noopener noreferrer\">V\u00eddeo 3. TEAMS. Tareas<\/a><\/span><\/li>\n<\/ul>\n<p><span style=\"font-size: 14pt\"><em>\u00a0<\/em><\/span><\/p>\n<\/div>\n","protected":false},"excerpt":{"rendered":"<p>\u00a0 Servicios 365. Videotutoriales TEAMS para ESTUDIANTES La Consejer\u00eda de Educaci\u00f3n y Microsoft Espa\u00f1a han acordado colaborar para poner a disposici\u00f3n de la comunidad educativa del Principado de Asturias recursos\u00a0para potenciar el uso de la plataforma Office 365 y el entorno colaborativo de Teams para la formaci\u00f3n a distancia. TEAMS. Videotutoriales para estudiantes Tres videotutoriales [&hellip;]<\/p>\n","protected":false},"author":117,"featured_media":0,"parent":67,"menu_order":0,"comment_status":"closed","ping_status":"closed","template":"","meta":{"footnotes":""},"class_list":["post-291","page","type-page","status-publish","hentry","post-preview"],"_links":{"self":[{"href":"https:\/\/edublog.educastur.es\/corredoria3\/wp-json\/wp\/v2\/pages\/291","targetHints":{"allow":["GET"]}}],"collection":[{"href":"https:\/\/edublog.educastur.es\/corredoria3\/wp-json\/wp\/v2\/pages"}],"about":[{"href":"https:\/\/edublog.educastur.es\/corredoria3\/wp-json\/wp\/v2\/types\/page"}],"author":[{"embeddable":true,"href":"https:\/\/edublog.educastur.es\/corredoria3\/wp-json\/wp\/v2\/users\/117"}],"replies":[{"embeddable":true,"href":"https:\/\/edublog.educastur.es\/corredoria3\/wp-json\/wp\/v2\/comments?post=291"}],"version-history":[{"count":1,"href":"https:\/\/edublog.educastur.es\/corredoria3\/wp-json\/wp\/v2\/pages\/291\/revisions"}],"predecessor-version":[{"id":292,"href":"https:\/\/edublog.educastur.es\/corredoria3\/wp-json\/wp\/v2\/pages\/291\/revisions\/292"}],"up":[{"embeddable":true,"href":"https:\/\/edublog.educastur.es\/corredoria3\/wp-json\/wp\/v2\/pages\/67"}],"wp:attachment":[{"href":"https:\/\/edublog.educastur.es\/corredoria3\/wp-json\/wp\/v2\/media?parent=291"}],"curies":[{"name":"wp","href":"https:\/\/api.w.org\/{rel}","templated":true}]}}