{"id":3010,"date":"2021-01-29T22:29:43","date_gmt":"2021-01-29T20:29:43","guid":{"rendered":"https:\/\/edublog.educastur.es\/corredoria3\/?page_id=3010"},"modified":"2021-02-20T10:53:51","modified_gmt":"2021-02-20T08:53:51","slug":"cabra-bermeya","status":"publish","type":"page","link":"https:\/\/edublog.educastur.es\/corredoria3\/3o-pri\/cultura-asturiana\/segundo-trimestre\/sesion-04\/cabra-bermeya\/","title":{"rendered":"Cabra bermeya"},"content":{"rendered":"<div id=\"spinner-container\" class=\"style-scope ytd-item-section-renderer\" style=\"text-align: center\"><\/div>\n<div id=\"contents\" class=\"style-scope ytd-item-section-renderer\">\n<div id=\"dismissable\" class=\"style-scope ytd-video-renderer\" style=\"text-align: center\">\n<p><span style=\"color: #008080\"><em><span style=\"font-size: 24pt\"> <span class=\"style-scope yt-formatted-string\" dir=\"auto\">La raza caprina <\/span><span class=\"bold style-scope yt-formatted-string\" dir=\"auto\">BERMEYA<\/span><span class=\"style-scope yt-formatted-string\" dir=\"auto\"> es originaria de <\/span><span class=\"bold style-scope yt-formatted-string\" dir=\"auto\">Asturias<\/span><\/span><span class=\"style-scope yt-formatted-string\" dir=\"auto\"><span style=\"font-size: 24pt\">.<\/span> <\/span><\/em><\/span><\/p>\n<p><span style=\"font-size: 14pt\">El Merc\u00e1u Comarcal de Ganaos de Cangues d&#8217;On\u00eds acoy\u00f3 la <strong>XX edici\u00f3n del Concursu Nacional<\/strong> de la <strong>Cabra Bermeya<\/strong>, que se celebr\u00f3 a puerta zarrada, para cumplir con toles mid\u00edes anticovid.<\/span><\/p>\n<p><a href=\"https:\/\/www.elfielato.es\/asset\/thumbnail,1160,740,center,center\/\/media\/elfielato\/images\/2020\/11\/21\/2020112119111284211.jpg\"><img loading=\"lazy\" decoding=\"async\" class=\"alignnone size-full\" src=\"https:\/\/www.elfielato.es\/asset\/thumbnail,1160,740,center,center\/\/media\/elfielato\/images\/2020\/11\/21\/2020112119111284211.jpg\" width=\"1000\" height=\"667\" \/><\/a><\/p>\n<p><!--more--><\/p>\n<p><a href=\"https:\/\/www.elfielato.es\/asset\/thumbnail,1160,740,center,center\/\/media\/elfielato\/images\/2020\/11\/21\/2020112119111333054.jpg\"><img loading=\"lazy\" decoding=\"async\" class=\"alignnone size-full\" src=\"https:\/\/www.elfielato.es\/asset\/thumbnail,1160,740,center,center\/\/media\/elfielato\/images\/2020\/11\/21\/2020112119111333054.jpg\" width=\"1000\" height=\"667\" \/><\/a><\/p>\n<p><a href=\"https:\/\/www.elfielato.es\/asset\/thumbnail,1160,740,center,center\/\/media\/elfielato\/images\/2020\/11\/21\/2020112119111541406.jpg\"><img loading=\"lazy\" decoding=\"async\" class=\"alignnone size-full\" src=\"https:\/\/www.elfielato.es\/asset\/thumbnail,1160,740,center,center\/\/media\/elfielato\/images\/2020\/11\/21\/2020112119111541406.jpg\" width=\"1000\" height=\"667\" \/><\/a><\/p>\n<ul>\n<li><a href=\"https:\/\/www.elfielato.es\/album\/comarca-picos-de-europa\/xx-concurso-nacional-cabra-bermeya-cangas-onis\/20201121191356032044.html#image-12\">Ver art\u00edculu orixinal.<\/a><\/li>\n<\/ul>\n<hr \/>\n<div class=\"text-wrapper style-scope ytd-video-renderer\">\n<div id=\"meta\" class=\"style-scope ytd-video-renderer\">\n<div id=\"title-wrapper\" class=\"style-scope ytd-video-renderer\">\n<h3 class=\"title-and-badge style-scope ytd-video-renderer\"><span style=\"font-size: 18pt\"><a id=\"video-title\" class=\"yt-simple-endpoint style-scope ytd-video-renderer\" title=\"? La cabra BERMEYA. Arriondas, Asturias ????\" href=\"https:\/\/www.youtube.com\/watch?v=0-Cwf6PtHLE\" aria-label=\"? La cabra BERMEYA. Arriondas, Asturias ???? de Pastores de Iberia hace 3 meses 8 minutos y 52 segundos 6855 visualizaciones\"> ?<span style=\"font-size: 14pt\"> La cabra BERMEYA. Arriondas, Asturias ???? <\/span><\/a><\/span><\/h3>\n<p><span style=\"font-size: 14pt\">\n<!-- iframe plugin v.6.0 wordpress.org\/plugins\/iframe\/ -->\n<iframe loading=\"lazy\" width=\"647\" height=\"364\" src=\"https:\/\/www.youtube.com\/embed\/0-Cwf6PtHLE\" scrolling=\"yes\" class=\"iframe-class\" frameborder=\"0\"><\/iframe>\n<\/span><\/p>\n<\/div>\n<\/div>\n<\/div>\n<\/div>\n<\/div>\n<div id=\"dismissable\" class=\"style-scope ytd-video-renderer\">\n<div class=\"text-wrapper style-scope ytd-video-renderer\">\n<div id=\"meta\" class=\"style-scope ytd-video-renderer\">\n<div id=\"title-wrapper\" class=\"style-scope ytd-video-renderer\">\n<h3 class=\"title-and-badge style-scope ytd-video-renderer\" style=\"text-align: center\"><span style=\"font-size: 14pt\"><a id=\"video-title\" class=\"yt-simple-endpoint style-scope ytd-video-renderer\" title=\"La cabra bermella en Caseria La Infiesta\" href=\"https:\/\/www.youtube.com\/watch?v=aSp48nnG_Fc\" aria-label=\"La cabra bermella en Caseria La Infiesta de Caser\u00eda la Infiesta hace 1 a\u00f1o 2 minutos y 59 segundos 3839 visualizaciones\"> La cabra bermella en Caseria La Infiesta <\/a><\/span><\/h3>\n<p style=\"text-align: center\"><span style=\"font-size: 14pt\">\n<!-- iframe plugin v.6.0 wordpress.org\/plugins\/iframe\/ -->\n<iframe loading=\"lazy\" width=\"647\" height=\"364\" src=\"https:\/\/www.youtube.com\/embed\/aSp48nnG_Fc\" scrolling=\"yes\" class=\"iframe-class\" frameborder=\"0\"><\/iframe>\n<\/span><\/p>\n<\/div>\n<\/div>\n<\/div>\n<\/div>\n<div id=\"dismissable\" class=\"style-scope ytd-video-renderer\">\n<div class=\"text-wrapper style-scope ytd-video-renderer\">\n<p style=\"text-align: center\"><span style=\"font-size: 14pt\"><span class=\"style-scope yt-formatted-string\" dir=\"auto\">Caseria La Infiesta se encuentra en el lugar mas bello del mundo, en El Parque Natural de Redes, en <\/span><span class=\"bold style-scope yt-formatted-string\" dir=\"auto\">Asturias<\/span><span class=\"style-scope yt-formatted-string\" dir=\"auto\">, Espa\u00f1a. Donde\u00a0&#8230;<\/span><\/span><\/p>\n<\/div>\n<\/div>\n<div id=\"dismissable\" class=\"style-scope ytd-video-renderer\">\n<div class=\"text-wrapper style-scope ytd-video-renderer\">\n<div id=\"meta\" class=\"style-scope ytd-video-renderer\">\n<div id=\"title-wrapper\" class=\"style-scope ytd-video-renderer\">\n<h3 class=\"title-and-badge style-scope ytd-video-renderer\" style=\"text-align: center\"><span style=\"font-size: 14pt\"><a id=\"video-title\" class=\"yt-simple-endpoint style-scope ytd-video-renderer\" title=\"La pesadilla diaria que viven los pastores por culpa de los lobos - Natural\" href=\"https:\/\/www.youtube.com\/watch?v=zxjr0FTFP8c\" aria-label=\"La pesadilla diaria que viven los pastores por culpa de los lobos - Natural de laSexta hace 2 meses 4 minutos y 4 segundos 3856 visualizaciones\"> La pesadilla diaria que viven los pastores por culpa de los lobos &#8211; Natural <\/a><\/span><\/h3>\n<div id=\"menu\" class=\"style-scope ytd-video-renderer\" style=\"text-align: center\">\n<div id=\"top-level-buttons\" class=\"style-scope ytd-menu-renderer\"><\/div>\n<\/div>\n<\/div>\n<\/div>\n<\/div>\n<\/div>\n<div id=\"meta\" class=\"style-scope ytd-video-renderer\">\n<div id=\"metadata\" class=\"style-scope ytd-video-meta-block\">\n<div id=\"metadata-line\" class=\"style-scope ytd-video-meta-block\" style=\"text-align: center\"><span class=\"style-scope ytd-video-meta-block\" style=\"font-size: 14pt\">\n<!-- iframe plugin v.6.0 wordpress.org\/plugins\/iframe\/ -->\n<iframe loading=\"lazy\" width=\"647\" height=\"364\" src=\"https:\/\/www.youtube.com\/embed\/zxjr0FTFP8c\" scrolling=\"yes\" class=\"iframe-class\" frameborder=\"0\"><\/iframe>\n<\/span><\/div>\n<\/div>\n<\/div>\n<div id=\"dismissable\" class=\"style-scope ytd-video-renderer\">\n<div class=\"text-wrapper style-scope ytd-video-renderer\">\n<p style=\"text-align: center\"><span style=\"font-size: 14pt\"><span class=\"style-scope yt-formatted-string\" dir=\"auto\">Rub\u00e9n es un joven pastor de <\/span><span class=\"bold style-scope yt-formatted-string\" dir=\"auto\">Asturias<\/span><span class=\"style-scope yt-formatted-string\" dir=\"auto\"> que cuenta la pesadilla que vive con los lobos de la zona. <\/span><\/span><\/p>\n<\/div>\n<\/div>\n<div id=\"dismissable\" class=\"style-scope ytd-video-renderer\" style=\"text-align: center\">\n<div class=\"text-wrapper style-scope ytd-video-renderer\">\n<div id=\"meta\" class=\"style-scope ytd-video-renderer\">\n<div id=\"title-wrapper\" class=\"style-scope ytd-video-renderer\">\n<h3 class=\"title-and-badge style-scope ytd-video-renderer\"><span style=\"font-size: 14pt\"><a id=\"video-title\" class=\"yt-simple-endpoint style-scope ytd-video-renderer\" title=\"I Jornadas Gastron\u00f3micas de las 6 razas aut\u00f3ctonas asturianas en peligro de extinci\u00f3n\" href=\"https:\/\/www.youtube.com\/watch?v=KvAztSls3tY\" aria-label=\"I Jornadas Gastron\u00f3micas de las 6 razas aut\u00f3ctonas asturianas en peligro de extinci\u00f3n de luisin49 hace 6 a\u00f1os 19 minutos 26.007 visualizaciones\"> I Jornadas Gastron\u00f3micas de las 6 razas aut\u00f3ctonas asturianas en peligro de extinci\u00f3n <\/a><\/span><\/h3>\n<div id=\"menu\" class=\"style-scope ytd-video-renderer\">\n<div id=\"top-level-buttons\" class=\"style-scope ytd-menu-renderer\"><\/div>\n<\/div>\n<\/div>\n<\/div>\n<\/div>\n<\/div>\n<div id=\"meta\" class=\"style-scope ytd-video-renderer\">\n<div id=\"metadata\" class=\"style-scope ytd-video-meta-block\" style=\"text-align: center\">\n<div id=\"metadata-line\" class=\"style-scope ytd-video-meta-block\"><span class=\"style-scope ytd-video-meta-block\" style=\"font-size: 14pt\">\n<!-- iframe plugin v.6.0 wordpress.org\/plugins\/iframe\/ -->\n<iframe loading=\"lazy\" width=\"647\" height=\"364\" src=\"https:\/\/www.youtube.com\/embed\/KvAztSls3tY\" scrolling=\"yes\" class=\"iframe-class\" frameborder=\"0\"><\/iframe>\n<\/span><\/div>\n<\/div>\n<\/div>\n<div id=\"dismissable\" class=\"style-scope ytd-video-renderer\">\n<div class=\"text-wrapper style-scope ytd-video-renderer\">\n<p style=\"text-align: center\"><span style=\"font-size: 14pt\"><span class=\"style-scope yt-formatted-string\" dir=\"auto\">El programa de TPA &#8216;Conexi\u00f3n <\/span><span class=\"bold style-scope yt-formatted-string\" dir=\"auto\">Asturias<\/span><span class=\"style-scope yt-formatted-string\" dir=\"auto\">&#8216; ha juntado a las seis razas aut\u00f3ctonas asturianas consideradas en peligro de extinci\u00f3n\u00a0&#8230;<\/span><\/span><\/p>\n<\/div>\n<\/div>\n<div id=\"dismissable\" class=\"style-scope ytd-video-renderer\">\n<div class=\"text-wrapper style-scope ytd-video-renderer\">\n<div id=\"meta\" class=\"style-scope ytd-video-renderer\">\n<div id=\"title-wrapper\" class=\"style-scope ytd-video-renderer\">\n<h3 class=\"title-and-badge style-scope ytd-video-renderer\" style=\"text-align: center\"><span style=\"font-size: 14pt\"><a id=\"video-title\" class=\"yt-simple-endpoint style-scope ytd-video-renderer\" title=\"Producto astur de casa Chema. Cap. 6 &quot;Cabra Bermeya&quot;\" href=\"https:\/\/www.youtube.com\/watch?v=qsbwn2OGoAI\" aria-label=\"Producto astur de casa Chema. Cap. 6 &quot;Cabra Bermeya&quot; de Jos\u00e9 Luis Bernardez Art\u00edmez hace 7 a\u00f1os 3 minutos y 42 segundos 7632 visualizaciones\"> Producto astur de casa Chema. Cap. 6 \u00abCabra Bermeya\u00bb <\/a><\/span><\/h3>\n<div id=\"dismissable\" class=\"style-scope ytd-video-renderer\" style=\"text-align: center\">\n<div class=\"text-wrapper style-scope ytd-video-renderer\">\n<div id=\"meta\" class=\"style-scope ytd-video-renderer\">\n<div id=\"title-wrapper\" class=\"style-scope ytd-video-renderer\">\n<div id=\"menu\" class=\"style-scope ytd-video-renderer\">\n<div id=\"top-level-buttons\" class=\"style-scope ytd-menu-renderer\"><\/div>\n<\/div>\n<\/div>\n<\/div>\n<\/div>\n<\/div>\n<div id=\"meta\" class=\"style-scope ytd-video-renderer\" style=\"text-align: center\">\n<div id=\"metadata\" class=\"style-scope ytd-video-meta-block\">\n<div id=\"metadata-line\" class=\"style-scope ytd-video-meta-block\"><span class=\"style-scope ytd-video-meta-block\" style=\"font-size: 14pt\">\n<!-- iframe plugin v.6.0 wordpress.org\/plugins\/iframe\/ -->\n<iframe loading=\"lazy\" width=\"647\" height=\"364\" src=\"https:\/\/www.youtube.com\/embed\/qsbwn2OGoAI\" scrolling=\"yes\" class=\"iframe-class\" frameborder=\"0\"><\/iframe>\n<\/span><\/div>\n<\/div>\n<\/div>\n<div id=\"menu\" class=\"style-scope ytd-video-renderer\" style=\"text-align: center\"><\/div>\n<\/div>\n<\/div>\n<\/div>\n<\/div>\n<div id=\"dismissable\" class=\"style-scope ytd-video-renderer\">\n<div class=\"text-wrapper style-scope ytd-video-renderer\">\n<p style=\"text-align: center\"><span style=\"font-size: 14pt\">Capitulo 6 de de los productos asturianos en este caso ecol\u00f3gico de casa de comidas Chema en L&#8217;Arquera-Puerto (Oviedo).<\/span><\/p>\n<div id=\"buttons\" class=\"style-scope ytd-video-renderer\" style=\"text-align: center\"><span style=\"font-size: 14pt\"><a id=\"video-title\" class=\"yt-simple-endpoint style-scope ytd-video-renderer\" title=\"Razas aut\u00f3ctonas de Asturias\" href=\"https:\/\/www.youtube.com\/watch?v=tTcfrZT7BwE\" aria-label=\"Razas aut\u00f3ctonas de Asturias de SERIDAASTURIAS hace 8 a\u00f1os 10 minutos y 51 segundos 34.448 visualizaciones\"> Razas aut\u00f3ctonas de Asturias <\/a><\/span><\/div>\n<\/div>\n<\/div>\n<div id=\"dismissable\" class=\"style-scope ytd-video-renderer\" style=\"text-align: center\">\n<div class=\"text-wrapper style-scope ytd-video-renderer\">\n<div id=\"meta\" class=\"style-scope ytd-video-renderer\">\n<div id=\"title-wrapper\" class=\"style-scope ytd-video-renderer\">\n<p><span class=\"style-scope ytd-video-meta-block\" style=\"font-size: 14pt\">\n<!-- iframe plugin v.6.0 wordpress.org\/plugins\/iframe\/ -->\n<iframe loading=\"lazy\" width=\"647\" height=\"364\" src=\"https:\/\/www.youtube.com\/embed\/tTcfrZT7BwE\" scrolling=\"yes\" class=\"iframe-class\" frameborder=\"0\"><\/iframe>\n<\/span><\/p>\n<\/div>\n<\/div>\n<\/div>\n<\/div>\n<div id=\"dismissable\" class=\"style-scope ytd-video-renderer\">\n<div class=\"text-wrapper style-scope ytd-video-renderer\">\n<p style=\"text-align: center\"><span style=\"font-size: 14pt\"><span class=\"style-scope yt-formatted-string\" dir=\"auto\">En el v\u00eddeo se muestran las razas aut\u00f3ctonas de <\/span><span class=\"bold style-scope yt-formatted-string\" dir=\"auto\">Asturias<\/span><span class=\"style-scope yt-formatted-string\" dir=\"auto\"> y la importancia que supone recuperarla y conservarlas. <\/span><\/span><\/p>\n<\/div>\n<\/div>\n<div id=\"dismissable\" class=\"style-scope ytd-video-renderer\">\n<div class=\"text-wrapper style-scope ytd-video-renderer\">\n<div id=\"meta\" class=\"style-scope ytd-video-renderer\">\n<div id=\"title-wrapper\" class=\"style-scope ytd-video-renderer\">\n<h3 class=\"title-and-badge style-scope ytd-video-renderer\" style=\"text-align: center\"><span style=\"font-size: 14pt\"><a id=\"video-title\" class=\"yt-simple-endpoint style-scope ytd-video-renderer\" title=\"Muestra Ganadera de la Raza Asturiana de la Monta\u00f1a y el Concurso Nacional de la Cabra Bermeya en Co\" href=\"https:\/\/www.youtube.com\/watch?v=9YJkMoqBAgc\" aria-label=\"Muestra Ganadera de la Raza Asturiana de la Monta\u00f1a y el Concurso Nacional de la Cabra Bermeya en Co de Noticias Oriente Asturias hace 1 a\u00f1o 1 minuto y 30 segundos 3675 visualizaciones\"> Muestra G. de la Raza Asturiana Monta\u00f1a y\u00a0 Concurso N. Cabra Bermeya\u00a0 <\/a><\/span><\/h3>\n<div id=\"menu\" class=\"style-scope ytd-video-renderer\" style=\"text-align: center\">\n<div id=\"top-level-buttons\" class=\"style-scope ytd-menu-renderer\"><\/div>\n<\/div>\n<\/div>\n<\/div>\n<\/div>\n<\/div>\n<div id=\"meta\" class=\"style-scope ytd-video-renderer\">\n<div id=\"metadata\" class=\"style-scope ytd-video-meta-block\">\n<div id=\"metadata-line\" class=\"style-scope ytd-video-meta-block\" style=\"text-align: center\"><span style=\"font-size: 14pt\"><span class=\"style-scope ytd-video-meta-block\">\n<!-- iframe plugin v.6.0 wordpress.org\/plugins\/iframe\/ -->\n<iframe loading=\"lazy\" width=\"647\" height=\"364\" src=\"https:\/\/www.youtube.com\/embed\/9YJkMoqBAgc\" scrolling=\"yes\" class=\"iframe-class\" frameborder=\"0\"><\/iframe>\n<\/span><\/span><\/div>\n<\/div>\n<\/div>\n<div class=\"text-wrapper style-scope ytd-video-renderer\" style=\"text-align: center\">\n<div id=\"meta\" class=\"style-scope ytd-video-renderer\">\n<div id=\"title-wrapper\" class=\"style-scope ytd-video-renderer\">\n<h3 class=\"title-and-badge style-scope ytd-video-renderer\"><span style=\"font-size: 14pt\"><a id=\"video-title\" class=\"yt-simple-endpoint style-scope ytd-video-renderer\" title=\"BERMEYA\" href=\"https:\/\/www.youtube.com\/watch?v=Ad4tn1eTXsE\" aria-label=\"BERMEYA de Capra hace 6 a\u00f1os 1 minuto y 17 segundos 3773 visualizaciones\"> BERMEYA <\/a><\/span><\/h3>\n<p><span class=\"style-scope ytd-video-meta-block\" style=\"font-size: 14pt\">\n<!-- iframe plugin v.6.0 wordpress.org\/plugins\/iframe\/ -->\n<iframe loading=\"lazy\" width=\"647\" height=\"364\" src=\"https:\/\/www.youtube.com\/embed\/Ad4tn1eTXsE\" scrolling=\"yes\" class=\"iframe-class\" frameborder=\"0\"><\/iframe>\n<\/span><\/p>\n<\/div>\n<\/div>\n<\/div>\n<p style=\"text-align: center\"><span style=\"font-size: 14pt\"><span class=\"bold style-scope yt-formatted-string\" dir=\"auto\">Cabra<\/span><span class=\"style-scope yt-formatted-string\" dir=\"auto\"> aut\u00f3ctona de <\/span><span class=\"bold style-scope yt-formatted-string\" dir=\"auto\">Asturias<\/span><span class=\"style-scope yt-formatted-string\" dir=\"auto\">. Los reba\u00f1os est\u00e1n ubicados preferentemente en el entorno de Los Picos de Europa.<\/span><\/span><\/p>\n<div class=\"badge badge-style-type-simple style-scope ytd-badge-supported-renderer\" aria-label=\"Subt\u00edtulos\"><span class=\"style-scope ytd-badge-supported-renderer\">\u00a0<\/span><\/div>\n","protected":false},"excerpt":{"rendered":"<p>La raza caprina BERMEYA es originaria de Asturias. El Merc\u00e1u Comarcal de Ganaos de Cangues d&#8217;On\u00eds acoy\u00f3 la XX edici\u00f3n del Concursu Nacional de la Cabra Bermeya, que se celebr\u00f3 a puerta zarrada, para cumplir con toles mid\u00edes anticovid.<\/p>\n","protected":false},"author":117,"featured_media":0,"parent":2991,"menu_order":0,"comment_status":"closed","ping_status":"closed","template":"","meta":{"footnotes":""},"class_list":["post-3010","page","type-page","status-publish","hentry","post-preview"],"_links":{"self":[{"href":"https:\/\/edublog.educastur.es\/corredoria3\/wp-json\/wp\/v2\/pages\/3010","targetHints":{"allow":["GET"]}}],"collection":[{"href":"https:\/\/edublog.educastur.es\/corredoria3\/wp-json\/wp\/v2\/pages"}],"about":[{"href":"https:\/\/edublog.educastur.es\/corredoria3\/wp-json\/wp\/v2\/types\/page"}],"author":[{"embeddable":true,"href":"https:\/\/edublog.educastur.es\/corredoria3\/wp-json\/wp\/v2\/users\/117"}],"replies":[{"embeddable":true,"href":"https:\/\/edublog.educastur.es\/corredoria3\/wp-json\/wp\/v2\/comments?post=3010"}],"version-history":[{"count":7,"href":"https:\/\/edublog.educastur.es\/corredoria3\/wp-json\/wp\/v2\/pages\/3010\/revisions"}],"predecessor-version":[{"id":3406,"href":"https:\/\/edublog.educastur.es\/corredoria3\/wp-json\/wp\/v2\/pages\/3010\/revisions\/3406"}],"up":[{"embeddable":true,"href":"https:\/\/edublog.educastur.es\/corredoria3\/wp-json\/wp\/v2\/pages\/2991"}],"wp:attachment":[{"href":"https:\/\/edublog.educastur.es\/corredoria3\/wp-json\/wp\/v2\/media?parent=3010"}],"curies":[{"name":"wp","href":"https:\/\/api.w.org\/{rel}","templated":true}]}}