{"id":3189,"date":"2021-02-06T22:41:09","date_gmt":"2021-02-06T20:41:09","guid":{"rendered":"https:\/\/edublog.educastur.es\/corredoria3\/?page_id=3189"},"modified":"2021-02-17T21:46:04","modified_gmt":"2021-02-17T19:46:04","slug":"sesion_05","status":"publish","type":"page","link":"https:\/\/edublog.educastur.es\/corredoria3\/2o-pri\/cultura-asturiana\/segundo-trimestre\/sesion_05\/","title":{"rendered":"Sesi\u00f3n 05"},"content":{"rendered":"<p style=\"text-align: center\"><span style=\"font-size: 24pt;color: #008080\"><strong><em>Antroxu n\u00b4Asturies: \u00abPostres y llambionaes\u00bb<br \/>\n<\/em><\/strong><\/span><\/p>\n<ul>\n<li><em><span style=\"font-size: 18pt\"><a href=\"https:\/\/educastur-my.sharepoint.com\/:b:\/g\/personal\/isabellh_educastur_org\/Ebzn482JPYlFkHFPPO_ptcgBF_0UmYyjD3LaP4kJvGc0cQ?e=sdYFT3\">Actividad en castellano<\/a><\/span><\/em><\/li>\n<li><a href=\"https:\/\/educastur-my.sharepoint.com\/:b:\/g\/personal\/isabellh_educastur_org\/EX3tMPkcQBFDm4OOlY_c3lMBeS6NEcdfrIH3PNeo3WlSJg?e=hLVbiW\"><em><span style=\"font-size: 18pt\">Activid\u00e1 n\u00b4asturianu<\/span><\/em><\/a><\/li>\n<\/ul>\n<hr \/>\n<p>Recetes n\u00b4asturianu: <a href=\"https:\/\/imgbox.es\/images\/2021\/02\/07\/Frixuelos4ca04f67408984e2.jpg\"><span style=\"color: #008080\"><strong><em>Frixuelos<\/em><\/strong><\/span><\/a> \/ <a href=\"https:\/\/imgbox.es\/images\/2021\/02\/07\/Tarta_frixuelosada40c25072f0d3a.jpg\"><strong><em><span style=\"color: #800080\">Tarta de Fixuelos<\/span> <\/em><\/strong><\/a>\/ <a href=\"https:\/\/imgbox.es\/images\/2021\/02\/07\/Freixuelos8634669b570cb524.jpg\"><strong><em>Freixuelos<\/em><\/strong><\/a><\/p>\n<p style=\"text-align: left\"><a href=\"https:\/\/imgbox.es\/images\/2021\/02\/07\/Frixuelos4ca04f67408984e2.jpg\"><img loading=\"lazy\" decoding=\"async\" class=\"alignleft\" src=\"https:\/\/imgbox.es\/images\/2021\/02\/07\/Frixuelos4ca04f67408984e2.jpg\" alt=\"\" width=\"175\" height=\"245\" \/><\/a> \/\u00a0 <a href=\"https:\/\/imgbox.es\/images\/2021\/02\/07\/Tarta_frixuelosada40c25072f0d3a.jpg\"><img loading=\"lazy\" decoding=\"async\" class=\"alignnone\" src=\"https:\/\/imgbox.es\/images\/2021\/02\/07\/Tarta_frixuelosada40c25072f0d3a.jpg\" alt=\"\" width=\"184\" height=\"254\" \/><\/a>\u00a0 \/\u00a0 <a href=\"https:\/\/imgbox.es\/images\/2021\/02\/07\/Freixuelos8634669b570cb524.jpg\"><img loading=\"lazy\" decoding=\"async\" class=\"alignnone\" src=\"https:\/\/imgbox.es\/images\/2021\/02\/07\/Freixuelos8634669b570cb524.jpg\" alt=\"\" width=\"184\" height=\"252\" \/><\/a><\/p>\n<hr \/>\n<p><a href=\"https:\/\/d36fw6y2wq3bat.cloudfront.net\/assets\/images\/cache\/recipes\/frixuelos\/900\/frixuelos.jpg\"><img loading=\"lazy\" decoding=\"async\" class=\"alignnone\" src=\"https:\/\/d36fw6y2wq3bat.cloudfront.net\/assets\/images\/cache\/recipes\/frixuelos\/900\/frixuelos.jpg\" alt=\"\" width=\"250\" height=\"250\" \/><\/a> \/ <a href=\"https:\/\/assets.tmecosys.com\/image\/upload\/t_web767x639\/img\/recipe\/ras\/Assets\/AB399985-85DD-4E20-A9F3-894805778973\/Derivates\/26133fab-e8a3-4a0c-90e7-a2e934b0ec43.jpg\"><img loading=\"lazy\" decoding=\"async\" class=\"alignnone\" src=\"https:\/\/assets.tmecosys.com\/image\/upload\/t_web767x639\/img\/recipe\/ras\/Assets\/AB399985-85DD-4E20-A9F3-894805778973\/Derivates\/26133fab-e8a3-4a0c-90e7-a2e934b0ec43.jpg\" alt=\"\" width=\"302\" height=\"252\" \/><\/a><\/p>\n<hr \/>\n<ul>\n<li><a href=\"https:\/\/www.youtube.com\/watch?app=desktop&amp;v=3h2NJhlnjBM\">Receta y video<\/a><\/li>\n<\/ul>\n<p style=\"text-align: center\">\n<!-- iframe plugin v.6.0 wordpress.org\/plugins\/iframe\/ -->\n<iframe loading=\"lazy\" width=\"647\" height=\"364\" src=\"https:\/\/www.youtube.com\/embed\/3h2NJhlnjBM\" scrolling=\"yes\" class=\"iframe-class\" frameborder=\"0\"><\/iframe>\n<\/p>\n<p style=\"text-align: center\"><a href=\"https:\/\/upload.wikimedia.org\/wikipedia\/commons\/thumb\/8\/89\/Casadielles_-_2006.jpg\/1280px-Casadielles_-_2006.jpg\"><img loading=\"lazy\" decoding=\"async\" class=\"alignleft\" src=\"https:\/\/upload.wikimedia.org\/wikipedia\/commons\/thumb\/8\/89\/Casadielles_-_2006.jpg\/1280px-Casadielles_-_2006.jpg\" alt=\"\" width=\"314\" height=\"209\" \/><\/a>\/ <a href=\"https:\/\/i.blogs.es\/31957e\/casadielles-portada\/1366_2000.jpg\"><img loading=\"lazy\" decoding=\"async\" class=\"alignleft\" src=\"https:\/\/i.blogs.es\/31957e\/casadielles-portada\/1366_2000.jpg\" alt=\"\" width=\"306\" height=\"204\" \/><\/a><\/p>\n<p>&nbsp;<\/p>\n<p>&nbsp;<\/p>\n<p>&nbsp;<\/p>\n<p>&nbsp;<\/p>\n<p>&nbsp;<\/p>\n<p><span style=\"color: #800080\"><strong><em>CASADIELLES:<\/em><\/strong><\/span> La <b>casadiella<\/b> (en plural, en asturiano, <i>casadielles<\/i>) es un dulce t\u00edpico <a title=\"Gastronom\u00eda de Asturias\" href=\"https:\/\/es.wikipedia.org\/wiki\/Gastronom%C3%ADa_de_Asturias\">asturiano<\/a>. Se trata de una especie de <a title=\"Empanadilla\" href=\"https:\/\/es.wikipedia.org\/wiki\/Empanadilla\">empanadilla<\/a> frita elaborada con una masa de <a title=\"Harina de trigo\" href=\"https:\/\/es.wikipedia.org\/wiki\/Harina_de_trigo\">harina de trigo<\/a> que se rellena con una mezcla de <a class=\"mw-redirect\" title=\"Nuez (fruto del nogal)\" href=\"https:\/\/es.wikipedia.org\/wiki\/Nuez_(fruto_del_nogal)\">nueces<\/a> (y\/o <a title=\"Avellana\" href=\"https:\/\/es.wikipedia.org\/wiki\/Avellana\">avellanas<\/a> en algunas zonas), <a title=\"Az\u00facar\" href=\"https:\/\/es.wikipedia.org\/wiki\/Az%C3%BAcar\">az\u00facar<\/a> y an\u00eds. Tambi\u00e9n se pueden elaborar con masa de hojaldre, haci\u00e9ndose en el horno. Al servir se espolvorea su superficie de <a title=\"Az\u00facar\" href=\"https:\/\/es.wikipedia.org\/wiki\/Az%C3%BAcar\">az\u00facar<\/a>. Se suele servir como <a title=\"Postre\" href=\"https:\/\/es.wikipedia.org\/wiki\/Postre\">postre<\/a>. Como su ingrediente principal son los frutos secos, se conjetura que su origen puede ser astur, es decir prerromano.<\/p>\n<ul>\n<li><a href=\"https:\/\/www.youtube.com\/watch?v=JoseWrXuyfM\"><em>Receta de casadielles<\/em><\/a><\/li>\n<\/ul>\n<p style=\"text-align: center\">\n<!-- iframe plugin v.6.0 wordpress.org\/plugins\/iframe\/ -->\n<iframe loading=\"lazy\" width=\"647\" height=\"364\" src=\"https:\/\/www.youtube.com\/embed\/JoseWrXuyfM\" scrolling=\"yes\" class=\"iframe-class\" frameborder=\"0\"><\/iframe>\n<\/p>\n<hr \/>\n<p style=\"text-align: center\"><span style=\"color: #008080\"><strong><em><span style=\"font-size: 18pt\">Avil\u00e9s: Descenso de la Calle Galiana<\/span><\/em><\/strong><\/span><\/p>\n<p><em><span style=\"font-size: 14pt\">El <span style=\"color: #008080\"><b>Descenso Internacional y Fluvial de la Calle de Galiana<\/b><\/span> es un popular fiesta que se celebra durante el <a title=\"Antroxu\" href=\"https:\/\/es.wikipedia.org\/wiki\/Antroxu\">Antroxu<\/a> de <a title=\"Avil\u00e9s\" href=\"https:\/\/es.wikipedia.org\/wiki\/Avil%C3%A9s\">Avil\u00e9s<\/a>, <a class=\"mw-redirect\" title=\"Principado de Asturias\" href=\"https:\/\/es.wikipedia.org\/wiki\/Principado_de_Asturias\">Principado de Asturias<\/a> en la jornada del s\u00e1bado, en el mes de febrero. El acto, de car\u00e1cter <strong>multitudinario<\/strong>, se ha convertido en referencia del carnaval avilesino, muy caracter\u00edstico y diferenciador entre todos los carnavales del norte. El festejo consiste en la <strong>fabricaci\u00f3n de unos singulares artilugios que simbolicen unas embarcaciones que se deslizan por la Calle Galiana y que navegan a trav\u00e9s de un mar de espuma por las calles de la ciudad entre numeroso p\u00fablico que antiguamente &#8216;regaba&#8217; con cubos de agua a los ciudadanos participantes.<\/strong> Actualmente el Ayuntamiento sit\u00faa bombas de espuma y de agua en diferentes puntos de la calle. Los artilugios compiten as\u00ed por conseguir los premios de la fiesta que votar\u00e1 un jurado seg\u00fan la originalidad, esfuerzo y puesta en escena de las embarcaciones. <a href=\"https:\/\/www.rtpa.es\/tpa-programa-todos:Descenso%20de%20Galiana_111487780455.html\"><span style=\"color: #008080\">Ver en TPA<\/span><\/a><\/span> <\/em><\/p>\n<p style=\"text-align: center\"><a href=\"http:\/\/aviles.es\/documents\/12317\/200047\/CARNAVAL+4.jpg\/cb43e8b6-a4f8-4b50-bc8c-cf1c32d1858a?t=1416558498689\"><img loading=\"lazy\" decoding=\"async\" class=\"alignnone\" src=\"http:\/\/aviles.es\/documents\/12317\/200047\/CARNAVAL+4.jpg\/cb43e8b6-a4f8-4b50-bc8c-cf1c32d1858a?t=1416558498689\" alt=\"\" width=\"5616\" height=\"3744\" \/><\/a><\/p>\n<p><em><span style=\"font-size: 14pt\">Hoy en d\u00eda, entre sus actividades m\u00e1s singulares destacan el Descenso Internacional y Fluvial de la Calle de Galiana, <span style=\"color: #008080\"><strong>celebrado el S\u00e1bado del Antroxu.<\/strong><\/span> En este acto, centenares de artilugios, surgidos del ingenio y la imaginaci\u00f3n de las pe\u00f1as participantes, descienden la calle de Galiana, envueltos en un mar de espuma.<\/span><\/em><\/p>\n<p><em><span style=\"font-size: 14pt\">No podemos olvidarnos tampoco de originales actividades como el <strong><span style=\"color: #008080\">Desfile d&#8217;Escolinos Antrox\u00e1os<\/span><\/strong>, en el cual, los alumnos y alumnas de educaci\u00f3n primaria de todo el municipio, llenan de color el centro de la Villa, mostrando originales y divertidos disfraces, o la ginkana automovil\u00edstica antroxera en la que los participantes disfrazan sus coches, para realizar disparatadas pruebas. Y no se puede hablar del Antroxu avilesino, sin mencionar el <span style=\"color: #008080\"><strong>Gran Desfile d&#8217;Antroxos, Moxigangues y Carroces<\/strong><\/span>, en el que llegan a participar m\u00e1s de tres mil antroxos y que se celebra el Martes de Carnaval, o el Entierro de la Sardina, divertida parodia en la que se hace una cr\u00edtica mordaz de la actualidad local.<\/span><\/em><\/p>\n<p><a href=\"https:\/\/machbel.com\/fotos\/2013\/02\/Disparos-de-agua-Descenso-de-Galiana-2013-en-Avil%C3%A9s-Asturias-Espa%C3%B1a.jpg\"><img loading=\"lazy\" decoding=\"async\" class=\"aligncenter\" src=\"https:\/\/machbel.com\/fotos\/2013\/02\/Disparos-de-agua-Descenso-de-Galiana-2013-en-Avil%C3%A9s-Asturias-Espa%C3%B1a.jpg\" alt=\"\" width=\"800\" height=\"533\" \/><\/a><\/p>\n<p><em><span style=\"font-size: 14pt\">L&#8217; Antroxu en Avil\u00e9s es tambi\u00e9n m\u00fasica, espect\u00e1culo, participaci\u00f3n popular, pudiendo considerarse el m\u00e1s importante de Asturias. No obstante ha sido declarado fiesta de inter\u00e9s tur\u00edstico regional.<\/span><\/em><\/p>\n<p style=\"text-align: center\"><a href=\"https:\/\/4.bp.blogspot.com\/-2Vap8-q0gN0\/XHwnesMUovI\/AAAAAAAE-Og\/h1EjP7EU1MIPRO6PiHjn_D4s1vWaHHPWACLcBGAs\/s1600\/premio1.jpg\"><img loading=\"lazy\" decoding=\"async\" class=\"alignnone\" src=\"https:\/\/4.bp.blogspot.com\/-2Vap8-q0gN0\/XHwnesMUovI\/AAAAAAAE-Og\/h1EjP7EU1MIPRO6PiHjn_D4s1vWaHHPWACLcBGAs\/s1600\/premio1.jpg\" alt=\"\" width=\"294\" height=\"456\" \/><\/a><\/p>\n<p style=\"text-align: center\">\n<!-- iframe plugin v.6.0 wordpress.org\/plugins\/iframe\/ -->\n<iframe loading=\"lazy\" width=\"647\" height=\"364\" src=\"https:\/\/www.youtube.com\/embed\/nsDGcceWvVk\" scrolling=\"yes\" class=\"iframe-class\" frameborder=\"0\"><\/iframe>\n<\/p>\n<ul>\n<li><a href=\"https:\/\/www.youtube.com\/watch?v=_MqZmvDa3mY\">Video 1<\/a><\/li>\n<\/ul>\n<p style=\"text-align: center\">\n<!-- iframe plugin v.6.0 wordpress.org\/plugins\/iframe\/ -->\n<iframe loading=\"lazy\" width=\"647\" height=\"364\" src=\"https:\/\/www.youtube.com\/embed\/_MqZmvDa3mY\" scrolling=\"yes\" class=\"iframe-class\" frameborder=\"0\"><\/iframe>\n<\/p>\n<ul>\n<li><a href=\"https:\/\/www.youtube.com\/watch?v=6sOyM88WkOo\">Video 2<\/a><\/li>\n<\/ul>\n<p style=\"text-align: center\">\n<!-- iframe plugin v.6.0 wordpress.org\/plugins\/iframe\/ -->\n<iframe loading=\"lazy\" width=\"647\" height=\"364\" src=\"https:\/\/www.youtube.com\/embed\/6sOyM88WkOo\" scrolling=\"yes\" class=\"iframe-class\" frameborder=\"0\"><\/iframe>\n<\/p>\n<p style=\"text-align: center\">\n<!-- iframe plugin v.6.0 wordpress.org\/plugins\/iframe\/ -->\n<iframe loading=\"lazy\" width=\"647\" height=\"364\" src=\"https:\/\/www.youtube.com\/embed\/uOcEHdSc0CM\" scrolling=\"yes\" class=\"iframe-class\" frameborder=\"0\"><\/iframe>\n<\/p>\n<p>&nbsp;<\/p>\n","protected":false},"excerpt":{"rendered":"<p>Antroxu n\u00b4Asturies: \u00abPostres y llambionaes\u00bb Actividad en castellano Activid\u00e1 n\u00b4asturianu Recetes n\u00b4asturianu: Frixuelos \/ Tarta de Fixuelos \/ Freixuelos \/\u00a0 \u00a0 \/\u00a0 \/ Receta y video \/ &nbsp; &nbsp; &nbsp; &nbsp; &nbsp; CASADIELLES: La casadiella (en plural, en asturiano, casadielles) es un dulce t\u00edpico asturiano. Se trata de una especie de empanadilla frita elaborada con [&hellip;]<\/p>\n","protected":false},"author":117,"featured_media":0,"parent":2523,"menu_order":0,"comment_status":"closed","ping_status":"closed","template":"","meta":{"footnotes":""},"class_list":["post-3189","page","type-page","status-publish","hentry","post-preview"],"_links":{"self":[{"href":"https:\/\/edublog.educastur.es\/corredoria3\/wp-json\/wp\/v2\/pages\/3189","targetHints":{"allow":["GET"]}}],"collection":[{"href":"https:\/\/edublog.educastur.es\/corredoria3\/wp-json\/wp\/v2\/pages"}],"about":[{"href":"https:\/\/edublog.educastur.es\/corredoria3\/wp-json\/wp\/v2\/types\/page"}],"author":[{"embeddable":true,"href":"https:\/\/edublog.educastur.es\/corredoria3\/wp-json\/wp\/v2\/users\/117"}],"replies":[{"embeddable":true,"href":"https:\/\/edublog.educastur.es\/corredoria3\/wp-json\/wp\/v2\/comments?post=3189"}],"version-history":[{"count":15,"href":"https:\/\/edublog.educastur.es\/corredoria3\/wp-json\/wp\/v2\/pages\/3189\/revisions"}],"predecessor-version":[{"id":3310,"href":"https:\/\/edublog.educastur.es\/corredoria3\/wp-json\/wp\/v2\/pages\/3189\/revisions\/3310"}],"up":[{"embeddable":true,"href":"https:\/\/edublog.educastur.es\/corredoria3\/wp-json\/wp\/v2\/pages\/2523"}],"wp:attachment":[{"href":"https:\/\/edublog.educastur.es\/corredoria3\/wp-json\/wp\/v2\/media?parent=3189"}],"curies":[{"name":"wp","href":"https:\/\/api.w.org\/{rel}","templated":true}]}}