{"id":3295,"date":"2021-02-15T18:09:51","date_gmt":"2021-02-15T16:09:51","guid":{"rendered":"https:\/\/edublog.educastur.es\/corredoria3\/?page_id=3295"},"modified":"2021-02-21T02:21:19","modified_gmt":"2021-02-21T00:21:19","slug":"sesion-06","status":"publish","type":"page","link":"https:\/\/edublog.educastur.es\/corredoria3\/2o-pri\/cultura-asturiana\/segundo-trimestre\/sesion-06\/","title":{"rendered":"Sesi\u00f3n 06"},"content":{"rendered":"<p style=\"text-align: center\"><strong><em><span style=\"color: #008080;font-size: 18pt\">Asturias: ciudades importantes<\/span><\/em><\/strong><\/p>\n<p style=\"text-align: center\"><a href=\"https:\/\/www.cambioeurodolar.com\/wp-content\/uploads\/2013\/08\/Asturias.jpg\"><img loading=\"lazy\" decoding=\"async\" class=\"alignnone\" src=\"https:\/\/www.cambioeurodolar.com\/wp-content\/uploads\/2013\/08\/Asturias.jpg\" alt=\"\" width=\"356\" height=\"186\" \/><\/a><\/p>\n<ul>\n<li style=\"text-align: center\"><a href=\"https:\/\/earth.google.com\/web\/search\/autopista+oviedo+gijon\/@43.50002477,-5.76406925,45.44287174a,34151.37754681d,35y,-0h,0t,0r\/data=CigiJgokCb6vOqYg00VAEQwQc45hwUVAGVrYZZTKiBbAIQqoqNf0MRfA\"><strong>Autopista Y<\/strong> Google Earth<\/a><br \/>\n<strong><em><span style=\"color: #008080;font-size: 18pt\">Oviedo, Gij\u00f3n, Avil\u00e9s<\/span><\/em><\/strong><\/li>\n<li><span style=\"font-size: 18pt\"><a href=\"https:\/\/educastur-my.sharepoint.com\/:b:\/g\/personal\/isabellh_educastur_org\/EZu5YN_rkP5Lt17kEA27nmEBJz8XMhCcnguu9AVtWiFVNA?e=bo1Hvl\"><strong><em>Actividad en castellano<\/em><\/strong><\/a><\/span><\/li>\n<li><span style=\"font-size: 18pt\"><a href=\"https:\/\/educastur-my.sharepoint.com\/:b:\/g\/personal\/isabellh_educastur_org\/EUZyCA6zjAhEvUekMNM15vgBaK8PpuhKbfjk8_T4mVg2_Q?e=nAegTS\"><strong><em>Activid\u00e1 n\u00b4asturianu<\/em><\/strong><\/a><\/span><\/li>\n<\/ul>\n<hr \/>\n<p style=\"text-align: center\"><span style=\"font-size: 18pt\"><strong><em>Oviedo \/ Uvi\u00e9u<\/em><\/strong><\/span><\/p>\n<p style=\"text-align: center\"><a href=\"https:\/\/apartamentosargame.com\/wp-content\/uploads\/2018\/04\/oviedo.jpg\"><img loading=\"lazy\" decoding=\"async\" class=\"alignnone\" src=\"https:\/\/apartamentosargame.com\/wp-content\/uploads\/2018\/04\/oviedo.jpg\" alt=\"\" width=\"1500\" height=\"996\" \/><\/a><\/p>\n<p><a href=\"https:\/\/img2.rtve.es\/v\/5487425?w=1600&amp;preview=1579466556964.jpg\"><img loading=\"lazy\" decoding=\"async\" class=\"alignnone\" src=\"https:\/\/img2.rtve.es\/v\/5487425?w=1600&amp;preview=1579466556964.jpg\" alt=\"\" width=\"1600\" height=\"900\" \/><\/a><\/p>\n<ul>\n<li><span style=\"color: #800080\"><strong><span style=\"text-decoration: underline\">Vamos de excursi\u00f3n con Google Earth:<\/span><\/strong><\/span><\/li>\n<li><a href=\"https:\/\/earth.google.com\/web\/search\/oviedo+cole+carmen+ruiz+tilve\/@43.3807991,-5.8161768,179.53367006a,742.75022095d,35y,0h,45t,0r\/data=CocBGl0SVwokMHhkMzY4Yzc4ZTg2YzJkMDk6MHhjZDQyY2M3ZjQ1NDUzNTRjGVFsYAa-sEVAIQcE39nDQxfAKh1vdmllZG8gY29sZSBjYXJtZW4gcnVpeiB0aWx2ZRgCIAEiJgokCZ2z5F65xUVAEXhV5bj2w0VAGdFTxTjIgRbAITwtHrzmjRbAKAI\">COLE<\/a><\/li>\n<li><a href=\"https:\/\/earth.google.com\/web\/search\/oviedo+campo+san+francisco\/@43.3615913,-5.8498881,244.54178232a,743.006688d,35y,0h,45t,0r\/data=CoQBGloSVAokMHhkMzY4Y2U0OTI0ODBlZGQ6MHgxMzkwOTJhMDk2OGMyNTFjGVICrJ9IrkVAIc4J6xBJZhfAKhpvdmllZG8gY2FtcG8gc2FuIGZyYW5jaXNjbxgCIAEiJgokCUnwqPA0skVAEc3XqOgXsEVAGQKvhMDFNBfAIaw1VgZxSBfAKAI\">Campu San Francisco<\/a><\/li>\n<li><a href=\"https:\/\/earth.google.com\/web\/search\/oviedo+catedral\/@43.36240872,-5.84360744,273.04158781a,369.27638329d,35y,-74.10258848h,44.99762375t,0.00000121r\/data=CnkaTxJJCiQweGQzNjhjZWZiOTM3NTBmZDoweGU3YzkzMWEyNWYxOWJkMzQZjiFb8WiuRUAh_O387JFfF8AqD292aWVkbyBjYXRlZHJhbBgBIAEiJgokCY2CcEXLr0VAEdPqYxBSrUVAGUDsc00VVxfAIQjb-vKiaRfA\">Catedral d\u00b4Uvi\u00e9u<\/a><\/li>\n<li><a href=\"https:\/\/earth.google.com\/web\/search\/oviedo+crosto+naranco\/@43.38478754,-5.86393203,643.25732388a,737.12025188d,35y,128.42459618h,44.99996454t,0r\/data=Cn8aVRJPCiQweGQzNjhkYjEwNGQzMjNkYjoweDY4NzMyZDdmMDlmMTU0MDYqJ01vbnVtZW50byBhbCBTYWdyYWRvCkNvcmF6w7NuIGRlIEplc8O6cxgCIAEiJgokCRLdXER7r0VAEYGKBAvHrUVAGS_4bKirXhfAIS6gRgHYaxfA\">Cristo Naranco<\/a><\/li>\n<li><a href=\"https:\/\/earth.google.com\/web\/search\/Santa+Mar%c3%ada+del+Naranco.+Prerrom%c3%a1nico+Asturiano,+Oviedo\/@43.3790233,-5.8659579,361.13339655a,742.7739351d,35y,0h,45t,0r\/data=CqMBGnkScwokMHhkMzY4Y2U0NWIyMjI0YmQ6MHg2YzBiNDNmOWM2MTIzMTA0GQT24tWDsEVAIfLZ8Kq9dhfAKjlTYW50YSBNYXLDrWEgZGVsIE5hcmFuY28uIFByZXJyb23DoW5pY28gQXN0dXJpYW5vLCBPdmllZG8YAiABIiYKJAnEWGHfp7FFQBG3tOBPnKtFQBnRTm-PRT0XwCEUVeiLhnwXwCgC\">Santa Mar\u00eda del Naranco<\/a><\/li>\n<\/ul>\n<p><strong>Oviedo <\/strong>es la capital del Principado de Asturias. Es una ciudad muy antigua con importantes monumentos como la<a href=\"https:\/\/catedraldeoviedo.com\/\"><strong> Catedral de San Salvador<\/strong><\/a>, <a href=\"https:\/\/www.turismoasturias.es\/descubre\/cultura\/prerromanico\/santa-maria-del-naranco\"><strong>Santa Mar\u00eda del Naranco<\/strong><\/a> o <a href=\"https:\/\/www.turismoasturias.es\/descubre\/cultura\/prerromanico\/iglesia-de-san-miguel-de-lillo\"><strong>San Miguel de Lillo<\/strong><\/a>. Es una ciudad con mucho movimiento cultural y en ella se entregan los Premios Princesa de Asturias y est\u00e1 el principal campus universitario.<\/p>\n<p style=\"text-align: center\"><a href=\"https:\/\/imgbox.es\/images\/2021\/02\/21\/OVD9efec0b3e50dac1e.jpg\"><img loading=\"lazy\" decoding=\"async\" class=\"alignnone\" src=\"https:\/\/imgbox.es\/images\/2021\/02\/21\/OVD9efec0b3e50dac1e.jpg\" alt=\"\" width=\"1200\" height=\"800\" \/><\/a><\/p>\n<p><a href=\"https:\/\/www.youtube.com\/watch?v=cZ-EeLioqm4\">\u201cOviedo, la ciudad despierta\u201d &#8211; YouTube<\/a><\/p>\n<p style=\"text-align: center\">\n<!-- iframe plugin v.6.0 wordpress.org\/plugins\/iframe\/ -->\n<iframe loading=\"lazy\" width=\"100%\" height=\"364\" src=\"https:\/\/www.youtube.com\/embed\/cZ-EeLioqm4\" scrolling=\"yes\" class=\"iframe-class\" frameborder=\"0\"><\/iframe>\n<\/p>\n<p style=\"text-align: center\"><span style=\"color: #800080\"><em>Texto de Carmen Ruiz-Tilve<\/em><\/span><\/p>\n<ul>\n<li><a href=\"https:\/\/www.oviedo.es\/\"><strong><em>AYTO. DE OVIEDO<\/em><\/strong><\/a><\/li>\n<li><img loading=\"lazy\" decoding=\"async\" class=\"alignnone \" src=\"https:\/\/www.oviedo.es\/image\/layout_set_logo?img_id=180508&amp;t=1612175367421\" width=\"220\" height=\"46\" \/><\/li>\n<\/ul>\n<hr \/>\n<p style=\"text-align: center\"><span style=\"color: #008080\"><strong><em><span style=\"font-size: 18pt\">Gij\u00f3n \/ Xix\u00f3n<\/span><\/em><\/strong><\/span><\/p>\n<p style=\"text-align: center\"><img loading=\"lazy\" decoding=\"async\" class=\"alignnone size-full\" src=\"https:\/\/www.turismoasturias.es\/documents\/11022\/4116852\/elogio.jpg\" width=\"1140\" height=\"400\" \/><\/p>\n<ul>\n<li><strong><span style=\"color: #800080\">Vamos de excursi\u00f3n con Google Earth:<\/span><\/strong><\/li>\n<li><a href=\"https:\/\/earth.google.com\/web\/search\/gijon+elogio\/@43.5491226,-5.6630632,41.75014578a,740.49941281d,35y,0h,45t,0r\/data=CnYaTBJGCiQweGQzNjdjNjkxNGQyYzNlZjoweDVmODlhMzI1OWQyMWJiMzkZSz88pknGRUAhdLkcCvqmFsAqDGdpam9uIGVsb2dpbxgCIAEiJgokCRnBD0UZGDNAERbBD0UZGDPAGYAxvbBGHkJAIRd1SB0u2k_AKAI\">Elogio y Cimadevilla<\/a><\/li>\n<li><a href=\"https:\/\/earth.google.com\/web\/search\/gijon+la+laboral+ciudad+cultura\/@43.5243331,-5.614514,38.13643589a,740.83126888d,35y,0h,45t,0r\/data=CokBGl8SWQokMHhkMzY3YjFhMjAwYmQ1MGY6MHg4ODcxMTYzNjI3NWUwNTMyGeta1lgdw0VAIZC8cyhDdRbAKh9naWpvbiBsYSBsYWJvcmFsIGNpdWRhZCBjdWx0dXJhGAIgASImCiQJ6mKjJ63DRUARZSBFpSrCRUAZ5Qf-ghtrFsAhcAF6oDZ9FsAoAg\">Vamos a La Laboral<\/a><\/li>\n<li><a href=\"https:\/\/earth.google.com\/web\/search\/gijon+pueblu+de+asturies\/@43.5370214,-5.6347149,15.63958034a,740.66142717d,35y,0h,45t,0r\/data=CoIBGlgSUgokMHhkMzY3Yjc3ZmFmNWJlZmQ6MHhlNWJhZDI1NWU2NGJlMzYwGUYgAx69xEVAIbki57PyiRbAKhhnaWpvbiBwdWVibHUgZGUgYXN0dXJpZXMYAiABIiYKJAkkPKn4o8NFQBEkKa62AsJFQBlPHL8R7mgWwCHm5CtzLXsWwCgC\">Vamos al Pueblu d\u00b4Asturies<\/a><\/li>\n<li><a href=\"https:\/\/earth.google.com\/web\/search\/gijon+el+musel\/@43.55820995,-5.6901104,-0.80668562a,8423.26079746d,35y,0h,45t,0r\/data=CngaThJICiQweGQzNjdkY2I3YmYzZjE0NzoweGI5MGQzODQ1OGRiNDlhMGQZY4J1d_jGRUAhBUTSuIHMFsAqDmdpam9uIGVsIG11c2VsGAIgASImCiQJeqzkeevIRUARUd_PUBy_RUAZjdAuaLU0FsAhnBXKSkkkF8AoAg\">Puerto El Musel<\/a><\/li>\n<li><a href=\"https:\/\/earth.google.com\/web\/search\/gijon+jardin+botanico\/@43.5215086,-5.6158997,25.69396514a,740.86907219d,35y,0h,45t,0r\/data=Cn8aVRJPCiQweGQzNjdiMTc5MWFhN2ZlZDoweGI2NWU0ZDZiODkyZDhjMmIZl8o2y8DCRUAhAHc0aa52FsAqFWdpam9uIGphcmRpbiBib3RhbmljbxgCIAEiJgokCVMNcG7axUVAER01FkOmxUVAGZIMXGs-oxbAIVsPiIDQpRbAKAI\">Jardin Bot\u00e1nico<\/a><\/li>\n<\/ul>\n<p><a href=\"https:\/\/i.pinimg.com\/originals\/cf\/e8\/f3\/cfe8f3de9b9c6ade15e9a2d37f82173a.jpg\"><img loading=\"lazy\" decoding=\"async\" class=\"aligncenter\" src=\"https:\/\/i.pinimg.com\/originals\/cf\/e8\/f3\/cfe8f3de9b9c6ade15e9a2d37f82173a.jpg\" alt=\"\" width=\"582\" height=\"593\" \/><\/a><\/p>\n<ul>\n<li>\u00a0 <a href=\"https:\/\/lafurgoteta.com\/wp-content\/uploads\/2013\/08\/Mapa-Gijon-2.png\">https:\/\/lafurgoteta.com\/wp-content\/uploads\/2013\/08\/Mapa-Gijon-2.png<\/a><\/li>\n<\/ul>\n<p><strong>Gij\u00f3n<\/strong> es una ciudad costera con mucha actividad portuaria tanto portuaria pesquera como industrial. Tiene adem\u00e1s una <a href=\"https:\/\/www.turismoasturias.es\/descubre\/costa\/playas\/playa-de-san-lorenzo\"><strong>playa urbana llamada San Lorenzo<\/strong><\/a> y muchos espacios verdes, como el <a href=\"https:\/\/www.turismoasturias.es\/descubre\/cultura\/museos-y-espacios-culturales\/otros-espacios\/jardin-botanico-atlantico\"><strong>Jard\u00edn Bot\u00e1nico Atl\u00e1ntico<\/strong><\/a>.<a href=\"https:\/\/www.gijon.es\/es\/directorio\/jardin-botanico-atlantico-de-gijon\"><strong>WEB<\/strong><\/a><\/p>\n<p style=\"text-align: center\"><a href=\"https:\/\/unviajecreativo.com\/wp-content\/uploads\/2018\/10\/qu%c3%a9-ver-en-Gij%c3%b3n.jpg\"><img loading=\"lazy\" decoding=\"async\" class=\"alignnone\" src=\"https:\/\/unviajecreativo.com\/wp-content\/uploads\/2018\/10\/qu%c3%a9-ver-en-Gij%c3%b3n.jpg\" alt=\"\" width=\"900\" height=\"600\" \/><\/a><\/p>\n<p>El <a href=\"http:\/\/www.laboralciudaddelacultura.com\/\"><strong>Centro Cultural Laboral Ciudad de la Cultura<\/strong><\/a> alberga instituciones de arte, m\u00fasica y estudios superiores.<\/p>\n<p><a href=\"https:\/\/cadenaser.com\/ser\/imagenes\/2020\/02\/11\/ser_gijon\/1581441250_622708_1581441481_miniatura_normal.jpg\"><img loading=\"lazy\" decoding=\"async\" class=\"alignnone\" src=\"https:\/\/cadenaser.com\/ser\/imagenes\/2020\/02\/11\/ser_gijon\/1581441250_622708_1581441481_miniatura_normal.jpg\" alt=\"\" width=\"1080\" height=\"607\" \/><\/a><\/p>\n<p style=\"text-align: center\"><a href=\"https:\/\/www.gijon.es\/sites\/default\/files\/2020-06\/Captura%20de%20pantalla%202020-06-05%20a%20las%2011.42.52.png\"><img loading=\"lazy\" decoding=\"async\" class=\"alignnone\" src=\"https:\/\/www.gijon.es\/sites\/default\/files\/2020-06\/Captura%20de%20pantalla%202020-06-05%20a%20las%2011.42.52.png\" alt=\"\" width=\"3616\" height=\"2456\" \/><\/a><\/p>\n<p style=\"text-align: center\"><a href=\"https:\/\/www.orangesmile.com\/common\/img_city_maps\/gijon-map-0.jpg\"><img loading=\"lazy\" decoding=\"async\" class=\"alignnone\" src=\"https:\/\/www.orangesmile.com\/common\/img_city_maps\/gijon-map-0.jpg\" alt=\"\" width=\"2263\" height=\"1580\" \/><\/a><\/p>\n<p><a href=\"https:\/\/www.youtube.com\/watch?v=BRglcg1XrF8\">Que\u0301 ver en Gijo\u0301n ?? | 10 Lugares imprescindibles &#8211; YouTube<\/a><\/p>\n<p style=\"text-align: center\">\n<!-- iframe plugin v.6.0 wordpress.org\/plugins\/iframe\/ -->\n<iframe loading=\"lazy\" width=\"100%\" height=\"364\" src=\"https:\/\/www.youtube.com\/embed\/BRglcg1XrF8\" scrolling=\"yes\" class=\"iframe-class\" frameborder=\"0\"><\/iframe>\n<\/p>\n<p>&nbsp;<\/p>\n<ul>\n<li><a href=\"https:\/\/www.gijon.es\/es\"><em><strong>AYTO. DE GIJ\u00d3N<\/strong><\/em><\/a><\/li>\n<li><img loading=\"lazy\" decoding=\"async\" class=\"alignnone \" src=\"https:\/\/www.gijon.es\/assets\/images\/ribbon.png\" width=\"140\" height=\"82\" \/><\/li>\n<\/ul>\n<p>&nbsp;<\/p>\n<hr \/>\n<p style=\"text-align: center\"><strong><em><span style=\"color: #008080;font-size: 18pt\">Avil\u00e9s\u00a0 <\/span><\/em><\/strong><\/p>\n<p><a href=\"https:\/\/www.centroniemeyer.es\/wp-content\/uploads\/2020\/05\/Credit-Turismo-de-Asturias-3-1024x427.jpg\"><img loading=\"lazy\" decoding=\"async\" class=\"alignnone\" src=\"https:\/\/www.centroniemeyer.es\/wp-content\/uploads\/2020\/05\/Credit-Turismo-de-Asturias-3-1024x427.jpg\" alt=\"\" width=\"1024\" height=\"427\" \/><\/a><\/p>\n<ul>\n<li><span style=\"color: #800080\"><strong>Vamos de excursi\u00f3n con Google Earth:<\/strong><\/span><\/li>\n<li><a href=\"https:\/\/earth.google.com\/web\/search\/aviles+niemeyer\/@43.5575519,-5.917582,3.52031952a,740.38654081d,35y,0h,45t,0r\/data=CnkaTxJJCiQweGQzNjliNTEzNDdhOWIzMToweDc2M2ZmYmZiMGE5NDMzMjUZTSlU3F3HRUAh1JelnZqrF8AqD2F2aWxlcyBuaWVtZXllchgCIAEiJgokCXNjsbqDskVAEUg2Fcjkr0VAGRhe8-HWYBfAIYnaZr3ufBfAKAI\">Niemeyer<\/a><\/li>\n<li><a href=\"https:\/\/earth.google.com\/web\/search\/aviles+plaza+ayuntamiento\/@43.5555809,-5.9218446,13.41446859a,740.41293469d,35y,0h,45t,0r\/data=CoMBGlkSUwokMHhkMzY5YjY3MjQ3ZDEwZmY6MHhmNDJjM2FiMDg0N2MzYzY4GSDkYUYdx0VAIRD64wf4rxfAKhlhdmlsZXMgcGxhemEgYXl1bnRhbWllbnRvGAIgASImCiQJ_lqOxErHRUARVmnyebfFRUAZFdcij0alF8AhOJOT0p62F8AoAg\">Plaza del Ayuntamiento<\/a><\/li>\n<li><a href=\"https:\/\/earth.google.com\/web\/search\/aviles+ria+\/@43.57222165,-5.9205556,0.42947655a,3758.59142572d,35y,0h,45t,0r\/data=CnUaSxJFCiQweGQzNjljOTdjMzQ0MjI3ZDoweDk3MTE3NWNmMmRjMmU2NTkZyIW5kz7JRUAhQJmQIKauF8AqC2F2aWxlcyByaWEgGAIgASImCiQJwA3fid3HRUARs6f1XB_GRUAZEjFSaaCnF8Ahg914Zg60F8AoAg\">R\u00eda de Avil\u00e9s<\/a><\/li>\n<\/ul>\n<p><strong>Avil\u00e9s <\/strong>es una ciudad costera, industrial y comercial. Est\u00e1 situada en la r\u00eda de Avil\u00e9s. Tiene un casco antiguo muy bien conservado y posee una zona moderna interesante en la que destaca el <a href=\"https:\/\/www.centroniemeyer.es\/\"><strong>Centro Cultural Internacional Niemeyer.<\/strong><\/a><\/p>\n<p><a href=\"https:\/\/www.youtube.com\/watch?v=BZ-SYMedCmc\">Qu\u00e9 ver en Avil\u00e9s (Asturias) en 1 d\u00edas | Fun Travel Ven &#8211; YouTube<\/a><\/p>\n<p style=\"text-align: center\">\n<!-- iframe plugin v.6.0 wordpress.org\/plugins\/iframe\/ -->\n<iframe loading=\"lazy\" width=\"100%\" height=\"364\" src=\"https:\/\/www.youtube.com\/embed\/BZ-SYMedCmc\" scrolling=\"yes\" class=\"iframe-class\" frameborder=\"0\"><\/iframe>\n<\/p>\n<ul>\n<li><a href=\"http:\/\/aviles.es\/\"><em><strong>AYTO DE AVIL\u00c9S<\/strong><\/em><\/a><\/li>\n<li><img loading=\"lazy\" decoding=\"async\" class=\"alignnone size-full\" src=\"http:\/\/aviles.es\/image\/layout_set_logo?img_id=19627&amp;t=1609765212502\" width=\"230\" height=\"94\" \/><\/li>\n<\/ul>\n","protected":false},"excerpt":{"rendered":"<p>Asturias: ciudades importantes Autopista Y Google Earth Oviedo, Gij\u00f3n, Avil\u00e9s Actividad en castellano Activid\u00e1 n\u00b4asturianu Oviedo \/ Uvi\u00e9u Vamos de excursi\u00f3n con Google Earth: COLE Campu San Francisco Catedral d\u00b4Uvi\u00e9u Cristo Naranco Santa Mar\u00eda del Naranco Oviedo es la capital del Principado de Asturias. Es una ciudad muy antigua con importantes monumentos como la Catedral [&hellip;]<\/p>\n","protected":false},"author":117,"featured_media":0,"parent":2523,"menu_order":0,"comment_status":"closed","ping_status":"closed","template":"","meta":{"footnotes":""},"class_list":["post-3295","page","type-page","status-publish","hentry","post-preview"],"_links":{"self":[{"href":"https:\/\/edublog.educastur.es\/corredoria3\/wp-json\/wp\/v2\/pages\/3295","targetHints":{"allow":["GET"]}}],"collection":[{"href":"https:\/\/edublog.educastur.es\/corredoria3\/wp-json\/wp\/v2\/pages"}],"about":[{"href":"https:\/\/edublog.educastur.es\/corredoria3\/wp-json\/wp\/v2\/types\/page"}],"author":[{"embeddable":true,"href":"https:\/\/edublog.educastur.es\/corredoria3\/wp-json\/wp\/v2\/users\/117"}],"replies":[{"embeddable":true,"href":"https:\/\/edublog.educastur.es\/corredoria3\/wp-json\/wp\/v2\/comments?post=3295"}],"version-history":[{"count":14,"href":"https:\/\/edublog.educastur.es\/corredoria3\/wp-json\/wp\/v2\/pages\/3295\/revisions"}],"predecessor-version":[{"id":3440,"href":"https:\/\/edublog.educastur.es\/corredoria3\/wp-json\/wp\/v2\/pages\/3295\/revisions\/3440"}],"up":[{"embeddable":true,"href":"https:\/\/edublog.educastur.es\/corredoria3\/wp-json\/wp\/v2\/pages\/2523"}],"wp:attachment":[{"href":"https:\/\/edublog.educastur.es\/corredoria3\/wp-json\/wp\/v2\/media?parent=3295"}],"curies":[{"name":"wp","href":"https:\/\/api.w.org\/{rel}","templated":true}]}}