{"id":352,"date":"2020-08-21T09:37:24","date_gmt":"2020-08-21T08:37:24","guid":{"rendered":"https:\/\/edublog.educastur.es\/corredoria3\/?page_id=352"},"modified":"2021-09-04T10:18:14","modified_gmt":"2021-09-04T08:18:14","slug":"educastur","status":"publish","type":"page","link":"https:\/\/edublog.educastur.es\/corredoria3\/educastur\/","title":{"rendered":"EDUCASTUR"},"content":{"rendered":"<p><a href=\"https:\/\/www.educastur.es\/\"><img loading=\"lazy\" decoding=\"async\" class=\"alignnone size-medium\" src=\"https:\/\/www.educastur.es\/image\/company_logo?img_id=10802&amp;t=1597982556646\" width=\"313\" height=\"60\" \/><\/a><\/p>\n<p><a href=\"https:\/\/www.educastur.es\/\"><span style=\"font-size: 14pt;color: #008080\"><span style=\"font-size: 18pt\"><strong><em>https:\/\/www.educastur.es\/<\/em><\/strong><\/span><\/span><\/a><\/p>\n<p><span style=\"text-decoration: underline\"><span style=\"color: #808080\"><em><span style=\"font-size: 14pt\">Portal de la Consejer\u00eda de Educaci\u00f3n del Principado de Asturias<\/span><\/em><\/span><\/span><\/p>\n<ul>\n<li><a href=\"https:\/\/www.educastur.es\/mapa-sitio\"><span style=\"font-size: 18pt\"><strong><em>Mapa del sitio<\/em><\/strong><\/span><\/a><\/li>\n<li><a href=\"https:\/\/twitter.com\/Educastur\"><span style=\"color: #008080\"><em><strong><span style=\"font-size: 14pt\">Twitter Educastur<\/span><\/strong><\/em><\/span><\/a><\/li>\n<li><a href=\"https:\/\/www.educastur.es\/calendario-escolar\"><span style=\"color: #008080\"><em><span style=\"font-size: 14pt\">Calendario escolar 2020-2021<\/span><\/em><\/span><\/a><\/li>\n<li><a href=\"https:\/\/www.educastur.es\/estudiantes\/familias\"><span style=\"color: #008080\"><em><span style=\"font-size: 14pt\">Gu\u00edas familias y estudiantes<\/span><\/em><\/span><\/a><\/li>\n<li><a href=\"https:\/\/www.educastur.es\/-\/guia-navegar-por-educastur\"><span style=\"color: #008080\"><strong><em><span style=\"font-size: 14pt\">Navegar porla p\u00e1gina web de Educastur<\/span><\/em><\/strong><\/span><\/a><\/li>\n<\/ul>\n<p>&nbsp;<\/p>\n<p>&nbsp;<\/p>\n","protected":false},"excerpt":{"rendered":"<p>https:\/\/www.educastur.es\/ Portal de la Consejer\u00eda de Educaci\u00f3n del Principado de Asturias Mapa del sitio Twitter Educastur Calendario escolar 2020-2021 Gu\u00edas familias y estudiantes Navegar porla p\u00e1gina web de Educastur &nbsp; &nbsp;<\/p>\n","protected":false},"author":117,"featured_media":0,"parent":0,"menu_order":35,"comment_status":"closed","ping_status":"closed","template":"","meta":{"footnotes":""},"class_list":["post-352","page","type-page","status-publish","hentry","post-preview"],"_links":{"self":[{"href":"https:\/\/edublog.educastur.es\/corredoria3\/wp-json\/wp\/v2\/pages\/352","targetHints":{"allow":["GET"]}}],"collection":[{"href":"https:\/\/edublog.educastur.es\/corredoria3\/wp-json\/wp\/v2\/pages"}],"about":[{"href":"https:\/\/edublog.educastur.es\/corredoria3\/wp-json\/wp\/v2\/types\/page"}],"author":[{"embeddable":true,"href":"https:\/\/edublog.educastur.es\/corredoria3\/wp-json\/wp\/v2\/users\/117"}],"replies":[{"embeddable":true,"href":"https:\/\/edublog.educastur.es\/corredoria3\/wp-json\/wp\/v2\/comments?post=352"}],"version-history":[{"count":1,"href":"https:\/\/edublog.educastur.es\/corredoria3\/wp-json\/wp\/v2\/pages\/352\/revisions"}],"predecessor-version":[{"id":354,"href":"https:\/\/edublog.educastur.es\/corredoria3\/wp-json\/wp\/v2\/pages\/352\/revisions\/354"}],"wp:attachment":[{"href":"https:\/\/edublog.educastur.es\/corredoria3\/wp-json\/wp\/v2\/media?parent=352"}],"curies":[{"name":"wp","href":"https:\/\/api.w.org\/{rel}","templated":true}]}}