{"id":3568,"date":"2021-03-03T19:55:40","date_gmt":"2021-03-03T17:55:40","guid":{"rendered":"https:\/\/edublog.educastur.es\/corredoria3\/?page_id=3568"},"modified":"2021-09-12T14:37:17","modified_gmt":"2021-09-12T12:37:17","slug":"sesion-05a","status":"publish","type":"page","link":"https:\/\/edublog.educastur.es\/corredoria3\/5o-pri\/cultura-asturiana\/segundo-trimestre\/sesion-05a\/","title":{"rendered":"Sesi\u00f3n 05a"},"content":{"rendered":"<p style=\"text-align: center\"><strong><em><span style=\"font-size: 18pt;color: #008080\">Cueva de El Sidr\u00f3n \/ Cueva d\u00b4El Sidr\u00f3n<\/span><\/em><\/strong><\/p>\n<p style=\"text-align: center\"><a href=\"https:\/\/www.turismoasturias.es\/documents\/11022\/39016\/ReservasCuevaSidron1.jpg?t=1389220079305\"><img loading=\"lazy\" decoding=\"async\" class=\"alignnone\" src=\"https:\/\/www.turismoasturias.es\/documents\/11022\/39016\/ReservasCuevaSidron1.jpg?t=1389220079305\" alt=\"\" width=\"708\" height=\"449\" \/><\/a><\/p>\n<ul>\n<li><a href=\"https:\/\/es.wikipedia.org\/wiki\/Cueva_de_El_Sidr%C3%B3n\">Wiki<\/a><\/li>\n<li><a href=\"https:\/\/www.turismoasturias.es\/descubre\/naturaleza\/espacios-protegidos\/cueva-del-sidron\">Turismo Asturias<\/a><\/li>\n<li><a href=\"https:\/\/www.tierradeasturcones.com\/recurso.php?iden=32&amp;id=11\">WEB<\/a><\/li>\n<\/ul>\n<p>La del Sidr\u00f3n <strong>es la mayor cavidad asturiana de calizas no carbon\u00edferas, pero adem\u00e1s, el principal inter\u00e9s de esta cueva reside en sus valores biol\u00f3gicos, pues sirve de refugio a cinco especies de quir\u00f3pteros y cuenta con dos nuevas especies de cole\u00f3pteros<\/strong>. La cavidad posee, asimismo, un yacimiento prehist\u00f3rico con algunas pinturas rupestres y han sido encontrados numerosos restos humanos neandertales, el hallazgo m\u00e1s importante de la prehistoria asturiana.<\/p>\n<p>La Cueva del Sidr\u00f3n, <strong>ubicada en la falda del Sueve<\/strong>, es un complejo k\u00e1rstico que se abre en calizas cret\u00e1cicas y conglomerados terciarios, con diez entradas conocidas que se agrupan en diferentes sectores: el Sector de la Tumba, que incluye la cueva y sumidero de la Tumba; el Sector de la Caba\u00f1ina, que comprende la cueva y sumidero de la Caba\u00f1ina y las cuevas del Sidr\u00f3n; los pozos de Aura y el Sector de Salelagua, con la cueva y resurgencia de Salelagua.<\/p>\n<p>El desarrollo total topografiado es de 3.226 metros, y se distribuye en tres niveles: el nivel superior, sin circulaci\u00f3n de agua, y compuesto por entradas y galer\u00edas f\u00f3siles elevadas; el nivel intermedio, se localiza desde la Tumba hasta Salelagua, y est\u00e1 constituido por una galer\u00eda principal de recorrido sinuoso, con morfolog\u00eda variada y diferentes secciones. Por \u00faltimo, el nivel inferior es s\u00f3lo accesible en cortos tramos, recorrido por dos cursos de agua entre los sumideros y la resurgencia de Salelagua.<\/p>\n<ul>\n<li><a href=\"https:\/\/www.los13delsidron.com\/\"><span style=\"color: #008080\"><strong><em><span style=\"font-size: 14pt\">https:\/\/www.los13delsidron.com\/<\/span><\/em><\/strong><\/span><\/a><\/li>\n<\/ul>\n<p style=\"text-align: center\"><a href=\"https:\/\/www.los13delsidron.com\/images\/includes\/homeintro.jpg\"><img loading=\"lazy\" decoding=\"async\" class=\"alignnone\" src=\"https:\/\/www.los13delsidron.com\/images\/includes\/homeintro.jpg\" alt=\"\" width=\"530\" height=\"353\" \/><\/a><\/p>\n<ul>\n<li>\n<h3 class=\"article-title\"><em><a href=\"https:\/\/historia.nationalgeographic.com.es\/a\/revolucion-neandertal-cueva-asturiana_15105\">Revoluci\u00f3n neandertal en una cueva asturiana<\/a><\/em><\/h3>\n<\/li>\n<\/ul>\n<h3 class=\"article-title\"><a href=\"https:\/\/historia.nationalgeographic.com.es\/medio\/2020\/02\/20\/miembros-del-grupo-de-paleoantropologia-mncn-csic-con-antonio-rosasa-la-cabeza-estudian-los-restos-de-esqueleto-del-juvenil-1-de-el-sidron_c054d373_800x533.jpg\"><img loading=\"lazy\" decoding=\"async\" class=\"alignnone aligncenter\" src=\"https:\/\/historia.nationalgeographic.com.es\/medio\/2020\/02\/20\/miembros-del-grupo-de-paleoantropologia-mncn-csic-con-antonio-rosasa-la-cabeza-estudian-los-restos-de-esqueleto-del-juvenil-1-de-el-sidron_c054d373_800x533.jpg\" alt=\"\" width=\"547\" height=\"364\" \/><\/a><\/h3>\n<hr \/>\n<p style=\"text-align: center\">\n<ul>\n<li><a href=\"https:\/\/drive.google.com\/file\/d\/19a4FxL8dasSiSZ_KqKE6cWuqgxxlLGPe\/view?usp=sharing\"><span style=\"font-size: 18pt\"><em><span style=\"color: #800080\">AUDIO<\/span>:<span style=\"color: #008080\"><strong> \u00abSomos prehist\u00f3ricos\u00bb<\/strong><\/span><\/em><\/span><\/a><\/li>\n<\/ul>\n<p>&nbsp;<\/p>\n<ul>\n<li><strong>dentame: <\/strong>dentadura<\/li>\n<li><strong>mazcar: <\/strong>masticar<\/li>\n<li><strong>amenorgar:<\/strong> aminorar, disminuir<\/li>\n<li><strong>encetadura: herida infectada<\/strong><\/li>\n<li><strong>desaniciar: <\/strong>desaparecer<\/li>\n<li><strong>caberu: <\/strong>\u00faltimo<\/li>\n<li><strong>requexu: <\/strong>sitio, lugar<\/li>\n<\/ul>\n<p>&nbsp;<\/p>\n<ul>\n<li><strong><span style=\"font-size: 14pt\">fungu: <span style=\"color: #808080\">brebaje, infusi\u00f3n<\/span><\/span><\/strong><\/li>\n<li><strong><span style=\"font-size: 14pt\">allanzar: <span style=\"color: #808080\">vomitar<\/span><\/span><\/strong><\/li>\n<li><strong><span style=\"font-size: 14pt\">ablucante: <span style=\"color: #808080\">chocante, extra\u00f1o<\/span><\/span><\/strong><\/li>\n<\/ul>\n<p>&nbsp;<\/p>\n<p><a href=\"https:\/\/1.bp.blogspot.com\/-eebX2HObVqI\/XsZ_Dh2mHYI\/AAAAAAAADGE\/8982cAcn9H0raMcnoNdQkfENzCVPwybzQCLcBGAsYHQ\/s1600\/Evoluci%25C3%25B3nH.JPG\"><img loading=\"lazy\" decoding=\"async\" class=\"alignnone\" src=\"https:\/\/1.bp.blogspot.com\/-eebX2HObVqI\/XsZ_Dh2mHYI\/AAAAAAAADGE\/8982cAcn9H0raMcnoNdQkfENzCVPwybzQCLcBGAsYHQ\/s1600\/Evoluci%25C3%25B3nH.JPG\" alt=\"\" width=\"1295\" height=\"582\" \/><\/a><\/p>\n<p><a href=\"https:\/\/imgbox.es\/images\/2021\/03\/03\/5_14b10d428ad0e28a07.jpg\"><img loading=\"lazy\" decoding=\"async\" class=\"alignnone\" src=\"https:\/\/imgbox.es\/images\/2021\/03\/03\/5_14b10d428ad0e28a07.jpg\" alt=\"\" width=\"1183\" height=\"1689\" \/><\/a><\/p>\n<ul>\n<li>\n<h1 id=\"content\" class=\"bbc-1lsgtu3 e1yj3cbb0\"><a href=\"https:\/\/www.bbc.com\/mundo\/vert-fut-56635630?at_campaign=64&amp;at_custom2=facebook_page&amp;at_medium=custom7&amp;at_custom1=%5Bpost+type%5D&amp;at_custom3=BBC+News+Mundo&amp;at_custom4=FCCB3782-9604-11EB-A9C5-123E4D484DA4\">BBC: C\u00f3mo eran las relaciones sexuales de los neandertales<\/a><\/h1>\n<\/li>\n<\/ul>\n<p>&nbsp;<\/p>\n<p>&nbsp;<\/p>\n","protected":false},"excerpt":{"rendered":"<p>Cueva de El Sidr\u00f3n \/ Cueva d\u00b4El Sidr\u00f3n Wiki Turismo Asturias WEB La del Sidr\u00f3n es la mayor cavidad asturiana de calizas no carbon\u00edferas, pero adem\u00e1s, el principal inter\u00e9s de esta cueva reside en sus valores biol\u00f3gicos, pues sirve de refugio a cinco especies de quir\u00f3pteros y cuenta con dos nuevas especies de cole\u00f3pteros. La [&hellip;]<\/p>\n","protected":false},"author":117,"featured_media":0,"parent":2527,"menu_order":0,"comment_status":"closed","ping_status":"closed","template":"","meta":{"footnotes":""},"class_list":["post-3568","page","type-page","status-publish","hentry","post-preview"],"_links":{"self":[{"href":"https:\/\/edublog.educastur.es\/corredoria3\/wp-json\/wp\/v2\/pages\/3568","targetHints":{"allow":["GET"]}}],"collection":[{"href":"https:\/\/edublog.educastur.es\/corredoria3\/wp-json\/wp\/v2\/pages"}],"about":[{"href":"https:\/\/edublog.educastur.es\/corredoria3\/wp-json\/wp\/v2\/types\/page"}],"author":[{"embeddable":true,"href":"https:\/\/edublog.educastur.es\/corredoria3\/wp-json\/wp\/v2\/users\/117"}],"replies":[{"embeddable":true,"href":"https:\/\/edublog.educastur.es\/corredoria3\/wp-json\/wp\/v2\/comments?post=3568"}],"version-history":[{"count":6,"href":"https:\/\/edublog.educastur.es\/corredoria3\/wp-json\/wp\/v2\/pages\/3568\/revisions"}],"predecessor-version":[{"id":4742,"href":"https:\/\/edublog.educastur.es\/corredoria3\/wp-json\/wp\/v2\/pages\/3568\/revisions\/4742"}],"up":[{"embeddable":true,"href":"https:\/\/edublog.educastur.es\/corredoria3\/wp-json\/wp\/v2\/pages\/2527"}],"wp:attachment":[{"href":"https:\/\/edublog.educastur.es\/corredoria3\/wp-json\/wp\/v2\/media?parent=3568"}],"curies":[{"name":"wp","href":"https:\/\/api.w.org\/{rel}","templated":true}]}}