{"id":3670,"date":"2021-03-07T18:20:45","date_gmt":"2021-03-07T16:20:45","guid":{"rendered":"https:\/\/edublog.educastur.es\/corredoria3\/?page_id=3670"},"modified":"2021-03-07T18:39:49","modified_gmt":"2021-03-07T16:39:49","slug":"sesion-07b","status":"publish","type":"page","link":"https:\/\/edublog.educastur.es\/corredoria3\/6o-pri\/cultura-asturiana\/segundo-trimestre\/sesion-07b\/","title":{"rendered":"Sesi\u00f3n 07b"},"content":{"rendered":"<p style=\"text-align: center\"><span style=\"color: #008080;font-size: 18pt\"><em><strong><span style=\"font-size: 24pt\">\u00abEl poema que cay\u00f3 a la mar\u00bb<\/span><\/strong><br \/>\n<\/em><\/span><\/p>\n<p style=\"text-align: center\"><a href=\"https:\/\/cdn.palbin.com\/users\/11282\/images\/libro-poema-mar-1536775606.jpg\"><img loading=\"lazy\" decoding=\"async\" class=\"alignnone\" src=\"https:\/\/cdn.palbin.com\/users\/11282\/images\/libro-poema-mar-1536775606.jpg\" alt=\"\" width=\"387\" height=\"387\" \/><\/a><\/p>\n<p>Autor: <strong>Aurelio Glez. Ovies<\/strong><br \/>\n<strong>Editorial: Pintar-Pintar<\/strong><br \/>\n<strong>Ficha editorial<\/strong>:<a href=\"https:\/\/www.pintar-pintar.com\/p802723-el-poema-que-cayo-a-la-mar.html\"> castellano<\/a> \/ <a href=\"https:\/\/www.pintar-pintar.com\/p800317-el-poema-que-cayo-a-la-mar-nasturianu.html\">asturiano<\/a><br \/>\n<strong>Seleccionado por la OEPLI<\/strong> para participar en la Bienal de Bratislava 2009<\/p>\n<ul>\n<li><a href=\"https:\/\/youtu.be\/lDeIe9vNtE0\"><em><span style=\"font-size: 14pt\">Video<\/span><\/em><\/a><\/li>\n<\/ul>\n<p style=\"text-align: center\">\n<!-- iframe plugin v.6.0 wordpress.org\/plugins\/iframe\/ -->\n<iframe loading=\"lazy\" width=\"100%\" height=\"364\" src=\"https:\/\/www.youtube.com\/embed\/lDeIe9vNtE0\" scrolling=\"yes\" class=\"iframe-class\" frameborder=\"0\"><\/iframe>\n<\/p>\n<ul>\n<li><a href=\"https:\/\/fliphtml5.com\/clfn\/gnwt\"><strong><em><span style=\"font-size: 14pt\">Primeras p\u00e1ginas<\/span><\/em><\/strong><\/a><\/li>\n<\/ul>\n<hr \/>\n<p><a href=\"https:\/\/cdn.palbin.com\/users\/11282\/images\/poemar-mar-astu-3-jpg-1413814344.jpg\"><img loading=\"lazy\" decoding=\"async\" class=\"alignnone\" src=\"https:\/\/cdn.palbin.com\/users\/11282\/images\/poemar-mar-astu-3-jpg-1413814344.jpg\" alt=\"\" width=\"1000\" height=\"524\" \/><\/a><\/p>\n<p>&nbsp;<\/p>\n<p><span style=\"color: #333399\"><em><span style=\"font-size: 18pt\">Un poema estaba tan abandonado,<br \/>\nse sent\u00eda tan solo, tan triste y tan mal,<br \/>\nque march\u00f3 del libro que sobe unas rocas<br \/>\nolvid\u00f3 alg\u00fan hombre despu\u00e9s de pescar.<\/span><\/em><\/span><\/p>\n<p><span style=\"font-size: 18pt;color: #333399\"><em>Se puso de pie sobre las may\u00fasculas,<\/em><\/span><br \/>\n<span style=\"font-size: 18pt;color: #333399\"><em>se arranc\u00f3 dos oes, arm\u00f3 unos prism\u00e1ticos<\/em><\/span><br \/>\n<span style=\"font-size: 18pt;color: #333399\"><em>y mir\u00f3 asombrado aquel folio azul<\/em><\/span><br \/>\n<span style=\"font-size: 18pt;color: #333399\"><em>por el que, a lo lejos, pasaban dos barcos.<\/em><\/span><\/p>\n<p><span style=\"color: #333399\"><em><span style=\"font-size: 18pt\">Y sin darse cuenta de que estaba alto,<\/span><\/em><\/span><br \/>\n<span style=\"color: #333399\"><em><span style=\"font-size: 18pt\">y que un cangrejo enano lo intent\u00f3 picar,<\/span><\/em><\/span><br \/>\n<span style=\"color: #333399\"><em><span style=\"font-size: 18pt\">se agach\u00f3 a rascarse la \u00faltima estrofa<\/span><\/em><\/span><br \/>\n<span style=\"color: #333399\"><em><span style=\"font-size: 18pt\">y cay\u00f3 en picado al fondo del mar.<\/span><\/em><\/span><\/p>\n<p><span style=\"color: #333399\"><em><span style=\"font-size: 18pt\">Desde entonces dicen que a veces los buzos<\/span><\/em><\/span><br \/>\n<span style=\"color: #333399\"><em><span style=\"font-size: 18pt\">ven peces met\u00e1fora, adverbios coral,<\/span><\/em><\/span><br \/>\n<span style=\"color: #333399\"><em><span style=\"font-size: 18pt\">delfines esdr\u00fajulos, pulpos monos\u00edlabos<\/span><\/em><\/span><br \/>\n<span style=\"color: #333399\"><em><span style=\"font-size: 18pt\">y algas muy po\u00e9ticas con rimas de sal.<\/span><\/em><\/span><\/p>\n<p><span style=\"color: #333399\"><em><span style=\"font-size: 18pt\">Verbos caracola, tildes oxidadas,<\/span><\/em><\/span><br \/>\n<span style=\"color: #333399\"><em><span style=\"font-size: 18pt\">peces parecidos a la acci\u00f3n de amar.<\/span><\/em><\/span><br \/>\n<span style=\"color: #333399\"><em><span style=\"font-size: 18pt\">Y que de la tinta que va desti\u00f1endo<\/span><\/em><\/span><br \/>\n<span style=\"color: #333399\"><em><span style=\"font-size: 18pt\">bebe el chipir\u00f3n,<\/span><\/em><\/span><br \/>\n<span style=\"color: #333399\"><em><span style=\"font-size: 18pt\">y bebe la<a style=\"color: #333399\" href=\"https:\/\/es.wiktionary.org\/wiki\/jibia\"> jibia<\/a>;<\/span><\/em><\/span><br \/>\n<span style=\"color: #333399\"><em><span style=\"font-size: 18pt\">bebe el calamar&#8230;<\/span><\/em><\/span><\/p>\n<p><a href=\"https:\/\/cdn.palbin.com\/users\/11282\/images\/poemamarslide-1430202683.jpg\"><img loading=\"lazy\" decoding=\"async\" class=\"alignnone\" src=\"https:\/\/cdn.palbin.com\/users\/11282\/images\/poemamarslide-1430202683.jpg\" alt=\"\" width=\"1500\" height=\"722\" \/><\/a><\/p>\n<p><em><span style=\"font-size: 14pt;color: #333399\">\u00bfQu\u00e9 pienses que pue asoceder si un poema cae a la mar? <\/span><\/em><br \/>\n<span style=\"font-size: 14pt\"><em>&#8230;De magar entoncies dicen que los buzos ven peces met\u00e1fora, alverbios coral, tolines esdr\u00faxules, pulpos monos\u00edlabos y algues mui po\u00e9tiques con rimes de sal.<\/em><\/span><\/p>\n<p>&nbsp;<\/p>\n","protected":false},"excerpt":{"rendered":"<p>\u00abEl poema que cay\u00f3 a la mar\u00bb Autor: Aurelio Glez. Ovies Editorial: Pintar-Pintar Ficha editorial: castellano \/ asturiano Seleccionado por la OEPLI para participar en la Bienal de Bratislava 2009 Video Primeras p\u00e1ginas &nbsp; Un poema estaba tan abandonado, se sent\u00eda tan solo, tan triste y tan mal, que march\u00f3 del libro que sobe unas [&hellip;]<\/p>\n","protected":false},"author":117,"featured_media":0,"parent":2525,"menu_order":0,"comment_status":"closed","ping_status":"closed","template":"","meta":{"footnotes":""},"class_list":["post-3670","page","type-page","status-publish","hentry","post-preview"],"_links":{"self":[{"href":"https:\/\/edublog.educastur.es\/corredoria3\/wp-json\/wp\/v2\/pages\/3670","targetHints":{"allow":["GET"]}}],"collection":[{"href":"https:\/\/edublog.educastur.es\/corredoria3\/wp-json\/wp\/v2\/pages"}],"about":[{"href":"https:\/\/edublog.educastur.es\/corredoria3\/wp-json\/wp\/v2\/types\/page"}],"author":[{"embeddable":true,"href":"https:\/\/edublog.educastur.es\/corredoria3\/wp-json\/wp\/v2\/users\/117"}],"replies":[{"embeddable":true,"href":"https:\/\/edublog.educastur.es\/corredoria3\/wp-json\/wp\/v2\/comments?post=3670"}],"version-history":[{"count":8,"href":"https:\/\/edublog.educastur.es\/corredoria3\/wp-json\/wp\/v2\/pages\/3670\/revisions"}],"predecessor-version":[{"id":3681,"href":"https:\/\/edublog.educastur.es\/corredoria3\/wp-json\/wp\/v2\/pages\/3670\/revisions\/3681"}],"up":[{"embeddable":true,"href":"https:\/\/edublog.educastur.es\/corredoria3\/wp-json\/wp\/v2\/pages\/2525"}],"wp:attachment":[{"href":"https:\/\/edublog.educastur.es\/corredoria3\/wp-json\/wp\/v2\/media?parent=3670"}],"curies":[{"name":"wp","href":"https:\/\/api.w.org\/{rel}","templated":true}]}}