{"id":3881,"date":"2021-04-01T17:04:58","date_gmt":"2021-04-01T15:04:58","guid":{"rendered":"https:\/\/edublog.educastur.es\/corredoria3\/?page_id=3881"},"modified":"2021-09-12T17:18:23","modified_gmt":"2021-09-12T15:18:23","slug":"tercer-trimestre","status":"publish","type":"page","link":"https:\/\/edublog.educastur.es\/corredoria3\/5o-pri\/cultura-asturiana\/tercer-trimestre\/","title":{"rendered":"TERCER TRIMESTRE"},"content":{"rendered":"<p style=\"text-align: center\"><img loading=\"lazy\" decoding=\"async\" class=\"aligncenter wp-image-378\" src=\"http:\/\/edublog.educastur.es\/corredoria3\/files\/2020\/08\/24_quinto.png\" alt=\"\" width=\"200\" height=\"164\" srcset=\"https:\/\/edublog.educastur.es\/corredoria3\/files\/2020\/08\/24_quinto.png 424w, https:\/\/edublog.educastur.es\/corredoria3\/files\/2020\/08\/24_quinto-300x246.png 300w\" sizes=\"auto, (max-width: 200px) 100vw, 200px\" \/><\/p>\n<p>&nbsp;<\/p>\n<hr \/>\n<p>&nbsp;<\/p>\n<ul>\n<li class=\"page_item page-item-3881 page_item_has_children\"><strong><em><span style=\"font-size: 18pt\"><a href=\"https:\/\/edublog.educastur.es\/corredoria3\/5o-pri\/cultura-asturiana\/tercer-trimestre\/\">TERCER TRIMESTRE<\/a><\/span><\/em><\/strong>\n<ul class=\"children\">\n<li class=\"page_item page-item-3918\"><a href=\"https:\/\/edublog.educastur.es\/corredoria3\/6o-pri\/cultura-asturiana\/3o-trimestre\/sesion-02\/\"><strong><em><span style=\"font-size: 18pt\">Sesi\u00f3n 01: Deportes tradicionales en Asturias<\/span><\/em><\/strong><\/a><\/li>\n<li class=\"page_item page-item-3928\"><strong><em><span style=\"font-size: 18pt\"><a href=\"https:\/\/edublog.educastur.es\/corredoria3\/5o-pri\/cultura-asturiana\/tercer-trimestre\/sesion-02\/\">Sesi\u00f3n 02<\/a><\/span><\/em><\/strong><\/li>\n<li><a href=\"https:\/\/edublog.educastur.es\/corredoria3\/5o-pri\/cultura-asturiana\/tercer-trimestre\/sesion-02a\/\"><span style=\"font-size: 14pt\">Sesi\u00f3n 02A: Verdicio<\/span><\/a><\/li>\n<li><span style=\"font-size: 14pt\"><a href=\"https:\/\/edublog.educastur.es\/corredoria3\/5o-pri\/cultura-asturiana\/tercer-trimestre\/sesion-02b\">Sesi\u00f3n 02B: Marcos del Torniello<\/a><\/span><\/li>\n<li class=\"page_item page-item-3998\"><\/li>\n<\/ul>\n<\/li>\n<\/ul>\n<p style=\"text-align: center\"><em><strong><span style=\"color: #800080;font-size: 18pt\">Para complementar el curso se dieron<br \/>\nalgunas de las sesiones de 6\u00ba de E. P.<\/span><\/strong><\/em><\/p>\n<ul>\n<li class=\"page_item page-item-3883 page_item_has_children\"><strong><em><a href=\"https:\/\/edublog.educastur.es\/corredoria3\/6o-pri\/cultura-asturiana\/3o-trimestre\/\">3\u00ba TRIMESTRE<\/a><\/em><\/strong>\n<ul class=\"children\">\n<li class=\"page_item page-item-3920\"><em><a href=\"https:\/\/edublog.educastur.es\/corredoria3\/6o-pri\/cultura-asturiana\/3o-trimestre\/sesion-01\/\">Sesi\u00f3n 01:<\/a><\/em><strong><em><a href=\"https:\/\/edublog.educastur.es\/corredoria3\/6o-pri\/cultura-asturiana\/3o-trimestre\/sesion-01\/\"> El C\u00f3mic en Asturias<\/a><\/em><\/strong><em><a href=\"https:\/\/edublog.educastur.es\/corredoria3\/6o-pri\/cultura-asturiana\/3o-trimestre\/sesion-01\/\"> (Ruma Barbero, Efr\u00e9n d Andr\u00e9s)<\/a><\/em><\/li>\n<li><a href=\"https:\/\/edublog.educastur.es\/corredoria3\/6o-pri\/cultura-asturiana\/3o-trimestre\/sesion-01b\/\"><em>Sesi\u00f3n 01b :<strong> La caricatura<\/strong><\/em><\/a><\/li>\n<li class=\"page_item page-item-3930\"><strong><em><a href=\"https:\/\/edublog.educastur.es\/corredoria3\/6o-pri\/cultura-asturiana\/3o-trimestre\/sesion-02\/\">Sesi\u00f3n 02: Deportes tradicionales asturianos<\/a><\/em><\/strong><\/li>\n<li class=\"page_item page-item-3940\"><strong><em><a href=\"https:\/\/edublog.educastur.es\/corredoria3\/6o-pri\/cultura-asturiana\/3o-trimestre\/sesion-03\/\">Sesi\u00f3n 03: Red Etnogr\u00e1fica de Museos Asturianos<\/a><\/em><\/strong><\/li>\n<li><a href=\"https:\/\/edublog.educastur.es\/corredoria3\/6o-pri\/cultura-asturiana\/3o-trimestre\/atlas-sonoru-ll-a\"><em>Atlas Sonoru de la Llingua Asturiana<\/em><\/a><\/li>\n<li class=\"page_item page-item-3950\"><strong><em><a href=\"https:\/\/edublog.educastur.es\/corredoria3\/6o-pri\/cultura-asturiana\/3o-trimestre\/sesion-04\/\">Sesi\u00f3n 04: Asina ye l mio cuartu<\/a><\/em><\/strong><\/li>\n<li><a href=\"https:\/\/edublog.educastur.es\/corredoria3\/6o-pri\/cultura-asturiana\/3o-trimestre\/canciu-los-fayeos\"><em>Canciu: <\/em><strong><em>Los fayeos de mayo<\/em><\/strong><\/a><\/li>\n<li class=\"page_item page-item-3960\"><strong><em><a href=\"https:\/\/edublog.educastur.es\/corredoria3\/6o-pri\/cultura-asturiana\/3o-trimestre\/sesion-05\/\">Sesi\u00f3n 05: Selmana de les lletres Asturianes<\/a><\/em><\/strong><\/li>\n<li class=\"page_item page-item-3970\"><strong><em><a href=\"https:\/\/edublog.educastur.es\/corredoria3\/6o-pri\/cultura-asturiana\/3o-trimestre\/sesion-06\/\">Sesi\u00f3n 06: La familia tradicional asturiana<\/a><\/em><\/strong><\/li>\n<li class=\"page_item page-item-3980\"><strong><em><a href=\"https:\/\/edublog.educastur.es\/corredoria3\/6o-pri\/cultura-asturiana\/3o-trimestre\/sesion-07\/\">Sesi\u00f3n 07: La canci\u00f3n vaqueira<\/a><\/em><\/strong><\/li>\n<li class=\"page_item page-item-3990\"><strong><em><a href=\"https:\/\/edublog.educastur.es\/corredoria3\/6o-pri\/cultura-asturiana\/3o-trimestre\/sesion-08\/\">Sesi\u00f3n 08: M\u00fasica hecha en Asturias<\/a><\/em><\/strong><\/li>\n<li class=\"page_item page-item-4000\"><a href=\"https:\/\/edublog.educastur.es\/corredoria3\/6o-pri\/cultura-asturiana\/3o-trimestre\/sesion-09\/\"><strong><em>Sesi\u00f3n 09: Melchor Gaspar de Xovellanos<\/em><\/strong><\/a><\/li>\n<\/ul>\n<\/li>\n<\/ul>\n<div class=\"content left\">\n<div class=\"posts\">\n<article id=\"post-2527\" class=\"post-2527 page type-page status-publish hentry\">\n<div class=\"post-content entry-content\">\n<p>&nbsp;<\/p>\n<p><em><strong>\u00a0<\/strong><\/em><\/p>\n<\/div>\n<\/article>\n<\/div>\n<\/div>\n","protected":false},"excerpt":{"rendered":"<p>&nbsp; &nbsp; TERCER TRIMESTRE Sesi\u00f3n 01: Deportes tradicionales en Asturias Sesi\u00f3n 02 Sesi\u00f3n 02A: Verdicio Sesi\u00f3n 02B: Marcos del Torniello Para complementar el curso se dieron algunas de las sesiones de 6\u00ba de E. P. 3\u00ba TRIMESTRE Sesi\u00f3n 01: El C\u00f3mic en Asturias (Ruma Barbero, Efr\u00e9n d Andr\u00e9s) Sesi\u00f3n 01b : La caricatura Sesi\u00f3n 02: [&hellip;]<\/p>\n","protected":false},"author":117,"featured_media":0,"parent":1056,"menu_order":0,"comment_status":"closed","ping_status":"closed","template":"","meta":{"footnotes":""},"class_list":["post-3881","page","type-page","status-publish","hentry","post-preview"],"_links":{"self":[{"href":"https:\/\/edublog.educastur.es\/corredoria3\/wp-json\/wp\/v2\/pages\/3881","targetHints":{"allow":["GET"]}}],"collection":[{"href":"https:\/\/edublog.educastur.es\/corredoria3\/wp-json\/wp\/v2\/pages"}],"about":[{"href":"https:\/\/edublog.educastur.es\/corredoria3\/wp-json\/wp\/v2\/types\/page"}],"author":[{"embeddable":true,"href":"https:\/\/edublog.educastur.es\/corredoria3\/wp-json\/wp\/v2\/users\/117"}],"replies":[{"embeddable":true,"href":"https:\/\/edublog.educastur.es\/corredoria3\/wp-json\/wp\/v2\/comments?post=3881"}],"version-history":[{"count":12,"href":"https:\/\/edublog.educastur.es\/corredoria3\/wp-json\/wp\/v2\/pages\/3881\/revisions"}],"predecessor-version":[{"id":4774,"href":"https:\/\/edublog.educastur.es\/corredoria3\/wp-json\/wp\/v2\/pages\/3881\/revisions\/4774"}],"up":[{"embeddable":true,"href":"https:\/\/edublog.educastur.es\/corredoria3\/wp-json\/wp\/v2\/pages\/1056"}],"wp:attachment":[{"href":"https:\/\/edublog.educastur.es\/corredoria3\/wp-json\/wp\/v2\/media?parent=3881"}],"curies":[{"name":"wp","href":"https:\/\/api.w.org\/{rel}","templated":true}]}}