{"id":3900,"date":"2021-04-01T17:30:18","date_gmt":"2021-04-01T15:30:18","guid":{"rendered":"https:\/\/edublog.educastur.es\/corredoria3\/?page_id=3900"},"modified":"2021-04-18T20:08:24","modified_gmt":"2021-04-18T18:08:24","slug":"sesion-01","status":"publish","type":"page","link":"https:\/\/edublog.educastur.es\/corredoria3\/3o-pri\/cultura-asturiana\/tercer-trimestre\/sesion-01\/","title":{"rendered":"Sesi\u00f3n 01"},"content":{"rendered":"<p style=\"text-align: center\"><span style=\"font-size: 18pt;color: #008080\"><strong><em>Instrumentos tradicionales asturianos:<br \/>\n(cuerda, viento, percusi\u00f3n&#8230;)<\/em><\/strong><\/span><\/p>\n<p style=\"text-align: center\"><a href=\"https:\/\/asturiasconvivencias.es\/wp-content\/uploads\/2019\/02\/instrumentos-asturianos.jpg\"><img loading=\"lazy\" decoding=\"async\" class=\"alignnone\" src=\"https:\/\/asturiasconvivencias.es\/wp-content\/uploads\/2019\/02\/instrumentos-asturianos.jpg\" alt=\"\" width=\"366\" height=\"373\" \/><\/a><\/p>\n<ul>\n<li><em><span style=\"font-size: 18pt;color: #008080\">Actividad en castellano: <a href=\"https:\/\/educastur-my.sharepoint.com\/:w:\/g\/personal\/isabellh_educastur_org\/ETpF47sXtPdLlgvk9FrNK34Bq9UGXZUs-Mpu5QyqLA9CkA?e=eH4UM8\">Word<\/a> \/ <a href=\"https:\/\/educastur-my.sharepoint.com\/:b:\/g\/personal\/isabellh_educastur_org\/EY6gWnq5JLhCnxze_xrt8mkBbihPPpkcH_9qNaU_fS7Bew?e=mIRMAB\">pdf<\/a><\/span><\/em><\/li>\n<li><em><span style=\"font-size: 18pt;color: #008080\">Activid\u00e1 n\u00b4asturianu: <a href=\"https:\/\/educastur-my.sharepoint.com\/:w:\/g\/personal\/isabellh_educastur_org\/EV2UaiFEpNRDkRnm2S-IADAB5vPC7_2urCCqpHqc5L0lbg?e=PvBirG\">Word<\/a> \/ <a href=\"https:\/\/educastur-my.sharepoint.com\/:b:\/g\/personal\/isabellh_educastur_org\/EQggXVtHY4BAmZPVH9A0xP4ByNm_r4zjvvNJmBhgUjqmug?e=HEZlHG\">pdf<\/a><\/span><\/em><\/li>\n<\/ul>\n<p style=\"text-align: center\">\n<!-- iframe plugin v.6.0 wordpress.org\/plugins\/iframe\/ -->\n<iframe loading=\"lazy\" src=\"https:\/\/drive.google.com\/file\/d\/1c0MeBXcmvXpdrouoxmOnUCR4ZIemXyzH\/preview\" width=\"640\" height=\"370\" 0=\"\/iframe\" scrolling=\"yes\" class=\"iframe-class\" frameborder=\"0\"><\/iframe>\n<\/p>\n<hr \/>\n<p style=\"text-align: center\"><em><span style=\"text-decoration: underline;color: #000000;font-size: 18pt\"><strong>Clasificaciones:<\/strong><\/span><\/em><\/p>\n<ul>\n<li><span style=\"text-decoration: underline\"><span style=\"color: #0000ff;text-decoration: underline\"><strong><span style=\"font-size: 18pt\">Aer\u00f3fonos<\/span><\/strong><\/span><\/span><span style=\"font-size: 18pt\"><span style=\"color: #808080\"> (aire\/viento&#8230;)<br \/>\n<span style=\"font-size: 14pt\">* <span style=\"color: #0000ff\"><strong>De boquilla:<\/strong> <\/span>Turullu \/ Chifles \/ Xiblates<\/span><\/span><\/span><br \/>\n<span style=\"font-size: 14pt\">* <strong><span style=\"color: #0000ff\">Lengueta simple:<\/span><\/strong> <span style=\"color: #808080\">Gaita<\/span><\/span><br \/>\n<span style=\"font-size: 14pt\">* <span style=\"color: #0000ff\"><strong>Fuelle:<\/strong> <\/span><span style=\"color: #808080\">Curdi\u00f3n<\/span><\/span><\/li>\n<li><span style=\"color: #800080\"><strong><span style=\"font-size: 18pt\"><span style=\"text-decoration: underline\">Cord\u00f3fonos<\/span> <\/span><\/strong><\/span><span style=\"font-size: 18pt;color: #808080\">(cuerda&#8230;)<br \/>\n<span style=\"font-size: 14pt\">* <span style=\"color: #800080\"><strong>Frotados con arco:<\/strong> <\/span>Vigul\u00edn de ma\u00edz \/ Vigul\u00edn \/ Bandurria<\/span><br \/>\n<span style=\"font-size: 14pt\">* <strong><span style=\"color: #800080\">Frotados con rueda:<\/span> <\/strong>Zanfona<\/span><\/span><\/li>\n<li><span style=\"text-decoration: underline\"><span style=\"color: #008080\"><strong><span style=\"font-size: 18pt\">Membran\u00f3fonos<\/span><\/strong><\/span><\/span><span style=\"font-size: 18pt\"><span style=\"color: #808080\"> (parche\/golpear&#8230;)<br \/>\n<strong><span style=\"font-size: 14pt;color: #008080\">* Percutidos con la mano:<\/span><\/strong><br \/>\n<strong><span style=\"font-size: 14pt;color: #008080\">* Percutidos con baquetas:<\/span><\/strong><\/span><\/span><\/li>\n<li><span style=\"text-decoration: underline\"><span style=\"color: #ff9900;text-decoration: underline\"><strong><span style=\"font-size: 18pt\"><span style=\"color: #ffcc00;text-decoration: underline\">Idi\u00f3fonos<\/span> <\/span><\/strong><\/span><\/span><span style=\"font-size: 18pt\"><span style=\"color: #808080\">(frotar\/golpear&#8230;)<br \/>\n<span style=\"font-size: 14pt;color: #ffcc00\">* De entrechoque: <span style=\"color: #808080\">Payel.la<\/span><\/span><\/span><\/span><br \/>\n<span style=\"font-size: 14pt;color: #ffcc00\">* Percutidos: <\/span><br \/>\n<span style=\"font-size: 14pt;color: #ffcc00\">* Frotados: <span style=\"color: #808080\">Botella labrada \/ Riqui-raque<\/span><\/span><br \/>\n<span style=\"font-size: 14pt;color: #ffcc00\">* Punteados:<\/span><\/li>\n<\/ul>\n<hr \/>\n<p style=\"text-align: center\">\n<!-- iframe plugin v.6.0 wordpress.org\/plugins\/iframe\/ -->\n<iframe loading=\"lazy\" src=\"https:\/\/drive.google.com\/file\/d\/1HMWg_pFY19s1zK8TnwII0y3hLuBrf1DN\/preview\" width=\"640\" height=\"370\" 0=\"\/iframe\" scrolling=\"yes\" class=\"iframe-class\" frameborder=\"0\"><\/iframe>\n<\/p>\n<p style=\"text-align: center\">\n<!-- iframe plugin v.6.0 wordpress.org\/plugins\/iframe\/ -->\n<iframe loading=\"lazy\" src=\"https:\/\/drive.google.com\/file\/d\/1h_3PCtwbCdIIYhYR3IYQoOzTBWBvHwAm\/preview\" width=\"640\" height=\"860\" 0=\"\/iframe\" scrolling=\"yes\" class=\"iframe-class\" frameborder=\"0\"><\/iframe>\n<\/p>\n<p style=\"text-align: center\">\n<!-- iframe plugin v.6.0 wordpress.org\/plugins\/iframe\/ -->\n<iframe loading=\"lazy\" src=\"https:\/\/drive.google.com\/file\/d\/1Ay1W-4J6uNmwswDqA8fYvyn3XBYtdbxK\/preview\" width=\"640\" height=\"820\" 0=\"\/iframe\" scrolling=\"yes\" class=\"iframe-class\" frameborder=\"0\"><\/iframe>\n<\/p>\n<hr \/>\n<p>Anexo:<\/p>\n<p style=\"text-align: center\">\n<!-- iframe plugin v.6.0 wordpress.org\/plugins\/iframe\/ -->\n<iframe loading=\"lazy\" src=\"\/\/www.slideshare.net\/slideshow\/embed_code\/key\/NisueJdOsRnT7K\" width=\"595\" height=\"485\" frameborder=\"0\" marginwidth=\"0\" marginheight=\"0\" scrolling=\"no\" style=\"border:1px solid #CCC; border-width:1px; margin-bottom:5px; max-width: 100%;\" 0=\"allowfullscreen\" 1=\"\/iframe\" class=\"iframe-class\"><\/iframe>\n<\/p>\n<p><a href=\"https:\/\/1.bp.blogspot.com\/-ufguoW2Ohuo\/YANhXDlUYgI\/AAAAAAAA8BU\/29ewS2VjFPg4PNkdtcGbkDnIxfkUgHSvgCLcBGAsYHQ\/w452-h640\/Imagen2.png\"><img loading=\"lazy\" decoding=\"async\" class=\"alignnone\" src=\"https:\/\/1.bp.blogspot.com\/-ufguoW2Ohuo\/YANhXDlUYgI\/AAAAAAAA8BU\/29ewS2VjFPg4PNkdtcGbkDnIxfkUgHSvgCLcBGAsYHQ\/w452-h640\/Imagen2.png\" alt=\"\" width=\"228\" height=\"322\" \/><\/a>\/ <a href=\"https:\/\/files.liveworksheets.com\/def_files\/2020\/4\/20\/4201300299011\/4201300299011001.jpg\"><img loading=\"lazy\" decoding=\"async\" class=\"alignnone\" src=\"https:\/\/files.liveworksheets.com\/def_files\/2020\/4\/20\/4201300299011\/4201300299011001.jpg\" alt=\"\" width=\"246\" height=\"347\" \/><\/a><\/p>\n<p><a href=\"https:\/\/cf.ppt-online.org\/files\/slide\/g\/Gw9L2Et4lQVg3FqaYUubHN06OIDkZjRCovXx8m\/slide-8.jpg\"><img loading=\"lazy\" decoding=\"async\" class=\"alignnone\" src=\"https:\/\/cf.ppt-online.org\/files\/slide\/g\/Gw9L2Et4lQVg3FqaYUubHN06OIDkZjRCovXx8m\/slide-8.jpg\" alt=\"\" width=\"261\" height=\"195\" \/><\/a> \/ <a href=\"https:\/\/i.pinimg.com\/originals\/14\/89\/b0\/1489b0598fa9972ed13ffb1af177a8e7.jpg\"><img loading=\"lazy\" decoding=\"async\" class=\"alignnone\" src=\"https:\/\/i.pinimg.com\/originals\/14\/89\/b0\/1489b0598fa9972ed13ffb1af177a8e7.jpg\" alt=\"\" width=\"164\" height=\"183\" \/><\/a><\/p>\n<p><a href=\"https:\/\/image.slidesharecdn.com\/musicaregional1-180517120458\/95\/asturias-7-638.jpg?cb=1526558740\"><img loading=\"lazy\" decoding=\"async\" class=\"alignnone\" src=\"https:\/\/image.slidesharecdn.com\/musicaregional1-180517120458\/95\/asturias-7-638.jpg?cb=1526558740\" alt=\"\" width=\"258\" height=\"194\" \/><\/a>\/<\/p>\n<p style=\"text-align: center\">\n<!-- iframe plugin v.6.0 wordpress.org\/plugins\/iframe\/ -->\n<iframe loading=\"lazy\" src=\"https:\/\/prezi.com\/embed\/nka7ogzgqw10\/\" id=\"iframe_container\" frameborder=\"0\" webkitallowfullscreen mozallowfullscreen allowfullscreen allow=\"autoplay; fullscreen\" height=\"315\" width=\"560\" 0=\"\/iframe\" scrolling=\"yes\" class=\"iframe-class\"><\/iframe>\n<\/p>\n<hr \/>\n<p>&nbsp;<\/p>\n<p><img loading=\"lazy\" decoding=\"async\" class=\"size-full aligncenter\" src=\"https:\/\/3.bp.blogspot.com\/-qTsUADXuJ7M\/T5RjnT4XuzI\/AAAAAAAAAzo\/Ls9s15YDpU8\/s400\/Wix+Trasgu.png\" width=\"400\" height=\"257\" \/><\/p>\n<ul>\n<li style=\"text-align: center\"><em><a href=\"https:\/\/www.youtube.com\/watch?v=pUg4Jlum1ZE\">Trasgu y los instrumentos asturianos<\/a><\/em><\/li>\n<\/ul>\n<p style=\"text-align: center\">\n<!-- iframe plugin v.6.0 wordpress.org\/plugins\/iframe\/ -->\n<iframe loading=\"lazy\" width=\"100%\" height=\"331\" src=\"https:\/\/www.youtube.com\/embed\/pUg4Jlum1ZE\" scrolling=\"yes\" class=\"iframe-class\" frameborder=\"0\"><\/iframe>\n<\/p>\n<div class=\"post-header\">\n<div id=\"post-body-9109152964917656959\" class=\"post-body entry-content\">\n<div style=\"text-align: center\">\n<!-- iframe plugin v.6.0 wordpress.org\/plugins\/iframe\/ -->\n<iframe loading=\"lazy\" src=\"https:\/\/drive.google.com\/file\/d\/1rCN1Mm2fiy-opq5qz_AybEtOJB9r0iKV\/preview\" width=\"640\" height=\"480\" 0=\"\/iframe\" scrolling=\"yes\" class=\"iframe-class\" frameborder=\"0\"><\/iframe>\n<\/div>\n<div><\/div>\n<div>\n<p>El cuento fue editado por la Consejer\u00eda de Educaci\u00f3n y CPR del Nal\u00f3n-Caudal en \u00a0noviembre de 2005. Autoras: Arantxa Llames Prado; <strong>Olvido Vigil Ordiales<\/strong>; M\u00aa Teresa Dominguez Diaz y Victoria Fern\u00e1ndez Villanueva. <a href=\"https:\/\/cprcuencasmineras.es\/publicaciones\/show\/trasgu-y-los-instrumentos-tradicionales-asturianos\">VER ACTIVIDADES<\/a><\/p>\n<ul>\n<li><a href=\"https:\/\/cprcuencasmineras.es\/documents\/download\/64\">Cartogramas <\/a>(Zip con las im\u00e1genes en formato PSD).<\/li>\n<li><a href=\"https:\/\/cprcuencasmineras.es\/documents\/download\/65\">Audio <\/a>(En formato mp3 o MIDI).<\/li>\n<li><a href=\"https:\/\/cprcuencasmineras.es\/documents\/download\/66\">Partituras <\/a>(En formato PDF).<\/li>\n<\/ul>\n<\/div>\n<\/div>\n<\/div>\n<hr \/>\n<ul>\n<li><span style=\"font-size: 18pt\"><a href=\"https:\/\/www.youtube.com\/watch?v=_9msn3Bb_i8\">A\u00f1ada<\/a><\/span><\/li>\n<li><a href=\"https:\/\/deezer.page.link\/3bDWbTPQ3BwaZzwH6\">Canci\u00f3n de cuna: \u00abDormir esmeralda\u00bb<\/a><\/li>\n<\/ul>\n<p style=\"text-align: center\">\n<!-- iframe plugin v.6.0 wordpress.org\/plugins\/iframe\/ -->\n<iframe loading=\"lazy\" title=\"deezer-widget\" src=\"https:\/\/widget.deezer.com\/widget\/light\/artist\/14117249\/top_tracks\" width=\"100%\" height=\"300\" frameborder=\"0\" allowtransparency=\"true\" allow=\"encrypted-media\" 0=\"\/iframe\" scrolling=\"yes\" class=\"iframe-class\"><\/iframe>\n<\/p>\n<p style=\"text-align: center\">\n<!-- iframe plugin v.6.0 wordpress.org\/plugins\/iframe\/ -->\n<iframe loading=\"lazy\" width=\"100%\" height=\"331\" src=\"https:\/\/www.youtube.com\/embed\/_9msn3Bb_i8\" scrolling=\"yes\" class=\"iframe-class\" frameborder=\"0\"><\/iframe>\n<\/p>\n<ul>\n<li><a href=\"https:\/\/www.youtube.com\/embed\/LmI7U8d95Bo\"><strong>A\u00f1ada para Gael<\/strong> (Tejedor)<\/a><\/li>\n<\/ul>\n<p style=\"text-align: center\">\n<!-- iframe plugin v.6.0 wordpress.org\/plugins\/iframe\/ -->\n<iframe loading=\"lazy\" src=\"https:\/\/open.spotify.com\/embed\/track\/4ICdDUMaGpMnx5zOg4nBwv\" width=\"300\" height=\"380\" frameborder=\"0\" allowtransparency=\"true\" allow=\"encrypted-media\" 0=\"\/iframe\" scrolling=\"yes\" class=\"iframe-class\"><\/iframe>\n<\/p>\n<hr \/>\n<ul>\n<li><a href=\"https:\/\/www.youtube.com\/watch?v=L4Xf40dONVs\"><span style=\"font-size: 18pt\"><em>Tonada: <strong>Anabel Santiago<\/strong><\/em><\/span><\/a><\/li>\n<\/ul>\n<p style=\"text-align: center\">\n<!-- iframe plugin v.6.0 wordpress.org\/plugins\/iframe\/ -->\n<iframe loading=\"lazy\" width=\"100%\" height=\"331\" src=\"https:\/\/www.youtube.com\/embed\/L4Xf40dONVs\" scrolling=\"yes\" class=\"iframe-class\" frameborder=\"0\"><\/iframe>\n<\/p>\n<hr \/>\n<ul>\n<li><em><span style=\"font-size: 18pt\"><a href=\"https:\/\/www.youtube.com\/watch?v=4vFpC96_z6U\">Tonada: <strong>Celestino Rozada<\/strong><\/a><\/span><\/em><\/li>\n<\/ul>\n<p style=\"text-align: center\">\n<!-- iframe plugin v.6.0 wordpress.org\/plugins\/iframe\/ -->\n<iframe loading=\"lazy\" width=\"100%\" height=\"331\" src=\"https:\/\/www.youtube.com\/embed\/4vFpC96_z6U\" scrolling=\"yes\" class=\"iframe-class\" frameborder=\"0\"><\/iframe>\n<\/p>\n<hr \/>\n<ul>\n<li><em><span style=\"font-size: 18pt\"><a href=\"https:\/\/www.youtube.com\/watch?v=o6LHkZeTxPc\"><strong>Jos\u00e9 Angel Hevia<\/strong><\/a><\/span><\/em><\/li>\n<\/ul>\n<p style=\"text-align: center\">\n<!-- iframe plugin v.6.0 wordpress.org\/plugins\/iframe\/ -->\n<iframe loading=\"lazy\" width=\"100%\" height=\"331\" src=\"https:\/\/www.youtube.com\/embed\/o6LHkZeTxPc\" scrolling=\"yes\" class=\"iframe-class\" frameborder=\"0\"><\/iframe>\n<\/p>\n<hr \/>\n<ul>\n<li><em><span style=\"font-size: 18pt\"><a href=\"https:\/\/www.youtube.com\/watch?v=MUa_T2KTfx0\">Canci\u00f3n de boda vaqueira<\/a><\/span><\/em><\/li>\n<\/ul>\n<p style=\"text-align: center\">\n<!-- iframe plugin v.6.0 wordpress.org\/plugins\/iframe\/ -->\n<iframe loading=\"lazy\" width=\"100%\" height=\"331\" src=\"https:\/\/www.youtube.com\/embed\/MUa_T2KTfx0\" scrolling=\"yes\" class=\"iframe-class\" frameborder=\"0\"><\/iframe>\n<\/p>\n<hr \/>\n<ul>\n<li><span style=\"font-size: 18pt\"><em><a href=\"https:\/\/www.youtube.com\/watch?v=c2E-YuPTmRw\">Reportaje instrumentos tradicionales asturianos<\/a><\/em><\/span><\/li>\n<\/ul>\n<p style=\"text-align: center\">\n<!-- iframe plugin v.6.0 wordpress.org\/plugins\/iframe\/ -->\n<iframe loading=\"lazy\" width=\"100%\" height=\"331\" src=\"https:\/\/www.youtube.com\/embed\/c2E-YuPTmRw\" scrolling=\"yes\" class=\"iframe-class\" frameborder=\"0\"><\/iframe>\n<\/p>\n<hr \/>\n<ul>\n<li><em><span style=\"font-size: 18pt\"><a href=\"https:\/\/www.youtube.com\/watch?v=fRnNhY1qGFg\">Danza prima<\/a><\/span><\/em><\/li>\n<\/ul>\n<p style=\"text-align: center\">\n<!-- iframe plugin v.6.0 wordpress.org\/plugins\/iframe\/ -->\n<iframe loading=\"lazy\" width=\"100%\" height=\"331\" src=\"https:\/\/www.youtube.com\/embed\/fRnNhY1qGFg\" scrolling=\"yes\" class=\"iframe-class\" frameborder=\"0\"><\/iframe>\n<\/p>\n<hr \/>\n<ul>\n<li><em><span style=\"font-size: 18pt\"><a href=\"https:\/\/www.youtube.com\/watch?v=BxBQrS-UjYI\">Pericote<\/a><\/span><\/em><\/li>\n<\/ul>\n<p style=\"text-align: center\">\n<!-- iframe plugin v.6.0 wordpress.org\/plugins\/iframe\/ -->\n<iframe loading=\"lazy\" width=\"100%\" height=\"331\" src=\"https:\/\/www.youtube.com\/embed\/BxBQrS-UjYI\" scrolling=\"yes\" class=\"iframe-class\" frameborder=\"0\"><\/iframe>\n<\/p>\n<hr \/>\n<ul>\n<li><span style=\"font-size: 18pt\"><em><a href=\"https:\/\/www.youtube.com\/watch?v=XIeT8WJZMH8\">Salt\u00f3n<\/a><\/em><\/span><\/li>\n<\/ul>\n<p style=\"text-align: center\">\n<!-- iframe plugin v.6.0 wordpress.org\/plugins\/iframe\/ -->\n<iframe loading=\"lazy\" width=\"100%\" height=\"331\" src=\"https:\/\/www.youtube.com\/embed\/XIeT8WJZMH8\" scrolling=\"yes\" class=\"iframe-class\" frameborder=\"0\"><\/iframe>\n<\/p>\n<hr \/>\n<ul>\n<li><em><span style=\"font-size: 18pt\"><a href=\"https:\/\/www.youtube.com\/watch?v=czuGrwwieTI\">Gaiteros, I\u00f1aki, Pravianu y Xuacu Amieva<\/a><\/span><\/em><\/li>\n<\/ul>\n<p style=\"text-align: center\">\n<!-- iframe plugin v.6.0 wordpress.org\/plugins\/iframe\/ -->\n<iframe loading=\"lazy\" width=\"100%\" height=\"331\" src=\"https:\/\/www.youtube.com\/embed\/czuGrwwieTI\" scrolling=\"yes\" class=\"iframe-class\" frameborder=\"0\"><\/iframe>\n<\/p>\n<hr \/>\n<ul>\n<li><em><span style=\"font-size: 18pt\"><a href=\"https:\/\/www.youtube.com\/watch?v=8Ws-JGg117U&amp;list=PL6D733E6D07B6D06F\">Gaiteros m\u00e1s conocidos<\/a><\/span><\/em><\/li>\n<\/ul>\n<p style=\"text-align: center\">\n<!-- iframe plugin v.6.0 wordpress.org\/plugins\/iframe\/ -->\n<iframe loading=\"lazy\" width=\"100%\" height=\"331\" src=\"https:\/\/www.youtube.com\/embed\/8Ws-JGg117U\" scrolling=\"yes\" class=\"iframe-class\" frameborder=\"0\"><\/iframe>\n<\/p>\n<hr \/>\n<p style=\"text-align: center\"><span style=\"color: #800080\"><em><span style=\"font-size: 18pt\">Anexo (por si sobra tiempo, para completar&#8230;)<\/span><\/em><\/span><\/p>\n<ul>\n<li style=\"text-align: center\"><a href=\"https:\/\/edublog.educastur.es\/corredoria3\/5o-pri\/cultura-asturiana\/primer-trimestre\/sesion-06\/\"><em><span style=\"font-size: 18pt\"><strong>Sesi\u00f3n LA GAITA ASTURIANA 5\u00ba<\/strong><\/span><\/em><\/a><\/li>\n<li><a href=\"https:\/\/cmapspublic.ihmc.us\/rid=1JVDYBX3T-1TW6THP-10TW\/blogs-musica-comunidades.cmap\">Blogs de M\u00fasica<\/a><\/li>\n<\/ul>\n<hr \/>\n<div class=\"post-header\">\n<div id=\"post-body-9109152964917656959\" class=\"post-body entry-content\">\n<div style=\"text-align: center\">\n<!-- iframe plugin v.6.0 wordpress.org\/plugins\/iframe\/ -->\n<iframe loading=\"lazy\" src=\"https:\/\/drive.google.com\/file\/d\/17sd2akWi6KR8AteRwv9UOUs3wqJUUp5R\/preview\" width=\"640\" height=\"640\" 0=\"\/iframe\" scrolling=\"yes\" class=\"iframe-class\" frameborder=\"0\"><\/iframe>\n<\/div>\n<\/div>\n<\/div>\n","protected":false},"excerpt":{"rendered":"<p>Instrumentos tradicionales asturianos: (cuerda, viento, percusi\u00f3n&#8230;) Actividad en castellano: Word \/ pdf Activid\u00e1 n\u00b4asturianu: Word \/ pdf Clasificaciones: Aer\u00f3fonos (aire\/viento&#8230;) * De boquilla: Turullu \/ Chifles \/ Xiblates * Lengueta simple: Gaita * Fuelle: Curdi\u00f3n Cord\u00f3fonos (cuerda&#8230;) * Frotados con arco: Vigul\u00edn de ma\u00edz \/ Vigul\u00edn \/ Bandurria * Frotados con rueda: Zanfona Membran\u00f3fonos (parche\/golpear&#8230;) [&hellip;]<\/p>\n","protected":false},"author":117,"featured_media":0,"parent":3877,"menu_order":0,"comment_status":"closed","ping_status":"closed","template":"","meta":{"footnotes":""},"class_list":["post-3900","page","type-page","status-publish","hentry","post-preview"],"_links":{"self":[{"href":"https:\/\/edublog.educastur.es\/corredoria3\/wp-json\/wp\/v2\/pages\/3900","targetHints":{"allow":["GET"]}}],"collection":[{"href":"https:\/\/edublog.educastur.es\/corredoria3\/wp-json\/wp\/v2\/pages"}],"about":[{"href":"https:\/\/edublog.educastur.es\/corredoria3\/wp-json\/wp\/v2\/types\/page"}],"author":[{"embeddable":true,"href":"https:\/\/edublog.educastur.es\/corredoria3\/wp-json\/wp\/v2\/users\/117"}],"replies":[{"embeddable":true,"href":"https:\/\/edublog.educastur.es\/corredoria3\/wp-json\/wp\/v2\/comments?post=3900"}],"version-history":[{"count":28,"href":"https:\/\/edublog.educastur.es\/corredoria3\/wp-json\/wp\/v2\/pages\/3900\/revisions"}],"predecessor-version":[{"id":4196,"href":"https:\/\/edublog.educastur.es\/corredoria3\/wp-json\/wp\/v2\/pages\/3900\/revisions\/4196"}],"up":[{"embeddable":true,"href":"https:\/\/edublog.educastur.es\/corredoria3\/wp-json\/wp\/v2\/pages\/3877"}],"wp:attachment":[{"href":"https:\/\/edublog.educastur.es\/corredoria3\/wp-json\/wp\/v2\/media?parent=3900"}],"curies":[{"name":"wp","href":"https:\/\/api.w.org\/{rel}","templated":true}]}}