{"id":3916,"date":"2021-04-01T17:54:09","date_gmt":"2021-04-01T15:54:09","guid":{"rendered":"https:\/\/edublog.educastur.es\/corredoria3\/?page_id=3916"},"modified":"2021-04-12T16:37:53","modified_gmt":"2021-04-12T14:37:53","slug":"sesion-01","status":"publish","type":"page","link":"https:\/\/edublog.educastur.es\/corredoria3\/4o-pri\/cultura-asturiana\/tercer-trimestre\/sesion-01\/","title":{"rendered":"Sesi\u00f3n 01"},"content":{"rendered":"<p style=\"text-align: center\"><span style=\"color: #008080\"><em><span style=\"font-size: 24pt\"><strong>Mitolog\u00eda \/ mitolox\u00eda asturiana<\/strong><\/span><\/em><\/span><\/p>\n<p style=\"text-align: center\"><a href=\"http:\/\/edublog.educastur.es\/corredoria3\/files\/2020\/10\/Trasgu_isa.jpg\"><img loading=\"lazy\" decoding=\"async\" class=\"aligncenter wp-image-1993\" src=\"http:\/\/edublog.educastur.es\/corredoria3\/files\/2020\/10\/Trasgu_isa.jpg\" alt=\"\" width=\"162\" height=\"247\" srcset=\"https:\/\/edublog.educastur.es\/corredoria3\/files\/2020\/10\/Trasgu_isa.jpg 456w, https:\/\/edublog.educastur.es\/corredoria3\/files\/2020\/10\/Trasgu_isa-394x600.jpg 394w, https:\/\/edublog.educastur.es\/corredoria3\/files\/2020\/10\/Trasgu_isa-197x300.jpg 197w\" sizes=\"auto, (max-width: 162px) 100vw, 162px\" \/><\/a><\/p>\n<ul>\n<li><a href=\"https:\/\/educastur-my.sharepoint.com\/:b:\/g\/personal\/isabellh_educastur_org\/Ec8rzhA9GOZDrz8KemgLyX4BsNUQEXfxhOn1LMp8WzerHg?e=nrw3EQ\">Ficha investigaci\u00f3n Seres mitol\u00f3gicos: castellano<\/a><\/li>\n<li>Ficha recogida de datos:<a href=\"https:\/\/educastur-my.sharepoint.com\/:b:\/g\/personal\/isabellh_educastur_org\/EU4KLOoTTQBHlRKGvycWWDsBaiIN6luVn_hftsqQ8wW7GA?e=C4ivC1\"> Castellano<\/a> \/ <a href=\"https:\/\/educastur-my.sharepoint.com\/:b:\/g\/personal\/isabellh_educastur_org\/EbTavC5EwY5Ihdg0i1A__6kBLf0rMdJIU2UMXUt8psxI3w?e=YAApiP\">Asturiano<\/a><\/li>\n<li>Sopa de letras Seres mitol\u00f3gicos: <a href=\"https:\/\/educastur-my.sharepoint.com\/:b:\/g\/personal\/isabellh_educastur_org\/EcJDsL7Aj1RFpwx5eYlhnvkB0BbbUdUVtLXrm6IqYbFGTQ?e=odLM7p\">castellano<\/a><\/li>\n<\/ul>\n<p>&nbsp;<\/p>\n<hr \/>\n<ul>\n<li><span style=\"font-size: 18pt\"><em>Libro <span style=\"color: #008080\"><strong>\u00abUna mitolog\u00eda. seres y mitos del norte\u00bb<\/strong><\/span><\/em><\/span><br \/>\nAutores: Aurelio Glez. Ovies (texto) y To\u00f1o Velasco (ilustraciones)<br \/>\n<a href=\"https:\/\/www.pintar-pintar.com\/p6115159-una-mitologia-seres-y-mitos-del-norte.html\">Ed. Pintar-Pintar Ver ficha castellano<\/a><\/li>\n<li style=\"text-align: center\"><a href=\"https:\/\/www.nubetecapintarpintar.com\/bookcase\/kvnin\"><span style=\"color: #008080\"><em><strong><span style=\"font-size: 14pt\"><span style=\"font-size: 18pt\">VER EN NUBETECA de castellano<\/span>,<br \/>\nclic en enlace o imagen<\/span> <\/strong><\/em><\/span><\/a><\/li>\n<li><a href=\"https:\/\/www.nubetecapintarpintar.com\/bookcase\/kvnin\"><img loading=\"lazy\" decoding=\"async\" class=\"aligncenter\" src=\"https:\/\/online.fliphtml5.com\/nliye\/mmek\/files\/shot.jpg\" alt=\"\" width=\"249\" height=\"350\" \/><\/a><\/li>\n<li><a href=\"https:\/\/elrincondelatradicion.blogspot.com\/2013\/07\/personajes-de-la-mitologia-asturiana.html\"><em><span style=\"font-size: 14pt\"><strong>Personajes de la mitolog\u00eda<\/strong> <\/span><\/em>(Blog El rinc\u00f3n de la tradici\u00f3n)<\/a><\/li>\n<li><strong><em><span style=\"font-size: 14pt\"><a href=\"http:\/\/alumnos.masterelcorreo.com\/iniciacion17_18\/covadoga_rodriguez\/seres-mitologicos.html\">Dioses y mitolog\u00eda asturiana<\/a><\/span><\/em><\/strong><\/li>\n<li><strong><em><span style=\"font-size: 14pt\"><a href=\"https:\/\/www.xuliocs.com\/terminmitolg.htm\">Mitolog\u00eda (Xuliocs)<\/a><\/span><\/em><\/strong><\/li>\n<li><em><span style=\"font-size: 14pt\"><a href=\"https:\/\/hablemosdemitologias.com\/mitologia-asturiana\/\">Hablemos de Mitolog\u00eda asturiana<\/a><\/span><\/em><\/li>\n<li><em><span style=\"font-size: 14pt\"><a href=\"https:\/\/sobreleyendas.com\/category\/mitologia\/mitologia-asturiana\/\">Sobre leyendas&#8230;<\/a><\/span><\/em><\/li>\n<li><em><span style=\"font-size: 14pt\"><a href=\"https:\/\/www.youtube.com\/watch?v=zfHzBxPOAHI\">Video sobre mitolog\u00eda<\/a><\/span><\/em><\/li>\n<\/ul>\n<p style=\"text-align: center\">\n<!-- iframe plugin v.6.0 wordpress.org\/plugins\/iframe\/ -->\n<iframe loading=\"lazy\" width=\"100%\" height=\"364\" src=\"https:\/\/www.youtube.com\/embed\/zfHzBxPOAHI\" scrolling=\"yes\" class=\"iframe-class\" frameborder=\"0\"><\/iframe>\n<\/p>\n<p><em><span style=\"font-size: 14pt\">Dentro de la mitolog\u00eda asturiana se pueden encontrar muchas tradiciones fant\u00e1sticas, las cuales se encuentran acompa\u00f1adas de muchas historias y leyendas populares que nacen del folclore de Asturias.<\/span><\/em><\/p>\n<p style=\"text-align: center\"><a href=\"https:\/\/www.facebook.com\/Centro-de-Interpretaci%C3%B3n-de-la-Mitolog%C3%ADa-Asturiana-103780019683325\"><img loading=\"lazy\" decoding=\"async\" class=\"alignnone \" src=\"https:\/\/imgbox.es\/images\/2021\/04\/12\/CIMA733f9f90644b18be.jpg\" width=\"308\" height=\"309\" \/><\/a><\/p>\n<ul>\n<li style=\"text-align: center\"><a href=\"https:\/\/www.facebook.com\/Centro-de-Interpretaci%C3%B3n-de-la-Mitolog%C3%ADa-Asturiana-103780019683325\"><em><span style=\"font-size: 14pt\"><strong>Centro de Interpretaci\u00f3n de la Mitolog\u00eda Asturiana<\/strong><\/span><\/em><\/a><\/li>\n<li style=\"text-align: center\"><em><span style=\"font-size: 14pt\">Facebook:<a href=\"https:\/\/www.facebook.com\/Mitolog%C3%ADa-Astur-Mitolox%C3%ADa-Astur-103220851809584\"> Mitolox\u00eda Astur<\/a> \/ <a href=\"https:\/\/www.facebook.com\/Mitologiasturiana\">Mitolog\u00eda asturiana<\/a><\/span><\/em><\/li>\n<\/ul>\n<p><em><span style=\"font-size: 14pt\">Puede denominarse <span style=\"color: #008080\"><strong>\u00abMitolog\u00eda Asturiana\u00bb<\/strong><\/span> al <span style=\"color: #008080\">conjunto de tradiciones fant\u00e1sticas y leyendas populares del folclore de Asturias.<\/span> Enlaza con otras mitolog\u00edas de la cornisa cant\u00e1brica aunque ha desarrollado sus propias especificidades. Es posible que las creencias folcl\u00f3ricas asturianas, como las de toda Europa, se encuentren vinculadas de alg\u00fan modo a las religiones paganas de los pueblos precristianos (romanos, astures, visigodos), las cuales habr\u00edan sido m\u00e1s o menos asimiladas y transformadas sincr\u00e9ticamente por el cristianismo<\/span><\/em>. <a href=\"https:\/\/www.youtube.com\/watch?v=cabIqiycpbA\">VER VIDEU<\/a><\/p>\n<p style=\"text-align: center\">\n<!-- iframe plugin v.6.0 wordpress.org\/plugins\/iframe\/ -->\n<iframe loading=\"lazy\" width=\"100%\" height=\"364\" src=\"https:\/\/www.youtube.com\/embed\/cabIqiycpbA\" scrolling=\"yes\" class=\"iframe-class\" frameborder=\"0\"><\/iframe>\n<\/p>\n<hr \/>\n<p style=\"text-align: center\"><strong><em><span style=\"color: #008080;font-size: 18pt\">Lista de personajes mitol\u00f3gicos que aparecen y sobre los que se puede investigar:<\/span><\/em><\/strong><\/p>\n<ul>\n<li><em><span style=\"font-size: 18pt\">Ayalga<\/span><\/em><\/li>\n<li><em><span style=\"font-size: 18pt\">Basilisco<\/span><\/em><\/li>\n<li><em><span style=\"font-size: 18pt\">Bruja<\/span><\/em><\/li>\n<li><em><span style=\"font-size: 18pt\">Busgoso<\/span><\/em><\/li>\n<li><em><span style=\"font-size: 18pt\">Coco<\/span><\/em><\/li>\n<li><em><span style=\"font-size: 18pt\">Cu\u00e9lebre<\/span><\/em><\/li>\n<li><em><span style=\"font-size: 18pt\">Hombre del saco<\/span><\/em><\/li>\n<li><em><span style=\"font-size: 18pt\">Espumero<\/span><\/em><\/li>\n<li><em><span style=\"font-size: 18pt\">Guaxa<\/span><\/em><\/li>\n<li><em><span style=\"font-size: 18pt\">Hueste \/ G\u00fcestia<\/span><\/em><\/li>\n<li><em><span style=\"font-size: 18pt\">Lavanderas<\/span><\/em><\/li>\n<li><em><span style=\"font-size: 18pt\">Mouros (viven en cuevas)<\/span><\/em><\/li>\n<li><em><span style=\"font-size: 18pt\">Nubero<\/span><\/em><\/li>\n<li><em><span style=\"font-size: 18pt\">Pap\u00f3n<\/span><\/em><\/li>\n<li><em><span style=\"font-size: 18pt\">Patarico<\/span><\/em><\/li>\n<li><em><span style=\"font-size: 18pt\">Paxila (mitad mujer, mitad lechuza)<\/span><\/em><\/li>\n<li><em><span style=\"font-size: 18pt\">Serena \/ Sirena<\/span><\/em><\/li>\n<li><em><span style=\"font-size: 18pt\">Sumicio<\/span><\/em><\/li>\n<li><em><span style=\"font-size: 18pt\">Torollinos<\/span><\/em><\/li>\n<li><em><span style=\"font-size: 18pt\">Trasgo<\/span><\/em><\/li>\n<li><em><span style=\"font-size: 18pt\">Ventol\u00edn<\/span><\/em><\/li>\n<li><em><span style=\"font-size: 18pt\">Xana<\/span><\/em><\/li>\n<li><em><span style=\"font-size: 18pt\">Zamparrampa<\/span><\/em><\/li>\n<\/ul>\n<hr \/>\n<p style=\"text-align: center\"><span style=\"color: #808080;font-size: 18pt\"><em>Anexo: Cuento de motivaci\u00f3n<\/em><\/span><\/p>\n<ul>\n<li style=\"text-align: center\"><strong><a href=\"https:\/\/edublog.educastur.es\/ixuxu\/comics\/7-maraviyes-de-xixon\/\">VER: Les 7 maraviyes de Xix\u00f3n<\/a> \/ <a href=\"https:\/\/drive.google.com\/file\/d\/1S8hpUU8mGcLdfxEImy89mVIqopIHcsvd\/view\">COMIC<\/a><\/strong><\/li>\n<\/ul>\n<p style=\"text-align: center\">\n<!-- iframe plugin v.6.0 wordpress.org\/plugins\/iframe\/ -->\n<iframe loading=\"lazy\" src=\"https:\/\/drive.google.com\/file\/d\/1S8hpUU8mGcLdfxEImy89mVIqopIHcsvd\/preview\" width=\"640\" height=\"860\" 0=\"\/iframe\" scrolling=\"yes\" class=\"iframe-class\" frameborder=\"0\"><\/iframe>\n<\/p>\n<hr \/>\n\n<!-- iframe plugin v.6.0 wordpress.org\/plugins\/iframe\/ -->\n<iframe loading=\"lazy\" src=\"https:\/\/drive.google.com\/file\/d\/1lpyXU3cpD9GY45Hc5XkkutGIsFGniwMB\/preview\" width=\"640\" height=\"890\" 0=\"\/iframe\" scrolling=\"yes\" class=\"iframe-class\" frameborder=\"0\"><\/iframe>\n\n<p style=\"text-align: center\">\n<!-- iframe plugin v.6.0 wordpress.org\/plugins\/iframe\/ -->\n<iframe loading=\"lazy\" src=\"https:\/\/drive.google.com\/file\/d\/1P9Lz_q3OdmsQNeyrTlkH8kyeGsreCZnB\/preview\" width=\"640\" height=\"900\" 0=\"\/iframe\" scrolling=\"yes\" class=\"iframe-class\" frameborder=\"0\"><\/iframe>\n<\/p>\n<p style=\"text-align: center\">\n<!-- iframe plugin v.6.0 wordpress.org\/plugins\/iframe\/ -->\n<iframe loading=\"lazy\" src=\"https:\/\/drive.google.com\/file\/d\/1i3a3d6wGuXcmcsqIc8PDYOruqXeFiHU3\/preview\" width=\"640\" height=\"900\" 0=\"\/iframe\" scrolling=\"yes\" class=\"iframe-class\" frameborder=\"0\"><\/iframe>\n<\/p>\n<hr \/>\n<p>&nbsp;<\/p>\n<ul>\n<li><a href=\"https:\/\/www.youtube.com\/watch?v=ZRzMf2IL_lA\">M\u00e1s videos<\/a><\/li>\n<\/ul>\n\n<!-- iframe plugin v.6.0 wordpress.org\/plugins\/iframe\/ -->\n<iframe loading=\"lazy\" width=\"100%\" height=\"364\" src=\"https:\/\/www.youtube.com\/embed\/ZRzMf2IL_lA\" scrolling=\"yes\" class=\"iframe-class\" frameborder=\"0\"><\/iframe>\n\n\n<!-- iframe plugin v.6.0 wordpress.org\/plugins\/iframe\/ -->\n<iframe loading=\"lazy\" src=\"\/\/www.slideshare.net\/slideshow\/embed_code\/key\/chhMKRoPjDjvbg\" width=\"595\" height=\"485\" frameborder=\"0\" marginwidth=\"0\" marginheight=\"0\" scrolling=\"no\" style=\"border:1px solid #CCC; border-width:1px; margin-bottom:5px; max-width: 100%;\" 0=\"allowfullscreen&gt;\" 1=\"\/iframe\" class=\"iframe-class\"><\/iframe>\n\n<ul>\n<li><a href=\"https:\/\/issuu.com\/lacuatro\/docs\/losmandilonescoloraos\">Mitolog\u00eda Asturiana ISSUU<\/a><\/li>\n<\/ul>\n<div data-url=\"https:\/\/issuu.com\/lacuatro\/docs\/losmandilonescoloraos\" style=\"width: 676px; height: 254px;\" class=\"issuuembed\"><\/div>\n<p><script type=\"text\/javascript\" src=\"\/\/e.issuu.com\/embed.js\" async=\"true\"><\/script><\/p>\n<hr \/>\n<p>&nbsp;<\/p>\n","protected":false},"excerpt":{"rendered":"<p>Mitolog\u00eda \/ mitolox\u00eda asturiana Ficha investigaci\u00f3n Seres mitol\u00f3gicos: castellano Ficha recogida de datos: Castellano \/ Asturiano Sopa de letras Seres mitol\u00f3gicos: castellano &nbsp; Libro \u00abUna mitolog\u00eda. seres y mitos del norte\u00bb Autores: Aurelio Glez. Ovies (texto) y To\u00f1o Velasco (ilustraciones) Ed. Pintar-Pintar Ver ficha castellano VER EN NUBETECA de castellano, clic en enlace o imagen [&hellip;]<\/p>\n","protected":false},"author":117,"featured_media":0,"parent":3879,"menu_order":0,"comment_status":"closed","ping_status":"closed","template":"","meta":{"footnotes":""},"class_list":["post-3916","page","type-page","status-publish","hentry","post-preview"],"_links":{"self":[{"href":"https:\/\/edublog.educastur.es\/corredoria3\/wp-json\/wp\/v2\/pages\/3916","targetHints":{"allow":["GET"]}}],"collection":[{"href":"https:\/\/edublog.educastur.es\/corredoria3\/wp-json\/wp\/v2\/pages"}],"about":[{"href":"https:\/\/edublog.educastur.es\/corredoria3\/wp-json\/wp\/v2\/types\/page"}],"author":[{"embeddable":true,"href":"https:\/\/edublog.educastur.es\/corredoria3\/wp-json\/wp\/v2\/users\/117"}],"replies":[{"embeddable":true,"href":"https:\/\/edublog.educastur.es\/corredoria3\/wp-json\/wp\/v2\/comments?post=3916"}],"version-history":[{"count":14,"href":"https:\/\/edublog.educastur.es\/corredoria3\/wp-json\/wp\/v2\/pages\/3916\/revisions"}],"predecessor-version":[{"id":4170,"href":"https:\/\/edublog.educastur.es\/corredoria3\/wp-json\/wp\/v2\/pages\/3916\/revisions\/4170"}],"up":[{"embeddable":true,"href":"https:\/\/edublog.educastur.es\/corredoria3\/wp-json\/wp\/v2\/pages\/3879"}],"wp:attachment":[{"href":"https:\/\/edublog.educastur.es\/corredoria3\/wp-json\/wp\/v2\/media?parent=3916"}],"curies":[{"name":"wp","href":"https:\/\/api.w.org\/{rel}","templated":true}]}}