{"id":3922,"date":"2021-04-01T17:55:01","date_gmt":"2021-04-01T15:55:01","guid":{"rendered":"https:\/\/edublog.educastur.es\/corredoria3\/?page_id=3922"},"modified":"2021-05-12T21:00:00","modified_gmt":"2021-05-12T19:00:00","slug":"sesion-02","status":"publish","type":"page","link":"https:\/\/edublog.educastur.es\/corredoria3\/2o-pri\/cultura-asturiana\/tercer-trimestre\/sesion-02\/","title":{"rendered":"Sesi\u00f3n 02"},"content":{"rendered":"<p style=\"text-align: center\"><span style=\"color: #008080\"><em><span style=\"font-size: 24pt\"><strong>\u00c1RBOLES\u00a0 de ASTURIAS<\/strong><\/span><\/em><\/span><\/p>\n<ul>\n<li><a href=\"https:\/\/educastur-my.sharepoint.com\/:b:\/g\/personal\/isabellh_educastur_org\/EXlB0IbyOLVIsdELq8PF1rwBWH53lHf1uxQlKmz3J2FMfg?e=zLwJr2\"><span style=\"font-size: 14pt\">Actividad en castellano<\/span><\/a><\/li>\n<li><span style=\"font-size: 14pt\"><a href=\"https:\/\/educastur-my.sharepoint.com\/:b:\/g\/personal\/isabellh_educastur_org\/Edhp7LttERNLkiFYhBmAfk4BG4rVboz6uteB9CylRa-Wag?e=F6WiKg\">Activid\u00e1 n\u00b4asturianu<\/a><\/span><\/li>\n<\/ul>\n<p style=\"text-align: center\">\n<!-- iframe plugin v.6.0 wordpress.org\/plugins\/iframe\/ -->\n<iframe loading=\"lazy\" width=\"100%\" height=\"364\" src=\"https:\/\/www.youtube.com\/embed\/Qol3OMRwkac\" scrolling=\"yes\" class=\"iframe-class\" frameborder=\"0\"><\/iframe>\n<\/p>\n<hr \/>\n<p><a href=\"http:\/\/p.calameoassets.com\/110224010703-6b5fb34c31f7332c566f3a31a6fdc2ab\/p2.jpg\"><img loading=\"lazy\" decoding=\"async\" class=\"alignnone\" src=\"http:\/\/p.calameoassets.com\/110224010703-6b5fb34c31f7332c566f3a31a6fdc2ab\/p2.jpg\" alt=\"\" width=\"214\" height=\"286\" \/><\/a>\/<a href=\"https:\/\/es.calameo.com\/read\/0005869304c1dc6b7c101?editLinks=1\"><img loading=\"lazy\" decoding=\"async\" class=\"alignnone\" src=\"http:\/\/1.bp.blogspot.com\/-r61cxGm2yG4\/VCrWb8VkrPI\/AAAAAAAACLQ\/s-r6Jc4uMWE\/s1600\/%C3%A1rboles%2By%2Barbustos%2Bde%2BAsturias.png\" alt=\"\" width=\"238\" height=\"160\" \/><\/a><\/p>\n<p>Y aprende a identificar los \u00e1rboles de nuestros bosques con los siguientes posters:<\/p>\n<ul>\n<li class=\"pdfarticulo\">\u00a0<a title=\"Descarga el documento\" href=\"http:\/\/www.asturias.es\/Asturias\/descargas\/PDF_TEMAS\/Agricultura\/Politica%20Forestal\/poster_alta_monta%C3%B1a.pdf\" target=\"_blank\" rel=\"noopener\">P\u00f3ster \u00ab\u00c1rboles de Asturias de alta monta\u00f1a\u00bb<\/a>\u00a0<span class=\"separa\">(pdf: 602 Kb) <a href=\"https:\/\/drive.google.com\/drive\/folders\/1Idmy51eit5bH9aKVhK8etpBUaiplzfzm\"><span style=\"color: #800080\"><em><strong>VER AMPLIADO<\/strong><\/em><\/span><\/a><br \/>\n<\/span><\/li>\n<li class=\"pdfarticulo\">\u00a0<a title=\"Descarga el documento\" href=\"http:\/\/www.asturias.es\/Asturias\/descargas\/PDF_TEMAS\/Agricultura\/Politica%20Forestal\/poster_bosque_mixto.pdf\" target=\"_blank\" rel=\"noopener\">P\u00f3ster \u00ab\u00c1rboles de Asturias bosque mixto\u00bb<\/a>\u00a0<span class=\"separa\">(pdf: 610 Kb) <a href=\"https:\/\/drive.google.com\/drive\/folders\/1Idmy51eit5bH9aKVhK8etpBUaiplzfzm\"><span style=\"color: #800080\"><em><strong>VER AMPLIADO<\/strong><\/em><\/span><\/a><br \/>\n<\/span><\/li>\n<li><a href=\"https:\/\/www.asturias.es\/buscador?p_p_id=pa_webasturias_search_web_portlet_full_SearchWebasturiasWebPortlet&amp;p_p_lifecycle=0&amp;p_p_state=normal&amp;p_p_mode=view&amp;_pa_webasturias_search_web_portlet_full_SearchWebasturiasWebPortlet_groupId=217090&amp;_pa_webasturias_search_web_portlet_full_SearchWebasturiasWebPortlet_articleId=2536364\">Flora de Asturias<\/a><\/li>\n<\/ul>\n<p><a href=\"https:\/\/asturies.com\/sites\/default\/files\/flora_snl_cangas.jpg\"><img loading=\"lazy\" decoding=\"async\" class=\"alignnone\" src=\"https:\/\/asturies.com\/sites\/default\/files\/flora_snl_cangas.jpg\" alt=\"\" width=\"441\" height=\"618\" \/><\/a><\/p>\n<p><a href=\"https:\/\/asturies.com\/sites\/default\/files\/mamiferos_snl_cangas.jpg\"><img loading=\"lazy\" decoding=\"async\" class=\"alignnone\" src=\"https:\/\/asturies.com\/sites\/default\/files\/mamiferos_snl_cangas.jpg\" alt=\"\" width=\"226\" height=\"317\" \/><\/a>\/<a href=\"https:\/\/asturies.com\/sites\/default\/files\/paxaros_snl_cangas.jpg\"><img loading=\"lazy\" decoding=\"async\" class=\"alignnone\" src=\"https:\/\/asturies.com\/sites\/default\/files\/paxaros_snl_cangas.jpg\" alt=\"\" width=\"225\" height=\"315\" \/><\/a><\/p>\n<ul>\n<li><a href=\"https:\/\/asturies.com\/sites\/default\/files\/claves_interpretatives_campana_asina_los_chamemos_aiqui_snl_cangas.jpg\">Claves interpretativas posters<\/a><\/li>\n<\/ul>\n<hr \/>\n<ul>\n<li><span style=\"font-size: 18pt\"><a href=\"https:\/\/es.calameo.com\/read\/0005869304c1dc6b7c101?editLinks=1\"><em><strong>\u00c1rboles y arbustos<\/strong><\/em>: <em>Presentaci\u00f3n<\/em><\/a><\/span><\/li>\n<\/ul>\n<p><a href=\"https:\/\/t2.ev.ltmcdn.com\/es\/posts\/9\/3\/9\/caracteristicas_de_los_arboles_y_sus_partes_2939_0_600.jpg\"><img loading=\"lazy\" decoding=\"async\" class=\"alignnone\" src=\"https:\/\/t2.ev.ltmcdn.com\/es\/posts\/9\/3\/9\/caracteristicas_de_los_arboles_y_sus_partes_2939_0_600.jpg\" alt=\"\" width=\"228\" height=\"152\" \/><\/a> \/ <a href=\"https:\/\/ysuspartes.com\/wp-content\/uploads\/2020\/12\/PARTES-DE-UN-ARBOL-min.jpg\"><img loading=\"lazy\" decoding=\"async\" class=\"alignnone\" src=\"https:\/\/ysuspartes.com\/wp-content\/uploads\/2020\/12\/PARTES-DE-UN-ARBOL-min.jpg\" alt=\"\" width=\"207\" height=\"205\" \/><\/a><\/p>\n<p><a href=\"https:\/\/nuestraflora.com\/wp-content\/uploads\/2019\/11\/HOJAS-DE-%C3%81RBOLES-3.jpg\"><img loading=\"lazy\" decoding=\"async\" class=\"alignnone\" src=\"https:\/\/nuestraflora.com\/wp-content\/uploads\/2019\/11\/HOJAS-DE-%C3%81RBOLES-3.jpg\" alt=\"\" width=\"231\" height=\"365\" \/><\/a>\/ <a href=\"https:\/\/i.pinimg.com\/originals\/17\/5b\/02\/175b02d01d95b585060bd8e830b3202c.jpg\"><img loading=\"lazy\" decoding=\"async\" class=\"alignnone\" src=\"https:\/\/i.pinimg.com\/originals\/17\/5b\/02\/175b02d01d95b585060bd8e830b3202c.jpg\" alt=\"\" width=\"235\" height=\"304\" \/><\/a><\/p>\n<p><a href=\"https:\/\/pbs.twimg.com\/media\/EVwMY3YXYAIZVLe?format=jpg&amp;name=large\"><img loading=\"lazy\" decoding=\"async\" class=\"alignnone\" src=\"https:\/\/pbs.twimg.com\/media\/EVwMY3YXYAIZVLe?format=jpg&amp;name=large\" alt=\"\" width=\"1259\" height=\"875\" \/><\/a><\/p>\n<hr \/>\n<p style=\"text-align: center\"><span style=\"font-size: 18pt;color: #008080\"><em><strong>\u00c1rboles frutales<\/strong><\/em><\/span><\/p>\n\n<!-- iframe plugin v.6.0 wordpress.org\/plugins\/iframe\/ -->\n<iframe loading=\"lazy\" width=\"760px\" height=\"500px\" src=\"https:\/\/sway.office.com\/s\/qEmz7yqILBA8qhcC\/embed\" frameborder=\"0\" marginheight=\"0\" marginwidth=\"0\" max-width=\"100%\" sandbox=\"allow-forms allow-modals allow-orientation-lock allow-popups allow-same-origin allow-scripts\" scrolling=\"no\" style=\"border: none; max-width: 100%; max-height: 100vh\" 0=\"allowfullscreen\" 1=\"mozallowfullscreen\" 2=\"msallowfullscreen\" 3=\"webkitallowfullscreen\" 4=\"\/iframe\" class=\"iframe-class\"><\/iframe>\n\n<ul>\n<li><a href=\"https:\/\/edublog.educastur.es\/espoxigando\/\">Fonte: Blogue espoxigando, de Claudia mdez. Fdez.<\/a><\/li>\n<\/ul>\n<p>Los nomes cient\u00edficos t\u00e1n escritos en llat\u00edn y sirven pa nomar de la mesma forma a los seres vivos en tol mundu (exemplu: <i>Prunus domestica).<\/i> Tami\u00e9n tenemos los nomes comunes que son los qu\u2019usamos en cada llingua pa nomar a los seres vivos (exemplos: cirolal, ciruelo, prunera, ciroleira, anarak, plum, prune\u2026)<\/p>\n<p>Agora que y\u00e1 tienes m\u00e1s conocencia de los \u00e1rboles frutales, \u00bfatr\u00e9veste a xugar a esti xuegu de pareyes?\u00a0 Fai click na imaxen pa entamar el xuegu, de xuru que lo vas facer perbi\u00e9n<\/p>\n<ul>\n<li><a href=\"https:\/\/learningapps.org\/watch?v=pgohyz7wn20\"><em><span style=\"font-size: 18pt\">Xera: <strong>Etiquetando \u00e1rboles_VER<\/strong><\/span><\/em><\/a><\/li>\n<\/ul>\n<p>&nbsp;<\/p>\n<hr \/>\n<ul>\n<li><span style=\"font-size: 14pt;color: #800080\"><strong><em>VER DESDE P\u00c1GINA 11<\/em><\/strong><\/span><\/li>\n<\/ul>\n<p style=\"text-align: center\">\n<!-- iframe plugin v.6.0 wordpress.org\/plugins\/iframe\/ -->\n<iframe loading=\"lazy\" src=\"https:\/\/drive.google.com\/file\/d\/1RuaFZ6_Y1Dg8Fj-Kvqd2ld9RrQzaJ91L\/preview\" width=\"640\" height=\"900\" 0=\"\/iframe\" scrolling=\"yes\" class=\"iframe-class\" frameborder=\"0\"><\/iframe>\n<\/p>\n<hr \/>\n<p><a href=\"https:\/\/estaticos-cdn.prensaiberica.es\/clip\/a3c2f812-4a32-483f-a37a-b6d9cbdae864_21-9-aspect-ratio_default_0.jpg\"><img loading=\"lazy\" decoding=\"async\" class=\"alignnone\" src=\"https:\/\/estaticos-cdn.prensaiberica.es\/clip\/a3c2f812-4a32-483f-a37a-b6d9cbdae864_21-9-aspect-ratio_default_0.jpg\" alt=\"\" width=\"1280\" height=\"548\" \/><\/a><\/p>\n<ul>\n<li><a href=\"https:\/\/www.lne.es\/asturias\/2019\/01\/31\/asturias-once-arboles-declarados-monumento-18511694.html\">LNE: Asturias s\u00f3lo tiene once \u00e1rboles declarados monumento natural<\/a><\/li>\n<li><a href=\"https:\/\/www.youtube.com\/watch?v=uver8JQvNSk\">V\u00eddeo: \u00c1rboles y bosques de Asturias<\/a><\/li>\n<\/ul>\n<p style=\"text-align: center\">\n<!-- iframe plugin v.6.0 wordpress.org\/plugins\/iframe\/ -->\n<iframe loading=\"lazy\" width=\"100%\" height=\"364\" src=\"https:\/\/www.youtube.com\/embed\/uver8JQvNSk\" scrolling=\"yes\" class=\"iframe-class\" frameborder=\"0\"><\/iframe>\n<\/p>\n<hr \/>\n<ul>\n<li><a href=\"https:\/\/es.calameo.com\/read\/0043131044f7641b15322\"><strong><em><span style=\"font-size: 14pt\">Gu\u00eda \u00c1rboles de Asturias<\/span><\/em><\/strong><\/a><\/li>\n<\/ul>\n<p><a href=\"https:\/\/es.calameo.com\/read\/0043131044f7641b15322\"><img loading=\"lazy\" decoding=\"async\" class=\"alignnone\" src=\"https:\/\/p.calameoassets.com\/150522154335-e78dc6725ecfb901a5d3ffef838e1c98\/p1.jpg\" alt=\"\" width=\"230\" height=\"298\" \/><\/a><\/p>\n<hr \/>\n<ul>\n<li style=\"text-align: left\"><a href=\"https:\/\/elblogdeacebedo.blogspot.com\/2015\/07\/antiguo-250715-arboles-magicos.html\"><span style=\"color: #008080\"><em><span style=\"font-size: 18pt\"><strong>\u00c1rboles m\u00e1gicos asturianos<\/strong><\/span><\/em><\/span><\/a><\/li>\n<\/ul>\n<p><b> En Asturias podemos hablar de una vegetaci\u00f3n natural, formada por la hierba, los arbustos y los \u00e1rboles propios de la regi\u00f3n<\/b>.<\/p>\n<ul>\n<li><em><span style=\"font-size: 14pt\"><a href=\"http:\/\/leyendesasturianes.blogspot.com.es\">Tejo<\/a><\/span><\/em><\/li>\n<li><em><span style=\"font-size: 14pt\">Roble \/ Haya \/ Abedul \/ Fresno \/ Encina \/ Avellano \/ Sauce \/ Olivo \/ Nogal \/ Sa\u00faco \/ Manzano \/ Abedul\u00a0 \/ Abeto \/ Acebo \/ Avellano \/ Casta\u00f1o<\/span><\/em><\/li>\n<\/ul>\n<hr \/>\n<hr \/>\n<p><a href=\"https:\/\/www.guiadearbolesyarbustos.com\/2020\/10\/arboles-arbustos-asturias.html\">ANEXO:<\/a><\/p>\n<p><a href=\"https:\/\/www.guiadearbolesyarbustos.com\/2020\/10\/arboles-arbustos-asturias.html\"><img loading=\"lazy\" decoding=\"async\" class=\"aligncenter\" src=\"https:\/\/1.bp.blogspot.com\/-kFhIrjkYrJ4\/X33Z2RsbarI\/AAAAAAAAV78\/D75p-LwrwxMXyBMmyU1G9Z2af3_hTcXoQCLcBGAsYHQ\/s16000\/asturias-arboles.jpg\" alt=\"\" width=\"368\" height=\"245\" \/><\/a><\/p>\n<ul>\n<li><a href=\"https:\/\/www.guiadearbolesyarbustos.com\">https:\/\/www.guiadearbolesyarbustos.com<\/a><\/li>\n<\/ul>\n<hr \/>\n<p style=\"text-align: center\"><span style=\"color: #008080;font-size: 18pt\"><em>ANEXOS PROFES<\/em><\/span><\/p>\n<p>Colecci\u00f3n\u00bbEl Monte Asturiano\u00bb<\/p>\n<div class=\"description\">\n<p align=\"justify\">Vivimos en un territorio de excepcionales caracter\u00edsticas naturales, cuyos extensos terrenos poblados de \u00e1rboles nos ofrecen el disfrute de su belleza y multitud de recursos de gran importancia para nuestra econom\u00eda. Es por ello que todos sin excepci\u00f3n, debemos comprometernos y colaborar en su cuidado.<\/p>\n<p align=\"justify\">Esta colecci\u00f3n te ayudar\u00e1 a conocer un poco m\u00e1s nuestros bosques y montes y te dar\u00e1 las claves de c\u00f3mo protegerlos.<\/p>\n<ul>\n<li class=\"pdfarticulo\">\u00a0<a title=\"Descarga el documento\" href=\"http:\/\/www.asturias.es\/Asturias\/descargas\/PDF_TEMAS\/Agricultura\/Politica%20Forestal\/como_plantar_un_arbol.pdf\" target=\"_blank\" rel=\"noopener\">Manual \u00abComo plantar un \u00e1rbol\u00bb<\/a>\u00a0(pdf: 1569 Kb)<\/li>\n<li class=\"pdfarticulo\">\u00a0<a title=\"Descarga el documento\" href=\"http:\/\/www.asturias.es\/Asturias\/descargas\/PDF_TEMAS\/Agricultura\/Politica%20Forestal\/el_monte_en_estaciones.pdf\" target=\"_blank\" rel=\"noopener\">El monte en las estaciones<\/a>\u00a0(pdf: 2344 Kb)<\/li>\n<li class=\"pdfarticulo\">\u00a0<a title=\"Descarga el documento\" href=\"http:\/\/www.asturias.es\/Asturias\/descargas\/PDF_TEMAS\/Agricultura\/Politica%20Forestal\/el_monte_fuente_vida_y_econom.pdf\" target=\"_blank\" rel=\"noopener\">El monte: fuente de vida y econom\u00eda<\/a>\u00a0(pdf:\u00a01259 Kb)<\/li>\n<li class=\"pdfarticulo\">\u00a0<a title=\"Descarga el documento\" href=\"http:\/\/www.asturias.es\/Asturias\/descargas\/PDF_TEMAS\/Agricultura\/Politica%20Forestal\/prevenir_incendios_forestales.pdf\" target=\"_blank\" rel=\"noopener\">Prevenir los incendios forestales<\/a>\u00a0(pdf: 1167 Kb)<\/li>\n<\/ul>\n<p>Y aprende a identificar los \u00e1rboles de nuestros bosques con los siguientes posters:<\/p>\n<ul>\n<li class=\"pdfarticulo\">\u00a0<a title=\"Descarga el documento\" href=\"http:\/\/www.asturias.es\/Asturias\/descargas\/PDF_TEMAS\/Agricultura\/Politica%20Forestal\/poster_alta_monta%C3%B1a.pdf\" target=\"_blank\" rel=\"noopener\">P\u00f3ster \u00ab\u00c1rboles de Asturias de alta monta\u00f1a\u00bb<\/a>\u00a0<span class=\"separa\">(pdf: 602 Kb)<\/span><\/li>\n<li class=\"pdfarticulo\">\u00a0<a title=\"Descarga el documento\" href=\"http:\/\/www.asturias.es\/Asturias\/descargas\/PDF_TEMAS\/Agricultura\/Politica%20Forestal\/poster_bosque_mixto.pdf\" target=\"_blank\" rel=\"noopener\">P\u00f3ster \u00ab\u00c1rboles de Asturias bosque mixto\u00bb<\/a>\u00a0<span class=\"separa\">(pdf: 610 Kb)<\/span><\/li>\n<\/ul>\n<p>El monte en Asturias, es un documento divulgativo que repasa aspectos como el territorio y habitantes de Asturias, el monte y su entorno, funciones y beneficios del monte, industria y empleo, administraci\u00f3n y formaci\u00f3n, etc.<\/p>\n<ul class=\"ulpdf oscuro\">\n<li class=\"pdfarticulo\">\u00a0<a title=\"Documento en ventana nueva\" href=\"http:\/\/www.asturias.es\/Asturias\/descargas\/PDF_TEMAS\/Agricultura\/Politica%20Forestal\/el_monte_en_asturias.pdf\" target=\"_blank\" rel=\"noopener\">El monte en Asturias<\/a>\u00a0(pdf: 3.705 kb)<\/li>\n<\/ul>\n<\/div>\n<div class=\"description\">\n<h4 style=\"text-align: center\"><span style=\"color: #008080\">\u00abEl hombre que plantaba \u00e1rboles\u00bb: un cuento de Jean Giono<\/span><\/h4>\n<p><img decoding=\"async\" src=\"http:\/\/www.asturias.es\/Asturias\/CHANNELINFO\/IMGCARACTERISTICAS\/el_hombre_que_plantaba_arboles.jpg\" alt=\"texto alusivo al t\u00edtulo del libro\" \/><\/p>\n<p align=\"justify\"><span style=\"font-size: 14pt;color: #008080\"><em>Un s\u00f3lo hombre, \u00fanicamente con sus recursos f\u00edsicos y morales, fue capaz de hacer surgir un \u00e1rbol del desierto<\/em><\/span><\/p>\n<p align=\"justify\">Para que el car\u00e1cter de un ser humano nos muestre cualidades verdaderamente excepcionales, es necesario tener la suerte de poder observarlo a lo largo de muchos a\u00f1os.<\/p>\n<p align=\"justify\">Si su comportamiento est\u00e1 desprovisto de cualquier clase de ego\u00edsmo, si la idea que lo gu\u00eda es de una generosidad sin l\u00edmites, si est\u00e1 muy claro que no busca ninguna recompensa y que adem\u00e1s dej\u00f3 en el mundo se\u00f1ales claramente perceptibles, estamos, sin duda, ante un car\u00e1cter del que no te puedes olvidar.<\/p>\n<p align=\"justify\">An\u00edmate a escuchar toda\u00a0la historia:<\/p>\n<p>\u00a0\u00a0\u00a0<img decoding=\"async\" src=\"https:\/\/sede.asturias.es\/webasturias\/Repositorio\/ICONOS\/ico-audio.gif\" align=\"absMiddle\" \/>\u00a0<a title=\"Descarga el fichero\" href=\"http:\/\/www.asturias.es\/Asturias\/descargas\/PDF_TEMAS\/Agricultura\/Politica%20Forestal\/Track01.mp3\">Pr\u00f3logo: Un hombre excepcional<\/a>\u00a0<span class=\"separa\">(mp3: 671 Kb)<\/span><br \/>\n<img decoding=\"async\" src=\"https:\/\/sede.asturias.es\/webasturias\/Repositorio\/ICONOS\/ico-audio.gif\" align=\"absMiddle\" \/>\u00a0<a title=\"Descarga el fichero\" href=\"http:\/\/www.asturias.es\/Asturias\/descargas\/PDF_TEMAS\/Agricultura\/Politica%20Forestal\/Track02.mp3\">En un lugar des\u00e9rtico, un hombre planta \u00e1rboles<\/a>\u00a0<span class=\"separa\">(mp3: 5\u00a0 Mb)<\/span><br \/>\n<img decoding=\"async\" src=\"https:\/\/sede.asturias.es\/webasturias\/Repositorio\/ICONOS\/ico-audio.gif\" align=\"absMiddle\" \/>\u00a0<a title=\"Descarga el fichero\" href=\"http:\/\/www.asturias.es\/Asturias\/descargas\/PDF_TEMAS\/Agricultura\/Politica%20Forestal\/Track03.mp3\">A pesar de la guerra, los \u00e1rboles crecen<\/a>\u00a0<span class=\"separa\">(mp3:\u00a03 Mb)<\/span><br \/>\n<img decoding=\"async\" src=\"https:\/\/sede.asturias.es\/webasturias\/Repositorio\/ICONOS\/ico-audio.gif\" align=\"absMiddle\" \/>\u00a0<a title=\"Descarga el fichero\" href=\"http:\/\/www.asturias.es\/Asturias\/descargas\/PDF_TEMAS\/Agricultura\/Politica%20Forestal\/Track04.mp3\">Un bosque que cambia el mundo<\/a>\u00a0<span class=\"separa\">(mp3: 2\u00a0Mb)<\/span><br \/>\n<img decoding=\"async\" src=\"https:\/\/sede.asturias.es\/webasturias\/Repositorio\/ICONOS\/ico-audio.gif\" align=\"absMiddle\" \/>\u00a0<a title=\"Descarga el fichero\" href=\"http:\/\/www.asturias.es\/Asturias\/descargas\/PDF_TEMAS\/Agricultura\/Politica%20Forestal\/Track05.mp3\">La esperanza y la vida que trae el bosque<\/a>\u00a0<span class=\"separa\">(mp3: 3 Mb)<\/span><\/p>\n<p>&nbsp;<\/p>\n<\/div>\n","protected":false},"excerpt":{"rendered":"<p>\u00c1RBOLES\u00a0 de ASTURIAS Actividad en castellano Activid\u00e1 n\u00b4asturianu \/ Y aprende a identificar los \u00e1rboles de nuestros bosques con los siguientes posters: \u00a0P\u00f3ster \u00ab\u00c1rboles de Asturias de alta monta\u00f1a\u00bb\u00a0(pdf: 602 Kb) VER AMPLIADO \u00a0P\u00f3ster \u00ab\u00c1rboles de Asturias bosque mixto\u00bb\u00a0(pdf: 610 Kb) VER AMPLIADO Flora de Asturias \/ Claves interpretativas posters \u00c1rboles y arbustos: Presentaci\u00f3n \/ [&hellip;]<\/p>\n","protected":false},"author":117,"featured_media":0,"parent":3875,"menu_order":0,"comment_status":"closed","ping_status":"closed","template":"","meta":{"footnotes":""},"class_list":["post-3922","page","type-page","status-publish","hentry","post-preview"],"_links":{"self":[{"href":"https:\/\/edublog.educastur.es\/corredoria3\/wp-json\/wp\/v2\/pages\/3922","targetHints":{"allow":["GET"]}}],"collection":[{"href":"https:\/\/edublog.educastur.es\/corredoria3\/wp-json\/wp\/v2\/pages"}],"about":[{"href":"https:\/\/edublog.educastur.es\/corredoria3\/wp-json\/wp\/v2\/types\/page"}],"author":[{"embeddable":true,"href":"https:\/\/edublog.educastur.es\/corredoria3\/wp-json\/wp\/v2\/users\/117"}],"replies":[{"embeddable":true,"href":"https:\/\/edublog.educastur.es\/corredoria3\/wp-json\/wp\/v2\/comments?post=3922"}],"version-history":[{"count":27,"href":"https:\/\/edublog.educastur.es\/corredoria3\/wp-json\/wp\/v2\/pages\/3922\/revisions"}],"predecessor-version":[{"id":4359,"href":"https:\/\/edublog.educastur.es\/corredoria3\/wp-json\/wp\/v2\/pages\/3922\/revisions\/4359"}],"up":[{"embeddable":true,"href":"https:\/\/edublog.educastur.es\/corredoria3\/wp-json\/wp\/v2\/pages\/3875"}],"wp:attachment":[{"href":"https:\/\/edublog.educastur.es\/corredoria3\/wp-json\/wp\/v2\/media?parent=3922"}],"curies":[{"name":"wp","href":"https:\/\/api.w.org\/{rel}","templated":true}]}}