{"id":3924,"date":"2021-04-01T17:55:15","date_gmt":"2021-04-01T15:55:15","guid":{"rendered":"https:\/\/edublog.educastur.es\/corredoria3\/?page_id=3924"},"modified":"2021-04-25T09:06:42","modified_gmt":"2021-04-25T07:06:42","slug":"sesion-02","status":"publish","type":"page","link":"https:\/\/edublog.educastur.es\/corredoria3\/3o-pri\/cultura-asturiana\/tercer-trimestre\/sesion-02\/","title":{"rendered":"Sesi\u00f3n 02"},"content":{"rendered":"<p style=\"text-align: center\"><span style=\"color: #008080;font-size: 24pt\"><strong><em>D\u00eda del libro: <\/em><\/strong><\/span><\/p>\n<p style=\"text-align: center\"><a href=\"https:\/\/img.freepik.com\/vector-gratis\/ninos-escuela-dibujos-animados-leyendo-libro-operando-conjunto-coleccion_29190-4157.jpg?size=626&amp;ext=jpg\"><img loading=\"lazy\" decoding=\"async\" class=\"alignnone\" src=\"https:\/\/img.freepik.com\/vector-gratis\/ninos-escuela-dibujos-animados-leyendo-libro-operando-conjunto-coleccion_29190-4157.jpg?size=626&amp;ext=jpg\" alt=\"\" width=\"334\" height=\"279\" \/><\/a><\/p>\n<p style=\"text-align: center\"><span style=\"color: #008080;font-size: 24pt\"><strong><em><span style=\"text-decoration: underline\"><span style=\"font-size: 18pt\">Los libros son lo que son&#8230;<\/span><\/span><\/em><\/strong><\/span><\/p>\n<p><span style=\"font-size: 14pt\"><em><span style=\"color: #008080\">Cualquier llibru ye tan raru<\/span><\/em><\/span><br \/>\n<span style=\"font-size: 14pt\"><em><span style=\"color: #008080\">que nos sorprienden sos coses,<\/span><\/em><\/span><br \/>\n<span style=\"font-size: 14pt\"><em><span style=\"color: #008080\">y pues chocar con sombreros<\/span><\/em><\/span><br \/>\n<span style=\"font-size: 14pt\"><em><span style=\"color: #008080\">que fuxen de les palombes.<\/span><\/em><\/span><\/p>\n<p><span style=\"font-size: 14pt\"><em><span style=\"color: #008080\">O tropezar con band\u00edos<\/span><\/em><\/span><br \/>\n<span style=\"font-size: 14pt\"><em><span style=\"color: #008080\">que te regalen lo que roben.<\/span><\/em><\/span><br \/>\n<span style=\"font-size: 14pt\"><em><span style=\"color: #008080\">O con reloxes chiflaos<\/span><\/em><\/span><br \/>\n<span style=\"font-size: 14pt\"><em><span style=\"color: #008080\">que t\u00b4entruguen poles hores.<\/span><\/em><\/span><\/p>\n<p><span style=\"font-size: 14pt\"><em><span style=\"color: #008080\">O con bruxes precios\u00edsimes<\/span><\/em><\/span><br \/>\n<span style=\"font-size: 14pt\"><em><span style=\"color: #008080\">y princeses con xorobes<\/span><\/em><\/span><br \/>\n<span style=\"font-size: 14pt\"><em><span style=\"color: #008080\">y oveyes que van al parque<\/span><\/em><\/span><br \/>\n<span style=\"font-size: 14pt\"><em><span style=\"color: #008080\">col llobu y coles llobes.<\/span><\/em><\/span><\/p>\n<p><span style=\"font-size: 14pt\"><em><span style=\"color: #008080\">Bueno, nos llibros ya sabes<\/span><\/em><\/span><br \/>\n<span style=\"font-size: 14pt\"><em><span style=\"color: #008080\">soceden miles d\u00b4hestories&#8230;,<\/span><\/em><\/span><br \/>\n<span style=\"font-size: 14pt\"><em><span style=\"color: #008080\">hai p\u00e1xines mui, mui series<\/span><\/em><\/span><br \/>\n<span style=\"font-size: 14pt\"><em><span style=\"color: #008080\">y otres que ta\u00e1n como nories.<\/span><\/em><\/span><\/p>\n<p><span style=\"font-size: 14pt\"><em><span style=\"color: #008080\">Los llibros son lo que son,<\/span><\/em><\/span><br \/>\n<span style=\"font-size: 14pt\"><em><span style=\"color: #008080\">en fin, son como persones:<\/span><\/em><\/span><br \/>\n<span style=\"font-size: 14pt\"><em><span style=\"color: #008080\">a unos d-yos pol caviar<\/span><\/em><\/span><br \/>\n<span style=\"font-size: 14pt;color: #008080\"><em>y otros comemos les gomes.<\/em><\/span><\/p>\n<p><span style=\"color: #808080;font-size: 14pt\"><em>Aurelio Glez. Ovies. \u00abVersonaxes\u00bb Ed. Pintar-Pintar<\/em><\/span><\/p>\n<hr \/>\n<p style=\"text-align: center\"><span style=\"color: #800080\"><em><span style=\"font-size: 14pt\">Actividad para todos: con un folio, <strong>hacemos un libro de 8 p\u00e1g.<br \/>\nHacemos portada y contraportada (<span style=\"color: #008080\">ISBN: 978-84-2021-04-23<\/span>)<br \/>\nel interior, como queramos: escribir, dibujar, poes\u00eda&#8230; tema ??<\/strong><\/span><\/em><\/span><\/p>\n<p style=\"text-align: center\"><img loading=\"lazy\" decoding=\"async\" class=\"alignnone \" src=\"https:\/\/imgbox.es\/images\/2021\/04\/25\/WhatsApp-Image-2021-04-25-at-08.45.07123a9fb7962511cfd.jpg\" width=\"624\" height=\"468\" \/><\/p>\n<hr \/>\n<ul>\n<li><a href=\"https:\/\/www.nubetecapintarpintar.com\/books\/yhqe\/\">C\u00f3mo se hacen los libros (NUBETECA)<\/a><\/li>\n<li><a href=\"https:\/\/www.nubetecapintarpintar.com\/books\/cupq\/#p=1\"><span style=\"color: #008080\"><strong><span style=\"font-size: 14pt\"><em>Nubeteca castellano<\/em><\/span><\/strong><\/span><\/a><\/li>\n<\/ul>\n<p style=\"text-align: center\"><a href=\"https:\/\/www.nubetecapintarpintar.com\/books\/yhqe\/\"><img loading=\"lazy\" decoding=\"async\" class=\"alignnone\" src=\"https:\/\/cdn.palbincdn.com\/users\/11282\/images\/cover-1484987995.jpg\" alt=\"\" width=\"404\" height=\"408\" \/><\/a><\/p>\n<hr \/>\n<p style=\"text-align: center\"><a href=\"https:\/\/imgbox.es\/images\/2021\/04\/24\/librro0c53411d22a1eb7a.png\"><img loading=\"lazy\" decoding=\"async\" class=\"alignnone\" src=\"https:\/\/imgbox.es\/images\/2021\/04\/24\/librro0c53411d22a1eb7a.png\" alt=\"\" width=\"1200\" height=\"650\" \/><\/a><\/p>\n<p><a href=\"https:\/\/triunfacontulibro.com\/wp-content\/uploads\/2018\/04\/CUBIERTA.png\"><img loading=\"lazy\" decoding=\"async\" class=\"alignnone\" src=\"https:\/\/triunfacontulibro.com\/wp-content\/uploads\/2018\/04\/CUBIERTA.png\" alt=\"\" width=\"290\" height=\"218\" \/><\/a>\/<a href=\"https:\/\/openbook.mx\/wp-content\/uploads\/2020\/12\/Partes-de-un-libro-openbook-1024x881.png\"><img loading=\"lazy\" decoding=\"async\" class=\"alignnone\" src=\"https:\/\/openbook.mx\/wp-content\/uploads\/2020\/12\/Partes-de-un-libro-openbook-1024x881.png\" alt=\"\" width=\"257\" height=\"221\" \/><\/a><\/p>\n<p style=\"text-align: center\">\n<!-- iframe plugin v.6.0 wordpress.org\/plugins\/iframe\/ -->\n<iframe loading=\"lazy\" width=\"100%\" height=\"364\" src=\"https:\/\/www.youtube.com\/embed\/iIFoF_uu_AU\" scrolling=\"yes\" class=\"iframe-class\" frameborder=\"0\"><\/iframe>\n<\/p>\n<hr \/>\n<p style=\"text-align: center\"><a href=\"https:\/\/imgbox.es\/images\/2021\/04\/24\/libroh446fb82e98053403.jpg\"><img loading=\"lazy\" decoding=\"async\" class=\"alignnone\" src=\"https:\/\/imgbox.es\/images\/2021\/04\/24\/libroh446fb82e98053403.jpg\" alt=\"\" width=\"1000\" height=\"640\" \/><\/a><\/p>\n<p style=\"text-align: center\"><a href=\"https:\/\/auroratristan.es\/wp-content\/uploads\/2014\/12\/libro_texto.gif\"><img loading=\"lazy\" decoding=\"async\" class=\"alignnone\" src=\"https:\/\/auroratristan.es\/wp-content\/uploads\/2014\/12\/libro_texto.gif\" alt=\"\" width=\"1488\" height=\"956\" \/><\/a><\/p>\n<ul>\n<li><em><span style=\"font-size: 18pt\"><strong><span style=\"color: #008080\">Editorial<\/span><\/strong>: <span class=\"ILfuVd NA6bn\"><span class=\"hgKElc\">Las <b>editoriales<\/b> son las encargadas de convertir el manuscrito del autor en un libro. &#8230; Esto lo <b>hacen<\/b> sometiendo el manuscrito a una correcci\u00f3n de estilo y ortotipogr\u00e1fica, maquet\u00e1ndolo, dise\u00f1\u00e1ndole una portada (o una cubierta entera) y mand\u00e1ndolo imprimir o prepar\u00e1ndolo para su publicaci\u00f3n online.<\/span><\/span><\/span><\/em><\/li>\n<\/ul>\n<hr \/>\n<ul>\n<li><em><span style=\"font-size: 18pt\"><span style=\"color: #008080\">Tipograf\u00eda:<\/span> La <b>tipograf\u00eda<\/b> (del <a title=\"Idioma griego\" href=\"https:\/\/es.wikipedia.org\/wiki\/Idioma_griego\">griego<\/a> \u03c4\u03cd\u03c0\u03bf\u03c2 [t\u00edpos], \u2018golpe\u2019 o \u2018huella\u2019, y \u03b3\u03c1\u03ac\u03c6\u03c9 [gr\u00e1f\u03bf], \u2018escribir\u2019) es el arte y la t\u00e9cnica en el manejo y selecci\u00f3n de <a title=\"Tipo de letra\" href=\"https:\/\/es.wikipedia.org\/wiki\/Tipo_de_letra\">tipos<\/a> para crear trabajos de <a title=\"Impresi\u00f3n\" href=\"https:\/\/es.wikipedia.org\/wiki\/Impresi%C3%B3n\">impresi\u00f3n<\/a>.\u00a0<\/span><\/em><\/li>\n<\/ul>\n<p><a href=\"https:\/\/graffica.info\/wp-content\/uploads\/Cajadel48.jpg\"><img loading=\"lazy\" decoding=\"async\" class=\"alignnone\" src=\"https:\/\/graffica.info\/wp-content\/uploads\/Cajadel48.jpg\" alt=\"\" width=\"259\" height=\"194\" \/><\/a>\/<a href=\"http:\/\/3.bp.blogspot.com\/-XzSjf7rxHmQ\/UfJy3z4iacI\/AAAAAAAABIQ\/QfNRTQgmIMI\/s1600\/tipografia500.png\"><img loading=\"lazy\" decoding=\"async\" class=\"alignnone\" src=\"http:\/\/3.bp.blogspot.com\/-XzSjf7rxHmQ\/UfJy3z4iacI\/AAAAAAAABIQ\/QfNRTQgmIMI\/s1600\/tipografia500.png\" alt=\"\" width=\"279\" height=\"191\" \/><\/a><\/p>\n<ul>\n<li><em><span style=\"font-size: 18pt\"><span style=\"color: #008080\">Fuente\/font:<\/span> tipo de letra, caract\u00e9res especiales, etc. <a href=\"https:\/\/i.pinimg.com\/originals\/c5\/a2\/3f\/c5a23f3a1e14adec079d822d16701aed.jpg\">VER<\/a> <a href=\"https:\/\/i.pinimg.com\/originals\/c5\/a2\/3f\/c5a23f3a1e14adec079d822d16701aed.jpg\">Ejemplo&#8230;<\/a><\/span><\/em><\/li>\n<\/ul>\n<p><a href=\"https:\/\/images.sftcdn.net\/images\/t_app-cover-l,f_auto\/p\/3566b9fc-a48f-11e6-bdd3-00163ec9f5fa\/1904565290\/ubuntu-font-family-screenshot.png\"><img loading=\"lazy\" decoding=\"async\" class=\"alignnone\" src=\"https:\/\/images.sftcdn.net\/images\/t_app-cover-l,f_auto\/p\/3566b9fc-a48f-11e6-bdd3-00163ec9f5fa\/1904565290\/ubuntu-font-family-screenshot.png\" alt=\"\" width=\"1020\" height=\"722\" \/><\/a><\/p>\n<hr \/>\n<ul>\n<li><span style=\"color: #008080\"><em><strong><span style=\"font-size: 18pt\">Correcci\u00f3n de estilo:<span style=\"color: #808080\"> revisi\u00f3n para eliminar errores de ortograf\u00eda y enriquecer el escrito.<\/span><\/span><\/strong><\/em><\/span><\/li>\n<\/ul>\n<p><a href=\"https:\/\/www.wbookcompany.com\/wp-content\/uploads\/2018\/03\/correcci%C3%B3n1-2-300x201.jpg\"><img loading=\"lazy\" decoding=\"async\" class=\"alignnone\" src=\"https:\/\/www.wbookcompany.com\/wp-content\/uploads\/2018\/03\/correcci%C3%B3n1-2-300x201.jpg\" alt=\"\" width=\"285\" height=\"191\" \/><\/a>\/<a href=\"http:\/\/www.editorialacentuarte.es\/images\/correcci%C3%B3n-estilo2.png?crc=126557957\"><img loading=\"lazy\" decoding=\"async\" class=\"alignnone\" src=\"http:\/\/www.editorialacentuarte.es\/images\/correcci%C3%B3n-estilo2.png?crc=126557957\" alt=\"\" width=\"188\" height=\"188\" \/><\/a><\/p>\n<hr \/>\n<p>&nbsp;<\/p>\n<p style=\"text-align: center\"><a href=\"http:\/\/blog.entreescritores.com\/wp-entrecontent\/uploads\/2016\/04\/el-proceso-editorial_autor-emprendelibr_blog-entreescritores-1170x412.jpg\"><img loading=\"lazy\" decoding=\"async\" class=\"alignnone\" src=\"http:\/\/blog.entreescritores.com\/wp-entrecontent\/uploads\/2016\/04\/el-proceso-editorial_autor-emprendelibr_blog-entreescritores-1170x412.jpg\" alt=\"\" width=\"841\" height=\"296\" \/><\/a><\/p>\n<p style=\"text-align: center\"><img loading=\"lazy\" decoding=\"async\" class=\"alignnone \" src=\"https:\/\/israelcuchillo.files.wordpress.com\/2015\/04\/cc3b3mo-se-hace-un-libro-copy-copy-1.png\" width=\"814\" height=\"1347\" \/><\/p>\n<ul>\n<li><strong><span style=\"font-size: 14pt\"><a href=\"https:\/\/image.slidesharecdn.com\/fabricaciondeunlibro-131001120514-phpapp01\/95\/fabricacion-de-un-libro-1-638.jpg?cb=1380629158\">Fabricaci\u00f3n de un libro: ampliar&#8230;<\/a><\/span><\/strong><\/li>\n<\/ul>\n<p style=\"text-align: center\"><a href=\"https:\/\/i.pinimg.com\/originals\/1e\/96\/15\/1e9615187847f5954f305ef2a3d0e8a2.png\"><img loading=\"lazy\" decoding=\"async\" class=\"alignnone\" src=\"https:\/\/i.pinimg.com\/originals\/1e\/96\/15\/1e9615187847f5954f305ef2a3d0e8a2.png\" alt=\"\" width=\"1224\" height=\"792\" \/><\/a><\/p>\n<ul>\n<li><span style=\"color: #008080\"><strong><em><span style=\"font-size: 18pt\">Imprenta: <span style=\"color: #808080\">donde se imprime<\/span><br \/>\n<\/span><\/em><\/strong><\/span><\/li>\n<\/ul>\n<p><a href=\"https:\/\/archivisticafacil.files.wordpress.com\/2017\/03\/imprenta_europea_sxv.jpg?w=350&amp;h=200&amp;crop=1\"><img loading=\"lazy\" decoding=\"async\" class=\"alignnone\" src=\"https:\/\/archivisticafacil.files.wordpress.com\/2017\/03\/imprenta_europea_sxv.jpg?w=350&amp;h=200&amp;crop=1\" alt=\"\" width=\"298\" height=\"170\" \/><\/a> \/ <a href=\"http:\/\/4.bp.blogspot.com\/-OUxO9htNdlQ\/Utw4v5JoJlI\/AAAAAAAADVY\/xMXbyGKSB9Q\/s1600\/Imprenta+Gutenberg+1.jpg\"><img loading=\"lazy\" decoding=\"async\" class=\"alignnone\" src=\"http:\/\/4.bp.blogspot.com\/-OUxO9htNdlQ\/Utw4v5JoJlI\/AAAAAAAADVY\/xMXbyGKSB9Q\/s1600\/Imprenta+Gutenberg+1.jpg\" alt=\"\" width=\"227\" height=\"174\" \/><\/a><\/p>\n<p><a href=\"https:\/\/3.bp.blogspot.com\/-eSd_1MS6ll0\/V0qBiPqkVcI\/AAAAAAAAGQ8\/JJ6t54IY2dEj4pOnvgo16ykSWJxtZZGkgCLcB\/s1600\/Grandes-inventos-la-imprenta-6.jpg\"><img loading=\"lazy\" decoding=\"async\" class=\"alignnone\" src=\"https:\/\/3.bp.blogspot.com\/-eSd_1MS6ll0\/V0qBiPqkVcI\/AAAAAAAAGQ8\/JJ6t54IY2dEj4pOnvgo16ykSWJxtZZGkgCLcB\/s1600\/Grandes-inventos-la-imprenta-6.jpg\" alt=\"\" width=\"630\" height=\"456\" \/><\/a><\/p>\n<p><a href=\"https:\/\/static.comunicae.com\/photos\/notas\/1222316\/1613650298_AdobeStock306106718_opt.jpg\"><img loading=\"lazy\" decoding=\"async\" class=\"aligncenter\" src=\"https:\/\/static.comunicae.com\/photos\/notas\/1222316\/1613650298_AdobeStock306106718_opt.jpg\" alt=\"\" width=\"807\" height=\"538\" \/><\/a><\/p>\n<p style=\"text-align: center\"><span style=\"font-size: 18pt\"><strong><em>M\u00e1quinas modernas de impresi\u00f3n&#8230;<\/em><\/strong><\/span><br \/>\n<img loading=\"lazy\" decoding=\"async\" class=\"alignnone size-full\" src=\"https:\/\/agenciadepublicidadecuador.com\/wp-content\/uploads\/2017\/10\/imprentas.png\" width=\"590\" height=\"374\" \/><\/p>\n<p style=\"text-align: center\"><a href=\"https:\/\/thevlad.net\/wp-content\/uploads\/2018\/10\/imprenta.png\"><img loading=\"lazy\" decoding=\"async\" class=\"alignnone\" src=\"https:\/\/thevlad.net\/wp-content\/uploads\/2018\/10\/imprenta.png\" alt=\"\" width=\"955\" height=\"723\" \/><\/a><\/p>\n<p><a href=\"https:\/\/graficassm.es\/wp-content\/uploads\/2020\/07\/Graphica-3.png\"><img loading=\"lazy\" decoding=\"async\" class=\"alignnone\" src=\"https:\/\/graficassm.es\/wp-content\/uploads\/2020\/07\/Graphica-3.png\" alt=\"\" width=\"272\" height=\"181\" \/><\/a> \/ <a href=\"https:\/\/crowdemprende.com\/wp-content\/uploads\/2019\/05\/Ventajas-de-contratar-una-imprenta-digital.png\"><img loading=\"lazy\" decoding=\"async\" class=\"alignnone\" src=\"https:\/\/crowdemprende.com\/wp-content\/uploads\/2019\/05\/Ventajas-de-contratar-una-imprenta-digital.png\" alt=\"\" width=\"257\" height=\"171\" \/><\/a><\/p>\n<ul>\n<li><em><span style=\"font-size: 14pt\"><span style=\"color: #008080\"><strong>Colores impresi\u00f3n:<\/strong><\/span> <span style=\"color: #000000\">cyan, magenta, amarillo y negro<\/span><\/span> <\/em><\/li>\n<li><em><strong><span style=\"color: #008080;font-size: 14pt\">Pantone:<\/span><\/strong><span style=\"font-size: 14pt\"> carta de colores&#8230;<span class=\"ILfuVd NA6bn\"><span class=\"hgKElc\">es un sistema que<strong> permite identificar colores para impresi\u00f3n por medio de un c\u00f3digo determinado<\/strong>, propiamente dicho es un sistema propietario de igualaci\u00f3n de colores. &#8230; Es por esto que se han creado los colores <b>PANTONE<\/b><\/span><\/span><\/span><\/em><\/li>\n<\/ul>\n<p><a href=\"https:\/\/img.culturacolectiva.com\/cdn-cgi\/image\/f=auto,w=1600,q=80,fit=contain\/content_image\/2018\/12\/6\/1544117056777-que-es-pantone-y-como-se-usa-en-diseno-grafico.jpg\"><img loading=\"lazy\" decoding=\"async\" class=\"alignnone\" src=\"https:\/\/img.culturacolectiva.com\/cdn-cgi\/image\/f=auto,w=1600,q=80,fit=contain\/content_image\/2018\/12\/6\/1544117056777-que-es-pantone-y-como-se-usa-en-diseno-grafico.jpg\" alt=\"\" width=\"303\" height=\"160\" \/><\/a> \/<a href=\"https:\/\/www.pantone.com\/media\/catalog\/product\/g\/g\/gg6104a-pantone-graphics-pms-srgb-cmyk-hex-color-bridge-uncoated-product-1.jpg\"><img loading=\"lazy\" decoding=\"async\" class=\"alignnone\" src=\"https:\/\/www.pantone.com\/media\/catalog\/product\/g\/g\/gg6104a-pantone-graphics-pms-srgb-cmyk-hex-color-bridge-uncoated-product-1.jpg\" alt=\"\" width=\"159\" height=\"159\" \/><\/a><\/p>\n<ul>\n<li><a href=\"https:\/\/edublog.educastur.es\/ixuxu\/2020\/12\/pantone-2021\/\"><span style=\"color: #008080\"><strong><span style=\"font-size: 14pt\"><em>Colores pantone del a\u00f1o: VER enlace de los colores del 2021<\/em><\/span><\/strong><\/span><\/a><\/li>\n<\/ul>\n<p style=\"text-align: center\"><a href=\"https:\/\/www.tosilab.it\/wp-content\/uploads\/2019\/12\/Pantone-Color-of-the-year-from-2012-to-2019.jpg\"><img loading=\"lazy\" decoding=\"async\" class=\"alignnone\" src=\"https:\/\/www.tosilab.it\/wp-content\/uploads\/2019\/12\/Pantone-Color-of-the-year-from-2012-to-2019.jpg\" alt=\"\" width=\"1123\" height=\"279\" \/><\/a><\/p>\n<hr \/>\n<ul>\n<li><a href=\"https:\/\/agenciaisbn.es\/web\/index.php\"><span style=\"color: #008080\"><em><span style=\"font-size: 18pt\">ISBN: web<\/span><\/em><\/span><\/a><\/li>\n<\/ul>\n<p style=\"text-align: center\"><em><span style=\"font-size: 14pt;color: #008080\">\u00a0<\/span><\/em><em><span style=\"font-size: 14pt\">El <b>ISBN<\/b> (International Standard Book Number en <a title=\"Idioma ingl\u00e9s\" href=\"https:\/\/es.wikipedia.org\/wiki\/Idioma_ingl%C3%A9s\">ingl\u00e9s<\/a>, \u00abN\u00famero Est\u00e1ndar Internacional de Libros\u00bb o \u00abN\u00famero Internacional Normalizado del Libro\u00bb en <a title=\"Idioma espa\u00f1ol\" href=\"https:\/\/es.wikipedia.org\/wiki\/Idioma_espa%C3%B1ol\">espa\u00f1ol<\/a>)\u200b es un <a title=\"Identificador\" href=\"https:\/\/es.wikipedia.org\/wiki\/Identificador\">identificador<\/a> \u00fanico para libros,<sup id=\"cite_ref-2\" class=\"reference separada\"><\/sup>\u200b previsto para uso comercial. <span style=\"color: #008080\">El ISBN \u200b es un identificador \u00fanico para libros, \u200b previsto para uso comercial.<\/span> <\/span> <\/em><\/p>\n<p>\/ <a href=\"https:\/\/www.publishnews.es\/estaticos\/uploads\/2020\/06\/RnIqoNmm4eU9OMODildVfhLtzwkbwcrNtXMPpgz4FJjZB2AaNtDCRuUW5a9Vr9QIDFb6YcND8wLDOXTD.jpg\"><img loading=\"lazy\" decoding=\"async\" class=\"alignnone\" src=\"https:\/\/www.publishnews.es\/estaticos\/uploads\/2020\/06\/RnIqoNmm4eU9OMODildVfhLtzwkbwcrNtXMPpgz4FJjZB2AaNtDCRuUW5a9Vr9QIDFb6YcND8wLDOXTD.jpg\" alt=\"\" width=\"499\" height=\"336\" \/><\/a>\/<a href=\"https:\/\/www.bubok.es\/blog\/wp-content\/uploads\/digitos-ISBN-espana-significado.jpg\"><img loading=\"lazy\" decoding=\"async\" class=\"alignleft\" src=\"https:\/\/www.bubok.es\/blog\/wp-content\/uploads\/digitos-ISBN-espana-significado.jpg\" alt=\"\" width=\"532\" height=\"305\" \/><\/a><\/p>\n<p>&nbsp;<\/p>\n<p>&nbsp;<\/p>\n<p style=\"text-align: center\"><a href=\"https:\/\/pbs.twimg.com\/media\/EcsJ74bXsAInSrK.jpg\"><img loading=\"lazy\" decoding=\"async\" class=\"alignnone\" src=\"https:\/\/pbs.twimg.com\/media\/EcsJ74bXsAInSrK.jpg\" alt=\"\" width=\"1200\" height=\"675\" \/><\/a><\/p>\n<ul>\n<li><a href=\"https:\/\/youtu.be\/Cs1djRnD7mc\">Video: C\u00f3mo se hacen los libros<\/a><\/li>\n<\/ul>\n<p style=\"text-align: center\">\n<!-- iframe plugin v.6.0 wordpress.org\/plugins\/iframe\/ -->\n<iframe loading=\"lazy\" width=\"100%\" height=\"364\" src=\"https:\/\/www.youtube.com\/embed\/Cs1djRnD7mc\" scrolling=\"yes\" class=\"iframe-class\" frameborder=\"0\"><\/iframe>\n<\/p>\n<p style=\"text-align: center\"><img loading=\"lazy\" decoding=\"async\" class=\"alignnone size-full\" src=\"https:\/\/www.canal6tv.com\/Contenidos-Files\/foto\/2019\/Enero\/20190104095515.jpg\" width=\"720\" height=\"405\" \/><\/p>\n<p>&nbsp;<\/p>\n<p style=\"text-align: center\">\n<!-- iframe plugin v.6.0 wordpress.org\/plugins\/iframe\/ -->\n<iframe loading=\"lazy\" src=\"https:\/\/player.vimeo.com\/video\/12911733\" width=\"640\" height=\"360\" frameborder=\"0\" allow=\"autoplay; fullscreen; picture-in-picture\" 0=\"allowfullscreen\" 1=\"\/iframe\" scrolling=\"yes\" class=\"iframe-class\"><\/iframe>\n<\/p>\n<p style=\"text-align: center\">\n<!-- iframe plugin v.6.0 wordpress.org\/plugins\/iframe\/ -->\n<iframe loading=\"lazy\" width=\"100%\" height=\"364\" src=\"https:\/\/www.youtube.com\/embed\/TTGYSd_-Ld0\" scrolling=\"yes\" class=\"iframe-class\" frameborder=\"0\"><\/iframe>\n<\/p>\n<p style=\"text-align: center\"><a href=\"http:\/\/cdn.algarabia.com\/wp-content\/uploads\/2012\/03\/infografia-libro.jpg\"><img loading=\"lazy\" decoding=\"async\" class=\"alignnone\" src=\"http:\/\/cdn.algarabia.com\/wp-content\/uploads\/2012\/03\/infografia-libro.jpg\" alt=\"\" width=\"3300\" height=\"1800\" \/><\/a><\/p>\n<p>.<\/p>\n","protected":false},"excerpt":{"rendered":"<p>D\u00eda del libro: Los libros son lo que son&#8230; Cualquier llibru ye tan raru que nos sorprienden sos coses, y pues chocar con sombreros que fuxen de les palombes. O tropezar con band\u00edos que te regalen lo que roben. O con reloxes chiflaos que t\u00b4entruguen poles hores. O con bruxes precios\u00edsimes y princeses con xorobes [&hellip;]<\/p>\n","protected":false},"author":117,"featured_media":0,"parent":3877,"menu_order":0,"comment_status":"closed","ping_status":"closed","template":"","meta":{"footnotes":""},"class_list":["post-3924","page","type-page","status-publish","hentry","post-preview"],"_links":{"self":[{"href":"https:\/\/edublog.educastur.es\/corredoria3\/wp-json\/wp\/v2\/pages\/3924","targetHints":{"allow":["GET"]}}],"collection":[{"href":"https:\/\/edublog.educastur.es\/corredoria3\/wp-json\/wp\/v2\/pages"}],"about":[{"href":"https:\/\/edublog.educastur.es\/corredoria3\/wp-json\/wp\/v2\/types\/page"}],"author":[{"embeddable":true,"href":"https:\/\/edublog.educastur.es\/corredoria3\/wp-json\/wp\/v2\/users\/117"}],"replies":[{"embeddable":true,"href":"https:\/\/edublog.educastur.es\/corredoria3\/wp-json\/wp\/v2\/comments?post=3924"}],"version-history":[{"count":15,"href":"https:\/\/edublog.educastur.es\/corredoria3\/wp-json\/wp\/v2\/pages\/3924\/revisions"}],"predecessor-version":[{"id":4250,"href":"https:\/\/edublog.educastur.es\/corredoria3\/wp-json\/wp\/v2\/pages\/3924\/revisions\/4250"}],"up":[{"embeddable":true,"href":"https:\/\/edublog.educastur.es\/corredoria3\/wp-json\/wp\/v2\/pages\/3877"}],"wp:attachment":[{"href":"https:\/\/edublog.educastur.es\/corredoria3\/wp-json\/wp\/v2\/media?parent=3924"}],"curies":[{"name":"wp","href":"https:\/\/api.w.org\/{rel}","templated":true}]}}