{"id":3932,"date":"2021-04-01T17:56:15","date_gmt":"2021-04-01T15:56:15","guid":{"rendered":"https:\/\/edublog.educastur.es\/corredoria3\/?page_id=3932"},"modified":"2024-05-10T11:51:07","modified_gmt":"2024-05-10T09:51:07","slug":"sesion-03","status":"publish","type":"page","link":"https:\/\/edublog.educastur.es\/corredoria3\/2o-pri\/cultura-asturiana\/tercer-trimestre\/sesion-03\/","title":{"rendered":"Sesi\u00f3n 03"},"content":{"rendered":"<p style=\"text-align: center\"><span style=\"text-decoration: underline\"><span style=\"font-size: 24pt;color: #008080\"><strong><em>Martes de campu y bollu pre\u00f1\u00e1u<\/em><\/strong><\/span><\/span><\/p>\n<ul>\n<li><span style=\"font-size: 18pt\"><a href=\"https:\/\/educastur-my.sharepoint.com\/:b:\/g\/personal\/isabellh_educastur_org\/EdUizetqqepEoUhEpOvt4ZUBnbtyKgBvVIW9nRwsaJeTtQ?e=YNXm83\"><span style=\"color: #008080\"><strong><em>Sesi\u00f3n en castellano<\/em><\/strong><\/span><\/a><\/span><\/li>\n<li><span style=\"font-size: 18pt\"><a href=\"https:\/\/educastur-my.sharepoint.com\/:b:\/g\/personal\/isabellh_educastur_org\/ER868awRQXZMsHDDu-wCVo8BIm5aGJlGWwoa0IktYPXZAQ?e=LVPl3A\"><span style=\"color: #008080\"><strong><em>Sesi\u00f3n n\u00b4asturianu<\/em><\/strong><\/span><\/a><\/span><\/li>\n<\/ul>\n<hr \/>\n<p style=\"text-align: center\"><span style=\"font-size: 24pt\"><em>Un poco de historia<\/em><\/span><\/p>\n<p style=\"text-align: center\"><a href=\"https:\/\/resizer.elcomercio.es\/resizer\/resizer.php?imagen=http:\/\/www.elcomercio.es\/multimedia\/201605\/15\/media\/heraldo-balesquida\/HERALDO%20BALESQUIDA%20MR%2004_xoptimizadax.jpg&amp;nuevoalto=480\"><img loading=\"lazy\" decoding=\"async\" class=\"alignnone\" src=\"https:\/\/resizer.elcomercio.es\/resizer\/resizer.php?imagen=http:\/\/www.elcomercio.es\/multimedia\/201605\/15\/media\/heraldo-balesquida\/HERALDO%20BALESQUIDA%20MR%2004_xoptimizadax.jpg&amp;nuevoalto=480\" alt=\"\" width=\"696\" height=\"480\" \/><\/a><\/p>\n<p style=\"text-align: center\"><a href=\"https:\/\/www.rtpa.es\/fotos\/\/17\/06\/20170604195109_HERALDO40617.jpg\"><img loading=\"lazy\" decoding=\"async\" class=\"alignnone\" src=\"https:\/\/www.rtpa.es\/fotos\/\/17\/06\/20170604195109_HERALDO40617.jpg\" alt=\"\" width=\"691\" height=\"389\" \/><\/a><\/p>\n<p>&nbsp;<\/p>\n<p><span style=\"font-size: 14pt\">El desfile de la cabalgata del Heraldo por el centro de Oviedo ha dado el pistoletazo de salida a las fiestas de La Balesquida, que tendr\u00e1n como d\u00eda grande el Martes de Campo. A lomos de un caballo, <span style=\"color: #008080\"><strong>el Heraldo se ha dirigido a la Corporaci\u00f3n para solicitar el oportuno permiso para la fiesta.<\/strong><\/span><\/span><\/p>\n<p style=\"text-align: center\"><a href=\"https:\/\/1.bp.blogspot.com\/-_9x2-lD24v0\/WyRM4VsumvI\/AAAAAAADYk0\/kqsMLOVtQZo1x_8mdIGvYAkeSj7J3E5GQCPcBGAYYCw\/s1600\/046.JPG\"><img loading=\"lazy\" decoding=\"async\" class=\"alignnone\" src=\"https:\/\/1.bp.blogspot.com\/-_9x2-lD24v0\/WyRM4VsumvI\/AAAAAAADYk0\/kqsMLOVtQZo1x_8mdIGvYAkeSj7J3E5GQCPcBGAYYCw\/s1600\/046.JPG\" alt=\"\" width=\"1600\" height=\"1200\" \/><\/a><\/p>\n<p style=\"text-align: center\"><em><span style=\"color: #008080\">Capilla de la Balesquida, en la Plaza de la catedral<\/span><\/em><\/p>\n<p style=\"text-align: center\"><a href=\"https:\/\/www.labalesquida.com\/wp-content\/gallery\/la-capilla\/La-Capilla-028-1.jpg\"><img loading=\"lazy\" decoding=\"async\" class=\"alignnone\" src=\"https:\/\/www.labalesquida.com\/wp-content\/gallery\/la-capilla\/La-Capilla-028-1.jpg\" alt=\"\" width=\"1000\" height=\"750\" \/><\/a><\/p>\n<p style=\"text-align: center\"><a href=\"https:\/\/www.labalesquida.com\/wp-content\/gallery\/la-capilla\/La-Capilla-023-1.jpg\"><img loading=\"lazy\" decoding=\"async\" class=\"alignnone\" src=\"https:\/\/www.labalesquida.com\/wp-content\/gallery\/la-capilla\/La-Capilla-023-1.jpg\" alt=\"\" width=\"681\" height=\"1000\" \/><\/a><\/p>\n<p>&nbsp;<\/p>\n<p style=\"text-align: center\"><span style=\"font-size: 14pt\"><strong><a href=\"https:\/\/live.staticflickr.com\/7512\/15876620876_66fef06576_b.jpg\">No recibe subvenci\u00f3n ni ayuda de ning\u00fan tipo, manteni\u00e9ndose, exclusivamente,<br \/>\nde las aportaciones de los cofrades y las limosnas de sus devotos.<\/a><\/strong><\/span><\/p>\n<p><a href=\"https:\/\/live.staticflickr.com\/7512\/15876620876_66fef06576_b.jpg\"><img loading=\"lazy\" decoding=\"async\" class=\"aligncenter\" src=\"https:\/\/live.staticflickr.com\/7512\/15876620876_66fef06576_b.jpg\" alt=\"\" width=\"1024\" height=\"650\" \/><\/a><\/p>\n<div class=\"voc-detail voc-detail-grid\" data-voc-share-selection=\"\">\n<p style=\"text-align: left\"><a href=\"https:\/\/www.labalesquida.com\/wp-content\/gallery\/la-capilla\/La-Capilla-029-1.jpg\"><img loading=\"lazy\" decoding=\"async\" class=\"alignnone\" src=\"https:\/\/www.labalesquida.com\/wp-content\/gallery\/la-capilla\/La-Capilla-029-1.jpg\" alt=\"\" width=\"258\" height=\"399\" \/><\/a>\/<a href=\"https:\/\/i1.wp.com\/esperanzaandujar.com\/wp-content\/uploads\/2019\/12\/triduo_esperanza_2018.jpg?fit=720%2C960&amp;ssl=1\"><img loading=\"lazy\" decoding=\"async\" class=\"alignnone\" src=\"https:\/\/i1.wp.com\/esperanzaandujar.com\/wp-content\/uploads\/2019\/12\/triduo_esperanza_2018.jpg?fit=720%2C960&amp;ssl=1\" alt=\"\" width=\"305\" height=\"407\" \/><\/a><\/p>\n<p><em><span style=\"font-size: 14pt\">Oviedo tiene, desde tiempos remotos, su particular forma de celebrar el <strong>Martes de Pentecost\u00e9s<\/strong> en una festividad con tanto nombre, entidad y arraigo que muchos ignoran que la fecha de celebraci\u00f3n no se marca aleatoriamente en el calendario y coincide con la efem\u00e9ride cristiana.<\/span><\/em><\/p>\n<p><em><span style=\"font-size: 14pt\">Tras el festivo local est\u00e1 el nombre de una mujer,<span style=\"color: #008080\"><strong> Velasquita Giraldez<\/strong><\/span>, adinerada y piadosa dama que el 5 de febrero de 1232 fund\u00f3 una <strong><span style=\"color: #008080\">Cofrad\u00eda de &#8216;alfayates&#8217;<\/span><\/strong>, <span style=\"color: #008080\">que despu\u00e9s conocer\u00edamos como sastres<\/span>, y por \u00abotros vecinos y buenos de la Ciudad de Oviedo\u00bb.<\/span><\/em><\/p>\n<div id=\"hybs-mslot-3479-3\" class=\"hybs-mslot\"><a href=\"http:\/\/3.bp.blogspot.com\/-T_dYiKhI67A\/UtuTHaocgpI\/AAAAAAAADNU\/s1-tKGuX1fs\/s1600\/La+Balesquida.jpg\"><img loading=\"lazy\" decoding=\"async\" class=\"alignnone\" src=\"http:\/\/3.bp.blogspot.com\/-T_dYiKhI67A\/UtuTHaocgpI\/AAAAAAAADNU\/s1-tKGuX1fs\/s1600\/La+Balesquida.jpg\" alt=\"\" width=\"300\" height=\"210\" \/><\/a>\/<a href=\"http:\/\/2.bp.blogspot.com\/-WjwHN-Pg2l0\/UaB8VXTIFLI\/AAAAAAAABh8\/T6-WC2t9MA0\/s1600\/Antiguas+Cofrad%C3%ADas_L%C3%A1mina+de+la+L%C3%A1pida+de+Velasquita+Gir%C3%A1ldez.JPG\"><img loading=\"lazy\" decoding=\"async\" class=\"alignnone\" src=\"http:\/\/2.bp.blogspot.com\/-WjwHN-Pg2l0\/UaB8VXTIFLI\/AAAAAAAABh8\/T6-WC2t9MA0\/s1600\/Antiguas+Cofrad%C3%ADas_L%C3%A1mina+de+la+L%C3%A1pida+de+Velasquita+Gir%C3%A1ldez.JPG\" alt=\"\" width=\"308\" height=\"206\" \/><\/a><\/div>\n<p><em><span style=\"font-size: 14pt\">A ellos les d<strong>on\u00f3 un hospital y bienes para hacerse cargo de su mantenimiento<\/strong>. A saber: <strong><span style=\"color: #008080\">dos tercios de una casa y otras varias fincas as\u00ed 10 camas para el reposo de los pacientes.<\/span> <\/strong>A cambio, la cofrad\u00eda celebrar\u00eda a perpetuidad misa, v\u00edspera y maitines para conmemorar el eterno descanso de la donante.<\/span><\/em><\/p>\n<div id=\"hybs-mslot-3479-2\" class=\"hybs-mslot\" style=\"text-align: center\"><a href=\"https:\/\/www.labalesquida.com\/\"><img loading=\"lazy\" decoding=\"async\" class=\"alignnone\" src=\"https:\/\/www.labalesquida.com\/wp-content\/uploads\/2013\/10\/logo1.png\" alt=\"\" width=\"400\" height=\"128\" \/><\/a><\/div>\n<div style=\"text-align: center\"><a href=\"https:\/\/www.labalesquida.com\/\"><strong><em><span style=\"color: #008080;font-size: 14pt\">https:\/\/www.labalesquida.com\/<\/span><\/em><\/strong><\/a><\/div>\n<ul>\n<li style=\"text-align: left\"><a href=\"https:\/\/www.labalesquida.com\/galerias-fotograficas\/\"><span style=\"color: #008080\"><em><strong><span style=\"font-size: 14pt\">VER Galer\u00eda fotogr\u00e1fica<\/span><\/strong><\/em><\/span><\/a><\/li>\n<\/ul>\n<div><\/div>\n<div><span style=\"font-size: 14pt\"><em><span style=\"color: #008080\">La Cofrad\u00eda, pas\u00f3 a lo largo de los a\u00f1os por momentos dif\u00edciles, en los cuales estuvo al borde de la desaparici\u00f3n, pero afortunadamente, a\u00fan persiste para honra de la ciudad y de sus vecinos y siguen celebr\u00e1ndose anualmente, varias de sus antiguas tradiciones, como son la <strong>procesi\u00f3n con la imagen de la Virge<\/strong>n, el reparto del bollo el Martes de Pentecost\u00e9s y la entrega de casta\u00f1as asadas con motivo de la festividad de Nuestra Se\u00f1ora de la Esperanza, de la Expectaci\u00f3n o de la O -las tres advocaciones son id\u00e9nticas- en el mes de diciembre de cada a\u00f1o.<\/span><\/em><\/span><\/div>\n<div><\/div>\n<div style=\"text-align: center\"><a href=\"https:\/\/www.labalesquida.com\/wp-content\/gallery\/procesiones\/Procesones-077-1.jpg\"><img loading=\"lazy\" decoding=\"async\" class=\"alignnone\" src=\"https:\/\/www.labalesquida.com\/wp-content\/gallery\/procesiones\/Procesones-077-1.jpg\" alt=\"\" width=\"1000\" height=\"750\" \/><\/a><\/div>\n<p>El solidario gesto de Gir\u00e1ldez llev\u00f3 a la<span style=\"color: #008080\"><strong> cofrad\u00eda a denominarse La Balesquida<\/strong><\/span>. Sus miembros nunca incumplieron su promesa en un compromiso que se extiende hasta nuestros d\u00edas. Comenzaron celebrando la eucarist\u00eda un domingo de mayo y la trasladaron al <strong>martes de Pascua florida, el origen del Martes de Campo, que surgi\u00f3 a modo de peregrinaje<\/strong>.<\/p>\n<p><span style=\"font-size: 14pt\"><em><span style=\"color: #008080\">Seg\u00fan costumbre anterior al siglo XV, sus cofrades, \u00abel martes de Pentecost\u00e9s\u00bb, acud\u00edan en procesi\u00f3n a la ermita de Nuestra Se\u00f1ora de Mexide, en el ovetense barrio de El Fresno, y, tras la celebraci\u00f3n de solemne misa cantada, se les entregaba como almuerzo, <strong>\u00abun bollo de media libra de pan de fisga<\/strong> <strong><span style=\"color: #800080\">[escanda]<\/span><\/strong>, <strong>torrezno y medio cuartillo de vino de pasado el monte\u00bb.<\/strong><\/span><\/em><\/span><\/p>\n<h3 style=\"text-align: center\"><span style=\"color: #008080\"><em>El desembarco en el parque San Francisco<\/em><\/span><\/h3>\n<p><em><span style=\"font-size: 14pt\">Una procesi\u00f3n recorr\u00eda la distancia entre la <strong>capilla de Nuestra Se\u00f1ora de la Balesquida, situada frente a La Catedral<\/strong>, en una esquina de la plaza de Alfonso II El Casto, hasta la de Santa Ana de Meixide, en lo que hoy conocemos como Montecerrao. Las viandas se desgustaban, tras el largo tr\u00e1nsito, a modo de recompensa.<\/span><\/em><\/p>\n<div id=\"hybs-mslot-3479-1\" class=\"hybs-mslot\" style=\"text-align: center\"><a href=\"https:\/\/www.labalesquida.com\/wp-content\/gallery\/fotos-antiguas\/Fotos-Anta%C3%B1o-025.jpg\"><img loading=\"lazy\" decoding=\"async\" class=\"alignnone\" src=\"https:\/\/www.labalesquida.com\/wp-content\/gallery\/fotos-antiguas\/Fotos-Anta%C3%B1o-025.jpg\" alt=\"\" width=\"1000\" height=\"671\" \/><\/a><\/div>\n<div style=\"text-align: center\"><a href=\"https:\/\/www.martesdecampo.es\/\"><span style=\"color: #008080\"><em><span style=\"font-size: 18pt\">https:\/\/www.martesdecampo.es\/<\/span><\/em><\/span><\/a><\/div>\n<p><span style=\"font-size: 14pt\"><em>Entonces no hab\u00eda bollos pre\u00f1aos y, seg\u00fan la bibliograf\u00eda de la \u00e9poca, se entregaba a los cofrades \u00abun <span style=\"color: #008080\"><strong>bollo de media libra de pan de fisga [escanda], torrezno y medio cuartillo de vino de pasado el monte<\/strong>\u00bb<\/span>. Con el paso del tiempo, y para acortar distancias, la procesi\u00f3n modific\u00f3 su destino final.<\/em><\/span><\/p>\n<p style=\"text-align: center\"><a href=\"https:\/\/www.martesdecampo.es\/wp-content\/uploads\/2018\/01\/18920822_1465226776831302_3694910074796136480_o.jpg\"><img loading=\"lazy\" decoding=\"async\" class=\"alignnone\" src=\"https:\/\/www.martesdecampo.es\/wp-content\/uploads\/2018\/01\/18920822_1465226776831302_3694910074796136480_o.jpg\" alt=\"\" width=\"2048\" height=\"1365\" \/><\/a><\/p>\n<p style=\"text-align: center\"><a href=\"https:\/\/www.rtpa.es\/fotos\/\/19\/06\/20190611131858_MARTESCAMPO0611.jpg\"><img loading=\"lazy\" decoding=\"async\" class=\"alignnone\" src=\"https:\/\/www.rtpa.es\/fotos\/\/19\/06\/20190611131858_MARTESCAMPO0611.jpg\" alt=\"\" width=\"853\" height=\"480\" \/><\/a><\/p>\n<p style=\"text-align: center\"><a href=\"https:\/\/3.bp.blogspot.com\/-mutjd_KLXpU\/Wh8B5ER_jPI\/AAAAAAAAE8k\/_ZqyqthVcyUsfd13CatggRCgGt758kDtACLcBGAs\/s1600\/DSC_0575.JPG\"><img loading=\"lazy\" decoding=\"async\" class=\"alignnone\" src=\"https:\/\/3.bp.blogspot.com\/-mutjd_KLXpU\/Wh8B5ER_jPI\/AAAAAAAAE8k\/_ZqyqthVcyUsfd13CatggRCgGt758kDtACLcBGAs\/s1600\/DSC_0575.JPG\" alt=\"\" width=\"768\" height=\"510\" \/><\/a><\/p>\n<div class=\"dati1w0a hv4rvrfc osnr6wyh\">\n<div class=\"btwxx1t3 j83agx80 cwj9ozl2\">\n<div class=\"j83agx80 cbu4d94t ew0dbk1b irj2b8pg\">\n<div class=\"qzhwtbm6 knvmm38d\">\n<div class=\"jq4qci2q ekzkrbhg a3bd9o3v\">\n<ul>\n<li style=\"text-align: center\"><span dir=\"ltr\"><span class=\"\"><span class=\"nc684nl6\"><a class=\"oajrlxb2 g5ia77u1 qu0x051f esr5mh6w e9989ue4 r7d6kgcz rq0escxv nhd2j8a9 nc684nl6 p7hjln8o kvgmc6g5 cxmmr5t8 oygrvhab hcukyx3x jb3vyjys rz4wbd8a qt6c0cv9 a8nywdso i1ao9s8h esuyzwwr f1sip0of lzcic4wl oo9gr5id gpro0wi8 lrazzd5p\" role=\"link\" href=\"https:\/\/www.facebook.com\/groups\/189974821027391\/user\/1592967952\/?__cft__[0]=AZV5854CsOYWCKmPxsTUeOIFM1dvIqUIYGqgiw2TyNBL_f22ADgmyQR877nZQB2tCI_AsPN8FNp4R7r6CAUG4pSG6S28NuZRgYAXwJaNH0FVEiaFbUUlnqqoB17Y_cwUcgmmASGm47wbukBjiVY8Y3AiGZwOCJpcitzlRwVx95IhC9fhdFG4PJgHqjHX8bxybM4&amp;__tn__=-UC%2CP-y-R\">Cocina Con Salsa Sonia Rodriguez<\/a><\/span><\/span><\/span><i class=\"hu5pjgll m6k467ps\" data-visualcompletion=\"css-img\" aria-label=\"public\u00f3 en\"><\/i><i class=\"hu5pjgll m6k467ps\" data-visualcompletion=\"css-img\" aria-label=\"Compartido con: Grupo p\u00fablico\"><\/i><\/li>\n<\/ul>\n<\/div>\n<\/div>\n<\/div>\n<\/div>\n<\/div>\n<div class=\"\" dir=\"auto\">\n<div class=\"\" dir=\"auto\">\n<div class=\"ecm0bbzt hv4rvrfc ihqw7lf3 dati1w0a\" data-ad-comet-preview=\"message\" data-ad-preview=\"message\">\n<div class=\"j83agx80 cbu4d94t ew0dbk1b irj2b8pg\">\n<div class=\"qzhwtbm6 knvmm38d\">\n<div class=\"kvgmc6g5 cxmmr5t8 oygrvhab hcukyx3x c1et5uql ii04i59q\">\n<div dir=\"auto\" style=\"text-align: center\">Aut\u00e9nticos bollos pre\u00f1aos!!<a href=\"https:\/\/youtu.be\/tH-rMXLp430\"> V\u00eddeu<\/a><\/div>\n<\/div>\n<div class=\"o9v6fnle cxmmr5t8 oygrvhab hcukyx3x c1et5uql ii04i59q\">\n<div dir=\"auto\"><\/div>\n<\/div>\n<div dir=\"auto\" style=\"text-align: center\">\n<!-- iframe plugin v.6.0 wordpress.org\/plugins\/iframe\/ -->\n<iframe loading=\"lazy\" width=\"100%\" height=\"364\" src=\"https:\/\/www.youtube.com\/embed\/tH-rMXLp430\" scrolling=\"yes\" class=\"iframe-class\" frameborder=\"0\"><\/iframe>\n<\/div>\n<\/div>\n<\/div>\n<\/div>\n<\/div>\n<\/div>\n<p style=\"text-align: center\"><img loading=\"lazy\" decoding=\"async\" class=\"alignnone size-full\" src=\"https:\/\/celiplatos.com\/wp-content\/uploads\/2019\/11\/DSC0469_Celiplatos-2.jpg\" width=\"1170\" height=\"650\" \/><\/p>\n<p><em><span style=\"font-size: 14pt\">Dej\u00f3 de lado a la santa de Montecerrao y visitaba <strong>capilla de Santa Susana, que permaneci\u00f3 en pie desde 1630 hasta 1858 en el entorno de la actual calle del Rosal<\/strong>. <span style=\"color: #008080\"><strong>El parque San Francisco quedaba tan cerca que termin\u00f3 convirti\u00e9ndose en un elemento m\u00e1s de la celebraci\u00f3n, tomado por los cofrades para la continuaci\u00f3n de unos festejos que calaban cada vez m\u00e1s profundo en la ciudad.<\/strong><\/span><\/span><\/em><\/p>\n<p><span style=\"font-size: 14pt\">En ocho siglos de historias los cimientos del Martes de Campo y La Balesquida peligraron en m\u00e1s de una ocasi\u00f3n. Entre 1854 y 1856 los bienes de la cofrad\u00eda fueron declarados como enajenables y la mism\u00edsima <strong>reina Isabel II, quien hab\u00eda sido declarada hermana mayor de la cofrad\u00eda, intercedi\u00f3 para salvaguardar sus prevendas.<\/strong><\/span><\/p>\n<ul>\n<li><a href=\"https:\/\/www.youtube.com\/watch?v=JJ8k_NdpkbU&amp;feature=youtu.be\" target=\"_blank\" rel=\"noopener noreferrer\"><strong><em>Bollos pre\u00f1aos<br \/>\n<\/em><\/strong><\/a><\/li>\n<\/ul>\n<p style=\"text-align: center\">\n<!-- iframe plugin v.6.0 wordpress.org\/plugins\/iframe\/ -->\n<iframe loading=\"lazy\" width=\"100%\" height=\"331\" src=\"https:\/\/www.youtube.com\/embed\/JJ8k_NdpkbU\" scrolling=\"yes\" class=\"iframe-class\" frameborder=\"0\"><\/iframe>\n<\/p>\n<h3 style=\"text-align: center\"><em><span style=\"color: #008080\">Sociedad Protectora de La Balesquida<\/span><\/em><\/h3>\n<p><span style=\"font-size: 14pt\"><em>En 1924 sobrevino otra crisis y la cofrad\u00eda anunci\u00f3 en 1930 su disoluci\u00f3n entre penurias. Cogi\u00f3 el guante una nueva instituci\u00f3n empe\u00f1ada en perpetuar una tradici\u00f3n ya m\u00e1s que centenaria. <strong>Naci\u00f3 la Sociedad Protectora de La Balesquida<\/strong>, que ha tra\u00eddo hasta nuestros d\u00edas el Martes de Campo, con el objetivo principal de ayudar en lo \u00abdivino\u00bb y en lo humano venciendo los obst\u00e1culos econ\u00f3micos que hab\u00edan llevado a la ruina a la cofrad\u00eda.<\/em><\/span><\/p>\n<hr \/>\n<\/div>\n<div><\/div>\n<div class=\"voc-topics voc-detail-grid\"><\/div>\n<div class=\"voc-topics voc-detail-grid\" style=\"text-align: center\"><\/div>\n","protected":false},"excerpt":{"rendered":"<p>Martes de campu y bollu pre\u00f1\u00e1u Sesi\u00f3n en castellano Sesi\u00f3n n\u00b4asturianu Un poco de historia &nbsp; El desfile de la cabalgata del Heraldo por el centro de Oviedo ha dado el pistoletazo de salida a las fiestas de La Balesquida, que tendr\u00e1n como d\u00eda grande el Martes de Campo. A lomos de un caballo, el [&hellip;]<\/p>\n","protected":false},"author":117,"featured_media":0,"parent":3875,"menu_order":0,"comment_status":"closed","ping_status":"closed","template":"","meta":{"footnotes":""},"class_list":["post-3932","page","type-page","status-publish","hentry","post-preview"],"_links":{"self":[{"href":"https:\/\/edublog.educastur.es\/corredoria3\/wp-json\/wp\/v2\/pages\/3932","targetHints":{"allow":["GET"]}}],"collection":[{"href":"https:\/\/edublog.educastur.es\/corredoria3\/wp-json\/wp\/v2\/pages"}],"about":[{"href":"https:\/\/edublog.educastur.es\/corredoria3\/wp-json\/wp\/v2\/types\/page"}],"author":[{"embeddable":true,"href":"https:\/\/edublog.educastur.es\/corredoria3\/wp-json\/wp\/v2\/users\/117"}],"replies":[{"embeddable":true,"href":"https:\/\/edublog.educastur.es\/corredoria3\/wp-json\/wp\/v2\/comments?post=3932"}],"version-history":[{"count":18,"href":"https:\/\/edublog.educastur.es\/corredoria3\/wp-json\/wp\/v2\/pages\/3932\/revisions"}],"predecessor-version":[{"id":5720,"href":"https:\/\/edublog.educastur.es\/corredoria3\/wp-json\/wp\/v2\/pages\/3932\/revisions\/5720"}],"up":[{"embeddable":true,"href":"https:\/\/edublog.educastur.es\/corredoria3\/wp-json\/wp\/v2\/pages\/3875"}],"wp:attachment":[{"href":"https:\/\/edublog.educastur.es\/corredoria3\/wp-json\/wp\/v2\/media?parent=3932"}],"curies":[{"name":"wp","href":"https:\/\/api.w.org\/{rel}","templated":true}]}}