{"id":3950,"date":"2021-04-01T17:58:20","date_gmt":"2021-04-01T15:58:20","guid":{"rendered":"https:\/\/edublog.educastur.es\/corredoria3\/?page_id=3950"},"modified":"2021-09-12T17:28:57","modified_gmt":"2021-09-12T15:28:57","slug":"sesion-04","status":"publish","type":"page","link":"https:\/\/edublog.educastur.es\/corredoria3\/6o-pri\/cultura-asturiana\/3o-trimestre\/sesion-04\/","title":{"rendered":"Sesi\u00f3n 04"},"content":{"rendered":"<p style=\"text-align: center\"><a href=\"https:\/\/edublog.educastur.es\/ixuxullingua\/6-sestu\/04-2020-payares\/sesion-04\/\"><em><span style=\"font-size: 18pt\">Sesi\u00f3n 04: <strong>Asina ye\u00b4l mio cuartu <\/strong>(Llingua)<\/span><\/em><\/a><\/p>\n<div id=\"post-182\" class=\"post\">\n<div class=\"entry\">\n<p style=\"text-align: center\"><span style=\"font-size: 14pt\"><em>Esta selmana vamos ver<strong> \u201cEl cuartu\u201d <\/strong>,<br \/>\nuna parte fundamental de la casa onde vivimos\u2026<\/em><\/span><\/p>\n<ul>\n<li><span style=\"font-size: 14pt\"><a href=\"https:\/\/drive.google.com\/file\/d\/17yYjppsDm2yZvniB-8jH5ONBxSDp99Ju\/view?usp=sharing\" target=\"_blank\" rel=\"noopener noreferrer\"><em><strong>Cuartu <\/strong><\/em><\/a><\/span><\/li>\n<li><span style=\"font-size: 14pt\"><em><strong><a href=\"https:\/\/i.pinimg.com\/originals\/38\/33\/bb\/3833bbcd4998029d855c07ca95b8e182.gif\" target=\"_blank\" rel=\"noopener noreferrer\">Si nun sabes qu\u00e9 ye un cuartu, calca y mira<br \/>\n<\/a><\/strong><a href=\"https:\/\/i.pinimg.com\/originals\/38\/33\/bb\/3833bbcd4998029d855c07ca95b8e182.gif\" target=\"_blank\" rel=\"noopener noreferrer\">Esti ye un cuartu mui famosu<\/a><\/em><em><a href=\"https:\/\/i.pinimg.com\/originals\/38\/33\/bb\/3833bbcd4998029d855c07ca95b8e182.gif\" target=\"_blank\" rel=\"noopener noreferrer\"> d\u00b4un artista mui famosu.<br \/>\n\u00bfSabes el so nome? De xuru que s\u00ed.<\/a><\/em><\/span><\/li>\n<\/ul>\n<p><a href=\"https:\/\/www.diariodesanse.com\/wp-content\/uploads\/2020\/11\/arles.jpg\"><img loading=\"lazy\" decoding=\"async\" class=\"alignnone\" src=\"https:\/\/www.diariodesanse.com\/wp-content\/uploads\/2020\/11\/arles.jpg\" alt=\"\" width=\"980\" height=\"735\" \/><\/a><\/p>\n<ul>\n<li><span style=\"font-size: 14pt\"><a href=\"https:\/\/drive.google.com\/file\/d\/1lEQ5Fv07rYWr1u1wdVNi517blVmZLhOu\/view?usp=sharing\" target=\"_blank\" rel=\"noopener noreferrer\"><u>Cuando facemos una descripci\u00f3n siguimos un orden. <\/u><\/a><\/span><\/li>\n<li>\n<p align=\"left\"><span style=\"font-size: 14pt\"><em>Por exemplu, dende lo m\u00e1s grande a lo m\u00e1s piqui\u00f1ino.<\/em><\/span><\/p>\n<\/li>\n<li><span style=\"font-size: 14pt\"><a href=\"https:\/\/educastur-my.sharepoint.com\/:b:\/g\/personal\/isabellh_educastur_org\/EQxuLnWygzJFgNJEpQq0X1oBTJgd4_wwBpHbOj6WdKv_Pw?e=Tcaf0F\">Hoja pdf para escribir <strong><em>\u00abAsina ye\u00b4l mio cuartu\u00bb<\/em><\/strong><\/a><\/span><\/li>\n<li><a href=\"https:\/\/educastur-my.sharepoint.com\/:b:\/g\/personal\/isabellh_educastur_org\/EUOmvDQUjmZFrgLgtfNWKpsBJTPNjXa1KmYjAS8-U81DEA?e=uIBlJR\"><em><span style=\"font-size: 14pt\">Descripci\u00f3n de ejemplo del cuartu<\/span><\/em><\/a><\/li>\n<li><a href=\"https:\/\/imgbox.es\/images\/2020\/05\/16\/cuartudaaafe9a2b5422c4.jpg\" target=\"_blank\" rel=\"noopener noreferrer\"><img loading=\"lazy\" decoding=\"async\" class=\"alignnone\" src=\"https:\/\/imgbox.es\/images\/2020\/05\/16\/cuartudaaafe9a2b5422c4.jpg\" alt=\"\" width=\"117\" height=\"83\" \/><\/a><\/li>\n<li><span style=\"font-size: 14pt\"><a href=\"https:\/\/educastur-my.sharepoint.com\/:b:\/g\/personal\/isabellh_educastur_org\/EfybuAqDUVxPuEy0u25mfdUB7Uk6HuLCBDX488gAxVw3aA?e=EB6e2E\">Descarga pdf de esta imagen<\/a><\/span><\/li>\n<\/ul>\n<hr \/>\n<ul>\n<li><span style=\"font-size: 14pt\"><a href=\"https:\/\/drive.google.com\/file\/d\/1YkRjPLjNUfNvtUIL1ncIld5Umf9zdzo1\/view?usp=sharing\" target=\"_blank\" rel=\"noopener noreferrer\">Calca pa repasar <strong><em>\u201cVocabulariu de la casa\u201d <\/em><\/strong><\/a><\/span><\/li>\n<li><span style=\"font-size: 14pt\"><u><em>TAREA 1<\/em><\/u><strong><em>: Dibuxar el to cuartu, tipu esquema.<\/em><\/strong><strong><em><br \/>\n<\/em><\/strong><u><em>Failo nuna fueya en apaisao, horizontal.<br \/>\nPor exemplu, asina\u2026<br \/>\nT\u00edtulu: <strong>\u201cEl cuartu de\u2026<\/strong> equ\u00ed el to nome<strong>\u201c<\/strong>.)<\/em><\/u><\/span><\/li>\n<\/ul>\n<p><img loading=\"lazy\" decoding=\"async\" class=\"\" src=\"https:\/\/hips.hearstapps.com\/es.h-cdn.co\/mcres\/images\/mi-casa\/dormitorios-infantiles\/dormitorios-compartidos\/una-habitacion-con-literas-plano\/125904-1-esl-ES\/una-habitacion-con-literas-plano.jpg?resize=480:*\" width=\"371\" height=\"346\" \/><a href=\"https:\/\/i.pinimg.com\/originals\/e6\/e5\/df\/e6e5df38b45b77b8a932a6027ae6222a.jpg\" target=\"_blank\" rel=\"noopener noreferrer\"><img loading=\"lazy\" decoding=\"async\" class=\"\" src=\"https:\/\/i.pinimg.com\/originals\/e6\/e5\/df\/e6e5df38b45b77b8a932a6027ae6222a.jpg\" width=\"297\" height=\"372\" \/><\/a><\/p>\n<ul>\n<li><span style=\"font-size: 14pt\"><em><strong><u>TAREA 2:<\/u>\u00a0 Dibuxar el cuartu que describen<a href=\"https:\/\/drive.google.com\/file\/d\/1PgTHwEGeVFl5kaatj19-QQSruGaqfUJ6\/view?usp=sharing\" target=\"_blank\" rel=\"noopener noreferrer\"> equ\u00ed, a continuaci\u00f3n\u2026<br \/>\n<\/a> <\/strong><\/em><\/span><\/li>\n<li><span style=\"font-size: 14pt\"><em><a href=\"https:\/\/drive.google.com\/file\/d\/1PgTHwEGeVFl5kaatj19-QQSruGaqfUJ6\/view?usp=sharing\" target=\"_blank\" rel=\"noopener noreferrer\"><strong>Lee esta descripci\u00f3n d\u00b4un cuartu <\/strong>(calca equ\u00ed).<\/a><\/em><\/span><\/li>\n<li><span style=\"font-size: 14pt\"><em><strong>Dibuxa el cuartu que describe\u00b4l testu<\/strong> nuna fueya.<\/em><\/span><\/li>\n<li><span style=\"font-size: 14pt\"><em><strong>Failo bien<\/strong>, <u>dibuxa col llapiceru y collorea con colores<\/u>,<br \/>\ncomo indica\u2026 <u>Pon el to nome nuna esquina, a ll\u00e1piz.<\/u><\/em><\/span><\/li>\n<\/ul>\n<\/div>\n<\/div>\n<hr \/>\n","protected":false},"excerpt":{"rendered":"<p>Sesi\u00f3n 04: Asina ye\u00b4l mio cuartu (Llingua) Esta selmana vamos ver \u201cEl cuartu\u201d , una parte fundamental de la casa onde vivimos\u2026 Cuartu Si nun sabes qu\u00e9 ye un cuartu, calca y mira Esti ye un cuartu mui famosu d\u00b4un artista mui famosu. \u00bfSabes el so nome? De xuru que s\u00ed. Cuando facemos una descripci\u00f3n [&hellip;]<\/p>\n","protected":false},"author":117,"featured_media":0,"parent":3883,"menu_order":0,"comment_status":"closed","ping_status":"closed","template":"","meta":{"footnotes":""},"class_list":["post-3950","page","type-page","status-publish","hentry","post-preview"],"_links":{"self":[{"href":"https:\/\/edublog.educastur.es\/corredoria3\/wp-json\/wp\/v2\/pages\/3950","targetHints":{"allow":["GET"]}}],"collection":[{"href":"https:\/\/edublog.educastur.es\/corredoria3\/wp-json\/wp\/v2\/pages"}],"about":[{"href":"https:\/\/edublog.educastur.es\/corredoria3\/wp-json\/wp\/v2\/types\/page"}],"author":[{"embeddable":true,"href":"https:\/\/edublog.educastur.es\/corredoria3\/wp-json\/wp\/v2\/users\/117"}],"replies":[{"embeddable":true,"href":"https:\/\/edublog.educastur.es\/corredoria3\/wp-json\/wp\/v2\/comments?post=3950"}],"version-history":[{"count":3,"href":"https:\/\/edublog.educastur.es\/corredoria3\/wp-json\/wp\/v2\/pages\/3950\/revisions"}],"predecessor-version":[{"id":4779,"href":"https:\/\/edublog.educastur.es\/corredoria3\/wp-json\/wp\/v2\/pages\/3950\/revisions\/4779"}],"up":[{"embeddable":true,"href":"https:\/\/edublog.educastur.es\/corredoria3\/wp-json\/wp\/v2\/pages\/3883"}],"wp:attachment":[{"href":"https:\/\/edublog.educastur.es\/corredoria3\/wp-json\/wp\/v2\/media?parent=3950"}],"curies":[{"name":"wp","href":"https:\/\/api.w.org\/{rel}","templated":true}]}}