{"id":3964,"date":"2021-04-01T17:59:53","date_gmt":"2021-04-01T15:59:53","guid":{"rendered":"https:\/\/edublog.educastur.es\/corredoria3\/?page_id=3964"},"modified":"2021-05-07T17:59:26","modified_gmt":"2021-05-07T15:59:26","slug":"sesion-06","status":"publish","type":"page","link":"https:\/\/edublog.educastur.es\/corredoria3\/3o-pri\/cultura-asturiana\/tercer-trimestre\/sesion-06\/","title":{"rendered":"Sesi\u00f3n 06"},"content":{"rendered":"<p style=\"text-align: center\"><span style=\"text-decoration: underline\"><span style=\"font-size: 18pt;color: #008080\"><strong><em>Organizaci\u00f3n territorial de Asturias<\/em><\/strong><\/span><\/span><\/p>\n<div class=\"wDYxhc\" lang=\"es-ES\" data-md=\"61\">\n<div class=\"LGOjhe\" role=\"heading\" data-attrid=\"wa:\/description\" data-hveid=\"CA8QAA\">\n<div class=\"d9FyLd XcVN5d\"><b>Sesi\u00f3n de 4\u00ba_<a href=\"https:\/\/educastur-my.sharepoint.com\/:f:\/g\/personal\/isabellh_educastur_org\/Ej2g4A2H6ShMnHPSzXK30d4BhDB8B8x5fJNIke0mwdvc8w?e=VVe5iB\">VER CARPETA<\/a><br \/>\n<\/b><\/div>\n<div><em><a href=\"https:\/\/edublog.educastur.es\/corredoria3\/4o-pri\/cultura-asturiana\/segundo-trimestre\/sesion-03\/\">Sesi\u00f3n 03: <strong>S\u00edmbolos de Asturias <\/strong>(Cris)<\/a><\/em><\/div>\n<\/div>\n<\/div>\n<div lang=\"es-ES\" data-md=\"61\">Sesi\u00f3n de 6\u00ba_<a href=\"https:\/\/educastur-my.sharepoint.com\/:f:\/g\/personal\/isabellh_educastur_org\/Eo1fxnFt0K1CuAY2hHLiFHQBlwKPa-6N0GyIRrwOWcXJDQ?e=gwjgsK\"><strong>VER CARPETA<\/strong><\/a><\/div>\n<div lang=\"es-ES\" data-md=\"61\"><a href=\"https:\/\/edublog.educastur.es\/corredoria3\/6o-pri\/cultura-asturiana\/1otrimestre\/sesion-03\/\">Sesi\u00f3n 03: <strong>Oviedo, Sede Institucional, Junta general, Estatuto de Autonom\u00eda. <\/strong><\/a><\/div>\n<div lang=\"es-ES\" data-md=\"61\"><\/div>\n<div lang=\"es-ES\" data-md=\"61\">\n<hr \/>\n<\/div>\n","protected":false},"excerpt":{"rendered":"<p>Organizaci\u00f3n territorial de Asturias Sesi\u00f3n de 4\u00ba_VER CARPETA Sesi\u00f3n 03: S\u00edmbolos de Asturias (Cris) Sesi\u00f3n de 6\u00ba_VER CARPETA Sesi\u00f3n 03: Oviedo, Sede Institucional, Junta general, Estatuto de Autonom\u00eda.<\/p>\n","protected":false},"author":117,"featured_media":0,"parent":3877,"menu_order":0,"comment_status":"closed","ping_status":"closed","template":"","meta":{"footnotes":""},"class_list":["post-3964","page","type-page","status-publish","hentry","post-preview"],"_links":{"self":[{"href":"https:\/\/edublog.educastur.es\/corredoria3\/wp-json\/wp\/v2\/pages\/3964","targetHints":{"allow":["GET"]}}],"collection":[{"href":"https:\/\/edublog.educastur.es\/corredoria3\/wp-json\/wp\/v2\/pages"}],"about":[{"href":"https:\/\/edublog.educastur.es\/corredoria3\/wp-json\/wp\/v2\/types\/page"}],"author":[{"embeddable":true,"href":"https:\/\/edublog.educastur.es\/corredoria3\/wp-json\/wp\/v2\/users\/117"}],"replies":[{"embeddable":true,"href":"https:\/\/edublog.educastur.es\/corredoria3\/wp-json\/wp\/v2\/comments?post=3964"}],"version-history":[{"count":5,"href":"https:\/\/edublog.educastur.es\/corredoria3\/wp-json\/wp\/v2\/pages\/3964\/revisions"}],"predecessor-version":[{"id":4393,"href":"https:\/\/edublog.educastur.es\/corredoria3\/wp-json\/wp\/v2\/pages\/3964\/revisions\/4393"}],"up":[{"embeddable":true,"href":"https:\/\/edublog.educastur.es\/corredoria3\/wp-json\/wp\/v2\/pages\/3877"}],"wp:attachment":[{"href":"https:\/\/edublog.educastur.es\/corredoria3\/wp-json\/wp\/v2\/media?parent=3964"}],"curies":[{"name":"wp","href":"https:\/\/api.w.org\/{rel}","templated":true}]}}