{"id":4035,"date":"2021-04-05T19:34:22","date_gmt":"2021-04-05T17:34:22","guid":{"rendered":"https:\/\/edublog.educastur.es\/corredoria3\/?page_id=4035"},"modified":"2021-04-10T19:21:48","modified_gmt":"2021-04-10T17:21:48","slug":"sesion-01b","status":"publish","type":"page","link":"https:\/\/edublog.educastur.es\/corredoria3\/6o-pri\/cultura-asturiana\/3o-trimestre\/sesion-01b\/","title":{"rendered":"Sesi\u00f3n 01b"},"content":{"rendered":"<p style=\"text-align: center\"><span style=\"font-size: 24pt;color: #008080\"><strong><em>La \u00a0 caricatura<\/em><\/strong><\/span><\/p>\n<p><span style=\"font-size: 18pt\"><strong><span style=\"color: #008080\">Una<\/span> caricatura<\/strong> (del <a title=\"Idioma italiano\" href=\"https:\/\/es.wikipedia.org\/wiki\/Idioma_italiano\">italiano<\/a> <i>caricare<\/i>: cargar, exagerar) <strong><span style=\"color: #008080\">es un <a style=\"color: #008080\" title=\"Retrato pict\u00f3rico\" href=\"https:\/\/es.wikipedia.org\/wiki\/Retrato_pict%C3%B3rico\">retrato<\/a> que exagera o distorsiona la apariencia f<\/span><span style=\"color: #008080\">\u00edsica de una o varias personas<\/span><\/strong>. Es en ocasiones un retrato de la sociedad reconocible, para crear un parecido f\u00e1cilmente identificable y, generalmente, <span style=\"text-decoration: underline\"><a title=\"Humor\" href=\"https:\/\/es.wikipedia.org\/wiki\/Humor\">humor\u00edstico<\/a>.<\/span><\/span><\/p>\n<ul>\n<li><em><span style=\"font-size: 18pt\">Tambi\u00e9n se usa, abundantemente en la <a title=\"Historieta\" href=\"https:\/\/es.wikipedia.org\/wiki\/Historieta\">historieta<\/a><br \/>\n<\/span><\/em><\/li>\n<li><em><span style=\"font-size: 18pt\">Naci\u00f3 en <a title=\"Bolonia\" href=\"https:\/\/es.wikipedia.org\/wiki\/Bolonia\">Bolonia<\/a> a finales del <a title=\"Siglo XVI\" href=\"https:\/\/es.wikipedia.org\/wiki\/Siglo_XVI\">siglo XVI<\/a>, en la escuela de arte fundada por una familia de pintores, los <a class=\"new\" title=\"Carracci (a\u00fan no redactado)\" href=\"https:\/\/es.wikipedia.org\/w\/index.php?title=Carracci&amp;action=edit&amp;redlink=1\">Carracci<\/a>.<\/span><\/em><\/li>\n<li><em><span style=\"font-size: 18pt\"> Los estudiantes de esta academia <strong>se divert\u00edan haciendo retratos de los visitantes bajo la apariencia de animales u objetos inanimados,<\/strong> esto lleg\u00f3 a ser compartido por <a class=\"mw-redirect\" title=\"Gianlorenzo Bernini\" href=\"https:\/\/es.wikipedia.org\/wiki\/Gianlorenzo_Bernini\">Bernini<\/a>. <\/span><\/em><\/li>\n<li><em><span style=\"font-size: 18pt\">El grabador <a title=\"Pier Leone Ghezzi\" href=\"https:\/\/es.wikipedia.org\/wiki\/Pier_Leone_Ghezzi\">Pier Leone Ghezzi<\/a>, que trabajaba en <a title=\"Roma\" href=\"https:\/\/es.wikipedia.org\/wiki\/Roma\">Roma<\/a>, continu\u00f3 esa tradici\u00f3n y, <strong>por un m\u00f3dico precio caricaturizaba a los <a title=\"Turismo\" href=\"https:\/\/es.wikipedia.org\/wiki\/Turismo\">turistas<\/a>.<\/strong> <\/span><\/em><\/li>\n<li><em><span style=\"font-size: 18pt\">Lo que estos artistas italianos hac\u00edan eran <strong>retratos humor\u00edsticos para uso privado<\/strong> y casi nunca resultaban <a title=\"S\u00e1tira\" href=\"https:\/\/es.wikipedia.org\/wiki\/S%C3%A1tira\">sat\u00edricos<\/a> o maliciosos.<\/span><\/em><\/li>\n<\/ul>\n<p><a href=\"https:\/\/upload.wikimedia.org\/wikipedia\/commons\/thumb\/6\/6f\/Editorial_cartoon_depicting_Charles_Darwin_as_an_ape_%281871%29.jpg\/800px-Editorial_cartoon_depicting_Charles_Darwin_as_an_ape_%281871%29.jpg\"><img loading=\"lazy\" decoding=\"async\" class=\"aligncenter\" src=\"https:\/\/upload.wikimedia.org\/wikipedia\/commons\/thumb\/6\/6f\/Editorial_cartoon_depicting_Charles_Darwin_as_an_ape_%281871%29.jpg\/800px-Editorial_cartoon_depicting_Charles_Darwin_as_an_ape_%281871%29.jpg\" alt=\"\" width=\"800\" height=\"1076\" \/><\/a><\/p>\n<p style=\"text-align: center\"><span class=\"mw-mmv-title\"><a title=\"Charles Darwin\" href=\"https:\/\/es.wikipedia.org\/wiki\/Charles_Darwin\">D<span style=\"font-size: 14pt\">arwin<\/span><\/a><span style=\"font-size: 14pt\"> caricaturizado en el <a title=\"1876\" href=\"https:\/\/es.wikipedia.org\/wiki\/1876\">1876<\/a> por <a title=\"John Tenniel\" href=\"https:\/\/es.wikipedia.org\/wiki\/John_Tenniel\">John Tenniel<\/a>.<\/span><\/span><\/p>\n<p class=\"n2\"><span style=\"font-size: 14pt\"><strong><span style=\"color: #808080\">Del <abbr title=\"italiano\">it.<\/abbr> <em>caricatura.<\/em><\/span><\/strong><\/span><\/p>\n<p id=\"3Ie0QBS\" class=\"j\"><span style=\"font-size: 14pt\"><strong><span style=\"color: #808080\"><span class=\"n_acep\">1. <\/span><abbr class=\"d\" title=\"nombre femenino\">f.<\/abbr> <mark data-id=\"DgDDVCt|DgED6Zj\">Dibujo<\/mark> <mark data-id=\"XL2aT9o|XL33YOZ\">sat\u00edrico<\/mark> <mark data-id=\"EuPaWdO\">en<\/mark> <mark data-id=\"UkbUarn\">que<\/mark> <mark data-id=\"XNTSeAe|XNVjCmd\">se<\/mark> <mark data-id=\"C3Y8gv5\">deforman<\/mark> <mark data-id=\"ESraxkH|MiZ5vEt|NWnohQu\">las<\/mark> <mark data-id=\"HS2Wg2F\">facciones<\/mark> <mark data-id=\"c8HoARq|c8HrfrV|c8IFPyp\">y<\/mark> <mark data-id=\"ESraxkH\">el<\/mark> <mark data-id=\"43SgXlx\">aspecto<\/mark> <mark data-id=\"BtDkacL|BtFYznp\">de<\/mark> <mark data-id=\"1oMNWvM\">alguien<\/mark>.<\/span><\/strong><\/span><\/p>\n<p id=\"3If91Af\" class=\"j\"><span style=\"font-size: 14pt\"><strong><span style=\"color: #808080\"><span class=\"n_acep\">2. <\/span><abbr class=\"g\" title=\"nombre femenino\">f.<\/abbr> <mark data-id=\"QnrhaT6|Qo7V2Nd\">Obra<\/mark> <mark data-id=\"BtDkacL|BtFYznp\">de<\/mark> <mark data-id=\"3q9w3lk\">arte<\/mark> <mark data-id=\"UkbUarn\">que<\/mark> <mark data-id=\"WSsRcTk\">ridiculiza<\/mark> <mark data-id=\"QlqTEX0|Qlr66uc|Qltkqeu\">o<\/mark> <mark data-id=\"ZzNW207|ZzcN8W0\">toma<\/mark> <mark data-id=\"EuPaWdO\">en<\/mark> <mark data-id=\"68hKX8j|68iPMy4|68jcEjN\">broma<\/mark> <mark data-id=\"ESraxkH\">el<\/mark> <mark data-id=\"PTTndjL|PTk5Wk1\">modelo<\/mark> <mark data-id=\"UkbUarn\">que<\/mark> <mark data-id=\"ZT8sFSB\">tiene<\/mark> <mark data-id=\"TgJ7yhD\">por<\/mark> <mark data-id=\"QmfCYKh|QmweHtN\">objeto<\/mark>.<\/span><\/strong><\/span><\/p>\n<p id=\"OBhRmAC\" class=\"j\"><span style=\"font-size: 14pt\"><strong><span style=\"color: #808080\"><span class=\"n_acep\">3. <\/span><abbr class=\"g\" title=\"nombre femenino\">f.<\/abbr> <abbr class=\"d\" title=\"despectivo o despectiva\">despect.<\/abbr> <mark data-id=\"QnrhaT6|Qo7V2Nd\">Obra<\/mark> <mark data-id=\"UkbUarn\">que<\/mark> <mark data-id=\"QXiSBq2\">no<\/mark> <mark data-id=\"1cNAr5i\">alcanza<\/mark> <mark data-id=\"002rZ9U|003Ov93\">a<\/mark> <mark data-id=\"Xe5Brrm|Xe5NPsQ\">ser<\/mark> <mark data-id=\"3M6wlMC\">aquello<\/mark> <mark data-id=\"UkbUarn\">que<\/mark> <mark data-id=\"U86gASi\">pretende<\/mark>.<\/span><\/strong><\/span><\/p>\n<p>&nbsp;<\/p>\n<p style=\"text-align: center\"><a href=\"https:\/\/image.freepik.com\/vector-gratis\/conjunto-expresiones-faciales-comicas_74855-7052.jpg\"><img loading=\"lazy\" decoding=\"async\" class=\"alignnone\" src=\"https:\/\/image.freepik.com\/vector-gratis\/conjunto-expresiones-faciales-comicas_74855-7052.jpg\" alt=\"\" width=\"626\" height=\"368\" \/><\/a><\/p>\n<p style=\"text-align: center\"><a href=\"https:\/\/image.freepik.com\/vector-gratis\/caras-dibujos-animados-caricatura-emociones-comicas-diferentes-expresiones-ojos-boca-expresivos-personajes-divertidos-emoticonos-enojados-confundidos_176411-1024.jpg\"><img loading=\"lazy\" decoding=\"async\" class=\"alignnone\" src=\"https:\/\/image.freepik.com\/vector-gratis\/caras-dibujos-animados-caricatura-emociones-comicas-diferentes-expresiones-ojos-boca-expresivos-personajes-divertidos-emoticonos-enojados-confundidos_176411-1024.jpg\" alt=\"\" width=\"626\" height=\"626\" \/><\/a><\/p>\n<p style=\"text-align: center\"><a href=\"https:\/\/image.freepik.com\/vector-gratis\/emoticonos-comicos-caracter-doodle-sonrisa-historieta-linda-expresiones-faciales_102902-89.jpg\"><img loading=\"lazy\" decoding=\"async\" class=\"alignnone\" src=\"https:\/\/image.freepik.com\/vector-gratis\/emoticonos-comicos-caracter-doodle-sonrisa-historieta-linda-expresiones-faciales_102902-89.jpg\" alt=\"\" width=\"626\" height=\"469\" \/><\/a><\/p>\n<p>&nbsp;<\/p>\n<hr \/>\n<p><span style=\"text-decoration: underline;color: #800080\"><em><span style=\"font-size: 18pt\"><strong>Programas para crear caricaturas<\/strong><\/span><\/em><\/span><\/p>\n<ul>\n<li><a href=\"https:\/\/www.animaker.es\/cartoon-maker\"><span style=\"font-size: 14pt\">https:\/\/www.animaker.es\/cartoon-maker<\/span><\/a><\/li>\n<li class=\"TrT0Xe\"><em><span style=\"font-size: 18pt\">Crazy Talk Animator (Windows \/ macOS)<\/span><\/em><\/li>\n<li class=\"TrT0Xe\"><em><span style=\"font-size: 18pt\">Synfig Studio (Windows \/ macOS \/ Linux)<\/span><\/em><\/li>\n<li class=\"TrT0Xe\"><em><span style=\"font-size: 18pt\">Scratch (en l\u00ednea \/ Windows \/ macOS)<\/span><\/em><\/li>\n<li class=\"TrT0Xe\"><em><span style=\"font-size: 18pt\">Animatron (en l\u00ednea)<\/span><\/em><\/li>\n<\/ul>\n<hr \/>\n<p><a href=\"https:\/\/i.pinimg.com\/originals\/29\/88\/ab\/2988ab54d9df4bd3b66f2486cdc93ad8.jpg\"><img loading=\"lazy\" decoding=\"async\" class=\"alignnone\" src=\"https:\/\/i.pinimg.com\/originals\/29\/88\/ab\/2988ab54d9df4bd3b66f2486cdc93ad8.jpg\" alt=\"\" width=\"332\" height=\"374\" \/><\/a> \/\u00a0 <a href=\"https:\/\/www.definicionabc.com\/wp-content\/uploads\/caricaturas.jpg\"><img loading=\"lazy\" decoding=\"async\" class=\"alignnone\" src=\"https:\/\/www.definicionabc.com\/wp-content\/uploads\/caricaturas.jpg\" alt=\"\" width=\"255\" height=\"367\" \/><\/a><\/p>\n<p><a href=\"https:\/\/i.pinimg.com\/originals\/1c\/69\/7f\/1c697f80b5bae3b1c3781b4f84a87ed8.jpg\"><img loading=\"lazy\" decoding=\"async\" class=\"alignnone\" src=\"https:\/\/i.pinimg.com\/originals\/1c\/69\/7f\/1c697f80b5bae3b1c3781b4f84a87ed8.jpg\" alt=\"\" width=\"283\" height=\"238\" \/><\/a>\/ <a href=\"https:\/\/www.frogx3.com\/wp-content\/uploads\/2014\/04\/como-dibujar-caras-de-caricaturas-hombres.jpg\"><img loading=\"lazy\" decoding=\"async\" class=\"alignnone\" src=\"https:\/\/www.frogx3.com\/wp-content\/uploads\/2014\/04\/como-dibujar-caras-de-caricaturas-hombres.jpg\" alt=\"\" width=\"312\" height=\"234\" \/><\/a><\/p>\n<p><span style=\"font-size: 18pt\"><a href=\"https:\/\/www.frogx3.com\/2014\/04\/02\/tutorial-para-dibujar-rostros-de-caricaturas\/\">Ver proceso para dibujar una cara<\/a><\/span><\/p>\n<p><a href=\"https:\/\/foroalfa.org\/imagenes\/ilustraciones\/Einstein.jpg\"><img loading=\"lazy\" decoding=\"async\" class=\"alignnone\" src=\"https:\/\/foroalfa.org\/imagenes\/ilustraciones\/Einstein.jpg\" alt=\"\" width=\"315\" height=\"315\" \/><\/a> \/ <a href=\"https:\/\/i.pinimg.com\/originals\/5b\/fe\/f4\/5bfef46930b5797950a656dc5d35c7d1.png\"><img loading=\"lazy\" decoding=\"async\" class=\"alignnone\" src=\"https:\/\/i.pinimg.com\/originals\/5b\/fe\/f4\/5bfef46930b5797950a656dc5d35c7d1.png\" alt=\"\" width=\"230\" height=\"348\" \/><\/a><\/p>\n<p><a href=\"https:\/\/tentulogo.com\/wp-content\/uploads\/2015\/09\/luis-gaspardo-gran-artista-caricaturista.jpg\"><img loading=\"lazy\" decoding=\"async\" class=\"alignnone\" src=\"https:\/\/tentulogo.com\/wp-content\/uploads\/2015\/09\/luis-gaspardo-gran-artista-caricaturista.jpg\" alt=\"\" width=\"1200\" height=\"816\" \/><\/a><\/p>\n<p><a href=\"https:\/\/m1.paperblog.com\/i\/200\/2005199\/caricaturas-artistas-famosos-L-dsnzth.jpeg\"><img loading=\"lazy\" decoding=\"async\" class=\"alignnone\" src=\"https:\/\/m1.paperblog.com\/i\/200\/2005199\/caricaturas-artistas-famosos-L-dsnzth.jpeg\" alt=\"\" width=\"287\" height=\"383\" \/><\/a> \/ <a href=\"https:\/\/www.humor12.com\/data\/media\/42\/julia_roberts_tomrichmond_com_www_Humor12_com.jpg\"><img loading=\"lazy\" decoding=\"async\" class=\"alignnone\" src=\"https:\/\/www.humor12.com\/data\/media\/42\/julia_roberts_tomrichmond_com_www_Humor12_com.jpg\" alt=\"\" width=\"304\" height=\"387\" \/><\/a><\/p>\n<p><a href=\"https:\/\/i.pinimg.com\/originals\/65\/51\/66\/655166ab6de3ab78788d7e84d014c3a9.jpg\"><img loading=\"lazy\" decoding=\"async\" class=\"alignnone\" src=\"https:\/\/i.pinimg.com\/originals\/65\/51\/66\/655166ab6de3ab78788d7e84d014c3a9.jpg\" alt=\"\" width=\"288\" height=\"389\" \/><\/a> \/ <a href=\"https:\/\/i.pinimg.com\/originals\/8a\/03\/55\/8a0355053fb18fc08b3dc6f17d32e54d.jpg\"><img loading=\"lazy\" decoding=\"async\" class=\"alignnone\" src=\"https:\/\/i.pinimg.com\/originals\/8a\/03\/55\/8a0355053fb18fc08b3dc6f17d32e54d.jpg\" alt=\"\" width=\"300\" height=\"377\" \/><\/a><\/p>\n<p>&nbsp;<\/p>\n<p><a href=\"https:\/\/paradaabogados.com\/images\/images\/blog\/articulos\/art-op.jpeg\"><img loading=\"lazy\" decoding=\"async\" class=\"alignnone\" src=\"https:\/\/paradaabogados.com\/images\/images\/blog\/articulos\/art-op.jpeg\" alt=\"\" width=\"700\" height=\"381\" \/><\/a><\/p>\n<p><a href=\"https:\/\/i.pinimg.com\/originals\/88\/31\/be\/8831be300e5b4b7758f0bc34ef6d5db8.jpg\"><img loading=\"lazy\" decoding=\"async\" class=\"alignnone\" src=\"https:\/\/i.pinimg.com\/originals\/88\/31\/be\/8831be300e5b4b7758f0bc34ef6d5db8.jpg\" alt=\"\" width=\"290\" height=\"399\" \/><\/a>\/<a href=\"https:\/\/www.risasinmas.com\/wp-content\/uploads\/2014\/10\/Caricatura-de-Cristiano-Ronaldo-8.jpg\"><img loading=\"lazy\" decoding=\"async\" class=\"alignnone\" src=\"https:\/\/www.risasinmas.com\/wp-content\/uploads\/2014\/10\/Caricatura-de-Cristiano-Ronaldo-8.jpg\" alt=\"\" width=\"289\" height=\"400\" \/><\/a><\/p>\n<p><a href=\"https:\/\/i0.wp.com\/www.cartoonclub.es\/blog_es\/wp-content\/uploads\/2017\/12\/cristiano-messi-2.jpg?resize=670%2C499\"><img loading=\"lazy\" decoding=\"async\" class=\"alignnone\" src=\"https:\/\/i0.wp.com\/www.cartoonclub.es\/blog_es\/wp-content\/uploads\/2017\/12\/cristiano-messi-2.jpg?resize=670%2C499\" alt=\"\" width=\"596\" height=\"444\" \/><\/a><\/p>\n<p style=\"text-align: center\">\n<!-- iframe plugin v.6.0 wordpress.org\/plugins\/iframe\/ -->\n<iframe loading=\"lazy\" src=\"\/\/www.slideshare.net\/slideshow\/embed_code\/key\/lF8OCLiLjGFxGX\" width=\"595\" height=\"485\" frameborder=\"0\" marginwidth=\"0\" marginheight=\"0\" scrolling=\"no\" style=\"border:1px solid #CCC; border-width:1px; margin-bottom:5px; max-width: 100%;\" 0=\"allowfullscreen\" 1=\"\/iframe\" class=\"iframe-class\"><\/iframe>\n<\/p>\n<hr \/>\n<p>&nbsp;<\/p>\n<p><a href=\"https:\/\/imgbox.es\/images\/2021\/04\/05\/caric_014cb9e8c856210c5b.jpg\"><img loading=\"lazy\" decoding=\"async\" class=\"alignnone\" src=\"https:\/\/imgbox.es\/images\/2021\/04\/05\/caric_014cb9e8c856210c5b.jpg\" alt=\"\" width=\"1187\" height=\"1701\" \/><\/a><\/p>\n<p style=\"text-align: center\"><a href=\"https:\/\/imgbox.es\/images\/2021\/04\/05\/caric_028beb192a094dd769.jpg\"><img loading=\"lazy\" decoding=\"async\" class=\"alignnone\" src=\"https:\/\/imgbox.es\/images\/2021\/04\/05\/caric_028beb192a094dd769.jpg\" alt=\"\" width=\"1155\" height=\"1664\" \/><\/a><\/p>\n<p style=\"text-align: center\"><span style=\"font-size: 14pt\"><em>Fonte: <strong>P\u00e1xines 36 y 37 de Tolina 6, editorial VTP<\/strong><\/em><\/span><\/p>\n<hr \/>\n<p>&nbsp;<\/p>\n","protected":false},"excerpt":{"rendered":"<p>La \u00a0 caricatura Una caricatura (del italiano caricare: cargar, exagerar) es un retrato que exagera o distorsiona la apariencia f\u00edsica de una o varias personas. Es en ocasiones un retrato de la sociedad reconocible, para crear un parecido f\u00e1cilmente identificable y, generalmente, humor\u00edstico. Tambi\u00e9n se usa, abundantemente en la historieta Naci\u00f3 en Bolonia a finales [&hellip;]<\/p>\n","protected":false},"author":117,"featured_media":0,"parent":3883,"menu_order":0,"comment_status":"closed","ping_status":"closed","template":"","meta":{"footnotes":""},"class_list":["post-4035","page","type-page","status-publish","hentry","post-preview"],"_links":{"self":[{"href":"https:\/\/edublog.educastur.es\/corredoria3\/wp-json\/wp\/v2\/pages\/4035","targetHints":{"allow":["GET"]}}],"collection":[{"href":"https:\/\/edublog.educastur.es\/corredoria3\/wp-json\/wp\/v2\/pages"}],"about":[{"href":"https:\/\/edublog.educastur.es\/corredoria3\/wp-json\/wp\/v2\/types\/page"}],"author":[{"embeddable":true,"href":"https:\/\/edublog.educastur.es\/corredoria3\/wp-json\/wp\/v2\/users\/117"}],"replies":[{"embeddable":true,"href":"https:\/\/edublog.educastur.es\/corredoria3\/wp-json\/wp\/v2\/comments?post=4035"}],"version-history":[{"count":6,"href":"https:\/\/edublog.educastur.es\/corredoria3\/wp-json\/wp\/v2\/pages\/4035\/revisions"}],"predecessor-version":[{"id":4044,"href":"https:\/\/edublog.educastur.es\/corredoria3\/wp-json\/wp\/v2\/pages\/4035\/revisions\/4044"}],"up":[{"embeddable":true,"href":"https:\/\/edublog.educastur.es\/corredoria3\/wp-json\/wp\/v2\/pages\/3883"}],"wp:attachment":[{"href":"https:\/\/edublog.educastur.es\/corredoria3\/wp-json\/wp\/v2\/media?parent=4035"}],"curies":[{"name":"wp","href":"https:\/\/api.w.org\/{rel}","templated":true}]}}