{"id":4188,"date":"2021-04-15T23:57:33","date_gmt":"2021-04-15T21:57:33","guid":{"rendered":"https:\/\/edublog.educastur.es\/corredoria3\/?page_id=4188"},"modified":"2021-04-15T23:57:33","modified_gmt":"2021-04-15T21:57:33","slug":"practicas","status":"publish","type":"page","link":"https:\/\/edublog.educastur.es\/corredoria3\/6o-pri\/cultura-asturiana\/practicas\/","title":{"rendered":"Pr\u00e1cticas"},"content":{"rendered":"<p><a href=\"https:\/\/imgbox.es\/images\/2021\/04\/15\/IMG_20210413_124316a05304d08891041f.jpg\"><img loading=\"lazy\" decoding=\"async\" class=\"alignnone\" src=\"https:\/\/imgbox.es\/images\/2021\/04\/15\/IMG_20210413_124316a05304d08891041f.jpg\" alt=\"\" width=\"2689\" height=\"3797\" \/><\/a><\/p>\n<p><span style=\"color: #008080\"><em><span style=\"font-size: 14pt\">Hacer ficha de lectura de un libro que te guste, <\/span><\/em><\/span><br \/>\n<span style=\"color: #008080\"><em><span style=\"font-size: 14pt\">que est\u00e9s leyendo ahora o hayas le\u00eddo hace tiempo&#8230; <\/span><\/em><\/span><\/p>\n<p><span style=\"color: #008080\"><em><span style=\"font-size: 14pt\">Da igual que el libro est\u00e9 escrito en castellano,<br \/>\nen asturiano o en ingl\u00e9s, <\/span><\/em><\/span><br \/>\n<span style=\"color: #008080\"><em><span style=\"font-size: 14pt\">que sea en prosa, de poes\u00eda o formato c\u00f3mic&#8230;<\/span><\/em><\/span><\/p>\n<ul>\n<li><span style=\"text-decoration: underline\"><span style=\"color: #008080\"><strong><em><span style=\"font-size: 14pt\">Completar la ficha en asturiano.<\/span><\/em><\/strong><\/span><\/span><br \/>\n<strong><em><span style=\"font-size: 14pt\">Si tienes dudas o necesitas ayuda,<br \/>\npuedes emplear el <a href=\"http:\/\/eslema.uniovi.es\/comun\/traductor_avanzado.php?texto_textarea=Componga,%20copie%20o%20pegue%20aqu%C3%AD%20el%20texto%20que%20desea%20traducir.&amp;output_ant=\"><span style=\"color: #008080\">Traductor \u00abeslema\u00bb en este enlace<\/span><\/a><\/span><\/em><\/strong><\/li>\n<li><span style=\"font-size: 18pt\"><a href=\"http:\/\/eslema.uniovi.es\/comun\/traductor_avanzado.php?texto_textarea=Componga,%20copie%20o%20pegue%20aqu%C3%AD%20el%20texto%20que%20desea%20traducir.&amp;output_ant=\"><span style=\"color: #008080\"><strong><em>www.eslema.uniovi.es<\/em><\/strong><\/span><\/a><\/span><\/li>\n<li><em><span style=\"font-size: 14pt\">Recuerda revisar el texto y corregir manualmente<\/span><\/em><br \/>\n<em><span style=\"font-size: 14pt\">aquellas expresiones o verbos que no han quedado bien<\/span><\/em><br \/>\n<em><span style=\"font-size: 14pt\"> traducidas.<\/span><\/em><\/li>\n<\/ul>\n<p>&nbsp;<\/p>\n<hr \/>\n<p>&nbsp;<\/p>\n","protected":false},"excerpt":{"rendered":"<p>Hacer ficha de lectura de un libro que te guste, que est\u00e9s leyendo ahora o hayas le\u00eddo hace tiempo&#8230; Da igual que el libro est\u00e9 escrito en castellano, en asturiano o en ingl\u00e9s, que sea en prosa, de poes\u00eda o formato c\u00f3mic&#8230; Completar la ficha en asturiano. Si tienes dudas o necesitas ayuda, puedes emplear [&hellip;]<\/p>\n","protected":false},"author":117,"featured_media":0,"parent":1058,"menu_order":0,"comment_status":"closed","ping_status":"closed","template":"","meta":{"footnotes":""},"class_list":["post-4188","page","type-page","status-publish","hentry","post-preview"],"_links":{"self":[{"href":"https:\/\/edublog.educastur.es\/corredoria3\/wp-json\/wp\/v2\/pages\/4188","targetHints":{"allow":["GET"]}}],"collection":[{"href":"https:\/\/edublog.educastur.es\/corredoria3\/wp-json\/wp\/v2\/pages"}],"about":[{"href":"https:\/\/edublog.educastur.es\/corredoria3\/wp-json\/wp\/v2\/types\/page"}],"author":[{"embeddable":true,"href":"https:\/\/edublog.educastur.es\/corredoria3\/wp-json\/wp\/v2\/users\/117"}],"replies":[{"embeddable":true,"href":"https:\/\/edublog.educastur.es\/corredoria3\/wp-json\/wp\/v2\/comments?post=4188"}],"version-history":[{"count":1,"href":"https:\/\/edublog.educastur.es\/corredoria3\/wp-json\/wp\/v2\/pages\/4188\/revisions"}],"predecessor-version":[{"id":4189,"href":"https:\/\/edublog.educastur.es\/corredoria3\/wp-json\/wp\/v2\/pages\/4188\/revisions\/4189"}],"up":[{"embeddable":true,"href":"https:\/\/edublog.educastur.es\/corredoria3\/wp-json\/wp\/v2\/pages\/1058"}],"wp:attachment":[{"href":"https:\/\/edublog.educastur.es\/corredoria3\/wp-json\/wp\/v2\/media?parent=4188"}],"curies":[{"name":"wp","href":"https:\/\/api.w.org\/{rel}","templated":true}]}}