{"id":4285,"date":"2021-04-30T13:54:39","date_gmt":"2021-04-30T11:54:39","guid":{"rendered":"https:\/\/edublog.educastur.es\/corredoria3\/?page_id=4285"},"modified":"2021-05-07T17:08:11","modified_gmt":"2021-05-07T15:08:11","slug":"espoxiga","status":"publish","type":"page","link":"https:\/\/edublog.educastur.es\/corredoria3\/3o-pri\/cultura-asturiana\/tercer-trimestre\/espoxiga\/","title":{"rendered":"Canciones: Espoxiga y Bichos fuera.."},"content":{"rendered":"<p style=\"text-align: center\">\n<!-- iframe plugin v.6.0 wordpress.org\/plugins\/iframe\/ -->\n<iframe loading=\"lazy\" width=\"100%\" height=\"364\" src=\"https:\/\/www.youtube.com\/embed\/VDfx8NCwHmw\" scrolling=\"yes\" class=\"iframe-class\" frameborder=\"0\"><\/iframe>\n<\/p>\n<ul>\n<li><a href=\"https:\/\/www.youtube.com\/watch?v=VDfx8NCwHmw\">Ver en Youtube<\/a><\/li>\n<li>de Mar \u00c1lvarez y Pablo Quiroga<\/li>\n<li>Espoxiga! ye&#8217;l tema promocional del VI D\u00eda de la Reciella, que se celebra&#8217;l domingu 7 d&#8217;ochobre de 2018 nel Mus\u00e9u del Pueblu d&#8217;Asturies de Xix\u00f3n.<\/li>\n<\/ul>\n<p>&nbsp;<\/p>\n<hr \/>\n<div class=\"articulo-block-title\">\n<h2 class=\"page-title\" style=\"text-align: center\"><em><span style=\"color: #008080;font-size: 18pt\">Campa\u00f1a \u00ab\u00a1L\u00e1vate las manos! Bichos fuera\u00bb <\/span><\/em><\/h2>\n<h2 class=\"page-title\" style=\"text-align: center\"><span style=\"text-decoration: underline\"><em><span style=\"font-size: 18pt\"><a href=\"https:\/\/www.educastur.es\/-\/campana-lavate-las-manos-bichos-fuera-de-la-consejeria-de-salud?redirect=https%3A%2F%2Fwww.educastur.es%2Finicio%3Fp_p_id%3D101_INSTANCE_QSFUm4QpFZ6Q%26p_p_lifecycle%3D0%26p_p_state%3Dnormal%26p_p_mode%3Dview%26p_p_col_id%3Dcolumn-1%26p_p_col_pos%3D6%26p_p_col_count%3D24\">Enlace Educastur<\/a><\/span><\/em><\/span><\/h2>\n<p style=\"text-align: center\"><img decoding=\"async\" class=\"aligncenter\" src=\"https:\/\/www.educastur.es\/documents\/10531\/8890638\/cabecera-bichosfuera.jpg\/e6c0768a-7893-4d59-ac12-c9bd736d8630?t=1620202951297\" alt=\"\" \/><br \/>\n\n<!-- iframe plugin v.6.0 wordpress.org\/plugins\/iframe\/ -->\n<iframe loading=\"lazy\" width=\"100%\" height=\"315\" src=\"https:\/\/www.youtube.com\/embed\/vU1Kphiukdw\" 0=\"\/iframe\" scrolling=\"yes\" class=\"iframe-class\" frameborder=\"0\"><\/iframe>\n<\/p>\n<p style=\"text-align: center\">\n<!-- iframe plugin v.6.0 wordpress.org\/plugins\/iframe\/ -->\n<iframe loading=\"lazy\" src=\"https:\/\/drive.google.com\/file\/d\/1VECqCX-57AG__WIeXunmADDYOe17SF_w\/preview\" width=\"640\" height=\"900\" 0=\"\/iframe\" scrolling=\"yes\" class=\"iframe-class\" frameborder=\"0\"><\/iframe>\n<\/p>\n<p>Esta campa\u00f1a, dirigida a la poblaci\u00f3n infantil, es pionera en Asturias y cuenta con varios<strong> materiales did\u00e1cticos especialmente creados<\/strong> para motivar al alumnado durante la jornada: videoclip musical con la canci\u00f3n original en asturiano \u00abBichos Fuera\u00bb protagonizado por escolares de Infantil y Primaria de la ense\u00f1anza p\u00fablica, un juego colaborativo y recortables sobre los pasos del lavado de manos, entre otros materiales.<\/p>\n<p>Todos los materiales destacan la importancia de una buena higiene de manos para prevenir las infecciones, cu\u00e1les son los pasos correctos a seguir y el valor colectivo de incorporar esta rutina de higiene en el \u00e1mbito escolar y dom\u00e9stico.<\/p>\n<p><strong>Descarga de materiales<\/strong><\/p>\n<ul>\n<li><span style=\"font-size: 14pt\"><a href=\"http:\/\/www.entendercovid.es\/wp-content\/uploads\/2021\/05\/GUIA-ACTIVIDADES-LAVADO-DE-MANOS.pdf\" target=\"_blank\" rel=\"noopener\">Descargar la <strong>Gu\u00eda de Actividades y recursos para el aula<\/strong><\/a> (pdf)<\/span><\/li>\n<li><span style=\"font-size: 14pt\"><a href=\"http:\/\/www.entendercovid.es\/wp-content\/CANCION-BICHOS-FUERA.pdf\" target=\"_blank\" rel=\"noopener\"><strong>Descargar letra<\/strong> y partituras de la canci\u00f3n \u00abBichos fuera\u00bb<\/a> (pdf)<\/span><\/li>\n<li><span style=\"font-size: 14pt\"><a href=\"http:\/\/Descargar el audio de la canci\u00f3n &quot;Bichos fuera&quot;\" target=\"_blank\" rel=\"noopener\">Descargar el audio de la canci\u00f3n \u00abBichos fuera\u00bb <\/a>(wav)<\/span><\/li>\n<li><span style=\"font-size: 14pt\"><a href=\"http:\/\/www.entendercovid.es\/wp-content\/INFOGRAFIA-LAVADO-DE-MANOS-04.jpg\" target=\"_blank\" rel=\"noopener\">Descargar <strong>cartel de los 6 pasos del lavado de manos<\/strong><\/a> (jpg)<\/span><\/li>\n<li><span style=\"font-size: 14pt\"><a href=\"http:\/\/www.entendercovid.es\/wp-content\/JUEGO-BICHOS-FUERA.pdf\" target=\"_blank\" rel=\"noopener\">Descargar instrucciones de juego y baraja para imprimir <\/a>(pdf)<\/span><\/li>\n<li><span style=\"font-size: 14pt\"><a href=\"http:\/\/www.entendercovid.es\/wp-content\/RECORTABLES-LAVADO-DE-MANOS.pdf\" target=\"_blank\" rel=\"noopener\">Descargar recortables para colorear<\/a> (pdf)<\/span><\/li>\n<\/ul>\n<p>&nbsp;<\/p>\n<\/div>\n","protected":false},"excerpt":{"rendered":"<p>Ver en Youtube de Mar \u00c1lvarez y Pablo Quiroga Espoxiga! ye&#8217;l tema promocional del VI D\u00eda de la Reciella, que se celebra&#8217;l domingu 7 d&#8217;ochobre de 2018 nel Mus\u00e9u del Pueblu d&#8217;Asturies de Xix\u00f3n. &nbsp; Campa\u00f1a \u00ab\u00a1L\u00e1vate las manos! Bichos fuera\u00bb Enlace Educastur Esta campa\u00f1a, dirigida a la poblaci\u00f3n infantil, es pionera en Asturias y [&hellip;]<\/p>\n","protected":false},"author":117,"featured_media":0,"parent":3877,"menu_order":0,"comment_status":"closed","ping_status":"closed","template":"","meta":{"footnotes":""},"class_list":["post-4285","page","type-page","status-publish","hentry","post-preview"],"_links":{"self":[{"href":"https:\/\/edublog.educastur.es\/corredoria3\/wp-json\/wp\/v2\/pages\/4285","targetHints":{"allow":["GET"]}}],"collection":[{"href":"https:\/\/edublog.educastur.es\/corredoria3\/wp-json\/wp\/v2\/pages"}],"about":[{"href":"https:\/\/edublog.educastur.es\/corredoria3\/wp-json\/wp\/v2\/types\/page"}],"author":[{"embeddable":true,"href":"https:\/\/edublog.educastur.es\/corredoria3\/wp-json\/wp\/v2\/users\/117"}],"replies":[{"embeddable":true,"href":"https:\/\/edublog.educastur.es\/corredoria3\/wp-json\/wp\/v2\/comments?post=4285"}],"version-history":[{"count":9,"href":"https:\/\/edublog.educastur.es\/corredoria3\/wp-json\/wp\/v2\/pages\/4285\/revisions"}],"predecessor-version":[{"id":4382,"href":"https:\/\/edublog.educastur.es\/corredoria3\/wp-json\/wp\/v2\/pages\/4285\/revisions\/4382"}],"up":[{"embeddable":true,"href":"https:\/\/edublog.educastur.es\/corredoria3\/wp-json\/wp\/v2\/pages\/3877"}],"wp:attachment":[{"href":"https:\/\/edublog.educastur.es\/corredoria3\/wp-json\/wp\/v2\/media?parent=4285"}],"curies":[{"name":"wp","href":"https:\/\/api.w.org\/{rel}","templated":true}]}}