{"id":4457,"date":"2021-05-16T11:28:48","date_gmt":"2021-05-16T09:28:48","guid":{"rendered":"https:\/\/edublog.educastur.es\/corredoria3\/?page_id=4457"},"modified":"2021-05-16T17:29:08","modified_gmt":"2021-05-16T15:29:08","slug":"ospa_gato-con-botas","status":"publish","type":"page","link":"https:\/\/edublog.educastur.es\/corredoria3\/musica\/ospa_gato-con-botas\/","title":{"rendered":"OSPA_GATO CON BOTAS"},"content":{"rendered":"<ul>\n<li><img loading=\"lazy\" decoding=\"async\" class=\"aligncenter\" src=\"https:\/\/ospaentuclase.es\/wp-content\/uploads\/2021\/04\/gato_entuclase.png\" width=\"235\" height=\"260\" \/><span style=\"color: #800000\"><em><span style=\"font-size: 14pt\"><a style=\"color: #800000\" href=\"https:\/\/ospaentuclase.es\/\">OSPA EN TU CLASE<\/a><\/span><\/em><\/span><\/li>\n<li><a href=\"https:\/\/ospaentuclase.es\/proyectos\/el-gato-con-botas\/\"><em><strong><span style=\"color: #008080;font-size: 14pt\">Proyecto EL GATO CON BOTAS<\/span><\/strong><\/em><\/a><\/li>\n<li><a href=\"https:\/\/ospaentuclase.es\/proyectos\/el-gato-con-botas\/login\/\">materiales<\/a><\/li>\n<li><em><span style=\"font-size: 14pt\">Contrase\u00f1a: <span style=\"color: #808080\">gatoconbotas<\/span> (corredoria3@)<\/span><\/em><\/li>\n<\/ul>\n<hr \/>\n<ul>\n<li><a href=\"https:\/\/vimeo.com\/544340620\">TRAILER GLOBAL Vimeo<\/a><\/li>\n<\/ul>\n<p><iframe loading=\"lazy\" title=\"TR&amp;Aacute;ILER &amp;middot; El gato con botas &amp;middot; OSPAentuclase.es\" src=\"https:\/\/player.vimeo.com\/video\/544340620?dnt=1&amp;app_id=122963\" width=\"676\" height=\"380\" frameborder=\"0\" allow=\"autoplay; fullscreen; picture-in-picture\" allowfullscreen><\/iframe><\/p>\n<ul>\n<li><span style=\"font-size: 14pt;color: #008080\"><em>Gu\u00eda Did\u00e1ctica: <\/em><\/span><span style=\"font-size: 14pt\"><a href=\"https:\/\/www.ospaentuclase.es\/adjuntos\/El_gatu_con_botes_asturiano.pdf\">Asturiano<\/a> \/<a href=\"https:\/\/www.ospaentuclase.es\/adjuntos\/El_gato_con_botas_castellano.pdf\"> <em>Castellano<\/em><\/a><\/span><\/li>\n<li>REPRESENTACI\u00d3N: <a href=\"https:\/\/we.tl\/t-6A5TV2VPEA\">Asturiano HD<\/a> \/ <a href=\"https:\/\/we.tl\/t-f81YM2Qver\">Asturiano<\/a> \/<a href=\"https:\/\/ospaentuclase.es\/proyectos\/el-gato-con-botas\/login\/asturiano\/\"> Online<\/a><\/li>\n<li><a href=\"https:\/\/player.vimeo.com\/video\/536666256?autopause=0&amp;app_id=122963\">VER N\u00b4ASTURIANU<\/a><\/li>\n<li>REPRESENTACI\u00d3N: <a href=\"https:\/\/we.tl\/t-yyILug4u9k\">Castellano HD<\/a> \/<a href=\"https:\/\/we.tl\/t-1BckGQtJNz\"> Castellano<\/a> \/<a href=\"https:\/\/ospaentuclase.es\/proyectos\/el-gato-con-botas\/login\/castellano\/\">Online<\/a><\/li>\n<li>VER TODOS LOS AUDIOVISUALES: <a href=\"https:\/\/ospaentuclase.es\/proyectos\/el-gato-con-botas\/login\/audiovisuales-asturiano\/\">Asturiano<\/a> \/ <a href=\"https:\/\/ospaentuclase.es\/proyectos\/el-gato-con-botas\/login\/audiovisuales-cas\/\">Castellano<\/a><\/li>\n<\/ul>\n<hr \/>\n<p style=\"text-align: center\"><span style=\"color: #008080\"><strong><span style=\"text-decoration: underline\"><em><span style=\"font-size: 18pt\">E. Infantil y Primer Ciclo<\/span><\/em><\/span><\/strong><\/span><\/p>\n<ul>\n<li><span style=\"font-size: 14pt\"><a href=\"https:\/\/ospaentuclase.es\/proyectos\/el-gato-con-botas\/login\/infantil-primaria-ast\/\">Ver Asturiano<\/a><\/span><\/li>\n<li><a href=\"https:\/\/ospaentuclase.es\/proyectos\/el-gato-con-botas\/login\/infantil-primaria-cas\/\"><span style=\"font-size: 14pt\">Ver castellano<\/span><\/a><\/li>\n<\/ul>\n<p style=\"text-align: center\"><span style=\"text-decoration: underline;color: #008080\"><strong><span style=\"font-size: 18pt\"><em>Segundo Ciclo Primaria<\/em><\/span><\/strong><\/span><\/p>\n<ul>\n<li><span style=\"font-size: 14pt\"><a href=\"https:\/\/ospaentuclase.es\/proyectos\/el-gato-con-botas\/login\/primaria-c2-ast\/\">Ver Asturiano<\/a><\/span><\/li>\n<li><a href=\"https:\/\/ospaentuclase.es\/proyectos\/el-gato-con-botas\/login\/primaria-c2-cas\/\"><span style=\"font-size: 14pt\">Ver Castellano<\/span><\/a><\/li>\n<\/ul>\n<p style=\"text-align: center\"><a href=\"https:\/\/ospaentuclase.es\/proyectos\/el-gato-con-botas\/login\/primaria-c3-ast\/\"><span style=\"text-decoration: underline;color: #008080\"><strong><span style=\"font-size: 18pt\"><em>Tercer Ciclo Primaria<\/em><\/span><\/strong><\/span><\/a><\/p>\n<ul>\n<li><span style=\"font-size: 14pt\"><a href=\"https:\/\/ospaentuclase.es\/proyectos\/el-gato-con-botas\/login\/primaria-c3-ast\/\">Ver Asturiano<\/a><\/span><\/li>\n<li><a href=\"https:\/\/ospaentuclase.es\/proyectos\/el-gato-con-botas\/login\/primaria-c3-cas\/\"><span style=\"font-size: 14pt\">Ver Castellano<\/span><\/a><\/li>\n<\/ul>\n<p style=\"text-align: center\"><span style=\"text-decoration: underline\"><span style=\"color: #008080\"><em><strong><span style=\"font-size: 18pt\">ESO<\/span><\/strong><\/em><\/span><\/span><\/p>\n<ul>\n<li><span style=\"font-size: 14pt\"><a href=\"https:\/\/ospaentuclase.es\/proyectos\/el-gato-con-botas\/login\/eso-ast\/\">Ver Asturiano<\/a><\/span><\/li>\n<li><a href=\"https:\/\/ospaentuclase.es\/proyectos\/el-gato-con-botas\/login\/eso-cas\/\"><span style=\"font-size: 14pt\">Ver Castellano<\/span><\/a><\/li>\n<\/ul>\n<p style=\"text-align: center\"><span style=\"text-decoration: underline\"><span style=\"font-size: 18pt;color: #008080\"><em><strong>BACHILLERATO<\/strong><\/em><\/span><\/span><\/p>\n<ul>\n<li><span style=\"font-size: 14pt\"><a href=\"https:\/\/ospaentuclase.es\/proyectos\/el-gato-con-botas\/login\/bachillerato-ast\/\">Ver Asturiano<\/a><\/span><\/li>\n<li><a href=\"https:\/\/ospaentuclase.es\/proyectos\/el-gato-con-botas\/login\/bachillerato-cas\/\"><span style=\"font-size: 14pt\">Ver Castellano<\/span><\/a><\/li>\n<\/ul>\n<hr \/>\n<p style=\"text-align: center\">\n","protected":false},"excerpt":{"rendered":"<p>OSPA EN TU CLASE Proyecto EL GATO CON BOTAS materiales Contrase\u00f1a: gatoconbotas (corredoria3@) TRAILER GLOBAL Vimeo Gu\u00eda Did\u00e1ctica: Asturiano \/ Castellano REPRESENTACI\u00d3N: Asturiano HD \/ Asturiano \/ Online VER N\u00b4ASTURIANU REPRESENTACI\u00d3N: Castellano HD \/ Castellano \/Online VER TODOS LOS AUDIOVISUALES: Asturiano \/ Castellano E. Infantil y Primer Ciclo Ver Asturiano Ver castellano Segundo Ciclo Primaria [&hellip;]<\/p>\n","protected":false},"author":117,"featured_media":0,"parent":24,"menu_order":0,"comment_status":"closed","ping_status":"closed","template":"","meta":{"footnotes":""},"class_list":["post-4457","page","type-page","status-publish","hentry","post-preview"],"_links":{"self":[{"href":"https:\/\/edublog.educastur.es\/corredoria3\/wp-json\/wp\/v2\/pages\/4457","targetHints":{"allow":["GET"]}}],"collection":[{"href":"https:\/\/edublog.educastur.es\/corredoria3\/wp-json\/wp\/v2\/pages"}],"about":[{"href":"https:\/\/edublog.educastur.es\/corredoria3\/wp-json\/wp\/v2\/types\/page"}],"author":[{"embeddable":true,"href":"https:\/\/edublog.educastur.es\/corredoria3\/wp-json\/wp\/v2\/users\/117"}],"replies":[{"embeddable":true,"href":"https:\/\/edublog.educastur.es\/corredoria3\/wp-json\/wp\/v2\/comments?post=4457"}],"version-history":[{"count":12,"href":"https:\/\/edublog.educastur.es\/corredoria3\/wp-json\/wp\/v2\/pages\/4457\/revisions"}],"predecessor-version":[{"id":4472,"href":"https:\/\/edublog.educastur.es\/corredoria3\/wp-json\/wp\/v2\/pages\/4457\/revisions\/4472"}],"up":[{"embeddable":true,"href":"https:\/\/edublog.educastur.es\/corredoria3\/wp-json\/wp\/v2\/pages\/24"}],"wp:attachment":[{"href":"https:\/\/edublog.educastur.es\/corredoria3\/wp-json\/wp\/v2\/media?parent=4457"}],"curies":[{"name":"wp","href":"https:\/\/api.w.org\/{rel}","templated":true}]}}