{"id":4641,"date":"2021-08-14T12:18:33","date_gmt":"2021-08-14T10:18:33","guid":{"rendered":"https:\/\/edublog.educastur.es\/corredoria3\/?page_id=4641"},"modified":"2021-08-14T12:18:33","modified_gmt":"2021-08-14T10:18:33","slug":"apps-educativas","status":"publish","type":"page","link":"https:\/\/edublog.educastur.es\/corredoria3\/educastur\/apps-educativas\/","title":{"rendered":"Apps Educativas"},"content":{"rendered":"<div class=\"articulo-block-title\">\n<h2 class=\"page-title\" style=\"text-align: center\"><span style=\"font-size: 18pt;color: #800080\"><em>\u00a0Aplicaci\u00f3n para consulta de informaci\u00f3n sobre el alumnado<\/em><\/span><\/h2>\n<\/div>\n<div class=\"articulo-block-content\">\n<p><a href=\"http:\/\/www62.asturias.es\/familias-app\" target=\"_blank\" rel=\"noopener\"><img loading=\"lazy\" decoding=\"async\" class=\"aligncenter\" src=\"https:\/\/www.educastur.es\/documents\/10531\/9062441\/2021-06-servicios-apps-educativas-familias-borde-1060.png\/09fcc41f-2291-4cf7-9a57-50b09ac3e00b?t=1624604820231\" alt=\"Apps educativas. Familias: aplicaci\u00f3n para consulta de informaci\u00f3n sobre el alumnado\" width=\"742\" height=\"339\" \/><\/a><\/p>\n<p><strong>Consultas e incidencias:<\/strong>\u00a0<u><a href=\"mailto:appseducativas@educastur.org\">appseducativas@educastur.org<\/a><\/u>\u00a0 &#8211;\u00a0\u00a0985 10 86 74 (UTI)<\/p>\n<p><span style=\"color: #800080\"><strong>APPS EDUCATIVAS<\/strong> es una aplicaci\u00f3n web que incluir\u00e1 diversos m\u00f3dulos relacionados con familias, alumnado, profesorado y comunicaci\u00f3n.<\/span><\/p>\n<p><u><a href=\"http:\/\/www62.asturias.es\/familias-app\" target=\"_blank\" rel=\"noopener\">Acceso a la aplicaci\u00f3n Apps educativas<\/a><\/u><\/p>\n<div class=\"portlet-msg-info\"><strong>NOTA.<\/strong> Compatible con las \u00faltimas versiones de los navegadores Chrome, Firefox y Edge. No compatible con Internet Explorer.<\/div>\n<p><strong>\u00a0<em>M\u00f3dulo FAMILIAS :<\/em><\/strong><em> Ahora mismo tienen a su disposici\u00f3n la fase inicial del m\u00f3dulo de familias que incluye:<\/em><\/p>\n<ul>\n<li><em>Informaci\u00f3n del alumno y de la alumna.<\/em><\/li>\n<li><em>Horario escolar.<\/em><\/li>\n<li><em>Faltas de asistencia y notas.<\/em><\/li>\n<\/ul>\n<p>NOTA!! Para acceder a esta plataforma<a href=\"https:\/\/clave.gob.es\/clave_Home\/clave.html\"><strong> es necesario estar registrado en la plataforma cl@ve <\/strong><\/a>del Gobierno de Espa\u00f1a.<\/p>\n<p><strong>AYUDA sobre la aplicaci\u00f3n: <\/strong>Cuatro v\u00eddeos breves de ayuda sobre la aplicaci\u00f3n: presentaci\u00f3n y acceso, informaci\u00f3n sobre el alumno o la alumna, horarios y notas, faltas de asistencia.<\/p>\n<p><a href=\"https:\/\/youtu.be\/b-rJOMMEwpw\" target=\"_blank\" rel=\"noopener\">V\u00cdDEO 1. Presentaci\u00f3n y autenticaci\u00f3n<\/a> (acceso)<\/p>\n<p style=\"text-align: center\">\n<!-- iframe plugin v.6.0 wordpress.org\/plugins\/iframe\/ -->\n<iframe loading=\"lazy\" width=\"100%\" height=\"364\" src=\"https:\/\/www.youtube.com\/embed\/b-rJOMMEwpw\" scrolling=\"yes\" class=\"iframe-class\" frameborder=\"0\"><\/iframe>\n<\/p>\n<p><a href=\"https:\/\/youtu.be\/_Qw99tf0EQs\" target=\"_blank\" rel=\"noopener\">V\u00cdDEO 2. Informaci\u00f3n del alumno o de la alumna<\/a><\/p>\n<p style=\"text-align: center\">\n<!-- iframe plugin v.6.0 wordpress.org\/plugins\/iframe\/ -->\n<iframe loading=\"lazy\" width=\"100%\" height=\"364\" src=\"https:\/\/www.youtube.com\/embed\/_Qw99tf0EQs\" scrolling=\"yes\" class=\"iframe-class\" frameborder=\"0\"><\/iframe>\n<\/p>\n<p><a href=\"https:\/\/youtu.be\/CJV22mUAbAo\" target=\"_blank\" rel=\"noopener\">VIDEO 3. Horario escolar y notas<\/a><\/p>\n<p style=\"text-align: center\">\n<!-- iframe plugin v.6.0 wordpress.org\/plugins\/iframe\/ -->\n<iframe loading=\"lazy\" width=\"100%\" height=\"364\" src=\"https:\/\/www.youtube.com\/embed\/CJV22mUAbAo\" scrolling=\"yes\" class=\"iframe-class\" frameborder=\"0\"><\/iframe>\n<\/p>\n<p><a href=\"https:\/\/youtu.be\/lhR9eEKOqC0\" target=\"_blank\" rel=\"noopener\">V\u00cdDEO 4. Faltas de asistencia<\/a><\/p>\n<p style=\"text-align: center\">\n<!-- iframe plugin v.6.0 wordpress.org\/plugins\/iframe\/ -->\n<iframe loading=\"lazy\" width=\"100%\" height=\"364\" src=\"https:\/\/www.youtube.com\/embed\/lhR9eEKOqC0\" scrolling=\"yes\" class=\"iframe-class\" frameborder=\"0\"><\/iframe>\n<\/p>\n<p style=\"text-align: center\"><a href=\"https:\/\/youtube.com\/playlist?list=PLt27uEFL9ZHG4JNOJ4C4LTYwwJOc4hS_p\" target=\"_blank\" rel=\"noopener\">Lista de reproducci\u00f3n en en Canal Educastur<\/a> (Youtube)<\/p>\n<p style=\"text-align: center\">Consultas e incidencias: 985 10 86 74 (UTI) \/\u00a0<u><a href=\"mailto:appseducativas@educastur.org\">appseducativas@educastur.org<\/a><\/u><\/p>\n<\/div>\n","protected":false},"excerpt":{"rendered":"<p>\u00a0Aplicaci\u00f3n para consulta de informaci\u00f3n sobre el alumnado Consultas e incidencias:\u00a0appseducativas@educastur.org\u00a0 &#8211;\u00a0\u00a0985 10 86 74 (UTI) APPS EDUCATIVAS es una aplicaci\u00f3n web que incluir\u00e1 diversos m\u00f3dulos relacionados con familias, alumnado, profesorado y comunicaci\u00f3n. Acceso a la aplicaci\u00f3n Apps educativas NOTA. Compatible con las \u00faltimas versiones de los navegadores Chrome, Firefox y Edge. No compatible con [&hellip;]<\/p>\n","protected":false},"author":117,"featured_media":0,"parent":352,"menu_order":0,"comment_status":"closed","ping_status":"closed","template":"","meta":{"footnotes":""},"class_list":["post-4641","page","type-page","status-publish","hentry","post-preview"],"_links":{"self":[{"href":"https:\/\/edublog.educastur.es\/corredoria3\/wp-json\/wp\/v2\/pages\/4641","targetHints":{"allow":["GET"]}}],"collection":[{"href":"https:\/\/edublog.educastur.es\/corredoria3\/wp-json\/wp\/v2\/pages"}],"about":[{"href":"https:\/\/edublog.educastur.es\/corredoria3\/wp-json\/wp\/v2\/types\/page"}],"author":[{"embeddable":true,"href":"https:\/\/edublog.educastur.es\/corredoria3\/wp-json\/wp\/v2\/users\/117"}],"replies":[{"embeddable":true,"href":"https:\/\/edublog.educastur.es\/corredoria3\/wp-json\/wp\/v2\/comments?post=4641"}],"version-history":[{"count":2,"href":"https:\/\/edublog.educastur.es\/corredoria3\/wp-json\/wp\/v2\/pages\/4641\/revisions"}],"predecessor-version":[{"id":4643,"href":"https:\/\/edublog.educastur.es\/corredoria3\/wp-json\/wp\/v2\/pages\/4641\/revisions\/4643"}],"up":[{"embeddable":true,"href":"https:\/\/edublog.educastur.es\/corredoria3\/wp-json\/wp\/v2\/pages\/352"}],"wp:attachment":[{"href":"https:\/\/edublog.educastur.es\/corredoria3\/wp-json\/wp\/v2\/media?parent=4641"}],"curies":[{"name":"wp","href":"https:\/\/api.w.org\/{rel}","templated":true}]}}