{"id":4653,"date":"2021-08-15T17:17:00","date_gmt":"2021-08-15T15:17:00","guid":{"rendered":"https:\/\/edublog.educastur.es\/corredoria3\/?page_id=4653"},"modified":"2021-08-15T17:18:51","modified_gmt":"2021-08-15T15:18:51","slug":"directrices-ifla-biblios","status":"publish","type":"page","link":"https:\/\/edublog.educastur.es\/corredoria3\/biblioteca\/directrices-ifla-biblios\/","title":{"rendered":"Directrices IFLA Biblios"},"content":{"rendered":"<div class=\"kvgmc6g5 cxmmr5t8 oygrvhab hcukyx3x c1et5uql ii04i59q\">\n<div dir=\"auto\"><a href=\"https:\/\/drive.google.com\/file\/d\/1jbGWA8oCNXKgTFbc_h_qY5t3XuFjVa9g\/preview\"><strong><span style=\"color: #008080\">2\u00aa edici\u00f3n de las Directrices de la IFLA para Bibliotecas Escolares<\/span><\/strong><\/a>. Las bibliotecas escolares son fundamentales para llegar a una sociedad lectora y bien informada. <span style=\"color: #008080\">Tres pilares b\u00e1sicos en colaboraci\u00f3n: familia, bibliotecas escolares y bibliotecas p\u00fablicas.<\/span><\/div>\n<\/div>\n<div class=\"o9v6fnle cxmmr5t8 oygrvhab hcukyx3x c1et5uql ii04i59q\">\n<ul>\n<li><a href=\"https:\/\/www.ifla.org\/files\/assets\/school-libraries-resource-centers\/publications\/ifla-school-library-guidelines-es.pdf?fbclid=IwAR3Fnp__JEMz4ZNvUAMGX7BfkgWMDhTxphm1jed2J8SNKyeE1hGRCs1R-z0\">Os dejamos el enlace<\/a><\/li>\n<li><\/li>\n<\/ul>\n<\/div>\n<p style=\"text-align: center\">\n<!-- iframe plugin v.6.0 wordpress.org\/plugins\/iframe\/ -->\n<iframe loading=\"lazy\" src=\"https:\/\/drive.google.com\/file\/d\/1jbGWA8oCNXKgTFbc_h_qY5t3XuFjVa9g\/preview\" width=\"640\" height=\"900\" allow=\"autoplay\" 0=\"\/iframe\" scrolling=\"yes\" class=\"iframe-class\" frameborder=\"0\"><\/iframe>\n<\/p>\n","protected":false},"excerpt":{"rendered":"<p>2\u00aa edici\u00f3n de las Directrices de la IFLA para Bibliotecas Escolares. Las bibliotecas escolares son fundamentales para llegar a una sociedad lectora y bien informada. Tres pilares b\u00e1sicos en colaboraci\u00f3n: familia, bibliotecas escolares y bibliotecas p\u00fablicas. Os dejamos el enlace<\/p>\n","protected":false},"author":117,"featured_media":0,"parent":19,"menu_order":0,"comment_status":"closed","ping_status":"closed","template":"","meta":{"footnotes":""},"class_list":["post-4653","page","type-page","status-publish","hentry","post-preview"],"_links":{"self":[{"href":"https:\/\/edublog.educastur.es\/corredoria3\/wp-json\/wp\/v2\/pages\/4653","targetHints":{"allow":["GET"]}}],"collection":[{"href":"https:\/\/edublog.educastur.es\/corredoria3\/wp-json\/wp\/v2\/pages"}],"about":[{"href":"https:\/\/edublog.educastur.es\/corredoria3\/wp-json\/wp\/v2\/types\/page"}],"author":[{"embeddable":true,"href":"https:\/\/edublog.educastur.es\/corredoria3\/wp-json\/wp\/v2\/users\/117"}],"replies":[{"embeddable":true,"href":"https:\/\/edublog.educastur.es\/corredoria3\/wp-json\/wp\/v2\/comments?post=4653"}],"version-history":[{"count":4,"href":"https:\/\/edublog.educastur.es\/corredoria3\/wp-json\/wp\/v2\/pages\/4653\/revisions"}],"predecessor-version":[{"id":4658,"href":"https:\/\/edublog.educastur.es\/corredoria3\/wp-json\/wp\/v2\/pages\/4653\/revisions\/4658"}],"up":[{"embeddable":true,"href":"https:\/\/edublog.educastur.es\/corredoria3\/wp-json\/wp\/v2\/pages\/19"}],"wp:attachment":[{"href":"https:\/\/edublog.educastur.es\/corredoria3\/wp-json\/wp\/v2\/media?parent=4653"}],"curies":[{"name":"wp","href":"https:\/\/api.w.org\/{rel}","templated":true}]}}