{"id":4870,"date":"2021-09-29T14:24:25","date_gmt":"2021-09-29T12:24:25","guid":{"rendered":"https:\/\/edublog.educastur.es\/corredoria3\/?page_id=4870"},"modified":"2021-10-14T12:08:32","modified_gmt":"2021-10-14T10:08:32","slug":"indumentaria-2021","status":"publish","type":"page","link":"https:\/\/edublog.educastur.es\/corredoria3\/5o-pri\/cultura-asturiana\/2122_primer-tri\/indumentaria-2021\/","title":{"rendered":"Indumentaria 2021"},"content":{"rendered":"<ul>\n<li><span style=\"color: #800080\"><strong>Actividades cole 2021<\/strong><\/span>: <a href=\"https:\/\/educastur-my.sharepoint.com\/:w:\/g\/personal\/isabellh_educastur_org\/EVbR8ml_C5pIlbhudN3LEEcB6HHhYsnRIux29eRDxXJ_DA?e=f7h2Vf\">Hoja 1<\/a> \/ <a href=\"https:\/\/educastur-my.sharepoint.com\/:w:\/g\/personal\/isabellh_educastur_org\/EUWjCQKTHFtMud145KtQMLYBVyJPv7ta_mBSYwdjlesv8w?e=usE6oW\">Hoja 2<\/a> \/<\/li>\n<li><a href=\"https:\/\/educastur-my.sharepoint.com\/:f:\/g\/personal\/isabellh_educastur_org\/Ek4xHPMKc-9Cu_N1nBFZRRsBA1zRsb7a0spN5F_uxIeM7w?e=U5aKOW\"><span style=\"color: #800080\"><em>CARPETA PROFES con documentaci\u00f3n<\/em><\/span><\/a><\/li>\n<\/ul>\n<p><a href=\"https:\/\/tinypix.top\/images\/2021\/10\/02\/v6QJU.jpg\"><img loading=\"lazy\" decoding=\"async\" class=\"alignnone\" src=\"https:\/\/tinypix.top\/images\/2021\/10\/02\/v6QJU.jpg\" alt=\"\" width=\"309\" height=\"433\" \/><\/a> \/<a href=\"https:\/\/tinypix.top\/images\/2021\/10\/02\/v6oC5.jpg\"><img loading=\"lazy\" decoding=\"async\" class=\"alignnone\" src=\"https:\/\/tinypix.top\/images\/2021\/10\/02\/v6oC5.jpg\" alt=\"\" width=\"310\" height=\"434\" \/><\/a><\/p>\n<ul>\n<li><a href=\"https:\/\/edublog.educastur.es\/corredoria3\/5o-pri\/cultura-asturiana\/primer-trimestre\/sesion-01\/\">Enlace a Sesi\u00f3n de Indumentaria 2020<\/a><\/li>\n<li><span style=\"text-decoration: underline\"><span style=\"color: #800080\"><strong>Domingu 26 Setiembre 2021<\/strong><\/span><\/span><\/li>\n<li><span style=\"color: #008080\"><strong>Indumentaria. D\u00eda del Traxe<\/strong><\/span>: <a href=\"https:\/\/indumentaria.com.es\/?fbclid=IwAR09xK1UP5Qh0ReqdHd_PQBuaMpYHv1k3YgDFQs3hrNUCuKvY7TP4QhR-9A\">Web<\/a> \/ <a href=\"https:\/\/www.facebook.com\/concursuindumentaria\">Facebook<\/a><\/li>\n<li>Fotos: <a href=\"https:\/\/www.elcomercio.es\/centro\/grado-celebra-dial-traxel-pais-20210926164927-ga.html?vca=dgtk-rrss-ecm&amp;vso=fb&amp;vmc=social&amp;vli=ecm&amp;_tcode=bHc3cWQx&amp;fbclid=IwAR1JteOWI3Ux27OFphrEwBk-ptizcV6tyYmC9YM1SJGZkmgep_ohJiHV1fI\">El Comercio<\/a> \/<a href=\"https:\/\/educastur-my.sharepoint.com\/:f:\/g\/personal\/isabellh_educastur_org\/EpFOgMmVg3pPjeyZynBrbeEBr87yxCD1fXrPIP3GkHDNsw?e=yxSzFl\"><strong> Fotos Ojo de Hojalata<\/strong><\/a> \/\u00a0 <a href=\"https:\/\/educastur-my.sharepoint.com\/:f:\/g\/personal\/isabellh_educastur_org\/EiFAyTzCkjdDqzahNkBUvwUBB3MKONd8KOgXxhlSgwfd6g?e=uSjZce\"><span style=\"color: #800080\"><em>VER FOTOS 2021<\/em><\/span><\/a><\/li>\n<li><strong>Art\u00edculos: <a href=\"https:\/\/www.nortes.me\/2021\/09\/26\/grau-pon-el-paxellu-y-presume-dasturiania\/?fbclid=IwAR256uojUVxUNngDpjWgBAG7KvMEmTpFqFwuROCOyx7deDL1bIUtRsjl8AQ\">Nortes.me<\/a> \/<a href=\"https:\/\/lavozdeltrubia.es\/2021\/09\/27\/marcos-luengo-hay-que-apostar-por-el-dial-traxe-para-que-llegue-a-ser-muy-grande\/?fbclid=IwAR0WYUbbxUNPzn78nLHNYcHnwiiAp10Cr8btyS7w6zae3rpxG31L-zUdcGY\"> La Voz del Trubia<\/a> \/<\/strong><\/li>\n<li>Art\u00edculo: <a href=\"https:\/\/www.lne.es\/centro\/2021\/09\/19\/grado-apego-ropa-asturiana-57442515.html\">Grado, apego por ropa asturiana<\/a> \/<\/li>\n<\/ul>\n<p>El domingu 26 de setiembre, na Plaza los Dolores de Grau, a les once hores, va entamar <strong>Indumentaria 2021, el Quintu Concursu de Traxes Tradicionales Asturianos<\/strong>. Van poder participar, inscribi\u00e9ndose nesta web del 1 al 20 de setiembre, homes y muyeres pa llucir el traxe\u2019l pa\u00eds de gala o de diario.<\/p>\n<p style=\"text-align: center\"><a href=\"https:\/\/www.nortes.me\/wp-content\/uploads\/2021\/09\/IGF_3553-1068x712.jpg\"><img loading=\"lazy\" decoding=\"async\" class=\"alignnone\" src=\"https:\/\/www.nortes.me\/wp-content\/uploads\/2021\/09\/IGF_3553-1068x712.jpg\" alt=\"\" width=\"1068\" height=\"712\" \/><\/a><\/p>\n<p style=\"text-align: center\"><span style=\"color: #800080\"><em>Ganadores de la edici\u00f3n 2021. <a href=\"https:\/\/www.nortes.me\/2021\/09\/26\/grau-pon-el-paxellu-y-presume-dasturiania\/?fbclid=IwAR256uojUVxUNngDpjWgBAG7KvMEmTpFqFwuROCOyx7deDL1bIUtRsjl8AQ\"><strong>VER M\u00c1S FOTOS EN ESTE ENLACE<\/strong><\/a><\/em><\/span><\/p>\n<p>Todo se ali\u00f3 ayer para que el <strong>\u2018D\u00eda\u2019l traxe\u2019 fuera una fiesta, y una celebraci\u00f3n de la cultura y la identidad asturianas<\/strong>.\u00a0 Muchos de ellos se animaron a lucir \u00abtraxe\u00bb, entre los que se cont\u00f3 al <strong>dise\u00f1ador mosc\u00f3n Marcos Luengo<\/strong>, un referente de la moda espa\u00f1ola que acudi\u00f3 al singular desfile acompa\u00f1ado por su hija. \u00abVine todos los a\u00f1os a este evento, pero es la primera vez que me visto, estoy encantado, es una iniciativa muy interesante para Grao, una iniciativa culta, hecha con buen gusto, y creo que si se le sacase provecho, de forma que generase talleres, o un peque\u00f1o museo donde se pudieran exponer los trajes premiados, ser\u00eda un gran aliciente para el pueblo que enlazar\u00eda perfectamente con el Camino de Santiago. Creo que tenemos que apoyar esta iniciativa y hacer que esto llegue a ser muy grande\u00bb.<\/p>\n<p style=\"text-align: center\"><a href=\"https:\/\/lavozdeltrubia.es\/wp-content\/uploads\/2021\/09\/Marcos-Luengo.jpeg\"><img loading=\"lazy\" decoding=\"async\" class=\"alignnone\" src=\"https:\/\/lavozdeltrubia.es\/wp-content\/uploads\/2021\/09\/Marcos-Luengo.jpeg\" alt=\"\" width=\"1024\" height=\"823\" \/><\/a><\/p>\n<p><span class=\"d2edcug0 hpfvmrgz qv66sw1b c1et5uql lr9zc1uh a8c37x1j keod5gw0 nxhoafnm aigsh9s9 d3f4x2em fe6kdd0r mau55g9w c8b282yb iv3no6db jq4qci2q a3bd9o3v b1v8xokw oo9gr5id hzawbc8m\" dir=\"auto\">N&#8217;Indumentaria 2021 ense\u00f1\u00e1ronse dos pieces aut\u00e9ntiques del sieglu XIX. Un camis\u00f3n de llinu que se guarda nel pueblu d&#8217;Anzu, y que dieron con \u00e9l Amb\u00e1s y Rams\u00e9s, y que la familia propietaria cedi\u00f3 pa que lu ense\u00f1\u00e1remos y un xustillu de Sama Grau de la colecci\u00f3n de Cos Mendendez.<\/span><\/p>\n<p style=\"text-align: center\">\n<!-- iframe plugin v.6.0 wordpress.org\/plugins\/iframe\/ -->\n<iframe loading=\"lazy\" src=\"https:\/\/www.facebook.com\/plugins\/post.php?href=https%3A%2F%2Fwww.facebook.com%2Fconcursuindumentaria%2Fphotos%2Fa.1178901522132563%2F4602167186472629%2F%3Ftype%3D3&#038;show_text=true&#038;width=500\" width=\"500\" height=\"333\" style=\"border:none;overflow:hidden\" scrolling=\"no\" frameborder=\"0\" allowfullscreen=\"true\" allow=\"autoplay; clipboard-write; encrypted-media; picture-in-picture; web-share\" 0=\"\/iframe\" class=\"iframe-class\"><\/iframe>\n<\/p>\n<hr \/>\n<p style=\"text-align: center\">\n<!-- iframe plugin v.6.0 wordpress.org\/plugins\/iframe\/ -->\n<iframe loading=\"lazy\" src=\"https:\/\/drive.google.com\/file\/d\/11ru8H356COBaviwO_MIPK_s7H8i7SamO\/preview\" width=\"640\" height=\"480\" allow=\"autoplay\" 0=\"\/iframe\" scrolling=\"yes\" class=\"iframe-class\" frameborder=\"0\"><\/iframe>\n<\/p>\n<p style=\"text-align: center\">\n<!-- iframe plugin v.6.0 wordpress.org\/plugins\/iframe\/ -->\n<iframe loading=\"lazy\" src=\"https:\/\/drive.google.com\/file\/d\/1lvvyGLRBwgkMxKmROe1Q4Hm1CNE1U8cg\/preview\" width=\"640\" height=\"480\" allow=\"autoplay\" 0=\"\/iframe\" scrolling=\"yes\" class=\"iframe-class\" frameborder=\"0\"><\/iframe>\n<\/p>\n<p style=\"text-align: center\">\n<!-- iframe plugin v.6.0 wordpress.org\/plugins\/iframe\/ -->\n<iframe loading=\"lazy\" src=\"https:\/\/drive.google.com\/file\/d\/1Idmy51eit5bH9aKVhK8etpBUaiplzfzm\/preview\" width=\"640\" height=\"480\" allow=\"autoplay\" 0=\"\/iframe\" scrolling=\"yes\" class=\"iframe-class\" frameborder=\"0\"><\/iframe>\n<\/p>\n<p>&nbsp;<\/p>\n<hr \/>\n<p style=\"text-align: center\">ANEXO: <a href=\"https:\/\/drive.google.com\/file\/d\/1Lg26N4opViD-WHP0F-8AQJ37i6L1haTi\"><em><span style=\"color: #800080\">libro escaneado donde se puede ver algo del Traxe del pa\u00eds<\/span><\/em><\/a><\/p>\n<p style=\"text-align: center\">\n<!-- iframe plugin v.6.0 wordpress.org\/plugins\/iframe\/ -->\n<iframe loading=\"lazy\" src=\"https:\/\/drive.google.com\/file\/d\/1Lg26N4opViD-WHP0F-8AQJ37i6L1haTi\/preview\" width=\"640\" height=\"640\" allow=\"autoplay\" 0=\"\/iframe\" scrolling=\"yes\" class=\"iframe-class\" frameborder=\"0\"><\/iframe>\n<\/p>\n<p>&nbsp;<\/p>\n","protected":false},"excerpt":{"rendered":"<p>Actividades cole 2021: Hoja 1 \/ Hoja 2 \/ CARPETA PROFES con documentaci\u00f3n \/ Enlace a Sesi\u00f3n de Indumentaria 2020 Domingu 26 Setiembre 2021 Indumentaria. D\u00eda del Traxe: Web \/ Facebook Fotos: El Comercio \/ Fotos Ojo de Hojalata \/\u00a0 VER FOTOS 2021 Art\u00edculos: Nortes.me \/ La Voz del Trubia \/ Art\u00edculo: Grado, apego por [&hellip;]<\/p>\n","protected":false},"author":117,"featured_media":0,"parent":4818,"menu_order":0,"comment_status":"closed","ping_status":"closed","template":"","meta":{"footnotes":""},"class_list":["post-4870","page","type-page","status-publish","hentry","post-preview"],"_links":{"self":[{"href":"https:\/\/edublog.educastur.es\/corredoria3\/wp-json\/wp\/v2\/pages\/4870","targetHints":{"allow":["GET"]}}],"collection":[{"href":"https:\/\/edublog.educastur.es\/corredoria3\/wp-json\/wp\/v2\/pages"}],"about":[{"href":"https:\/\/edublog.educastur.es\/corredoria3\/wp-json\/wp\/v2\/types\/page"}],"author":[{"embeddable":true,"href":"https:\/\/edublog.educastur.es\/corredoria3\/wp-json\/wp\/v2\/users\/117"}],"replies":[{"embeddable":true,"href":"https:\/\/edublog.educastur.es\/corredoria3\/wp-json\/wp\/v2\/comments?post=4870"}],"version-history":[{"count":15,"href":"https:\/\/edublog.educastur.es\/corredoria3\/wp-json\/wp\/v2\/pages\/4870\/revisions"}],"predecessor-version":[{"id":4968,"href":"https:\/\/edublog.educastur.es\/corredoria3\/wp-json\/wp\/v2\/pages\/4870\/revisions\/4968"}],"up":[{"embeddable":true,"href":"https:\/\/edublog.educastur.es\/corredoria3\/wp-json\/wp\/v2\/pages\/4818"}],"wp:attachment":[{"href":"https:\/\/edublog.educastur.es\/corredoria3\/wp-json\/wp\/v2\/media?parent=4870"}],"curies":[{"name":"wp","href":"https:\/\/api.w.org\/{rel}","templated":true}]}}