{"id":4906,"date":"2021-10-02T19:57:09","date_gmt":"2021-10-02T17:57:09","guid":{"rendered":"https:\/\/edublog.educastur.es\/corredoria3\/?page_id=4906"},"modified":"2021-10-11T18:13:56","modified_gmt":"2021-10-11T16:13:56","slug":"vendimia-2021","status":"publish","type":"page","link":"https:\/\/edublog.educastur.es\/corredoria3\/4o-pri\/cultura-asturiana\/2122_primer-trimestre\/vendimia-2021\/","title":{"rendered":"Vendimia 2021"},"content":{"rendered":"<p style=\"text-align: center\"><a href=\"https:\/\/tinypix.top\/images\/2021\/10\/02\/vIy1q.jpg\"><img loading=\"lazy\" decoding=\"async\" class=\"alignnone\" src=\"https:\/\/tinypix.top\/images\/2021\/10\/02\/vIy1q.jpg\" alt=\"\" width=\"312\" height=\"476\" \/><\/a><\/p>\n<p style=\"text-align: center\"><span style=\"color: #800000;font-size: 14pt\"><em><strong>Del 7 al 10 Octubre 2021\u00a0 &#8211; <a href=\"https:\/\/www.turismoasturias.es\/descubre\/fiestas-de-interes-turistico\/fiesta-de-la-vendimia-del-vino-de-calidad-de-cangas\">Fiestas de INTERES TURISTICO<\/a><\/strong><\/em><\/span><\/p>\n<ul>\n<li><a href=\"https:\/\/edublog.educastur.es\/corredoria3\/4o-pri\/cultura-asturiana\/primer-trimestre\/sesion_01\/\">Sesi\u00f3n del a\u00f1o pasado 4\u00ba COLE<\/a><\/li>\n<li><a href=\"https:\/\/edublog.educastur.es\/corredoria3\/6o-pri\/cultura-asturiana\/1otrimestre\/sesion_01\/\"><strong>Sesi\u00f3n del a\u00f1o pasado 6\u00ba COLE<\/strong><\/a><\/li>\n<li><strong>Vendimia Cangas Narcea<\/strong>:<a href=\"https:\/\/www.google.com\/search?q=vendimia+cangas+del+narcea&amp;client=firefox-b-d&amp;sxsrf=AOaemvIQYD5036deM35kc5ytXDq3rAFM2w:1633198157658&amp;source=lnms&amp;tbm=isch&amp;sa=X&amp;ved=2ahUKEwjfsqOgqazzAhUOLBoKHQMUDbEQ_AUoAXoECAEQAw&amp;biw=1536&amp;bih=739&amp;dpr=1.25\"> m\u00e1s fotos<\/a>\u00a0 \/ <a href=\"https:\/\/www.facebook.com\/photo\/?fbid=468655924820321&amp;set=a.196919358660647\"><strong><span style=\"color: #800080\">PROGRAMA 2021 Facebook<\/span><\/strong><\/a><\/li>\n<\/ul>\n<p style=\"text-align: center\">\n<!-- iframe plugin v.6.0 wordpress.org\/plugins\/iframe\/ -->\n<iframe loading=\"lazy\" width=\"100%\" height=\"523\" src=\"https:\/\/www.youtube.com\/embed\/VGsLECMXvGM\" 0=\"\/iframe\" scrolling=\"yes\" class=\"iframe-class\" frameborder=\"0\"><\/iframe>\n<\/p>\n<hr \/>\n<p><strong>Tema:<a href=\"https:\/\/drive.google.com\/drive\/folders\/1EL22O9Ev9SMXN5yLf3IOGtDVREKZtAX3?usp=sharing\"> Fiesta de la Vendimia en Cangas del Narcea<\/a><\/strong><\/p>\n<ul>\n<li><a href=\"https:\/\/docs.google.com\/document\/d\/1w9qrB0eZ3GX8O789jsPFjwa8BU__svQBU2EGlcveJTE\/edit?usp=sharing\">Tarea para hacer en clase 2020<\/a><\/li>\n<li><a href=\"https:\/\/educastur-my.sharepoint.com\/:w:\/g\/personal\/isabellh_educastur_org\/EVqwM71fthdAqADMd7ue53sBX8EbUZB_nEihWnwBpoG5AQ?e=rJSmZI\"><span style=\"color: #800080\"><strong>TAREA\u00a0 CLASE 2021 Actualizada<\/strong><\/span><\/a><\/li>\n<li><a href=\"https:\/\/drive.google.com\/file\/d\/1BKMxXeLNh3VdQhbdajL-2ISc2Eij3mG6\/view?usp=sharing\">Enlace al libro: <strong>El vino de Cangas VER!!!<\/strong><\/a><\/li>\n<li><a href=\"https:\/\/drive.google.com\/file\/d\/1Z9EaAu6taGzLGcieeCn1mVb8YP1TbOWy\/view?usp=sharing\">Testu n\u00b4asturianu: <strong>El vinu de la Tierra de Cangas<\/strong><\/a><\/li>\n<\/ul>\n<ul>\n<li><strong><a href=\"https:\/\/docangas.es\/\">Web DOP Vino de Cangas<\/a><\/strong><\/li>\n<li><a href=\"https:\/\/www.turismoasturias.es\/vino-de-cangas-viticultura-heroica\">Viticultura heroica<\/a><\/li>\n<\/ul>\n<p>&nbsp;<\/p>\n<p><a href=\"https:\/\/www.recetum.com\/wp-content\/uploads\/2020\/08\/DOP-Cangas.png\"><img loading=\"lazy\" decoding=\"async\" class=\"alignnone size-full\" src=\"https:\/\/www.recetum.com\/wp-content\/uploads\/2020\/08\/DOP-Cangas.png\" width=\"750\" height=\"729\" \/><\/a><\/p>\n<p><span style=\"color: #008080\">La Fiesta de la Vendimia es \u00fanica en Asturias, entre otras razones porque <strong>Cangas del Narcea es la \u00fanica zona de producci\u00f3n vitivin\u00edcola del Principado<\/strong>, con una tradici\u00f3n que se remonta a la Edad Media y con un tipo de vi\u00f1edos de monta\u00f1a que hacen de esta viticultura una actividad verdaderamente her\u00f3ica.<\/span><\/p>\n<p>Esta fiesta coincide cada a\u00f1o con el Puente del Pilar, en la primera quincena de octubre y son m\u00faltiples las actividades que se realizan en torno a la vendimia. Adem\u00e1s de la incesante actividad y ambiente en los vi\u00f1edos, la villa canguesa acoge feria y mercado de artesan\u00eda con todo tipo de productos de la tierra, as\u00ed como catas de vinos, visitas guiadas al Museo del Vino, gastronom\u00eda vinculada al mundo del vino, etc. Numerosas cofrad\u00edas se dan cita en Cangas del Narcea y tienen su propio desfile acompa\u00f1adas de la Banda de M\u00fasica local.<\/p>\n<p>Son cuatro d\u00edas de aut\u00e9ntico culto a la cultura del Vino de Calidad de Cangas, donde podr\u00e1s conocer todo sobre esta actividad que tiene rango milenario en el occidente de Asturias, y que de a\u00f1o en a\u00f1o se vuelve m\u00e1s multitudinaria.<\/p>\n<p>&nbsp;<\/p>\n<p><a href=\"https:\/\/i.pinimg.com\/originals\/2c\/d5\/6a\/2cd56afdc85c9445fa9b70f0b01f4464.png\"><img loading=\"lazy\" decoding=\"async\" class=\"alignnone size-full\" src=\"https:\/\/i.pinimg.com\/originals\/2c\/d5\/6a\/2cd56afdc85c9445fa9b70f0b01f4464.png\" width=\"800\" height=\"800\" \/><\/a><\/p>\n<p>&nbsp;<\/p>\n<p><a href=\"https:\/\/www.fecoga.com\/uploads\/RTEmagicC_logocofradiavinocangas1.jpg.jpg\"><img loading=\"lazy\" decoding=\"async\" class=\"alignnone size-full\" src=\"https:\/\/www.fecoga.com\/uploads\/RTEmagicC_logocofradiavinocangas1.jpg.jpg\" width=\"294\" height=\"301\" \/><\/a><\/p>\n<p>Cofrad\u00eda<br \/>\n<a href=\"https:\/\/www.turismoasturias.es\/documents\/11022\/2161818\/Vino_de_Cangas_2.jpg\/1a5666d4-10fb-402f-87d9-6c50409a2886?t=1493365844088\"><img loading=\"lazy\" decoding=\"async\" class=\"alignnone size-full\" src=\"https:\/\/www.turismoasturias.es\/documents\/11022\/2161818\/Vino_de_Cangas_2.jpg\/1a5666d4-10fb-402f-87d9-6c50409a2886?t=1493365844088\" width=\"708\" height=\"449\" \/><\/a><\/p>\n<p>Carteles de la Fiesta<\/p>\n<p><a href=\"http:\/\/edublog.educastur.es\/corredoria3\/files\/2020\/10\/2002.jpg\"><img loading=\"lazy\" decoding=\"async\" class=\"wp-image-1987 alignleft\" src=\"http:\/\/edublog.educastur.es\/corredoria3\/files\/2020\/10\/2002.jpg\" alt=\"\" width=\"239\" height=\"343\" srcset=\"https:\/\/edublog.educastur.es\/corredoria3\/files\/2020\/10\/2002.jpg 1080w, https:\/\/edublog.educastur.es\/corredoria3\/files\/2020\/10\/2002-419x600.jpg 419w, https:\/\/edublog.educastur.es\/corredoria3\/files\/2020\/10\/2002-714x1024.jpg 714w, https:\/\/edublog.educastur.es\/corredoria3\/files\/2020\/10\/2002-209x300.jpg 209w, https:\/\/edublog.educastur.es\/corredoria3\/files\/2020\/10\/2002-768x1101.jpg 768w, https:\/\/edublog.educastur.es\/corredoria3\/files\/2020\/10\/2002-1072x1536.jpg 1072w, https:\/\/edublog.educastur.es\/corredoria3\/files\/2020\/10\/2002-676x969.jpg 676w\" sizes=\"auto, (max-width: 239px) 100vw, 239px\" \/><\/a><\/p>\n<p><a href=\"https:\/\/agenda.elcomercio.es\/media\/eventos\/0\/0\/6\/5\/3\/653538_1.jpg\"><img loading=\"lazy\" decoding=\"async\" class=\"alignnone \" src=\"https:\/\/agenda.elcomercio.es\/media\/eventos\/0\/0\/6\/5\/3\/653538_1.jpg\" width=\"263\" height=\"263\" \/>\u00a0\u00a0<\/a><\/p>\n<p>&nbsp;<\/p>\n<p><a href=\"https:\/\/esparragodenavarra.files.wordpress.com\/2018\/10\/programa-2.jpg\"><img loading=\"lazy\" decoding=\"async\" class=\"alignnone \" src=\"https:\/\/esparragodenavarra.files.wordpress.com\/2018\/10\/programa-2.jpg\" width=\"237\" height=\"239\" \/><\/a><\/p>\n<p><a href=\"https:\/\/queverdeasturias.com\/admin\/imagenes\/412966789535606148506914630542127447670784njpg.jpg\"><img loading=\"lazy\" decoding=\"async\" class=\"alignnone \" src=\"https:\/\/queverdeasturias.com\/admin\/imagenes\/412966789535606148506914630542127447670784njpg.jpg\" width=\"235\" height=\"334\" \/><\/a><\/p>\n<p><a href=\"https:\/\/www.lne.es\/occidente\/2018\/10\/14\/uvas-cangas-narcea\/2363298.html\">Ver art\u00edculo<\/a><\/p>\n<p><a href=\"https:\/\/www.portalfiestas.com\/fotos\/122438_1506939176_foto1.jpg\"><img loading=\"lazy\" decoding=\"async\" class=\"alignnone \" src=\"https:\/\/www.portalfiestas.com\/fotos\/122438_1506939176_foto1.jpg\" width=\"981\" height=\"727\" \/><\/a><\/p>\n<p>VER<a href=\"https:\/\/www.rtpa.es\/video:de%20folixa%20en%20folixa_551446775220.html\"><strong> \u00abDe folixa en Folixa\u00bb Cangas del Narcea<\/strong><\/a><\/p>\n<p>VER\u00a0<a href=\"https:\/\/agenda.elcomercio.es\/evento\/cangas-del-narcea-hace-una-fiesta-por-la-vendimia-613754.html?ref=https:%2F%2Fwww.google.com%2F\"><strong> Cangas del Narcea hace una fiesta por la vendimia<\/strong><\/a><\/p>\n<p><a href=\"https:\/\/agenda.elcomercio.es\/media\/eventos\/0\/0\/6\/1\/3\/613754_1.jpg\"><img loading=\"lazy\" decoding=\"async\" class=\"alignnone \" src=\"https:\/\/agenda.elcomercio.es\/media\/eventos\/0\/0\/6\/1\/3\/613754_1.jpg\" width=\"515\" height=\"515\" \/><\/a><\/p>\n<hr \/>\n<p>Vid<\/p>\n<ul>\n<li><a href=\"https:\/\/vinosdiferentes.com\/blog\/la-vid\/\"><strong>La Vid<\/strong>,\u00a0arbusto sarmentoso y trepador. Perteneciente a la familia de las vit\u00e1ceas.<\/a><\/li>\n<\/ul>\n<p><a href=\"https:\/\/pbs.twimg.com\/media\/CaNvjTQWEAA5Yza.jpg\"><img loading=\"lazy\" decoding=\"async\" class=\"alignnone \" src=\"https:\/\/pbs.twimg.com\/media\/CaNvjTQWEAA5Yza.jpg\" width=\"863\" height=\"845\" \/><\/a><\/p>\n<p><a href=\"https:\/\/i.pinimg.com\/originals\/8e\/4f\/03\/8e4f03171ea6a54a3c728cb68143b747.png\"><img loading=\"lazy\" decoding=\"async\" class=\"alignnone size-full\" src=\"https:\/\/i.pinimg.com\/originals\/8e\/4f\/03\/8e4f03171ea6a54a3c728cb68143b747.png\" width=\"825\" height=\"510\" \/><\/a><\/p>\n<p>&nbsp;<\/p>\n<p><a href=\"https:\/\/utielrequena.org\/wp-content\/uploads\/2020\/07\/vinavidparra-1024x921.jpg\"><img loading=\"lazy\" decoding=\"async\" class=\"alignnone \" src=\"https:\/\/utielrequena.org\/wp-content\/uploads\/2020\/07\/vinavidparra-1024x921.jpg\" width=\"593\" height=\"533\" \/><\/a><\/p>\n<p>Vi\u00f1edo<\/p>\n<p><a href=\"https:\/\/media.conmuchagula.es\/2017\/08\/vinoasturias-corias-1.jpg\"><img loading=\"lazy\" decoding=\"async\" class=\"alignnone size-full\" src=\"https:\/\/media.conmuchagula.es\/2017\/08\/vinoasturias-corias-1.jpg\" width=\"800\" height=\"530\" \/><\/a><\/p>\n<p>&nbsp;<\/p>\n<p><a href=\"https:\/\/www.turismoasturias.es\/documents\/11022\/3261031\/vinedo.jpg\"><img loading=\"lazy\" decoding=\"async\" class=\"alignnone \" src=\"https:\/\/www.turismoasturias.es\/documents\/11022\/3261031\/vinedo.jpg\" width=\"802\" height=\"311\" \/><\/a><\/p>\n<p><a href=\"https:\/\/www.turismoasturias.es\/documents\/11022\/3261031\/bodegas.jpg\"><img loading=\"lazy\" decoding=\"async\" class=\"alignnone \" src=\"https:\/\/www.turismoasturias.es\/documents\/11022\/3261031\/bodegas.jpg\" width=\"800\" height=\"216\" \/><\/a><\/p>\n<p><strong>Proceso de elaboraci\u00f3n del vino<\/strong><\/p>\n<ul>\n<li><a href=\"https:\/\/vivancoculturadevino.es\/blog\/2016\/06\/14\/proceso-de-elaboracion-del-vino-tinto\/\"><strong>\u00bfC\u00f3mo es?<\/strong><\/a><\/li>\n<li><a href=\"https:\/\/www.vitivinicultura.net\/como-hacer-vino-elaboracion-casera-de-vino-blanco.html\">Pasos<\/a><\/li>\n<\/ul>\n<p><a href=\"https:\/\/centrocampillo.files.wordpress.com\/2015\/05\/bodega1-copia-2.png\"><img loading=\"lazy\" decoding=\"async\" class=\"alignnone size-full\" src=\"https:\/\/centrocampillo.files.wordpress.com\/2015\/05\/bodega1-copia-2.png\" width=\"768\" height=\"576\" \/><\/a><\/p>\n<p>&nbsp;<\/p>\n<p><a href=\"https:\/\/i.pinimg.com\/originals\/ca\/ef\/08\/caef0840770dc19e2a422a60dfe9fe54.jpg\"><img loading=\"lazy\" decoding=\"async\" class=\"alignnone size-full\" src=\"https:\/\/i.pinimg.com\/originals\/ca\/ef\/08\/caef0840770dc19e2a422a60dfe9fe54.jpg\" width=\"750\" height=\"711\" \/><\/a><\/p>\n<p><a href=\"https:\/\/i.pinimg.com\/originals\/40\/81\/5a\/40815a3b88e9132ceb1caf46f6ef116d.jpg\"><img loading=\"lazy\" decoding=\"async\" class=\"alignnone size-full\" src=\"https:\/\/i.pinimg.com\/originals\/40\/81\/5a\/40815a3b88e9132ceb1caf46f6ef116d.jpg\" width=\"625\" height=\"1000\" \/><\/a><\/p>\n<p><a href=\"https:\/\/onlinelicor.es\/wp-content\/uploads\/a1.jpg\"><img loading=\"lazy\" decoding=\"async\" class=\"alignnone size-full\" src=\"https:\/\/onlinelicor.es\/wp-content\/uploads\/a1.jpg\" width=\"960\" height=\"372\" \/><\/a><\/p>\n<p><a href=\"https:\/\/www.bodegasmontecillo.com\/wp-content\/uploads\/2017\/07\/iconografia-vino-01.jpg\"><img loading=\"lazy\" decoding=\"async\" class=\"alignnone size-full\" src=\"https:\/\/www.bodegasmontecillo.com\/wp-content\/uploads\/2017\/07\/iconografia-vino-01.jpg\" width=\"1448\" height=\"2048\" \/><\/a><\/p>\n<ul>\n<li><a href=\"https:\/\/www.youtube.com\/watch?v=24esNCBo4yU\">Video<\/a><\/li>\n<\/ul>\n\n<!-- iframe plugin v.6.0 wordpress.org\/plugins\/iframe\/ -->\n<iframe loading=\"lazy\" width=\"588\" height=\"331\" src=\"https:\/\/www.youtube.com\/embed\/24esNCBo4yU\" scrolling=\"yes\" class=\"iframe-class\" frameborder=\"0\"><\/iframe>\n\n<ul>\n<li><a href=\"https:\/\/www.youtube.com\/watch?v=lhDeQ3RvkDY\">Video 2<\/a><\/li>\n<\/ul>\n\n<!-- iframe plugin v.6.0 wordpress.org\/plugins\/iframe\/ -->\n<iframe loading=\"lazy\" width=\"588\" height=\"331\" src=\"https:\/\/www.youtube.com\/embed\/lhDeQ3RvkDY\" scrolling=\"yes\" class=\"iframe-class\" frameborder=\"0\"><\/iframe>\n\n<p>&nbsp;<\/p>\n<hr \/>\n\n<!-- iframe plugin v.6.0 wordpress.org\/plugins\/iframe\/ -->\n<iframe loading=\"lazy\" src=\"https:\/\/drive.google.com\/file\/d\/1vz-5MFQaXcFQUhmf864uGO5Y5aDZ-o0c\/preview\" width=\"700\" height=\"900\" allow=\"autoplay\" 0=\"\/iframe\" scrolling=\"yes\" class=\"iframe-class\" frameborder=\"0\"><\/iframe>\n\n","protected":false},"excerpt":{"rendered":"<p>Del 7 al 10 Octubre 2021\u00a0 &#8211; Fiestas de INTERES TURISTICO Sesi\u00f3n del a\u00f1o pasado 4\u00ba COLE Sesi\u00f3n del a\u00f1o pasado 6\u00ba COLE Vendimia Cangas Narcea: m\u00e1s fotos\u00a0 \/ PROGRAMA 2021 Facebook Tema: Fiesta de la Vendimia en Cangas del Narcea Tarea para hacer en clase 2020 TAREA\u00a0 CLASE 2021 Actualizada Enlace al libro: El [&hellip;]<\/p>\n","protected":false},"author":117,"featured_media":0,"parent":4816,"menu_order":0,"comment_status":"closed","ping_status":"closed","template":"","meta":{"footnotes":""},"class_list":["post-4906","page","type-page","status-publish","hentry","post-preview"],"_links":{"self":[{"href":"https:\/\/edublog.educastur.es\/corredoria3\/wp-json\/wp\/v2\/pages\/4906","targetHints":{"allow":["GET"]}}],"collection":[{"href":"https:\/\/edublog.educastur.es\/corredoria3\/wp-json\/wp\/v2\/pages"}],"about":[{"href":"https:\/\/edublog.educastur.es\/corredoria3\/wp-json\/wp\/v2\/types\/page"}],"author":[{"embeddable":true,"href":"https:\/\/edublog.educastur.es\/corredoria3\/wp-json\/wp\/v2\/users\/117"}],"replies":[{"embeddable":true,"href":"https:\/\/edublog.educastur.es\/corredoria3\/wp-json\/wp\/v2\/comments?post=4906"}],"version-history":[{"count":10,"href":"https:\/\/edublog.educastur.es\/corredoria3\/wp-json\/wp\/v2\/pages\/4906\/revisions"}],"predecessor-version":[{"id":4938,"href":"https:\/\/edublog.educastur.es\/corredoria3\/wp-json\/wp\/v2\/pages\/4906\/revisions\/4938"}],"up":[{"embeddable":true,"href":"https:\/\/edublog.educastur.es\/corredoria3\/wp-json\/wp\/v2\/pages\/4816"}],"wp:attachment":[{"href":"https:\/\/edublog.educastur.es\/corredoria3\/wp-json\/wp\/v2\/media?parent=4906"}],"curies":[{"name":"wp","href":"https:\/\/api.w.org\/{rel}","templated":true}]}}