{"id":4940,"date":"2021-10-12T21:17:59","date_gmt":"2021-10-12T19:17:59","guid":{"rendered":"https:\/\/edublog.educastur.es\/corredoria3\/?page_id=4940"},"modified":"2021-10-12T21:26:21","modified_gmt":"2021-10-12T19:26:21","slug":"cultura-financiera","status":"publish","type":"page","link":"https:\/\/edublog.educastur.es\/corredoria3\/biblioteca\/cultura-financiera\/","title":{"rendered":"Cultura Financiera"},"content":{"rendered":"<section class=\"main\" role=\"main\">\n<div class=\"container mt-lg-5\">\n<div class=\"row\">\n<div class=\"col-12 col-lg-10\">\n<div class=\"container-fluid bg-white\">\n<div class=\"row\">\n<div class=\"col\">\n<div class=\"article-block  main-component\">\n<div class=\"heading-group\">\n<h1 class=\"heading-group-title\" style=\"text-align: center\"><span style=\"color: #800080\"><em>C\u00f3mic Aula. <a href=\"https:\/\/www.caixabank.com\/es\/accionistas-inversores\/espacio-accionista\/aula\/comic-aula.html\">web<\/a><br \/>\n<\/em><\/span><\/h1>\n<\/div>\n<div class=\"article-content article-text\">\n<p>La serie de comics \u201c<strong>Las Finanzas de Carlota\u201d<\/strong>, son un recurso did\u00e1ctico para descubrir de forma divertida el funcionamiento b\u00e1sico de la bolsa y las finanzas. Una iniciativa del <strong>programa Aula<\/strong>, para acercar el bienestar financiero a los m\u00e1s j\u00f3venes.<\/p>\n<\/div>\n<\/div>\n<\/div>\n<\/div>\n<\/div>\n<div class=\"container-fluid bg-white\">\n<div class=\"row\">\n<div class=\"col\">\n<div class=\"article-block  main-component article-alter\">\n<div class=\"article-content article-text\">\n<h2 style=\"text-align: center\"><span style=\"color: #800080;font-size: 18pt\"><em>Operaci\u00f3n Fusi\u00f3n<\/em><\/span><\/h2>\n<div class=\"row\">\n<div class=\"col-12 col-lg-6 order-1 order-md-2\">\n<p>Descubre que es una <strong>Fusi\u00f3n<\/strong> en este c\u00f3mic del <strong>programa Aula<\/strong> de formaci\u00f3n financiera para accionistas de CaixaBank. Una aventura sobre la <strong>colaboraci\u00f3n<\/strong> y un <strong>buen trabajo en equipo<\/strong>:<\/p>\n<p><a title=\"Lee el c\u00f3mic online (Abre en ventana nueva)\" href=\"https:\/\/multimedia.caixabank.es\/lacaixa\/ondemand\/criteria\/espacioaccionista\/comicaula2021\/es\/sources\/index.html\" target=\"_blank\" rel=\"noopener\">Lee el c\u00f3mic online \u00a0<\/a><span class=\"c-link--inline m-0\"><img loading=\"lazy\" decoding=\"async\" src=\"https:\/\/www.caixabank.com\/deployedfiles\/caixabank_com\/Estaticos\/Imagenes\/external-link.png\" alt=\"\" width=\"13\" height=\"11\" \/> <\/span><br \/>\n<a title=\"Desc\u00e1rgalo como PDF (Abre en ventana nueva)\" href=\"https:\/\/www.caixabank.com\/deployedfiles\/caixabank_com\/Estaticos\/PDFs\/Espacio_accionista\/Comic_Aula_Operacion_Fusion_es.pdf\" target=\"_blank\" rel=\"noopener\">Desc\u00e1rgalo como PDF\u00a0<\/a><span class=\"c-link--inline m-0\"><img loading=\"lazy\" decoding=\"async\" src=\"https:\/\/www.caixabank.com\/deployedfiles\/caixabank_com\/Estaticos\/Imagenes\/external-link.png\" alt=\"\" width=\"13\" height=\"11\" \/> <\/span><\/p>\n<\/div>\n<div class=\"col-12 col-lg-6 order-2 order-md-1\"><img decoding=\"async\" class=\"aligncenter\" title=\"Comic_Aula_fusion.png\" src=\"https:\/\/www.caixabank.com\/deployedfiles\/caixabank_com\/Estaticos\/Imagenes\/EspaciodelAccionista\/Comic_Aula_fusion.png\" width=\"420.0\" height=\"280.0\" \/><\/div>\n<\/div>\n<\/div>\n<\/div>\n<div class=\"article-block  main-component article-alter\">\n<div class=\"article-content article-text\">\n<h2 style=\"text-align: center\"><span style=\"color: #800080;font-size: 18pt\"><em>Operaci\u00f3n Junta<\/em><\/span><\/h2>\n<div class=\"row\">\n<div class=\"col-12 col-lg-6 order-1 order-md-1\">\n<p>Descubre qu\u00e9 es una <strong>Junta General de Accionistas<\/strong> con este c\u00f3mic del <strong>programa Aula<\/strong> de formaci\u00f3n financiera para accionistas de CaixaBank. Una aventura sobre la <strong>toma de decisiones<\/strong> en una <strong>empresa con accionistas.<\/strong><\/p>\n<p class=\"int_small\"><span class=\"title_small\"><a title=\"comic online\" href=\"https:\/\/multimedia.caixabank.es\/lacaixa\/ondemand\/criteria\/espacioaccionista\/comicaula2020\/es\/sources\/index.html\" target=\"_blank\" rel=\"noopener\">Lee el c\u00f3mic online\u00a0<\/a><span class=\"c-link--inline m-0\"><img loading=\"lazy\" decoding=\"async\" src=\"https:\/\/www.caixabank.com\/deployedfiles\/caixabank_com\/Estaticos\/Imagenes\/external-link.png\" alt=\"\" width=\"13\" height=\"11\" \/> <\/span><\/span><\/p>\n<p class=\"int_small\"><span class=\"title_small\"><a title=\"descargar comic pdf\" href=\"https:\/\/www.caixabank.com\/deployedfiles\/caixabank\/Estaticos\/PDFs\/aula\/LFC2020_OperacionJunta_ES.PDF\" target=\"_blank\" rel=\"noopener\">Desc\u00e1rgalo como PDF\u00a0<\/a><span class=\"c-link--inline m-0\"><img loading=\"lazy\" decoding=\"async\" src=\"https:\/\/www.caixabank.com\/deployedfiles\/caixabank_com\/Estaticos\/Imagenes\/external-link.png\" alt=\"\" width=\"13\" height=\"11\" \/> <\/span><\/span><\/p>\n<\/div>\n<div class=\"col-12 col-lg-6 order-2 order-md-2\"><img decoding=\"async\" class=\"aligncenter\" title=\"Operacion_Junta_420x280.png\" src=\"https:\/\/www.caixabank.com\/deployedfiles\/caixabank_com\/Estaticos\/Imagenes\/aula\/Operacion_Junta_420x280.png\" width=\"420.0\" height=\"280.0\" \/><\/div>\n<\/div>\n<\/div>\n<\/div>\n<\/div>\n<\/div>\n<\/div>\n<div class=\"container-fluid bg-white\">\n<div class=\"row\">\n<div class=\"col\">\n<div class=\"article-block  main-component article-alter\">\n<div class=\"article-content article-text\">\n<h2 style=\"text-align: center\"><span style=\"font-size: 18pt;color: #800080\"><em>Operaci\u00f3n AulaBank<\/em><\/span><\/h2>\n<div class=\"row\">\n<div class=\"col-12 col-lg-6 order-1 order-md-2\">\n<p>Descubre <strong>el funcionamiento de un banco<\/strong> a peque\u00f1a escala, con este c\u00f3mic del <strong>Programa Aula <\/strong>de formaci\u00f3n financiera para accionistas de CaixaBank. Una aventura sobre la creaci\u00f3n de un <strong>nuevo banco.<\/strong><\/p>\n<p class=\"int_small\"><span class=\"title_small\"><a title=\"comic online\" href=\"https:\/\/multimedia.caixabank.es\/lacaixa\/ondemand\/criteria\/espacioaccionista\/comicaulajunio19\/es\/sources\/index.html\" target=\"_blank\" rel=\"noopener\">Lee el c\u00f3mic online <\/a><span class=\"c-link--inline m-0\"><img loading=\"lazy\" decoding=\"async\" src=\"https:\/\/www.caixabank.com\/deployedfiles\/caixabank_com\/Estaticos\/Imagenes\/external-link.png\" alt=\"\" width=\"13\" height=\"11\" \/> <\/span><\/span><\/p>\n<p class=\"int_small\"><span class=\"title_small\"><a title=\"descargar comic pdf\" href=\"https:\/\/www.caixabank.com\/deployedfiles\/caixabank\/Estaticos\/PDFs\/aula\/operacion-aulabank-las-finanzas-de-carlota_ESP.pdf\" target=\"_blank\" rel=\"noopener\">Desc\u00e1rgalo como PDF\u00a0<\/a><span class=\"c-link--inline m-0\"><img loading=\"lazy\" decoding=\"async\" src=\"https:\/\/www.caixabank.com\/deployedfiles\/caixabank_com\/Estaticos\/Imagenes\/external-link.png\" alt=\"\" width=\"13\" height=\"11\" \/> <\/span><\/span><\/p>\n<\/div>\n<div class=\"col-12 col-lg-6 order-2 order-md-1\"><img decoding=\"async\" class=\"aligncenter\" title=\"Operacion_AulaBank_420x280.png\" src=\"https:\/\/www.caixabank.com\/deployedfiles\/caixabank_com\/Estaticos\/Imagenes\/aula\/Operacion_AulaBank_420x280.png\" width=\"420.0\" height=\"280.0\" \/><\/div>\n<\/div>\n<\/div>\n<\/div>\n<div class=\"article-block  main-component article-alter\">\n<div class=\"article-content article-text\">\n<h2 style=\"text-align: center\"><span style=\"font-size: 18pt\"><em><span style=\"color: #800080\">Operaci\u00f3n Cupcake<\/span><\/em><\/span><\/h2>\n<div class=\"row\">\n<div class=\"col-12 col-lg-6 order-1 order-md-1\">\n<p>Descubre el <strong>funcionamiento del mercado<\/strong> <strong>de valores y la bolsa<\/strong>, con este c\u00f3mic del <strong>Programa Aula <\/strong>de formaci\u00f3n financiera para accionistas de CaixaBank. Una\u00a0aventura sobre la\u00a0creaci\u00f3n de <strong>una\u00a0nueva empresa cotizada.<\/strong><\/p>\n<p class=\"int_small\"><span class=\"title_small\"><a title=\"comic online\" href=\"https:\/\/multimedia.caixabank.es\/lacaixa\/ondemand\/criteria\/espacioaccionista\/comicaulajunio18\/es\/sources\/index.html\" target=\"_blank\" rel=\"noopener\">Lee el c\u00f3mic online\u00a0<\/a><span class=\"c-link--inline m-0\"><img loading=\"lazy\" decoding=\"async\" src=\"https:\/\/www.caixabank.com\/deployedfiles\/caixabank_com\/Estaticos\/Imagenes\/external-link.png\" alt=\"\" width=\"13\" height=\"11\" \/> <\/span><\/span><\/p>\n<p class=\"int_small\"><span class=\"title_small\"><a title=\"descargar comic pdf\" href=\"https:\/\/www.caixabank.com\/deployedfiles\/caixabank\/Estaticos\/PDFs\/Aprende_con_Carlota_es.pdf\" target=\"_blank\" rel=\"noopener\">Desc\u00e1rgalo como PDF\u00a0<\/a><span class=\"c-link--inline m-0\"><img loading=\"lazy\" decoding=\"async\" src=\"https:\/\/www.caixabank.com\/deployedfiles\/caixabank_com\/Estaticos\/Imagenes\/external-link.png\" alt=\"\" width=\"13\" height=\"11\" \/> <\/span><\/span><\/p>\n<\/div>\n<div class=\"col-12 col-lg-6 order-2 order-md-2\"><img decoding=\"async\" class=\"aligncenter\" title=\"Operacion_cupcake_420x280_.png\" src=\"https:\/\/www.caixabank.com\/deployedfiles\/caixabank_com\/Estaticos\/Imagenes\/aula\/Operacion_cupcake_420x280_.png\" width=\"420.0\" height=\"280.0\" \/><\/div>\n<\/div>\n<\/div>\n<\/div>\n<\/div>\n<\/div>\n<\/div>\n<div class=\"container-fluid bg-white\">\n<div class=\"row\">\n<div class=\"col\"><\/div>\n<\/div>\n<\/div>\n<div class=\"container-fluid bg-white\">\n<div class=\"row\">\n<div class=\"col\"><\/div>\n<\/div>\n<\/div>\n<div class=\"container-fluid bg-white\">\n<div class=\"row\">\n<div class=\"col\">\n<hr \/>\n<\/div>\n<\/div>\n<\/div>\n<div class=\"container-fluid bg-white\">\n<div class=\"row\"><\/div>\n<\/div>\n<\/div>\n<\/div>\n<\/div>\n<\/section>\n<ul>\n<li class=\"p5\"><span class=\"s1\"><strong><a href=\"https:\/\/www.caixabank.com\/aplnr\/buscadorcom\/index_es.html?q=comic&amp;search=\">acceder <i>online<\/i> y de forma gratuita a la versi\u00f3n digital del c\u00f3mic<\/a>: <\/strong><a href=\"http:\/\/www.CaixaBank.com\"><span class=\"s2\">www.CaixaBank.com<\/span><\/a><\/span><\/li>\n<\/ul>\n<figure id=\"attachment_289016\" class=\"wp-caption aligncenter\" aria-describedby=\"caption-attachment-289016\"><figcaption id=\"caption-attachment-289016\" class=\"wp-caption-text\">La idea es que los j\u00f3venes sean conscientes de c\u00f3mo ganar y administrar su dinero. Foto Unsplash @anniespratt<\/figcaption><\/figure>\n<ul>\n<li>C\u00f3mic \u00abOperaci\u00f3n Fusi\u00f3n\u00bb<\/li>\n<li>Explica qu\u00e9 es una fusi\u00f3n bancaria y c\u00f3mo se articula<\/li>\n<li>C\u00f3mic<a href=\"https:\/\/multimedia.caixabank.es\/lacaixa\/ondemand\/criteria\/espacioaccionista\/comicaulajunio19\/es\/sources\/comic-1\/#1\"> \u00abOperaci\u00f3n Cupcake\u00bb<\/a><\/li>\n<li>Desgrana el funcionamiento del mercado de valores<\/li>\n<li>C\u00f3mic <a href=\"https:\/\/multimedia.caixabank.es\/lacaixa\/ondemand\/criteria\/espacioaccionista\/comicaula2020\/es\/sources\/comic\/#1\">\u00abOperaci\u00f3n Junta\u00bb<\/a><\/li>\n<li>Desarrollan las distintas actividades de un banco<\/li>\n<li>C\u00f3mic <a href=\"https:\/\/multimedia.caixabank.es\/lacaixa\/ondemand\/criteria\/espacioaccionista\/comicaulajunio19\/es\/sources\/comic\/#1\">\u00abOperaci\u00f3n Aulabank\u00bb<\/a><\/li>\n<li>Explica qu\u00e9 es y c\u00f3mo funciona una Junta General de Accionistas y cu\u00e1les son los \u00f3rganos de gobierno de una empresa.<\/li>\n<\/ul>\n<p>Este cuarto c\u00f3mic completa a los otros tres lanzados anteriormente. Se trata de <a href=\"https:\/\/multimedia.caixabank.es\/lacaixa\/ondemand\/criteria\/espacioaccionista\/comicaulajunio19\/es\/sources\/comic-1\/#1\"><span class=\"s2\"><b><i>Operaci\u00f3n Cupcake<\/i><\/b><\/span><\/a>, que desgrana el funcionamiento del mercado de valores; <a href=\"https:\/\/multimedia.caixabank.es\/lacaixa\/ondemand\/criteria\/espacioaccionista\/comicaulajunio19\/es\/sources\/comic\/#1\"><span class=\"s2\"><b><i>Operaci\u00f3n AulaBank<\/i><\/b><\/span><\/a>, que desarrollan las distintas actividades de un banco; y <a href=\"https:\/\/multimedia.caixabank.es\/lacaixa\/ondemand\/criteria\/espacioaccionista\/comicaula2020\/es\/sources\/comic\/#1\"><span class=\"s2\"><b><i>Operaci\u00f3n Junta<\/i><\/b><\/span><\/a>, que explica qu\u00e9 es y c\u00f3mo funciona una Junta General de Accionistas y cu\u00e1les son los \u00f3rganos de gobierno de una empresa.<\/p>\n","protected":false},"excerpt":{"rendered":"<p>C\u00f3mic Aula. web La serie de comics \u201cLas Finanzas de Carlota\u201d, son un recurso did\u00e1ctico para descubrir de forma divertida el funcionamiento b\u00e1sico de la bolsa y las finanzas. Una iniciativa del programa Aula, para acercar el bienestar financiero a los m\u00e1s j\u00f3venes. Operaci\u00f3n Fusi\u00f3n Descubre que es una Fusi\u00f3n en este c\u00f3mic del programa [&hellip;]<\/p>\n","protected":false},"author":117,"featured_media":0,"parent":19,"menu_order":0,"comment_status":"closed","ping_status":"closed","template":"","meta":{"footnotes":""},"class_list":["post-4940","page","type-page","status-publish","hentry","post-preview"],"_links":{"self":[{"href":"https:\/\/edublog.educastur.es\/corredoria3\/wp-json\/wp\/v2\/pages\/4940","targetHints":{"allow":["GET"]}}],"collection":[{"href":"https:\/\/edublog.educastur.es\/corredoria3\/wp-json\/wp\/v2\/pages"}],"about":[{"href":"https:\/\/edublog.educastur.es\/corredoria3\/wp-json\/wp\/v2\/types\/page"}],"author":[{"embeddable":true,"href":"https:\/\/edublog.educastur.es\/corredoria3\/wp-json\/wp\/v2\/users\/117"}],"replies":[{"embeddable":true,"href":"https:\/\/edublog.educastur.es\/corredoria3\/wp-json\/wp\/v2\/comments?post=4940"}],"version-history":[{"count":3,"href":"https:\/\/edublog.educastur.es\/corredoria3\/wp-json\/wp\/v2\/pages\/4940\/revisions"}],"predecessor-version":[{"id":4942,"href":"https:\/\/edublog.educastur.es\/corredoria3\/wp-json\/wp\/v2\/pages\/4940\/revisions\/4942"}],"up":[{"embeddable":true,"href":"https:\/\/edublog.educastur.es\/corredoria3\/wp-json\/wp\/v2\/pages\/19"}],"wp:attachment":[{"href":"https:\/\/edublog.educastur.es\/corredoria3\/wp-json\/wp\/v2\/media?parent=4940"}],"curies":[{"name":"wp","href":"https:\/\/api.w.org\/{rel}","templated":true}]}}