{"id":5004,"date":"2021-10-20T19:55:18","date_gmt":"2021-10-20T17:55:18","guid":{"rendered":"https:\/\/edublog.educastur.es\/corredoria3\/?page_id=5004"},"modified":"2021-11-13T10:14:41","modified_gmt":"2021-11-13T08:14:41","slug":"noviembre","status":"publish","type":"page","link":"https:\/\/edublog.educastur.es\/corredoria3\/profes_cursos\/2021-2\/noviembre\/","title":{"rendered":"Noviembre"},"content":{"rendered":"<div class=\"\" dir=\"auto\">\n<div id=\"jsc_c_hp\" class=\"ecm0bbzt hv4rvrfc ihqw7lf3 dati1w0a\" data-ad-comet-preview=\"message\" data-ad-preview=\"message\">\n<div class=\"j83agx80 cbu4d94t ew0dbk1b irj2b8pg\">\n<div class=\"qzhwtbm6 knvmm38d\">\n<div class=\"kvgmc6g5 cxmmr5t8 oygrvhab hcukyx3x c1et5uql ii04i59q\">\n<p style=\"text-align: center\"><a href=\"https:\/\/cprcuencasmineras.es\/\"><img loading=\"lazy\" decoding=\"async\" class=\"alignnone\" src=\"https:\/\/cprcuencasmineras.es\/images\/css\/cabecera\/logo.png?1582889440https:\/\/cprcuencasmineras.es\/images\/css\/cabecera\/logo.png?1582889440\" alt=\"\" width=\"212\" height=\"50\" \/><\/a><\/p>\n<ul>\n<li><a href=\"https:\/\/cprcuencasmineras.es\/cursos\"><strong>CPR Cuencas Minera NOVIEMBRE VER<\/strong><\/a><\/li>\n<\/ul>\n<div class=\"row-fluid un-curso even\">\n<ul>\n<li class=\"span25 nombre-curso\"><a class=\"curso\" title=\"UF: ESTRATEGIAS RESPETUOSAS PARA EL ALUMNADO DE EDUCACI\u00d3N INFANTIL\" href=\"https:\/\/cprcuencasmineras.es\/cursos\/show\/uf-metodologias-respetuosas\">UF: <strong>ESTRATEGIAS RESPETUOSAS PARA EL ALUMNADO DE EDUCACI\u00d3N INFANTIL<\/strong><\/a><\/li>\n<li>Martes 24 noviembre \/ <a href=\"https:\/\/cprcuencasmineras.es\/cursos\/inscripcion\/uf-metodologias-respetuosas\">Inscripci\u00f3n hasta 18 noviembre<\/a><\/li>\n<\/ul>\n<\/div>\n<div class=\"row-fluid un-curso odd\">\n<ul>\n<li class=\"span25 nombre-curso\"><a class=\"curso\" title=\"U.F.: ARMONIZAR EL DESACUERDO\" href=\"https:\/\/cprcuencasmineras.es\/cursos\/show\/u-f-armonizar-el-desacuerdo\">U.F.: <strong>ARMONIZAR EL DESACUERDO<\/strong><\/a><\/li>\n<li>Mi\u00e9rcoles 1 Diciembre \/ <a href=\"https:\/\/cprcuencasmineras.es\/cursos\/inscripcion\/u-f-armonizar-el-desacuerdo\">Inscripci\u00f3n hasta 25 Noviembre<\/a><\/li>\n<li><\/li>\n<\/ul>\n<\/div>\n<div class=\"row-fluid un-curso even\">\n<ul>\n<li class=\"span25 nombre-curso\"><a class=\"curso\" title=\"UF: GESTIONANDO LA DISRUPCI\u00d3N EN EDUCACI\u00d3N PRIMARIA \" href=\"https:\/\/cprcuencasmineras.es\/cursos\/show\/uf-gestionando-la-disrupcion\">UF: <strong>GESTIONANDO LA DISRUPCI\u00d3N EN EDUCACI\u00d3N PRIMARIA<\/strong> <\/a><\/li>\n<li><span class=\"nombre-campo\"><strong>Material adicional<\/strong><\/span> <span class=\"campo\"><a title=\"Descargar D\u00edptico\" href=\"https:\/\/cprcuencasmineras.es\/cursos\/download_documento\/386\">D\u00edptico<\/a><\/span>\/ <span class=\"campo\"><a title=\"Descargar Explicaci\u00f3n Unidades Formativas\" href=\"https:\/\/cprcuencasmineras.es\/cursos\/download_documento\/388\">\u00a0 Explicaci\u00f3n Unidades Formativas<\/a><\/span><\/li>\n<li>Jueves 9 Diciembre \/ <a href=\"https:\/\/cprcuencasmineras.es\/cursos\/inscripcion\/uf-gestionando-la-disrupcion\">Inscripci\u00f3n hasta 1 Diciembre<\/a><\/li>\n<li><\/li>\n<\/ul>\n<div>\n<div class=\"row-fluid un-curso even\">\n<ul>\n<li class=\"span25 nombre-curso\"><a class=\"curso\" title=\"DISE\u00d1O DE ACTUACIONES COLABORATIVAS CON EL ALUMNADO TEL DENTRO DEL MARCO DE LA ESCUELA INCLUSIVA\" href=\"https:\/\/cprcuencasmineras.es\/cursos\/show\/diseno-de-actuaciones-colaborativas-con-el-alumnado-tel-dentro-del-marco-de-la-escuela-inclusiva\">DISE\u00d1O DE ACTUACIONES COLABORATIVAS CON EL <strong>ALUMNADO TEL<\/strong> DENTRO DEL MARCO DE LA ESCUELA INCLUSIVA<\/a><\/li>\n<li>24 de noviembre y 1 diciembre \/\u00a0 <a href=\"https:\/\/cprcuencasmineras.es\/cursos\/inscripcion\/diseno-de-actuaciones-colaborativas-con-el-alumnado-tel-dentro-del-marco-de-la-escuela-inclusiva\">Inscripci\u00f3n hasta 19 Noviembre<\/a><\/li>\n<li><\/li>\n<\/ul>\n<\/div>\n<div class=\"row-fluid un-curso odd\">\n<ul>\n<li class=\"span25 nombre-curso\"><a class=\"curso\" title=\"VIII JORNADAS DE EDUCACI\u00d3N PARA LA IGUALDAD: ESPACIOS PARA COEDUCAR\" href=\"https:\/\/cprcuencasmineras.es\/cursos\/show\/viii-jornadas-de-educacion-para-la-igualdad-espacios-para-coeducar-2\"><strong>VIII JORNADAS DE EDUCACI\u00d3N PARA LA IGUALDAD<\/strong>: ESPACIOS PARA COEDUCAR<\/a><\/li>\n<li>19 y 20 noviembre \/ <a href=\"https:\/\/cprcuencasmineras.es\/cursos\/inscripcion\/viii-jornadas-de-educacion-para-la-igualdad-espacios-para-coeducar-2\">Inscripci\u00f3n hasta 14 noviembre<\/a><\/li>\n<li>\n<div class=\"row-fluid un-curso odd\">\n<div class=\"span25 nombre-curso\"><a class=\"curso\" title=\"GTI: ANOVACI\u00d3N METODOL\u00d3XICA DEL PROFESOR\u00c1U DE LLINGUA ASTURIANA\" href=\"https:\/\/cprcuencasmineras.es\/cursos\/show\/anovacion-metodoloxica-del-profesorau-de-llingua-asturiana\">GTI: <strong>ANOVACI\u00d3N METODOL\u00d3XICA DEL PROFESOR\u00c1U DE LLINGUA ASTURIANA<\/strong><\/a><\/div>\n<div>Avientu\u00a0 a mayu \/ 20 hores<\/div>\n<\/div>\n<\/li>\n<li>\n<div><a href=\"https:\/\/cprcuencasmineras.es\/cursos\/inscripcion\/anovacion-metodoloxica-del-profesorau-de-llingua-asturiana\">Inscripci\u00f3n hasta 25 noviembre<\/a><\/div>\n<div class=\"row-fluid un-curso odd\">\n<div class=\"span23 opciones\"><\/div>\n<\/div>\n<\/li>\n<\/ul>\n<\/div>\n<\/div>\n<\/div>\n<\/div>\n<h2><img loading=\"lazy\" decoding=\"async\" class=\"aligncenter\" src=\"https:\/\/encrypted-tbn0.gstatic.com\/images?q=tbn:ANd9GcTR28kVyfgd3qwCkn2ICP6JNBpKea-RZS3fF5sLEuFyAkmWuml3Qyn-alg-FidZmJD8Ug&amp;usqp=CAU\" width=\"281\" height=\"30\" \/><\/h2>\n<div class=\"kvgmc6g5 cxmmr5t8 oygrvhab hcukyx3x c1et5uql ii04i59q\">\n<ul>\n<li><a href=\"https:\/\/cprcuencasmineras.es\/cursos\"><strong>CPR Cuencas Minera NOVIEMBRE VER<\/strong><\/a><\/li>\n<\/ul>\n<div class=\"row-fluid content-listado-cursos\">\n<div class=\"container\">\n<div class=\"row-fluid un-curso odd\">\n<ul>\n<li class=\"span25 nombre-curso\"><a class=\"curso\" title=\"TERTULIA PEDAG\u00d3GICA DIAL\u00d3GICA\" href=\"https:\/\/cprcuencasmineras.es\/cursos\/show\/tertulia-pedagogica-dialogica-2\">TERTULIA PEDAG\u00d3GICA DIAL\u00d3GICA<\/a><\/li>\n<li>Inscripci\u00f3n hasta <strong><span style=\"color: #800000\">19 Noviembre<\/span><\/strong><\/li>\n<\/ul>\n<\/div>\n<div class=\"row-fluid un-curso even\">\n<ul>\n<li class=\"span25 nombre-curso\"><a class=\"curso\" title=\"DISE\u00d1O DE ACTUACIONES COLABORATIVAS CON EL ALUMNADO TEL DENTRO DEL MARCO DE LA ESCUELA INCLUSIVA\" href=\"https:\/\/cprcuencasmineras.es\/cursos\/show\/diseno-de-actuaciones-colaborativas-con-el-alumnado-tel-dentro-del-marco-de-la-escuela-inclusiva\">DISE\u00d1O DE ACTUACIONES COLABORATIVAS CON EL ALUMNADO TEL DENTRO DEL MARCO DE LA ESCUELA INCLUSIVA<\/a><\/li>\n<li>Inscripci\u00f3n hasta<strong><span style=\"color: #800000\"> 19 Noviembre<\/span><\/strong><\/li>\n<li>Fechas: 24 Noviembre y 1 Diciembre<\/li>\n<\/ul>\n<\/div>\n<div class=\"row-fluid un-curso odd\"><\/div>\n<\/div>\n<\/div>\n<div dir=\"auto\">\n<h2><img loading=\"lazy\" decoding=\"async\" class=\"aligncenter\" src=\"https:\/\/encrypted-tbn0.gstatic.com\/images?q=tbn:ANd9GcTR28kVyfgd3qwCkn2ICP6JNBpKea-RZS3fF5sLEuFyAkmWuml3Qyn-alg-FidZmJD8Ug&amp;usqp=CAU\" width=\"281\" height=\"30\" \/><\/h2>\n<\/div>\n<\/div>\n<\/div>\n<\/div>\n<\/div>\n<\/div>\n<h2 class=\"entry-title fusion-post-title\" style=\"text-align: center\"><em><span style=\"color: #008080\">Congreso Internacional de Ense\u00f1anza de Lenguas<br \/>\nen edades tempranas (de 0 a 12 a\u00f1os)<\/span><\/em><\/h2>\n<div class=\"post-content\">\n<p><img loading=\"lazy\" decoding=\"async\" class=\"aligncenter\" src=\"https:\/\/congresos.ugr.es\/ellme2022\/wp-content\/uploads\/sites\/64\/2021\/05\/Logotipo_Ellme.png\" alt=\"logotipo congreso\" width=\"600\" height=\"196\" \/><\/p>\n<p><strong>International HYBRID Conference Future Challenges in Early Language Learning and Multilingual Education (ELLME2022) <\/strong>es un congreso que pretende facilitar un foro de discusi\u00f3n para personas investigadoras y profesionales en la <strong><span style=\"color: #008080\">ense\u00f1anza de la lengua y educaci\u00f3n\u00a0 pluriling\u00fce<\/span><\/strong> en edades tempranas y en diversos contextos socioling\u00fc\u00edsticos.<\/p>\n<p>El congreso se desarrollar\u00e1 con un<span style=\"color: #008080\"><strong> formato h\u00edbrido del 22 al 24 de junio de 2022<\/strong><\/span>, ofertando la posibilidad de asistir de forma presencial u online.<\/p>\n<ul>\n<li><a href=\"https:\/\/drive.google.com\/file\/d\/1YwSYw8su_EPQR3_mUzhQWet4eF9NYhqH\/view\" target=\"_blank\" rel=\"noopener noreferrer\">Informaci\u00f3n resumida del evento (pdf)<\/a><\/li>\n<li><a href=\"https:\/\/congresos.ugr.es\/ellme2022\/\" target=\"_blank\" rel=\"noopener noreferrer\">P\u00e1gina web del congreso<\/a><\/li>\n<\/ul>\n<p><img loading=\"lazy\" decoding=\"async\" class=\"aligncenter\" src=\"https:\/\/encrypted-tbn0.gstatic.com\/images?q=tbn:ANd9GcTR28kVyfgd3qwCkn2ICP6JNBpKea-RZS3fF5sLEuFyAkmWuml3Qyn-alg-FidZmJD8Ug&amp;usqp=CAU\" width=\"375\" height=\"40\" \/><\/p>\n<p>&nbsp;<\/p>\n<\/div>\n","protected":false},"excerpt":{"rendered":"<p>CPR Cuencas Minera NOVIEMBRE VER UF: ESTRATEGIAS RESPETUOSAS PARA EL ALUMNADO DE EDUCACI\u00d3N INFANTIL Martes 24 noviembre \/ Inscripci\u00f3n hasta 18 noviembre U.F.: ARMONIZAR EL DESACUERDO Mi\u00e9rcoles 1 Diciembre \/ Inscripci\u00f3n hasta 25 Noviembre UF: GESTIONANDO LA DISRUPCI\u00d3N EN EDUCACI\u00d3N PRIMARIA Material adicional D\u00edptico\/ \u00a0 Explicaci\u00f3n Unidades Formativas Jueves 9 Diciembre \/ Inscripci\u00f3n hasta 1 [&hellip;]<\/p>\n","protected":false},"author":117,"featured_media":0,"parent":4980,"menu_order":0,"comment_status":"closed","ping_status":"closed","template":"","meta":{"footnotes":""},"class_list":["post-5004","page","type-page","status-publish","hentry","post-preview"],"_links":{"self":[{"href":"https:\/\/edublog.educastur.es\/corredoria3\/wp-json\/wp\/v2\/pages\/5004","targetHints":{"allow":["GET"]}}],"collection":[{"href":"https:\/\/edublog.educastur.es\/corredoria3\/wp-json\/wp\/v2\/pages"}],"about":[{"href":"https:\/\/edublog.educastur.es\/corredoria3\/wp-json\/wp\/v2\/types\/page"}],"author":[{"embeddable":true,"href":"https:\/\/edublog.educastur.es\/corredoria3\/wp-json\/wp\/v2\/users\/117"}],"replies":[{"embeddable":true,"href":"https:\/\/edublog.educastur.es\/corredoria3\/wp-json\/wp\/v2\/comments?post=5004"}],"version-history":[{"count":12,"href":"https:\/\/edublog.educastur.es\/corredoria3\/wp-json\/wp\/v2\/pages\/5004\/revisions"}],"predecessor-version":[{"id":5076,"href":"https:\/\/edublog.educastur.es\/corredoria3\/wp-json\/wp\/v2\/pages\/5004\/revisions\/5076"}],"up":[{"embeddable":true,"href":"https:\/\/edublog.educastur.es\/corredoria3\/wp-json\/wp\/v2\/pages\/4980"}],"wp:attachment":[{"href":"https:\/\/edublog.educastur.es\/corredoria3\/wp-json\/wp\/v2\/media?parent=5004"}],"curies":[{"name":"wp","href":"https:\/\/api.w.org\/{rel}","templated":true}]}}