{"id":5078,"date":"2021-11-17T23:23:11","date_gmt":"2021-11-17T21:23:11","guid":{"rendered":"https:\/\/edublog.educastur.es\/corredoria3\/?page_id=5078"},"modified":"2021-11-17T23:23:36","modified_gmt":"2021-11-17T21:23:36","slug":"convocatorias","status":"publish","type":"page","link":"https:\/\/edublog.educastur.es\/corredoria3\/profes_cursos\/convocatorias\/","title":{"rendered":"Convocatorias"},"content":{"rendered":"<p style=\"text-align: center\"><a href=\"https:\/\/www.educacionyfp.gob.es\/servicios-al-ciudadano\/catalogo.html?fbclid=IwAR0_iBoWe42gBg9z34EILxrIs4xqz4cW5VHe7iRdkkVRZ-a07cOY8DFqBIo\"><img loading=\"lazy\" decoding=\"async\" class=\"alignnone\" src=\"https:\/\/tinypix.top\/images\/2021\/11\/17\/vVHMr.png\" alt=\"\" width=\"459\" height=\"258\" \/><\/a><\/p>\n<ul>\n<li><a href=\"https:\/\/www.educacionyfp.gob.es\/servicios-al-ciudadano\/catalogo.html?fbclid=IwAR0_iBoWe42gBg9z34EILxrIs4xqz4cW5VHe7iRdkkVRZ-a07cOY8DFqBIo\"><span style=\"color: #008080\"><strong>Accede a las convocatorias<\/strong><\/span><\/a><\/li>\n<\/ul>\n<p><span class=\"d2edcug0 hpfvmrgz qv66sw1b c1et5uql lr9zc1uh a8c37x1j keod5gw0 nxhoafnm aigsh9s9 d3f4x2em fe6kdd0r mau55g9w c8b282yb iv3no6db jq4qci2q a3bd9o3v b1v8xokw oo9gr5id\" dir=\"auto\">Consulta en nuestra web todas las convocatorias del Ministerio de Educaci\u00f3n y Formaci\u00f3n Profesional. Ahora mismo est\u00e1n abiertos los concursos de traslados y de m\u00e9ritos para funcionarios, o la convalidaci\u00f3n de m\u00f3dulos de Artes Pl\u00e1sticas y Dise\u00f1o, entre otras.<\/p>\n<p><span class=\"pq6dq46d tbxw36s4 knj5qynh kvgmc6g5 ditlmg2l oygrvhab nvdbi5me sf5mxxl7 gl3lb2sf hhz5lgdu\"><img loading=\"lazy\" decoding=\"async\" src=\"https:\/\/static.xx.fbcdn.net\/images\/emoji.php\/v9\/taa\/1.5\/16\/1f449.png\" alt=\"?\" width=\"16\" height=\"16\" \/><\/span><a class=\"oajrlxb2 g5ia77u1 qu0x051f esr5mh6w e9989ue4 r7d6kgcz rq0escxv nhd2j8a9 nc684nl6 p7hjln8o kvgmc6g5 cxmmr5t8 oygrvhab hcukyx3x jb3vyjys rz4wbd8a qt6c0cv9 a8nywdso i1ao9s8h esuyzwwr f1sip0of lzcic4wl py34i1dx gpro0wi8\" role=\"link\" href=\"https:\/\/www.educacionyfp.gob.es\/servicios-al-ciudadano\/catalogo.html?fbclid=IwAR0_iBoWe42gBg9z34EILxrIs4xqz4cW5VHe7iRdkkVRZ-a07cOY8DFqBIo\" target=\"_blank\" rel=\"nofollow noopener\">https:\/\/www.educacionyfp.gob.es\/servicios&#8230;\/catalogo.html<\/a><\/span><\/p>\n","protected":false},"excerpt":{"rendered":"<p>Accede a las convocatorias Consulta en nuestra web todas las convocatorias del Ministerio de Educaci\u00f3n y Formaci\u00f3n Profesional. Ahora mismo est\u00e1n abiertos los concursos de traslados y de m\u00e9ritos para funcionarios, o la convalidaci\u00f3n de m\u00f3dulos de Artes Pl\u00e1sticas y Dise\u00f1o, entre otras. https:\/\/www.educacionyfp.gob.es\/servicios&#8230;\/catalogo.html<\/p>\n","protected":false},"author":117,"featured_media":0,"parent":4660,"menu_order":0,"comment_status":"closed","ping_status":"closed","template":"","meta":{"footnotes":""},"class_list":["post-5078","page","type-page","status-publish","hentry","post-preview"],"_links":{"self":[{"href":"https:\/\/edublog.educastur.es\/corredoria3\/wp-json\/wp\/v2\/pages\/5078","targetHints":{"allow":["GET"]}}],"collection":[{"href":"https:\/\/edublog.educastur.es\/corredoria3\/wp-json\/wp\/v2\/pages"}],"about":[{"href":"https:\/\/edublog.educastur.es\/corredoria3\/wp-json\/wp\/v2\/types\/page"}],"author":[{"embeddable":true,"href":"https:\/\/edublog.educastur.es\/corredoria3\/wp-json\/wp\/v2\/users\/117"}],"replies":[{"embeddable":true,"href":"https:\/\/edublog.educastur.es\/corredoria3\/wp-json\/wp\/v2\/comments?post=5078"}],"version-history":[{"count":2,"href":"https:\/\/edublog.educastur.es\/corredoria3\/wp-json\/wp\/v2\/pages\/5078\/revisions"}],"predecessor-version":[{"id":5080,"href":"https:\/\/edublog.educastur.es\/corredoria3\/wp-json\/wp\/v2\/pages\/5078\/revisions\/5080"}],"up":[{"embeddable":true,"href":"https:\/\/edublog.educastur.es\/corredoria3\/wp-json\/wp\/v2\/pages\/4660"}],"wp:attachment":[{"href":"https:\/\/edublog.educastur.es\/corredoria3\/wp-json\/wp\/v2\/media?parent=5078"}],"curies":[{"name":"wp","href":"https:\/\/api.w.org\/{rel}","templated":true}]}}