{"id":5121,"date":"2022-01-14T19:14:06","date_gmt":"2022-01-14T17:14:06","guid":{"rendered":"https:\/\/edublog.educastur.es\/corredoria3\/?page_id=5121"},"modified":"2022-01-14T19:15:18","modified_gmt":"2022-01-14T17:15:18","slug":"de-pago-ugt","status":"publish","type":"page","link":"https:\/\/edublog.educastur.es\/corredoria3\/profes_cursos\/2022-2\/enero\/de-pago-ugt\/","title":{"rendered":"de pago UGT"},"content":{"rendered":"<p><span style=\"color: #800080\">Adjuntamos una nueva convocatoria de<strong> cursos dirigidos al profesorado de Ense\u00f1anza Primari<\/strong>a y Secundaria.\u00a0 <strong>Mediante estos cursos se obtiene una certificaci\u00f3n convalidada (v\u00e1lida para sexenios) por el Instituto Nacional de Tecnolog\u00edas Educativas y de Formaci\u00f3n del Profesorado (INTEF).<\/strong><\/span><\/p>\n<p><span style=\"color: #800080\">Para poder realizar estos cursos<strong> es imprescindible disponer de firma digital<\/strong> y ordenador con buena conexi\u00f3n a Internet.<\/span><\/p>\n<h5 data-ft=\"{&quot;tn&quot;:&quot;C&quot;}\"><strong><a href=\"http:\/\/www.fespugtasturias.com\/ensenanza\/4400-nueva-convocatoria-de-cursos-de-formacion-permanente-para-el-profesorado-homologados-por-el-mefp\" target=\"_blank\" rel=\"noopener noreferrer\" data-auth=\"NotApplicable\" data-linkindex=\"11\">NUEVA CONVOCATORIA DE CURSOS DE FORMACI\u00d3N PERMANENTE PARA EL PROFESORADO HOMOLOGADOS POR EL MEFP<\/a>\u00a0\u00a0\u00a0\u00a0\u00a0\u00a0\u00a0 \u00a0\u00a0\u00a0\u00a0\u00a0\u00a0\u00a0\u00a0\u00a0\u00a0\u00a0 \u00a0\u00a0\u00a0\u00a0\u00a0\u00a0\u00a0\u00a0\u00a0\u00a0\u00a0\u00a0\u00a0\u00a0\u00a0\u00a0\u00a0\u00a0\u00a0\u00a0\u00a0\u00a0\u00a0\u00a0\u00a0\u00a0\u00a0\u00a0\u00a0\u00a0\u00a0\u00a0\u00a0\u00a0 \u00a0\u00a0\u00a0\u00a0\u00a0\u00a0\u00a0\u00a0\u00a0\u00a0\u00a0\u00a0\u00a0<\/strong><\/h5>\n<p>Este primer semestre del a\u00f1o 2022, UGT-Servicios P\u00fablicos ofrece <strong>3 cursos<\/strong> distribuidos en los meses de febrero y marzo. Estos cursos se realizar\u00e1n mediante la modalidad online as\u00ed como online-presencial (mediante sesiones por videoconferencia).<\/p>\n<p>Para la preinscripci\u00f3n en los cursos es necesario rellenar la hoja de preinscripci\u00f3n del curso seleccionado y enviarla a\u00a0<span id=\"cloak152e91fa846facca3e145e900d711ce6\"><a href=\"mailto:formacion.federal@ugt-sp.eu\">formacion.federal@ugt-sp.eu<\/a><\/span>, junto con el <span style=\"color: #800080\"><strong>recibo de la transferencia<\/strong><\/span>, copia del DNI y la cabecera de la n\u00f3mina. En la hoja de preinscripci\u00f3n encontrar\u00e1 toda la informaci\u00f3n detallada.<\/p>\n<p>Debido a la modalidad online de los mismos, ser\u00e1 <strong>imprescindible<\/strong> disponer de firma digital as\u00ed como un ordenador con buena conexi\u00f3n a internet, para poder realizar correctamente los cursos.<\/p>\n<p>A continuaci\u00f3n detallamos la informaci\u00f3n de cada uno de los cursos:<\/p>\n<p><a href=\"https:\/\/www.fespugt.es\/images\/GENERAL_FORMACI\u00d3N_PERMANENTE.pdf\" target=\"_blank\" rel=\"noopener\"><strong>INFORMACI\u00d3N GENERAL CURSOS SEMESTRE 1\u00a0<\/strong>\u00a0<\/a><\/p>\n<ul>\n<li data-mce-word-list=\"1\"><strong>CENTROS EDUCATIVOS PROMOTORES DE LA SALUD <\/strong>(20h)<\/li>\n<\/ul>\n<p><span style=\"color: #800080\">Del 01\/02\/2022 al 28\/02\/2022 (martes de <strong>febrero<\/strong>: videoconferencias de 16.30h-20.30h).<\/span><\/p>\n<ul>\n<li><a href=\"https:\/\/www.fespugt.es\/images\/FOLLETO_CENTROS_PROMOTORES.pdf\" target=\"_blank\" rel=\"noopener\">Folleto curso\u00a0<\/a><\/li>\n<li><a href=\"https:\/\/www.fespugt.es\/images\/PREINSCRIPCI\u00d3N_CENTROS_PROMOTORES.pdf\" target=\"_blank\" rel=\"noopener\">Ficha preinscripci\u00f3n curso\u00a0<\/a><\/li>\n<\/ul>\n<ul>\n<li data-mce-word-list=\"1\"><strong>EL \u00c1LBUM ILUSTRADO. HERRAMIENTA CLAVE PARA LA EDUCACI\u00d3N EMOCIONAL Y SOCIAL <\/strong>(40h)<\/li>\n<\/ul>\n<p><span style=\"color: #800080\">Modalidad 100% online, que comienza el 7 febrero hasta el 4 marzo 2022.<\/span> El curso adem\u00e1s incluye dos sesiones en directo con la tutora el 10 y 24 de febrero de 14h a 15h.<\/p>\n<ul>\n<li><a href=\"https:\/\/www.fespugt.es\/images\/FOLLETO_ALBUM.pdf\" target=\"_blank\" rel=\"noopener\">Folleto curso\u00a0<\/a><\/li>\n<li><a href=\"https:\/\/www.fespugt.es\/images\/PREINSCRIPCI\u00d3N_\u00c1LBUM.pdf\" target=\"_blank\" rel=\"noopener\">Ficha preinscripci\u00f3n curso\u00a0<\/a><\/li>\n<\/ul>\n<ul>\n<li data-mce-word-list=\"1\"><strong>GAMIFICA TU AULA <\/strong>(20h)<\/li>\n<\/ul>\n<p><span style=\"color: #800080\">Del 07\/03\/2022 al 30\/03\/2022 (martes de <strong>MARZO<\/strong>: videoconferencias de 16.30h-20.30h).<\/span><\/p>\n<ul>\n<li><a href=\"https:\/\/www.fespugt.es\/images\/FOLLETO_GAMIFICA.pdf\" target=\"_blank\" rel=\"noopener\">Folleto curso<\/a><\/li>\n<li><a href=\"https:\/\/www.fespugt.es\/images\/PREINSCRIPCI\u00d3N_GAMIFICA.pdf\" target=\"_blank\" rel=\"noopener\">Ficha preinscripci\u00f3n curso\u00a0<\/a><\/li>\n<\/ul>\n","protected":false},"excerpt":{"rendered":"<p>Adjuntamos una nueva convocatoria de cursos dirigidos al profesorado de Ense\u00f1anza Primaria y Secundaria.\u00a0 Mediante estos cursos se obtiene una certificaci\u00f3n convalidada (v\u00e1lida para sexenios) por el Instituto Nacional de Tecnolog\u00edas Educativas y de Formaci\u00f3n del Profesorado (INTEF). Para poder realizar estos cursos es imprescindible disponer de firma digital y ordenador con buena conexi\u00f3n a [&hellip;]<\/p>\n","protected":false},"author":117,"featured_media":0,"parent":5110,"menu_order":0,"comment_status":"closed","ping_status":"closed","template":"","meta":{"footnotes":""},"class_list":["post-5121","page","type-page","status-publish","hentry","post-preview"],"_links":{"self":[{"href":"https:\/\/edublog.educastur.es\/corredoria3\/wp-json\/wp\/v2\/pages\/5121","targetHints":{"allow":["GET"]}}],"collection":[{"href":"https:\/\/edublog.educastur.es\/corredoria3\/wp-json\/wp\/v2\/pages"}],"about":[{"href":"https:\/\/edublog.educastur.es\/corredoria3\/wp-json\/wp\/v2\/types\/page"}],"author":[{"embeddable":true,"href":"https:\/\/edublog.educastur.es\/corredoria3\/wp-json\/wp\/v2\/users\/117"}],"replies":[{"embeddable":true,"href":"https:\/\/edublog.educastur.es\/corredoria3\/wp-json\/wp\/v2\/comments?post=5121"}],"version-history":[{"count":3,"href":"https:\/\/edublog.educastur.es\/corredoria3\/wp-json\/wp\/v2\/pages\/5121\/revisions"}],"predecessor-version":[{"id":5125,"href":"https:\/\/edublog.educastur.es\/corredoria3\/wp-json\/wp\/v2\/pages\/5121\/revisions\/5125"}],"up":[{"embeddable":true,"href":"https:\/\/edublog.educastur.es\/corredoria3\/wp-json\/wp\/v2\/pages\/5110"}],"wp:attachment":[{"href":"https:\/\/edublog.educastur.es\/corredoria3\/wp-json\/wp\/v2\/media?parent=5121"}],"curies":[{"name":"wp","href":"https:\/\/api.w.org\/{rel}","templated":true}]}}