{"id":5293,"date":"2022-11-03T08:48:22","date_gmt":"2022-11-03T06:48:22","guid":{"rendered":"https:\/\/edublog.educastur.es\/corredoria3\/?page_id=5293"},"modified":"2023-01-08T23:39:40","modified_gmt":"2023-01-08T21:39:40","slug":"dua","status":"publish","type":"page","link":"https:\/\/edublog.educastur.es\/corredoria3\/intranet-profes\/dua\/","title":{"rendered":"DUA"},"content":{"rendered":"<p>&nbsp;<\/p>\n<p style=\"text-align: center\"><a href=\"https:\/\/educastur-my.sharepoint.com\/:f:\/g\/personal\/isabellh_educastur_org\/EmfEKC_EshNIqTVIpWvHIwEBT_15PAr6EWWMQizGcn6sYg?e=y6yqP1\"><img loading=\"lazy\" decoding=\"async\" class=\"alignnone\" src=\"https:\/\/encrypted-tbn0.gstatic.com\/images?q=tbn:ANd9GcQSRdGpihF4NVLVJrMyOffVtO4nfgIymyaB3zMwVbvWpg5FuZg0-2ECCiY7Ptkug2YL_7g&amp;usqp=CAU\" alt=\"\" width=\"243\" height=\"207\" \/><\/a><\/p>\n<p style=\"text-align: center\">\n<!-- iframe plugin v.6.0 wordpress.org\/plugins\/iframe\/ -->\n<iframe loading=\"lazy\" width=\"100%\" height=\"523\" src=\"https:\/\/www.youtube.com\/embed\/MNmsCwsg9hM\" title=\"DUA, el Dise\u00f1o Universal de Aprendizaje\" frameborder=\"0\" allow=\"accelerometer; autoplay; clipboard-write; encrypted-media; gyroscope; picture-in-picture; web-share\" 0=\"allowfullscreen\" 1=\"\/iframe\" scrolling=\"yes\" class=\"iframe-class\"><\/iframe>\n<\/p>\n<ul>\n<li><a href=\"https:\/\/www.youtube.com\/watch?v=MNmsCwsg9hM\">Video Coral Elizondo<\/a><\/li>\n<\/ul>\n<p>&nbsp;<\/p>\n<ul>\n<li class=\"page_item page-item-5293 page_item_has_children current_page_item\"><span style=\"font-size: 24px\"><strong><a href=\"https:\/\/edublog.educastur.es\/corredoria3\/intranet-profes\/dua\/\">DUA<\/a><\/strong><\/span>\n<ul class=\"children\">\n<li class=\"page_item page-item-5301 page_item_has_children\" style=\"text-align: left\"><span style=\"font-size: 24px\"><strong><a href=\"https:\/\/edublog.educastur.es\/corredoria3\/intranet-profes\/dua\/articulos\/\">Art\u00edculos<\/a><\/strong><\/span>\n<ul class=\"children\">\n<li class=\"page_item page-item-5326\"><span style=\"font-size: 24px\"><strong><a href=\"https:\/\/edublog.educastur.es\/corredoria3\/intranet-profes\/dua\/articulos\/5326-2\/\">Dise\u00f1o<\/a><\/strong><\/span><\/li>\n<li class=\"page_item page-item-5311\"><span style=\"font-size: 24px\"><strong><a href=\"https:\/\/edublog.educastur.es\/corredoria3\/intranet-profes\/dua\/articulos\/dua-y-libros\/\">DUA y libros<\/a><\/strong><\/span><\/li>\n<li class=\"page_item page-item-5320\"><span style=\"font-size: 24px\"><strong><a href=\"https:\/\/edublog.educastur.es\/corredoria3\/intranet-profes\/dua\/articulos\/dua-y-tdha\/\">DUA y TDHA<\/a><\/strong><\/span><\/li>\n<li class=\"page_item page-item-5298\"><span style=\"font-size: 24px\"><strong><a href=\"https:\/\/edublog.educastur.es\/corredoria3\/intranet-profes\/dua\/articulos\/5298-2\/\">Edu inclusiva<\/a><\/strong><\/span><\/li>\n<li class=\"page_item page-item-5316\"><span style=\"font-size: 24px\"><strong><a href=\"https:\/\/edublog.educastur.es\/corredoria3\/intranet-profes\/dua\/articulos\/idocente\/\">IDocente<\/a><\/strong><\/span><\/li>\n<li class=\"page_item page-item-5307\"><span style=\"font-size: 24px\"><strong><a href=\"https:\/\/edublog.educastur.es\/corredoria3\/intranet-profes\/dua\/articulos\/5307-2\/\">Qu\u00e9 es\u2026<\/a><\/strong><\/span><\/li>\n<\/ul>\n<\/li>\n<li class=\"page_item page-item-5303\" style=\"text-align: left\"><a href=\"https:\/\/edublog.educastur.es\/corredoria3\/intranet-profes\/dua\/videos\/\"><strong><span style=\"font-size: 20px\"><span style=\"font-size: 24px\">VIDEOS<\/span><\/span><\/strong><\/a><\/li>\n<\/ul>\n<\/li>\n<\/ul>\n<hr \/>\n<p style=\"text-align: center\"><a href=\"https:\/\/p.calameoassets.com\/201117002849-45c9334b2abe97d288c47557959b9458\/p1.jpg\"><img loading=\"lazy\" decoding=\"async\" class=\"alignnone\" src=\"https:\/\/p.calameoassets.com\/201117002849-45c9334b2abe97d288c47557959b9458\/p1.jpg\" alt=\"\" width=\"1034\" height=\"1598\" \/><\/a><\/p>\n<p style=\"text-align: center\"><a href=\"https:\/\/2.bp.blogspot.com\/-FGke83BaM88\/W_Jl1SHRdZI\/AAAAAAAAX3U\/ymgKHi82azQCtP3x44qJmUNX13zTl_p4ACLcBGAs\/s1600\/DsTR_mRW0AAdmFB.jpg\"><img loading=\"lazy\" decoding=\"async\" class=\"alignnone\" src=\"https:\/\/2.bp.blogspot.com\/-FGke83BaM88\/W_Jl1SHRdZI\/AAAAAAAAX3U\/ymgKHi82azQCtP3x44qJmUNX13zTl_p4ACLcBGAs\/s1600\/DsTR_mRW0AAdmFB.jpg\" alt=\"\" width=\"1600\" height=\"1131\" \/><\/a><\/p>\n<p style=\"text-align: center\"><a href=\"https:\/\/coralelizondo.files.wordpress.com\/2020\/01\/portada-dua-1.png\"><img loading=\"lazy\" decoding=\"async\" class=\"alignnone\" src=\"https:\/\/coralelizondo.files.wordpress.com\/2020\/01\/portada-dua-1.png\" alt=\"\" width=\"961\" height=\"682\" \/><\/a><\/p>\n<p style=\"text-align: center\"><a href=\"https:\/\/pbs.twimg.com\/media\/EcQNdWEX0AAyymR.jpg\"><img loading=\"lazy\" decoding=\"async\" class=\"alignnone\" src=\"https:\/\/pbs.twimg.com\/media\/EcQNdWEX0AAyymR.jpg\" alt=\"\" width=\"1200\" height=\"960\" \/><\/a><\/p>\n<p style=\"text-align: center\"><a href=\"https:\/\/pbs.twimg.com\/media\/EtHmOEbXIAEtrEM.jpg\"><img loading=\"lazy\" decoding=\"async\" class=\"alignnone\" src=\"https:\/\/pbs.twimg.com\/media\/EtHmOEbXIAEtrEM.jpg\" alt=\"\" width=\"1200\" height=\"671\" \/><\/a><\/p>\n<p style=\"text-align: center\"><a href=\"https:\/\/emtic.educarex.es\/crea\/primerospasos\/6_razones_DUA.png\"><img loading=\"lazy\" decoding=\"async\" class=\"alignnone\" src=\"https:\/\/emtic.educarex.es\/crea\/primerospasos\/6_razones_DUA.png\" alt=\"\" width=\"960\" height=\"540\" \/><\/a><\/p>\n<p style=\"text-align: center\"><a href=\"https:\/\/www.fecyt.es\/sites\/default\/files\/users\/user378\/duaok2.jpg\"><img loading=\"lazy\" decoding=\"async\" class=\"alignnone\" src=\"https:\/\/www.fecyt.es\/sites\/default\/files\/users\/user378\/duaok2.jpg\" alt=\"\" width=\"1000\" height=\"677\" \/><\/a><\/p>\n<p style=\"text-align: center\"><a href=\"https:\/\/creamosinclusion.com\/wp-content\/uploads\/2019\/11\/Rueda.jpg\"><img loading=\"lazy\" decoding=\"async\" class=\"alignnone\" src=\"https:\/\/creamosinclusion.com\/wp-content\/uploads\/2019\/11\/Rueda.jpg\" alt=\"\" width=\"796\" height=\"595\" \/><\/a><\/p>\n<p><a href=\"https:\/\/www.auladesigual.com\/wp-content\/uploads\/2021\/04\/DUA_mcp-768x512.png\"><img loading=\"lazy\" decoding=\"async\" class=\"aligncenter\" src=\"https:\/\/www.auladesigual.com\/wp-content\/uploads\/2021\/04\/DUA_mcp-768x512.png\" alt=\"\" width=\"768\" height=\"512\" \/><\/a><\/p>\n<p style=\"text-align: center\"><a href=\"https:\/\/www.agorabierta.com\/wp-content\/uploads\/2020\/03\/Dua_-2.jpg\"><img loading=\"lazy\" decoding=\"async\" class=\"alignnone\" src=\"https:\/\/www.agorabierta.com\/wp-content\/uploads\/2020\/03\/Dua_-2.jpg\" alt=\"\" width=\"1000\" height=\"800\" \/><\/a><\/p>\n<p>&nbsp;<\/p>\n<ul>\n<li><a href=\"https:\/\/pedagoque.com\/dua-diseno-universal-de-aprendizaje-que-es\/\">DUA \u00bfQu\u00e9 es?<\/a><\/li>\n<\/ul>\n<p style=\"text-align: center\"><span style=\"color: #008080;font-size: 20px\"><strong>\u00a0<\/strong><\/span><\/p>\n<p style=\"text-align: center\">\n<!-- iframe plugin v.6.0 wordpress.org\/plugins\/iframe\/ -->\n<iframe loading=\"lazy\" width=\"100%\" height=\"395\" src=\"https:\/\/www.youtube.com\/embed\/5d7nSmV55gE\" 0=\"\/iframe\" scrolling=\"yes\" class=\"iframe-class\" frameborder=\"0\"><\/iframe>\n<\/p>\n<p>En este evento tratar\u00e1 c\u00f3mo fomentar la inclusi\u00f3n desde una visi\u00f3n DUA y c\u00f3mo dise\u00f1ar un curr\u00edculo bajo los principios del Dise\u00f1o Universal para el Aprendizaje<\/p>\n<p>&nbsp;<\/p>\n","protected":false},"excerpt":{"rendered":"<p>&nbsp; Video Coral Elizondo &nbsp; DUA Art\u00edculos Dise\u00f1o DUA y libros DUA y TDHA Edu inclusiva IDocente Qu\u00e9 es\u2026 VIDEOS &nbsp; DUA \u00bfQu\u00e9 es? \u00a0 En este evento tratar\u00e1 c\u00f3mo fomentar la inclusi\u00f3n desde una visi\u00f3n DUA y c\u00f3mo dise\u00f1ar un curr\u00edculo bajo los principios del Dise\u00f1o Universal para el Aprendizaje &nbsp;<\/p>\n","protected":false},"author":117,"featured_media":0,"parent":834,"menu_order":0,"comment_status":"closed","ping_status":"closed","template":"","meta":{"footnotes":""},"class_list":["post-5293","page","type-page","status-publish","hentry","post-preview"],"_links":{"self":[{"href":"https:\/\/edublog.educastur.es\/corredoria3\/wp-json\/wp\/v2\/pages\/5293","targetHints":{"allow":["GET"]}}],"collection":[{"href":"https:\/\/edublog.educastur.es\/corredoria3\/wp-json\/wp\/v2\/pages"}],"about":[{"href":"https:\/\/edublog.educastur.es\/corredoria3\/wp-json\/wp\/v2\/types\/page"}],"author":[{"embeddable":true,"href":"https:\/\/edublog.educastur.es\/corredoria3\/wp-json\/wp\/v2\/users\/117"}],"replies":[{"embeddable":true,"href":"https:\/\/edublog.educastur.es\/corredoria3\/wp-json\/wp\/v2\/comments?post=5293"}],"version-history":[{"count":17,"href":"https:\/\/edublog.educastur.es\/corredoria3\/wp-json\/wp\/v2\/pages\/5293\/revisions"}],"predecessor-version":[{"id":5528,"href":"https:\/\/edublog.educastur.es\/corredoria3\/wp-json\/wp\/v2\/pages\/5293\/revisions\/5528"}],"up":[{"embeddable":true,"href":"https:\/\/edublog.educastur.es\/corredoria3\/wp-json\/wp\/v2\/pages\/834"}],"wp:attachment":[{"href":"https:\/\/edublog.educastur.es\/corredoria3\/wp-json\/wp\/v2\/media?parent=5293"}],"curies":[{"name":"wp","href":"https:\/\/api.w.org\/{rel}","templated":true}]}}