{"id":5311,"date":"2022-11-03T09:14:54","date_gmt":"2022-11-03T07:14:54","guid":{"rendered":"https:\/\/edublog.educastur.es\/corredoria3\/?page_id=5311"},"modified":"2022-11-03T09:14:54","modified_gmt":"2022-11-03T07:14:54","slug":"dua-y-libros","status":"publish","type":"page","link":"https:\/\/edublog.educastur.es\/corredoria3\/intranet-profes\/dua\/articulos\/dua-y-libros\/","title":{"rendered":"DUA y libros"},"content":{"rendered":"<div class=\"top-content-cntr has-hero\">\n<div class=\"top-title container box-shadow\">\n<div class=\"title-data-cntr\">\n<h1 class=\"h1\" style=\"text-align: center\"><a href=\"https:\/\/www.unicef.org\/lac\/dise%C3%B1o-universal-para-el-aprendizaje-y-libros-de-texto-digitales-accesibles\">Dise\u00f1o Universal para el Aprendizaje<br \/>\ny libros de texto digitales accesibles<\/a><\/h1>\n<h3 class=\"sub-title center\">Conoce en qu\u00e9 consiste y c\u00f3mo puede transformar la educaci\u00f3n<\/h3>\n<div class=\"sub-info\"><\/div>\n<\/div>\n<\/div>\n<div class=\"hero hero-default\">\n<div class=\"hero-image\">\n<div class=\"field node field_page_hero  odd-t entity_reference_revisions\">\n<div class=\"field paragraph field_component_hero_stnd_img  odd-t entity_reference\">\n<div class=\"view-hero field field--name-field-component-media field--type-entity-reference field--label-hidden field--item\">\n<div class=\"field media image  odd-t\">\n<div class=\"\"><img decoding=\"async\" class=\"b-lazy b-loaded\" src=\"https:\/\/www.unicef.org\/lac\/sites\/unicef.org.lac\/files\/styles\/hero_desktop\/public\/UN0325916.jpg?itok=kPIbvUmp\" alt=\"Cboard -- an AAC open source web application for children and adults with speech and language impairments, aiding communication with symbols and text-to-speech.\" \/><\/div>\n<\/div>\n<div class=\"img-cc-cntr content-full-grid\"><span class=\"note m-credit grey-lighter grey-lighter field_media_img_credit\">UNICEF\/UN0325916\/<\/span><\/div>\n<\/div>\n<\/div>\n<\/div>\n<\/div>\n<\/div>\n<\/div>\n<div class=\"main-content-cntr selectric-small\">\n<div class=\"in-page-lang text_long grey-lighter-bc\">\n<div class=\"linkcntr\">\n<ul class=\"language-switcher-language-url link-smaller text-smaller-input\">\n<li>Disponible en:<\/li>\n<li><span class=\"language-link active\">Espa\u00f1ol<\/span><\/li>\n<li data-drupal-link-system-path=\"node\/11261\"><a class=\"language-link\" href=\"https:\/\/www.unicef.org\/lac\/en\/universal-design-learning-and-accessible-digital-textbooks\">English<\/a><\/li>\n<\/ul>\n<\/div>\n<\/div>\n<div class=\"container-content\">\n<div class=\"field node field_page_content_blocks  section-cntr odd-t entity_reference_revisions\">\n<div class=\"white-bg\">\n<section class=\"section section--block component-section has-title \" role=\"contentinfo\" aria-label=\"\u00bfQu\u00e9 es el Dise\u00f1o Universal para el Aprendizaje (DUA)?\">\n<div class=\"container\">\n<div class=\"stitle-cntr\">\n<div class=\"text\">\n<h2 class=\"field center field--name-field-component-sec-title\">\u00bfQu\u00e9 es el Dise\u00f1o Universal para el Aprendizaje (DUA)?<\/h2>\n<\/div>\n<\/div>\n<div class=\"field paragraph field_component_sec_blocks entity_reference_revisions\">\n<div class=\"field_component_sec_blocks-item odd\">\n<div class=\"text--block-content section-block-content\">\n<div class=\"comp-txt\">\n<div class=\"field paragraph field_component_text_content  odd-t text_long\">\n<p>El DUA es un marco educativo que reconoce que todos los ni\u00f1os, ni\u00f1as y adolescentes aprenden de diversas maneras y se benefician de t\u00e9cnicas de aprendizaje diferenciadas en el aula.<\/p>\n<p>Esencialmente, el DUA se aplica a las pr\u00e1cticas, espacios y materiales educativos, buscando adaptarse a las diferencias y estilos de aprendizaje individuales en entornos escolares flexibles.<\/p>\n<p>Este enfoque se adapta especialmente a los ni\u00f1os, ni\u00f1as y adolescentes con diferentes tipos de discapacidades y facilitan su inclusi\u00f3n en el aula.<\/p>\n<\/div>\n<\/div>\n<\/div>\n<\/div>\n<div class=\"field_component_sec_blocks-item even\">\n<blockquote class=\"text\">\n<h2 class=\"text-align-center\"><em>Cuando el sistema educativo se aleja de modelos educativos que intentan uniformar la ense\u00f1anza, mejoran los resultados de aprendizaje para todos los ni\u00f1os, ni\u00f1as y adolescentes tengan o no discapacidades, y aumenta la motivaci\u00f3n de las y los estudiantes por aprender.<\/em><\/h2>\n<\/blockquote>\n<\/div>\n<\/div>\n<\/div>\n<\/section>\n<\/div>\n<div class=\"grey-lightest-bg\">\n<section class=\"section section--block component-section has-title \" role=\"contentinfo\" aria-label=\"La tecnolog\u00eda y el Dise\u00f1o Universal para el Aprendizaje\">\n<div class=\"container\">\n<div class=\"stitle-cntr\">\n<div class=\"text\">\n<h2 class=\"field center field--name-field-component-sec-title\">La tecnolog\u00eda y el Dise\u00f1o Universal para el Aprendizaje<\/h2>\n<\/div>\n<\/div>\n<div class=\"field paragraph field_component_sec_blocks  odd-t entity_reference_revisions\">\n<div class=\"field_component_sec_blocks-item odd\">\n<div class=\"text--block-content section-block-content\">\n<div class=\"comp-txt\">\n<div class=\"field paragraph field_component_text_content  odd-t text_long\">\n<p>Como primer paso para ayudar a que los sistemas educativos avancen hacia la educaci\u00f3n inclusiva y la provisi\u00f3n de materiales de aprendizaje accesibles, con nuestros aliados promovemos el uso de la tecnolog\u00eda ya que esta permite que las y los estudiantes aprendan a trav\u00e9s de:<\/p>\n<p>&nbsp;<\/p>\n<h3>M\u00faltiples formatos de representaci\u00f3n<\/h3>\n<\/div>\n<\/div>\n<\/div>\n<\/div>\n<div class=\"field_component_sec_blocks-item even\">\n<div class=\"text--block-content section-block-content\">\n<div class=\"comp-txt\">\n<div class=\"field paragraph field_component_text_content  odd-t text_long\">\n<div>\n<p>Dado que las y los estudiantes perciben e incorporan la informaci\u00f3n de manera diferente (algunos aprenden mejor con herramientas visuales, mientras que otros necesitan est\u00edmulo s auditivos), es necesario disponer de <a href=\"https:\/\/udlguidelines.cast.org\/representation\">m\u00faltiples formatos de representaci\u00f3n<\/a> de contenidos que les permitan aprender utilizando diferentes opciones de percepci\u00f3n, idiomas, s\u00edmbolos y comprensi\u00f3n.<\/p>\n<p>Por ejemplo, se pueden usar videos con subt\u00edtulos y transcripciones de audio ya que esto facilita a estudiantes sordos o con trastornos en el procesamiento del habla acceder a la informaci\u00f3n presentada en los videos.<\/p>\n<p>&nbsp;<\/p>\n<h3>M\u00faltiples opciones de acci\u00f3n y expresi\u00f3n<\/h3>\n<\/div>\n<\/div>\n<\/div>\n<\/div>\n<\/div>\n<div class=\"field_component_sec_blocks-item odd\">\n<div class=\"text--block-content section-block-content\">\n<div class=\"comp-txt\">\n<div class=\"field paragraph field_component_text_content  odd-t text_long\">\n<div>\n<p>Cada estudiante expresa\u00a0lo que aprende\u00a0de diferentes\u00a0maneras.\u00a0Como se\u00f1ala\u00a0<a href=\"https:\/\/udlguidelines.cast.org\/action-expression\">CAST<\/a>,\u00a0\u201ces necesario reconocer que la acci\u00f3n y expresi\u00f3n requieren mucha estrategia, pr\u00e1ctica y organizaci\u00f3n, puesto que son aspectos que pueden diferir entre los estudiantes. En realidad, no hay un modo de actuar o expresarse que sea ideal para todos los estudiantes; por esto es esencial brindar opciones para la acci\u00f3n y la\u00a0expresi\u00f3n\u201d.<\/p>\n<p>&nbsp;<\/p>\n<h3>M\u00faltiples maneras de participar<\/h3>\n<\/div>\n<\/div>\n<\/div>\n<\/div>\n<\/div>\n<div class=\"field_component_sec_blocks-item even\">\n<div class=\"text--block-content section-block-content\">\n<div class=\"comp-txt\">\n<div class=\"field paragraph field_component_text_content  odd-t text_long\">\n<div>\n<p>Las y los estudiantes <a href=\"https:\/\/udlguidelines.cast.org\/engagement\">participan y sienten motivaci\u00f3n<\/a> por adquirir conocimientos de maneras diferentes. Este principio permite y favorece a que puedan explorar diferentes intereses y m\u00e9todos individuales de aprendizaje.<\/p>\n<p>Para algunas personas, esto puede significar mirar tutoriales en videos, mientras que para otras puede significar hacer ejercicios interactivos para demostrar sus conocimientos. Por esto, disponer de libros de texto que contemplen m\u00faltiples formas de participaci\u00f3n en la educaci\u00f3n, apoya el aprendizaje de todos los ni\u00f1os, ni\u00f1as y adolescentes por igual.<\/p>\n<\/div>\n<\/div>\n<\/div>\n<\/div>\n<\/div>\n<\/div>\n<\/div>\n<\/section>\n<\/div>\n<\/div>\n<\/div>\n<\/div>\n","protected":false},"excerpt":{"rendered":"<p>Dise\u00f1o Universal para el Aprendizaje y libros de texto digitales accesibles Conoce en qu\u00e9 consiste y c\u00f3mo puede transformar la educaci\u00f3n UNICEF\/UN0325916\/ Disponible en: Espa\u00f1ol English \u00bfQu\u00e9 es el Dise\u00f1o Universal para el Aprendizaje (DUA)? El DUA es un marco educativo que reconoce que todos los ni\u00f1os, ni\u00f1as y adolescentes aprenden de diversas maneras y [&hellip;]<\/p>\n","protected":false},"author":117,"featured_media":0,"parent":5301,"menu_order":0,"comment_status":"closed","ping_status":"closed","template":"","meta":{"footnotes":""},"class_list":["post-5311","page","type-page","status-publish","hentry","post-preview"],"_links":{"self":[{"href":"https:\/\/edublog.educastur.es\/corredoria3\/wp-json\/wp\/v2\/pages\/5311","targetHints":{"allow":["GET"]}}],"collection":[{"href":"https:\/\/edublog.educastur.es\/corredoria3\/wp-json\/wp\/v2\/pages"}],"about":[{"href":"https:\/\/edublog.educastur.es\/corredoria3\/wp-json\/wp\/v2\/types\/page"}],"author":[{"embeddable":true,"href":"https:\/\/edublog.educastur.es\/corredoria3\/wp-json\/wp\/v2\/users\/117"}],"replies":[{"embeddable":true,"href":"https:\/\/edublog.educastur.es\/corredoria3\/wp-json\/wp\/v2\/comments?post=5311"}],"version-history":[{"count":1,"href":"https:\/\/edublog.educastur.es\/corredoria3\/wp-json\/wp\/v2\/pages\/5311\/revisions"}],"predecessor-version":[{"id":5312,"href":"https:\/\/edublog.educastur.es\/corredoria3\/wp-json\/wp\/v2\/pages\/5311\/revisions\/5312"}],"up":[{"embeddable":true,"href":"https:\/\/edublog.educastur.es\/corredoria3\/wp-json\/wp\/v2\/pages\/5301"}],"wp:attachment":[{"href":"https:\/\/edublog.educastur.es\/corredoria3\/wp-json\/wp\/v2\/media?parent=5311"}],"curies":[{"name":"wp","href":"https:\/\/api.w.org\/{rel}","templated":true}]}}