{"id":5320,"date":"2022-11-03T09:22:33","date_gmt":"2022-11-03T07:22:33","guid":{"rendered":"https:\/\/edublog.educastur.es\/corredoria3\/?page_id=5320"},"modified":"2022-11-03T09:22:33","modified_gmt":"2022-11-03T07:22:33","slug":"dua-y-tdha","status":"publish","type":"page","link":"https:\/\/edublog.educastur.es\/corredoria3\/intranet-profes\/dua\/articulos\/dua-y-tdha\/","title":{"rendered":"DUA y TDHA"},"content":{"rendered":"<header class=\"entry-header\"><span class=\"cat-links\"><a href=\"https:\/\/educaciontdah.wordpress.com\/category\/adaptaciones-y-acomodaciones\/\" rel=\"category tag\">Adaptaciones y acomodaciones<\/a><\/span><\/p>\n<h1 class=\"entry-title\" style=\"text-align: center\"><a href=\"https:\/\/educaciontdah.wordpress.com\/2022\/04\/26\/el-dua-o-diseno-universal-de-aprendizaje-datos-sobre-su-utilidad\/\">El DUA o dise\u00f1o universal de aprendizaje: datos sobre su\u00a0utilidad<\/a><\/h1>\n<div class=\"entry-meta\"><span class=\"posted-on\"><a href=\"https:\/\/educaciontdah.wordpress.com\/2022\/04\/26\/el-dua-o-diseno-universal-de-aprendizaje-datos-sobre-su-utilidad\/\" rel=\"bookmark\">abril 26, 2022<\/a><\/span><span class=\"byline\"> <span class=\"author vcard\"><a class=\"url fn n\" href=\"https:\/\/educaciontdah.wordpress.com\/author\/clbe\/\">Juan Cruz<\/a><\/span><\/span><\/div>\n<\/header>\n<div class=\"entry-content\">\n<p data-adtags-visited=\"true\">Hace unos d\u00edas publiqu\u00e9 en una red social un mensaje en el que mencionaba una duda sobre el DUA: \u00bfc\u00f3mo es posible que una propuesta con escaso respaldo emp\u00edrico se haya hecho prescriptiva en la educaci\u00f3n espa\u00f1ola? \u00bfQu\u00e9 proceso se ha seguido para eso? En realidad lo dec\u00eda de una manera m\u00e1s informal, \u00bfa qui\u00e9n se le ha ocurrido esto?, \u00bfc\u00f3mo ha llegado a esa conclusi\u00f3n?<\/p>\n<p data-adtags-visited=\"true\">El caso es que algo que cre\u00eda que iba a ver poca gente ha tenido un poco de repercusi\u00f3n y me he encontrado con m\u00e1s personas que manifestaban dudas sobre el tema, tambi\u00e9n en otros pa\u00edses. As\u00ed que voy a profundizar un poco en el tema.<\/p>\n<p data-adtags-visited=\"true\">La reforma actual (LOMLOE) de la Ley Org\u00e1nica de Educaci\u00f3n espa\u00f1ola establece en su art\u00edculo 4 sobre la ense\u00f1anza b\u00e1sica que \u00abcuando tal diversidad lo requiera,\u00a0se adoptar\u00e1n las medidas organizativas, metodol\u00f3gicas y curriculares pertinentes, seg\u00fan lo dispuesto en la presente ley, conforme a los principios del Dise\u00f1o universal de aprendizaje\u00bb. En Navarra, donde yo trabajo, las instrucciones de inicio de curso concretan esto diciendo \u00abLa adopci\u00f3n de medidas atender\u00e1 al paradigma contextual desde el enfoque del Dise\u00f1o Universal de Aprendizaje (DUA), que promueve una flexibilizaci\u00f3n del curr\u00edculo, para que \u00e9ste sea abierto e inclusivo desde el comienzo, intentando minimizar las necesarias e inevitables adaptaciones posteriores.\u00bb<\/p>\n<h3>Qu\u00e9 es el DUA<\/h3>\n<p data-adtags-visited=\"true\">No he encontrado que el Ministerio de Educaci\u00f3n ofrezca una definici\u00f3n o explicaci\u00f3n sobre el DUA con un car\u00e1cter oficial. En un <a href=\"https:\/\/www.educacionyfp.gob.es\/dam\/jcr:9bc585ef-cd90-42ea-b276-49c4e3874ac1\/li-neas-de-actuacio-n-de-formacio-n-2022.pdf\" target=\"_blank\" rel=\"noreferrer noopener\">documento sobre l\u00edneas de formaci\u00f3n del profesorado<\/a> se refiere a \u00e9l como una metodolog\u00eda inclusiva que reduce todo tipo de barreras de acuerdo a los principios de accesibilidad universal y que favorece la participaci\u00f3n de la diversidad del alumnado. A diferencia de lo que aparece en la LOMLOE, se le llama \u00abdise\u00f1o universal para el aprendizaje\u00bb que es una traducci\u00f3n bastante habitual de Universal Design for Learning (UDL).<\/p>\n<div id=\"inline-ad-0__controls\" class=\"ata-controls\"><\/div>\n<p data-adtags-visited=\"true\">No me ha parecido que haya una fecha concreta en la que se proponga o establezca el DUA, pero parece que se remonta a las dos \u00faltimas d\u00e9cadas del siglo XX y que fue propuesto por David Rose y Ann Meyer, dos investigadores de la Harvard School of Graduate Education. En 1984 crearon un Centro para la Tecnolog\u00eda Especial Aplicada, actualmente conocido como <a href=\"https:\/\/www.cast.org\/\" target=\"_blank\" rel=\"noreferrer noopener\">CAST<\/a>. En 1998 publicaron los primeros principios de dise\u00f1o universal de aprendizaje, que han sido actualizados en 2011.<\/p>\n<p data-adtags-visited=\"true\">Una de las dudas que podemos tener con el DUA es si considerarlo un m\u00e9todo, una filosof\u00eda, un modelo o una colecci\u00f3n de pautas. CAST utiliza la palabra \u00abframework\u00bb que se podr\u00eda traducir como \u00abmarco\u00bb, \u00abmarco de referencia\u00bb o \u00abinfraestructrura\u00bb. La intenci\u00f3n de este marco es modificar o crear una propuesta educativa en la que se proporcionen m\u00faltiples formas de:<\/p>\n<ol>\n<li>Implicaci\u00f3n o compromiso (<em>engagement<\/em>), que se corresponder\u00eda con el \u00abpor qu\u00e9\u00bb del aprendizaje. Esto tratar\u00eda de conseguir un alumnado motivado, con objetivos y metas, suscitando su inter\u00e9s, manteniendo su esfuerzo y su persistencia y promoviendo la autorregulaci\u00f3n.<\/li>\n<li>Representaci\u00f3n, que se corresponder\u00eda con el \u00abqu\u00e9\u00bb del aprendizaje. La meta de esta parte ser\u00eda conseguir alumnado experto y con recursos. Esto se har\u00eda proporcionando distintas formas de acceder a la informaci\u00f3n, alternativas para comprender el lenguaje y los s\u00edmbolos y estrategias para la comprensi\u00f3n.<\/li>\n<li>Actuaci\u00f3n y expresi\u00f3n, que se corresponder\u00eda con el \u00abc\u00f3mo\u00bb del aprendizaje. Aqu\u00ed se pretende conseguir alumnado estrat\u00e9gico y orientado a metas proporcionando distintas opciones para la acci\u00f3n f\u00edsica, la expresi\u00f3n y comunicaci\u00f3n y las funciones ejecutivas.<\/li>\n<\/ol>\n<figure class=\"wp-block-image size-large\"><img decoding=\"async\" src=\"https:\/\/www.researchgate.net\/publication\/333165201\/figure\/fig1\/AS:759531294453760@1558097780197\/UDL-guidelines-CAST-2018.ppm\" alt=\"\" \/><figcaption>Pautas para el DUA, de CAST (<a href=\"https:\/\/udlguidelines.cast.org\/\" rel=\"nofollow\">https:\/\/udlguidelines.cast.org\/<\/a>)<\/figcaption><\/figure>\n<p data-adtags-visited=\"true\">Lo que se persigue con esto es algo que quiz\u00e1 nos resulte familiar: la individualizaci\u00f3n de la ense\u00f1anza.<\/p>\n<h3>Base cient\u00edfica del DUA<\/h3>\n<p data-adtags-visited=\"true\">Los promotores del DUA se\u00f1alan que se trata de una propuesta basada en los conocimientos cient\u00edficos sobre el aprendizaje humano. Incluso hay quien lo presenta como una propuesta basada en evidencias. En las pautas que se acaban de presentar, el encabezamiento de cada columna est\u00e1 ilustrado por la representaci\u00f3n de una red cerebral, denominadas afectiva, de reconocimiento y estrat\u00e9gica. Me resulta curiosa la separaci\u00f3n n\u00edtida de las redes de reconocimiento y estrat\u00e9gica. David Rose trabaj\u00f3 como neuropsic\u00f3logo en un hospital infantil, as\u00ed que debe saber sobre esto mucho m\u00e1s que yo\u2026<\/p>\n<div id=\"inline-ad-1__controls\" class=\"ata-controls\"><\/div>\n<p data-adtags-visited=\"true\">El DUA parte de unas ideas sobre el aprendizaje:<\/p>\n<ol>\n<li>El sistema nervioso humano es muy variable, produciendo una gran neurodiversidad.<\/li>\n<li>El cerebro tiene plasticidad y se modifica por nuestras experiencias en interacciones con el entorno.<\/li>\n<li>Cada persona parte de unos conocimientos previos y experiencias diferentes.<\/li>\n<li>Lo que hacemos est\u00e1 basado en objetivos y metas.<\/li>\n<\/ol>\n<p data-adtags-visited=\"true\">No es f\u00e1cil encontrar explicaciones sobre c\u00f3mo se llega desde estas ideas hasta las propuestas del DUA. Quiz\u00e1 esto me haya sucedido por basarme en art\u00edculos acad\u00e9micos y esto aparezca desarrollado en libros y manuales.<\/p>\n<p data-adtags-visited=\"true\">Otra caracter\u00edstica del DUA es que hace mucho \u00e9nfasis en la tecnolog\u00eda como medio para retirar barreras del aprendizaje. Hay que tener en cuenta que el CAST es un centro de tecnolog\u00eda aplicada.<\/p>\n<h3>Eficacia del DUA<\/h3>\n<p data-adtags-visited=\"true\">Desde los inicios del DUA se han realizado distintas investigaciones para valorar su utilidad y eficacia y tambi\u00e9n algunas s\u00edntesis de investigaci\u00f3n. Las que he encontrado son:<\/p>\n<ul>\n<li>Mangiatordi y Serenelli (2013). <a href=\"https:\/\/lirias.kuleuven.be\/retrieve\/234353\/#page=109\" target=\"_blank\" rel=\"noreferrer noopener\">Universal design for learning: A meta-analytic review of 80 abstracts from peer reviewed journals<\/a>.<\/li>\n<li>Al-Azawei et al. (2016). <a href=\"https:\/\/scholarworks.iu.edu\/journals\/index.php\/josotl\/article\/download\/19295\/28114\" target=\"_blank\" rel=\"noreferrer noopener\">Universal Design for Learning (UDL): A content analysis of peer reviewed journal papers from 2012 to 2015<\/a>.<\/li>\n<li>Capp (2017). <a href=\"https:\/\/educaciontdah.wordpress.com\/?page_id=4111\" target=\"_blank\" rel=\"noreferrer noopener\">The effectiveness of universal design for learning: a metaRanalysis of literature between 2013 and 2016<\/a>.<\/li>\n<li>Ok et al. (2017). <a href=\"https:\/\/www.tandfonline.com\/doi\/pdf\/10.1080\/09362835.2016.1196450?casa_token=r3fLoxP-baAAAAAA:BLge6fGjIrVJAxveca4juOunWZaI2uuQmZrsGBWE8fedRDQvQ8ULUx4dLXoFjqRHfXuYbr026W4\" target=\"_blank\" rel=\"noreferrer noopener\">Universal design for learning in pre-k to grade 12 classrooms: A systematic review of research<\/a>.<\/li>\n<li>Dewi et al. (2018). <a href=\"https:\/\/d1wqtxts1xzle7.cloudfront.net\/73338307\/11098-with-cover-page-v2.pdf?Expires=1650343430&amp;Signature=avpGGSwnVUZ91E2A95l1gFy-WaYNzJmojWZHpEFVAPxPW0CCot326DFx4L68iyEK7p8WPnWP2wKPc9OkJ4k0slBEMRdXzwpd2WUe2kJZWmaiazSkF~~ntM9omGSBXEcjCWfG621SHzMIpGct0Sh5hNW0bTKgMeNydRWqpjhCnHzadh2lzv3LAKjJV-IKjzvqGeW6-UJhORP-2YvHBHayg1VSkbXxO87GNg-gHOaptAMT2jxHmQeHbQwZC6b3Wwsp8xcpz61Kyuzbkd0zlckVgQwXk0cvPXBgvz97Oe-bVchKi589C16WefZr2IjfG59JROHDqTS0voyrx6-5IWoANw__&amp;Key-Pair-Id=APKAJLOHF5GGSLRBV4ZA\" target=\"_blank\" rel=\"noreferrer noopener\">The effectiveness of universal design for learning<\/a>.<\/li>\n<li>Seok et al. (2018). <a href=\"https:\/\/www.scirp.org\/html\/14-1761875_84751.htm\" target=\"_blank\" rel=\"noreferrer noopener\">A systematic review of empirically based universal design for learning: Implementation and effectiveness of universal design in education for students with and without disabilities at the postsecondary level<\/a>.<\/li>\n<li>Rao et al. (2019). <a href=\"https:\/\/journals.sagepub.com\/doi\/pdf\/10.1177\/0741932519847755?casa_token=9XGrcO1Gg3QAAAAA:UaGBLLLeh8CnA1hlXBGubLTB7_6Q7iK9gxSJa07RrJX5wq3yGzbt8oFYhayh6W1W-jXBHDMRQuU\" target=\"_blank\" rel=\"noreferrer noopener\">Validation of the UDL reporting criteria with extant UDL research<\/a>.<\/li>\n<li>Schreffler et al. (2019). <a href=\"https:\/\/stemeducationjournal.springeropen.com\/articles\/10.1186\/s40594-019-0161-8\" target=\"_blank\" rel=\"noreferrer noopener\">Universal Design for Learning in postsecondary STEM education for students with disabilities: a systematic literature review<\/a>.<\/li>\n<li>Baybayon (2021). <a href=\"https:\/\/www.researchgate.net\/profile\/Gilbert-Baybayon-2\/publication\/350648580_The_Use_of_Universal_Design_for_Learning_UDL_Framework_in_Teaching_and_Learning_A_Meta-Analysis\/links\/606bf3e0299bf1252e2fe921\/The-Use-of-Universal-Design-for-Learning-UDL-Framework-in-Teaching-and-Learning-A-Meta-Analysis.pdf\" target=\"_blank\" rel=\"noreferrer noopener\">The use of universal design for learning (UDL) framework in teaching and learning: A meta-analysis<\/a>.<\/li>\n<\/ul>\n<div id=\"inline-ad-2__controls\" class=\"ata-controls\"><\/div>\n<p data-adtags-visited=\"true\">Tambi\u00e9n he visto el resumen de un revisi\u00f3n publicada en 2016, titulada <a href=\"https:\/\/www.dbpia.co.kr\/Journal\/articleDetail?nodeId=NODE10815541\" target=\"_blank\" rel=\"noreferrer noopener\">The effect of the Universal Design for Learning on the academic achievement of general students<\/a>, de lo que no he podido acceder al texto completo. En este resumen se mencionan 7 art\u00edculos y tama\u00f1os del efecto sospechosamente grandes, entre 5,06 y 26,37. Me hubiera gustado saber c\u00f3mo calcularon esos resultados tan descomunales.<\/p>\n<p data-adtags-visited=\"true\"><strong>Cantidad de investigaci\u00f3n<\/strong><br \/>\nEl n\u00famero de investigaciones sobre el DUA recogidas en las revisiones y meta-an\u00e1lisis que se han publicado est\u00e1 entre 4 (Schreffler et al., 2019) y 20 (Rao et al., 2019). Teniendo en cuenta que acabo de presentar 10 meta-an\u00e1lisis o revisiones sistem\u00e1ticas, casi hay tantos estudios de s\u00edntesis como investigaciones primarias.<\/p>\n<p data-adtags-visited=\"true\">Resulta llamativo que la revisi\u00f3n de Mangiatordi y Serenelli (2013) hable de 80 abstracts o res\u00famenes de art\u00edculo. Estos autores recogieron en la base de datos ERIC todos los art\u00edculos revisados por pares en los que se mencionara el DUA. En realidad, solo en 19 de los 80 res\u00famenes se mencionan resultados de investigaci\u00f3n. Mayoritariamente, los trabajos encontrados eran descripciones o art\u00edculos de opini\u00f3n.<\/p>\n<p data-adtags-visited=\"true\">Capp (2017) indica que 5 de las 18 investigaciones que localiz\u00f3 se hab\u00edan realizado con alumnado con necesidades educativas y el resto con alumnado de \u00abeducaci\u00f3n general\u00bb. Seg\u00fan el desglose que realizan Al-Azawei et al. (2016), en las 10 publicaciones revisadas que ofrecen una descripci\u00f3n de la muestra participaron 187 personas con discapacidad o dificultades. Seok et al. (2018) mencionan a 136, menos del 5% del total de participantes.<\/p>\n<p data-adtags-visited=\"true\">No obstante, no hay que pensar solo en la educaci\u00f3n escolar. Seis de las 18 investigaciones que recoge Capp (2017) o dos tercios de las encontradas por Al-Azawei se realizaron con alumnado universitario. Seok et al. (2018) encuentran 17 investigaciones sobre el uso del DUA en educaci\u00f3n superior.<\/p>\n<div id=\"inline-ad-3__controls\" class=\"ata-controls\"><\/div>\n<p data-adtags-visited=\"true\"><strong>Calidad de la investigaci\u00f3n<\/strong><br \/>\nBuena parte de las investigaciones que se manejan no estudian el DUA, sino la aplicaci\u00f3n de alguno de sus principios. En el meta-an\u00e1lisis de Capp (2017), 9 de las investigaciones trataban sobre la implicaci\u00f3n o compromiso, 2 sobre la representaci\u00f3n y 3 sobre la actuaci\u00f3n y expresi\u00f3n. Seg\u00fan Ok et al. (2017) o Barbayon (2021) en algunas ocasiones los trabajos de investigaci\u00f3n afirman que se utiliza el DUA, pero no queda claro c\u00f3mo las propuestas que realizan cumplen con sus principios.<\/p>\n<p data-adtags-visited=\"true\">En varios de los estudios, la intervenci\u00f3n consist\u00eda en ense\u00f1ar o exponer al profesorado los principios del DUA. En otros casos, la propuesta era m\u00e1s concreta, como utilizar elementos visuales, ense\u00f1anza a trav\u00e9s de internet, podcasts, s\u00edmbolos, textos alternativos, videojuegos o estrategias grupales.<\/p>\n<p data-adtags-visited=\"true\">Capp (2017) o Dewi et al. (2018) solo citan dos investigaciones con grupo de control. El resto de las investigaciones cuantitativas tiene dise\u00f1os de pretest y postest. Barbayon (2021) solo menciona una investigaci\u00f3n con grupo de control, incluso indica que son pocas las investigaci\u00f3n con dise\u00f1o de pretest y postest. En cambio, Al-Azawi et al. (2016) mencionan cuatro investigaciones con grupo de control y Schreffler et al. (2019) indican que dos de las investigaciones que revisan cumplen los criterios de calidad de la agencia What Works Clearinghouse, y otras dos cumplen los criterios con reservas.<\/p>\n<p data-adtags-visited=\"true\">Se podr\u00eda decir que bastantes de las revisiones o meta-an\u00e1lisis en las que me estoy basando tienen una calidad dudosa. Entre otros problemas, pocas veces realizan una valoraci\u00f3n de la calidad de los estudios que revisan y no controlan un posible sesgo de publicaci\u00f3n. A veces no queda claro c\u00f3mo deciden que en una intervenci\u00f3n se est\u00e1 aplicando el DUA.<\/p>\n<div id=\"inline-ad-4__controls\" class=\"ata-controls\"><\/div>\n<p data-adtags-visited=\"true\">Rao et al. (2019) contrastan la investigaci\u00f3n sobre DUA con los <a href=\"https:\/\/udl-irn.org\/wp-content\/uploads\/2021\/06\/UDLReportingCriteria_v5.pdf\" target=\"_blank\" rel=\"noreferrer noopener\">Universal design for learning reporting criteria<\/a>, propuestos para a los investigadores y profesionales que dise\u00f1an la implantaci\u00f3n del DUA e informan sobre sus resultados. Casi todos los art\u00edculos que revisan describen a los participantes, el entorno en el que se realiza la intervenci\u00f3n y las medidas que se emplean para reducir las barreras y afrontar la diversidad. Sin embargo, el 75% (15 de 20 estudios) no establece una conexi\u00f3n clara entre la intervenci\u00f3n que se propone y las pautas y puntos de control del DUA. Adem\u00e1s, el 35% de las investigaciones no describe adecuadamente el procedimiento de actuaci\u00f3n.<\/p>\n<p data-adtags-visited=\"true\">En general, las revisiones que he encontrado tienden a ofrecer una mera lista comentada de las investigaciones realizadas y sus resultados, muchas veces sin tener en cuenta el m\u00e9todo con el que se obtuvieron esos resultados. En ning\u00fan caso hay un intento de sintetizar estos resultados, quiz\u00e1 por la enorme heterogeneidad en cuanto a lo que se hace en los estudios, los participantes o las variables que se miden.<\/p>\n<p data-adtags-visited=\"true\"><strong>Resultados<\/strong><br \/>\nEn general, casi todos los estudios revisados tienen resultados positivos, aunque esto podr\u00eda deberse al predominio de dise\u00f1os de investigaci\u00f3n pretest-postest. Los resultados medidos son diversos. En ocasiones son de rendimiento: aprendizaje de ciencias, aprendizaje de historia, aprendizaje de psicolog\u00eda, conciencia fonol\u00f3gica, lectura, vocabulario, comprensi\u00f3n o escritura.<\/p>\n<p data-adtags-visited=\"true\">Otras veces tienen que ver con la actitud o el estado an\u00edmico: autodeterminaci\u00f3n, autodefensa, compromiso con el aprendizaje, reducci\u00f3n del estr\u00e9s, autoconfianza, motivaci\u00f3n o autoeficacia. Hay resultados de tipo social: mejora de las relaciones con el profesorado, interacci\u00f3n en el aula.<\/p>\n<div id=\"inline-ad-5__controls\" class=\"ata-controls\"><\/div>\n<p data-adtags-visited=\"true\">Tambi\u00e9n hay resultados sobre la programaci\u00f3n y el proceso de aprendizaje: mejoras el proceso de aprendizaje, hacerse preguntas, cambios en las planificaciones escolares, ajuste de las programaciones a los principios del DUA, mejoras en accesibilidad. Finalmente, hay resultados de percepci\u00f3n o valoraci\u00f3n: percepci\u00f3n sobre el DUA, y conciencia de las barreras o problemas del alumnado.<\/p>\n<p data-adtags-visited=\"true\">El 25% de los trabajos revisados por Rao et al. (2019) no expon\u00eda de forma satisfactoria los resultados de la investigaci\u00f3n. Ok et al. (2017) calcularon el <a href=\"https:\/\/clbe.wordpress.com\/2011\/02\/06\/el-tamano-del-efecto\/\" target=\"_blank\" rel=\"noreferrer noopener\">tama\u00f1o del efecto<\/a> en 10 investigaciones, encontrando desde efectos nulos (tama\u00f1o del efecto de 0,03) hasta efectos muy grandes (1,83), con un caso de efecto negativo (tama\u00f1o del efecto de -0,53).<\/p>\n<p data-adtags-visited=\"true\">Como puede intuirse a partir de la lista anterior de tipos de resultados, los beneficios del DUA no solo se han medido en el alumnado. Seg\u00fan Al-Azawi et al. (2016), en un tercio de las investigaciones que encontraron se miden los efectos en el profesorado o en las instituciones.<\/p>\n<p data-adtags-visited=\"true\"><strong>Intentando llegar a algunas conclusiones<\/strong><\/p>\n<p data-adtags-visited=\"true\">Es f\u00e1cil sentirse confuso cuando uno se asoma a la investigaci\u00f3n sobre la eficacia del DUA. Una raz\u00f3n puede ser que no se trata de un m\u00e9todo estandarizado que se pueda aplicar de la misma forma en distintos contextos, sino de una colecci\u00f3n de pautas y puntos clave a partir de la cual se toman decisiones en una situaci\u00f3n concreta.<\/p>\n<p data-adtags-visited=\"true\">Se trata de un tema sobre el que existe investigaci\u00f3n y, como se ha visto aqu\u00ed, varias revisiones. La mayor\u00eda de los resultados obtenidos en las investigaciones son positivos, pero, por otra parte, bastante de lo que se ha publicado han sido estudios de baja calidad que ni siquiera tienen un grupo de control. Los participantes en estas investigaciones han sido variados, en varios casos se ha tratado de estudiantes universitarios, pero tambi\u00e9n ha habido investigaciones que se han centrado en el profesorado y su nivel de adquisici\u00f3n de los principios del DUA. Resulta llamativo que en la valoraci\u00f3n de la eficacia del DUA en alumnado con dificultades ha participado poco alumnado con discapacidad o dificultades de aprendizaje: menos de 200 seg\u00fan algunos datos.<\/p>\n<div id=\"inline-ad-6__controls\" class=\"ata-controls\"><\/div>\n<p data-adtags-visited=\"true\">Por otra parte, lo que se hace en estas investigaciones es muy variable y, en varios casos, la \u00fanica de raz\u00f3n que tenemos para pensar que est\u00e1n aplicando el DUA es que los autores del estudio dicen que est\u00e1n aplicando el DUA, pero no establecen una conexi\u00f3n entre su intervenci\u00f3n y las pautas del DUA. En otros casos ni siquiera indican con claridad en qu\u00e9 consiste la intervenci\u00f3n.<\/p>\n<p data-adtags-visited=\"true\">Aunque pudi\u00e9ramos generalizar los resultados obtenidos por alumnado sin seleccionar o por alumnado con discapacidades a otros grupos, hay que reconocer que carecemos de datos sobre la eficacia del DUA en alumnado con altas capacidades, en situaci\u00f3n socioecon\u00f3mica desfavorable o con bajo conocimiento de la lengua de ense\u00f1anza.<\/p>\n<p data-adtags-visited=\"true\">Respecto a los fundamentos del DUA, no he visto investigaciones en las que se contraste la existencia de las tres redes cerebrales (afectiva, de reconocimiento y estrat\u00e9gica) ni trabajos que vinculen la investigaci\u00f3n previa con esa propuesta o con la relaci\u00f3n entre los principios y las propuestas del DUA. De cualquier forma, este no era el objetivo de mi b\u00fasqueda, que se ha centrado en la eficacia as\u00ed que se me podr\u00edan haber pasado muchas cosas inadvertidas.<\/p>\n<p data-adtags-visited=\"true\">Si algo puede quedar claro de todo esto es la necesidad de m\u00e1s investigaci\u00f3n de calidad, tanto en los estudios primarios como en las revisiones que se realicen sobre el tema. Seguramente, podr\u00edamos valorar mejor el DUA si estas revisiones analizan la calidad de los estudios y agrupan sus resultados tem\u00e1ticamente, seg\u00fan los destinatarios, el tipo de actuaci\u00f3n, la metodolog\u00eda de la investigaci\u00f3n y el tipo de resultado obtenido. No s\u00e9 si le ocurre a otra gente, pero me interesan especialmente los estudios que informan sobre el impacto del DUA en el rendimiento del alumnado, quiz\u00e1 nos aclarar\u00eda las cosas el tener una revisi\u00f3n centrada en eso. Tambi\u00e9n ser\u00eda importante controlar el posible sesgo de publicaci\u00f3n o tendencia a no publicar estudios con resultados nulos por resultar menos atractivos para los lectores.<\/p>\n<\/div>\n","protected":false},"excerpt":{"rendered":"<p>Adaptaciones y acomodaciones El DUA o dise\u00f1o universal de aprendizaje: datos sobre su\u00a0utilidad abril 26, 2022 Juan Cruz Hace unos d\u00edas publiqu\u00e9 en una red social un mensaje en el que mencionaba una duda sobre el DUA: \u00bfc\u00f3mo es posible que una propuesta con escaso respaldo emp\u00edrico se haya hecho prescriptiva en la educaci\u00f3n espa\u00f1ola? [&hellip;]<\/p>\n","protected":false},"author":117,"featured_media":0,"parent":5301,"menu_order":0,"comment_status":"closed","ping_status":"closed","template":"","meta":{"footnotes":""},"class_list":["post-5320","page","type-page","status-publish","hentry","post-preview"],"_links":{"self":[{"href":"https:\/\/edublog.educastur.es\/corredoria3\/wp-json\/wp\/v2\/pages\/5320","targetHints":{"allow":["GET"]}}],"collection":[{"href":"https:\/\/edublog.educastur.es\/corredoria3\/wp-json\/wp\/v2\/pages"}],"about":[{"href":"https:\/\/edublog.educastur.es\/corredoria3\/wp-json\/wp\/v2\/types\/page"}],"author":[{"embeddable":true,"href":"https:\/\/edublog.educastur.es\/corredoria3\/wp-json\/wp\/v2\/users\/117"}],"replies":[{"embeddable":true,"href":"https:\/\/edublog.educastur.es\/corredoria3\/wp-json\/wp\/v2\/comments?post=5320"}],"version-history":[{"count":1,"href":"https:\/\/edublog.educastur.es\/corredoria3\/wp-json\/wp\/v2\/pages\/5320\/revisions"}],"predecessor-version":[{"id":5321,"href":"https:\/\/edublog.educastur.es\/corredoria3\/wp-json\/wp\/v2\/pages\/5320\/revisions\/5321"}],"up":[{"embeddable":true,"href":"https:\/\/edublog.educastur.es\/corredoria3\/wp-json\/wp\/v2\/pages\/5301"}],"wp:attachment":[{"href":"https:\/\/edublog.educastur.es\/corredoria3\/wp-json\/wp\/v2\/media?parent=5320"}],"curies":[{"name":"wp","href":"https:\/\/api.w.org\/{rel}","templated":true}]}}