{"id":5346,"date":"2022-11-08T19:55:16","date_gmt":"2022-11-08T17:55:16","guid":{"rendered":"https:\/\/edublog.educastur.es\/corredoria3\/?page_id=5346"},"modified":"2022-11-08T19:55:16","modified_gmt":"2022-11-08T17:55:16","slug":"programacion","status":"publish","type":"page","link":"https:\/\/edublog.educastur.es\/corredoria3\/lomloe\/programacion\/","title":{"rendered":"Programaci\u00f3n"},"content":{"rendered":"<div class=\"articulo-block-title\">\n<h2 style=\"text-align: center\"><img loading=\"lazy\" decoding=\"async\" class=\"alignnone size-full\" src=\"https:\/\/www.educastur.es\/documents\/34868\/38094\/2022-08-sistema-lomloe-300x90.jpg\/0b7c710e-7a03-2bb6-aaf2-ec3882abbae8?t=1661860984547\" width=\"300\" height=\"90\" \/><\/h2>\n<h2 class=\"page-title\" style=\"text-align: center\"><span style=\"font-size: 20px;color: #008080\">Propuestas de programaci\u00f3n docente LOMLOE 04\/11\/2022<\/span><\/h2>\n<\/div>\n<div class=\"articulo-block-content\">\n<p>Con el objetivo de facilitar la elaboraci\u00f3n de las nuevas programaciones docentes adaptadas a la LOMLOE, la Consejer\u00eda de Educaci\u00f3n ha elaborado una propuesta de plantillas de programaci\u00f3n ajustadas a las diferentes etapas: Infantil, Primaria y ESO-Bachillerato.<\/p>\n<p><a href=\"https:\/\/www.educastur.es\/documents\/34868\/907664\/Propuesta+programacion+Infantil.pdf\/968304e4-dfe4-966e-04bb-56505a776bde?t=1667571140747\" target=\"_blank\" rel=\"noopener\">Plantilla de programaci\u00f3n E. Infantil<\/a>\u00a0(pdf)<\/p>\n<p><a href=\"https:\/\/www.educastur.es\/documents\/34868\/907664\/Propuesta+programacion+Infantil.docx\/30a000dd-b141-83ca-c362-1cbec2c05a55?t=1667571159809\" target=\"_blank\" rel=\"noopener\">Plantilla de programaci\u00f3n E. Infantil<\/a>\u00a0(docx)<\/p>\n<p><a href=\"https:\/\/www.educastur.es\/documents\/34868\/907664\/Propuesta+plantilla+Primaria.pdf\/5ef90ffb-9fd1-a80d-2822-0b568f1daa09?t=1667570284259\" target=\"_blank\" rel=\"noopener\">Plantilla de programaci\u00f3n E. Primaria<\/a>\u00a0(pdf)<\/p>\n<p><a href=\"https:\/\/www.educastur.es\/documents\/34868\/907664\/Propuesta+plantilla+Primaria.docx\/9884af83-927d-b08b-d1a9-4b1ba6de2a71?t=1667570226700\">Plantilla de programaci\u00f3n E. Primaria<\/a>\u00a0(docx)<\/p>\n<\/div>\n","protected":false},"excerpt":{"rendered":"<p>Propuestas de programaci\u00f3n docente LOMLOE 04\/11\/2022 Con el objetivo de facilitar la elaboraci\u00f3n de las nuevas programaciones docentes adaptadas a la LOMLOE, la Consejer\u00eda de Educaci\u00f3n ha elaborado una propuesta de plantillas de programaci\u00f3n ajustadas a las diferentes etapas: Infantil, Primaria y ESO-Bachillerato. Plantilla de programaci\u00f3n E. Infantil\u00a0(pdf) Plantilla de programaci\u00f3n E. Infantil\u00a0(docx) Plantilla de [&hellip;]<\/p>\n","protected":false},"author":117,"featured_media":0,"parent":4089,"menu_order":0,"comment_status":"closed","ping_status":"closed","template":"","meta":{"footnotes":""},"class_list":["post-5346","page","type-page","status-publish","hentry","post-preview"],"_links":{"self":[{"href":"https:\/\/edublog.educastur.es\/corredoria3\/wp-json\/wp\/v2\/pages\/5346","targetHints":{"allow":["GET"]}}],"collection":[{"href":"https:\/\/edublog.educastur.es\/corredoria3\/wp-json\/wp\/v2\/pages"}],"about":[{"href":"https:\/\/edublog.educastur.es\/corredoria3\/wp-json\/wp\/v2\/types\/page"}],"author":[{"embeddable":true,"href":"https:\/\/edublog.educastur.es\/corredoria3\/wp-json\/wp\/v2\/users\/117"}],"replies":[{"embeddable":true,"href":"https:\/\/edublog.educastur.es\/corredoria3\/wp-json\/wp\/v2\/comments?post=5346"}],"version-history":[{"count":1,"href":"https:\/\/edublog.educastur.es\/corredoria3\/wp-json\/wp\/v2\/pages\/5346\/revisions"}],"predecessor-version":[{"id":5347,"href":"https:\/\/edublog.educastur.es\/corredoria3\/wp-json\/wp\/v2\/pages\/5346\/revisions\/5347"}],"up":[{"embeddable":true,"href":"https:\/\/edublog.educastur.es\/corredoria3\/wp-json\/wp\/v2\/pages\/4089"}],"wp:attachment":[{"href":"https:\/\/edublog.educastur.es\/corredoria3\/wp-json\/wp\/v2\/media?parent=5346"}],"curies":[{"name":"wp","href":"https:\/\/api.w.org\/{rel}","templated":true}]}}