{"id":5360,"date":"2022-11-08T20:34:57","date_gmt":"2022-11-08T18:34:57","guid":{"rendered":"https:\/\/edublog.educastur.es\/corredoria3\/?page_id=5360"},"modified":"2022-11-08T20:46:11","modified_gmt":"2022-11-08T18:46:11","slug":"5360-2","status":"publish","type":"page","link":"https:\/\/edublog.educastur.es\/corredoria3\/lomloe\/5360-2\/","title":{"rendered":"Est\u00e1ndares&#8230;"},"content":{"rendered":"<h3 class=\"post-title entry-title\" style=\"text-align: center\"><a href=\"https:\/\/revoluacion.blogspot.com\/2021\/03\/lomloe-estandares-y-curriculo-vamos.html\"><span style=\"color: #008080\">LOMLOE, est\u00e1ndares y curr\u00edculo: <\/span><\/a><br \/>\n<span style=\"color: #008080\">\u00bfvamos a perder una nueva oportunidad?<\/span><\/h3>\n<div class=\"post-header\">\n<div class=\"post-header-line-1\"><\/div>\n<\/div>\n<div id=\"post-body-8097814489741552509\" class=\"post-body entry-content\">\n<p>Con la llegada de la <a href=\"https:\/\/www.boe.es\/buscar\/act.php?id=BOE-A-2006-7899\" target=\"_blank\" rel=\"noopener\">LOMCE<\/a> (2013, texto consolidado con LOE 2006) aparecieron por primera vez en el sistema educativo unos nuevos referentes para la evaluaci\u00f3n de los aprendizajes: los est\u00e1ndares de aprendizaje evaluables. Fue una introducci\u00f3n desafortunada, no por el hecho de que se planteasen est\u00e1ndares, como ahora veremos, sino porque su introducci\u00f3n fue forzada y poco ajustada a los criterios que en otros pa\u00edses se usan para definirlos y ponerlos en juego con otros elementos del curr\u00edculo. Tanto es as\u00ed que han creado cierta desaz\u00f3n entre la comunidad profesional docente. Y claro, ha habido un aplauso generalizado con su eliminaci\u00f3n en la <a href=\"https:\/\/www.boe.es\/diario_boe\/txt.php?id=BOE-A-2020-17264\" target=\"_blank\" rel=\"noopener\">LOMLOE<\/a> (2020).<\/p>\n<p>Los est\u00e1ndares entonces definidos jugaban un papel, aunque no se explic\u00f3 convenientemente. Servir de base para el dise\u00f1o de pruebas externas (las de las evaluaciones individualizadas) y se plantearon como concreciones (aunque a veces no lo eran) de los criterios de evaluaci\u00f3n, los referentes de la evaluaci\u00f3n.<\/p>\n<hr \/>\n<p><i>Est\u00e1ndares de aprendizaje evaluables: especificaciones de los criterios de evaluaci\u00f3n que permiten definir los resultados de aprendizaje, y que concretan lo que el estudiante debe saber, comprender y saber hacer en cada asignatura; deben ser observables, medibles y evaluables y permitir graduar el rendimiento o logro alcanzado. Su dise\u00f1o debe contribuir y facilitar el dise\u00f1o de pruebas estandarizadas y comparables.<\/i><\/p>\n<hr \/>\n<div>\n<p>(Art. 2.e,\u00a0Real Decreto 126\/2014 y\u00a0Real Decreto 1105\/2014)Sin embargo, complicaron y burocratizaron la planificaci\u00f3n de la actividad docente y la evaluaci\u00f3n del aprendizaje, reduci\u00e9ndola, si todav\u00eda quedaba alg\u00fan resquicio de esperanza, a un mero tr\u00e1mite. Incluso agravado por la transmisi\u00f3n de la falsa idea de \u00abcalificarlos\u00bb uno a uno.<\/p>\n<p style=\"text-align: center\"><strong><span style=\"color: #008080;font-size: 20px\">La LOMLOE plantea ahora los siguientes elementos prescriptivos (Art. 6.1):<\/span><\/strong><\/p>\n<hr \/>\n<p><i>A los efectos de lo dispuesto en esta Ley, se entiende por <strong><span style=\"color: #800080\">curr\u00edculo<\/span><\/strong> el conjunto de <b>objetivos, competencias, contenidos, m\u00e9todos pedag\u00f3gicos y criterios de evaluaci\u00f3n<\/b> de cada una de las ense\u00f1anzas reguladas en la presente Ley.<\/i><\/p>\n<hr \/>\n<p>Nuevamente, seguimos anclados a un curr\u00edculo planteado desde esquemas de hace 30 a\u00f1os, con una cantidad de elementos curriculares que muy bien se deben articular para que, coherentemente, gu\u00eden la pr\u00e1ctica docente sobre los aprendizajes que deben promoverse en el aula y c\u00f3mo estos pueden evaluarse. Adem\u00e1s de servir como nexo entre estas pr\u00e1cticas de aula y las evaluaciones externas que anuncia la propia ley org\u00e1nica.<\/p>\n<p>En un estudio comparado auspiciado por la OECD (CEPPE, 2013) con 11 pa\u00edses y alg\u00fan estado en USA, Canad\u00e1 y Australia, se plantean cuestiones interesantes en torno a la definici\u00f3n de est\u00e1ndares, ahora desaparecidos. Cuestiones que merecen ser tenidas en cuenta, y ojal\u00e1 lo hubiesen sido antes de publicar la nueva ley org\u00e1nica para dar un salto cualitativo al curr\u00edculo definido en nuestro sistema educativo. En esta entrada solo paso a comentar los est\u00e1ndares referidos al aprendizaje, dejando a un lado las consideraciones referidas a los est\u00e1ndares de los docentes y de los directores escolares, que tambi\u00e9n son tratados en esta publicaci\u00f3n.<\/p>\n<h2>La naturaleza de los est\u00e1ndares<\/h2>\n<p>El t\u00e9rmino \u00abest\u00e1ndar\u00bb, en el contexto curricular, no est\u00e1 definido de forma un\u00e1nime a lo largo y ancho de los sistemas educativos, y esto genera bastante confusi\u00f3n. Adem\u00e1s, t\u00e9rminos como: metas, competencias, objetivos o criterios juegan papeles similares en distintos pa\u00edses.<\/p>\n<p>En el Thesaurus de <a href=\"https:\/\/eric.ed.gov\/?\" target=\"_blank\" rel=\"noopener\">ERIC<\/a> se define est\u00e1ndar (<i>standards<\/i>) como las reglas, principios o criterios por los que los niveles o grados de adecuaci\u00f3n, aceptabilidad, cantidad, cualidad o valor son medidos o juzgados. Y como t\u00e9rmino m\u00e1s concreto, los est\u00e1ndares acad\u00e9micos (<i>academic standards<\/i>) ser\u00edan los criterios establecidos por una instituci\u00f3n acad\u00e9mica para determinar los niveles de logro de los estudiantes. Dicho de otra forma, el CEPPE (2013) se\u00f1ala que los est\u00e1ndares son las definiciones sobre lo que una persona deber\u00eda conocer y ser capaz de hacer para ser considerado competente en un dominio particular.<\/p>\n<p>M\u00e1s importante a\u00fan, para la definici\u00f3n de unos est\u00e1ndares de aprendizaje y del curr\u00edculo, es la consideraci\u00f3n que hacen Kleinhenz et al. (2007) sobre dos tipos de est\u00e1ndares y un tercer elemento a tener en cuenta, cuesti\u00f3n que coincide en parte con Wiggins (1998, p. 106). En el siguiente gr\u00e1fico se resumen todas estas aportaciones:<\/p>\n<p style=\"text-align: center\"><a href=\"https:\/\/1.bp.blogspot.com\/-s7Wr3NXfvtY\/YFMuna3Zu-I\/AAAAAAAABnc\/zjbq3DZgrLMHxQ5xGJ6VkTr6cfbCjXIZgCLcBGAsYHQ\/w640-h414\/estandares_esquema.png\"><img loading=\"lazy\" decoding=\"async\" class=\"alignnone\" src=\"https:\/\/1.bp.blogspot.com\/-s7Wr3NXfvtY\/YFMuna3Zu-I\/AAAAAAAABnc\/zjbq3DZgrLMHxQ5xGJ6VkTr6cfbCjXIZgCLcBGAsYHQ\/w640-h414\/estandares_esquema.png\" alt=\"\" width=\"691\" height=\"448\" \/><\/a><\/p>\n<div class=\"separator\"><\/div>\n<p>As\u00ed, aplicado todo ello al aprendizaje que los estudiantes deben realizar, los<b> est\u00e1ndares<\/b>, se\u00f1alan aquello que se debe conocer y ser capaz de hacer, que debe ser valorado y promovido (<b>est\u00e1ndares de contenido<\/b>), y se puede utilizar para evaluar si lo que se valora est\u00e1 logrado o no (<b>est\u00e1ndares de desempe\u00f1o<\/b>).<\/p>\n<p>Los est\u00e1ndares de contenido no s\u00f3lo apuntan al conocimiento, a lo conceptual, sino que tambi\u00e9n se ocupan de hechos, principios, proposiciones, teor\u00edas, destrezas, habilidades, actitudes y valores&#8230;Son la parte que constituye el curr\u00edculo de cualquier asignatura. Mientras que los est\u00e1ndares de desempe\u00f1o concretar\u00edan, sobre cada est\u00e1ndar de contenido, a qu\u00e9 nivel se considera que un alumno o alumna ha alcanzado el nivel de competencia m\u00ednima.<\/p>\n<p>Por otra parte cabe rese\u00f1ar el C\u00d3MO VALORAMOS, los criterios de evaluaci\u00f3n propiamente dichos en la mayor parte de la literatura sobre evaluaci\u00f3n, que no coinciden con el concepto de los que aparecen en nuestro sistema educativo.\u00a0 Ser\u00edan aquellas reglas que conoce el estudiante mediante las cuales se va a evaluar su aprendizaje con una evidencia o evidencias concretas.<\/p>\n<h3>El caso del curr\u00edculo espa\u00f1ol<\/h3>\n<div>En nuestro caso, dado que desaparecen los est\u00e1ndares de aprendizaje evaluables, que ni siquiera hac\u00edan la funci\u00f3n de aut\u00e9nticos est\u00e1ndares, como en otros pa\u00edses ocurr\u00eda, \u00bfqu\u00e9 elementos son los referentes de la evaluaci\u00f3n, lo que es valorado, esos est\u00e1ndares de contenido?<\/div>\n<div><\/div>\n<div>La respuesta a esta pregunta es: <u>los criterios de evaluaci\u00f3n<\/u>. El problema est\u00e1 en el nombre, ya que criterio de evaluaci\u00f3n en el resto de pa\u00edses y la literatura sobre evaluaci\u00f3n, son otra cosa, como se ha ejemplificado anteriormente.<\/div>\n<div><\/div>\n<div>Y el resto de elementos, \u00bfson necesarios? La mayor\u00eda de curr\u00edculos analizados en el estudio de CEPPE presentan un grado de sofisticaci\u00f3n alto y una de sus principales caracter\u00edsticas es que <b>los elementos curriculares est\u00e1n muy bien alineados<\/b> (objetivos, competencias, est\u00e1ndares, \u00e1reas de contenido&#8230;). Basta con pasarse por el curr\u00edculo australiano (<a href=\"https:\/\/educationstandards.nsw.edu.au\/wps\/portal\/nesa\/home\" target=\"_blank\" rel=\"noopener\">ver aqu\u00ed<\/a>). A\u00fan as\u00ed, raramente se cae en un lista inconmensurable de contenidos.<\/div>\n<div><\/div>\n<div><strong>El problema del listado de contenidos del caso espa\u00f1ol, adem\u00e1s de ser muchos, es que todav\u00eda hoy son lo que gu\u00eda la pr\u00e1ctica del aula: la estructura de las lecciones magistrales y unidades did\u00e1cticas, los libros de texto, las actividades propuestas y las pruebas, generalmente las que se plantean mediante cuestionarios que s\u00f3lo buscan la reproducci\u00f3n de estos contenidos (previa memorizaci\u00f3n mediante el estudio).<\/strong> La prueba es que el feedback por antonomasia para aquel alumnado que fracasa en estos cuestionarios es \u00abestudia m\u00e1s\u00bb. Y todo esto hace que nuestros criterios de evaluaci\u00f3n queden pr\u00e1cticamente relegados al olvido o a fases de la programaci\u00f3n did\u00e1ctica donde lo que importa es cumplir con los requisitos que demanda la administraci\u00f3n. Mi opini\u00f3n es que los contenidos sean eliminados para siempre, dejando s\u00f3lo una especie de bloques de contenido para cada asignatura, algo m\u00e1s desarrollados de los que hasta ahora tiene nuestro curr\u00edculo.<\/div>\n<div style=\"text-align: center\"><a href=\"https:\/\/1.bp.blogspot.com\/-I9m88-0YIBk\/YFMh6vZ4QYI\/AAAAAAAABnU\/utHZCQ21MS8EbvwgiTIhbR8Y-mbX9826wCLcBGAsYHQ\/s1371\/mathematics-k-10-org-content.png\"><img loading=\"lazy\" decoding=\"async\" class=\"alignnone\" src=\"https:\/\/1.bp.blogspot.com\/-I9m88-0YIBk\/YFMh6vZ4QYI\/AAAAAAAABnU\/utHZCQ21MS8EbvwgiTIhbR8Y-mbX9826wCLcBGAsYHQ\/s1371\/mathematics-k-10-org-content.png\" alt=\"\" width=\"1277\" height=\"1371\" \/><\/a><\/div>\n<div><\/div>\n<div class=\"separator\">Contenidos de Matem\u00e1ticas (Infantil (K) a 4\u00ba ESO (Stage 10)). Curr\u00edculo Australiano.<\/div>\n<div class=\"separator\">Fuente: Education Standards Authority (Accedido en marzo de 2021). URL:\u00a0<a href=\"https:\/\/educationstandards.nsw.edu.au\/wps\/portal\/nesa\/k-10\/learning-areas\/mathematics\/mathematics-k-10\/organisation-of-content\" target=\"_blank\" rel=\"noopener\">https:\/\/educationstandards.nsw.edu.au\/wps\/portal\/nesa\/k-10\/learning-areas\/mathematics\/mathematics-k-10\/organisation-of-content<\/a><\/div>\n<div><\/div>\n<div><\/div>\n<div>Otra de las caracter\u00edsticas fundamentales en estos sistemas, de la que ha carecido hist\u00f3ricamente el sistema educativo espa\u00f1ol, es que se tiene muy presente la cuesti\u00f3n de los est\u00e1ndares de desempe\u00f1o (<i>performance standards<\/i>) y especialmente de las situaciones de evaluaci\u00f3n o desempe\u00f1o competente, que act\u00faan como gu\u00edas para el profesorado (c\u00f3mo evaluar). As\u00ed, para cada est\u00e1ndar (de contenido) se presentar\u00eda una gu\u00eda general de c\u00f3mo desarrollar est\u00e1ndares de desempe\u00f1o (a incluir por ejemplo en r\u00fabricas o instrumentos similares en el contexto del aula) y diversas situaciones de desempe\u00f1o (de evaluaci\u00f3n) con material listo para usar por el profesorado. Esta es la verdadera revoluci\u00f3n de un curr\u00edculo, acercarlo al aula.<\/div>\n<div><\/div>\n<h2>Otras consideraciones interesantes<\/h2>\n<div>El documento del CEPPE (2013) introduce cuestiones interesantes a tener en cuenta a la hora de adoptar este nuevo reto de desarrollar est\u00e1ndares de contenido, que en nuestro caso ser\u00edan los criterios de evaluaci\u00f3n. Entre ellas definir los prop\u00f3sitos para los que se definen, a saber (pp. 18-19):<\/div>\n<div>\n<ul>\n<li><strong><span style=\"color: #008080\">Clarificar y hacer expl\u00edcitas las expectativas de aprendizaje para el alumnado.<\/span><\/strong><\/li>\n<li><strong><span style=\"color: #008080\">Alinear las expectativas con las demandas del mundo actual.<\/span><\/strong><\/li>\n<li><strong><span style=\"color: #008080\">Guiar y centrar la ense\u00f1anza.<\/span><\/strong><\/li>\n<li><strong><span style=\"color: #008080\">Promover el compromiso por la equidad.<\/span><\/strong><\/li>\n<li><strong><span style=\"color: #008080\">Proporcionar criterios comunes sobre los que evaluar el progreso del alumnado.<\/span><\/strong><\/li>\n<li><strong><span style=\"color: #008080\">Facilitar la comunicaci\u00f3n entre diferentes grupos interesados en la educaci\u00f3n y su calidad.<\/span><\/strong><\/li>\n<li><strong><span style=\"color: #008080\">Enfatizar el objetivo final del sistema escolar y centrar las pol\u00edticas.<\/span><\/strong><\/li>\n<li><strong><span style=\"color: #008080\">Identificar al alumnado y escuelas que necesitan apoyo.<\/span><\/strong><\/li>\n<\/ul>\n<div>M\u00e1s all\u00e1 de estas consideraciones importantes que se deber\u00edan adoptar en nuestro dise\u00f1o de curr\u00edculo y en concreto de los criterios de evaluaci\u00f3n me gustar\u00eda se\u00f1alar dos m\u00e1s:<\/div>\n<\/div>\n<div><\/div>\n<h3>Formato de los est\u00e1ndares<\/h3>\n<div>Existen dos formas de plantear los est\u00e1ndares de contenido:<\/div>\n<div>&#8211; <b>Est\u00e1ndares centrados en el logro<\/b>: lista de objetivos no necesariamente conectados; logros que no conllevan ning\u00fan tipo de relaci\u00f3n con aquellos que se sit\u00faan a niveles superiores o inferiores.<\/div>\n<div>&#8211; <b>Est\u00e1ndares de desarrollo<\/b> (<i>developmental standards<\/i>): describen c\u00f3mo la competencia en el dominio en cuesti\u00f3n se va desarrollando, desde los niveles inferiores hasta los niveles superiores o m\u00e1s complejos y que mantienen una coherencia clara con los inferiores.<\/div>\n<div><\/div>\n<div>Esta \u00faltima es la soluci\u00f3n que se adopt\u00f3 en el curr\u00edculum de la Comunitat Valenciana, y que queda claramente visualizada en los documentos puente (<a href=\"https:\/\/mestreacasa.gva.es\/web\/formaciodelprofessorat\/dp\" target=\"_blank\" rel=\"noopener\">Ed. Primaria<\/a> \/ <a href=\"https:\/\/mestreacasa.gva.es\/web\/formaciodelprofessorat\/dpsecundaria\" target=\"_blank\" rel=\"noopener\">Ed. Secundaria<\/a>).<\/div>\n<div><\/div>\n<div><\/div>\n<div class=\"separator\" style=\"text-align: center\"><a href=\"https:\/\/1.bp.blogspot.com\/-9k3b2WuBk70\/YFNJd4yh62I\/AAAAAAAABnk\/y7ayPRwiJpUDo-Z3LOlAYejGibJDPmTRACLcBGAsYHQ\/s1187\/img_97_docpont_mat.png\"><img loading=\"lazy\" decoding=\"async\" class=\"alignnone\" src=\"https:\/\/1.bp.blogspot.com\/-9k3b2WuBk70\/YFNJd4yh62I\/AAAAAAAABnk\/y7ayPRwiJpUDo-Z3LOlAYejGibJDPmTRACLcBGAsYHQ\/s1187\/img_97_docpont_mat.png\" alt=\"\" width=\"1187\" height=\"705\" \/><\/a><\/div>\n<div><\/div>\n<div>Ejemplo de criterio de evaluaci\u00f3n (e indicadores de logro asociados) en progreso (Matem\u00e1ticas 1\u00ba a 6\u00ba de Ed. Primaria)<\/div>\n<div>Fuente: <i>Conselleria d&#8217;Educaci\u00f3, Cultura i Esport. Generalitat Valenciana.\u00a0<\/i><\/div>\n<div><\/div>\n<div><\/div>\n<div class=\"separator\" style=\"text-align: center\"><a href=\"https:\/\/1.bp.blogspot.com\/-DSLnlP53umA\/YFNJlnc-DjI\/AAAAAAAABno\/epB2GI-1bj8b5Rffv4TNwgMhrrdw2glKwCLcBGAsYHQ\/s1697\/img_98_progressaustralia.png\"><img loading=\"lazy\" decoding=\"async\" class=\"alignnone\" src=\"https:\/\/1.bp.blogspot.com\/-DSLnlP53umA\/YFNJlnc-DjI\/AAAAAAAABno\/epB2GI-1bj8b5Rffv4TNwgMhrrdw2glKwCLcBGAsYHQ\/s1697\/img_98_progressaustralia.png\" alt=\"\" width=\"1697\" height=\"763\" \/><\/a><\/div>\n<div><\/div>\n<div>Tabla de objetivos y resultados en Matem\u00e1ticas<\/div>\n<div>Fuente:\u00a0<i>Education Standards Authority (Accedido en marzo de 2021).<\/i><\/div>\n<div>URL:\u00a0<a href=\"https:\/\/educationstandards.nsw.edu.au\/wps\/portal\/nesa\/k-10\/learning-areas\/mathematics\/mathematics-k-10\/outcomes\/table-of-objectives-and-outcomes\">https:\/\/educationstandards.nsw.edu.au\/wps\/portal\/nesa\/k-10\/learning-areas\/mathematics\/mathematics-k-10\/outcomes\/table-of-objectives-and-outcomes<\/a><\/div>\n<div><\/div>\n<div>Las ventajas que proporciona este formato al profesorado son, seg\u00fan Forster (2007):<\/div>\n<div>\n<ul>\n<li>Estimular a visualizar el aprendizaje de su alumnado como parte de un continuo.<\/li>\n<li>Comprender la naturaleza del progreso del aprendizaje en su asignatura.<\/li>\n<li>Ver la evaluaci\u00f3n como la valoraci\u00f3n del nivel que han alcanzado en ese continuo, en lugar de limitar la evaluaci\u00f3n a una comprobaci\u00f3n del logro de objetivos concretos y desconectados.<\/li>\n<\/ul>\n<div>A esto se a\u00f1ade que constituyen una fuente valiosa para realizar aut\u00e9nticas adaptaciones curriculares (sean significativas o no) basadas no en contenidos desconectados, sino en funci\u00f3n de la complejidad de este mismo contenido, los aprendizajes previos y la profundidad en habilidades de cognitivas, afectivas o motoras. En definitiva, preparan tambi\u00e9n para la introducci\u00f3n de enfoques, como el que proporciona la ense\u00f1anza multinivel.<\/div>\n<\/div>\n<div><\/div>\n<div>Esto nos lleva a que es importante definir el progreso atendiendo a ciclos, y no dejando la definici\u00f3n de los est\u00e1ndares (en nuestro caso criterios de evaluaci\u00f3n) s\u00f3lo en el final de las etapas o en niveles donde se vaya a realizar una evaluaci\u00f3n estandarizada externa, tal como hizo la LOMCE (2013). Y sin obviar a la Ed. Infantil de todo este mapa de progreso, que mucho me temo que as\u00ed ser\u00e1 de nuevo.<\/div>\n<div>Ya sabemos a lo que dio lugar esta indefinici\u00f3n de niveles en el sistema educativo espa\u00f1ol,\u00a0 seguramente por las prisas que cualquier gobierno se toma en dejar su ef\u00edmera huella, antes de ser relegado a la oposici\u00f3n y al soterramiento de todo aquello que desarroll\u00f3, como viene siendo de costumbre.<\/div>\n<div><\/div>\n<h3>Desarrollo de los est\u00e1ndares de aprendizaje<\/h3>\n<p>\u00bfQui\u00e9n debe desarrollar estos est\u00e1ndares? En general, en la mayor parte de pa\u00edses analizados en el estudio del CEPPE (2013) se dise\u00f1an por parte del gobierno central, que toma el papel de definirlos y de guiar su desarrollo. Pero en determinados pa\u00edses tambi\u00e9n forman parte asociaciones profesionales vinculadas a las asignaturas o \u00e1reas, aunque cada vez es menor esta tendencia.<\/p>\n<p>Lo que s\u00ed existe, en este enfoque <i>top-down<\/i>, es un largo per\u00edodo de consulta (<i>bottom-up<\/i>) implicando a organizaciones de profesorado, grupos de profesores de cada \u00e1rea, familias, acad\u00e9micos de diferentes disciplinas, autoridades educativas&#8230;), cuyo feedback se considera para la realizaci\u00f3n de modificaciones de los borradores. Por ejemplo, se puede proporcionar un borrador a escuelas piloto para que en funci\u00f3n de la pr\u00e1ctica introduzcan modificaciones. \u00bfDe cu\u00e1nto tiempo estamos hablando? En algunos casos entre 5 y 8 a\u00f1os. Impensable aqu\u00ed en Espa\u00f1a, \u00a1no vaya a ser que nos tiren! Y es que estamos hablando de algo importante, que deber\u00eda constituir un consenso pol\u00edtico de larga duraci\u00f3n. No son buenas las prisas.<\/p>\n<h2>Evaluaci\u00f3n de los est\u00e1ndares de aprendizaje<\/h2>\n<p>Para finalizar esta larga entrada, casi una revisi\u00f3n de aquella que publiqu\u00e9 hace algo m\u00e1s de tres a\u00f1os (<a href=\"https:\/\/revoluacion.blogspot.com\/2017\/12\/preparados-para-la-chapa-estandares-de.html\" target=\"_blank\" rel=\"noopener\">ver aqu\u00ed<\/a>), me centrar\u00e9 brevemente en la importancia de evaluar los est\u00e1ndares de aprendizaje.<\/p>\n<p>Se distinguen dos niveles de evaluaci\u00f3n que, en cualquier caso, deben ser dise\u00f1ados manteniendo una alineaci\u00f3n y consistencia con los est\u00e1ndares de contenido, este es el hecho m\u00e1s relevante e importante:<\/p>\n<p>&#8211; <b>Evaluaci\u00f3n estandarizada<\/b>: mediante la identificaci\u00f3n de los puntos de corte, como versi\u00f3n operativa de los est\u00e1ndares de desempe\u00f1o. A este proceso, en la construcci\u00f3n de pruebas, se le llama <i>standard-setting, <\/i>y existen varios m\u00e9todos que no vienen al caso ahora. Dependen de las instituciones del gobierno que se dediquen a dise\u00f1ar estas pruebas. En nuestro caso vamos a necesitar los est\u00e1ndares de desempe\u00f1o, asociados a los est\u00e1ndares de contenido, para realizar bien esta operaci\u00f3n y en definitiva, el dise\u00f1o de pruebas estandarizadas externas.<\/p>\n<p>&#8211; <b>Evaluaci\u00f3n no estandarizada<\/b>: la que depende del juicio del profesorado basada en el trabajo o evidencias de su alumnado. Aqu\u00ed los est\u00e1ndares de desempe\u00f1o, alineados con sus correspondientes est\u00e1ndares de contenido, juegan un importante papel a la hora de ayudar a definir los niveles de desempe\u00f1o en una r\u00fabrica o instrumento similar. Al menos a la hora de determinar cu\u00e1l es el nivel m\u00ednimo para alcanzar una determinada competencia, en el contexto de una actividad de evaluaci\u00f3n.<\/p>\n<p>De aqu\u00ed se desprende la importancia de al menos dar pautas para la definici\u00f3n de estos est\u00e1ndares de desempe\u00f1o a las escuelas, todo ello a partir de los est\u00e1ndares de contenido; proporcionando tambi\u00e9n situaciones de desempe\u00f1o y actividades de base e instrumentos de evaluaci\u00f3n que sirvan para su evaluaci\u00f3n. Otra forma es definirlos como indicadores de logro que, sin ser prescriptivos, adem\u00e1s de orientar el trabajo en el aula, orienten tambi\u00e9n el dise\u00f1o de pruebas de evaluaci\u00f3n externas.<\/p>\n<p>Esperemos que los tiempos acompa\u00f1en a un futuro buen desarrollo curricular en nuestro pa\u00eds, y en concreto de unos buenos criterios de evaluaci\u00f3n que gu\u00eden y clarifiquen la pr\u00e1ctica en el aula y el seguimiento del aprendizaje de nuestro alumnado. No he profundizado demasiado en c\u00f3mo estos pa\u00edses analizados en la publicaci\u00f3n de la OCDE tambi\u00e9n dan pautas muy claras, ya de base, para la diversificaci\u00f3n curricular y la inclusi\u00f3n educativa. Cuesti\u00f3n que no debe quedar relegada en el dise\u00f1o curricular a un segundo plano y a la que dedicar\u00e9 unas l\u00edneas pr\u00f3ximamente.<\/p>\n<h4>Para saber m\u00e1s<\/h4>\n<p>Centre of Study for Policies and Practices in Education (CEPPE), Chile (2013), <i>Learning Standards, Teaching Standards and Standards for School Principals: A Comparative Study<\/i>, OECD Education Working Papers, No. 99, OECD Publishing. <a href=\"http:\/\/dx.doi.org\/10.1787\/5k3tsjqtp90v-en\">http:\/\/dx.doi.org\/10.1787\/5k3tsjqtp90v-en<\/a><\/p>\n<\/div>\n<div><\/div>\n<p>Forster, M and Masters, G. (2010) Progression and assessment; Developmental<br \/>\nassessment International encyclopedia of education (3rd ed). Ed. Baker, E. , McGaw, B. Peterson, P. Elsevier, Amsterdam.<\/p>\n<div>\n<div>\n<p>Kleinhenz, E., and Ingvarson, L. (2007), <i>Standards for teaching: Theoretical underpinnings and applications<\/i>, New Zealand Teachers Council.<\/p>\n<div><\/div>\n<div>Wiggins, G. (1998). <i>Educative Assessment. Designing Assessments to inform and improve student performance<\/i>. Jossey-Bass Publishers: San Francisco.<\/div>\n<\/div>\n<\/div>\n<\/div>\n","protected":false},"excerpt":{"rendered":"<p>LOMLOE, est\u00e1ndares y curr\u00edculo: \u00bfvamos a perder una nueva oportunidad? Con la llegada de la LOMCE (2013, texto consolidado con LOE 2006) aparecieron por primera vez en el sistema educativo unos nuevos referentes para la evaluaci\u00f3n de los aprendizajes: los est\u00e1ndares de aprendizaje evaluables. Fue una introducci\u00f3n desafortunada, no por el hecho de que se [&hellip;]<\/p>\n","protected":false},"author":117,"featured_media":0,"parent":4089,"menu_order":0,"comment_status":"closed","ping_status":"closed","template":"","meta":{"footnotes":""},"class_list":["post-5360","page","type-page","status-publish","hentry","post-preview"],"_links":{"self":[{"href":"https:\/\/edublog.educastur.es\/corredoria3\/wp-json\/wp\/v2\/pages\/5360","targetHints":{"allow":["GET"]}}],"collection":[{"href":"https:\/\/edublog.educastur.es\/corredoria3\/wp-json\/wp\/v2\/pages"}],"about":[{"href":"https:\/\/edublog.educastur.es\/corredoria3\/wp-json\/wp\/v2\/types\/page"}],"author":[{"embeddable":true,"href":"https:\/\/edublog.educastur.es\/corredoria3\/wp-json\/wp\/v2\/users\/117"}],"replies":[{"embeddable":true,"href":"https:\/\/edublog.educastur.es\/corredoria3\/wp-json\/wp\/v2\/comments?post=5360"}],"version-history":[{"count":6,"href":"https:\/\/edublog.educastur.es\/corredoria3\/wp-json\/wp\/v2\/pages\/5360\/revisions"}],"predecessor-version":[{"id":5367,"href":"https:\/\/edublog.educastur.es\/corredoria3\/wp-json\/wp\/v2\/pages\/5360\/revisions\/5367"}],"up":[{"embeddable":true,"href":"https:\/\/edublog.educastur.es\/corredoria3\/wp-json\/wp\/v2\/pages\/4089"}],"wp:attachment":[{"href":"https:\/\/edublog.educastur.es\/corredoria3\/wp-json\/wp\/v2\/media?parent=5360"}],"curies":[{"name":"wp","href":"https:\/\/api.w.org\/{rel}","templated":true}]}}