{"id":5474,"date":"2022-11-15T20:41:26","date_gmt":"2022-11-15T18:41:26","guid":{"rendered":"https:\/\/edublog.educastur.es\/corredoria3\/?page_id=5474"},"modified":"2022-11-15T20:52:16","modified_gmt":"2022-11-15T18:52:16","slug":"instrumentos","status":"publish","type":"page","link":"https:\/\/edublog.educastur.es\/corredoria3\/lomloe\/evaluacion\/instrumentos\/","title":{"rendered":"Instrumentos"},"content":{"rendered":"<blockquote>\n<p style=\"text-align: center\"><span style=\"color: #008080\"><strong><span style=\"font-size: 24px\">\u00bfHay que establecer un INSTRUMENTO de Evaluaci\u00f3n<br \/>\npara cada Criterio y\/o Indicador de logro?<\/span><\/strong><\/span><\/p>\n<\/blockquote>\n<ul>\n<li><\/li>\n<li><em><span style=\"font-size: 24px\">Gu\u00eda de observaci\u00f3n<\/span><\/em><\/li>\n<li><em><span style=\"font-size: 24px\">Cuaderno del alumno<\/span><\/em><\/li>\n<li><em><span style=\"font-size: 24px\">Portfolio<\/span><\/em><\/li>\n<li><em><span style=\"font-size: 24px\">Prueba escrita<\/span><\/em><\/li>\n<li><em><span style=\"font-size: 24px\">Prueba oral<\/span><\/em><\/li>\n<\/ul>\n<p><em><span style=\"font-size: 24px\">Y las r\u00fabricas, escalas graduadas, escalas de valoraci\u00f3n, listas de control???<\/span><\/em><\/p>\n<p>&nbsp;<\/p>\n","protected":false},"excerpt":{"rendered":"<p>\u00bfHay que establecer un INSTRUMENTO de Evaluaci\u00f3n para cada Criterio y\/o Indicador de logro? Gu\u00eda de observaci\u00f3n Cuaderno del alumno Portfolio Prueba escrita Prueba oral Y las r\u00fabricas, escalas graduadas, escalas de valoraci\u00f3n, listas de control??? &nbsp;<\/p>\n","protected":false},"author":117,"featured_media":0,"parent":5340,"menu_order":0,"comment_status":"closed","ping_status":"closed","template":"","meta":{"footnotes":""},"class_list":["post-5474","page","type-page","status-publish","hentry","post-preview"],"_links":{"self":[{"href":"https:\/\/edublog.educastur.es\/corredoria3\/wp-json\/wp\/v2\/pages\/5474","targetHints":{"allow":["GET"]}}],"collection":[{"href":"https:\/\/edublog.educastur.es\/corredoria3\/wp-json\/wp\/v2\/pages"}],"about":[{"href":"https:\/\/edublog.educastur.es\/corredoria3\/wp-json\/wp\/v2\/types\/page"}],"author":[{"embeddable":true,"href":"https:\/\/edublog.educastur.es\/corredoria3\/wp-json\/wp\/v2\/users\/117"}],"replies":[{"embeddable":true,"href":"https:\/\/edublog.educastur.es\/corredoria3\/wp-json\/wp\/v2\/comments?post=5474"}],"version-history":[{"count":3,"href":"https:\/\/edublog.educastur.es\/corredoria3\/wp-json\/wp\/v2\/pages\/5474\/revisions"}],"predecessor-version":[{"id":5477,"href":"https:\/\/edublog.educastur.es\/corredoria3\/wp-json\/wp\/v2\/pages\/5474\/revisions\/5477"}],"up":[{"embeddable":true,"href":"https:\/\/edublog.educastur.es\/corredoria3\/wp-json\/wp\/v2\/pages\/5340"}],"wp:attachment":[{"href":"https:\/\/edublog.educastur.es\/corredoria3\/wp-json\/wp\/v2\/media?parent=5474"}],"curies":[{"name":"wp","href":"https:\/\/api.w.org\/{rel}","templated":true}]}}