{"id":5530,"date":"2023-01-17T13:01:43","date_gmt":"2023-01-17T11:01:43","guid":{"rendered":"https:\/\/edublog.educastur.es\/corredoria3\/?page_id=5530"},"modified":"2023-01-17T13:01:43","modified_gmt":"2023-01-17T11:01:43","slug":"situaciones-de-aprendizaje","status":"publish","type":"page","link":"https:\/\/edublog.educastur.es\/corredoria3\/lomloe\/situaciones-de-aprendizaje\/","title":{"rendered":"Situaciones de Aprendizaje"},"content":{"rendered":"<p style=\"text-align: center\"><img loading=\"lazy\" decoding=\"async\" class=\"alignnone size-full\" src=\"https:\/\/i0.wp.com\/www.orientacionandujar.es\/wp-content\/uploads\/2023\/01\/Captura-de-pantalla-2023-01-15-a-las-14.06.46.png?resize=1024%2C501&amp;ssl=1\" width=\"1024\" height=\"501\" \/><\/p>\n<p><a href=\"https:\/\/www.orientacionandujar.es\/2023\/01\/15\/sencilla-plantilla-editable-power-point-situaciones-de-aprendizaje-lomloe\/sencilla-plantilla-editable-situaciones-de-aprendizaje-lomloe\/\" rel=\"attachment wp-att-165303\">SENCILLA PLANTILLA EDITABLE situaciones de aprendizaje LOMLOE<\/a><\/p>\n<p>DESCARGA LA PLANTILLA EN PDF<\/p>\n<p><a href=\"https:\/\/formacionandujar.es\/cursos\/es\/cursos-online\/21-curso-online-lomloe-situaciones-aprendizaje.html\" rel=\"attachment wp-att-104294\"><img loading=\"lazy\" decoding=\"async\" class=\"alignnone  wp-image-104294 jetpack-lazy-image jetpack-lazy-image--handled\" src=\"https:\/\/i0.wp.com\/www.orientacionandujar.es\/wp-content\/uploads\/2020\/01\/descargar-pdf-oa.png?resize=300%2C53&amp;ssl=1\" alt=\"\" width=\"192\" height=\"34\" data-recalc-dims=\"1\" data-lazy-loaded=\"1\" \/><\/a><\/p>\n<p><a href=\"https:\/\/www.orientacionandujar.es\/2023\/01\/15\/sencilla-plantilla-editable-power-point-situaciones-de-aprendizaje-lomloe\/sencilla-plantilla-editable-situaciones-de-aprendizaje-lomloe-2\/\" rel=\"attachment wp-att-165304\">SENCILLA PLANTILLA EDITABLE situaciones de aprendizaje LOMLOE<\/a><\/p>\n<p><a href=\"https:\/\/formacionandujar.es\/cursos\/es\/cursos-online\/21-curso-online-lomloe-situaciones-aprendizaje.html\">CURSO SOBRE SITUACIONES DE APRENDIZAJE\u00a0 LOMLOE<\/a><\/p>\n<p><a href=\"https:\/\/formacionandujar.es\/cursos\/es\/cursos-online\/21-curso-online-lomloe-situaciones-aprendizaje.html\">CURSO SITUACIONES DE APRENDIZAJE LOMLOE<\/a><\/p>\n<p><a href=\"https:\/\/www.orientacionandujar.es\/2023\/01\/11\/espectacular-plantilla-para-disenar-situaciones-de-aprendizaje-lomloe\/plantilla-para-el-disen%cc%83o-de-situaciones-de-aprendizaje\/\" rel=\"attachment wp-att-165159\">Plantilla para el disen\u0303o de Situaciones de Aprendizaje<\/a><\/p>\n<p><a href=\"https:\/\/www.orientacionandujar.es\/2023\/01\/15\/sencilla-plantilla-editable-power-point-situaciones-de-aprendizaje-lomloe\/sencilla-plantilla-editable-situaciones-de-aprendizaje-lomloe\/\" rel=\"attachment wp-att-165303\">SENCILLA PLANTILLA EDITABLE situaciones de aprendizaje LOMLOE EDITABLE POWER POINT<\/a><\/p>\n<p><a href=\"https:\/\/www.orientacionandujar.es\/2023\/01\/15\/sencilla-plantilla-editable-power-point-situaciones-de-aprendizaje-lomloe\/sencilla-plantilla-editable-situaciones-de-aprendizaje-lomloe-2\/\" rel=\"attachment wp-att-165304\">SENCILLA PLANTILLA EDITABLE situaciones de aprendizaje LOMLOE EN PDF<\/a><\/p>\n<p><a href=\"https:\/\/www.orientacionandujar.es\/2023\/01\/11\/espectacular-plantilla-para-disenar-situaciones-de-aprendizaje-lomloe\/plantilla-de-programacion-de-situaciones-de-aprendizaje-lomloe\/\" rel=\"attachment wp-att-165223\">PLANTILLA DE PROGRAMACI\u00d3N DE SITUACIONES DE APRENDIZAJE (LOMLOE)<\/a><\/p>\n<p>AUTOR: <a href=\"https:\/\/www.orientacionandujar.es\/\">ORIENTACI\u00d3N AND\u00daJAR<\/a><\/p>\n<p>La programaci\u00f3n did\u00e1ctica es el plan que describe la actividad educativa en relaci\u00f3n al proyecto educativo y la programaci\u00f3n general anual. <strong><span style=\"color: #008080\">Para organizar la ense\u00f1anza, se dividir\u00e1 en unidades de programaci\u00f3n correspondientes a unidades did\u00e1cticas o situaciones de aprendizaje.<\/span><\/strong><\/p>\n<p><span style=\"color: #008080\">En estas situaciones de aprendizaje competencial, se detallan y eval\u00faan las experiencias de aprendizaje.<\/span> Para que estas experiencias sean efectivas, el docente debe dise\u00f1ar unidades did\u00e1cticas con tareas y actividades relevantes y significativas para los estudiantes, que les presenten desaf\u00edos y despierten su inter\u00e9s en seguir aprendiendo.<\/p>\n<p>Estas experiencias <span style=\"color: #008080\">deben incluir el uso de diferentes recursos y fomentar el desarrollo cognitivo, emocional y psicomotriz de los estudiantes.<\/span> Adem\u00e1s, las metodolog\u00edas y los productos deben ser adecuados para la evaluaci\u00f3n de los aprendizajes descritos en los criterios de evaluaci\u00f3n.<\/p>\n<p><span style=\"color: #008080\">El dise\u00f1o debe basarse en uno o varios criterios de evaluaci\u00f3n para medir el progreso de los aprendizajes y las competencias relacionadas.<\/span> La Consejer\u00eda de Educaci\u00f3n y Universidades proporciona herramientas, como las r\u00fabricas, para garantizar una evaluaci\u00f3n objetiva de los aprendizajes.<\/p>\n<div id=\"gseRaiglMeSghnQD\" style=\"text-align: center\"><img loading=\"lazy\" decoding=\"async\" class=\"alignnone size-full\" src=\"https:\/\/i0.wp.com\/www.orientacionandujar.es\/wp-content\/uploads\/2023\/01\/CANVAS-situaciones-aprendizaje-ORIENTACION-ANDUJAR_page-0001.jpg?resize=1024%2C576&amp;ssl=1\" width=\"1024\" height=\"576\" \/><\/div>\n<div>\n<h2>Apartados de una situaci\u00f3n de aprendizaje.<\/h2>\n<h3><strong>1. Identificaci\u00f3n:<\/strong><\/h3>\n<h4><strong>1.1. T\u00edtulo<br \/>\n1.2.\u00a0<\/strong><strong>Justificaci\u00f3n<\/strong>:<\/h4>\n<p>Se justifica y razona el sentido de los aprendizajes haciendo expl\u00edcitas las intenciones de los mismos, aclarando su finalidad en relaci\u00f3n con el desarrollo del curr\u00edculo y situ\u00e1ndolos en referencia a la contextualizaci\u00f3n recogida en la programaci\u00f3n did\u00e1ctica.<\/p>\n<p>Adem\u00e1s, la unidad did\u00e1ctica o situaci\u00f3n de aprendizaje debe situarse dentro de los proyectos y planes que el centro desarrolle, o vincularse a algunos de ellos, y que ayuden a explicitar los aprendizajes que el alumnado debe alcanzar (Proyecto Educativo, Plan de Igualdad, Convivencia\u2026)<\/p>\n<h3><strong>2. Datos t\u00e9cnicos:<\/strong><\/h3>\n<p>Etapa, curso y \u00e1rea que van a tratar en su unidad did\u00e1ctica o situaci\u00f3n de aprendizaje.<\/p>\n<p>Se especificar\u00e1 asimismo si la unidad did\u00e1ctica o situaci\u00f3n de aprendizaje planteada responde a un \u00e1rea y un curso, a varias \u00e1reas de un mismo curso o a la combinaci\u00f3n de varias \u00e1reas o distintos cursos, en el caso de que se trabaje con un grupo de que integra a alumnado con necesidades espec\u00edficas de apoyo educativo.<\/p>\n<h3><strong>3. Fundamentaci\u00f3n curricular:<\/strong><\/h3>\n<p>La fundamentaci\u00f3n curricular exige hacer referencia y relacionar los distintos elementos del curr\u00edculo: objetivos de aprendizaje, competencias, criterios de evaluaci\u00f3n y contenidos.<\/p>\n<p>3.1. Tomando como referencia los criterios de evaluaci\u00f3n y las r\u00fabricas seleccionados para la unidad did\u00e1ctica o situaci\u00f3n de aprendizaje, concretamos los objetivos de aprendizaje espec\u00edficos que se persiguen con la unidad did\u00e1ctica o situaci\u00f3n de aprendizaje.<\/p>\n<p>3.2. A partir de los mismos se har\u00edan expl\u00edcitos los contenidos a los que hacen referencia y que estar\u00edan incluidos en el dise\u00f1o.<\/p>\n<p>3.3. Por \u00faltimo, la relaci\u00f3n con las competencias est\u00e1 establecida por la consejer\u00eda de Educaci\u00f3n, Universidades y Sostenibilidad en los criterios de evaluaci\u00f3n o en las r\u00fabricas antes mencionadas. No obstante, podr\u00eda justificarse dicha vinculaci\u00f3n si as\u00ed se considerase conveniente.<\/p>\n<h3><strong>4.\u00a0<\/strong><strong>Fundamentaci\u00f3n metodol\u00f3gica\/concreci\u00f3n:\u00a0<\/strong><\/h3>\n<h4><strong>4.1. Modelos de ense\u00f1anza:<\/strong><\/h4>\n<p><strong>\u00a0\u00a0\u00a0\u00a0\u00a0\u00a0\u00a0\u00a0\u00a0\u00a0\u00a0\u00a0<\/strong>Se debe citar los distintos modelos de ense\u00f1anza que se utilizar\u00e1n a lo largo de la secuencia de actividades propuestas.<\/p>\n<ul>\n<li><strong>Ense\u00f1anza no directiva:<\/strong>\u00a0El alumnado es libre para explorar problemas, para decidir la respuesta y tomar decisiones, seg\u00fan un criterio personal. El profesorado no interviene.<\/li>\n<li><strong>Ense\u00f1anza directiva:<\/strong>\u00a0Entrenamiento de habilidades y destrezas: se muestra el procedimiento, se realiza una pr\u00e1ctica guiada y, despu\u00e9s, una pr\u00e1ctica aut\u00f3noma.<\/li>\n<li><strong>Simulaci\u00f3n:<\/strong>\u00a0Utilizaci\u00f3n de simuladores para entrenar la conducta y lograr que, cuando se d\u00e9 la situaci\u00f3n real, sepa actuar adecuadamente.<\/li>\n<li><strong>Investigaci\u00f3n grupal:<\/strong>\u00a0B\u00fasqueda de informaci\u00f3n en grupo, en la que lo m\u00e1s importante es la interacci\u00f3n el alumnado y la construcci\u00f3n colaborativa del conocimiento.<\/li>\n<li><strong>Juego de roles:<\/strong>\u00a0Dramatizaci\u00f3n de situaciones \u201creales\u201d, en las que cada alumno\/a asume un rol dado y act\u00faa en relaci\u00f3n a \u00e9l.<\/li>\n<li><strong>Jurisprudencial:<\/strong>\u00a0Modelo de debate y argumentaci\u00f3n, en grupo, en torno a temas sociales y \u00e9ticos, que debe concluir con un veredicto.<\/li>\n<li><strong>Inductivo b\u00e1sico:<\/strong>\u00a0Al contrario que el deductivo, consiste en partir de casos concretos,<\/li>\n<li><strong>Organizadores previos:<\/strong>\u00a0Cuando la informaci\u00f3n a suministrar o el campo de estudios es amplio, se parte de una panor\u00e1mica general del contenido y de sus relaciones (mapa conceptual, gr\u00e1fico, esquema\u2026)<\/li>\n<li><strong>Formaci\u00f3n de conceptos:<\/strong>\u00a0Un paso m\u00e1s del Inductivo b\u00e1sico. Generaci\u00f3n de conceptos a partir de la contraposici\u00f3n de datos en torno a una problem\u00e1tica. Requiere de planteamientos de hip\u00f3tesis.<\/li>\n<li><strong>Indagaci\u00f3n cient\u00edfica:<\/strong>\u00a0Aprender ciencia haciendo ciencia, de forma guiada: (pregunta-hip\u00f3tesis-experimentaci\u00f3n y o b\u00fasqueda de informaci\u00f3n- resultados-conclusiones)<\/li>\n<li><strong>Memor\u00edstico:<\/strong>\u00a0consiste en retener y luego recuperar informaci\u00f3n que no tiene que ser comprendida (datos, fechas, nombres,\u2026). Requiere ense\u00f1ar t\u00e9cnicas espec\u00edficas.<\/li>\n<li><strong>Sin\u00e9ctico:<\/strong>\u00a0Proceso creativo de soluci\u00f3n de problemas y\/o de creaci\u00f3n de productos novedosos bas\u00e1ndose en analog\u00edas: unir dos cosas aparentemente distintas.<\/li>\n<li><strong>Deductivo:<\/strong>\u00a0Partiendo de categor\u00edas y conceptos generales, el alumnado debe identificar y caracterizar los ejemplos concretos que se le suministran.<\/li>\n<li><strong>Expositivo:<\/strong>\u00a0El profesorado suministra mucha informaci\u00f3n, organizada y explicada. Es adecuado cuando son temas amplios y complejos.<\/li>\n<li><strong>Investigaci\u00f3n guiada:<\/strong>\u00a0Similar a la indagaci\u00f3n, pero realizando b\u00fasqueda de informaci\u00f3n en cualquier fuente, sin tener que partir de una hip\u00f3tesis, pero s\u00ed de un tema a investigar.<\/li>\n<\/ul>\n<h4><strong>4.2. Fundamentos metodol\u00f3gicos:<\/strong><\/h4>\n<p>El \u00e9xito de una unidad did\u00e1ctica o situaci\u00f3n de aprendizaje, es decir, conseguir con el alumnado los objetivos de aprendizaje previstos, depende de muchos factores, entre los que la metodolog\u00eda juega un papel importante. El enfoque competencial de la ense\u00f1anza y del aprendizaje propone metodolog\u00edas activas y dial\u00f3gicas o interactivas, que el alumnado \u201c<em><strong>aprenda haciendo<\/strong><\/em>\u201d y\/o \u201c<strong><em>aplicando conocimientos<\/em><\/strong>\u201d sobre situaciones-problemas significativos.<\/p>\n<p>Las metodolog\u00edas seleccionadas deber\u00e1n ser adecuadas al enfoque competencial de la ense\u00f1anza y el aprendizaje y guardar coherencia con el dise\u00f1o. Asimismo, se pondr\u00e1 especial inter\u00e9s en que el alumnado desarrolle aprendizajes por s\u00ed mismo\/a fomentando que haga metacogniciones: qu\u00e9, c\u00f3mo, con qu\u00e9, para qu\u00e9 aprender, incluyendo el fomento en el uso de las TIC, el trabajo colaborativo y la atenci\u00f3n a la diversidad.<\/p>\n<p>Para ajustar el dise\u00f1o desde un enfoque competencial tendremos en cuenta las siguientes premisas:<\/p>\n<p>1) Las competencias son un tipo de aprendizaje complejo que no se aprende, se adquiere, en un proceso largo y en un entorno rico de experiencias e interacciones.<\/p>\n<p>2) Sabemos que una persona es competente cuando la vemos desenvolverse en una situaci\u00f3n de problema\/reto, aplicando un conocimiento adquirido (sabe hacer) y manteniendo a la vez una conducta adecuada al reto (sabe ser).<\/p>\n<p>3) Para que una persona adquiera una sola competencia, es necesario que participe en un proceso continuo que incluya una variada muestra de actividades cognitivas y conductuales, enfrent\u00e1ndose a experiencias individuales y sociales que tengan una significaci\u00f3n emocional en un entorno \u00e9tico y no excluyente.<\/p>\n<p>&nbsp;<\/p>\n<h4><strong>4.3. Secuencia de actividades:<\/strong><\/h4>\n<p>La secuencia de actividades que integra una unidad did\u00e1ctica o situaci\u00f3n de aprendizaje debe organizarse en funci\u00f3n del aprendizaje que pretendamos conseguir, siguiendo una secuencia coherente que culmine en la propuesta de una tarea final.<\/p>\n<p>Es conveniente, por un lado, presentar de manera general tanto la descripci\u00f3n de la tarea final como la del proceso necesario para que alumnado y profesorado puedan desarrollarla y, por el otro, describir las actividades de forma detallada.<\/p>\n<p>Las actividades han de ser variadas, contemplar los distintos niveles de dominio de los procesos cognitivos y estar graduadas seg\u00fan su complejidad. Siguiendo los principios fundamentales descritos por M. David Merrill (2009), la secuencia de actividades debe seguir los siguientes pasos:<\/p>\n<p>1) Crear y describir con detalle la experiencia de aprendizaje final y los desempe\u00f1os del alumnado \u2013 tarea, proyecto, problema, etc.-\u00a0<strong>(centralidad de la tarea).<\/strong><\/p>\n<p>2) Partir de los conocimientos reales del alumnado incluyendo actividades o situaciones significativas que sirvan para orientarlos hacia los nuevos aprendizajes\u00a0<strong>(activaci\u00f3n).<\/strong><\/p>\n<p>3) Proporcionar modelos de conceptos y procesos mediante recursos adecuados e instrucciones claras\u00a0<strong>(demostraci\u00f3n).<\/strong><\/p>\n<p>4) Programar actividades suficientes para que el alumnado domine rutinas (aplicaci\u00f3n controlada) y ensaye procesos m\u00e1s complejos (<strong>aplicaci\u00f3n<\/strong>\u00a0situada en el contexto de la tarea propuesta).<\/p>\n<p>5) Programar actividades de reflexi\u00f3n sobre el qu\u00e9 y el c\u00f3mo se ha aprendido (metacognici\u00f3n) y actividades que permitan demostrar la adquisici\u00f3n efectiva del aprendizaje\u00a0<strong>(integraci\u00f3n)<\/strong>. En este momento de la secuencia pueden plantearse actividades de autoevaluaci\u00f3n y coevaluaci\u00f3n.<\/p>\n<p>Propuesta de apartados en el dise\u00f1o de las distintas actividades:<\/p>\n<ul>\n<li><strong>Identificaci\u00f3n:<\/strong>\n<ul>\n<li><strong>T\u00edtulo:<\/strong><\/li>\n<li><strong>Descripci\u00f3n:<\/strong><\/li>\n<\/ul>\n<\/li>\n<\/ul>\n<p>Se expone brevemente los pasos a seguir en la actividad, teniendo en cuenta el desempe\u00f1o del alumnado y del profesorado.<\/p>\n<ul>\n<li><strong>Datos t\u00e9cnicos:<\/strong>\n<ul>\n<li><strong>Criterios de evaluaci\u00f3n:<br \/>\n<\/strong>Todas las actividades que integran una unidad did\u00e1ctica o situaci\u00f3n de aprendizaje no tienen por qu\u00e9 ser evaluadas. Las que dise\u00f1emos para los procesos de activaci\u00f3n o para iniciar el modelaje no tendr\u00edan que tener, en principio, asociada una evaluaci\u00f3n pues todav\u00eda no se han adquirido los aprendizajes. Por tanto, a estas actividades no asociaremos ning\u00fan criterio de evaluaci\u00f3n. En las actividades en las que trabajemos productos en los que se puedan observar los nuevos aprendizajes del alumnado, seleccionaremos el o los criterios de evaluaci\u00f3n adecuados a ellos.<\/li>\n<li><strong>Productos\/Instrumentos de evaluaci\u00f3n:<br \/>\n<\/strong>El producto es todo lo que elabora el alumnado y es susceptible de observar el nivel de logro de los aprendizajes que se persiguen. Este producto se convierte en instrumento de evaluaci\u00f3n al vincularlo a un criterio.<br \/>\nPuede consultar el documento:\u00a0<a href=\"http:\/\/www.gobiernodecanarias.org\/medusa\/ecoescuela\/sa\/wp-content\/blogs.dir\/46\/files\/2016\/02\/6Orientaciones-para-la-Evaluacion.pdf\" target=\"_blank\" rel=\"noopener\">orientaciones para la evaluaci\u00f3n<\/a>\u00a0(documento pdf).<\/li>\n<li><strong>Agrupamientos:<br \/>\n<\/strong>Seleccionaremos los agrupamientos de cada actividad entre los siguientes tipos:&nbsp;<\/p>\n<ul>\n<li><strong>Grupos homog\u00e9neos:<\/strong>\u00a0el grupo se forma en un momento dado a partir de intereses y caracter\u00edsticas comunes de sus miembros para afrontar una situaci\u00f3n, problema o demanda.<\/li>\n<li><strong>Grupos heterog\u00e9neos:<\/strong>\u00a0el grupo se forma en un momento dado con personas que tienen perfiles, caracter\u00edsticas e intereses distintos para afrontar una situaci\u00f3n, problema o demanda.<\/li>\n<li><strong>Grupos de expertos\/as<\/strong>: el grupo se forma con miembros que tienen un grado general de dominio sobre temas o cuestiones concretas para profundizar m\u00e1s.<\/li>\n<li><strong>Gran grupo:<\/strong>\u00a0El grupo-aula completo.<\/li>\n<li><strong>Grupos fijos:<\/strong>\u00a0grupos que se mantienen durante un tiempo m\u00e1s dilatado ( no m\u00e1s de 6 semanas) para afrontar distintos tipos de problemas o demandas.<\/li>\n<li><strong>Equipos m\u00f3viles o flexibles:<\/strong>\u00a0se configuran grupos en los que los miembros van variando para responder a necesidades de individuos concretos.<\/li>\n<li><strong>Trabajo individual:<\/strong>\u00a0el individuo afronta las situaciones-problema sin ayuda de otro.<\/li>\n<li><strong>Grupos interactivos:<\/strong>\u00a0intervienen otras personas (familiares, profesionales de otras ramas, no docentes) que con sus experiencias y conocimientos contribuyen a los aprendizajes y mejora del clima escolar. Colaboran con funciones muy concretas con los docentes y organizaci\u00f3n del centro en torno al Proyecto Educativo.<\/li>\n<\/ul>\n<\/li>\n<li><strong>Sesiones:<br \/>\n<\/strong>Especificaremos el n\u00famero de sesiones que se invertir\u00e1 en la realizaci\u00f3n de cada actividad.<\/li>\n<li><strong>Recursos:<br \/>\n<\/strong>Debemos hacer constar todos los recursos utilizados en las distintas actividades para que se lleven a cabo los aprendizajes esperados. Los recursos tambi\u00e9n pueden ser generados por el propio alumnado.<\/li>\n<li><strong>Espacios:<br \/>\n<\/strong>Se\u00f1alar los escenarios de aprendizaje id\u00f3neos para la puesta en pr\u00e1ctica de las actividades dando coherencia a las metodolog\u00edas, los tiempos y los objetivos que se pretenden alcanzar.<\/li>\n<li><strong>Observaciones:<br \/>\n<\/strong>En este apartado se se\u00f1alar\u00e1 cualquier otra informaci\u00f3n sobre el dise\u00f1o necesaria para su implementaci\u00f3n posterior.<\/li>\n<\/ul>\n<\/li>\n<\/ul>\n<h4><strong>4.4. Fuentes:<\/strong><\/h4>\n<p>Describiremos las fuentes consultadas y utilizadas en el dise\u00f1o de la situaci\u00f3n de aprendizaje.<\/p>\n<p>fuente: <a href=\"https:\/\/www3.gobiernodecanarias.org\/medusa\/\">https:\/\/www3.gobiernodecanarias.org\/medusa\/<\/a><\/p>\n<\/div>\n","protected":false},"excerpt":{"rendered":"<p>SENCILLA PLANTILLA EDITABLE situaciones de aprendizaje LOMLOE DESCARGA LA PLANTILLA EN PDF SENCILLA PLANTILLA EDITABLE situaciones de aprendizaje LOMLOE CURSO SOBRE SITUACIONES DE APRENDIZAJE\u00a0 LOMLOE CURSO SITUACIONES DE APRENDIZAJE LOMLOE Plantilla para el disen\u0303o de Situaciones de Aprendizaje SENCILLA PLANTILLA EDITABLE situaciones de aprendizaje LOMLOE EDITABLE POWER POINT SENCILLA PLANTILLA EDITABLE situaciones de aprendizaje LOMLOE [&hellip;]<\/p>\n","protected":false},"author":117,"featured_media":0,"parent":4089,"menu_order":0,"comment_status":"closed","ping_status":"closed","template":"","meta":{"footnotes":""},"class_list":["post-5530","page","type-page","status-publish","hentry","post-preview"],"_links":{"self":[{"href":"https:\/\/edublog.educastur.es\/corredoria3\/wp-json\/wp\/v2\/pages\/5530","targetHints":{"allow":["GET"]}}],"collection":[{"href":"https:\/\/edublog.educastur.es\/corredoria3\/wp-json\/wp\/v2\/pages"}],"about":[{"href":"https:\/\/edublog.educastur.es\/corredoria3\/wp-json\/wp\/v2\/types\/page"}],"author":[{"embeddable":true,"href":"https:\/\/edublog.educastur.es\/corredoria3\/wp-json\/wp\/v2\/users\/117"}],"replies":[{"embeddable":true,"href":"https:\/\/edublog.educastur.es\/corredoria3\/wp-json\/wp\/v2\/comments?post=5530"}],"version-history":[{"count":1,"href":"https:\/\/edublog.educastur.es\/corredoria3\/wp-json\/wp\/v2\/pages\/5530\/revisions"}],"predecessor-version":[{"id":5531,"href":"https:\/\/edublog.educastur.es\/corredoria3\/wp-json\/wp\/v2\/pages\/5530\/revisions\/5531"}],"up":[{"embeddable":true,"href":"https:\/\/edublog.educastur.es\/corredoria3\/wp-json\/wp\/v2\/pages\/4089"}],"wp:attachment":[{"href":"https:\/\/edublog.educastur.es\/corredoria3\/wp-json\/wp\/v2\/media?parent=5530"}],"curies":[{"name":"wp","href":"https:\/\/api.w.org\/{rel}","templated":true}]}}