{"id":5619,"date":"2023-05-05T12:56:50","date_gmt":"2023-05-05T10:56:50","guid":{"rendered":"https:\/\/edublog.educastur.es\/corredoria3\/?page_id=5619"},"modified":"2023-05-05T12:56:50","modified_gmt":"2023-05-05T10:56:50","slug":"mayo","status":"publish","type":"page","link":"https:\/\/edublog.educastur.es\/corredoria3\/profes_cursos\/2023-2\/mayo\/","title":{"rendered":"Mayo"},"content":{"rendered":"<blockquote><p><strong>Informaci\u00f3n agrupada en esta web:<\/strong><br \/>\n<a href=\"http:\/\/cproviedo.es\/nueva-pagina-web-de-asturias-formacion\">http:\/\/cproviedo.es\/nueva-pagina-web-de-asturias-formacion<\/a><\/p><\/blockquote>\n<p style=\"text-align: center\"><a href=\"https:\/\/alojaweb.educastur.es\/web\/asturiasformacion\/cproviedo\">https:\/\/alojaweb.educastur.es\/web\/asturiasformacion\/cproviedo<\/a><\/p>\n<p><a href=\"https:\/\/alojaweb.educastur.es\/web\/asturiasformacion\/cproviedo\"><img loading=\"lazy\" decoding=\"async\" class=\"aligncenter\" src=\"https:\/\/cproviedo.es\/wp-content\/uploads\/2023\/03\/Cartel_nueva_web.png\" alt=\"\" width=\"375\" height=\"116\" \/><\/a><\/p>\n<hr \/>\n<blockquote>\n<h2 class=\"entry-title h1 small-mb-1\" style=\"text-align: center\"><a class=\"hover-color\" href=\"https:\/\/www.educaciontrespuntocero.com\/encuentros-3-0\/x-encuentro-educacion-3-0\/\" rel=\"bookmark\">X Encuentro EDUCACI\u00d3N 3.0!<\/a><br \/>\n<span style=\"color: #800080\">Martes 9,\u00a0 18:00 horas<\/span><\/h2>\n<p><strong>Totalmente gratuito, en directo y en formato online, para asistir <span style=\"color: #800080\">es necesario registrarse.<\/span><\/strong><\/p>\n<div class=\"wp-block-buttons is-content-justification-center is-layout-flex wp-container-1\">\n<div class=\"wp-block-button has-custom-width wp-block-button__width-25 has-custom-font-size has-small-font-size\" style=\"text-align: center\"><a class=\"wp-block-button__link has-vivid-red-background-color has-background wp-element-button\" href=\"https:\/\/educacion30.app.teenvio.com\/form\/educacion30\/20\/\" target=\"_blank\" rel=\"noopener\"><strong>REGISTRO<\/strong><\/a><\/div>\n<\/div>\n<\/blockquote>\n<ul>\n<li><a href=\"https:\/\/www.educaciontrespuntocero.com\/\">https:\/\/www.educaciontrespuntocero.com\/<\/a><\/li>\n<\/ul>\n<p style=\"text-align: center\"><a href=\"https:\/\/www.educaciontrespuntocero.com\/wp-content\/uploads\/2023\/05\/CARTEL-DESTACADA-ENCUENTRO-672x414.jpg.webp\"><img loading=\"lazy\" decoding=\"async\" class=\"aligncenter size-full\" src=\"https:\/\/www.educaciontrespuntocero.com\/wp-content\/uploads\/2023\/05\/CARTEL-DESTACADA-ENCUENTRO-672x414.jpg.webp\" width=\"672\" height=\"414\" \/><\/a><\/p>\n<h2 class=\"entry-title h1 small-mb-1\"><a class=\"hover-color\" href=\"https:\/\/www.educaciontrespuntocero.com\/encuentros-3-0\/x-encuentro-educacion-3-0\/\" rel=\"bookmark\">\u00a1Ya puedes apuntarte al X Encuentro EDUCACI\u00d3N 3.0! Hablaremos sobre Inteligencia Artificial<\/a><\/h2>\n<div class=\"entry-summary intro-summary small-mb-1 medium-mb-2 medium-pl-1 medium-pr-1\">\n<p>Con el t\u00edtulo \u2018Inteligencia Artificial en la educaci\u00f3n: beneficios y desaf\u00edos\u2019, analizaremos el potencial de la IA en la educaci\u00f3n de la mano de distintos expertos. Gratuito, tendr\u00e1 lugar online y en directo el pr\u00f3ximo martes 9 de mayo a las 18:00 (hora espa\u00f1ola).<\/p>\n<p>Aunque la Inteligencia Artificial lleva a\u00f1os emple\u00e1ndose en distintas plataformas, herramientas y aplicaciones educativas para mejorar el proceso de ense\u00f1anza-aprendizaje, la llegada de <a href=\"https:\/\/openai.com\/blog\/chatgpt\" target=\"_blank\" rel=\"noreferrer noopener\" data-type=\"URL\" data-id=\"https:\/\/openai.com\/blog\/chatgpt\">ChatGPT<\/a> a finales del a\u00f1o pasado ha supuesto un antes y un despu\u00e9s en su uso en todos los sectores, incluido el educativo: era la primera vez que cualquier persona pod\u00eda probar de forma gratuita una IA de tipo generativo capaz de crear todo tipo de contenidos de manera original y con solo facilitar una descripci\u00f3n de lo que se necesita. Y tras ella, han llegado otros muchos ejemplos.<\/p>\n<div class=\"wp-block-image\">\n<figure class=\"aligncenter size-full is-resized\">  <img loading=\"lazy\" decoding=\"async\" class=\"perfmatters-lazy entered pmloaded aligncenter\" src=\"https:\/\/www.educaciontrespuntocero.com\/wp-content\/uploads\/2020\/02\/Inteligencia-Artificial.jpg\" alt=\"X Encuentro Educaci\u00f3n 3.0\" width=\"207\" height=\"138\" data-src=\"https:\/\/www.educaciontrespuntocero.com\/wp-content\/uploads\/2020\/02\/Inteligencia-Artificial.jpg\" data-srcset=\"https:\/\/www.educaciontrespuntocero.com\/wp-content\/uploads\/2020\/02\/Inteligencia-Artificial.jpg 978w, https:\/\/www.educaciontrespuntocero.com\/wp-content\/uploads\/2020\/02\/Inteligencia-Artificial-300x200.jpg 300w, https:\/\/www.educaciontrespuntocero.com\/wp-content\/uploads\/2020\/02\/Inteligencia-Artificial-768x512.jpg 768w\" data-sizes=\"(max-width: 978px) 100vw, 978px\" data-ll-status=\"loaded\" \/> <\/figure>\n<\/div>\n<p>Para hablar de su potencial, retos y dificultades hemos puesto en marcha el <a href=\"https:\/\/www.educaciontrespuntocero.com\/encuentros-3-0\/\" rel=\"noreferrer noopener\">X Encuentro<\/a> EDUCACI\u00d3N 3.0, que tendr\u00e1 lugar el pr\u00f3ximo martes 9 de mayo a las 18.00 (hora espa\u00f1ola) con el t\u00edtulo \u2018Inteligencia Artificial en la educaci\u00f3n: beneficios y desaf\u00edos\u2019. <strong>Totalmente gratuito, en directo y en formato online, para asistir es necesario registrarse.<\/strong><\/p>\n<div class=\"wp-block-buttons is-content-justification-center is-layout-flex wp-container-1\">\n<div class=\"wp-block-button has-custom-width wp-block-button__width-25 has-custom-font-size has-small-font-size\"><a class=\"wp-block-button__link has-vivid-red-background-color has-background wp-element-button\" href=\"https:\/\/educacion30.app.teenvio.com\/form\/educacion30\/20\/\" target=\"_blank\" rel=\"noopener\"><strong>REGISTRO<\/strong><\/a><\/div>\n<\/div>\n<\/div>\n","protected":false},"excerpt":{"rendered":"<p>Informaci\u00f3n agrupada en esta web: http:\/\/cproviedo.es\/nueva-pagina-web-de-asturias-formacion https:\/\/alojaweb.educastur.es\/web\/asturiasformacion\/cproviedo X Encuentro EDUCACI\u00d3N 3.0! Martes 9,\u00a0 18:00 horas Totalmente gratuito, en directo y en formato online, para asistir es necesario registrarse. REGISTRO https:\/\/www.educaciontrespuntocero.com\/ \u00a1Ya puedes apuntarte al X Encuentro EDUCACI\u00d3N 3.0! Hablaremos sobre Inteligencia Artificial Con el t\u00edtulo \u2018Inteligencia Artificial en la educaci\u00f3n: beneficios y desaf\u00edos\u2019, analizaremos el [&hellip;]<\/p>\n","protected":false},"author":117,"featured_media":0,"parent":5523,"menu_order":0,"comment_status":"closed","ping_status":"closed","template":"","meta":{"footnotes":""},"class_list":["post-5619","page","type-page","status-publish","hentry","post-preview"],"_links":{"self":[{"href":"https:\/\/edublog.educastur.es\/corredoria3\/wp-json\/wp\/v2\/pages\/5619","targetHints":{"allow":["GET"]}}],"collection":[{"href":"https:\/\/edublog.educastur.es\/corredoria3\/wp-json\/wp\/v2\/pages"}],"about":[{"href":"https:\/\/edublog.educastur.es\/corredoria3\/wp-json\/wp\/v2\/types\/page"}],"author":[{"embeddable":true,"href":"https:\/\/edublog.educastur.es\/corredoria3\/wp-json\/wp\/v2\/users\/117"}],"replies":[{"embeddable":true,"href":"https:\/\/edublog.educastur.es\/corredoria3\/wp-json\/wp\/v2\/comments?post=5619"}],"version-history":[{"count":1,"href":"https:\/\/edublog.educastur.es\/corredoria3\/wp-json\/wp\/v2\/pages\/5619\/revisions"}],"predecessor-version":[{"id":5620,"href":"https:\/\/edublog.educastur.es\/corredoria3\/wp-json\/wp\/v2\/pages\/5619\/revisions\/5620"}],"up":[{"embeddable":true,"href":"https:\/\/edublog.educastur.es\/corredoria3\/wp-json\/wp\/v2\/pages\/5523"}],"wp:attachment":[{"href":"https:\/\/edublog.educastur.es\/corredoria3\/wp-json\/wp\/v2\/media?parent=5619"}],"curies":[{"name":"wp","href":"https:\/\/api.w.org\/{rel}","templated":true}]}}