{"id":5628,"date":"2023-05-29T10:51:24","date_gmt":"2023-05-29T08:51:24","guid":{"rendered":"https:\/\/edublog.educastur.es\/corredoria3\/?page_id=5628"},"modified":"2023-05-29T10:51:24","modified_gmt":"2023-05-29T08:51:24","slug":"acontecimientos-relevantes-xix-xx","status":"publish","type":"page","link":"https:\/\/edublog.educastur.es\/corredoria3\/6o-pri\/cultura-asturiana\/1otrimestre\/sesion-04\/acontecimientos-relevantes-xix-xx\/","title":{"rendered":"Acontecimientos Relevantes XIX-XX"},"content":{"rendered":"<blockquote>\n<p style=\"text-align: center\"><span style=\"color: #008080;font-size: 28px\"><em><strong>Acontecimientos relevantes XIX y XX<\/strong><\/em><\/span><\/p>\n<\/blockquote>\n<ul>\n<li><a href=\"http:\/\/movil.asturias.es\/portal\/site\/webasturias\/menuitem.4b280f8214549ead3e2d6f77f2300030\/?vgnextoid=82b98b2db5f4e010VgnVCM100000b0030a0aRCRD&amp;i18n.http.lang=es\">Breve resumen de los hechos hist\u00f3ricos y culturales m\u00e1s importantes de nuestra Comunidad Aut\u00f3noma.<\/a><\/li>\n<li><a href=\"https:\/\/es.wikipedia.org\/wiki\/Historia_de_Asturias\"><strong>Historia de Asturias (Wikipedia)<\/strong><\/a><\/li>\n<li><a href=\"https:\/\/es.wikipedia.org\/wiki\/Historia_de_Asturias#Siglo_XX\">Siglo XX<\/a><\/li>\n<li><a href=\"https:\/\/elblogdeacebedo.blogspot.com\/2013\/08\/asturias-la-historia-del-siglo-xx-en.html\">Siglo XX en im\u00e1genes<\/a><\/li>\n<\/ul>\n<h4 class=\"subtit-azul\">La Prehistoria<\/h4>\n<div class=\"seccion-articulo\">\n<p>Los restos m\u00e1s antiguos de presencia humana en Asturias tienen alrededor de 200.000 a\u00f1os y corresponden al <a href=\"https:\/\/guiadeasturias.com\/lugar\/la-cueva-del-sidron-conoce-importancia-la-exposicion-permanente-los-trece-del-sidron\/\">neandertal de <b>Sidr\u00f3n<\/b><\/a>. <a href=\"https:\/\/es.wikipedia.org\/wiki\/Cueva_de_El_Sidr%C3%B3n\"><em>+ Cueva del Sidr\u00f3n<\/em><\/a>. I<a href=\"https:\/\/web.archive.org\/web\/20060721235029\/http:\/\/www.uno.uniovi.es\/portada34\/Document%20Library\/reportaje.htm\">m\u00e1genes y reportaje sobre la Cueva.<\/a><\/p>\n<p>&nbsp;<\/p>\n<p>Con el Homo Sapiens aparece una nueva forma de comunicaci\u00f3n: la expresi\u00f3n art\u00edstica. La <a href=\"http:\/\/www.centrotitobustillo.com\/\"><b>cueva de Tito Bustillo<\/b><\/a> es uno de los mayores exponentes mundiales de este arte del Paleol\u00edtico Superior y donde se ha hallado el que posiblemente sea uno de los primeros mapas de la Humanidad (<a href=\"https:\/\/www.asturias.es\/Asturias\/descargas\/PDF%20DE%20SITUACIONES\/mapaTitoBustillo.pdf\" target=\"_blank\" rel=\"noopener noreferrer\">Ver m\u00e1s informaci\u00f3n<\/a>)<\/p>\n<p>Hacia el 9.000-8.000 a.c., con la retirada de los fr\u00edos se produce el abandono de las cuevas.\u00a0 En la costa se localiza una cultura epipaleol\u00edtica propia: el <a href=\"https:\/\/es.wikipedia.org\/wiki\/Asturiense\"><b>Asturiense<\/b><\/a>, que conseguir\u00e1 con el \u201cpico asturiense\u201d m\u00e1s metros de filo por kilo de piedra que ninguna otra.<\/p>\n<p><a href=\"https:\/\/www.eldiariocantabria.es\/media\/eldiariocantabria\/images\/2018\/09\/28\/2018092812292597738.jpg\"><img loading=\"lazy\" decoding=\"async\" class=\"alignnone \" src=\"https:\/\/www.eldiariocantabria.es\/media\/eldiariocantabria\/images\/2018\/09\/28\/2018092812292597738.jpg\" width=\"249\" height=\"141\" \/><\/a><\/p>\n<p>Con el <b>Neol\u00edtico<\/b> aparecen la agricultura y la ganader\u00eda. Son numerosos los d\u00f3lmenes y t\u00famulos (megalitos) de esta \u00e9poca, vinculados al control del territorio y a nuevas pr\u00e1cticas funerarias. El uso de los metales empieza a generalizarse.<\/p>\n<p>Sobre el sustrato precedente se producen influencias indoeuropeas, con predominio de elementos c\u00e9lticos. La Edad del Cobre, Edad del Bronce y Edad del Hierro, asisten al nacimiento de<a href=\"https:\/\/www.castrosdeasturias.es\/portada\"> <b>los castros<\/b><\/a>, de los cuales se contabilizan m\u00e1s de 300 en la regi\u00f3n, algunos anteriores al siglo VIII a.c.: Coa\u00f1a, Sanchuis, Chao San Mart\u00edn, Noega\u2026 Paralelamente, el territorio pasa a formar parte de las culturas del Arco Atl\u00e1ntico.<\/p>\n<\/div>\n<h4 class=\"subtit-azul\">La romanizaci\u00f3n<\/h4>\n<div class=\"seccion-articulo\">\n<p>Durante los a\u00f1os 29-19 a.c. tiene lugar el <a href=\"https:\/\/lligaceltadasturies.wordpress.com\/2015\/09\/22\/les-guerres-astur-cantabres-el-bellum-asturicum-iii\/\"><strong>Bellum Asturicum<\/strong><\/a>, las guerras de los \u00e1stures contra Roma. A partir de este momento, adem\u00e1s de restos arqueol\u00f3gicos disponemos de fuentes literarias de autores grecolatinos para el conocimiento de nuestra historia.<\/p>\n<p><a href=\"https:\/\/lligaceltadasturies.files.wordpress.com\/2015\/09\/batalla.jpg\"><img loading=\"lazy\" decoding=\"async\" class=\"alignnone \" src=\"https:\/\/lligaceltadasturies.files.wordpress.com\/2015\/09\/batalla.jpg\" width=\"428\" height=\"317\" \/><\/a>\/ <a href=\"https:\/\/upload.wikimedia.org\/wikipedia\/commons\/3\/3e\/Bellum-Asturicum-Cantabricum.png\"><img loading=\"lazy\" decoding=\"async\" class=\"alignnone \" src=\"https:\/\/upload.wikimedia.org\/wikipedia\/commons\/3\/3e\/Bellum-Asturicum-Cantabricum.png\" width=\"527\" height=\"315\" \/><\/a><\/p>\n<p>El proceso de romanizaci\u00f3n ser\u00e1 lento y menor que en otras provincias del Imperio, a\u00fan as\u00ed tenemos fehacientes pruebas en las Termas romanas de Gij\u00f3n, (<a href=\"https:\/\/www.gijon.es\/es\/directorio\/museo-termas-romanas-de-campo-valdes\">Museo<\/a>), la <a href=\"https:\/\/www.gijon.es\/es\/directorio\/museo-villa-romana-de-veranes\">Villa Romana de Veranes<\/a> o la <a href=\"http:\/\/lavozdeltrubia.es\/2018\/05\/04\/un-hallazgo-en-andayon-situa-a-las-regueras-como-capital-romana-de-asturias\/\">Villa de Valduno (Las Regueras).<\/a><\/p>\n<p><a href=\"https:\/\/planesconhijos.com\/wp-content\/uploads\/2015\/08\/termas-gijon-22.jpg?gid=13\"><img loading=\"lazy\" decoding=\"async\" class=\"alignnone \" src=\"https:\/\/planesconhijos.com\/wp-content\/uploads\/2015\/08\/termas-gijon-22.jpg?gid=13\" width=\"562\" height=\"375\" \/>Termas Gij\u00f3n<\/a><\/p>\n<\/div>\n<h4 class=\"subtit-azul\">El Reino de Asturias<\/h4>\n<div class=\"seccion-articulo\">\n<p>En el siglo V los visigodos entran en el escenario ib\u00e9rico, pero no ser\u00e1 hasta el siglo VIII con la fundaci\u00f3n del <b>Reino de Asturias<\/b>, cuando se vuelva a ocupar un papel protagonista. Este Reino, cuya legitimaci\u00f3n se establece con la batalla de Covadonga, llegar\u00e1 a ser el de mayor extensi\u00f3n de Hispania, traspasando las fronteras del Duero y liderando la Reconquista. El Arte de la Monarqu\u00eda Asturiana, (Santa M\u00aa del Naranco, San Miguel de Lillo, San Salvador de Valdedi\u00f3s y un largo etc\u00e9tera) tambi\u00e9n conocido como <a href=\"http:\/\/www.prerromanicoasturiano.es\/ast\/26\/monumentos\/49\/monumentos.html\"><b>Prerrom\u00e1nico Asturiano<\/b><\/a> (<a href=\"http:\/\/www.prerromanicoasturiano.es\/ast\/26\/monumentos\/49\/monumentos.html\">ver<\/a>), rescatan para nuestros d\u00edas el esplendor alcanzado.<\/p>\n<ul>\n<li><a href=\"https:\/\/es.wikipedia.org\/wiki\/Reino_de_Asturias\">Reino de Asturias<\/a><\/li>\n<li><a href=\"https:\/\/upload.wikimedia.org\/wikipedia\/commons\/thumb\/e\/e0\/Kingdom_of_Asturias_814.svg\/1280px-Kingdom_of_Asturias_814.svg.png\">Mapa a\u00f1o 814<\/a><\/li>\n<li><a href=\"https:\/\/www.nubeluz.es\/cristianos\/asturias.html\">H\u00aa del Reino de Asturias<\/a><\/li>\n<li><a href=\"https:\/\/www.youtube.com\/watch?v=yhNlQ_Qw4iw\">Ver video Youtube<\/a><\/li>\n<\/ul>\n\n<!-- iframe plugin v.6.0 wordpress.org\/plugins\/iframe\/ -->\n<iframe loading=\"lazy\" width=\"588\" height=\"331\" src=\"https:\/\/www.youtube.com\/embed\/yhNlQ_Qw4iw\" scrolling=\"yes\" class=\"iframe-class\" frameborder=\"0\"><\/iframe>\n\n<p><a href=\"https:\/\/i.pinimg.com\/originals\/11\/53\/2b\/11532b53a0f31d89e909b6ff2dcb205b.jpg\"><img loading=\"lazy\" decoding=\"async\" class=\"alignnone \" src=\"https:\/\/i.pinimg.com\/originals\/11\/53\/2b\/11532b53a0f31d89e909b6ff2dcb205b.jpg\" width=\"855\" height=\"642\" \/><\/a><\/p>\n<p>Las continuas rebeliones de los condes asturianos protagonizar\u00e1n la Edad Media, hasta que en 1388 se instituyen el <b>Principado de Asturias<\/b>, adscrito al primog\u00e9nito heredero de la corona castellana con el fin de someter al territorio bajo su jurisdicci\u00f3n, y la <b>Junta General del Principado<\/b>.<\/p>\n<\/div>\n<h4 class=\"subtit-azul\">La Ilustraci\u00f3n<\/h4>\n<div class=\"seccion-articulo\">\n<p>El hecho cultural de mayor trascendencia, durante los siglos XVI y XVII ser\u00e1 la <a href=\"https:\/\/www.uniovi.es\/launiversidad\/historia\/fundacionysigloxvii;jsessionid=99F8189FA7B5A21E00C4266395576DD8\">creaci\u00f3n de la <b>Universidad de Oviedo<\/b><\/a>. Durante el XVIII Asturias dar\u00e1 nombres importantes a la Ilustraci\u00f3n en todos los \u00e1mbitos, entre los que destaca<a href=\"https:\/\/es.wikipedia.org\/wiki\/Gaspar_Melchor_de_Jovellanos\"> <b>Jovellanos<\/b><\/a>. Tambi\u00e9n ser\u00e1 la primera regi\u00f3n que se levante contra los franceses en 1808.<\/p>\n<p><a href=\"https:\/\/upload.wikimedia.org\/wikipedia\/commons\/thumb\/3\/3d\/Logo_Universidad_de_Oviedo_centrado.jpg\/245px-Logo_Universidad_de_Oviedo_centrado.jpg\"><img loading=\"lazy\" decoding=\"async\" class=\"alignnone size-full\" src=\"https:\/\/upload.wikimedia.org\/wikipedia\/commons\/thumb\/3\/3d\/Logo_Universidad_de_Oviedo_centrado.jpg\/245px-Logo_Universidad_de_Oviedo_centrado.jpg\" width=\"245\" height=\"267\" \/><\/a><\/p>\n<\/div>\n<h4 class=\"subtit-azul\">La econom\u00eda<\/h4>\n<div class=\"seccion-articulo\">\n<p>En Asturias, como en Espa\u00f1a, hasta bien entrado el siglo XIX, la fuente principal de alimentaci\u00f3n ser\u00e1 la <b>agricultura<\/b>, complementada con la caza y la pesca. Comercio, artesan\u00eda e industria, ir\u00e1n dedicados al consumo interno de la regi\u00f3n. La introducci\u00f3n del ma\u00edz y la patata procedentes de las Am\u00e9ricas, paliaran las frecuentes hambrunas y permitir\u00e1n el crecimiento demogr\u00e1fico.<\/p>\n<p>El mantenimiento de una agricultura tradicional, basada en el <b>minifundio<\/b> y el <b>arrendamiento<\/b>, frenar\u00e1 la industrializaci\u00f3n de la regi\u00f3n durante el XIX. A mediados de este siglo comienzan la <b>especializaci\u00f3n ganadera<\/b> y la <b>extracci\u00f3n de carb\u00f3n<\/b>. El siglo XX apunta un doble proceso desde sus inicios: la despoblaci\u00f3n del campo y la superpoblaci\u00f3n del centro alrededor de las ciudades y n\u00facleos industriales. Paralelamente la <b>emigraci\u00f3n<\/b> ser\u00e1 un fen\u00f3meno incesante.<\/p>\n<\/div>\n<h4 class=\"subtit-azul\">El siglo XX<\/h4>\n<div class=\"seccion-articulo\">\n<p>Dentro del contexto hist\u00f3rico mundial y en el marco de la II Rep\u00fablica, tendr\u00e1 lugar la <a href=\"https:\/\/es.wikipedia.org\/wiki\/Revoluci%C3%B3n_de_Asturias_de_1934\"><b>Revoluci\u00f3n de Octubre del 34<\/b><\/a>, que dejar\u00e1 tras si una cruenta represi\u00f3n y servir\u00e1 de ensayo a los militares para el Golpe de Estado de 1936. Al finalizar la Guerra Civil, muchos de los republicanos que no pudieron huir por mar se echaron al monte. Estas guerrillas mantendr\u00edan la lucha contra la dictadura de Franco hasta finales de los a\u00f1os 40.<\/p>\n<p><a href=\"https:\/\/blogs.lasprovincias.es\/anecdotas-de-la-historia\/wp-content\/uploads\/sites\/49\/2016\/02\/detenidos-asturias._xoptimizadax.jpg\"><img loading=\"lazy\" decoding=\"async\" class=\"alignnone \" src=\"https:\/\/blogs.lasprovincias.es\/anecdotas-de-la-historia\/wp-content\/uploads\/sites\/49\/2016\/02\/detenidos-asturias._xoptimizadax.jpg\" width=\"289\" height=\"215\" \/><\/a>\/ <a href=\"https:\/\/1.bp.blogspot.com\/-EUxrQpLW6lg\/T3qrZMLy7lI\/AAAAAAAAANs\/a9BQHQvyXe0\/s1600\/REVOLUCION%2520DE%2520OCTUBRE.jpg\"><img loading=\"lazy\" decoding=\"async\" class=\"alignnone \" src=\"https:\/\/1.bp.blogspot.com\/-EUxrQpLW6lg\/T3qrZMLy7lI\/AAAAAAAAANs\/a9BQHQvyXe0\/s1600\/REVOLUCION%2520DE%2520OCTUBRE.jpg\" width=\"281\" height=\"209\" \/><\/a><\/p>\n<p><a href=\"https:\/\/static3.elcomercio.es\/www\/multimedia\/201909\/22\/media\/cortadas\/48505169-U708224468696MI-U90209990428NQE-1248x770@El%20Comercio-ElComercio.JPG\"><img loading=\"lazy\" decoding=\"async\" class=\"alignnone \" src=\"https:\/\/static3.elcomercio.es\/www\/multimedia\/201909\/22\/media\/cortadas\/48505169-U708224468696MI-U90209990428NQE-1248x770@El%20Comercio-ElComercio.JPG\" width=\"554\" height=\"342\" \/><\/a><\/p>\n<p><a href=\"https:\/\/4.bp.blogspot.com\/-oQxsjKuF0gQ\/VhwfsnSfcJI\/AAAAAAAAHMg\/s93k5fMF3eU\/s1600\/Asturias34Rojos.png\"><img loading=\"lazy\" decoding=\"async\" class=\"alignnone \" src=\"https:\/\/4.bp.blogspot.com\/-oQxsjKuF0gQ\/VhwfsnSfcJI\/AAAAAAAAHMg\/s93k5fMF3eU\/s1600\/Asturias34Rojos.png\" width=\"565\" height=\"411\" \/><\/a><\/p>\n<p>A partir de 1950 el r\u00e9gimen inicia una cierta apertura econ\u00f3mica.<a href=\"https:\/\/es.wikipedia.org\/wiki\/Empresa_Nacional_Sider%C3%BArgica\"> <b>ENSIDESA<\/b><\/a> se funda en 1957 y <a href=\"https:\/\/www.hunosa.es\/\"><b>HUNOSA<\/b><\/a> poco despu\u00e9s. Por estas fechas nacen en Asturias las primeras <b>Comisiones Obreras<\/b> de Espa\u00f1a y se inicia un periodo de huelgas y conflictividad que durar\u00e1 hasta la ca\u00edda del dictador.<\/p>\n<p><a href=\"https:\/\/static.elcomercio.es\/www\/multimedia\/201709\/24\/media\/cortadas\/ensidesa-U402336085yFI--624x415@El%20Comercio-ElComercio.jpg\"><img loading=\"lazy\" decoding=\"async\" class=\"alignnone size-full\" src=\"https:\/\/static.elcomercio.es\/www\/multimedia\/201709\/24\/media\/cortadas\/ensidesa-U402336085yFI--624x415@El%20Comercio-ElComercio.jpg\" width=\"624\" height=\"415\" \/><\/a><\/p>\n<p>&nbsp;<\/p>\n<p>El paso a la democracia se caracterizar\u00e1 por la acumulaci\u00f3n de problemas econ\u00f3micos, derivados de la crisis mundial de los 70. La entrada de Espa\u00f1a en la <b>Comunidad Europea<\/b> en 1986 supondr\u00eda un ajuste traum\u00e1tico de la econom\u00eda regional y traer\u00e1 consigo la reconversi\u00f3n en los sectores agr\u00edcola, minero, lechero, sider\u00fargico, pesquero y naval. Los Fondos Estructurales contribuyeron a menguar los efectos del proceso transformador.<\/p>\n<p>Veinte a\u00f1os despu\u00e9s son tantos los \u00e1mbitos donde empieza a despuntar la econom\u00eda como los riesgos que acompa\u00f1an al despegue. De la tradici\u00f3n a la modernidad, de lo p\u00fablico a lo privado, de lo grande a lo peque\u00f1o, el ajuste demogr\u00e1fico y el dinamismo empresarial son las bazas para el futuro. Pero la evoluci\u00f3n nos permite ser optimistas: se ve la luz.<\/p>\n<\/div>\n<h4 class=\"subtit-azul\">M\u00e1s informaci\u00f3n<\/h4>\n<div class=\"seccion-articulo\">\n<p><a href=\"http:\/\/www.turismoasturias.es\/descubre\/cultura\">http:\/\/www.turismoasturias.es\/descubre\/cultura<\/a><\/p>\n<p><a href=\"http:\/\/www.turismoasturias.es\/descubre\/cultura\/historia-y-tradicion\">http:\/\/www.turismoasturias.es\/descubre\/cultura\/historia-y-tradicion<\/a><\/p>\n<p><a href=\"https:\/\/slideplayer.es\/slide\/5428179\/17\/images\/2\/La+Edad+Comtempor%C3%A1nea+comenz%C3%B3+en+1808%2C+cuando+Napole%C3%B3n+Bonaparte+invadi%C3%B3+Espa%C3%B1a.+Se+inici%C3%B3+la+Guerra+de+la+Independencia+contra+los+franceses..jpg\"><img loading=\"lazy\" decoding=\"async\" class=\"alignnone size-full\" src=\"https:\/\/slideplayer.es\/slide\/5428179\/17\/images\/2\/La+Edad+Comtempor%C3%A1nea+comenz%C3%B3+en+1808%2C+cuando+Napole%C3%B3n+Bonaparte+invadi%C3%B3+Espa%C3%B1a.+Se+inici%C3%B3+la+Guerra+de+la+Independencia+contra+los+franceses..jpg\" width=\"960\" height=\"720\" \/><\/a><\/p>\n<\/div>\n<p><a href=\"https:\/\/i.pinimg.com\/originals\/d2\/4a\/a3\/d24aa345806cb40b80a8eb31a298cb23.jpg\"><img loading=\"lazy\" decoding=\"async\" class=\"alignnone size-full\" src=\"https:\/\/i.pinimg.com\/originals\/d2\/4a\/a3\/d24aa345806cb40b80a8eb31a298cb23.jpg\" width=\"440\" height=\"524\" \/><\/a><\/p>\n<p><a href=\"https:\/\/pbs.twimg.com\/media\/DFGvVbCXUAMMDXW.jpg\"><img loading=\"lazy\" decoding=\"async\" class=\"alignnone size-full\" src=\"https:\/\/pbs.twimg.com\/media\/DFGvVbCXUAMMDXW.jpg\" width=\"1200\" height=\"856\" \/><\/a><\/p>\n<div class=\"seccion-articulo\">\n<p>&nbsp;<\/p>\n<\/div>\n","protected":false},"excerpt":{"rendered":"<p>Acontecimientos relevantes XIX y XX Breve resumen de los hechos hist\u00f3ricos y culturales m\u00e1s importantes de nuestra Comunidad Aut\u00f3noma. Historia de Asturias (Wikipedia) Siglo XX Siglo XX en im\u00e1genes La Prehistoria Los restos m\u00e1s antiguos de presencia humana en Asturias tienen alrededor de 200.000 a\u00f1os y corresponden al neandertal de Sidr\u00f3n. + Cueva del Sidr\u00f3n. [&hellip;]<\/p>\n","protected":false},"author":117,"featured_media":0,"parent":1393,"menu_order":0,"comment_status":"closed","ping_status":"closed","template":"","meta":{"footnotes":""},"class_list":["post-5628","page","type-page","status-publish","hentry","post-preview"],"_links":{"self":[{"href":"https:\/\/edublog.educastur.es\/corredoria3\/wp-json\/wp\/v2\/pages\/5628","targetHints":{"allow":["GET"]}}],"collection":[{"href":"https:\/\/edublog.educastur.es\/corredoria3\/wp-json\/wp\/v2\/pages"}],"about":[{"href":"https:\/\/edublog.educastur.es\/corredoria3\/wp-json\/wp\/v2\/types\/page"}],"author":[{"embeddable":true,"href":"https:\/\/edublog.educastur.es\/corredoria3\/wp-json\/wp\/v2\/users\/117"}],"replies":[{"embeddable":true,"href":"https:\/\/edublog.educastur.es\/corredoria3\/wp-json\/wp\/v2\/comments?post=5628"}],"version-history":[{"count":1,"href":"https:\/\/edublog.educastur.es\/corredoria3\/wp-json\/wp\/v2\/pages\/5628\/revisions"}],"predecessor-version":[{"id":5629,"href":"https:\/\/edublog.educastur.es\/corredoria3\/wp-json\/wp\/v2\/pages\/5628\/revisions\/5629"}],"up":[{"embeddable":true,"href":"https:\/\/edublog.educastur.es\/corredoria3\/wp-json\/wp\/v2\/pages\/1393"}],"wp:attachment":[{"href":"https:\/\/edublog.educastur.es\/corredoria3\/wp-json\/wp\/v2\/media?parent=5628"}],"curies":[{"name":"wp","href":"https:\/\/api.w.org\/{rel}","templated":true}]}}