{"id":5644,"date":"2023-06-10T18:43:58","date_gmt":"2023-06-10T16:43:58","guid":{"rendered":"https:\/\/edublog.educastur.es\/corredoria3\/?page_id=5644"},"modified":"2023-06-10T18:43:58","modified_gmt":"2023-06-10T16:43:58","slug":"ccl","status":"publish","type":"page","link":"https:\/\/edublog.educastur.es\/corredoria3\/lomloe\/8-competencias\/ccl\/","title":{"rendered":"CCL"},"content":{"rendered":"<p>&nbsp;<\/p>\n<blockquote>\n<p style=\"text-align: center\"><span style=\"color: #008080\"><strong><em>Competencia en comunicaci\u00f3n ling\u00fc\u00edstica (CCL)<\/em><\/strong><\/span><\/p>\n<\/blockquote>\n<p style=\"text-align: center\"><a href=\"https:\/\/educagob.educacionyfp.gob.es\/.imaging\/mte\/educagob-theme\/contenido-cim-ancho-2c\/dam\/micrositios\/educagob\/curriculo\/competencias-clave\/linguistica\/competencialinguistivca\/jcr:content\/competencialinguistivca.jpg.jpg\"><img loading=\"lazy\" decoding=\"async\" class=\"aligncenter size-full\" src=\"https:\/\/educagob.educacionyfp.gob.es\/.imaging\/mte\/educagob-theme\/contenido-cim-ancho-2c\/dam\/micrositios\/educagob\/curriculo\/competencias-clave\/linguistica\/competencialinguistivca\/jcr:content\/competencialinguistivca.jpg.jpg\" width=\"2040\" height=\"2992\" \/><\/a><\/p>\n<p>&nbsp;<\/p>\n<p>&nbsp;<\/p>\n<p>La Competencia en Comunicaci\u00f3n Ling\u00fc\u00edstica supone interactuar de forma oral, escrita, signada o multimodal de manera coherente y adecuada en diferentes \u00e1mbitos y contextos y con diferentes prop\u00f3sitos comunicativos. Implica movilizar, de manera consciente, el conjunto de conocimientos, destrezas y actitudes que permiten comprender, interpretar y valorar cr\u00edticamente mensajes orales, escritos, signados o multimodales evitando los riesgos de manipulaci\u00f3n y desinformaci\u00f3n, as\u00ed como comunicarse eficazmente con otras personas de manera cooperativa, creativa, coeducativa, \u00e9tica y respetuosa.<\/p>\n<p>La Competencia en Comunicaci\u00f3n Ling\u00fc\u00edstica constituye la base para el pensamiento propio y para la construcci\u00f3n del conocimiento en todos los \u00e1mbitos del saber. Por ello, su desarrollo est\u00e1 vinculado a la reflexi\u00f3n expl\u00edcita acerca del funcionamiento de la lengua en los g\u00e9neros discursivos espec\u00edficos de cada \u00e1rea de conocimiento, as\u00ed como a los usos de la oralidad, la escritura o la signaci\u00f3n para pensar y para aprender. Por \u00faltimo, hace posible apreciar la dimensi\u00f3n est\u00e9tica del lenguaje y disfrutar de la cultura literaria.<\/p>\n<p>Descriptores operativos<\/p>\n<table width=\"642\">\n<thead>\n<tr>\n<td width=\"283\"><strong>Al completar la Educaci\u00f3n Primaria, el alumno o la alumna\u2026<\/strong><\/td>\n<td width=\"359\"><strong>Al completar la ense\u00f1anza b\u00e1sica, el alumno o la alumna\u2026<\/strong><\/td>\n<\/tr>\n<\/thead>\n<tbody>\n<tr>\n<td width=\"283\">CCL1. Expresa hechos, conceptos, pensamientos, opiniones o sentimientos de forma oral, escrita, signada o multimodal, con claridad y adecuaci\u00f3n a diferentes contextos cotidianos de su entorno personal, social y educativo, y participa en interacciones comunicativas con actitud cooperativa y respetuosa, tanto para intercambiar informaci\u00f3n y crear conocimiento como para construir v\u00ednculos personales.<\/td>\n<td width=\"359\">CCL1. Se expresa de forma oral, escrita, signada o multimodal con coherencia, correcci\u00f3n y adecuaci\u00f3n a los diferentes contextos sociales, y participa en interacciones comunicativas con actitud cooperativa y respetuosa tanto para intercambiar informaci\u00f3n, crear conocimiento y transmitir opiniones, como para construir v\u00ednculos personales.<\/td>\n<\/tr>\n<tr>\n<td width=\"283\">CCL2. Comprende, interpreta y valora textos orales, escritos, signados o multimodales sencillos de los \u00e1mbitos personal, social y educativo, con acompa\u00f1amiento puntual, para participar activamente en contextos cotidianos y para construir conocimiento.<\/td>\n<td width=\"359\">CCL2. Comprende, interpreta y valora con actitud cr\u00edtica textos orales, escritos, signados o multimodales de los \u00e1mbitos personal, social, educativo y profesional para participar en diferentes contextos de manera activa e informada y para construir conocimiento.<\/td>\n<\/tr>\n<tr>\n<td width=\"283\">CCL3. Localiza, selecciona y contrasta, con el debido acompa\u00f1amiento, informaci\u00f3n sencilla procedente de dos o m\u00e1s fuentes, evaluando su fiabilidad y utilidad en funci\u00f3n de los objetivos de lectura, y la integra y transforma en conocimiento para comunicarla adoptando un punto de vista creativo, cr\u00edtico y personal a la par que respetuoso con la propiedad intelectual.<\/td>\n<td width=\"359\">CCL3. Localiza, selecciona y contrasta de manera progresivamente aut\u00f3noma informaci\u00f3n procedente de diferentes fuentes, evaluando su fiabilidad y pertinencia en funci\u00f3n de los objetivos de lectura y evitando los riesgos de manipulaci\u00f3n y desinformaci\u00f3n, y la integra y transforma en conocimiento para comunicarla adoptando un punto de vista creativo, cr\u00edtico y personal a la par que respetuoso con la propiedad intelectual.<\/td>\n<\/tr>\n<tr>\n<td width=\"283\">CCL4. Lee obras diversas adecuadas a su progreso madurativo, seleccionando aquellas que mejor se ajustan a sus gustos e intereses; reconoce el patrimonio literario como fuente de disfrute y aprendizaje individual y colectivo; y moviliza su experiencia personal y lectora para construir y compartir su interpretaci\u00f3n de las obras y para crear textos de intenci\u00f3n literaria a partir de modelos sencillos.<\/td>\n<td width=\"359\">CCL4. Lee con autonom\u00eda obras diversas adecuadas a su edad, seleccionando las que mejor se ajustan a sus gustos e intereses; aprecia el patrimonio literario como cauce privilegiado de la experiencia individual y colectiva; y moviliza su propia experiencia biogr\u00e1fica y sus conocimientos literarios y culturales para construir y compartir su interpretaci\u00f3n de las obras y para crear textos de intenci\u00f3n literaria de progresiva complejidad.<\/td>\n<\/tr>\n<tr>\n<td width=\"283\">CCL5. Pone sus pr\u00e1cticas comunicativas al servicio de la convivencia democr\u00e1tica, la gesti\u00f3n dialogada de los conflictos y la igualdad de derechos de todas las personas, detectando los usos discriminatorios, as\u00ed como los abusos de poder, para favorecer la utilizaci\u00f3n no solo eficaz sino tambi\u00e9n \u00e9tica de los diferentes sistemas de comunicaci\u00f3n.<\/td>\n<td width=\"359\">CCL5. Pone sus pr\u00e1cticas comunicativas al servicio de la convivencia democr\u00e1tica, la resoluci\u00f3n dialogada de los conflictos y la igualdad de derechos de todas las personas, evitando los usos discriminatorios, as\u00ed como los abusos de poder, para favorecer la utilizaci\u00f3n no solo eficaz sino tambi\u00e9n \u00e9tica de los diferentes sistemas de comunicaci\u00f3n.<\/td>\n<\/tr>\n<\/tbody>\n<\/table>\n<div class=\"cte\">\n<p class=\"ta-justify\"><strong>La competencia en comunicaci\u00f3n ling\u00fc\u00edstica (CCL)<\/strong> es el resultado de la acci\u00f3n comunicativa dentro de pr\u00e1cticas sociales determinadas, en las cuales el individuo act\u00faa con otros interlocutores y a trav\u00e9s de textos en m\u00faltiples modalidades, formatos y soportes.<\/p>\n<p class=\"ta-justify\">Precisa de la interacci\u00f3n de distintas destrezas, ya que se produce en m\u00faltiples modalidades de comunicaci\u00f3n y en diferentes soportes. Desde la oralidad y la escritura hasta las formas m\u00e1s sofisticadas de comunicaci\u00f3n audiovisual o mediada por la tecnolog\u00eda, el individuo participa de un complejo entramado de posibilidades comunicativas gracias a las cuales expande su competencia y su capacidad de interacci\u00f3n con otros individuos.<\/p>\n<p class=\"ta-justify\">Constituye el instrumento fundamental para la socializaci\u00f3n y el aprovechamiento de la experiencia educativa, por ser una v\u00eda privilegiada de acceso al conocimiento dentro y fuera de la escuela.<\/p>\n<\/div>\n<div class=\"cblq fondo info\">\n<div class=\"cte\">\n<p>En la competencia en comunicaci\u00f3n ling\u00fc\u00edstica podemos destacar la interacci\u00f3n de los siguientes componentes:<\/p>\n<ul>\n<li>El componente ling\u00fc\u00edstico comprende diversas dimensiones: la l\u00e9xica, la gramatical, la sem\u00e1ntica, la fonol\u00f3gica, la ortogr\u00e1fica y la orto\u00e9pica, entendida esta como la articulaci\u00f3n correcta del sonido a partir de la representaci\u00f3n gr\u00e1fica de la lengua.<\/li>\n<li>El componente pragm\u00e1tico-discursivo contempla tres dimensiones: la socioling\u00fc\u00edstica (vinculada con la adecuada producci\u00f3n y recepci\u00f3n de mensajes en diferentes contextos sociales); la pragm\u00e1tica (que incluye las microfunciones comunicativas y los esquemas de interacci\u00f3n); y la discursiva (que incluye las macrofunciones textuales y las cuestiones relacionadas con los g\u00e9neros discursivos).<\/li>\n<li>El componente socio-cultural incluye dos dimensiones: la que se refiere al conocimiento del mundo y la dimensi\u00f3n intercultural.<\/li>\n<li>El componente estrat\u00e9gico permite al individuo superar las dificultades y resolver los problemas que surgen en el acto comunicativo. Incluye tanto destrezas y estrategias comunicativas para la lectura, la escritura, el habla, la escucha y la conversaci\u00f3n, como destrezas vinculadas con el tratamiento de la informaci\u00f3n, la lectura multimodal y la producci\u00f3n de textos electr\u00f3nicos en diferentes formatos; asimismo, tambi\u00e9n forman parte de este componente las estrategias generales de car\u00e1cter cognitivo, metacognitivo y socioafectivas que el individuo utiliza para comunicarse eficazmente, aspectos fundamentales en el aprendizaje de las lenguas extranjeras.<\/li>\n<li>Por \u00faltimo, la competencia en comunicaci\u00f3n ling\u00fc\u00edstica incluye un componente personal que interviene en la interacci\u00f3n comunicativa en tres dimensiones: la actitud, la motivaci\u00f3n y los rasgos de personalidad.<\/li>\n<\/ul>\n<\/div>\n<div class=\"clear\"><\/div>\n<\/div>\n<div class=\"cim ancho enlace \"><\/div>\n","protected":false},"excerpt":{"rendered":"<p>&nbsp; Competencia en comunicaci\u00f3n ling\u00fc\u00edstica (CCL) &nbsp; &nbsp; La Competencia en Comunicaci\u00f3n Ling\u00fc\u00edstica supone interactuar de forma oral, escrita, signada o multimodal de manera coherente y adecuada en diferentes \u00e1mbitos y contextos y con diferentes prop\u00f3sitos comunicativos. Implica movilizar, de manera consciente, el conjunto de conocimientos, destrezas y actitudes que permiten comprender, interpretar y valorar [&hellip;]<\/p>\n","protected":false},"author":117,"featured_media":0,"parent":4108,"menu_order":0,"comment_status":"closed","ping_status":"closed","template":"","meta":{"footnotes":""},"class_list":["post-5644","page","type-page","status-publish","hentry","post-preview"],"_links":{"self":[{"href":"https:\/\/edublog.educastur.es\/corredoria3\/wp-json\/wp\/v2\/pages\/5644","targetHints":{"allow":["GET"]}}],"collection":[{"href":"https:\/\/edublog.educastur.es\/corredoria3\/wp-json\/wp\/v2\/pages"}],"about":[{"href":"https:\/\/edublog.educastur.es\/corredoria3\/wp-json\/wp\/v2\/types\/page"}],"author":[{"embeddable":true,"href":"https:\/\/edublog.educastur.es\/corredoria3\/wp-json\/wp\/v2\/users\/117"}],"replies":[{"embeddable":true,"href":"https:\/\/edublog.educastur.es\/corredoria3\/wp-json\/wp\/v2\/comments?post=5644"}],"version-history":[{"count":1,"href":"https:\/\/edublog.educastur.es\/corredoria3\/wp-json\/wp\/v2\/pages\/5644\/revisions"}],"predecessor-version":[{"id":5645,"href":"https:\/\/edublog.educastur.es\/corredoria3\/wp-json\/wp\/v2\/pages\/5644\/revisions\/5645"}],"up":[{"embeddable":true,"href":"https:\/\/edublog.educastur.es\/corredoria3\/wp-json\/wp\/v2\/pages\/4108"}],"wp:attachment":[{"href":"https:\/\/edublog.educastur.es\/corredoria3\/wp-json\/wp\/v2\/media?parent=5644"}],"curies":[{"name":"wp","href":"https:\/\/api.w.org\/{rel}","templated":true}]}}