{"id":5703,"date":"2023-09-01T19:57:48","date_gmt":"2023-09-01T17:57:48","guid":{"rendered":"https:\/\/edublog.educastur.es\/corredoria3\/?page_id=5703"},"modified":"2023-09-01T20:01:29","modified_gmt":"2023-09-01T18:01:29","slug":"septiembre","status":"publish","type":"page","link":"https:\/\/edublog.educastur.es\/corredoria3\/profes_cursos\/2023-2\/septiembre\/","title":{"rendered":"Septiembre"},"content":{"rendered":"<div class=\"\" dir=\"auto\">\n<div class=\"\" dir=\"auto\">\n<div class=\"x1iorvi4 x1pi30zi x1l90r2v x1swvt13\" data-ad-comet-preview=\"message\" data-ad-preview=\"message\">\n<div class=\"x78zum5 xdt5ytf xz62fqu x16ldp7u\">\n<div class=\"xu06os2 x1ok221b\">\n<div class=\"xdj266r x11i5rnm xat24cr x1mh8g0r x1vvkbs x126k92a\">\n<div dir=\"auto\" style=\"text-align: center\"><\/div>\n<div dir=\"auto\" style=\"text-align: center\"><a href=\"https:\/\/programaiaap.asturias.es\/documents\/30735\/2624556\/PORTADA_2023_09.png\/34736cf9-1d93-14ee-4d76-7e4d7b79806e?t=1693467029313\"><img loading=\"lazy\" decoding=\"async\" class=\"aligncenter size-full\" src=\"https:\/\/programaiaap.asturias.es\/documents\/30735\/2624556\/PORTADA_2023_09.png\/34736cf9-1d93-14ee-4d76-7e4d7b79806e?t=1693467029313\" width=\"1456\" height=\"816\" \/><\/a><\/div>\n<div dir=\"auto\"><\/div>\n<div dir=\"auto\">Publicaci\u00f3n Digital de septiembre de 2023<\/div>\n<div dir=\"auto\"><span class=\"x3nfvp2 x1j61x8r x1fcty0u xdj266r xhhsvwb xat24cr xgzva0m xxymvpz xlup9mm x1kky2od\"><img loading=\"lazy\" decoding=\"async\" src=\"https:\/\/static.xx.fbcdn.net\/images\/emoji.php\/v9\/t8e\/1\/16\/2139.png\" alt=\"\u2139\ufe0f\" width=\"16\" height=\"16\" \/><\/span> Cat\u00e1logo de cursos para realizar en octubre<\/div>\n<div dir=\"auto\"><span class=\"x3nfvp2 x1j61x8r x1fcty0u xdj266r xhhsvwb xat24cr xgzva0m xxymvpz xlup9mm x1kky2od\"><img loading=\"lazy\" decoding=\"async\" src=\"https:\/\/static.xx.fbcdn.net\/images\/emoji.php\/v9\/tff\/1\/16\/1f4c6.png\" alt=\"?\" width=\"16\" height=\"16\" \/><\/span> Solicitud a trav\u00e9s de la publicaci\u00f3n digital o del tel\u00e9fono 900 70 66 70 del <span class=\"x3nfvp2 x1j61x8r x1fcty0u xdj266r xhhsvwb xat24cr xgzva0m xxymvpz xlup9mm x1kky2od\"><img loading=\"lazy\" decoding=\"async\" src=\"https:\/\/static.xx.fbcdn.net\/images\/emoji.php\/v9\/t7a\/1\/16\/31_20e3.png\" alt=\"1\u20e3\" width=\"16\" height=\"16\" \/><\/span> al <span class=\"x3nfvp2 x1j61x8r x1fcty0u xdj266r xhhsvwb xat24cr xgzva0m xxymvpz xlup9mm x1kky2od\"><img loading=\"lazy\" decoding=\"async\" src=\"https:\/\/static.xx.fbcdn.net\/images\/emoji.php\/v9\/t7a\/1\/16\/31_20e3.png\" alt=\"1\u20e3\" width=\"16\" height=\"16\" \/><\/span><span class=\"x3nfvp2 x1j61x8r x1fcty0u xdj266r xhhsvwb xat24cr xgzva0m xxymvpz xlup9mm x1kky2od\"><img loading=\"lazy\" decoding=\"async\" src=\"https:\/\/static.xx.fbcdn.net\/images\/emoji.php\/v9\/tf6\/1\/16\/35_20e3.png\" alt=\"5\u20e3\" width=\"16\" height=\"16\" \/><\/span>de septiembre<\/div>\n<div dir=\"auto\"><span class=\"x3nfvp2 x1j61x8r x1fcty0u xdj266r xhhsvwb xat24cr xgzva0m xxymvpz xlup9mm x1kky2od\"><img loading=\"lazy\" decoding=\"async\" src=\"https:\/\/static.xx.fbcdn.net\/images\/emoji.php\/v9\/tbd\/1\/16\/1f4a2.png\" alt=\"?\" width=\"16\" height=\"16\" \/><\/span> <a class=\"x1i10hfl xjbqb8w x6umtig x1b1mbwd xaqea5y xav7gou x9f619 x1ypdohk xt0psk2 xe8uvvx xdj266r x11i5rnm xat24cr x1mh8g0r xexx8yu x4uap5 x18d9i69 xkhd6sd x16tdsg8 x1hl2dhg xggy1nq x1a2a7pz xt0b8zv x1fey0fg\" role=\"link\" href=\"https:\/\/l.facebook.com\/l.php?u=https%3A%2F%2Fprogramaiaap.asturias.es%2F%3Ffbclid%3DIwAR0Pb126FfADrUx3veT8yyMBExp9vp75dI38Q4ezVrIM5hmIWonXLqcdEBk&amp;h=AT3p7rH5_-pPuosCZfDJSFlBpcHRFRo1kEphXSRyv76wiQBf3HEYJ4MCffJyivy7Aq5HDKbCR6UPVmoysBWTgaNGT5v5CX5wQ81j_VtpljI7RsYeXaP9F3xKF-yVkMofRQ&amp;__tn__=-UK-y-R&amp;c[0]=AT30fVVYNJHXVAH9KaOw7uQA0r8Len0ptTEyQd6xvt7eJolEATD8pnnmX1Z5WieRaguE_71HI7yIGRz6IA_whTsOmcSR7sG0akI8ESuA3mfptVVQnSLl2oKKiaNPwr8KGKlwRP6JmbRY5nL8-XbSuDly5ocpOmRMc4U8sfjGXKN4HwEG0xxmFMjpIFZNFKwb2HVnoNlovsVhVGjAxJbISEQFlNh3FgTKV7_vcP4\" target=\"_blank\" rel=\"nofollow noopener noreferrer\">https:\/\/programaiaap.asturias.es<\/a><\/div>\n<\/div>\n<\/div>\n<\/div>\n<\/div>\n<\/div>\n<\/div>\n","protected":false},"excerpt":{"rendered":"<p>Publicaci\u00f3n Digital de septiembre de 2023 Cat\u00e1logo de cursos para realizar en octubre Solicitud a trav\u00e9s de la publicaci\u00f3n digital o del tel\u00e9fono 900 70 66 70 del al de septiembre https:\/\/programaiaap.asturias.es<\/p>\n","protected":false},"author":117,"featured_media":0,"parent":5523,"menu_order":0,"comment_status":"closed","ping_status":"closed","template":"","meta":{"footnotes":""},"class_list":["post-5703","page","type-page","status-publish","hentry","post-preview"],"_links":{"self":[{"href":"https:\/\/edublog.educastur.es\/corredoria3\/wp-json\/wp\/v2\/pages\/5703","targetHints":{"allow":["GET"]}}],"collection":[{"href":"https:\/\/edublog.educastur.es\/corredoria3\/wp-json\/wp\/v2\/pages"}],"about":[{"href":"https:\/\/edublog.educastur.es\/corredoria3\/wp-json\/wp\/v2\/types\/page"}],"author":[{"embeddable":true,"href":"https:\/\/edublog.educastur.es\/corredoria3\/wp-json\/wp\/v2\/users\/117"}],"replies":[{"embeddable":true,"href":"https:\/\/edublog.educastur.es\/corredoria3\/wp-json\/wp\/v2\/comments?post=5703"}],"version-history":[{"count":4,"href":"https:\/\/edublog.educastur.es\/corredoria3\/wp-json\/wp\/v2\/pages\/5703\/revisions"}],"predecessor-version":[{"id":5708,"href":"https:\/\/edublog.educastur.es\/corredoria3\/wp-json\/wp\/v2\/pages\/5703\/revisions\/5708"}],"up":[{"embeddable":true,"href":"https:\/\/edublog.educastur.es\/corredoria3\/wp-json\/wp\/v2\/pages\/5523"}],"wp:attachment":[{"href":"https:\/\/edublog.educastur.es\/corredoria3\/wp-json\/wp\/v2\/media?parent=5703"}],"curies":[{"name":"wp","href":"https:\/\/api.w.org\/{rel}","templated":true}]}}