{"id":788,"date":"2020-08-23T15:33:14","date_gmt":"2020-08-23T14:33:14","guid":{"rendered":"https:\/\/edublog.educastur.es\/corredoria3\/?page_id=788"},"modified":"2021-08-14T12:45:07","modified_gmt":"2021-08-14T10:45:07","slug":"educastur-tv","status":"publish","type":"page","link":"https:\/\/edublog.educastur.es\/corredoria3\/educastur\/educastur-tv\/","title":{"rendered":"Educastur TV"},"content":{"rendered":"<div class=\"post-header\">\n<h1 class=\"post-title entry-title\" style=\"text-align: center\"><em>Aprende con TPA<\/em><\/h1>\n<p style=\"text-align: center\"><img loading=\"lazy\" decoding=\"async\" class=\"alignnone size-full\" src=\"https:\/\/edublog.educastur.es\/corredoria3\/files\/2020\/08\/aprendeTPA-300x128-1.jpg\" width=\"300\" height=\"128\" \/><\/p>\n<\/div>\n<div class=\"post-content entry-content\">\n<p><a href=\"https:\/\/www.rtpa.es\/video:Aprende%20con%20TPA_551585957797.html\" target=\"_blank\" rel=\"noopener noreferrer\"><i><u>P\u00e1xina<\/u><\/i><\/a><\/p>\n<h3><span style=\"font-size: 14pt\"><i>TPA pone en marcha el espacio <span style=\"color: #008080\"><b>Aprende con TPA<\/b><\/span>, en el que se incluye el programa\u00a0 Educastur TV, impulsado por la Consejer\u00eda de Educaci\u00f3n, en colaboraci\u00f3n con RTPA, as\u00ed como los programas de Presta Asgaya,\u00a0 Dicires y F\u00e1lame.<\/i><a href=\"https:\/\/www.google.com\/maps\/d\/viewer?mid=1MbPRhiS9O2pyR-A3_8SAxLiaWnv85blB&amp;ll=42.960630201209824%2C-6.110504864354082&amp;z=8\" target=\"_blank\" rel=\"noopener noreferrer\">Ver ruta Educastur TV <\/a><\/span><\/h3>\n<p>&nbsp;<\/p>\n<ul>\n<li><a href=\"https:\/\/www.rtpa.es\/video:Aprende%20con%20TPA_551585957797.html\" target=\"_blank\" rel=\"noopener noreferrer\"><b>\u00a0Cap\u00edtulo 1<\/b>)\u00a0 Viernes 3 abril 2020 <\/a><\/li>\n<li><a href=\"https:\/\/www.rtpa.es\/video:Aprende%20con%20TPA_551586226696.html\" target=\"_blank\" rel=\"noopener noreferrer\"><b>\u00a0Cap\u00edtulo 2<\/b>)\u00a0 Lunes 6\u00a0 abril 2020 <\/a><\/li>\n<li><a href=\"https:\/\/www.rtpa.es\/video:Aprende%20con%20TPA_551586300292.html\" target=\"_blank\" rel=\"noopener noreferrer\"><b>\u00a0Cap\u00edtulo 3<\/b>)\u00a0 Martes 7 abril 2020 <\/a><\/li>\n<li><a href=\"https:\/\/www.rtpa.es\/video:Aprende%20con%20TPA_551586386402.html\" target=\"_blank\" rel=\"noopener noreferrer\"><b>\u00a0Cap\u00edtulo 4<\/b>)\u00a0 Mi\u00e9rcoles 8\u00a0 abril 2020<\/a><\/li>\n<li><a href=\"https:\/\/www.rtpa.es\/video:Aprende%20con%20TPA_551586818862.html\" target=\"_blank\" rel=\"noopener noreferrer\"><b>\u00a0Cap\u00edtulo 5<\/b>)\u00a0 Lunes 13\u00a0 abril 2020<\/a><\/li>\n<li><a href=\"https:\/\/www.rtpa.es\/video:Aprende%20con%20TPA_551586905108.html\" target=\"_blank\" rel=\"noopener noreferrer\"><b>\u00a0Cap\u00edtulo 6<\/b>)\u00a0 Martes 14\u00a0 abril 2020<\/a><\/li>\n<li><a href=\"https:\/\/www.rtpa.es\/video:Aprende%20con%20TPA_551586991575.html\" target=\"_blank\" rel=\"noopener noreferrer\"><b>\u00a0Cap\u00edtulo 7<\/b>)\u00a0 Mi\u00e9rcoles 15\u00a0 abril 2020<\/a><\/li>\n<li><a href=\"https:\/\/www.rtpa.es\/video:Aprende%20con%20TPA_551587076998.html\" target=\"_blank\" rel=\"noopener noreferrer\"><b>\u00a0Cap\u00edtulo 8<\/b>)\u00a0 Jueves 16\u00a0 abril 2020<\/a><\/li>\n<li><a href=\"https:\/\/www.rtpa.es\/video:Aprende%20con%20TPA_551587163603.html\" target=\"_blank\" rel=\"noopener noreferrer\"><b>\u00a0Cap\u00edtulo 9<\/b>)\u00a0 Viernes 17\u00a0 abril 2020<\/a><\/li>\n<li><a href=\"https:\/\/www.rtpa.es\/video:Aprende%20con%20TPA_551587422483.html\" target=\"_blank\" rel=\"noopener noreferrer\"><b>\u00a0Cap\u00edtulo 1<\/b>0)\u00a0 Lunes 20\u00a0 abril 2020<\/a><\/li>\n<li><a href=\"https:\/\/www.rtpa.es\/video:Aprende%20con%20TPA_551587509676.html\" target=\"_blank\" rel=\"noopener noreferrer\"><b>\u00a0Cap\u00edtulo 1<\/b>1)\u00a0 Martes 21 abril 2020<\/a><\/li>\n<li><a href=\"https:\/\/www.rtpa.es\/video:Aprende%20con%20TPA_551587596524.html\" target=\"_blank\" rel=\"noopener noreferrer\"><b>\u00a0Cap\u00edtulo 1<\/b>2)\u00a0 Mi\u00e9rcoles 22\u00a0 abril 2020<\/a><\/li>\n<li><a href=\"https:\/\/www.rtpa.es\/video:Aprende%20con%20TPA_551588173219.html\" target=\"_blank\" rel=\"noopener noreferrer\"><b>\u00a0Cap\u00edtulo 13<\/b>)\u00a0 Viernes 24\u00a0 abril 2020<\/a><\/li>\n<li><a href=\"https:\/\/www.rtpa.es\/video:Aprende%20con%20TPA_551588028978.html\" target=\"_blank\" rel=\"noopener noreferrer\"><b>\u00a0Cap\u00edtulo 1<\/b>4)\u00a0 Lunes 27\u00a0 abril 2020<\/a><\/li>\n<li><a href=\"https:\/\/www.rtpa.es\/video:Aprende%20con%20TPA_551588114856.html\" target=\"_blank\" rel=\"noopener noreferrer\"><b>\u00a0Cap\u00edtulo 15<\/b>)\u00a0 Martes 28\u00a0 abril 2020<\/a><\/li>\n<li><a href=\"https:\/\/www.rtpa.es\/video:Aprende%20con%20TPA_551588201303.html\" target=\"_blank\" rel=\"noopener noreferrer\"><b>\u00a0Cap\u00edtulo 16<\/b>)\u00a0 Mi\u00e9rcoles 29\u00a0 abril 2020<\/a><\/li>\n<li><a href=\"https:\/\/www.rtpa.es\/video:Aprende%20con%20TPA_551588289036.html\" target=\"_blank\" rel=\"noopener noreferrer\"><b>\u00a0Cap\u00edtulo 1<\/b>7)\u00a0 Jueves 30\u00a0 abril 2020<\/a><\/li>\n<li><a href=\"https:\/\/www.rtpa.es\/video:Aprende%20con%20TPA_551588633966.html\" target=\"_blank\" rel=\"noopener noreferrer\"><b>\u00a0Cap\u00edtulo 18<\/b>)\u00a0 Lunes 4\u00a0 mayo 2020<\/a><\/li>\n<li><b>\u00a0<a href=\"https:\/\/www.rtpa.es\/video:Aprende%20con%20TPA_551588720021.html\" target=\"_blank\" rel=\"noopener noreferrer\">Cap\u00edtulo 19<\/a><\/b><a href=\"https:\/\/www.rtpa.es\/video:Aprende%20con%20TPA_551588720021.html\" target=\"_blank\" rel=\"noopener noreferrer\">)\u00a0 Martes 5 mayo 2020<\/a><\/li>\n<li><a href=\"https:\/\/www.rtpa.es\/video:Aprende%20con%20TPA_551588807222.html\" target=\"_blank\" rel=\"noopener noreferrer\"><b>\u00a0Cap\u00edtulo 20<\/b>)\u00a0 Mi\u00e9rcoles 6\u00a0 mayo 2020<\/a><\/li>\n<li><a href=\"https:\/\/www.rtpa.es\/video:Aprende%20con%20TPA_551588892005.html\" target=\"_blank\" rel=\"noopener noreferrer\"><b>Cap\u00edtulo 21) Jueves 7\u00a0\u00a0 mayo 2020 <\/b><\/a><\/li>\n<li>\u00a0<a href=\"https:\/\/www.rtpa.es\/video:Aprende%20con%20TPA_551588980147.html\" target=\"_blank\" rel=\"noopener noreferrer\"><b>Cap\u00edtulo 22) Viernes 8\u00a0\u00a0 mayo 2020 <\/b><\/a><\/li>\n<li>\u00a0<a href=\"https:\/\/www.rtpa.es\/video:Aprende%20con%20TPA_551589237517.html\" target=\"_blank\" rel=\"noopener noreferrer\"><b>Cap\u00edtulo 23) Lunes\u00a0 11\u00a0 mayo 2020 <\/b><\/a><\/li>\n<li>\u00a0<a href=\"https:\/\/www.rtpa.es\/video:Aprende%20con%20TPA_551589324082.html\" target=\"_blank\" rel=\"noopener noreferrer\"><b>Cap\u00edtulo 24) Martes\u00a0 12\u00a0 mayo 2020 <\/b><\/a><\/li>\n<li><a href=\"https:\/\/www.rtpa.es\/video:Aprende%20con%20TPA_551589410164.html\" target=\"_blank\" rel=\"noopener noreferrer\"><b>Cap\u00edtulo 25) Mi\u00e9rcoles 13\u00a0 mayo 2020 <\/b><\/a><\/li>\n<li>\u00a0<a href=\"https:\/\/www.rtpa.es\/video:Aprende%20con%20TPA_551589496595.html\" target=\"_blank\" rel=\"noopener noreferrer\"><b>Cap\u00edtulo 26) Jueves\u00a0 14\u00a0 mayo 2020 <\/b><\/a><\/li>\n<li><a href=\"https:\/\/www.rtpa.es\/video:Aprende%20con%20TPA_551589583021.html\" target=\"_blank\" rel=\"noopener noreferrer\"><b>Cap\u00edtulo 27) Viernes 15\u00a0 mayo 2020 <\/b><\/a><\/li>\n<li><a href=\"https:\/\/www.rtpa.es\/video:Aprende%20con%20TPA_551589842336.html\" target=\"_blank\" rel=\"noopener noreferrer\"><b>Cap\u00edtulo 28) Lunes 18\u00a0 mayo 2020 <\/b><\/a><\/li>\n<li><a href=\"https:\/\/www.rtpa.es\/video:Aprende%20con%20TPA_551589927776.html\" target=\"_blank\" rel=\"noopener noreferrer\"><b>Cap\u00edtulo 29) Martes 19\u00a0 mayo 2020 <\/b><\/a><\/li>\n<li><a href=\"https:\/\/www.rtpa.es\/video:Aprende%20con%20TPA_551590014516.html\" target=\"_blank\" rel=\"noopener noreferrer\"><b>Cap\u00edtulo 30) Mi\u00e9rcoles 20\u00a0 mayo 2020 <\/b><\/a><\/li>\n<li><a href=\"https:\/\/www.rtpa.es\/video:Aprende%20con%20TPA_551590101326.html\" target=\"_blank\" rel=\"noopener noreferrer\"><b>Cap\u00edtulo 31) Jueves\u00a0 21 mayo 2020 <\/b><\/a><\/li>\n<li><a href=\"https:\/\/www.rtpa.es\/video:Aprende%20con%20TPA_551590187323.html\" target=\"_blank\" rel=\"noopener noreferrer\"><b>Cap\u00edtulo 32) Viernes 22\u00a0 mayo 2020 <\/b><\/a><\/li>\n<li><a href=\"https:\/\/www.rtpa.es\/video:Aprende%20con%20TPA_551590446710.html\" target=\"_blank\" rel=\"noopener noreferrer\">Cap\u00edtulo 33) Lunes 25\u00a0 mayo 2020<\/a><\/li>\n<li><a href=\"https:\/\/www.rtpa.es\/video:Aprende%20con%20TPA_551590532387.html\" target=\"_blank\" rel=\"noopener noreferrer\">Cap\u00edtulo 34) Martes 26\u00a0 mayo 2020<\/a><\/li>\n<li><a href=\"https:\/\/www.rtpa.es\/video:Aprende%20con%20TPA_551590619654.html\" target=\"_blank\" rel=\"noopener noreferrer\">Cap\u00edtulo 35) Mi\u00e9rcoles 27\u00a0 mayo 2020<\/a><\/li>\n<li><a href=\"https:\/\/www.rtpa.es\/video:Aprende%20con%20TPA_551590707884.html\" target=\"_blank\" rel=\"noopener noreferrer\">Cap\u00edtulo 36) Jueves 28\u00a0 mayo 2020<\/a><\/li>\n<li><a href=\"https:\/\/www.rtpa.es\/video:Aprende%20con%20TPA_551590792592.html\" target=\"_blank\" rel=\"noopener noreferrer\">Cap\u00edtulo 37) Viernes 29\u00a0 mayo 2020<\/a><\/li>\n<li><a href=\"https:\/\/www.rtpa.es\/video:Aprende%20con%20TPA_551591051540.html\" target=\"_blank\" rel=\"noopener noreferrer\">Cap\u00edtulo 38) Lunes 1\u00a0 junio 2020 <\/a><\/li>\n<li><a href=\"https:\/\/www.rtpa.es\/video:Aprende%20con%20TPA_551591137591.html\" target=\"_blank\" rel=\"noopener noreferrer\">Cap\u00edtulo 39) Martes 2 Junio 2020<\/a><\/li>\n<li><a href=\"https:\/\/www.rtpa.es\/video:Aprende%20con%20TPA_551591137591.html\" target=\"_blank\" rel=\"noopener noreferrer\">Cap\u00edtulo 40) Mi\u00e9rcoles 3 Junio 2020<\/a><\/li>\n<li><a href=\"https:\/\/www.rtpa.es\/video:Aprende%20con%20TPA_551591311161.html\" target=\"_blank\" rel=\"noopener noreferrer\">Cap\u00edtulo 41) Jueves 4\u00a0 junio 2020<\/a><\/li>\n<li><a href=\"https:\/\/www.rtpa.es\/video:Aprende%20con%20TPA_551591396573.html\" target=\"_blank\" rel=\"noopener noreferrer\">Cap\u00edtulo 42) Viernes 5\u00a0 junio 2020<\/a><\/li>\n<li><a href=\"https:\/\/www.rtpa.es\/video:Aprende%20con%20TPA_551591657577.html\" target=\"_blank\" rel=\"noopener noreferrer\"><b>Cap\u00edtulo 43) Lunes 8\u00a0 junio 2020 <\/b><\/a><\/li>\n<li><a href=\"https:\/\/www.rtpa.es\/video:Aprende%20con%20TPA_551591744251.html\" target=\"_blank\" rel=\"noopener noreferrer\"><b>Cap\u00edtulo 44) Martes 9\u00a0 junio 2020 <\/b><\/a><\/li>\n<li><a href=\"https:\/\/www.rtpa.es\/video:Aprende%20con%20TPA_551591830308.html\" target=\"_blank\" rel=\"noopener noreferrer\"><b>Cap\u00edtulo 45) Mi\u00e9rcoles\u00a0 10 junio 2020 <\/b><\/a><\/li>\n<li><a href=\"https:\/\/www.rtpa.es\/video:Aprende%20con%20TPA_551591916309.html\" target=\"_blank\" rel=\"noopener noreferrer\"><b>Cap\u00edtulo 46) Jueves\u00a0 11\u00a0 junio 2020 <\/b><\/a><\/li>\n<li><a href=\"https:\/\/www.rtpa.es\/video:Aprende%20con%20TPA_551592002112.html\" target=\"_blank\" rel=\"noopener noreferrer\"><b>Cap\u00edtulo 47) Viernes 12\u00a0 junio 2020 <\/b><\/a><\/li>\n<\/ul>\n<p>&nbsp;<\/p>\n<p>&nbsp;<\/p>\n<\/div>\n","protected":false},"excerpt":{"rendered":"<p>Aprende con TPA P\u00e1xina TPA pone en marcha el espacio Aprende con TPA, en el que se incluye el programa\u00a0 Educastur TV, impulsado por la Consejer\u00eda de Educaci\u00f3n, en colaboraci\u00f3n con RTPA, as\u00ed como los programas de Presta Asgaya,\u00a0 Dicires y F\u00e1lame.Ver ruta Educastur TV &nbsp; \u00a0Cap\u00edtulo 1)\u00a0 Viernes 3 abril 2020 \u00a0Cap\u00edtulo 2)\u00a0 Lunes [&hellip;]<\/p>\n","protected":false},"author":117,"featured_media":0,"parent":352,"menu_order":0,"comment_status":"closed","ping_status":"closed","template":"","meta":{"footnotes":""},"class_list":["post-788","page","type-page","status-publish","hentry","post-preview"],"_links":{"self":[{"href":"https:\/\/edublog.educastur.es\/corredoria3\/wp-json\/wp\/v2\/pages\/788","targetHints":{"allow":["GET"]}}],"collection":[{"href":"https:\/\/edublog.educastur.es\/corredoria3\/wp-json\/wp\/v2\/pages"}],"about":[{"href":"https:\/\/edublog.educastur.es\/corredoria3\/wp-json\/wp\/v2\/types\/page"}],"author":[{"embeddable":true,"href":"https:\/\/edublog.educastur.es\/corredoria3\/wp-json\/wp\/v2\/users\/117"}],"replies":[{"embeddable":true,"href":"https:\/\/edublog.educastur.es\/corredoria3\/wp-json\/wp\/v2\/comments?post=788"}],"version-history":[{"count":5,"href":"https:\/\/edublog.educastur.es\/corredoria3\/wp-json\/wp\/v2\/pages\/788\/revisions"}],"predecessor-version":[{"id":4644,"href":"https:\/\/edublog.educastur.es\/corredoria3\/wp-json\/wp\/v2\/pages\/788\/revisions\/4644"}],"up":[{"embeddable":true,"href":"https:\/\/edublog.educastur.es\/corredoria3\/wp-json\/wp\/v2\/pages\/352"}],"wp:attachment":[{"href":"https:\/\/edublog.educastur.es\/corredoria3\/wp-json\/wp\/v2\/media?parent=788"}],"curies":[{"name":"wp","href":"https:\/\/api.w.org\/{rel}","templated":true}]}}