{"id":804,"date":"2020-08-24T10:26:20","date_gmt":"2020-08-24T09:26:20","guid":{"rendered":"https:\/\/edublog.educastur.es\/corredoria3\/?page_id=804"},"modified":"2020-10-19T04:20:03","modified_gmt":"2020-10-19T02:20:03","slug":"tarea","status":"publish","type":"page","link":"https:\/\/edublog.educastur.es\/corredoria3\/intranet-profes\/tarea\/","title":{"rendered":"Accesos carpetas"},"content":{"rendered":"<p><a href=\"https:\/\/edublog.educastur.es\/corredoria3\/colegio\/e-infantil\/\"><img loading=\"lazy\" decoding=\"async\" class=\" wp-image-383 alignleft\" src=\"http:\/\/edublog.educastur.es\/corredoria3\/files\/2020\/08\/29_infantil-300x246.png\" alt=\"\" width=\"100\" height=\"82\" srcset=\"https:\/\/edublog.educastur.es\/corredoria3\/files\/2020\/08\/29_infantil-300x246.png 300w, https:\/\/edublog.educastur.es\/corredoria3\/files\/2020\/08\/29_infantil.png 424w\" sizes=\"auto, (max-width: 100px) 100vw, 100px\" \/><\/a> \u00a0\u00a0 <a href=\"https:\/\/edublog.educastur.es\/corredoria3\/3-anos\/\"><img loading=\"lazy\" decoding=\"async\" class=\" wp-image-380 alignleft\" src=\"http:\/\/edublog.educastur.es\/corredoria3\/files\/2020\/08\/26_tresanos-300x246.png\" alt=\"\" width=\"100\" height=\"82\" srcset=\"https:\/\/edublog.educastur.es\/corredoria3\/files\/2020\/08\/26_tresanos-300x246.png 300w, https:\/\/edublog.educastur.es\/corredoria3\/files\/2020\/08\/26_tresanos.png 424w\" sizes=\"auto, (max-width: 100px) 100vw, 100px\" \/><\/a> \u00a0 \u00a0 <a href=\"https:\/\/edublog.educastur.es\/corredoria3\/4-anos\/\"><img loading=\"lazy\" decoding=\"async\" class=\" wp-image-381 alignleft\" src=\"http:\/\/edublog.educastur.es\/corredoria3\/files\/2020\/08\/27_cuatroanos-300x246.png\" alt=\"\" width=\"100\" height=\"82\" srcset=\"https:\/\/edublog.educastur.es\/corredoria3\/files\/2020\/08\/27_cuatroanos-300x246.png 300w, https:\/\/edublog.educastur.es\/corredoria3\/files\/2020\/08\/27_cuatroanos.png 424w\" sizes=\"auto, (max-width: 100px) 100vw, 100px\" \/><\/a>\u00a0\u00a0 \u00a0\u00a0\u00a0\u00a0\u00a0\u00a0\u00a0 \u00a0\u00a0 \u00a0 \u00a0 <a href=\"https:\/\/edublog.educastur.es\/corredoria3\/5-anos\/\"><img loading=\"lazy\" decoding=\"async\" class=\" wp-image-382 alignleft\" src=\"http:\/\/edublog.educastur.es\/corredoria3\/files\/2020\/08\/28_cincoanos-300x246.png\" alt=\"\" width=\"100\" height=\"82\" srcset=\"https:\/\/edublog.educastur.es\/corredoria3\/files\/2020\/08\/28_cincoanos-300x246.png 300w, https:\/\/edublog.educastur.es\/corredoria3\/files\/2020\/08\/28_cincoanos.png 424w\" sizes=\"auto, (max-width: 100px) 100vw, 100px\" \/><\/a><\/p>\n<p>&nbsp;<\/p>\n<p>&nbsp;<\/p>\n<p><strong><span style=\"font-size: 18pt\"><em><span style=\"color: #008080\">Especialistas <\/span><\/em><\/span><\/strong><\/p>\n<p><a href=\"https:\/\/edublog.educastur.es\/corredoria3\/5-anos\/0-ingles\/\"><img loading=\"lazy\" decoding=\"async\" class=\"wp-image-365 alignleft\" src=\"http:\/\/edublog.educastur.es\/corredoria3\/files\/2020\/08\/05_ingles-300x258.png\" alt=\"\" width=\"100\" height=\"86\" srcset=\"https:\/\/edublog.educastur.es\/corredoria3\/files\/2020\/08\/05_ingles-300x258.png 300w, https:\/\/edublog.educastur.es\/corredoria3\/files\/2020\/08\/05_ingles.png 424w\" sizes=\"auto, (max-width: 100px) 100vw, 100px\" \/><\/a> <a href=\"https:\/\/edublog.educastur.es\/corredoria3\/5-anos\/10-p-t-recursos\/\"><img loading=\"lazy\" decoding=\"async\" class=\"wp-image-372 alignleft\" src=\"http:\/\/edublog.educastur.es\/corredoria3\/files\/2020\/08\/12_pt-300x256.png\" alt=\"\" width=\"100\" height=\"85\" srcset=\"https:\/\/edublog.educastur.es\/corredoria3\/files\/2020\/08\/12_pt-300x256.png 300w, https:\/\/edublog.educastur.es\/corredoria3\/files\/2020\/08\/12_pt.png 425w\" sizes=\"auto, (max-width: 100px) 100vw, 100px\" \/><\/a> <a href=\"https:\/\/edublog.educastur.es\/corredoria3\/5-anos\/11-a-l-recursos-logopedia\/\"><img loading=\"lazy\" decoding=\"async\" class=\"wp-image-373 alignleft\" src=\"http:\/\/edublog.educastur.es\/corredoria3\/files\/2020\/08\/13_al-300x256.png\" alt=\"\" width=\"100\" height=\"85\" srcset=\"https:\/\/edublog.educastur.es\/corredoria3\/files\/2020\/08\/13_al-300x256.png 300w, https:\/\/edublog.educastur.es\/corredoria3\/files\/2020\/08\/13_al.png 425w\" sizes=\"auto, (max-width: 100px) 100vw, 100px\" \/><\/a><a href=\"https:\/\/edublog.educastur.es\/corredoria3\/5-anos\/13-religion\/\"><img loading=\"lazy\" decoding=\"async\" class=\"wp-image-370 alignleft\" src=\"http:\/\/edublog.educastur.es\/corredoria3\/files\/2020\/08\/10_religion-300x257.png\" alt=\"\" width=\"100\" height=\"86\" srcset=\"https:\/\/edublog.educastur.es\/corredoria3\/files\/2020\/08\/10_religion-300x257.png 300w, https:\/\/edublog.educastur.es\/corredoria3\/files\/2020\/08\/10_religion.png 416w\" sizes=\"auto, (max-width: 100px) 100vw, 100px\" \/><\/a><\/p>\n<p>&nbsp;<\/p>\n<p>&nbsp;<\/p>\n<p>&nbsp;<\/p>\n<hr \/>\n<p><em>\u00a0<\/em><\/p>\n<p><a href=\"https:\/\/edublog.educastur.es\/corredoria3\/colegio\/e-primaria\/\"><img loading=\"lazy\" decoding=\"async\" class=\"wp-image-384 alignleft\" src=\"http:\/\/edublog.educastur.es\/corredoria3\/files\/2020\/08\/30_primaria-300x246.png\" alt=\"\" width=\"100\" height=\"82\" srcset=\"https:\/\/edublog.educastur.es\/corredoria3\/files\/2020\/08\/30_primaria-300x246.png 300w, https:\/\/edublog.educastur.es\/corredoria3\/files\/2020\/08\/30_primaria.png 424w\" sizes=\"auto, (max-width: 100px) 100vw, 100px\" \/><\/a><a href=\"https:\/\/edublog.educastur.es\/corredoria3\/1o-pri\/\"><img loading=\"lazy\" decoding=\"async\" class=\" wp-image-374 alignleft\" src=\"http:\/\/edublog.educastur.es\/corredoria3\/files\/2020\/08\/20_primero-300x246.png\" alt=\"\" width=\"100\" height=\"82\" srcset=\"https:\/\/edublog.educastur.es\/corredoria3\/files\/2020\/08\/20_primero-300x246.png 300w, https:\/\/edublog.educastur.es\/corredoria3\/files\/2020\/08\/20_primero.png 424w\" sizes=\"auto, (max-width: 100px) 100vw, 100px\" \/><\/a> <a href=\"https:\/\/edublog.educastur.es\/corredoria3\/2o-pri\/\"><img loading=\"lazy\" decoding=\"async\" class=\" wp-image-375 alignleft\" src=\"http:\/\/edublog.educastur.es\/corredoria3\/files\/2020\/08\/21_segundo-300x246.png\" alt=\"\" width=\"100\" height=\"82\" srcset=\"https:\/\/edublog.educastur.es\/corredoria3\/files\/2020\/08\/21_segundo-300x246.png 300w, https:\/\/edublog.educastur.es\/corredoria3\/files\/2020\/08\/21_segundo.png 424w\" sizes=\"auto, (max-width: 100px) 100vw, 100px\" \/><\/a> <a href=\"https:\/\/edublog.educastur.es\/corredoria3\/3o-pri\/\"><img loading=\"lazy\" decoding=\"async\" class=\" wp-image-376 alignleft\" src=\"http:\/\/edublog.educastur.es\/corredoria3\/files\/2020\/08\/22_tercero-300x246.png\" alt=\"\" width=\"100\" height=\"82\" srcset=\"https:\/\/edublog.educastur.es\/corredoria3\/files\/2020\/08\/22_tercero-300x246.png 300w, https:\/\/edublog.educastur.es\/corredoria3\/files\/2020\/08\/22_tercero.png 424w\" sizes=\"auto, (max-width: 100px) 100vw, 100px\" \/><\/a><a href=\"https:\/\/edublog.educastur.es\/corredoria3\/4o-pri\/\"><img loading=\"lazy\" decoding=\"async\" class=\" wp-image-377 alignleft\" src=\"http:\/\/edublog.educastur.es\/corredoria3\/files\/2020\/08\/23_cuarto-300x246.png\" alt=\"\" width=\"100\" height=\"82\" srcset=\"https:\/\/edublog.educastur.es\/corredoria3\/files\/2020\/08\/23_cuarto-300x246.png 300w, https:\/\/edublog.educastur.es\/corredoria3\/files\/2020\/08\/23_cuarto.png 424w\" sizes=\"auto, (max-width: 100px) 100vw, 100px\" \/><\/a> <a href=\"https:\/\/edublog.educastur.es\/corredoria3\/5o-pri\/\"><img loading=\"lazy\" decoding=\"async\" class=\"wp-image-378 alignleft\" src=\"http:\/\/edublog.educastur.es\/corredoria3\/files\/2020\/08\/24_quinto-300x246.png\" alt=\"\" width=\"100\" height=\"82\" srcset=\"https:\/\/edublog.educastur.es\/corredoria3\/files\/2020\/08\/24_quinto-300x246.png 300w, https:\/\/edublog.educastur.es\/corredoria3\/files\/2020\/08\/24_quinto.png 424w\" sizes=\"auto, (max-width: 100px) 100vw, 100px\" \/><\/a> <a href=\"https:\/\/edublog.educastur.es\/corredoria3\/6o-pri\/\"><img loading=\"lazy\" decoding=\"async\" class=\" wp-image-379 alignleft\" src=\"http:\/\/edublog.educastur.es\/corredoria3\/files\/2020\/08\/25_sexto-300x246.png\" alt=\"\" width=\"100\" height=\"82\" srcset=\"https:\/\/edublog.educastur.es\/corredoria3\/files\/2020\/08\/25_sexto-300x246.png 300w, https:\/\/edublog.educastur.es\/corredoria3\/files\/2020\/08\/25_sexto.png 424w\" sizes=\"auto, (max-width: 100px) 100vw, 100px\" \/><\/a><\/p>\n<p>&nbsp;<\/p>\n<p>&nbsp;<\/p>\n<p>&nbsp;<\/p>\n<p>&nbsp;<\/p>\n<hr \/>\n<p><strong><span style=\"color: #008080\"><em><span style=\"font-size: 18pt\">Especialistas<\/span><\/em><\/span><\/strong><\/p>\n<p><img loading=\"lazy\" decoding=\"async\" class=\"wp-image-361 alignleft\" src=\"http:\/\/edublog.educastur.es\/corredoria3\/files\/2020\/08\/01_lengua-300x258.png\" alt=\"\" width=\"100\" height=\"86\" srcset=\"https:\/\/edublog.educastur.es\/corredoria3\/files\/2020\/08\/01_lengua-300x258.png 300w, https:\/\/edublog.educastur.es\/corredoria3\/files\/2020\/08\/01_lengua.png 424w\" sizes=\"auto, (max-width: 100px) 100vw, 100px\" \/><img loading=\"lazy\" decoding=\"async\" class=\"wp-image-362 alignleft\" src=\"http:\/\/edublog.educastur.es\/corredoria3\/files\/2020\/08\/02_mates-300x257.png\" alt=\"\" width=\"100\" height=\"86\" srcset=\"https:\/\/edublog.educastur.es\/corredoria3\/files\/2020\/08\/02_mates-300x257.png 300w, https:\/\/edublog.educastur.es\/corredoria3\/files\/2020\/08\/02_mates.png 428w\" sizes=\"auto, (max-width: 100px) 100vw, 100px\" \/><img loading=\"lazy\" decoding=\"async\" class=\"wp-image-363 alignleft\" src=\"http:\/\/edublog.educastur.es\/corredoria3\/files\/2020\/08\/03_sociales-300x257.png\" alt=\"\" width=\"100\" height=\"86\" srcset=\"https:\/\/edublog.educastur.es\/corredoria3\/files\/2020\/08\/03_sociales-300x257.png 300w, https:\/\/edublog.educastur.es\/corredoria3\/files\/2020\/08\/03_sociales.png 424w\" sizes=\"auto, (max-width: 100px) 100vw, 100px\" \/><img loading=\"lazy\" decoding=\"async\" class=\"wp-image-364 alignleft\" src=\"http:\/\/edublog.educastur.es\/corredoria3\/files\/2020\/08\/04_naturales-300x256.png\" alt=\"\" width=\"100\" height=\"85\" srcset=\"https:\/\/edublog.educastur.es\/corredoria3\/files\/2020\/08\/04_naturales-300x256.png 300w, https:\/\/edublog.educastur.es\/corredoria3\/files\/2020\/08\/04_naturales.png 418w\" sizes=\"auto, (max-width: 100px) 100vw, 100px\" \/><\/p>\n<p><a href=\"https:\/\/edublog.educastur.es\/corredoria3\/ingles\/\"><img loading=\"lazy\" decoding=\"async\" class=\"wp-image-365 alignleft\" src=\"http:\/\/edublog.educastur.es\/corredoria3\/files\/2020\/08\/05_ingles-300x258.png\" alt=\"\" width=\"100\" height=\"86\" srcset=\"https:\/\/edublog.educastur.es\/corredoria3\/files\/2020\/08\/05_ingles-300x258.png 300w, https:\/\/edublog.educastur.es\/corredoria3\/files\/2020\/08\/05_ingles.png 424w\" sizes=\"auto, (max-width: 100px) 100vw, 100px\" \/><\/a><a href=\"https:\/\/edublog.educastur.es\/corredoria3\/llingua-asturiana\/\"><img loading=\"lazy\" decoding=\"async\" class=\"wp-image-366 alignleft\" src=\"http:\/\/edublog.educastur.es\/corredoria3\/files\/2020\/08\/06_llingua-300x256.png\" alt=\"\" width=\"100\" height=\"85\" srcset=\"https:\/\/edublog.educastur.es\/corredoria3\/files\/2020\/08\/06_llingua-300x256.png 300w, https:\/\/edublog.educastur.es\/corredoria3\/files\/2020\/08\/06_llingua.png 420w\" sizes=\"auto, (max-width: 100px) 100vw, 100px\" \/><\/a><img loading=\"lazy\" decoding=\"async\" class=\"wp-image-367 alignleft\" src=\"http:\/\/edublog.educastur.es\/corredoria3\/files\/2020\/08\/07_cultura-300x256.png\" alt=\"\" width=\"100\" height=\"85\" srcset=\"https:\/\/edublog.educastur.es\/corredoria3\/files\/2020\/08\/07_cultura-300x256.png 300w, https:\/\/edublog.educastur.es\/corredoria3\/files\/2020\/08\/07_cultura.png 406w\" sizes=\"auto, (max-width: 100px) 100vw, 100px\" \/><a href=\"https:\/\/edublog.educastur.es\/corredoria3\/musica\/\"><img loading=\"lazy\" decoding=\"async\" class=\"wp-image-368 alignleft\" src=\"http:\/\/edublog.educastur.es\/corredoria3\/files\/2020\/08\/08_musica-300x257.png\" alt=\"\" width=\"100\" height=\"86\" srcset=\"https:\/\/edublog.educastur.es\/corredoria3\/files\/2020\/08\/08_musica-300x257.png 300w, https:\/\/edublog.educastur.es\/corredoria3\/files\/2020\/08\/08_musica.png 416w\" sizes=\"auto, (max-width: 100px) 100vw, 100px\" \/><\/a><\/p>\n<p>&nbsp;<\/p>\n<p>&nbsp;<\/p>\n<p><a href=\"https:\/\/edublog.educastur.es\/corredoria3\/e-fisica\/\"><img loading=\"lazy\" decoding=\"async\" class=\"wp-image-369 alignleft\" src=\"http:\/\/edublog.educastur.es\/corredoria3\/files\/2020\/08\/09_efisica-300x256.png\" alt=\"\" width=\"100\" height=\"85\" srcset=\"https:\/\/edublog.educastur.es\/corredoria3\/files\/2020\/08\/09_efisica-300x256.png 300w, https:\/\/edublog.educastur.es\/corredoria3\/files\/2020\/08\/09_efisica.png 432w\" sizes=\"auto, (max-width: 100px) 100vw, 100px\" \/><\/a> <a href=\"https:\/\/edublog.educastur.es\/corredoria3\/p-t\/\"><img loading=\"lazy\" decoding=\"async\" class=\"wp-image-372 alignleft\" src=\"http:\/\/edublog.educastur.es\/corredoria3\/files\/2020\/08\/12_pt-300x256.png\" alt=\"\" width=\"100\" height=\"85\" srcset=\"https:\/\/edublog.educastur.es\/corredoria3\/files\/2020\/08\/12_pt-300x256.png 300w, https:\/\/edublog.educastur.es\/corredoria3\/files\/2020\/08\/12_pt.png 425w\" sizes=\"auto, (max-width: 100px) 100vw, 100px\" \/><\/a> <a href=\"https:\/\/edublog.educastur.es\/corredoria3\/a-l\/\"><img loading=\"lazy\" decoding=\"async\" class=\"wp-image-373 alignleft\" src=\"http:\/\/edublog.educastur.es\/corredoria3\/files\/2020\/08\/13_al-300x256.png\" alt=\"\" width=\"100\" height=\"85\" srcset=\"https:\/\/edublog.educastur.es\/corredoria3\/files\/2020\/08\/13_al-300x256.png 300w, https:\/\/edublog.educastur.es\/corredoria3\/files\/2020\/08\/13_al.png 425w\" sizes=\"auto, (max-width: 100px) 100vw, 100px\" \/><\/a><img loading=\"lazy\" decoding=\"async\" class=\"wp-image-371 alignleft\" src=\"http:\/\/edublog.educastur.es\/corredoria3\/files\/2020\/08\/11_valores-300x257.png\" alt=\"\" width=\"100\" height=\"86\" srcset=\"https:\/\/edublog.educastur.es\/corredoria3\/files\/2020\/08\/11_valores-300x257.png 300w, https:\/\/edublog.educastur.es\/corredoria3\/files\/2020\/08\/11_valores.png 416w\" sizes=\"auto, (max-width: 100px) 100vw, 100px\" \/><\/p>\n<p>&nbsp;<\/p>\n<p>&nbsp;<\/p>\n<p>&nbsp;<\/p>\n<p><em><span style=\"color: #800000;font-size: 18pt\"><strong>Im\u00e1genes de las carpetas para insertar en las p\u00e1ginas de este Cuaderno de Coordinaci\u00f3n docente&#8230;<\/strong><\/span><\/em><\/p>\n<p>&nbsp;<\/p>\n<p>&nbsp;<\/p>\n<p>&nbsp;<\/p>\n<p>&nbsp;<\/p>\n<p>&nbsp;<\/p>\n<p>&nbsp;<\/p>\n<p>&nbsp;<\/p>\n","protected":false},"excerpt":{"rendered":"<p>\u00a0\u00a0 \u00a0 \u00a0 \u00a0\u00a0 \u00a0\u00a0\u00a0\u00a0\u00a0\u00a0\u00a0 \u00a0\u00a0 \u00a0 \u00a0 &nbsp; &nbsp; Especialistas &nbsp; &nbsp; &nbsp; \u00a0 &nbsp; &nbsp; &nbsp; &nbsp; Especialistas &nbsp; &nbsp; &nbsp; &nbsp; &nbsp; Im\u00e1genes de las carpetas para insertar en las p\u00e1ginas de este Cuaderno de Coordinaci\u00f3n docente&#8230; &nbsp; &nbsp; &nbsp; &nbsp; &nbsp; &nbsp; &nbsp;<\/p>\n","protected":false},"author":117,"featured_media":0,"parent":834,"menu_order":40,"comment_status":"closed","ping_status":"closed","template":"","meta":{"footnotes":""},"class_list":["post-804","page","type-page","status-publish","hentry","post-preview"],"_links":{"self":[{"href":"https:\/\/edublog.educastur.es\/corredoria3\/wp-json\/wp\/v2\/pages\/804","targetHints":{"allow":["GET"]}}],"collection":[{"href":"https:\/\/edublog.educastur.es\/corredoria3\/wp-json\/wp\/v2\/pages"}],"about":[{"href":"https:\/\/edublog.educastur.es\/corredoria3\/wp-json\/wp\/v2\/types\/page"}],"author":[{"embeddable":true,"href":"https:\/\/edublog.educastur.es\/corredoria3\/wp-json\/wp\/v2\/users\/117"}],"replies":[{"embeddable":true,"href":"https:\/\/edublog.educastur.es\/corredoria3\/wp-json\/wp\/v2\/comments?post=804"}],"version-history":[{"count":13,"href":"https:\/\/edublog.educastur.es\/corredoria3\/wp-json\/wp\/v2\/pages\/804\/revisions"}],"predecessor-version":[{"id":1846,"href":"https:\/\/edublog.educastur.es\/corredoria3\/wp-json\/wp\/v2\/pages\/804\/revisions\/1846"}],"up":[{"embeddable":true,"href":"https:\/\/edublog.educastur.es\/corredoria3\/wp-json\/wp\/v2\/pages\/834"}],"wp:attachment":[{"href":"https:\/\/edublog.educastur.es\/corredoria3\/wp-json\/wp\/v2\/media?parent=804"}],"curies":[{"name":"wp","href":"https:\/\/api.w.org\/{rel}","templated":true}]}}