{"id":834,"date":"2020-08-25T12:46:35","date_gmt":"2020-08-25T11:46:35","guid":{"rendered":"https:\/\/edublog.educastur.es\/corredoria3\/?page_id=834"},"modified":"2021-09-04T10:17:39","modified_gmt":"2021-09-04T08:17:39","slug":"intranet-profes","status":"publish","type":"page","link":"https:\/\/edublog.educastur.es\/corredoria3\/intranet-profes\/","title":{"rendered":"Profes"},"content":{"rendered":"<p><a href=\"http:\/\/edublog.educastur.es\/corredoria3\/files\/2020\/10\/teclado.jpg\"><img loading=\"lazy\" decoding=\"async\" class=\"wp-image-1859 alignleft\" src=\"http:\/\/edublog.educastur.es\/corredoria3\/files\/2020\/10\/teclado.jpg\" alt=\"\" width=\"160\" height=\"120\" srcset=\"https:\/\/edublog.educastur.es\/corredoria3\/files\/2020\/10\/teclado.jpg 1024w, https:\/\/edublog.educastur.es\/corredoria3\/files\/2020\/10\/teclado-600x450.jpg 600w, https:\/\/edublog.educastur.es\/corredoria3\/files\/2020\/10\/teclado-300x225.jpg 300w, https:\/\/edublog.educastur.es\/corredoria3\/files\/2020\/10\/teclado-768x576.jpg 768w, https:\/\/edublog.educastur.es\/corredoria3\/files\/2020\/10\/teclado-676x507.jpg 676w\" sizes=\"auto, (max-width: 160px) 100vw, 160px\" \/><\/a><img loading=\"lazy\" decoding=\"async\" class=\"alignleft wp-image-797\" src=\"http:\/\/edublog.educastur.es\/corredoria3\/files\/2020\/08\/cloud_icon-icons.com_52471.png\" alt=\"\" width=\"98\" height=\"98\" \/><\/p>\n<p>&nbsp;<\/p>\n<p>&nbsp;<\/p>\n<p>&nbsp;<\/p>\n<p><span style=\"font-size: 18pt;color: #008080\"><em>En esta p\u00e1gina estar\u00e1n enlazados recursos de inter\u00e9s y <strong>tutoriales<\/strong> para el profesorado.\u00a0<\/em><\/span><\/p>\n<p>&nbsp;<\/p>\n<ul>\n<li><a href=\"https:\/\/educastur-my.sharepoint.com\/:i:\/g\/personal\/isabellh_educastur_org\/EZEYgWkafQhNlhqD0ewwAo0Bd6HZo27rLm9vbc7p_imZgQ?e=cfpW3Z\"><span style=\"font-size: 18pt\">Fondo de escritorio TABLETS con logo Cole<\/span><\/a><\/li>\n<li><a href=\"https:\/\/educastur-my.sharepoint.com\/:b:\/g\/personal\/isabellh_educastur_org\/EbesaIMEdWpAsU5D-4u3KvIBkzVTd77FnDVLKtr-TPehMQ?e=NOYxQB\"><span style=\"font-size: 18pt\">Plantilla para gestionar credenciales PROFES<\/span><\/a><\/li>\n<li><a href=\"https:\/\/educastur-my.sharepoint.com\/:b:\/g\/personal\/isabellh_educastur_org\/EQZpYGASWZZHmQsZ5Co0-jsBVYXSdp1NeXo8DdmGgvOmNg?e=MbjzQe\"><span style=\"font-size: 18pt\">P\u00f3ster acceso a WIFI en aulas<\/span><\/a><\/li>\n<\/ul>\n<hr \/>\n<p>&nbsp;<\/p>\n<p><a href=\"https:\/\/edublog.educastur.es\/wp-admin\/\"><img loading=\"lazy\" decoding=\"async\" class=\"alignnone \" src=\"https:\/\/i0.wp.com\/edublog.educastur.es\/wp-content\/uploads\/2020\/06\/cabecera-4-1250x416-1.jpg?resize=676%2C220&amp;ssl=1\" width=\"399\" height=\"130\" \/><\/a><\/p>\n<p><span style=\"font-size: 18pt\"><strong>TUTORIALES\u00a0 DE\u00a0 EDUBLOG <\/strong>(nuevo servicio de Blog de Educastur)<\/span><\/p>\n<ul>\n<li><span style=\"font-size: 18pt\"><a href=\"https:\/\/edublog.educastur.es\/\">Qu\u00e9 es <strong>EDUBLOG<\/strong><\/a><\/span><\/li>\n<li>\n<h3><span style=\"font-size: 18pt\"><a href=\"https:\/\/edublog.educastur.es\/wp-admin\/\" target=\"_blank\" rel=\"noopener noreferrer\">Accede a la administraci\u00f3n de tu blog (credenciales de Educastur)<\/a><\/span><\/h3>\n<\/li>\n<li><span style=\"font-size: 18pt;color: #800080\"><strong><em>Para acceder a la Plataforma EDUBLOG<\/em><\/strong><em> se necesitan las <\/em><strong><em>credenciales de Educastur!!<\/em><\/strong><\/span><\/li>\n<li><span style=\"font-size: 18pt\"><a href=\"https:\/\/edublog.educastur.es\/ayuda\/\"><strong>Ayuda: Videos de c\u00f3mo CREAR y gestionar un blog<\/strong><\/a><\/span><\/li>\n<li><span style=\"font-size: 18pt;color: #800080\"><em><strong>Para visualizar los Videos de AYUDA<\/strong> se necesitan las\u00a0<strong> credenciales de Microsoft Office 365!!<\/strong><\/em><\/span><\/li>\n<li><span style=\"font-size: 18pt\"><a href=\"https:\/\/edublog.educastur.es\/corredoria3\/\"><strong>CUADERNO DE COORDINACI\u00d3N DOCENTE<\/strong> para trabajar colaborativamente\u00a0<\/a><span style=\"color: #800080\"><strong>y de uso exclusivo para el profesorado del colegio Carmen Ruiz-Tilve.<\/strong><\/span><\/span><\/li>\n<li><span style=\"font-size: 18pt\"><span style=\"color: #800080\"><strong>Es importante no compartir la direcci\u00f3n web!!<\/strong><\/span><\/span><\/li>\n<li><span style=\"font-size: 18pt\"><span style=\"color: #800080\"> Est\u00e1 configurado para que no aparezca en buscadores web, a no ser que se sepa la URL.<br \/>\n<\/span><\/span><\/li>\n<li><span style=\"font-size: 18pt\"><a href=\"https:\/\/educastur-my.sharepoint.com\/:b:\/g\/personal\/isabellh_educastur_org\/EVaZnKB3GnpMrnELt4r_e-4BteDRCGOP2kdonu9tjnwgOA?e=t9YIv2\"><strong>Tutorial de c\u00f3mo crear un Blog<\/strong> (ISA)<\/a><\/span><\/li>\n<\/ul>\n<p><em><span style=\"font-size: 18pt;color: #800080\"><strong>Clic en la flecha superior derecha para ver en pantalla completa<\/strong><\/span><\/em><\/p>\n<p><span style=\"font-size: 18pt\">\n<!-- iframe plugin v.6.0 wordpress.org\/plugins\/iframe\/ -->\n<iframe loading=\"lazy\" src=\"https:\/\/drive.google.com\/file\/d\/1cGW3gL2L9yvP7O8cDvBmr2XoBEs-VdIU\/preview\" width=\"704\" height=\"980\" 0=\"\/iframe\" scrolling=\"yes\" class=\"iframe-class\" frameborder=\"0\"><\/iframe>\n<\/span><\/p>\n<ul>\n<li><span style=\"font-size: 18pt\"><a href=\"https:\/\/educastur-my.sharepoint.com\/:b:\/g\/personal\/isabellh_educastur_org\/ESgpfp7GJjVLjYc_G3drPnIBTPm3ebi6Os-wZt4ja_aFTA?e=U09mVK\"><strong>Tutorial de c\u00f3mo insertar CONTENIDOS<\/strong> con perfil EDITOR (ISA)<\/a><\/span><\/li>\n<\/ul>\n<p><span style=\"color: #800080\"><em><span style=\"font-size: 18pt\"><strong>Clic en la flecha superior derecha para ver en pantalla completa<\/strong><\/span><\/em><\/span><\/p>\n<p><span style=\"font-size: 18pt\">\n<!-- iframe plugin v.6.0 wordpress.org\/plugins\/iframe\/ -->\n<iframe loading=\"lazy\" src=\"https:\/\/drive.google.com\/file\/d\/1dsQ_R7ydSfzvV1OQOk6yd2oyMWxTj1v2\/preview\" width=\"704\" height=\"980\" 0=\"\/iframe\" scrolling=\"yes\" class=\"iframe-class\" frameborder=\"0\"><\/iframe>\n<\/span><\/p>\n<p><span style=\"font-size: 18pt\"><a href=\"http:\/\/edublog.educastur.es\/corredoria3\/files\/2020\/10\/codigow.jpg\"><img loading=\"lazy\" decoding=\"async\" class=\"aligncenter size-full wp-image-1498\" src=\"http:\/\/edublog.educastur.es\/corredoria3\/files\/2020\/10\/codigow.jpg\" alt=\"\" width=\"1422\" height=\"314\" srcset=\"https:\/\/edublog.educastur.es\/corredoria3\/files\/2020\/10\/codigow.jpg 1422w, https:\/\/edublog.educastur.es\/corredoria3\/files\/2020\/10\/codigow-600x132.jpg 600w, https:\/\/edublog.educastur.es\/corredoria3\/files\/2020\/10\/codigow-1024x226.jpg 1024w, https:\/\/edublog.educastur.es\/corredoria3\/files\/2020\/10\/codigow-300x66.jpg 300w, https:\/\/edublog.educastur.es\/corredoria3\/files\/2020\/10\/codigow-768x170.jpg 768w, https:\/\/edublog.educastur.es\/corredoria3\/files\/2020\/10\/codigow-676x149.jpg 676w\" sizes=\"auto, (max-width: 1422px) 100vw, 1422px\" \/><\/a><\/span><\/p>\n<p><span style=\"font-size: 18pt\"><strong><em>NOTA: <span style=\"color: #800080\">Este c\u00f3digo web est\u00e1 disponible para copiar, el que se necesite en concreto dependiendo del contenido a insertar (video \/ pdf\/sway&#8230;) al final de la p\u00e1gina.<\/span> <\/em><\/strong><em>Solo habr\u00eda que modificar, si se desea, los valores width (ancho) y height (alto) de los visores, calculando mayor\/menor proporcionalmente&#8230;<\/em><strong><em><br \/>\n<\/em><\/strong><\/span><\/p>\n<p><span style=\"font-size: 18pt\"><a href=\"http:\/\/edublog.educastur.es\/corredoria3\/files\/2020\/10\/codigo.jpg\"><img loading=\"lazy\" decoding=\"async\" class=\"aligncenter wp-image-1840\" src=\"http:\/\/edublog.educastur.es\/corredoria3\/files\/2020\/10\/codigo.jpg\" alt=\"\" width=\"233\" height=\"433\" srcset=\"https:\/\/edublog.educastur.es\/corredoria3\/files\/2020\/10\/codigo.jpg 578w, https:\/\/edublog.educastur.es\/corredoria3\/files\/2020\/10\/codigo-323x600.jpg 323w, https:\/\/edublog.educastur.es\/corredoria3\/files\/2020\/10\/codigo-551x1024.jpg 551w, https:\/\/edublog.educastur.es\/corredoria3\/files\/2020\/10\/codigo-161x300.jpg 161w\" sizes=\"auto, (max-width: 233px) 100vw, 233px\" \/><\/a><\/span><\/p>\n<p>&nbsp;<\/p>\n<div class=\"footer-inner section-inner group\">\n<div class=\"column column-3 left\">\n<div class=\"widgets\">\n<div id=\"custom_html-2\" class=\"widget_text widget widget_custom_html\"><\/div>\n<\/div>\n<\/div>\n<\/div>\n<p>&nbsp;<\/p>\n<p>&nbsp;<\/p>\n<div class=\"footer-inner section-inner group\">\n<div class=\"column column-3 left\">\n<div class=\"widgets\">\n<div id=\"custom_html-2\" class=\"widget_text widget widget_custom_html\"><\/div>\n<\/div>\n<\/div>\n<\/div>\n","protected":false},"excerpt":{"rendered":"<p>&nbsp; &nbsp; &nbsp; En esta p\u00e1gina estar\u00e1n enlazados recursos de inter\u00e9s y tutoriales para el profesorado.\u00a0 &nbsp; Fondo de escritorio TABLETS con logo Cole Plantilla para gestionar credenciales PROFES P\u00f3ster acceso a WIFI en aulas &nbsp; TUTORIALES\u00a0 DE\u00a0 EDUBLOG (nuevo servicio de Blog de Educastur) Qu\u00e9 es EDUBLOG Accede a la administraci\u00f3n de tu blog [&hellip;]<\/p>\n","protected":false},"author":117,"featured_media":0,"parent":0,"menu_order":29,"comment_status":"closed","ping_status":"closed","template":"","meta":{"footnotes":""},"class_list":["post-834","page","type-page","status-publish","hentry","post-preview"],"_links":{"self":[{"href":"https:\/\/edublog.educastur.es\/corredoria3\/wp-json\/wp\/v2\/pages\/834","targetHints":{"allow":["GET"]}}],"collection":[{"href":"https:\/\/edublog.educastur.es\/corredoria3\/wp-json\/wp\/v2\/pages"}],"about":[{"href":"https:\/\/edublog.educastur.es\/corredoria3\/wp-json\/wp\/v2\/types\/page"}],"author":[{"embeddable":true,"href":"https:\/\/edublog.educastur.es\/corredoria3\/wp-json\/wp\/v2\/users\/117"}],"replies":[{"embeddable":true,"href":"https:\/\/edublog.educastur.es\/corredoria3\/wp-json\/wp\/v2\/comments?post=834"}],"version-history":[{"count":21,"href":"https:\/\/edublog.educastur.es\/corredoria3\/wp-json\/wp\/v2\/pages\/834\/revisions"}],"predecessor-version":[{"id":1868,"href":"https:\/\/edublog.educastur.es\/corredoria3\/wp-json\/wp\/v2\/pages\/834\/revisions\/1868"}],"wp:attachment":[{"href":"https:\/\/edublog.educastur.es\/corredoria3\/wp-json\/wp\/v2\/media?parent=834"}],"curies":[{"name":"wp","href":"https:\/\/api.w.org\/{rel}","templated":true}]}}